{"id":3417,"date":"2026-01-14T22:48:06","date_gmt":"2026-01-14T20:48:06","guid":{"rendered":"https:\/\/carhub.gr\/ancient-thira-santorini\/"},"modified":"2026-01-14T22:54:21","modified_gmt":"2026-01-14T20:54:21","slug":"antica-thera-santorini","status":"publish","type":"page","link":"https:\/\/carhub.gr\/it\/antica-thera-santorini\/","title":{"rendered":"Antica Thera, Santorini"},"content":{"rendered":"<div class=\"wpb-content-wrapper\">[vc_row][vc_column][vc_column_text css=&#8221;&#8221;]\n<h1 class=\"western\" style=\"text-align: center;\"><span style=\"color: #000000;\"><span style=\"font-family: 'Source Sans Pro', Arial, sans-serif;\"><span style=\"font-size: xx-large;\">Antica Thera, Santorini<\/span><\/span><\/span><\/h1>\n<figure id=\"attachment_3409\" aria-describedby=\"caption-attachment-3409\" style=\"width: 300px\" class=\"wp-caption aligncenter\"><img loading=\"lazy\" decoding=\"async\" class=\"wp-image-3409 size-full\" src=\"https:\/\/carhub.gr\/wp-content\/uploads\/2026\/01\/31472612_10156679926590649_2393396793715982336_n-300x294-1.jpg\" alt=\"Antica Thera Santorini\" width=\"300\" height=\"294\" \/><figcaption id=\"caption-attachment-3409\" class=\"wp-caption-text\">(Sulla cima della montagna dell\u2019Antica Thera a Santorini)<\/figcaption><\/figure>\n<h2 style=\"text-align: center;\">Alcune informazioni sull\u2019Antica Thera a Santorini<\/h2>\n<p><span style=\"color: #000000;\"><span style=\"font-family: Arial, sans-serif;\"><span style=\"font-size: small;\">Dopo la completa distruzione di Akrotiri, l\u2019<a href=\"https:\/\/www.youtube.com\/watch?v=n_jeADP0C7I\" target=\"_blank\" rel=\"noopener noreferrer\">Antica Thera<\/a> di Santorini rimase disabitata fino all\u2019VIII secolo a.C., con poche eccezioni. In seguito arrivarono i coloni dorici provenienti da Sparta. Il loro capo era Thera, che diede il suo nome all\u2019isola. La citt\u00e0 fu costruita sul versante occidentale della montagna chiamata Mesa Vouno e divenne il centro urbano che controllava l\u2019intera isola. Grazie alla sua posizione naturalmente fortificata, la citt\u00e0 non aveva mura ed era collegata tramite una strada ai suoi due porti, Oia (oggi Kamari) ed Elefsina (oggi Perissa). Sono state rinvenute pochissime tracce della fase iniziale della citt\u00e0. Dopo il IV secolo a.C., la citt\u00e0 si svilupp\u00f2 sotto l\u2019influenza dei Tolomei, sovrani greci del regno d\u2019Egitto. Successivamente fu occupata dai Romani. La citt\u00e0 decadde dopo il III secolo d.C. e venne abbandonata dopo il IX secolo. Gli scavi condotti da archeologi tedeschi e greci iniziarono nel 1896.<\/span><\/span><\/span><\/p>\n<p><span style=\"color: #000000;\"><span style=\"font-family: Arial, sans-serif;\"><span style=\"font-size: small;\">Come arrivare: in <a href=\"http:\/\/carhub.gr\/\">auto<\/a> da Kamari, a piedi da Kamari (seguendo la strada oppure il sentiero verso Zoodohos Pigi \u2013 entrambi partono dallo stesso punto) oppure a piedi da Perissa (il sentiero \u00e8 ombreggiato quasi fino a mezzogiorno). La salita a piedi richiede pi\u00f9 di mezz\u2019ora.<\/span><\/span><\/span><\/p>\n<p style=\"text-align: left;\">Noleggiate quindi un\u2019auto a Santorini con CarHub.gr e visitate l\u2019Antica Thera a Santorini!<\/p>\n[\/vc_column_text][\/vc_column][\/vc_row]\n<\/div>","protected":false},"excerpt":{"rendered":"<p>[vc_row][vc_column][vc_column_text css=&#8221;&#8221;] Antica Thera, Santorini Alcune informazioni sull\u2019Antica Thera a Santorini Dopo la completa distruzione di Akrotiri, l\u2019Antica Thera di Santorini rimase disabitata fino all\u2019VIII secolo a.C., con poche eccezioni. In seguito arrivarono i coloni dorici provenienti da Sparta. Il loro capo era Thera, che diede il suo nome all\u2019isola. La citt\u00e0 fu costruita sul&hellip;<\/p>\n","protected":false},"author":2,"featured_media":0,"parent":0,"menu_order":0,"comment_status":"closed","ping_status":"closed","template":"templates\/no-sidebar.php","meta":{"footnotes":""},"class_list":["post-3417","page","type-page","status-publish","hentry","entry","no-media"],"yoast_head":"<!-- This site is optimized with the Yoast SEO plugin v27.2 - https:\/\/yoast.com\/product\/yoast-seo-wordpress\/ -->\n<title>Antica Thera, Santorini - Carhub<\/title>\n<meta name=\"robots\" content=\"index, follow, max-snippet:-1, max-image-preview:large, max-video-preview:-1\" \/>\n<link rel=\"canonical\" href=\"https:\/\/carhub.gr\/it\/antica-thera-santorini\/\" \/>\n<meta property=\"og:locale\" content=\"it_IT\" \/>\n<meta property=\"og:type\" content=\"article\" \/>\n<meta property=\"og:title\" content=\"Antica Thera, Santorini - Carhub\" \/>\n<meta property=\"og:description\" content=\"[vc_row][vc_column][vc_column_text css=&#8221;&#8221;] Antica Thera, Santorini Alcune informazioni sull\u2019Antica Thera a Santorini Dopo la completa distruzione di Akrotiri, l\u2019Antica Thera di Santorini rimase disabitata fino all\u2019VIII secolo a.C., con poche eccezioni. In seguito arrivarono i coloni dorici provenienti da Sparta. Il loro capo era Thera, che diede il suo nome all\u2019isola. La citt\u00e0 fu costruita sul&hellip;\" \/>\n<meta property=\"og:url\" content=\"https:\/\/carhub.gr\/it\/antica-thera-santorini\/\" \/>\n<meta property=\"og:site_name\" content=\"Carhub\" \/>\n<meta property=\"article:publisher\" content=\"https:\/\/www.facebook.com\/carhub.gr\/\" \/>\n<meta property=\"article:modified_time\" content=\"2026-01-14T20:54:21+00:00\" \/>\n<meta property=\"og:image\" content=\"https:\/\/carhub.gr\/wp-content\/uploads\/2026\/01\/31472612_10156679926590649_2393396793715982336_n-300x294-1.jpg\" \/>\n\t<meta property=\"og:image:width\" content=\"300\" \/>\n\t<meta property=\"og:image:height\" content=\"294\" \/>\n\t<meta property=\"og:image:type\" content=\"image\/jpeg\" \/>\n<meta name=\"twitter:card\" content=\"summary_large_image\" \/>\n<meta name=\"twitter:label1\" content=\"Tempo di lettura stimato\" \/>\n\t<meta name=\"twitter:data1\" content=\"2 minuti\" \/>\n<script type=\"application\/ld+json\" class=\"yoast-schema-graph\">{\"@context\":\"https:\/\/schema.org\",\"@graph\":[{\"@type\":\"WebPage\",\"@id\":\"https:\/\/carhub.gr\/it\/antica-thera-santorini\/\",\"url\":\"https:\/\/carhub.gr\/it\/antica-thera-santorini\/\",\"name\":\"Antica Thera, Santorini - Carhub\",\"isPartOf\":{\"@id\":\"https:\/\/carhub.gr\/it\/#website\"},\"primaryImageOfPage\":{\"@id\":\"https:\/\/carhub.gr\/it\/antica-thera-santorini\/#primaryimage\"},\"image\":{\"@id\":\"https:\/\/carhub.gr\/it\/antica-thera-santorini\/#primaryimage\"},\"thumbnailUrl\":\"https:\/\/carhub.gr\/wp-content\/uploads\/2026\/01\/31472612_10156679926590649_2393396793715982336_n-300x294-1.jpg\",\"datePublished\":\"2026-01-14T20:48:06+00:00\",\"dateModified\":\"2026-01-14T20:54:21+00:00\",\"breadcrumb\":{\"@id\":\"https:\/\/carhub.gr\/it\/antica-thera-santorini\/#breadcrumb\"},\"inLanguage\":\"it-IT\",\"potentialAction\":[{\"@type\":\"ReadAction\",\"target\":[\"https:\/\/carhub.gr\/it\/antica-thera-santorini\/\"]}]},{\"@type\":\"ImageObject\",\"inLanguage\":\"it-IT\",\"@id\":\"https:\/\/carhub.gr\/it\/antica-thera-santorini\/#primaryimage\",\"url\":\"https:\/\/carhub.gr\/wp-content\/uploads\/2026\/01\/31472612_10156679926590649_2393396793715982336_n-300x294-1.jpg\",\"contentUrl\":\"https:\/\/carhub.gr\/wp-content\/uploads\/2026\/01\/31472612_10156679926590649_2393396793715982336_n-300x294-1.jpg\"},{\"@type\":\"BreadcrumbList\",\"@id\":\"https:\/\/carhub.gr\/it\/antica-thera-santorini\/#breadcrumb\",\"itemListElement\":[{\"@type\":\"ListItem\",\"position\":1,\"name\":\"Home\",\"item\":\"https:\/\/carhub.gr\/it\/\"},{\"@type\":\"ListItem\",\"position\":2,\"name\":\"Antica Thera, Santorini\"}]},{\"@type\":\"WebSite\",\"@id\":\"https:\/\/carhub.gr\/it\/#website\",\"url\":\"https:\/\/carhub.gr\/it\/\",\"name\":\"Carhub\",\"description\":\"Rent a car Santorini - Santorini Car Hire\",\"publisher\":{\"@id\":\"https:\/\/carhub.gr\/it\/#organization\"},\"alternateName\":\"RENT A CAR SANTORINI - SANTORINI CAR RENTAL\",\"potentialAction\":[{\"@type\":\"SearchAction\",\"target\":{\"@type\":\"EntryPoint\",\"urlTemplate\":\"https:\/\/carhub.gr\/it\/?s={search_term_string}\"},\"query-input\":{\"@type\":\"PropertyValueSpecification\",\"valueRequired\":true,\"valueName\":\"search_term_string\"}}],\"inLanguage\":\"it-IT\"},{\"@type\":\"Organization\",\"@id\":\"https:\/\/carhub.gr\/it\/#organization\",\"name\":\"Carhub\",\"url\":\"https:\/\/carhub.gr\/it\/\",\"logo\":{\"@type\":\"ImageObject\",\"inLanguage\":\"it-IT\",\"@id\":\"https:\/\/carhub.gr\/it\/#\/schema\/logo\/image\/\",\"url\":\"https:\/\/carhub.gr\/wp-content\/uploads\/2025\/12\/logo-carhub-1.png\",\"contentUrl\":\"https:\/\/carhub.gr\/wp-content\/uploads\/2025\/12\/logo-carhub-1.png\",\"width\":182,\"height\":53,\"caption\":\"Carhub\"},\"image\":{\"@id\":\"https:\/\/carhub.gr\/it\/#\/schema\/logo\/image\/\"},\"sameAs\":[\"https:\/\/www.facebook.com\/carhub.gr\/\"]}]}<\/script>\n<!-- \/ Yoast SEO plugin. -->","yoast_head_json":{"title":"Antica Thera, Santorini - Carhub","robots":{"index":"index","follow":"follow","max-snippet":"max-snippet:-1","max-image-preview":"max-image-preview:large","max-video-preview":"max-video-preview:-1"},"canonical":"https:\/\/carhub.gr\/it\/antica-thera-santorini\/","og_locale":"it_IT","og_type":"article","og_title":"Antica Thera, Santorini - Carhub","og_description":"[vc_row][vc_column][vc_column_text css=&#8221;&#8221;] Antica Thera, Santorini Alcune informazioni sull\u2019Antica Thera a Santorini Dopo la completa distruzione di Akrotiri, l\u2019Antica Thera di Santorini rimase disabitata fino all\u2019VIII secolo a.C., con poche eccezioni. In seguito arrivarono i coloni dorici provenienti da Sparta. Il loro capo era Thera, che diede il suo nome all\u2019isola. La citt\u00e0 fu costruita sul&hellip;","og_url":"https:\/\/carhub.gr\/it\/antica-thera-santorini\/","og_site_name":"Carhub","article_publisher":"https:\/\/www.facebook.com\/carhub.gr\/","article_modified_time":"2026-01-14T20:54:21+00:00","og_image":[{"width":300,"height":294,"url":"https:\/\/carhub.gr\/wp-content\/uploads\/2026\/01\/31472612_10156679926590649_2393396793715982336_n-300x294-1.jpg","type":"image\/jpeg"}],"twitter_card":"summary_large_image","twitter_misc":{"Tempo di lettura stimato":"2 minuti"},"schema":{"@context":"https:\/\/schema.org","@graph":[{"@type":"WebPage","@id":"https:\/\/carhub.gr\/it\/antica-thera-santorini\/","url":"https:\/\/carhub.gr\/it\/antica-thera-santorini\/","name":"Antica Thera, Santorini - Carhub","isPartOf":{"@id":"https:\/\/carhub.gr\/it\/#website"},"primaryImageOfPage":{"@id":"https:\/\/carhub.gr\/it\/antica-thera-santorini\/#primaryimage"},"image":{"@id":"https:\/\/carhub.gr\/it\/antica-thera-santorini\/#primaryimage"},"thumbnailUrl":"https:\/\/carhub.gr\/wp-content\/uploads\/2026\/01\/31472612_10156679926590649_2393396793715982336_n-300x294-1.jpg","datePublished":"2026-01-14T20:48:06+00:00","dateModified":"2026-01-14T20:54:21+00:00","breadcrumb":{"@id":"https:\/\/carhub.gr\/it\/antica-thera-santorini\/#breadcrumb"},"inLanguage":"it-IT","potentialAction":[{"@type":"ReadAction","target":["https:\/\/carhub.gr\/it\/antica-thera-santorini\/"]}]},{"@type":"ImageObject","inLanguage":"it-IT","@id":"https:\/\/carhub.gr\/it\/antica-thera-santorini\/#primaryimage","url":"https:\/\/carhub.gr\/wp-content\/uploads\/2026\/01\/31472612_10156679926590649_2393396793715982336_n-300x294-1.jpg","contentUrl":"https:\/\/carhub.gr\/wp-content\/uploads\/2026\/01\/31472612_10156679926590649_2393396793715982336_n-300x294-1.jpg"},{"@type":"BreadcrumbList","@id":"https:\/\/carhub.gr\/it\/antica-thera-santorini\/#breadcrumb","itemListElement":[{"@type":"ListItem","position":1,"name":"Home","item":"https:\/\/carhub.gr\/it\/"},{"@type":"ListItem","position":2,"name":"Antica Thera, Santorini"}]},{"@type":"WebSite","@id":"https:\/\/carhub.gr\/it\/#website","url":"https:\/\/carhub.gr\/it\/","name":"Carhub","description":"Rent a car Santorini - Santorini Car Hire","publisher":{"@id":"https:\/\/carhub.gr\/it\/#organization"},"alternateName":"RENT A CAR SANTORINI - SANTORINI CAR RENTAL","potentialAction":[{"@type":"SearchAction","target":{"@type":"EntryPoint","urlTemplate":"https:\/\/carhub.gr\/it\/?s={search_term_string}"},"query-input":{"@type":"PropertyValueSpecification","valueRequired":true,"valueName":"search_term_string"}}],"inLanguage":"it-IT"},{"@type":"Organization","@id":"https:\/\/carhub.gr\/it\/#organization","name":"Carhub","url":"https:\/\/carhub.gr\/it\/","logo":{"@type":"ImageObject","inLanguage":"it-IT","@id":"https:\/\/carhub.gr\/it\/#\/schema\/logo\/image\/","url":"https:\/\/carhub.gr\/wp-content\/uploads\/2025\/12\/logo-carhub-1.png","contentUrl":"https:\/\/carhub.gr\/wp-content\/uploads\/2025\/12\/logo-carhub-1.png","width":182,"height":53,"caption":"Carhub"},"image":{"@id":"https:\/\/carhub.gr\/it\/#\/schema\/logo\/image\/"},"sameAs":["https:\/\/www.facebook.com\/carhub.gr\/"]}]}},"_links":{"self":[{"href":"https:\/\/carhub.gr\/it\/wp-json\/wp\/v2\/pages\/3417","targetHints":{"allow":["GET"]}}],"collection":[{"href":"https:\/\/carhub.gr\/it\/wp-json\/wp\/v2\/pages"}],"about":[{"href":"https:\/\/carhub.gr\/it\/wp-json\/wp\/v2\/types\/page"}],"author":[{"embeddable":true,"href":"https:\/\/carhub.gr\/it\/wp-json\/wp\/v2\/users\/2"}],"replies":[{"embeddable":true,"href":"https:\/\/carhub.gr\/it\/wp-json\/wp\/v2\/comments?post=3417"}],"version-history":[{"count":2,"href":"https:\/\/carhub.gr\/it\/wp-json\/wp\/v2\/pages\/3417\/revisions"}],"predecessor-version":[{"id":3426,"href":"https:\/\/carhub.gr\/it\/wp-json\/wp\/v2\/pages\/3417\/revisions\/3426"}],"wp:attachment":[{"href":"https:\/\/carhub.gr\/it\/wp-json\/wp\/v2\/media?parent=3417"}],"curies":[{"name":"wp","href":"https:\/\/api.w.org\/{rel}","templated":true}]}}