{"id":3394,"date":"2026-01-14T22:25:40","date_gmt":"2026-01-14T20:25:40","guid":{"rendered":"https:\/\/carhub.gr\/santorini-volcanic-beaches\/"},"modified":"2026-01-14T22:31:15","modified_gmt":"2026-01-14T20:31:15","slug":"spiagge-vulcaniche-di-santorini","status":"publish","type":"page","link":"https:\/\/carhub.gr\/it\/spiagge-vulcaniche-di-santorini\/","title":{"rendered":"Spiagge vulcaniche di Santorini"},"content":{"rendered":"<div class=\"wpb-content-wrapper\">[vc_row][vc_column][vc_column_text css=&#8221;&#8221;]\n<h1 style=\"text-align: center;\">Spiagge vulcaniche di Santorini<\/h1>\n<figure id=\"attachment_3386\" aria-describedby=\"caption-attachment-3386\" style=\"width: 300px\" class=\"wp-caption aligncenter\"><img loading=\"lazy\" decoding=\"async\" class=\"wp-image-3386 size-full\" src=\"https:\/\/carhub.gr\/wp-content\/uploads\/2026\/01\/31318159_10156669179530649_6716188983803510784_n-300x296-1.jpg\" alt=\"Spiagge di Santorini\" width=\"300\" height=\"296\" \/><figcaption id=\"caption-attachment-3386\" class=\"wp-caption-text\">Spiagge di Santorini<\/figcaption><\/figure>\n<h2 style=\"text-align: center;\">Le migliori spiagge di Santorini<\/h2>\n<h3 style=\"text-align: center;\">Spiaggia Rossa di Santorini<\/h3>\n<p style=\"text-align: left;\" align=\"LEFT\"><span style=\"font-family: Arial, sans-serif;\"><span style=\"font-size: small;\">Una delle pi\u00f9 famose \u00e8 la <a href=\"https:\/\/www.youtube.com\/watch?v=6zmb8JUTQUU\" target=\"_blank\" rel=\"noopener noreferrer\">Spiaggia Rossa di Akrotiri<\/a>. \u00c8 rinomata per il suo spettacolare paesaggio vulcanico, caratterizzato da rocce rosse, sabbia rossastra e dalla collina che si erge alle sue spalle.<\/span><\/span><span style=\"color: #000000;\"><span style=\"font-family: Arial, sans-serif;\"><span style=\"font-size: small;\">Situata nei pressi di Akrotiri, presenta piccoli ciottoli e rocce rosse; per raggiungerla \u00e8 necessario percorrere a piedi un breve sentiero di circa 15 minuti. La spiaggia offre ombrelloni e lettini, oltre a piccoli chioschi dove \u00e8 possibile acquistare bevande o snack.<\/span><\/span><\/span><\/p>\n<h3 style=\"text-align: center;\" align=\"LEFT\">Spiaggia Bianca di Santorini<\/h3>\n<p align=\"LEFT\"><span style=\"font-family: Arial, sans-serif;\"><span style=\"font-size: small;\">La <a href=\"https:\/\/www.youtube.com\/watch?v=sNeUYunCzbQ\" target=\"_blank\" rel=\"noopener noreferrer\">Spiaggia Bianca nella zona di Vlychada<\/a> \u00e8 facilmente raggiungibile in auto e si trova sulla costa meridionale di Santorini. Si distingue per le imponenti scogliere scolpite, che sembrano opere d\u2019arte ma sono in realt\u00e0 il risultato di processi naturali dovuti al vulcano, al vento e al mare. Premiato con la Bandiera Blu, il litorale offre acque profonde e di un intenso colore blu, sabbia nera e la presenza di un bagnino.<\/span><\/span><\/p>\n<h3 style=\"text-align: center;\">Spiaggia Nera<\/h3>\n<p align=\"LEFT\"><span style=\"font-family: Arial, sans-serif;\"><span style=\"font-size: small;\"><a href=\"https:\/\/www.youtube.com\/watch?v=BCoA_dzkKiU\" target=\"_blank\" rel=\"noopener noreferrer\">La Spiaggia Nera di Kamari<\/a><\/span><\/span><span style=\"color: #000000;\"><span style=\"font-family: Arial, sans-serif;\"><span style=\"font-size: small;\"> \u00e8 una rinomata localit\u00e0 balneare di Santorini, situata a 10 km a sud-est di Fira, la capitale dell\u2019isola. Molto simile al paesaggio di Perissa, la spiaggia \u00e8 caratterizzata da sabbia nera, mentre sul lato sinistro si erge un\u2019enorme roccia chiamata Mesa Vouno, che emerge dal mare. La zona \u00e8 particolarmente suggestiva, soprattutto di notte quando la roccia risalta nell\u2019oscurit\u00e0. La spiaggia di Kamari \u00e8 completamente attrezzata e offre numerosi servizi come lettini, ombrelloni e varie attivit\u00e0 di sport acquatici.<\/span><\/span><\/span><\/p>\n<p align=\"LEFT\"><span style=\"color: #000000;\"><span style=\"font-family: Arial, sans-serif;\"><span style=\"font-size: small;\">La <a href=\"https:\/\/www.youtube.com\/watch?v=KkKmTby6et4\" target=\"_blank\" rel=\"noopener noreferrer\">Spiaggia Nera di Perivolos<\/a> si trova in prossimit\u00e0 di Perissa, a soli 3 km di distanza. Questa splendida spiaggia di Santorini \u00e8 situata all\u2019estremit\u00e0 meridionale dell\u2019isola e si distingue per le sue acque azzurre e cristalline e per l\u2019atmosfera tranquilla. Lungo il litorale si trovano numerose taverne, pub e ristoranti che servono pesce fresco e specialit\u00e0 locali.<\/span><\/span><\/span><\/p>\n<p align=\"LEFT\"><span style=\"font-family: Arial, sans-serif;\"><span style=\"font-size: small;\">Infine, scegliete la vostra spiaggia preferita e raggiungetela comodamente noleggiando un\u2019auto da <a href=\"http:\/\/carhub.gr\/\" target=\"_blank\" rel=\"noopener noreferrer\">Carhub<\/a>.<\/span><\/span><\/p>\n[\/vc_column_text][\/vc_column][\/vc_row]\n<\/div>","protected":false},"excerpt":{"rendered":"<p>[vc_row][vc_column][vc_column_text css=&#8221;&#8221;] Spiagge vulcaniche di Santorini Le migliori spiagge di Santorini Spiaggia Rossa di Santorini Una delle pi\u00f9 famose \u00e8 la Spiaggia Rossa di Akrotiri. \u00c8 rinomata per il suo spettacolare paesaggio vulcanico, caratterizzato da rocce rosse, sabbia rossastra e dalla collina che si erge alle sue spalle.Situata nei pressi di Akrotiri, presenta piccoli ciottoli&hellip;<\/p>\n","protected":false},"author":2,"featured_media":0,"parent":0,"menu_order":0,"comment_status":"closed","ping_status":"closed","template":"templates\/no-sidebar.php","meta":{"footnotes":""},"class_list":["post-3394","page","type-page","status-publish","hentry","entry","no-media"],"yoast_head":"<!-- This site is optimized with the Yoast SEO plugin v27.2 - https:\/\/yoast.com\/product\/yoast-seo-wordpress\/ -->\n<title>Spiagge vulcaniche di Santorini - Carhub<\/title>\n<meta name=\"robots\" content=\"index, follow, max-snippet:-1, max-image-preview:large, max-video-preview:-1\" \/>\n<link rel=\"canonical\" href=\"https:\/\/carhub.gr\/it\/spiagge-vulcaniche-di-santorini\/\" \/>\n<meta property=\"og:locale\" content=\"it_IT\" \/>\n<meta property=\"og:type\" content=\"article\" \/>\n<meta property=\"og:title\" content=\"Spiagge vulcaniche di Santorini - Carhub\" \/>\n<meta property=\"og:description\" content=\"[vc_row][vc_column][vc_column_text css=&#8221;&#8221;] Spiagge vulcaniche di Santorini Le migliori spiagge di Santorini Spiaggia Rossa di Santorini Una delle pi\u00f9 famose \u00e8 la Spiaggia Rossa di Akrotiri. \u00c8 rinomata per il suo spettacolare paesaggio vulcanico, caratterizzato da rocce rosse, sabbia rossastra e dalla collina che si erge alle sue spalle.Situata nei pressi di Akrotiri, presenta piccoli ciottoli&hellip;\" \/>\n<meta property=\"og:url\" content=\"https:\/\/carhub.gr\/it\/spiagge-vulcaniche-di-santorini\/\" \/>\n<meta property=\"og:site_name\" content=\"Carhub\" \/>\n<meta property=\"article:publisher\" content=\"https:\/\/www.facebook.com\/carhub.gr\/\" \/>\n<meta property=\"article:modified_time\" content=\"2026-01-14T20:31:15+00:00\" \/>\n<meta property=\"og:image\" content=\"https:\/\/carhub.gr\/wp-content\/uploads\/2026\/01\/31318159_10156669179530649_6716188983803510784_n-300x296-1.jpg\" \/>\n\t<meta property=\"og:image:width\" content=\"300\" \/>\n\t<meta property=\"og:image:height\" content=\"296\" \/>\n\t<meta property=\"og:image:type\" content=\"image\/jpeg\" \/>\n<meta name=\"twitter:card\" content=\"summary_large_image\" \/>\n<meta name=\"twitter:label1\" content=\"Tempo di lettura stimato\" \/>\n\t<meta name=\"twitter:data1\" content=\"2 minuti\" \/>\n<script type=\"application\/ld+json\" class=\"yoast-schema-graph\">{\"@context\":\"https:\/\/schema.org\",\"@graph\":[{\"@type\":\"WebPage\",\"@id\":\"https:\/\/carhub.gr\/it\/spiagge-vulcaniche-di-santorini\/\",\"url\":\"https:\/\/carhub.gr\/it\/spiagge-vulcaniche-di-santorini\/\",\"name\":\"Spiagge vulcaniche di Santorini - Carhub\",\"isPartOf\":{\"@id\":\"https:\/\/carhub.gr\/it\/#website\"},\"primaryImageOfPage\":{\"@id\":\"https:\/\/carhub.gr\/it\/spiagge-vulcaniche-di-santorini\/#primaryimage\"},\"image\":{\"@id\":\"https:\/\/carhub.gr\/it\/spiagge-vulcaniche-di-santorini\/#primaryimage\"},\"thumbnailUrl\":\"https:\/\/carhub.gr\/wp-content\/uploads\/2026\/01\/31318159_10156669179530649_6716188983803510784_n-300x296-1.jpg\",\"datePublished\":\"2026-01-14T20:25:40+00:00\",\"dateModified\":\"2026-01-14T20:31:15+00:00\",\"breadcrumb\":{\"@id\":\"https:\/\/carhub.gr\/it\/spiagge-vulcaniche-di-santorini\/#breadcrumb\"},\"inLanguage\":\"it-IT\",\"potentialAction\":[{\"@type\":\"ReadAction\",\"target\":[\"https:\/\/carhub.gr\/it\/spiagge-vulcaniche-di-santorini\/\"]}]},{\"@type\":\"ImageObject\",\"inLanguage\":\"it-IT\",\"@id\":\"https:\/\/carhub.gr\/it\/spiagge-vulcaniche-di-santorini\/#primaryimage\",\"url\":\"https:\/\/carhub.gr\/wp-content\/uploads\/2026\/01\/31318159_10156669179530649_6716188983803510784_n-300x296-1.jpg\",\"contentUrl\":\"https:\/\/carhub.gr\/wp-content\/uploads\/2026\/01\/31318159_10156669179530649_6716188983803510784_n-300x296-1.jpg\"},{\"@type\":\"BreadcrumbList\",\"@id\":\"https:\/\/carhub.gr\/it\/spiagge-vulcaniche-di-santorini\/#breadcrumb\",\"itemListElement\":[{\"@type\":\"ListItem\",\"position\":1,\"name\":\"Home\",\"item\":\"https:\/\/carhub.gr\/it\/\"},{\"@type\":\"ListItem\",\"position\":2,\"name\":\"Spiagge vulcaniche di Santorini\"}]},{\"@type\":\"WebSite\",\"@id\":\"https:\/\/carhub.gr\/it\/#website\",\"url\":\"https:\/\/carhub.gr\/it\/\",\"name\":\"Carhub\",\"description\":\"Rent a car Santorini - Santorini Car Hire\",\"publisher\":{\"@id\":\"https:\/\/carhub.gr\/it\/#organization\"},\"alternateName\":\"RENT A CAR SANTORINI - SANTORINI CAR RENTAL\",\"potentialAction\":[{\"@type\":\"SearchAction\",\"target\":{\"@type\":\"EntryPoint\",\"urlTemplate\":\"https:\/\/carhub.gr\/it\/?s={search_term_string}\"},\"query-input\":{\"@type\":\"PropertyValueSpecification\",\"valueRequired\":true,\"valueName\":\"search_term_string\"}}],\"inLanguage\":\"it-IT\"},{\"@type\":\"Organization\",\"@id\":\"https:\/\/carhub.gr\/it\/#organization\",\"name\":\"Carhub\",\"url\":\"https:\/\/carhub.gr\/it\/\",\"logo\":{\"@type\":\"ImageObject\",\"inLanguage\":\"it-IT\",\"@id\":\"https:\/\/carhub.gr\/it\/#\/schema\/logo\/image\/\",\"url\":\"https:\/\/carhub.gr\/wp-content\/uploads\/2025\/12\/logo-carhub-1.png\",\"contentUrl\":\"https:\/\/carhub.gr\/wp-content\/uploads\/2025\/12\/logo-carhub-1.png\",\"width\":182,\"height\":53,\"caption\":\"Carhub\"},\"image\":{\"@id\":\"https:\/\/carhub.gr\/it\/#\/schema\/logo\/image\/\"},\"sameAs\":[\"https:\/\/www.facebook.com\/carhub.gr\/\"]}]}<\/script>\n<!-- \/ Yoast SEO plugin. -->","yoast_head_json":{"title":"Spiagge vulcaniche di Santorini - Carhub","robots":{"index":"index","follow":"follow","max-snippet":"max-snippet:-1","max-image-preview":"max-image-preview:large","max-video-preview":"max-video-preview:-1"},"canonical":"https:\/\/carhub.gr\/it\/spiagge-vulcaniche-di-santorini\/","og_locale":"it_IT","og_type":"article","og_title":"Spiagge vulcaniche di Santorini - Carhub","og_description":"[vc_row][vc_column][vc_column_text css=&#8221;&#8221;] Spiagge vulcaniche di Santorini Le migliori spiagge di Santorini Spiaggia Rossa di Santorini Una delle pi\u00f9 famose \u00e8 la Spiaggia Rossa di Akrotiri. \u00c8 rinomata per il suo spettacolare paesaggio vulcanico, caratterizzato da rocce rosse, sabbia rossastra e dalla collina che si erge alle sue spalle.Situata nei pressi di Akrotiri, presenta piccoli ciottoli&hellip;","og_url":"https:\/\/carhub.gr\/it\/spiagge-vulcaniche-di-santorini\/","og_site_name":"Carhub","article_publisher":"https:\/\/www.facebook.com\/carhub.gr\/","article_modified_time":"2026-01-14T20:31:15+00:00","og_image":[{"width":300,"height":296,"url":"https:\/\/carhub.gr\/wp-content\/uploads\/2026\/01\/31318159_10156669179530649_6716188983803510784_n-300x296-1.jpg","type":"image\/jpeg"}],"twitter_card":"summary_large_image","twitter_misc":{"Tempo di lettura stimato":"2 minuti"},"schema":{"@context":"https:\/\/schema.org","@graph":[{"@type":"WebPage","@id":"https:\/\/carhub.gr\/it\/spiagge-vulcaniche-di-santorini\/","url":"https:\/\/carhub.gr\/it\/spiagge-vulcaniche-di-santorini\/","name":"Spiagge vulcaniche di Santorini - Carhub","isPartOf":{"@id":"https:\/\/carhub.gr\/it\/#website"},"primaryImageOfPage":{"@id":"https:\/\/carhub.gr\/it\/spiagge-vulcaniche-di-santorini\/#primaryimage"},"image":{"@id":"https:\/\/carhub.gr\/it\/spiagge-vulcaniche-di-santorini\/#primaryimage"},"thumbnailUrl":"https:\/\/carhub.gr\/wp-content\/uploads\/2026\/01\/31318159_10156669179530649_6716188983803510784_n-300x296-1.jpg","datePublished":"2026-01-14T20:25:40+00:00","dateModified":"2026-01-14T20:31:15+00:00","breadcrumb":{"@id":"https:\/\/carhub.gr\/it\/spiagge-vulcaniche-di-santorini\/#breadcrumb"},"inLanguage":"it-IT","potentialAction":[{"@type":"ReadAction","target":["https:\/\/carhub.gr\/it\/spiagge-vulcaniche-di-santorini\/"]}]},{"@type":"ImageObject","inLanguage":"it-IT","@id":"https:\/\/carhub.gr\/it\/spiagge-vulcaniche-di-santorini\/#primaryimage","url":"https:\/\/carhub.gr\/wp-content\/uploads\/2026\/01\/31318159_10156669179530649_6716188983803510784_n-300x296-1.jpg","contentUrl":"https:\/\/carhub.gr\/wp-content\/uploads\/2026\/01\/31318159_10156669179530649_6716188983803510784_n-300x296-1.jpg"},{"@type":"BreadcrumbList","@id":"https:\/\/carhub.gr\/it\/spiagge-vulcaniche-di-santorini\/#breadcrumb","itemListElement":[{"@type":"ListItem","position":1,"name":"Home","item":"https:\/\/carhub.gr\/it\/"},{"@type":"ListItem","position":2,"name":"Spiagge vulcaniche di Santorini"}]},{"@type":"WebSite","@id":"https:\/\/carhub.gr\/it\/#website","url":"https:\/\/carhub.gr\/it\/","name":"Carhub","description":"Rent a car Santorini - Santorini Car Hire","publisher":{"@id":"https:\/\/carhub.gr\/it\/#organization"},"alternateName":"RENT A CAR SANTORINI - SANTORINI CAR RENTAL","potentialAction":[{"@type":"SearchAction","target":{"@type":"EntryPoint","urlTemplate":"https:\/\/carhub.gr\/it\/?s={search_term_string}"},"query-input":{"@type":"PropertyValueSpecification","valueRequired":true,"valueName":"search_term_string"}}],"inLanguage":"it-IT"},{"@type":"Organization","@id":"https:\/\/carhub.gr\/it\/#organization","name":"Carhub","url":"https:\/\/carhub.gr\/it\/","logo":{"@type":"ImageObject","inLanguage":"it-IT","@id":"https:\/\/carhub.gr\/it\/#\/schema\/logo\/image\/","url":"https:\/\/carhub.gr\/wp-content\/uploads\/2025\/12\/logo-carhub-1.png","contentUrl":"https:\/\/carhub.gr\/wp-content\/uploads\/2025\/12\/logo-carhub-1.png","width":182,"height":53,"caption":"Carhub"},"image":{"@id":"https:\/\/carhub.gr\/it\/#\/schema\/logo\/image\/"},"sameAs":["https:\/\/www.facebook.com\/carhub.gr\/"]}]}},"_links":{"self":[{"href":"https:\/\/carhub.gr\/it\/wp-json\/wp\/v2\/pages\/3394","targetHints":{"allow":["GET"]}}],"collection":[{"href":"https:\/\/carhub.gr\/it\/wp-json\/wp\/v2\/pages"}],"about":[{"href":"https:\/\/carhub.gr\/it\/wp-json\/wp\/v2\/types\/page"}],"author":[{"embeddable":true,"href":"https:\/\/carhub.gr\/it\/wp-json\/wp\/v2\/users\/2"}],"replies":[{"embeddable":true,"href":"https:\/\/carhub.gr\/it\/wp-json\/wp\/v2\/comments?post=3394"}],"version-history":[{"count":2,"href":"https:\/\/carhub.gr\/it\/wp-json\/wp\/v2\/pages\/3394\/revisions"}],"predecessor-version":[{"id":3401,"href":"https:\/\/carhub.gr\/it\/wp-json\/wp\/v2\/pages\/3394\/revisions\/3401"}],"wp:attachment":[{"href":"https:\/\/carhub.gr\/it\/wp-json\/wp\/v2\/media?parent=3394"}],"curies":[{"name":"wp","href":"https:\/\/api.w.org\/{rel}","templated":true}]}}