{"id":3373,"date":"2026-01-14T22:04:27","date_gmt":"2026-01-14T20:04:27","guid":{"rendered":"https:\/\/carhub.gr\/santorini-akrotiri-excavations\/"},"modified":"2026-01-14T22:12:21","modified_gmt":"2026-01-14T20:12:21","slug":"scavi-di-akrotiri-a-santorini","status":"publish","type":"page","link":"https:\/\/carhub.gr\/it\/scavi-di-akrotiri-a-santorini\/","title":{"rendered":"Scavi di Akrotiri a Santorini"},"content":{"rendered":"<div class=\"wpb-content-wrapper\">[vc_row][vc_column][vc_column_text css=&#8221;&#8221;]\n<h1 class=\"western\" style=\"text-align: center;\"><span style=\"color: #000000;\"><span style=\"font-family: 'Source Sans Pro', Arial, sans-serif;\"><span style=\"font-size: xx-large;\">Scavi di Akrotiri a Santorini<\/span><\/span><\/span><\/h1>\n<figure id=\"attachment_3365\" aria-describedby=\"caption-attachment-3365\" style=\"width: 244px\" class=\"wp-caption aligncenter\"><img loading=\"lazy\" decoding=\"async\" class=\"wp-image-3365 size-full\" src=\"https:\/\/carhub.gr\/wp-content\/uploads\/2026\/01\/31357663_10156675050120649_51096396991823872_n-244x300-1.jpg\" alt=\"scavi di Akrotiri a Santorini\" width=\"244\" height=\"300\" \/><figcaption id=\"caption-attachment-3365\" class=\"wp-caption-text\">(Un\u2019immagine degli scavi di Akrotiri a Santorini)<\/figcaption><\/figure>\n<p style=\"text-align: left;\"><span style=\"color: #000000;\"><span style=\"font-family: Arial, sans-serif;\"><span style=\"font-size: small;\">Il sito <a href=\"https:\/\/www.youtube.com\/watch?v=PVSeiKEG2Wk&amp;t=1262s\" target=\"_blank\" rel=\"noopener noreferrer\">archeologico<\/a> pi\u00f9 famoso di Santorini \u2013 e uno dei pi\u00f9 importanti del Mar Egeo \u2013 \u00e8 Akrotiri, insieme ai reperti emersi dagli scavi iniziati nel 1967.<\/span><\/span><\/span><\/p>\n<p style=\"text-align: left;\">Gli scavi di Akrotiri (promontorio) si trovano nella parte sud-occidentale dell\u2019isola, a 15 km da Fira. Si tratta di un vero e proprio promontorio, con ripide scogliere che si estendono per circa cinque chilometri a ovest del punto pi\u00f9 meridionale di Santorini.<\/p>\n<p style=\"text-align: left;\">Pertanto, dopo diversi anni, il sito archeologico \u00e8 stato riaperto ai visitatori nell\u2019aprile 2012, a seguito dell\u2019installazione della nuova copertura.<\/p>\n<h2 style=\"text-align: center;\">Il grande scavo<\/h2>\n<p style=\"text-align: left;\">Le prime tracce di insediamento ad Akrotiri risalgono al tardo Neolitico. Durante l\u2019Et\u00e0 del Bronzo Antico vi era un insediamento che si espanse ulteriormente nel corso dell\u2019Et\u00e0 del Bronzo Medio e Tardo, fino a diventare uno dei principali centri urbani del Mar Egeo.<\/p>\n<p style=\"text-align: left;\">Estendendosi su circa 50 ettari, l\u2019insediamento disponeva di un\u2019infrastruttura molto ben pianificata e di un sofisticato sistema fognario. I prodotti importati rinvenuti all\u2019interno degli edifici dimostrano che Akrotiri era altamente sviluppata. Manteneva forti legami con la Creta minoica e intratteneva rapporti commerciali con la Grecia continentale, il Dodecaneso, Cipro, la Siria e l\u2019Egitto.<\/p>\n<p style=\"text-align: left;\">La crescita della citt\u00e0 si interruppe bruscamente alla fine del XVII secolo a.C., quando gli abitanti la abbandonarono a causa di potenti scosse sismiche premonitrici. Successivamente, il vulcano erutt\u00f2 e il materiale vulcanico ricopr\u00ec la citt\u00e0 e il resto dell\u2019isola, preservando edifici e contenuti fino ai giorni nostri.<\/p>\n<p style=\"text-align: left;\">Il professor Spyridon Marinatos avvi\u00f2 scavi sistematici ad Akrotiri nel 1967, con l\u2019intento di dimostrare una sua antica teoria secondo cui l\u2019eruzione del vulcano avrebbe causato il crollo della civilt\u00e0 minoica a Creta.<\/p>\n<p style=\"text-align: left;\">Dopo la morte di Marinatos nel 1974, gli scavi proseguirono sotto la direzione del professor Christos Doumas.<\/p>\n<p style=\"text-align: left;\">Approfittate del vostro soggiorno a Santorini per visitare gli scavi e scoprire un monumento storico unico!<\/p>\n<p style=\"text-align: left;\"><span style=\"color: #000000;\"><span style=\"font-family: Arial, sans-serif;\"><span style=\"font-size: small;\">Inoltre, potete raggiungere gli scavi di Akrotiri a Santorini con la vostra <a href=\"http:\/\/carhub.gr\/\"><strong><b>auto a noleggio<\/b><\/strong><\/a> e parcheggiare nel parcheggio situato proprio accanto all\u2019ingresso. In alternativa, potete utilizzare i mezzi pubblici o optare per un trasferimento privato. Non esitate a contattarci se avete bisogno di ulteriori informazioni o se avete domande.<\/span><\/span><\/span><\/p>\n[\/vc_column_text][\/vc_column][\/vc_row]\n<\/div>","protected":false},"excerpt":{"rendered":"<p>[vc_row][vc_column][vc_column_text css=&#8221;&#8221;] Scavi di Akrotiri a Santorini Il sito archeologico pi\u00f9 famoso di Santorini \u2013 e uno dei pi\u00f9 importanti del Mar Egeo \u2013 \u00e8 Akrotiri, insieme ai reperti emersi dagli scavi iniziati nel 1967. Gli scavi di Akrotiri (promontorio) si trovano nella parte sud-occidentale dell\u2019isola, a 15 km da Fira. Si tratta di un&hellip;<\/p>\n","protected":false},"author":2,"featured_media":0,"parent":0,"menu_order":0,"comment_status":"closed","ping_status":"closed","template":"templates\/no-sidebar.php","meta":{"footnotes":""},"class_list":["post-3373","page","type-page","status-publish","hentry","entry","no-media"],"yoast_head":"<!-- This site is optimized with the Yoast SEO plugin v27.2 - https:\/\/yoast.com\/product\/yoast-seo-wordpress\/ -->\n<title>Scavi di Akrotiri a Santorini - Carhub<\/title>\n<meta name=\"robots\" content=\"index, follow, max-snippet:-1, max-image-preview:large, max-video-preview:-1\" \/>\n<link rel=\"canonical\" href=\"https:\/\/carhub.gr\/it\/scavi-di-akrotiri-a-santorini\/\" \/>\n<meta property=\"og:locale\" content=\"it_IT\" \/>\n<meta property=\"og:type\" content=\"article\" \/>\n<meta property=\"og:title\" content=\"Scavi di Akrotiri a Santorini - Carhub\" \/>\n<meta property=\"og:description\" content=\"[vc_row][vc_column][vc_column_text css=&#8221;&#8221;] Scavi di Akrotiri a Santorini Il sito archeologico pi\u00f9 famoso di Santorini \u2013 e uno dei pi\u00f9 importanti del Mar Egeo \u2013 \u00e8 Akrotiri, insieme ai reperti emersi dagli scavi iniziati nel 1967. Gli scavi di Akrotiri (promontorio) si trovano nella parte sud-occidentale dell\u2019isola, a 15 km da Fira. Si tratta di un&hellip;\" \/>\n<meta property=\"og:url\" content=\"https:\/\/carhub.gr\/it\/scavi-di-akrotiri-a-santorini\/\" \/>\n<meta property=\"og:site_name\" content=\"Carhub\" \/>\n<meta property=\"article:publisher\" content=\"https:\/\/www.facebook.com\/carhub.gr\/\" \/>\n<meta property=\"article:modified_time\" content=\"2026-01-14T20:12:21+00:00\" \/>\n<meta property=\"og:image\" content=\"https:\/\/carhub.gr\/wp-content\/uploads\/2026\/01\/31357663_10156675050120649_51096396991823872_n-244x300-1.jpg\" \/>\n\t<meta property=\"og:image:width\" content=\"244\" \/>\n\t<meta property=\"og:image:height\" content=\"300\" \/>\n\t<meta property=\"og:image:type\" content=\"image\/jpeg\" \/>\n<meta name=\"twitter:card\" content=\"summary_large_image\" \/>\n<meta name=\"twitter:label1\" content=\"Tempo di lettura stimato\" \/>\n\t<meta name=\"twitter:data1\" content=\"2 minuti\" \/>\n<script type=\"application\/ld+json\" class=\"yoast-schema-graph\">{\"@context\":\"https:\/\/schema.org\",\"@graph\":[{\"@type\":\"WebPage\",\"@id\":\"https:\/\/carhub.gr\/it\/scavi-di-akrotiri-a-santorini\/\",\"url\":\"https:\/\/carhub.gr\/it\/scavi-di-akrotiri-a-santorini\/\",\"name\":\"Scavi di Akrotiri a Santorini - Carhub\",\"isPartOf\":{\"@id\":\"https:\/\/carhub.gr\/it\/#website\"},\"primaryImageOfPage\":{\"@id\":\"https:\/\/carhub.gr\/it\/scavi-di-akrotiri-a-santorini\/#primaryimage\"},\"image\":{\"@id\":\"https:\/\/carhub.gr\/it\/scavi-di-akrotiri-a-santorini\/#primaryimage\"},\"thumbnailUrl\":\"https:\/\/carhub.gr\/wp-content\/uploads\/2026\/01\/31357663_10156675050120649_51096396991823872_n-244x300-1.jpg\",\"datePublished\":\"2026-01-14T20:04:27+00:00\",\"dateModified\":\"2026-01-14T20:12:21+00:00\",\"breadcrumb\":{\"@id\":\"https:\/\/carhub.gr\/it\/scavi-di-akrotiri-a-santorini\/#breadcrumb\"},\"inLanguage\":\"it-IT\",\"potentialAction\":[{\"@type\":\"ReadAction\",\"target\":[\"https:\/\/carhub.gr\/it\/scavi-di-akrotiri-a-santorini\/\"]}]},{\"@type\":\"ImageObject\",\"inLanguage\":\"it-IT\",\"@id\":\"https:\/\/carhub.gr\/it\/scavi-di-akrotiri-a-santorini\/#primaryimage\",\"url\":\"https:\/\/carhub.gr\/wp-content\/uploads\/2026\/01\/31357663_10156675050120649_51096396991823872_n-244x300-1.jpg\",\"contentUrl\":\"https:\/\/carhub.gr\/wp-content\/uploads\/2026\/01\/31357663_10156675050120649_51096396991823872_n-244x300-1.jpg\"},{\"@type\":\"BreadcrumbList\",\"@id\":\"https:\/\/carhub.gr\/it\/scavi-di-akrotiri-a-santorini\/#breadcrumb\",\"itemListElement\":[{\"@type\":\"ListItem\",\"position\":1,\"name\":\"Home\",\"item\":\"https:\/\/carhub.gr\/it\/\"},{\"@type\":\"ListItem\",\"position\":2,\"name\":\"Scavi di Akrotiri a Santorini\"}]},{\"@type\":\"WebSite\",\"@id\":\"https:\/\/carhub.gr\/it\/#website\",\"url\":\"https:\/\/carhub.gr\/it\/\",\"name\":\"Carhub\",\"description\":\"Rent a car Santorini - Santorini Car Hire\",\"publisher\":{\"@id\":\"https:\/\/carhub.gr\/it\/#organization\"},\"alternateName\":\"RENT A CAR SANTORINI - SANTORINI CAR RENTAL\",\"potentialAction\":[{\"@type\":\"SearchAction\",\"target\":{\"@type\":\"EntryPoint\",\"urlTemplate\":\"https:\/\/carhub.gr\/it\/?s={search_term_string}\"},\"query-input\":{\"@type\":\"PropertyValueSpecification\",\"valueRequired\":true,\"valueName\":\"search_term_string\"}}],\"inLanguage\":\"it-IT\"},{\"@type\":\"Organization\",\"@id\":\"https:\/\/carhub.gr\/it\/#organization\",\"name\":\"Carhub\",\"url\":\"https:\/\/carhub.gr\/it\/\",\"logo\":{\"@type\":\"ImageObject\",\"inLanguage\":\"it-IT\",\"@id\":\"https:\/\/carhub.gr\/it\/#\/schema\/logo\/image\/\",\"url\":\"https:\/\/carhub.gr\/wp-content\/uploads\/2025\/12\/logo-carhub-1.png\",\"contentUrl\":\"https:\/\/carhub.gr\/wp-content\/uploads\/2025\/12\/logo-carhub-1.png\",\"width\":182,\"height\":53,\"caption\":\"Carhub\"},\"image\":{\"@id\":\"https:\/\/carhub.gr\/it\/#\/schema\/logo\/image\/\"},\"sameAs\":[\"https:\/\/www.facebook.com\/carhub.gr\/\"]}]}<\/script>\n<!-- \/ Yoast SEO plugin. -->","yoast_head_json":{"title":"Scavi di Akrotiri a Santorini - Carhub","robots":{"index":"index","follow":"follow","max-snippet":"max-snippet:-1","max-image-preview":"max-image-preview:large","max-video-preview":"max-video-preview:-1"},"canonical":"https:\/\/carhub.gr\/it\/scavi-di-akrotiri-a-santorini\/","og_locale":"it_IT","og_type":"article","og_title":"Scavi di Akrotiri a Santorini - Carhub","og_description":"[vc_row][vc_column][vc_column_text css=&#8221;&#8221;] Scavi di Akrotiri a Santorini Il sito archeologico pi\u00f9 famoso di Santorini \u2013 e uno dei pi\u00f9 importanti del Mar Egeo \u2013 \u00e8 Akrotiri, insieme ai reperti emersi dagli scavi iniziati nel 1967. Gli scavi di Akrotiri (promontorio) si trovano nella parte sud-occidentale dell\u2019isola, a 15 km da Fira. Si tratta di un&hellip;","og_url":"https:\/\/carhub.gr\/it\/scavi-di-akrotiri-a-santorini\/","og_site_name":"Carhub","article_publisher":"https:\/\/www.facebook.com\/carhub.gr\/","article_modified_time":"2026-01-14T20:12:21+00:00","og_image":[{"width":244,"height":300,"url":"https:\/\/carhub.gr\/wp-content\/uploads\/2026\/01\/31357663_10156675050120649_51096396991823872_n-244x300-1.jpg","type":"image\/jpeg"}],"twitter_card":"summary_large_image","twitter_misc":{"Tempo di lettura stimato":"2 minuti"},"schema":{"@context":"https:\/\/schema.org","@graph":[{"@type":"WebPage","@id":"https:\/\/carhub.gr\/it\/scavi-di-akrotiri-a-santorini\/","url":"https:\/\/carhub.gr\/it\/scavi-di-akrotiri-a-santorini\/","name":"Scavi di Akrotiri a Santorini - Carhub","isPartOf":{"@id":"https:\/\/carhub.gr\/it\/#website"},"primaryImageOfPage":{"@id":"https:\/\/carhub.gr\/it\/scavi-di-akrotiri-a-santorini\/#primaryimage"},"image":{"@id":"https:\/\/carhub.gr\/it\/scavi-di-akrotiri-a-santorini\/#primaryimage"},"thumbnailUrl":"https:\/\/carhub.gr\/wp-content\/uploads\/2026\/01\/31357663_10156675050120649_51096396991823872_n-244x300-1.jpg","datePublished":"2026-01-14T20:04:27+00:00","dateModified":"2026-01-14T20:12:21+00:00","breadcrumb":{"@id":"https:\/\/carhub.gr\/it\/scavi-di-akrotiri-a-santorini\/#breadcrumb"},"inLanguage":"it-IT","potentialAction":[{"@type":"ReadAction","target":["https:\/\/carhub.gr\/it\/scavi-di-akrotiri-a-santorini\/"]}]},{"@type":"ImageObject","inLanguage":"it-IT","@id":"https:\/\/carhub.gr\/it\/scavi-di-akrotiri-a-santorini\/#primaryimage","url":"https:\/\/carhub.gr\/wp-content\/uploads\/2026\/01\/31357663_10156675050120649_51096396991823872_n-244x300-1.jpg","contentUrl":"https:\/\/carhub.gr\/wp-content\/uploads\/2026\/01\/31357663_10156675050120649_51096396991823872_n-244x300-1.jpg"},{"@type":"BreadcrumbList","@id":"https:\/\/carhub.gr\/it\/scavi-di-akrotiri-a-santorini\/#breadcrumb","itemListElement":[{"@type":"ListItem","position":1,"name":"Home","item":"https:\/\/carhub.gr\/it\/"},{"@type":"ListItem","position":2,"name":"Scavi di Akrotiri a Santorini"}]},{"@type":"WebSite","@id":"https:\/\/carhub.gr\/it\/#website","url":"https:\/\/carhub.gr\/it\/","name":"Carhub","description":"Rent a car Santorini - Santorini Car Hire","publisher":{"@id":"https:\/\/carhub.gr\/it\/#organization"},"alternateName":"RENT A CAR SANTORINI - SANTORINI CAR RENTAL","potentialAction":[{"@type":"SearchAction","target":{"@type":"EntryPoint","urlTemplate":"https:\/\/carhub.gr\/it\/?s={search_term_string}"},"query-input":{"@type":"PropertyValueSpecification","valueRequired":true,"valueName":"search_term_string"}}],"inLanguage":"it-IT"},{"@type":"Organization","@id":"https:\/\/carhub.gr\/it\/#organization","name":"Carhub","url":"https:\/\/carhub.gr\/it\/","logo":{"@type":"ImageObject","inLanguage":"it-IT","@id":"https:\/\/carhub.gr\/it\/#\/schema\/logo\/image\/","url":"https:\/\/carhub.gr\/wp-content\/uploads\/2025\/12\/logo-carhub-1.png","contentUrl":"https:\/\/carhub.gr\/wp-content\/uploads\/2025\/12\/logo-carhub-1.png","width":182,"height":53,"caption":"Carhub"},"image":{"@id":"https:\/\/carhub.gr\/it\/#\/schema\/logo\/image\/"},"sameAs":["https:\/\/www.facebook.com\/carhub.gr\/"]}]}},"_links":{"self":[{"href":"https:\/\/carhub.gr\/it\/wp-json\/wp\/v2\/pages\/3373","targetHints":{"allow":["GET"]}}],"collection":[{"href":"https:\/\/carhub.gr\/it\/wp-json\/wp\/v2\/pages"}],"about":[{"href":"https:\/\/carhub.gr\/it\/wp-json\/wp\/v2\/types\/page"}],"author":[{"embeddable":true,"href":"https:\/\/carhub.gr\/it\/wp-json\/wp\/v2\/users\/2"}],"replies":[{"embeddable":true,"href":"https:\/\/carhub.gr\/it\/wp-json\/wp\/v2\/comments?post=3373"}],"version-history":[{"count":1,"href":"https:\/\/carhub.gr\/it\/wp-json\/wp\/v2\/pages\/3373\/revisions"}],"predecessor-version":[{"id":3379,"href":"https:\/\/carhub.gr\/it\/wp-json\/wp\/v2\/pages\/3373\/revisions\/3379"}],"wp:attachment":[{"href":"https:\/\/carhub.gr\/it\/wp-json\/wp\/v2\/media?parent=3373"}],"curies":[{"name":"wp","href":"https:\/\/api.w.org\/{rel}","templated":true}]}}