{"id":3144,"date":"2026-01-10T12:03:26","date_gmt":"2026-01-10T10:03:26","guid":{"rendered":"https:\/\/carhub.gr\/rental-car-perivolos-santorini\/"},"modified":"2026-01-10T12:06:37","modified_gmt":"2026-01-10T10:06:37","slug":"noleggio-auto-a-perivolos-santorini","status":"publish","type":"page","link":"https:\/\/carhub.gr\/it\/noleggio-auto-a-perivolos-santorini\/","title":{"rendered":"Noleggio auto a Perivolos, Santorini"},"content":{"rendered":"<div class=\"wpb-content-wrapper\">[vc_row][vc_column][vc_column_text css=&#8221;&#8221;]\n<h1 class=\"western\" style=\"text-align: center;\">Noleggio auto a Perivolos, Santorini<\/h1>\n<figure id=\"attachment_3136\" aria-describedby=\"caption-attachment-3136\" style=\"width: 300px\" class=\"wp-caption aligncenter\"><img loading=\"lazy\" decoding=\"async\" class=\"size-full wp-image-3136\" src=\"https:\/\/carhub.gr\/wp-content\/uploads\/2026\/01\/31131472_10156663269845649_7723170205521674240_n-300x225-1.jpg\" alt=\"Noleggio auto Perivolos Santorini\" width=\"300\" height=\"225\" \/><figcaption id=\"caption-attachment-3136\" class=\"wp-caption-text\">Noleggio auto Perivolos Santorini<\/figcaption><\/figure>\n<p style=\"text-align: center;\"><span style=\"color: #000000;\"><span style=\"font-family: Arial, sans-serif;\"><span style=\"font-size: small;\">Il villaggio balneare di <a href=\"https:\/\/www.tripadvisor.com\/Attraction_Review-g657830-d6988148-Reviews-Perivolos_Beach-Perivolos_Santorini_Cyclades_South_Aegean.html\" target=\"_blank\" rel=\"noopener noreferrer\">Perivolos<\/a> \u00e8 molto popolare, soprattutto tra i giovani, poich\u00e9 ospita uno dei resort balneari pi\u00f9 vivaci dell\u2019isola. \u00c8 un piccolo villaggio situato sulla costa sud-orientale di Santorini, molto vicino al villaggio di Perissa. In realt\u00e0, si trova tra Perissa e Agios Georgios. A Perivolos puoi trascorrere momenti piacevoli in ottimi ristoranti che offrono specialit\u00e0 locali, accoglienti caff\u00e8 e bar animati con musica coinvolgente. Qui si trovano la maggior parte dei beach bar dell\u2019isola, dove si svolgono numerosi eventi intorno a eleganti piscine, come DJ set, performance e altre occasioni speciali. Giorno e notte, Perivolos \u00e8 piena di vita e l\u2019atmosfera lungo il bellissimo lungomare \u00e8 sempre dinamica e allegra.<\/span><\/span><\/span><\/p>\n<p style=\"text-align: center;\"><span style=\"color: #000000;\"><span style=\"font-family: Arial, sans-serif;\"><span style=\"font-size: small;\"> La principale attrazione e il motivo principale per visitare Perivolos, oltre alla vivace vita notturna, \u00e8 la famosa <b>Spiaggia di Perivolos<\/b>, una splendida e lunga spiaggia con acque cristalline, ricoperta di sabbia vulcanica nera. Completamente organizzata, offre numerosi servizi, come comodi lettini, ombrelloni, docce e bagnini. Puoi gustare la tua bevanda preferita o pranzare davanti al mare scintillante. Inoltre, la spiaggia dispone di strutture per sport acquatici che possono offrirti nuove esperienze. Infine, sono presenti campi da beach volley dove vengono spesso organizzati tornei che attirano molti visitatori. \u00c8 assolutamente consigliato visitare Perivolos, dove puoi trovare un\u2019ampia variet\u00e0 di soluzioni di alloggio per un soggiorno piacevole: ville di lusso, hotel accoglienti, appartamenti e camere in affitto, qualcosa per tutti.<\/span><\/span><\/span><\/p>\n<h3 style=\"text-align: center;\">Noleggio auto a Perivolos, Santorini<\/h3>\n<p style=\"text-align: center;\"><span style=\"color: #000000;\"><span style=\"font-family: Arial, sans-serif;\"><span style=\"font-size: small;\">Se il tuo hotel si trova presso <strong><b>la spiaggia di Perivolos, Santorini<\/b><\/strong>, possiamo consegnare l\u00ec la tua <strong><b>auto a noleggio a Santorini tramite <a href=\"http:\/\/carhub.gr\/\">Carhub<\/a><\/b><\/strong>, senza alcun costo aggiuntivo. Puoi inoltre restituire l\u2019<em>auto<\/em> nello stesso luogo. \u00c8 sufficiente informarci al momento della prenotazione via email o telefono. Per la zona della spiaggia di Perivolos, in base alla disponibilit\u00e0, accettiamo anche prenotazioni last minute.<\/span><\/span><\/span><\/p>\n[\/vc_column_text][\/vc_column][\/vc_row]\n<\/div>","protected":false},"excerpt":{"rendered":"<p>[vc_row][vc_column][vc_column_text css=&#8221;&#8221;] Noleggio auto a Perivolos, Santorini Il villaggio balneare di Perivolos \u00e8 molto popolare, soprattutto tra i giovani, poich\u00e9 ospita uno dei resort balneari pi\u00f9 vivaci dell\u2019isola. \u00c8 un piccolo villaggio situato sulla costa sud-orientale di Santorini, molto vicino al villaggio di Perissa. In realt\u00e0, si trova tra Perissa e Agios Georgios. A Perivolos&hellip;<\/p>\n","protected":false},"author":2,"featured_media":0,"parent":0,"menu_order":0,"comment_status":"closed","ping_status":"closed","template":"templates\/no-sidebar.php","meta":{"footnotes":""},"class_list":["post-3144","page","type-page","status-publish","hentry","entry","no-media"],"yoast_head":"<!-- This site is optimized with the Yoast SEO plugin v27.2 - https:\/\/yoast.com\/product\/yoast-seo-wordpress\/ -->\n<title>Noleggio auto a Perivolos, Santorini - Carhub<\/title>\n<meta name=\"robots\" content=\"index, follow, max-snippet:-1, max-image-preview:large, max-video-preview:-1\" \/>\n<link rel=\"canonical\" href=\"https:\/\/carhub.gr\/it\/noleggio-auto-a-perivolos-santorini\/\" \/>\n<meta property=\"og:locale\" content=\"it_IT\" \/>\n<meta property=\"og:type\" content=\"article\" \/>\n<meta property=\"og:title\" content=\"Noleggio auto a Perivolos, Santorini - Carhub\" \/>\n<meta property=\"og:description\" content=\"[vc_row][vc_column][vc_column_text css=&#8221;&#8221;] Noleggio auto a Perivolos, Santorini Il villaggio balneare di Perivolos \u00e8 molto popolare, soprattutto tra i giovani, poich\u00e9 ospita uno dei resort balneari pi\u00f9 vivaci dell\u2019isola. \u00c8 un piccolo villaggio situato sulla costa sud-orientale di Santorini, molto vicino al villaggio di Perissa. In realt\u00e0, si trova tra Perissa e Agios Georgios. A Perivolos&hellip;\" \/>\n<meta property=\"og:url\" content=\"https:\/\/carhub.gr\/it\/noleggio-auto-a-perivolos-santorini\/\" \/>\n<meta property=\"og:site_name\" content=\"Carhub\" \/>\n<meta property=\"article:publisher\" content=\"https:\/\/www.facebook.com\/carhub.gr\/\" \/>\n<meta property=\"article:modified_time\" content=\"2026-01-10T10:06:37+00:00\" \/>\n<meta property=\"og:image\" content=\"https:\/\/carhub.gr\/wp-content\/uploads\/2026\/01\/31131472_10156663269845649_7723170205521674240_n-300x225-1.jpg\" \/>\n\t<meta property=\"og:image:width\" content=\"300\" \/>\n\t<meta property=\"og:image:height\" content=\"225\" \/>\n\t<meta property=\"og:image:type\" content=\"image\/jpeg\" \/>\n<meta name=\"twitter:card\" content=\"summary_large_image\" \/>\n<meta name=\"twitter:label1\" content=\"Tempo di lettura stimato\" \/>\n\t<meta name=\"twitter:data1\" content=\"2 minuti\" \/>\n<script type=\"application\/ld+json\" class=\"yoast-schema-graph\">{\"@context\":\"https:\/\/schema.org\",\"@graph\":[{\"@type\":\"WebPage\",\"@id\":\"https:\/\/carhub.gr\/it\/noleggio-auto-a-perivolos-santorini\/\",\"url\":\"https:\/\/carhub.gr\/it\/noleggio-auto-a-perivolos-santorini\/\",\"name\":\"Noleggio auto a Perivolos, Santorini - Carhub\",\"isPartOf\":{\"@id\":\"https:\/\/carhub.gr\/it\/#website\"},\"primaryImageOfPage\":{\"@id\":\"https:\/\/carhub.gr\/it\/noleggio-auto-a-perivolos-santorini\/#primaryimage\"},\"image\":{\"@id\":\"https:\/\/carhub.gr\/it\/noleggio-auto-a-perivolos-santorini\/#primaryimage\"},\"thumbnailUrl\":\"https:\/\/carhub.gr\/wp-content\/uploads\/2026\/01\/31131472_10156663269845649_7723170205521674240_n-300x225-1.jpg\",\"datePublished\":\"2026-01-10T10:03:26+00:00\",\"dateModified\":\"2026-01-10T10:06:37+00:00\",\"breadcrumb\":{\"@id\":\"https:\/\/carhub.gr\/it\/noleggio-auto-a-perivolos-santorini\/#breadcrumb\"},\"inLanguage\":\"it-IT\",\"potentialAction\":[{\"@type\":\"ReadAction\",\"target\":[\"https:\/\/carhub.gr\/it\/noleggio-auto-a-perivolos-santorini\/\"]}]},{\"@type\":\"ImageObject\",\"inLanguage\":\"it-IT\",\"@id\":\"https:\/\/carhub.gr\/it\/noleggio-auto-a-perivolos-santorini\/#primaryimage\",\"url\":\"https:\/\/carhub.gr\/wp-content\/uploads\/2026\/01\/31131472_10156663269845649_7723170205521674240_n-300x225-1.jpg\",\"contentUrl\":\"https:\/\/carhub.gr\/wp-content\/uploads\/2026\/01\/31131472_10156663269845649_7723170205521674240_n-300x225-1.jpg\"},{\"@type\":\"BreadcrumbList\",\"@id\":\"https:\/\/carhub.gr\/it\/noleggio-auto-a-perivolos-santorini\/#breadcrumb\",\"itemListElement\":[{\"@type\":\"ListItem\",\"position\":1,\"name\":\"Home\",\"item\":\"https:\/\/carhub.gr\/it\/\"},{\"@type\":\"ListItem\",\"position\":2,\"name\":\"Noleggio auto a Perivolos, Santorini\"}]},{\"@type\":\"WebSite\",\"@id\":\"https:\/\/carhub.gr\/it\/#website\",\"url\":\"https:\/\/carhub.gr\/it\/\",\"name\":\"Carhub\",\"description\":\"Rent a car Santorini - Santorini Car Hire\",\"publisher\":{\"@id\":\"https:\/\/carhub.gr\/it\/#organization\"},\"alternateName\":\"RENT A CAR SANTORINI - SANTORINI CAR RENTAL\",\"potentialAction\":[{\"@type\":\"SearchAction\",\"target\":{\"@type\":\"EntryPoint\",\"urlTemplate\":\"https:\/\/carhub.gr\/it\/?s={search_term_string}\"},\"query-input\":{\"@type\":\"PropertyValueSpecification\",\"valueRequired\":true,\"valueName\":\"search_term_string\"}}],\"inLanguage\":\"it-IT\"},{\"@type\":\"Organization\",\"@id\":\"https:\/\/carhub.gr\/it\/#organization\",\"name\":\"Carhub\",\"url\":\"https:\/\/carhub.gr\/it\/\",\"logo\":{\"@type\":\"ImageObject\",\"inLanguage\":\"it-IT\",\"@id\":\"https:\/\/carhub.gr\/it\/#\/schema\/logo\/image\/\",\"url\":\"https:\/\/carhub.gr\/wp-content\/uploads\/2025\/12\/logo-carhub-1.png\",\"contentUrl\":\"https:\/\/carhub.gr\/wp-content\/uploads\/2025\/12\/logo-carhub-1.png\",\"width\":182,\"height\":53,\"caption\":\"Carhub\"},\"image\":{\"@id\":\"https:\/\/carhub.gr\/it\/#\/schema\/logo\/image\/\"},\"sameAs\":[\"https:\/\/www.facebook.com\/carhub.gr\/\"]}]}<\/script>\n<!-- \/ Yoast SEO plugin. -->","yoast_head_json":{"title":"Noleggio auto a Perivolos, Santorini - Carhub","robots":{"index":"index","follow":"follow","max-snippet":"max-snippet:-1","max-image-preview":"max-image-preview:large","max-video-preview":"max-video-preview:-1"},"canonical":"https:\/\/carhub.gr\/it\/noleggio-auto-a-perivolos-santorini\/","og_locale":"it_IT","og_type":"article","og_title":"Noleggio auto a Perivolos, Santorini - Carhub","og_description":"[vc_row][vc_column][vc_column_text css=&#8221;&#8221;] Noleggio auto a Perivolos, Santorini Il villaggio balneare di Perivolos \u00e8 molto popolare, soprattutto tra i giovani, poich\u00e9 ospita uno dei resort balneari pi\u00f9 vivaci dell\u2019isola. \u00c8 un piccolo villaggio situato sulla costa sud-orientale di Santorini, molto vicino al villaggio di Perissa. In realt\u00e0, si trova tra Perissa e Agios Georgios. A Perivolos&hellip;","og_url":"https:\/\/carhub.gr\/it\/noleggio-auto-a-perivolos-santorini\/","og_site_name":"Carhub","article_publisher":"https:\/\/www.facebook.com\/carhub.gr\/","article_modified_time":"2026-01-10T10:06:37+00:00","og_image":[{"width":300,"height":225,"url":"https:\/\/carhub.gr\/wp-content\/uploads\/2026\/01\/31131472_10156663269845649_7723170205521674240_n-300x225-1.jpg","type":"image\/jpeg"}],"twitter_card":"summary_large_image","twitter_misc":{"Tempo di lettura stimato":"2 minuti"},"schema":{"@context":"https:\/\/schema.org","@graph":[{"@type":"WebPage","@id":"https:\/\/carhub.gr\/it\/noleggio-auto-a-perivolos-santorini\/","url":"https:\/\/carhub.gr\/it\/noleggio-auto-a-perivolos-santorini\/","name":"Noleggio auto a Perivolos, Santorini - Carhub","isPartOf":{"@id":"https:\/\/carhub.gr\/it\/#website"},"primaryImageOfPage":{"@id":"https:\/\/carhub.gr\/it\/noleggio-auto-a-perivolos-santorini\/#primaryimage"},"image":{"@id":"https:\/\/carhub.gr\/it\/noleggio-auto-a-perivolos-santorini\/#primaryimage"},"thumbnailUrl":"https:\/\/carhub.gr\/wp-content\/uploads\/2026\/01\/31131472_10156663269845649_7723170205521674240_n-300x225-1.jpg","datePublished":"2026-01-10T10:03:26+00:00","dateModified":"2026-01-10T10:06:37+00:00","breadcrumb":{"@id":"https:\/\/carhub.gr\/it\/noleggio-auto-a-perivolos-santorini\/#breadcrumb"},"inLanguage":"it-IT","potentialAction":[{"@type":"ReadAction","target":["https:\/\/carhub.gr\/it\/noleggio-auto-a-perivolos-santorini\/"]}]},{"@type":"ImageObject","inLanguage":"it-IT","@id":"https:\/\/carhub.gr\/it\/noleggio-auto-a-perivolos-santorini\/#primaryimage","url":"https:\/\/carhub.gr\/wp-content\/uploads\/2026\/01\/31131472_10156663269845649_7723170205521674240_n-300x225-1.jpg","contentUrl":"https:\/\/carhub.gr\/wp-content\/uploads\/2026\/01\/31131472_10156663269845649_7723170205521674240_n-300x225-1.jpg"},{"@type":"BreadcrumbList","@id":"https:\/\/carhub.gr\/it\/noleggio-auto-a-perivolos-santorini\/#breadcrumb","itemListElement":[{"@type":"ListItem","position":1,"name":"Home","item":"https:\/\/carhub.gr\/it\/"},{"@type":"ListItem","position":2,"name":"Noleggio auto a Perivolos, Santorini"}]},{"@type":"WebSite","@id":"https:\/\/carhub.gr\/it\/#website","url":"https:\/\/carhub.gr\/it\/","name":"Carhub","description":"Rent a car Santorini - Santorini Car Hire","publisher":{"@id":"https:\/\/carhub.gr\/it\/#organization"},"alternateName":"RENT A CAR SANTORINI - SANTORINI CAR RENTAL","potentialAction":[{"@type":"SearchAction","target":{"@type":"EntryPoint","urlTemplate":"https:\/\/carhub.gr\/it\/?s={search_term_string}"},"query-input":{"@type":"PropertyValueSpecification","valueRequired":true,"valueName":"search_term_string"}}],"inLanguage":"it-IT"},{"@type":"Organization","@id":"https:\/\/carhub.gr\/it\/#organization","name":"Carhub","url":"https:\/\/carhub.gr\/it\/","logo":{"@type":"ImageObject","inLanguage":"it-IT","@id":"https:\/\/carhub.gr\/it\/#\/schema\/logo\/image\/","url":"https:\/\/carhub.gr\/wp-content\/uploads\/2025\/12\/logo-carhub-1.png","contentUrl":"https:\/\/carhub.gr\/wp-content\/uploads\/2025\/12\/logo-carhub-1.png","width":182,"height":53,"caption":"Carhub"},"image":{"@id":"https:\/\/carhub.gr\/it\/#\/schema\/logo\/image\/"},"sameAs":["https:\/\/www.facebook.com\/carhub.gr\/"]}]}},"_links":{"self":[{"href":"https:\/\/carhub.gr\/it\/wp-json\/wp\/v2\/pages\/3144","targetHints":{"allow":["GET"]}}],"collection":[{"href":"https:\/\/carhub.gr\/it\/wp-json\/wp\/v2\/pages"}],"about":[{"href":"https:\/\/carhub.gr\/it\/wp-json\/wp\/v2\/types\/page"}],"author":[{"embeddable":true,"href":"https:\/\/carhub.gr\/it\/wp-json\/wp\/v2\/users\/2"}],"replies":[{"embeddable":true,"href":"https:\/\/carhub.gr\/it\/wp-json\/wp\/v2\/comments?post=3144"}],"version-history":[{"count":1,"href":"https:\/\/carhub.gr\/it\/wp-json\/wp\/v2\/pages\/3144\/revisions"}],"predecessor-version":[{"id":3150,"href":"https:\/\/carhub.gr\/it\/wp-json\/wp\/v2\/pages\/3144\/revisions\/3150"}],"wp:attachment":[{"href":"https:\/\/carhub.gr\/it\/wp-json\/wp\/v2\/media?parent=3144"}],"curies":[{"name":"wp","href":"https:\/\/api.w.org\/{rel}","templated":true}]}}