{"id":3064,"date":"2026-01-09T17:23:56","date_gmt":"2026-01-09T15:23:56","guid":{"rendered":"https:\/\/carhub.gr\/rental-cars-imerovigli-santorini\/"},"modified":"2026-01-09T17:31:41","modified_gmt":"2026-01-09T15:31:41","slug":"noleggio-auto-imerovigli-santorini","status":"publish","type":"page","link":"https:\/\/carhub.gr\/it\/noleggio-auto-imerovigli-santorini\/","title":{"rendered":"Noleggio Auto Imerovigli Santorini"},"content":{"rendered":"<div class=\"wpb-content-wrapper\">[vc_row][vc_column][vc_column_text css=&#8221;&#8221;]\n<h1 class=\"western\" style=\"text-align: center;\">Noleggio Auto Imerovigli Santorini<\/h1>\n<figure id=\"attachment_3055\" aria-describedby=\"caption-attachment-3055\" style=\"width: 300px\" class=\"wp-caption aligncenter\"><img loading=\"lazy\" decoding=\"async\" class=\"wp-image-3055 size-full\" src=\"https:\/\/carhub.gr\/wp-content\/uploads\/2026\/01\/30704289_10156650808885649_8146171741979279360_n-300x295-1.jpg\" alt=\"Noleggio Auto Imerovigli Santorini\" width=\"300\" height=\"295\" \/><figcaption id=\"caption-attachment-3055\" class=\"wp-caption-text\">(Immagine di Noleggio Auto Imerovigli Santorini)<\/figcaption><\/figure>\n<p style=\"text-align: center;\"><span style=\"font-family: Arial, sans-serif; font-size: small; color: #444444;\"><br \/>\nPrima di tutto, <a href=\"https:\/\/www.greeka.com\/cyclades\/santorini\/santorini-villages\/santorini-imerovigli.htm\" target=\"_blank\" rel=\"noopener noreferrer\">Imerovigli<\/a> \u00e8 un villaggio pittoresco situato nella parte settentrionale di Santorini, a soli 2 km dalla capitale Fira. \u00c8 considerato una continuazione di Fira ed \u00e8 uno dei balconi pi\u00f9 belli dell\u2019isola. Il nome Imerovigli deriva dalla parola \u201cvigla\u201d, che significa punto di osservazione. Di conseguenza, la posizione del villaggio offre una vista libera sulla Caldera e, in passato, permetteva agli abitanti di avvistare le navi dei pirati in avvicinamento. Oggi, Imerovigli \u00e8 uno degli insediamenti tradizionali riconosciuti di Santorini, con numerosi hotel e case tradizionali.<br \/>\n<\/span><\/p>\n<p style=\"text-align: center;\"><span style=\"font-family: Arial, sans-serif; font-size: small; color: #000000;\"><br \/>\nCi sono inoltre molte taverne e caff\u00e8 con una vista mozzafiato sulla Caldera. Di fronte a Imerovigli si erge un enorme scoglio chiamato Skaros, sulla cui sommit\u00e0 si trovava un castello costruito nel XIII secolo e abbandonato all\u2019inizio del XIX secolo. Il castello ospitava un tempo tutti gli uffici amministrativi dell\u2019isola.<br \/>\n<\/span><br \/>\n<span style=\"font-family: Arial, sans-serif; font-size: small; color: #000000;\"><br \/>\nQuesta parte dell\u2019isola croll\u00f2 dopo un terremoto e oggi rimane solo l\u2019imponente collina di Skaros. Imerovigli ospita numerose cappelle e chiese costruite sulle rocce con vista sul mare blu dell\u2019Egeo. Il villaggio \u00e8 conosciuto come una delle destinazioni pi\u00f9 romantiche di Santorini.<br \/>\n<\/span><\/p>\n<h2 style=\"text-align: center;\">Noleggio Auto Imerovigli Santorini<\/h2>\n<p style=\"text-align: center;\"><span style=\"font-family: Arial, sans-serif; font-size: small; color: #000000;\"><br \/>\nInoltre, <strong><a href=\"http:\/\/carhub.gr\/\">noleggiare un\u2019auto<\/a><\/strong> se soggiornate in questa zona \u00e8 un\u2019ottima idea, poich\u00e9 vi offre la libert\u00e0 di esplorare l\u2019isola unica di Santorini. Potete ritirare la vostra <strong>auto a noleggio a Imerovigli Santorini<\/strong> e raggiungere le spiagge dell\u2019isola, il vostro ristorante preferito o uno dei numerosi siti archeologici.<br \/>\n<\/span><br \/>\n<span style=\"font-family: Arial, sans-serif; font-size: small; color: #000000;\"><br \/>\nLa consegna dell\u2019auto a noleggio a Imerovigli Santorini \u00e8 molto semplice, poich\u00e9 possiamo consegnare l\u2019auto di vostra scelta direttamente in qualsiasi hotel della zona, senza alcun costo aggiuntivo. Infine, anche la restituzione dell\u2019auto nello stesso luogo \u00e8 completamente gratuita.<br \/>\n<\/span><\/p>\n[\/vc_column_text][\/vc_column][\/vc_row]\n<\/div>","protected":false},"excerpt":{"rendered":"<p>[vc_row][vc_column][vc_column_text css=&#8221;&#8221;] Noleggio Auto Imerovigli Santorini Prima di tutto, Imerovigli \u00e8 un villaggio pittoresco situato nella parte settentrionale di Santorini, a soli 2 km dalla capitale Fira. \u00c8 considerato una continuazione di Fira ed \u00e8 uno dei balconi pi\u00f9 belli dell\u2019isola. Il nome Imerovigli deriva dalla parola \u201cvigla\u201d, che significa punto di osservazione. Di conseguenza,&hellip;<\/p>\n","protected":false},"author":2,"featured_media":0,"parent":0,"menu_order":0,"comment_status":"closed","ping_status":"closed","template":"templates\/no-sidebar.php","meta":{"footnotes":""},"class_list":["post-3064","page","type-page","status-publish","hentry","entry","no-media"],"yoast_head":"<!-- This site is optimized with the Yoast SEO plugin v27.2 - https:\/\/yoast.com\/product\/yoast-seo-wordpress\/ -->\n<title>Noleggio Auto Imerovigli Santorini - Carhub<\/title>\n<meta name=\"robots\" content=\"index, follow, max-snippet:-1, max-image-preview:large, max-video-preview:-1\" \/>\n<link rel=\"canonical\" href=\"https:\/\/carhub.gr\/it\/noleggio-auto-imerovigli-santorini\/\" \/>\n<meta property=\"og:locale\" content=\"it_IT\" \/>\n<meta property=\"og:type\" content=\"article\" \/>\n<meta property=\"og:title\" content=\"Noleggio Auto Imerovigli Santorini - Carhub\" \/>\n<meta property=\"og:description\" content=\"[vc_row][vc_column][vc_column_text css=&#8221;&#8221;] Noleggio Auto Imerovigli Santorini Prima di tutto, Imerovigli \u00e8 un villaggio pittoresco situato nella parte settentrionale di Santorini, a soli 2 km dalla capitale Fira. \u00c8 considerato una continuazione di Fira ed \u00e8 uno dei balconi pi\u00f9 belli dell\u2019isola. Il nome Imerovigli deriva dalla parola \u201cvigla\u201d, che significa punto di osservazione. Di conseguenza,&hellip;\" \/>\n<meta property=\"og:url\" content=\"https:\/\/carhub.gr\/it\/noleggio-auto-imerovigli-santorini\/\" \/>\n<meta property=\"og:site_name\" content=\"Carhub\" \/>\n<meta property=\"article:publisher\" content=\"https:\/\/www.facebook.com\/carhub.gr\/\" \/>\n<meta property=\"article:modified_time\" content=\"2026-01-09T15:31:41+00:00\" \/>\n<meta property=\"og:image\" content=\"https:\/\/carhub.gr\/wp-content\/uploads\/2026\/01\/30704289_10156650808885649_8146171741979279360_n-300x295-1.jpg\" \/>\n\t<meta property=\"og:image:width\" content=\"300\" \/>\n\t<meta property=\"og:image:height\" content=\"295\" \/>\n\t<meta property=\"og:image:type\" content=\"image\/jpeg\" \/>\n<meta name=\"twitter:card\" content=\"summary_large_image\" \/>\n<meta name=\"twitter:label1\" content=\"Tempo di lettura stimato\" \/>\n\t<meta name=\"twitter:data1\" content=\"2 minuti\" \/>\n<script type=\"application\/ld+json\" class=\"yoast-schema-graph\">{\"@context\":\"https:\/\/schema.org\",\"@graph\":[{\"@type\":\"WebPage\",\"@id\":\"https:\/\/carhub.gr\/it\/noleggio-auto-imerovigli-santorini\/\",\"url\":\"https:\/\/carhub.gr\/it\/noleggio-auto-imerovigli-santorini\/\",\"name\":\"Noleggio Auto Imerovigli Santorini - Carhub\",\"isPartOf\":{\"@id\":\"https:\/\/carhub.gr\/it\/#website\"},\"primaryImageOfPage\":{\"@id\":\"https:\/\/carhub.gr\/it\/noleggio-auto-imerovigli-santorini\/#primaryimage\"},\"image\":{\"@id\":\"https:\/\/carhub.gr\/it\/noleggio-auto-imerovigli-santorini\/#primaryimage\"},\"thumbnailUrl\":\"https:\/\/carhub.gr\/wp-content\/uploads\/2026\/01\/30704289_10156650808885649_8146171741979279360_n-300x295-1.jpg\",\"datePublished\":\"2026-01-09T15:23:56+00:00\",\"dateModified\":\"2026-01-09T15:31:41+00:00\",\"breadcrumb\":{\"@id\":\"https:\/\/carhub.gr\/it\/noleggio-auto-imerovigli-santorini\/#breadcrumb\"},\"inLanguage\":\"it-IT\",\"potentialAction\":[{\"@type\":\"ReadAction\",\"target\":[\"https:\/\/carhub.gr\/it\/noleggio-auto-imerovigli-santorini\/\"]}]},{\"@type\":\"ImageObject\",\"inLanguage\":\"it-IT\",\"@id\":\"https:\/\/carhub.gr\/it\/noleggio-auto-imerovigli-santorini\/#primaryimage\",\"url\":\"https:\/\/carhub.gr\/wp-content\/uploads\/2026\/01\/30704289_10156650808885649_8146171741979279360_n-300x295-1.jpg\",\"contentUrl\":\"https:\/\/carhub.gr\/wp-content\/uploads\/2026\/01\/30704289_10156650808885649_8146171741979279360_n-300x295-1.jpg\"},{\"@type\":\"BreadcrumbList\",\"@id\":\"https:\/\/carhub.gr\/it\/noleggio-auto-imerovigli-santorini\/#breadcrumb\",\"itemListElement\":[{\"@type\":\"ListItem\",\"position\":1,\"name\":\"Home\",\"item\":\"https:\/\/carhub.gr\/it\/\"},{\"@type\":\"ListItem\",\"position\":2,\"name\":\"Noleggio Auto Imerovigli Santorini\"}]},{\"@type\":\"WebSite\",\"@id\":\"https:\/\/carhub.gr\/it\/#website\",\"url\":\"https:\/\/carhub.gr\/it\/\",\"name\":\"Carhub\",\"description\":\"Rent a car Santorini - Santorini Car Hire\",\"publisher\":{\"@id\":\"https:\/\/carhub.gr\/it\/#organization\"},\"alternateName\":\"RENT A CAR SANTORINI - SANTORINI CAR RENTAL\",\"potentialAction\":[{\"@type\":\"SearchAction\",\"target\":{\"@type\":\"EntryPoint\",\"urlTemplate\":\"https:\/\/carhub.gr\/it\/?s={search_term_string}\"},\"query-input\":{\"@type\":\"PropertyValueSpecification\",\"valueRequired\":true,\"valueName\":\"search_term_string\"}}],\"inLanguage\":\"it-IT\"},{\"@type\":\"Organization\",\"@id\":\"https:\/\/carhub.gr\/it\/#organization\",\"name\":\"Carhub\",\"url\":\"https:\/\/carhub.gr\/it\/\",\"logo\":{\"@type\":\"ImageObject\",\"inLanguage\":\"it-IT\",\"@id\":\"https:\/\/carhub.gr\/it\/#\/schema\/logo\/image\/\",\"url\":\"https:\/\/carhub.gr\/wp-content\/uploads\/2025\/12\/logo-carhub-1.png\",\"contentUrl\":\"https:\/\/carhub.gr\/wp-content\/uploads\/2025\/12\/logo-carhub-1.png\",\"width\":182,\"height\":53,\"caption\":\"Carhub\"},\"image\":{\"@id\":\"https:\/\/carhub.gr\/it\/#\/schema\/logo\/image\/\"},\"sameAs\":[\"https:\/\/www.facebook.com\/carhub.gr\/\"]}]}<\/script>\n<!-- \/ Yoast SEO plugin. -->","yoast_head_json":{"title":"Noleggio Auto Imerovigli Santorini - Carhub","robots":{"index":"index","follow":"follow","max-snippet":"max-snippet:-1","max-image-preview":"max-image-preview:large","max-video-preview":"max-video-preview:-1"},"canonical":"https:\/\/carhub.gr\/it\/noleggio-auto-imerovigli-santorini\/","og_locale":"it_IT","og_type":"article","og_title":"Noleggio Auto Imerovigli Santorini - Carhub","og_description":"[vc_row][vc_column][vc_column_text css=&#8221;&#8221;] Noleggio Auto Imerovigli Santorini Prima di tutto, Imerovigli \u00e8 un villaggio pittoresco situato nella parte settentrionale di Santorini, a soli 2 km dalla capitale Fira. \u00c8 considerato una continuazione di Fira ed \u00e8 uno dei balconi pi\u00f9 belli dell\u2019isola. Il nome Imerovigli deriva dalla parola \u201cvigla\u201d, che significa punto di osservazione. Di conseguenza,&hellip;","og_url":"https:\/\/carhub.gr\/it\/noleggio-auto-imerovigli-santorini\/","og_site_name":"Carhub","article_publisher":"https:\/\/www.facebook.com\/carhub.gr\/","article_modified_time":"2026-01-09T15:31:41+00:00","og_image":[{"width":300,"height":295,"url":"https:\/\/carhub.gr\/wp-content\/uploads\/2026\/01\/30704289_10156650808885649_8146171741979279360_n-300x295-1.jpg","type":"image\/jpeg"}],"twitter_card":"summary_large_image","twitter_misc":{"Tempo di lettura stimato":"2 minuti"},"schema":{"@context":"https:\/\/schema.org","@graph":[{"@type":"WebPage","@id":"https:\/\/carhub.gr\/it\/noleggio-auto-imerovigli-santorini\/","url":"https:\/\/carhub.gr\/it\/noleggio-auto-imerovigli-santorini\/","name":"Noleggio Auto Imerovigli Santorini - Carhub","isPartOf":{"@id":"https:\/\/carhub.gr\/it\/#website"},"primaryImageOfPage":{"@id":"https:\/\/carhub.gr\/it\/noleggio-auto-imerovigli-santorini\/#primaryimage"},"image":{"@id":"https:\/\/carhub.gr\/it\/noleggio-auto-imerovigli-santorini\/#primaryimage"},"thumbnailUrl":"https:\/\/carhub.gr\/wp-content\/uploads\/2026\/01\/30704289_10156650808885649_8146171741979279360_n-300x295-1.jpg","datePublished":"2026-01-09T15:23:56+00:00","dateModified":"2026-01-09T15:31:41+00:00","breadcrumb":{"@id":"https:\/\/carhub.gr\/it\/noleggio-auto-imerovigli-santorini\/#breadcrumb"},"inLanguage":"it-IT","potentialAction":[{"@type":"ReadAction","target":["https:\/\/carhub.gr\/it\/noleggio-auto-imerovigli-santorini\/"]}]},{"@type":"ImageObject","inLanguage":"it-IT","@id":"https:\/\/carhub.gr\/it\/noleggio-auto-imerovigli-santorini\/#primaryimage","url":"https:\/\/carhub.gr\/wp-content\/uploads\/2026\/01\/30704289_10156650808885649_8146171741979279360_n-300x295-1.jpg","contentUrl":"https:\/\/carhub.gr\/wp-content\/uploads\/2026\/01\/30704289_10156650808885649_8146171741979279360_n-300x295-1.jpg"},{"@type":"BreadcrumbList","@id":"https:\/\/carhub.gr\/it\/noleggio-auto-imerovigli-santorini\/#breadcrumb","itemListElement":[{"@type":"ListItem","position":1,"name":"Home","item":"https:\/\/carhub.gr\/it\/"},{"@type":"ListItem","position":2,"name":"Noleggio Auto Imerovigli Santorini"}]},{"@type":"WebSite","@id":"https:\/\/carhub.gr\/it\/#website","url":"https:\/\/carhub.gr\/it\/","name":"Carhub","description":"Rent a car Santorini - Santorini Car Hire","publisher":{"@id":"https:\/\/carhub.gr\/it\/#organization"},"alternateName":"RENT A CAR SANTORINI - SANTORINI CAR RENTAL","potentialAction":[{"@type":"SearchAction","target":{"@type":"EntryPoint","urlTemplate":"https:\/\/carhub.gr\/it\/?s={search_term_string}"},"query-input":{"@type":"PropertyValueSpecification","valueRequired":true,"valueName":"search_term_string"}}],"inLanguage":"it-IT"},{"@type":"Organization","@id":"https:\/\/carhub.gr\/it\/#organization","name":"Carhub","url":"https:\/\/carhub.gr\/it\/","logo":{"@type":"ImageObject","inLanguage":"it-IT","@id":"https:\/\/carhub.gr\/it\/#\/schema\/logo\/image\/","url":"https:\/\/carhub.gr\/wp-content\/uploads\/2025\/12\/logo-carhub-1.png","contentUrl":"https:\/\/carhub.gr\/wp-content\/uploads\/2025\/12\/logo-carhub-1.png","width":182,"height":53,"caption":"Carhub"},"image":{"@id":"https:\/\/carhub.gr\/it\/#\/schema\/logo\/image\/"},"sameAs":["https:\/\/www.facebook.com\/carhub.gr\/"]}]}},"_links":{"self":[{"href":"https:\/\/carhub.gr\/it\/wp-json\/wp\/v2\/pages\/3064","targetHints":{"allow":["GET"]}}],"collection":[{"href":"https:\/\/carhub.gr\/it\/wp-json\/wp\/v2\/pages"}],"about":[{"href":"https:\/\/carhub.gr\/it\/wp-json\/wp\/v2\/types\/page"}],"author":[{"embeddable":true,"href":"https:\/\/carhub.gr\/it\/wp-json\/wp\/v2\/users\/2"}],"replies":[{"embeddable":true,"href":"https:\/\/carhub.gr\/it\/wp-json\/wp\/v2\/comments?post=3064"}],"version-history":[{"count":1,"href":"https:\/\/carhub.gr\/it\/wp-json\/wp\/v2\/pages\/3064\/revisions"}],"predecessor-version":[{"id":3073,"href":"https:\/\/carhub.gr\/it\/wp-json\/wp\/v2\/pages\/3064\/revisions\/3073"}],"wp:attachment":[{"href":"https:\/\/carhub.gr\/it\/wp-json\/wp\/v2\/media?parent=3064"}],"curies":[{"name":"wp","href":"https:\/\/api.w.org\/{rel}","templated":true}]}}