{"id":3044,"date":"2026-01-09T17:09:10","date_gmt":"2026-01-09T15:09:10","guid":{"rendered":"https:\/\/carhub.gr\/rental-cars-firostefani-santorini\/"},"modified":"2026-01-09T17:14:33","modified_gmt":"2026-01-09T15:14:33","slug":"noleggio-auto-firostefani-santorini","status":"publish","type":"page","link":"https:\/\/carhub.gr\/it\/noleggio-auto-firostefani-santorini\/","title":{"rendered":"Noleggio auto Firostefani Santorini"},"content":{"rendered":"<div class=\"wpb-content-wrapper\">[vc_row][vc_column][vc_column_text css=&#8221;&#8221;]\n<h1 class=\"western\" style=\"text-align: center;\">Noleggio auto Firostefani Santorini<\/h1>\n<figure id=\"attachment_3036\" aria-describedby=\"caption-attachment-3036\" style=\"width: 209px\" class=\"wp-caption aligncenter\"><a href=\"https:\/\/www.greeka.com\/cyclades\/santorini\/santorini-villages\/santorini-firostefani.htm\" target=\"_blank\" rel=\"noopener noreferrer\"><img loading=\"lazy\" decoding=\"async\" class=\"wp-image-3036 size-full\" src=\"https:\/\/carhub.gr\/wp-content\/uploads\/2026\/01\/29244012_10156551096220649_2715891040270680064_n-209x300-1.jpg\" alt=\"Noleggio auto Firostefani Santorini\" width=\"209\" height=\"300\" \/><\/a><figcaption id=\"caption-attachment-3036\" class=\"wp-caption-text\">(Immagine del noleggio auto a Firostefani, Santorini)<\/figcaption><\/figure>\n<p><span style=\"font-family: Arial, sans-serif;\"><span style=\"font-size: small;\"><span style=\"color: #000000;\"><a href=\"https:\/\/www.greeka.com\/cyclades\/santorini\/santorini-villages\/santorini-firostefani.htm\" target=\"_blank\" rel=\"noopener noreferrer\">Firostefani<\/a> \u00e8 considerato un insediamento a s\u00e9 stante, in realt\u00e0 un\u2019estensione di Fira, la splendida capitale di Santorini. Il nome \u201cFirostefani\u201d (Fira + Stefani, che in greco significa corona) deriva dalla sua posizione nella parte pi\u00f9 alta di Fira. La sua posizione privilegiata sulla caldera, nella parte settentrionale dell\u2019isola, lo rende un luogo davvero straordinario.<\/span><\/span><\/span><span style=\"font-family: Arial, sans-serif;\"><span style=\"font-size: small;\"><span style=\"color: #000000;\">Da qui, dalla \u201ccorona\u201d di Fira, la vista \u00e8 semplicemente magnifica e offre ai visitatori una prospettiva diversa sul vulcano. La bellezza selvaggia della caldera, insieme alla vista del vulcano, crea uno scenario emozionante.<\/span><\/span><\/span><\/p>\n<p><span style=\"font-family: Arial, sans-serif;\"><span style=\"font-size: small;\"><span style=\"color: #000000;\">Una passeggiata tra i sentieri stretti e pittoreschi sapr\u00e0 sicuramente regalarvi momenti di gioia. Trascorrete molte ore ad ammirare il panorama, soprattutto al tramonto. Naturalmente, anche di notte il villaggio riesce a stupire: le luci lo fanno sembrare un dipinto. Il villaggio offre numerosi ristoranti e caff\u00e8 situati in posizioni davvero spettacolari. Tra i villaggi di Firostefani e Imerovigli si trova il monastero di Agios Nikolaos.<\/span><\/span><\/span><\/p>\n<h3 style=\"text-align: center;\">Noleggio auto Firostefani Santorini<\/h3>\n<p style=\"text-align: center;\"><span style=\"color: #000000;\"><span style=\"font-family: Arial, sans-serif;\"><span style=\"font-size: small;\">Infine, ricevete o restituite la vostra<\/span><\/span><\/span><strong><span style=\"color: #000000;\"><span style=\"font-family: Arial, sans-serif;\"><span style=\"font-size: small;\"><b> <a href=\"http:\/\/carhub.gr\/\">auto a noleggio<\/a><\/b><\/span><\/span><\/span><\/strong> <span style=\"color: #000000;\"><span style=\"font-family: Arial, sans-serif;\"><span style=\"font-size: small;\">a <\/span><\/span><\/span><strong><span style=\"color: #000000;\"><span style=\"font-family: Arial, sans-serif;\"><span style=\"font-size: small;\"><b>Firostefani a Santorini<\/b><\/span><\/span><\/span><\/strong><span style=\"color: #000000;\"><span style=\"font-family: Arial, sans-serif;\"><span style=\"font-size: small;\">, senza alcun costo aggiuntivo. La maggior parte degli hotel di Firostefani \u00e8 costruita sulle scogliere, quindi quando <\/span><\/span><\/span><strong><span style=\"color: #000000;\"><span style=\"font-family: Arial, sans-serif;\"><span style=\"font-size: small;\"><b>noleggiate<\/b><\/span><\/span><\/span><\/strong> <span style=\"color: #000000;\"><span style=\"font-family: Arial, sans-serif;\"><span style=\"font-size: small;\">la vostra <\/span><\/span><\/span><strong><span style=\"color: #000000;\"><span style=\"font-family: Arial, sans-serif;\"><span style=\"font-size: small;\"><b>auto<\/b><\/span><\/span><\/span><\/strong> <span style=\"color: #000000;\"><span style=\"font-family: Arial, sans-serif;\"><span style=\"font-size: small;\">a <\/span><\/span><\/span><strong><span style=\"color: #000000;\"><span style=\"font-family: Arial, sans-serif;\"><span style=\"font-size: small;\"><b>Firostefani<\/b><\/span><\/span><\/span><\/strong> <span style=\"color: #000000;\"><span style=\"font-family: Arial, sans-serif;\"><span style=\"font-size: small;\">a <\/span><\/span><\/span><strong><span style=\"color: #000000;\"><span style=\"font-family: Arial, sans-serif;\"><span style=\"font-size: small;\"><b>Santorini<\/b><\/span><\/span><\/span><\/strong><span style=\"color: #000000;\"><span style=\"font-family: Arial, sans-serif;\"><span style=\"font-size: small;\">, potete parcheggiarla in una delle numerose aree di parcheggio gratuito, comodamente situate a pochi passi dagli hotel della caldera. Il nostro staff pu\u00f2 anche incontrarvi alla reception del vostro hotel, se per voi \u00e8 pi\u00f9 comodo, e consegnarvi la vostra <\/span><\/span><\/span><em><span style=\"color: #000000;\"><span style=\"font-family: Arial, sans-serif;\"><span style=\"font-size: small;\">auto a noleggio<\/span><\/span><\/span><\/em><span style=\"color: #000000;\">. <\/span><span style=\"color: #000000;\"><span style=\"font-family: Arial, sans-serif;\"><span style=\"font-size: small;\">Quindi, se avete voglia di esplorare l\u2019isola, non dovete fare altro che chiamarci, inviarci un\u2019e-mail o prenotare tramite il nostro sito web, e vi consegneremo l\u2019auto che preferite direttamente a Firostefani.<\/span><\/span><\/span><\/p>\n[\/vc_column_text][\/vc_column][\/vc_row]\n<\/div>","protected":false},"excerpt":{"rendered":"<p>[vc_row][vc_column][vc_column_text css=&#8221;&#8221;] Noleggio auto Firostefani Santorini Firostefani \u00e8 considerato un insediamento a s\u00e9 stante, in realt\u00e0 un\u2019estensione di Fira, la splendida capitale di Santorini. Il nome \u201cFirostefani\u201d (Fira + Stefani, che in greco significa corona) deriva dalla sua posizione nella parte pi\u00f9 alta di Fira. La sua posizione privilegiata sulla caldera, nella parte settentrionale dell\u2019isola,&hellip;<\/p>\n","protected":false},"author":2,"featured_media":0,"parent":0,"menu_order":0,"comment_status":"closed","ping_status":"closed","template":"templates\/no-sidebar.php","meta":{"footnotes":""},"class_list":["post-3044","page","type-page","status-publish","hentry","entry","no-media"],"yoast_head":"<!-- This site is optimized with the Yoast SEO plugin v27.2 - https:\/\/yoast.com\/product\/yoast-seo-wordpress\/ -->\n<title>Noleggio auto Firostefani Santorini - Carhub<\/title>\n<meta name=\"robots\" content=\"index, follow, max-snippet:-1, max-image-preview:large, max-video-preview:-1\" \/>\n<link rel=\"canonical\" href=\"https:\/\/carhub.gr\/it\/noleggio-auto-firostefani-santorini\/\" \/>\n<meta property=\"og:locale\" content=\"it_IT\" \/>\n<meta property=\"og:type\" content=\"article\" \/>\n<meta property=\"og:title\" content=\"Noleggio auto Firostefani Santorini - Carhub\" \/>\n<meta property=\"og:description\" content=\"[vc_row][vc_column][vc_column_text css=&#8221;&#8221;] Noleggio auto Firostefani Santorini Firostefani \u00e8 considerato un insediamento a s\u00e9 stante, in realt\u00e0 un\u2019estensione di Fira, la splendida capitale di Santorini. Il nome \u201cFirostefani\u201d (Fira + Stefani, che in greco significa corona) deriva dalla sua posizione nella parte pi\u00f9 alta di Fira. La sua posizione privilegiata sulla caldera, nella parte settentrionale dell\u2019isola,&hellip;\" \/>\n<meta property=\"og:url\" content=\"https:\/\/carhub.gr\/it\/noleggio-auto-firostefani-santorini\/\" \/>\n<meta property=\"og:site_name\" content=\"Carhub\" \/>\n<meta property=\"article:publisher\" content=\"https:\/\/www.facebook.com\/carhub.gr\/\" \/>\n<meta property=\"article:modified_time\" content=\"2026-01-09T15:14:33+00:00\" \/>\n<meta property=\"og:image\" content=\"https:\/\/carhub.gr\/wp-content\/uploads\/2026\/01\/29244012_10156551096220649_2715891040270680064_n-209x300-1.jpg\" \/>\n\t<meta property=\"og:image:width\" content=\"209\" \/>\n\t<meta property=\"og:image:height\" content=\"300\" \/>\n\t<meta property=\"og:image:type\" content=\"image\/jpeg\" \/>\n<meta name=\"twitter:card\" content=\"summary_large_image\" \/>\n<meta name=\"twitter:label1\" content=\"Tempo di lettura stimato\" \/>\n\t<meta name=\"twitter:data1\" content=\"2 minuti\" \/>\n<script type=\"application\/ld+json\" class=\"yoast-schema-graph\">{\"@context\":\"https:\/\/schema.org\",\"@graph\":[{\"@type\":\"WebPage\",\"@id\":\"https:\/\/carhub.gr\/it\/noleggio-auto-firostefani-santorini\/\",\"url\":\"https:\/\/carhub.gr\/it\/noleggio-auto-firostefani-santorini\/\",\"name\":\"Noleggio auto Firostefani Santorini - Carhub\",\"isPartOf\":{\"@id\":\"https:\/\/carhub.gr\/it\/#website\"},\"primaryImageOfPage\":{\"@id\":\"https:\/\/carhub.gr\/it\/noleggio-auto-firostefani-santorini\/#primaryimage\"},\"image\":{\"@id\":\"https:\/\/carhub.gr\/it\/noleggio-auto-firostefani-santorini\/#primaryimage\"},\"thumbnailUrl\":\"https:\/\/carhub.gr\/wp-content\/uploads\/2026\/01\/29244012_10156551096220649_2715891040270680064_n-209x300-1.jpg\",\"datePublished\":\"2026-01-09T15:09:10+00:00\",\"dateModified\":\"2026-01-09T15:14:33+00:00\",\"breadcrumb\":{\"@id\":\"https:\/\/carhub.gr\/it\/noleggio-auto-firostefani-santorini\/#breadcrumb\"},\"inLanguage\":\"it-IT\",\"potentialAction\":[{\"@type\":\"ReadAction\",\"target\":[\"https:\/\/carhub.gr\/it\/noleggio-auto-firostefani-santorini\/\"]}]},{\"@type\":\"ImageObject\",\"inLanguage\":\"it-IT\",\"@id\":\"https:\/\/carhub.gr\/it\/noleggio-auto-firostefani-santorini\/#primaryimage\",\"url\":\"https:\/\/carhub.gr\/wp-content\/uploads\/2026\/01\/29244012_10156551096220649_2715891040270680064_n-209x300-1.jpg\",\"contentUrl\":\"https:\/\/carhub.gr\/wp-content\/uploads\/2026\/01\/29244012_10156551096220649_2715891040270680064_n-209x300-1.jpg\"},{\"@type\":\"BreadcrumbList\",\"@id\":\"https:\/\/carhub.gr\/it\/noleggio-auto-firostefani-santorini\/#breadcrumb\",\"itemListElement\":[{\"@type\":\"ListItem\",\"position\":1,\"name\":\"Home\",\"item\":\"https:\/\/carhub.gr\/it\/\"},{\"@type\":\"ListItem\",\"position\":2,\"name\":\"Noleggio auto Firostefani Santorini\"}]},{\"@type\":\"WebSite\",\"@id\":\"https:\/\/carhub.gr\/it\/#website\",\"url\":\"https:\/\/carhub.gr\/it\/\",\"name\":\"Carhub\",\"description\":\"Rent a car Santorini - Santorini Car Hire\",\"publisher\":{\"@id\":\"https:\/\/carhub.gr\/it\/#organization\"},\"alternateName\":\"RENT A CAR SANTORINI - SANTORINI CAR RENTAL\",\"potentialAction\":[{\"@type\":\"SearchAction\",\"target\":{\"@type\":\"EntryPoint\",\"urlTemplate\":\"https:\/\/carhub.gr\/it\/?s={search_term_string}\"},\"query-input\":{\"@type\":\"PropertyValueSpecification\",\"valueRequired\":true,\"valueName\":\"search_term_string\"}}],\"inLanguage\":\"it-IT\"},{\"@type\":\"Organization\",\"@id\":\"https:\/\/carhub.gr\/it\/#organization\",\"name\":\"Carhub\",\"url\":\"https:\/\/carhub.gr\/it\/\",\"logo\":{\"@type\":\"ImageObject\",\"inLanguage\":\"it-IT\",\"@id\":\"https:\/\/carhub.gr\/it\/#\/schema\/logo\/image\/\",\"url\":\"https:\/\/carhub.gr\/wp-content\/uploads\/2025\/12\/logo-carhub-1.png\",\"contentUrl\":\"https:\/\/carhub.gr\/wp-content\/uploads\/2025\/12\/logo-carhub-1.png\",\"width\":182,\"height\":53,\"caption\":\"Carhub\"},\"image\":{\"@id\":\"https:\/\/carhub.gr\/it\/#\/schema\/logo\/image\/\"},\"sameAs\":[\"https:\/\/www.facebook.com\/carhub.gr\/\"]}]}<\/script>\n<!-- \/ Yoast SEO plugin. -->","yoast_head_json":{"title":"Noleggio auto Firostefani Santorini - Carhub","robots":{"index":"index","follow":"follow","max-snippet":"max-snippet:-1","max-image-preview":"max-image-preview:large","max-video-preview":"max-video-preview:-1"},"canonical":"https:\/\/carhub.gr\/it\/noleggio-auto-firostefani-santorini\/","og_locale":"it_IT","og_type":"article","og_title":"Noleggio auto Firostefani Santorini - Carhub","og_description":"[vc_row][vc_column][vc_column_text css=&#8221;&#8221;] Noleggio auto Firostefani Santorini Firostefani \u00e8 considerato un insediamento a s\u00e9 stante, in realt\u00e0 un\u2019estensione di Fira, la splendida capitale di Santorini. Il nome \u201cFirostefani\u201d (Fira + Stefani, che in greco significa corona) deriva dalla sua posizione nella parte pi\u00f9 alta di Fira. La sua posizione privilegiata sulla caldera, nella parte settentrionale dell\u2019isola,&hellip;","og_url":"https:\/\/carhub.gr\/it\/noleggio-auto-firostefani-santorini\/","og_site_name":"Carhub","article_publisher":"https:\/\/www.facebook.com\/carhub.gr\/","article_modified_time":"2026-01-09T15:14:33+00:00","og_image":[{"width":209,"height":300,"url":"https:\/\/carhub.gr\/wp-content\/uploads\/2026\/01\/29244012_10156551096220649_2715891040270680064_n-209x300-1.jpg","type":"image\/jpeg"}],"twitter_card":"summary_large_image","twitter_misc":{"Tempo di lettura stimato":"2 minuti"},"schema":{"@context":"https:\/\/schema.org","@graph":[{"@type":"WebPage","@id":"https:\/\/carhub.gr\/it\/noleggio-auto-firostefani-santorini\/","url":"https:\/\/carhub.gr\/it\/noleggio-auto-firostefani-santorini\/","name":"Noleggio auto Firostefani Santorini - Carhub","isPartOf":{"@id":"https:\/\/carhub.gr\/it\/#website"},"primaryImageOfPage":{"@id":"https:\/\/carhub.gr\/it\/noleggio-auto-firostefani-santorini\/#primaryimage"},"image":{"@id":"https:\/\/carhub.gr\/it\/noleggio-auto-firostefani-santorini\/#primaryimage"},"thumbnailUrl":"https:\/\/carhub.gr\/wp-content\/uploads\/2026\/01\/29244012_10156551096220649_2715891040270680064_n-209x300-1.jpg","datePublished":"2026-01-09T15:09:10+00:00","dateModified":"2026-01-09T15:14:33+00:00","breadcrumb":{"@id":"https:\/\/carhub.gr\/it\/noleggio-auto-firostefani-santorini\/#breadcrumb"},"inLanguage":"it-IT","potentialAction":[{"@type":"ReadAction","target":["https:\/\/carhub.gr\/it\/noleggio-auto-firostefani-santorini\/"]}]},{"@type":"ImageObject","inLanguage":"it-IT","@id":"https:\/\/carhub.gr\/it\/noleggio-auto-firostefani-santorini\/#primaryimage","url":"https:\/\/carhub.gr\/wp-content\/uploads\/2026\/01\/29244012_10156551096220649_2715891040270680064_n-209x300-1.jpg","contentUrl":"https:\/\/carhub.gr\/wp-content\/uploads\/2026\/01\/29244012_10156551096220649_2715891040270680064_n-209x300-1.jpg"},{"@type":"BreadcrumbList","@id":"https:\/\/carhub.gr\/it\/noleggio-auto-firostefani-santorini\/#breadcrumb","itemListElement":[{"@type":"ListItem","position":1,"name":"Home","item":"https:\/\/carhub.gr\/it\/"},{"@type":"ListItem","position":2,"name":"Noleggio auto Firostefani Santorini"}]},{"@type":"WebSite","@id":"https:\/\/carhub.gr\/it\/#website","url":"https:\/\/carhub.gr\/it\/","name":"Carhub","description":"Rent a car Santorini - Santorini Car Hire","publisher":{"@id":"https:\/\/carhub.gr\/it\/#organization"},"alternateName":"RENT A CAR SANTORINI - SANTORINI CAR RENTAL","potentialAction":[{"@type":"SearchAction","target":{"@type":"EntryPoint","urlTemplate":"https:\/\/carhub.gr\/it\/?s={search_term_string}"},"query-input":{"@type":"PropertyValueSpecification","valueRequired":true,"valueName":"search_term_string"}}],"inLanguage":"it-IT"},{"@type":"Organization","@id":"https:\/\/carhub.gr\/it\/#organization","name":"Carhub","url":"https:\/\/carhub.gr\/it\/","logo":{"@type":"ImageObject","inLanguage":"it-IT","@id":"https:\/\/carhub.gr\/it\/#\/schema\/logo\/image\/","url":"https:\/\/carhub.gr\/wp-content\/uploads\/2025\/12\/logo-carhub-1.png","contentUrl":"https:\/\/carhub.gr\/wp-content\/uploads\/2025\/12\/logo-carhub-1.png","width":182,"height":53,"caption":"Carhub"},"image":{"@id":"https:\/\/carhub.gr\/it\/#\/schema\/logo\/image\/"},"sameAs":["https:\/\/www.facebook.com\/carhub.gr\/"]}]}},"_links":{"self":[{"href":"https:\/\/carhub.gr\/it\/wp-json\/wp\/v2\/pages\/3044","targetHints":{"allow":["GET"]}}],"collection":[{"href":"https:\/\/carhub.gr\/it\/wp-json\/wp\/v2\/pages"}],"about":[{"href":"https:\/\/carhub.gr\/it\/wp-json\/wp\/v2\/types\/page"}],"author":[{"embeddable":true,"href":"https:\/\/carhub.gr\/it\/wp-json\/wp\/v2\/users\/2"}],"replies":[{"embeddable":true,"href":"https:\/\/carhub.gr\/it\/wp-json\/wp\/v2\/comments?post=3044"}],"version-history":[{"count":1,"href":"https:\/\/carhub.gr\/it\/wp-json\/wp\/v2\/pages\/3044\/revisions"}],"predecessor-version":[{"id":3051,"href":"https:\/\/carhub.gr\/it\/wp-json\/wp\/v2\/pages\/3044\/revisions\/3051"}],"wp:attachment":[{"href":"https:\/\/carhub.gr\/it\/wp-json\/wp\/v2\/media?parent=3044"}],"curies":[{"name":"wp","href":"https:\/\/api.w.org\/{rel}","templated":true}]}}