{"id":2999,"date":"2026-01-09T13:41:19","date_gmt":"2026-01-09T11:41:19","guid":{"rendered":"https:\/\/carhub.gr\/rental-car-pyrgos-santorini\/"},"modified":"2026-01-09T13:45:24","modified_gmt":"2026-01-09T11:45:24","slug":"noleggio-auto-a-pyrgos-santorini","status":"publish","type":"page","link":"https:\/\/carhub.gr\/it\/noleggio-auto-a-pyrgos-santorini\/","title":{"rendered":"Noleggio Auto a Pyrgos Santorini"},"content":{"rendered":"<div class=\"wpb-content-wrapper\">[vc_row][vc_column][vc_column_text css=&#8221;&#8221;]\n<h1 class=\"western\" style=\"text-align: center;\"><span style=\"color: #0076a2;\"><span style=\"font-family: 'Source Sans Pro', Arial, sans-serif;\"><span style=\"font-size: xx-large;\"><span style=\"color: #000000;\">Noleggio Auto a Pyrgos Santorini<\/span><\/span><\/span><\/span><\/h1>\n<figure id=\"attachment_2991\" aria-describedby=\"caption-attachment-2991\" style=\"width: 245px\" class=\"wp-caption aligncenter\"><img loading=\"lazy\" decoding=\"async\" class=\"wp-image-2991 size-full\" src=\"https:\/\/carhub.gr\/wp-content\/uploads\/2026\/01\/31166987_10156662206010649_5894789570913894400_n-245x300-1.jpg\" alt=\"Noleggio Auto a Pyrgos Santorini\" width=\"245\" height=\"300\" \/><figcaption id=\"caption-attachment-2991\" class=\"wp-caption-text\">Noleggio Auto a Pyrgos Santorini<\/figcaption><\/figure>\n<p style=\"text-align: center;\"><span style=\"font-family: Arial, sans-serif;\"><span style=\"font-size: small;\"><span style=\"color: #000000;\">Innanzitutto, ci\u00f2 che rende <a href=\"https:\/\/www.santorini-view.com\/pyrgos\/\" target=\"_blank\" rel=\"noopener noreferrer\">Pyrgos<\/a> unico \u00e8 il fatto che sia il villaggio pi\u00f9 alto di tutta l\u2019isola, offrendo splendide viste panoramiche su entrambi i lati di Santorini. Si trova inoltre sulla costa occidentale, a circa 8 chilometri a sud-est di Fira, la capitale di Santorini. Grazie alla sua posizione privilegiata, si distingue da lontano. La vista dall\u2019alto regala una prospettiva diversa, che si pu\u00f2 ammirare solo da Pyrgos: valli verdi, il mare sconfinato e l\u2019intera isola che si apre ai vostri piedi. Pyrgos rimane autentico e fedele all\u2019architettura cicladica. Il suo carattere leggermente incontaminato, con vicoli stretti e tortuosi e case in pietra, lo rende particolarmente affascinante.<\/span><\/span><\/span><\/p>\n<p style=\"text-align: center;\"><span style=\"font-family: Arial, sans-serif;\"><span style=\"font-size: small;\"><span style=\"color: #000000;\">Pyrgos \u00e8 inoltre circondato da chiese dalle cupole blu e vigneti. Qua e l\u00e0 incontrerete piccole gallerie e negozi nascosti in angoli suggestivi, passeggiando tra i vicoli in salita e in discesa. Nella parte bassa del villaggio si trovano alcuni negozi turistici, mini market, ristoranti accoglienti, taverne con cibo delizioso e caffetterie.<\/span><\/span><\/span><span style=\"font-family: Arial, sans-serif;\"><span style=\"font-size: small;\"><span style=\"color: #000000;\">La maggior parte si concentra intorno alla piazza principale, di forma circolare.<\/span><\/span><\/span><\/p>\n<h2 style=\"text-align: center;\">Noleggio Auto a Pyrgos Santorini<\/h2>\n<p style=\"text-align: center;\"><span style=\"color: #000000;\"><span style=\"font-family: Arial, sans-serif;\"><span style=\"font-size: small;\">Inoltre, la soluzione pi\u00f9 economica per spostarsi ovunque e in qualsiasi momento \u00e8 <\/span><\/span><\/span><strong><span style=\"color: #000000;\"><span style=\"font-family: Arial, sans-serif;\"><span style=\"font-size: small;\"><b>noleggiare un\u2019auto<\/b><\/span><\/span><\/span><\/strong><span style=\"color: #000000;\"><span style=\"font-family: Arial, sans-serif;\"><span style=\"font-size: small;\"> da <a href=\"http:\/\/carhub.gr\/\">Carhub<\/a>. Guidate la vostra <\/span><\/span><\/span><strong><span style=\"color: #000000;\"><span style=\"font-family: Arial, sans-serif;\"><span style=\"font-size: small;\"><b>auto a noleggio a Santorini<\/b><\/span><\/span><\/span><\/strong><span style=\"color: #000000;\"><span style=\"font-family: Arial, sans-serif;\"><span style=\"font-size: small;\"> da Pyrgos verso le spiagge, Fira, Oia, i siti archeologici, i musei o qualsiasi altro luogo desideriate visitare. Non c\u2019\u00e8 bisogno di aspettare l\u2019autobus o di pagare un taxi. Se cercate un <\/span><\/span><\/span><strong><span style=\"color: #000000;\"><span style=\"font-family: Arial, sans-serif;\"><span style=\"font-size: small;\"><b>servizio di noleggio auto a Santorini<\/b><\/span><\/span><\/span><\/strong><span style=\"color: #000000;\"><span style=\"font-family: Arial, sans-serif;\"><span style=\"font-size: small;\"> a Pyrgos, rendiamo tutto semplice, poich\u00e9 possiamo consegnare l\u2019<\/span><\/span><\/span><strong><span style=\"color: #000000;\"><span style=\"font-family: Arial, sans-serif;\"><span style=\"font-size: small;\"><b>auto<\/b><\/span><\/span><\/span><\/strong><span style=\"color: #000000;\"><span style=\"font-family: Arial, sans-serif;\"><span style=\"font-size: small;\"> di vostra scelta in qualsiasi hotel a <\/span><\/span><\/span><strong><span style=\"color: #000000;\"><span style=\"font-family: Arial, sans-serif;\"><span style=\"font-size: small;\"><b>Pyrgos<\/b><\/span><\/span><\/span><\/strong><span style=\"color: #000000;\"><span style=\"font-family: Arial, sans-serif;\"><span style=\"font-size: small;\"> senza costi aggiuntivi. Selezionate l\u2019auto che preferite, manuale o automatica, e iniziate a esplorare l\u2019isola di <\/span><\/span><\/span><strong><span style=\"color: #000000;\"><span style=\"font-family: Arial, sans-serif;\"><span style=\"font-size: small;\"><b>Santorini.<\/b><\/span><\/span><\/span><\/strong><\/p>\n[\/vc_column_text][\/vc_column][\/vc_row]\n<\/div>","protected":false},"excerpt":{"rendered":"<p>[vc_row][vc_column][vc_column_text css=&#8221;&#8221;] Noleggio Auto a Pyrgos Santorini Innanzitutto, ci\u00f2 che rende Pyrgos unico \u00e8 il fatto che sia il villaggio pi\u00f9 alto di tutta l\u2019isola, offrendo splendide viste panoramiche su entrambi i lati di Santorini. Si trova inoltre sulla costa occidentale, a circa 8 chilometri a sud-est di Fira, la capitale di Santorini. Grazie alla&hellip;<\/p>\n","protected":false},"author":2,"featured_media":0,"parent":0,"menu_order":0,"comment_status":"closed","ping_status":"closed","template":"templates\/no-sidebar.php","meta":{"footnotes":""},"class_list":["post-2999","page","type-page","status-publish","hentry","entry","no-media"],"yoast_head":"<!-- This site is optimized with the Yoast SEO plugin v27.2 - https:\/\/yoast.com\/product\/yoast-seo-wordpress\/ -->\n<title>Noleggio Auto a Pyrgos Santorini - Carhub<\/title>\n<meta name=\"robots\" content=\"index, follow, max-snippet:-1, max-image-preview:large, max-video-preview:-1\" \/>\n<link rel=\"canonical\" href=\"https:\/\/carhub.gr\/it\/noleggio-auto-a-pyrgos-santorini\/\" \/>\n<meta property=\"og:locale\" content=\"it_IT\" \/>\n<meta property=\"og:type\" content=\"article\" \/>\n<meta property=\"og:title\" content=\"Noleggio Auto a Pyrgos Santorini - Carhub\" \/>\n<meta property=\"og:description\" content=\"[vc_row][vc_column][vc_column_text css=&#8221;&#8221;] Noleggio Auto a Pyrgos Santorini Innanzitutto, ci\u00f2 che rende Pyrgos unico \u00e8 il fatto che sia il villaggio pi\u00f9 alto di tutta l\u2019isola, offrendo splendide viste panoramiche su entrambi i lati di Santorini. Si trova inoltre sulla costa occidentale, a circa 8 chilometri a sud-est di Fira, la capitale di Santorini. Grazie alla&hellip;\" \/>\n<meta property=\"og:url\" content=\"https:\/\/carhub.gr\/it\/noleggio-auto-a-pyrgos-santorini\/\" \/>\n<meta property=\"og:site_name\" content=\"Carhub\" \/>\n<meta property=\"article:publisher\" content=\"https:\/\/www.facebook.com\/carhub.gr\/\" \/>\n<meta property=\"article:modified_time\" content=\"2026-01-09T11:45:24+00:00\" \/>\n<meta property=\"og:image\" content=\"https:\/\/carhub.gr\/wp-content\/uploads\/2026\/01\/31166987_10156662206010649_5894789570913894400_n-245x300-1.jpg\" \/>\n\t<meta property=\"og:image:width\" content=\"245\" \/>\n\t<meta property=\"og:image:height\" content=\"300\" \/>\n\t<meta property=\"og:image:type\" content=\"image\/jpeg\" \/>\n<meta name=\"twitter:card\" content=\"summary_large_image\" \/>\n<meta name=\"twitter:label1\" content=\"Tempo di lettura stimato\" \/>\n\t<meta name=\"twitter:data1\" content=\"2 minuti\" \/>\n<script type=\"application\/ld+json\" class=\"yoast-schema-graph\">{\"@context\":\"https:\/\/schema.org\",\"@graph\":[{\"@type\":\"WebPage\",\"@id\":\"https:\/\/carhub.gr\/it\/noleggio-auto-a-pyrgos-santorini\/\",\"url\":\"https:\/\/carhub.gr\/it\/noleggio-auto-a-pyrgos-santorini\/\",\"name\":\"Noleggio Auto a Pyrgos Santorini - Carhub\",\"isPartOf\":{\"@id\":\"https:\/\/carhub.gr\/it\/#website\"},\"primaryImageOfPage\":{\"@id\":\"https:\/\/carhub.gr\/it\/noleggio-auto-a-pyrgos-santorini\/#primaryimage\"},\"image\":{\"@id\":\"https:\/\/carhub.gr\/it\/noleggio-auto-a-pyrgos-santorini\/#primaryimage\"},\"thumbnailUrl\":\"https:\/\/carhub.gr\/wp-content\/uploads\/2026\/01\/31166987_10156662206010649_5894789570913894400_n-245x300-1.jpg\",\"datePublished\":\"2026-01-09T11:41:19+00:00\",\"dateModified\":\"2026-01-09T11:45:24+00:00\",\"breadcrumb\":{\"@id\":\"https:\/\/carhub.gr\/it\/noleggio-auto-a-pyrgos-santorini\/#breadcrumb\"},\"inLanguage\":\"it-IT\",\"potentialAction\":[{\"@type\":\"ReadAction\",\"target\":[\"https:\/\/carhub.gr\/it\/noleggio-auto-a-pyrgos-santorini\/\"]}]},{\"@type\":\"ImageObject\",\"inLanguage\":\"it-IT\",\"@id\":\"https:\/\/carhub.gr\/it\/noleggio-auto-a-pyrgos-santorini\/#primaryimage\",\"url\":\"https:\/\/carhub.gr\/wp-content\/uploads\/2026\/01\/31166987_10156662206010649_5894789570913894400_n-245x300-1.jpg\",\"contentUrl\":\"https:\/\/carhub.gr\/wp-content\/uploads\/2026\/01\/31166987_10156662206010649_5894789570913894400_n-245x300-1.jpg\"},{\"@type\":\"BreadcrumbList\",\"@id\":\"https:\/\/carhub.gr\/it\/noleggio-auto-a-pyrgos-santorini\/#breadcrumb\",\"itemListElement\":[{\"@type\":\"ListItem\",\"position\":1,\"name\":\"Home\",\"item\":\"https:\/\/carhub.gr\/it\/\"},{\"@type\":\"ListItem\",\"position\":2,\"name\":\"Noleggio Auto a Pyrgos Santorini\"}]},{\"@type\":\"WebSite\",\"@id\":\"https:\/\/carhub.gr\/it\/#website\",\"url\":\"https:\/\/carhub.gr\/it\/\",\"name\":\"Carhub\",\"description\":\"Rent a car Santorini - Santorini Car Hire\",\"publisher\":{\"@id\":\"https:\/\/carhub.gr\/it\/#organization\"},\"alternateName\":\"RENT A CAR SANTORINI - SANTORINI CAR RENTAL\",\"potentialAction\":[{\"@type\":\"SearchAction\",\"target\":{\"@type\":\"EntryPoint\",\"urlTemplate\":\"https:\/\/carhub.gr\/it\/?s={search_term_string}\"},\"query-input\":{\"@type\":\"PropertyValueSpecification\",\"valueRequired\":true,\"valueName\":\"search_term_string\"}}],\"inLanguage\":\"it-IT\"},{\"@type\":\"Organization\",\"@id\":\"https:\/\/carhub.gr\/it\/#organization\",\"name\":\"Carhub\",\"url\":\"https:\/\/carhub.gr\/it\/\",\"logo\":{\"@type\":\"ImageObject\",\"inLanguage\":\"it-IT\",\"@id\":\"https:\/\/carhub.gr\/it\/#\/schema\/logo\/image\/\",\"url\":\"https:\/\/carhub.gr\/wp-content\/uploads\/2025\/12\/logo-carhub-1.png\",\"contentUrl\":\"https:\/\/carhub.gr\/wp-content\/uploads\/2025\/12\/logo-carhub-1.png\",\"width\":182,\"height\":53,\"caption\":\"Carhub\"},\"image\":{\"@id\":\"https:\/\/carhub.gr\/it\/#\/schema\/logo\/image\/\"},\"sameAs\":[\"https:\/\/www.facebook.com\/carhub.gr\/\"]}]}<\/script>\n<!-- \/ Yoast SEO plugin. -->","yoast_head_json":{"title":"Noleggio Auto a Pyrgos Santorini - Carhub","robots":{"index":"index","follow":"follow","max-snippet":"max-snippet:-1","max-image-preview":"max-image-preview:large","max-video-preview":"max-video-preview:-1"},"canonical":"https:\/\/carhub.gr\/it\/noleggio-auto-a-pyrgos-santorini\/","og_locale":"it_IT","og_type":"article","og_title":"Noleggio Auto a Pyrgos Santorini - Carhub","og_description":"[vc_row][vc_column][vc_column_text css=&#8221;&#8221;] Noleggio Auto a Pyrgos Santorini Innanzitutto, ci\u00f2 che rende Pyrgos unico \u00e8 il fatto che sia il villaggio pi\u00f9 alto di tutta l\u2019isola, offrendo splendide viste panoramiche su entrambi i lati di Santorini. Si trova inoltre sulla costa occidentale, a circa 8 chilometri a sud-est di Fira, la capitale di Santorini. Grazie alla&hellip;","og_url":"https:\/\/carhub.gr\/it\/noleggio-auto-a-pyrgos-santorini\/","og_site_name":"Carhub","article_publisher":"https:\/\/www.facebook.com\/carhub.gr\/","article_modified_time":"2026-01-09T11:45:24+00:00","og_image":[{"width":245,"height":300,"url":"https:\/\/carhub.gr\/wp-content\/uploads\/2026\/01\/31166987_10156662206010649_5894789570913894400_n-245x300-1.jpg","type":"image\/jpeg"}],"twitter_card":"summary_large_image","twitter_misc":{"Tempo di lettura stimato":"2 minuti"},"schema":{"@context":"https:\/\/schema.org","@graph":[{"@type":"WebPage","@id":"https:\/\/carhub.gr\/it\/noleggio-auto-a-pyrgos-santorini\/","url":"https:\/\/carhub.gr\/it\/noleggio-auto-a-pyrgos-santorini\/","name":"Noleggio Auto a Pyrgos Santorini - Carhub","isPartOf":{"@id":"https:\/\/carhub.gr\/it\/#website"},"primaryImageOfPage":{"@id":"https:\/\/carhub.gr\/it\/noleggio-auto-a-pyrgos-santorini\/#primaryimage"},"image":{"@id":"https:\/\/carhub.gr\/it\/noleggio-auto-a-pyrgos-santorini\/#primaryimage"},"thumbnailUrl":"https:\/\/carhub.gr\/wp-content\/uploads\/2026\/01\/31166987_10156662206010649_5894789570913894400_n-245x300-1.jpg","datePublished":"2026-01-09T11:41:19+00:00","dateModified":"2026-01-09T11:45:24+00:00","breadcrumb":{"@id":"https:\/\/carhub.gr\/it\/noleggio-auto-a-pyrgos-santorini\/#breadcrumb"},"inLanguage":"it-IT","potentialAction":[{"@type":"ReadAction","target":["https:\/\/carhub.gr\/it\/noleggio-auto-a-pyrgos-santorini\/"]}]},{"@type":"ImageObject","inLanguage":"it-IT","@id":"https:\/\/carhub.gr\/it\/noleggio-auto-a-pyrgos-santorini\/#primaryimage","url":"https:\/\/carhub.gr\/wp-content\/uploads\/2026\/01\/31166987_10156662206010649_5894789570913894400_n-245x300-1.jpg","contentUrl":"https:\/\/carhub.gr\/wp-content\/uploads\/2026\/01\/31166987_10156662206010649_5894789570913894400_n-245x300-1.jpg"},{"@type":"BreadcrumbList","@id":"https:\/\/carhub.gr\/it\/noleggio-auto-a-pyrgos-santorini\/#breadcrumb","itemListElement":[{"@type":"ListItem","position":1,"name":"Home","item":"https:\/\/carhub.gr\/it\/"},{"@type":"ListItem","position":2,"name":"Noleggio Auto a Pyrgos Santorini"}]},{"@type":"WebSite","@id":"https:\/\/carhub.gr\/it\/#website","url":"https:\/\/carhub.gr\/it\/","name":"Carhub","description":"Rent a car Santorini - Santorini Car Hire","publisher":{"@id":"https:\/\/carhub.gr\/it\/#organization"},"alternateName":"RENT A CAR SANTORINI - SANTORINI CAR RENTAL","potentialAction":[{"@type":"SearchAction","target":{"@type":"EntryPoint","urlTemplate":"https:\/\/carhub.gr\/it\/?s={search_term_string}"},"query-input":{"@type":"PropertyValueSpecification","valueRequired":true,"valueName":"search_term_string"}}],"inLanguage":"it-IT"},{"@type":"Organization","@id":"https:\/\/carhub.gr\/it\/#organization","name":"Carhub","url":"https:\/\/carhub.gr\/it\/","logo":{"@type":"ImageObject","inLanguage":"it-IT","@id":"https:\/\/carhub.gr\/it\/#\/schema\/logo\/image\/","url":"https:\/\/carhub.gr\/wp-content\/uploads\/2025\/12\/logo-carhub-1.png","contentUrl":"https:\/\/carhub.gr\/wp-content\/uploads\/2025\/12\/logo-carhub-1.png","width":182,"height":53,"caption":"Carhub"},"image":{"@id":"https:\/\/carhub.gr\/it\/#\/schema\/logo\/image\/"},"sameAs":["https:\/\/www.facebook.com\/carhub.gr\/"]}]}},"_links":{"self":[{"href":"https:\/\/carhub.gr\/it\/wp-json\/wp\/v2\/pages\/2999","targetHints":{"allow":["GET"]}}],"collection":[{"href":"https:\/\/carhub.gr\/it\/wp-json\/wp\/v2\/pages"}],"about":[{"href":"https:\/\/carhub.gr\/it\/wp-json\/wp\/v2\/types\/page"}],"author":[{"embeddable":true,"href":"https:\/\/carhub.gr\/it\/wp-json\/wp\/v2\/users\/2"}],"replies":[{"embeddable":true,"href":"https:\/\/carhub.gr\/it\/wp-json\/wp\/v2\/comments?post=2999"}],"version-history":[{"count":1,"href":"https:\/\/carhub.gr\/it\/wp-json\/wp\/v2\/pages\/2999\/revisions"}],"predecessor-version":[{"id":3005,"href":"https:\/\/carhub.gr\/it\/wp-json\/wp\/v2\/pages\/2999\/revisions\/3005"}],"wp:attachment":[{"href":"https:\/\/carhub.gr\/it\/wp-json\/wp\/v2\/media?parent=2999"}],"curies":[{"name":"wp","href":"https:\/\/api.w.org\/{rel}","templated":true}]}}