{"id":2973,"date":"2026-01-09T13:18:37","date_gmt":"2026-01-09T11:18:37","guid":{"rendered":"https:\/\/carhub.gr\/rental-car-akrotiri-santorini\/"},"modified":"2026-01-09T13:38:07","modified_gmt":"2026-01-09T11:38:07","slug":"noleggio-auto-ad-akrotiri-santorini","status":"publish","type":"page","link":"https:\/\/carhub.gr\/it\/noleggio-auto-ad-akrotiri-santorini\/","title":{"rendered":"Noleggio Auto ad Akrotiri Santorini"},"content":{"rendered":"<div class=\"wpb-content-wrapper\">[vc_row][vc_column][vc_column_text css=&#8221;&#8221;]\n<h1 class=\"western\" style=\"text-align: center;\">Noleggio Auto ad Akrotiri Santorini<\/h1>\n<figure id=\"attachment_2965\" aria-describedby=\"caption-attachment-2965\" style=\"width: 300px\" class=\"wp-caption aligncenter\"><img loading=\"lazy\" decoding=\"async\" class=\"wp-image-2965 size-full\" src=\"https:\/\/carhub.gr\/wp-content\/uploads\/2026\/01\/26857025_10156378774085649_98441017_n-300x290-1.jpg\" alt=\"noleggio auto akrotiri\" width=\"300\" height=\"290\" \/><figcaption id=\"caption-attachment-2965\" class=\"wp-caption-text\">(ritira la tua auto a noleggio ad Akrotiri Santorini e visita la spiaggia di sabbia rossa)<\/figcaption><\/figure>\n<p style=\"text-align: center;\"><span style=\"font-family: Arial, sans-serif;\"><span style=\"font-size: small;\"><span style=\"color: #000000;\">La penisola di <a href=\"https:\/\/en.wikipedia.org\/wiki\/Akrotiri_(Santorini)\" target=\"_blank\" rel=\"noopener noreferrer\">Akrotiri<\/a> \u00e8 conosciuta soprattutto per le famose rovine del periodo minoico. Tuttavia, Akrotiri non \u00e8 cos\u00ec conosciuta per diversi motivi. Il principale \u00e8 che la strada che conduce al sito archeologico non attraversa nemmeno il villaggio. I turisti visitano il sito e poi si dirigono verso la tappa successiva del loro itinerario o verso la spiaggia. Pochissimi si fermano nel villaggio.<\/span><\/span><\/span><\/p>\n<p style=\"text-align: center;\"><span style=\"color: #000000; font-size: small; font-family: Arial, sans-serif;\">Cos\u00ec, su un\u2019isola che \u00e8 probabilmente una delle destinazioni turistiche pi\u00f9 popolari della Grecia, esiste un villaggio che conserva molte delle caratteristiche di un\u2019isola remota. Cartelli a volte scritti in modo approssimativo fuori dai ristoranti pubblicizzano moussaka, insalata greca e pesce fresco.<br \/>\n<\/span><span style=\"font-family: Arial, sans-serif;\"><span style=\"font-size: small;\"><span style=\"color: #000000;\">Piccoli ristoranti a conduzione familiare offrono cucina casalinga, mescolando piatti tradizionali con ci\u00f2 che pensano possano desiderare i turisti. Essendo un villaggio prevalentemente agricolo, \u00e8 facile trovare verdure fresche, soprattutto pomodori di stagione, e la carne pu\u00f2 provenire direttamente dalla fattoria di famiglia. Alcuni hotel sono addirittura costruiti sui terreni agricoli della famiglia. Cos\u00ec, ad esempio, se chiedete latte di capra fresco con il vostro caff\u00e8, \u00e8 molto probabile che lo riceviate davvero.<\/span> <\/span><\/span><\/p>\n<h2 style=\"text-align: center;\">Noleggio Auto ad Akrotiri Santorini<\/h2>\n<p style=\"text-align: center;\"><span style=\"color: #000000;\"><span style=\"font-family: Arial, sans-serif;\"><span style=\"font-size: small;\">Sull\u2019isola, noleggiare un\u2019auto ad Akrotiri Santorini <\/span><\/span><\/span><span style=\"color: #000000;\"><span style=\"font-family: Arial, sans-serif;\"><span style=\"font-size: small;\">pu\u00f2 essere molto utile. Poich\u00e9 gli autobus non passano molto spesso, <\/span><\/span><\/span><strong><span style=\"color: #000000;\"><span style=\"font-family: Arial, sans-serif;\"><span style=\"font-size: small;\"><b><a href=\"http:\/\/carhub.gr\/\" target=\"_blank\" rel=\"noopener noreferrer\">noleggiare un\u2019auto<\/a><\/b><\/span><\/span><\/span><\/strong> <span style=\"color: #000000;\"><span style=\"font-family: Arial, sans-serif;\"><span style=\"font-size: small;\">se soggiornate <\/span><\/span><\/span><strong><span style=\"color: #000000;\"><span style=\"font-family: Arial, sans-serif;\"><span style=\"font-size: small;\"><b>ad Akrotiri<\/b><\/span><\/span><\/span><\/strong> <span style=\"color: #000000;\"><span style=\"font-family: Arial, sans-serif;\"><span style=\"font-size: small;\">sembra essere la soluzione migliore per spostarsi. Senza contare che coster\u00e0 molto meno rispetto all\u2019utilizzo dei taxi. Possiamo consegnare e ritirare la vostra<\/span><\/span><\/span><span style=\"color: #000000;\"> auto a noleggio ad Akrotiri Santorini<\/span> <span style=\"color: #000000;\"><span style=\"font-family: Arial, sans-serif;\"><span style=\"font-size: small;\">in tutti gli hotel<\/span><\/span><\/span><span style=\"color: #000000;\"><span style=\"font-family: Arial, sans-serif;\"><span style=\"font-size: small;\">, senza alcun costo aggiuntivo. Sono disponibili diversi tipi di auto tra cui scegliere: cabriolet o no, automatiche o manuali, economiche o di lusso, per offrirvi totale libert\u00e0 e non perdere tempo.<\/span><\/span><\/span><\/p>\n[\/vc_column_text][\/vc_column][\/vc_row]\n<\/div>","protected":false},"excerpt":{"rendered":"<p>[vc_row][vc_column][vc_column_text css=&#8221;&#8221;] Noleggio Auto ad Akrotiri Santorini La penisola di Akrotiri \u00e8 conosciuta soprattutto per le famose rovine del periodo minoico. Tuttavia, Akrotiri non \u00e8 cos\u00ec conosciuta per diversi motivi. Il principale \u00e8 che la strada che conduce al sito archeologico non attraversa nemmeno il villaggio. I turisti visitano il sito e poi si dirigono&hellip;<\/p>\n","protected":false},"author":2,"featured_media":0,"parent":0,"menu_order":0,"comment_status":"closed","ping_status":"closed","template":"templates\/no-sidebar.php","meta":{"footnotes":""},"class_list":["post-2973","page","type-page","status-publish","hentry","entry","no-media"],"yoast_head":"<!-- This site is optimized with the Yoast SEO plugin v27.2 - https:\/\/yoast.com\/product\/yoast-seo-wordpress\/ -->\n<title>Noleggio Auto ad Akrotiri Santorini - Carhub<\/title>\n<meta name=\"robots\" content=\"index, follow, max-snippet:-1, max-image-preview:large, max-video-preview:-1\" \/>\n<link rel=\"canonical\" href=\"https:\/\/carhub.gr\/it\/noleggio-auto-ad-akrotiri-santorini\/\" \/>\n<meta property=\"og:locale\" content=\"it_IT\" \/>\n<meta property=\"og:type\" content=\"article\" \/>\n<meta property=\"og:title\" content=\"Noleggio Auto ad Akrotiri Santorini - Carhub\" \/>\n<meta property=\"og:description\" content=\"[vc_row][vc_column][vc_column_text css=&#8221;&#8221;] Noleggio Auto ad Akrotiri Santorini La penisola di Akrotiri \u00e8 conosciuta soprattutto per le famose rovine del periodo minoico. Tuttavia, Akrotiri non \u00e8 cos\u00ec conosciuta per diversi motivi. Il principale \u00e8 che la strada che conduce al sito archeologico non attraversa nemmeno il villaggio. I turisti visitano il sito e poi si dirigono&hellip;\" \/>\n<meta property=\"og:url\" content=\"https:\/\/carhub.gr\/it\/noleggio-auto-ad-akrotiri-santorini\/\" \/>\n<meta property=\"og:site_name\" content=\"Carhub\" \/>\n<meta property=\"article:publisher\" content=\"https:\/\/www.facebook.com\/carhub.gr\/\" \/>\n<meta property=\"article:modified_time\" content=\"2026-01-09T11:38:07+00:00\" \/>\n<meta property=\"og:image\" content=\"https:\/\/carhub.gr\/wp-content\/uploads\/2026\/01\/26857025_10156378774085649_98441017_n-300x290-1.jpg\" \/>\n\t<meta property=\"og:image:width\" content=\"300\" \/>\n\t<meta property=\"og:image:height\" content=\"290\" \/>\n\t<meta property=\"og:image:type\" content=\"image\/jpeg\" \/>\n<meta name=\"twitter:card\" content=\"summary_large_image\" \/>\n<meta name=\"twitter:label1\" content=\"Tempo di lettura stimato\" \/>\n\t<meta name=\"twitter:data1\" content=\"2 minuti\" \/>\n<script type=\"application\/ld+json\" class=\"yoast-schema-graph\">{\"@context\":\"https:\/\/schema.org\",\"@graph\":[{\"@type\":\"WebPage\",\"@id\":\"https:\/\/carhub.gr\/it\/noleggio-auto-ad-akrotiri-santorini\/\",\"url\":\"https:\/\/carhub.gr\/it\/noleggio-auto-ad-akrotiri-santorini\/\",\"name\":\"Noleggio Auto ad Akrotiri Santorini - Carhub\",\"isPartOf\":{\"@id\":\"https:\/\/carhub.gr\/it\/#website\"},\"primaryImageOfPage\":{\"@id\":\"https:\/\/carhub.gr\/it\/noleggio-auto-ad-akrotiri-santorini\/#primaryimage\"},\"image\":{\"@id\":\"https:\/\/carhub.gr\/it\/noleggio-auto-ad-akrotiri-santorini\/#primaryimage\"},\"thumbnailUrl\":\"https:\/\/carhub.gr\/wp-content\/uploads\/2026\/01\/26857025_10156378774085649_98441017_n-300x290-1.jpg\",\"datePublished\":\"2026-01-09T11:18:37+00:00\",\"dateModified\":\"2026-01-09T11:38:07+00:00\",\"breadcrumb\":{\"@id\":\"https:\/\/carhub.gr\/it\/noleggio-auto-ad-akrotiri-santorini\/#breadcrumb\"},\"inLanguage\":\"it-IT\",\"potentialAction\":[{\"@type\":\"ReadAction\",\"target\":[\"https:\/\/carhub.gr\/it\/noleggio-auto-ad-akrotiri-santorini\/\"]}]},{\"@type\":\"ImageObject\",\"inLanguage\":\"it-IT\",\"@id\":\"https:\/\/carhub.gr\/it\/noleggio-auto-ad-akrotiri-santorini\/#primaryimage\",\"url\":\"https:\/\/carhub.gr\/wp-content\/uploads\/2026\/01\/26857025_10156378774085649_98441017_n-300x290-1.jpg\",\"contentUrl\":\"https:\/\/carhub.gr\/wp-content\/uploads\/2026\/01\/26857025_10156378774085649_98441017_n-300x290-1.jpg\"},{\"@type\":\"BreadcrumbList\",\"@id\":\"https:\/\/carhub.gr\/it\/noleggio-auto-ad-akrotiri-santorini\/#breadcrumb\",\"itemListElement\":[{\"@type\":\"ListItem\",\"position\":1,\"name\":\"Home\",\"item\":\"https:\/\/carhub.gr\/it\/\"},{\"@type\":\"ListItem\",\"position\":2,\"name\":\"Noleggio Auto ad Akrotiri Santorini\"}]},{\"@type\":\"WebSite\",\"@id\":\"https:\/\/carhub.gr\/it\/#website\",\"url\":\"https:\/\/carhub.gr\/it\/\",\"name\":\"Carhub\",\"description\":\"Rent a car Santorini - Santorini Car Hire\",\"publisher\":{\"@id\":\"https:\/\/carhub.gr\/it\/#organization\"},\"alternateName\":\"RENT A CAR SANTORINI - SANTORINI CAR RENTAL\",\"potentialAction\":[{\"@type\":\"SearchAction\",\"target\":{\"@type\":\"EntryPoint\",\"urlTemplate\":\"https:\/\/carhub.gr\/it\/?s={search_term_string}\"},\"query-input\":{\"@type\":\"PropertyValueSpecification\",\"valueRequired\":true,\"valueName\":\"search_term_string\"}}],\"inLanguage\":\"it-IT\"},{\"@type\":\"Organization\",\"@id\":\"https:\/\/carhub.gr\/it\/#organization\",\"name\":\"Carhub\",\"url\":\"https:\/\/carhub.gr\/it\/\",\"logo\":{\"@type\":\"ImageObject\",\"inLanguage\":\"it-IT\",\"@id\":\"https:\/\/carhub.gr\/it\/#\/schema\/logo\/image\/\",\"url\":\"https:\/\/carhub.gr\/wp-content\/uploads\/2025\/12\/logo-carhub-1.png\",\"contentUrl\":\"https:\/\/carhub.gr\/wp-content\/uploads\/2025\/12\/logo-carhub-1.png\",\"width\":182,\"height\":53,\"caption\":\"Carhub\"},\"image\":{\"@id\":\"https:\/\/carhub.gr\/it\/#\/schema\/logo\/image\/\"},\"sameAs\":[\"https:\/\/www.facebook.com\/carhub.gr\/\"]}]}<\/script>\n<!-- \/ Yoast SEO plugin. -->","yoast_head_json":{"title":"Noleggio Auto ad Akrotiri Santorini - Carhub","robots":{"index":"index","follow":"follow","max-snippet":"max-snippet:-1","max-image-preview":"max-image-preview:large","max-video-preview":"max-video-preview:-1"},"canonical":"https:\/\/carhub.gr\/it\/noleggio-auto-ad-akrotiri-santorini\/","og_locale":"it_IT","og_type":"article","og_title":"Noleggio Auto ad Akrotiri Santorini - Carhub","og_description":"[vc_row][vc_column][vc_column_text css=&#8221;&#8221;] Noleggio Auto ad Akrotiri Santorini La penisola di Akrotiri \u00e8 conosciuta soprattutto per le famose rovine del periodo minoico. Tuttavia, Akrotiri non \u00e8 cos\u00ec conosciuta per diversi motivi. Il principale \u00e8 che la strada che conduce al sito archeologico non attraversa nemmeno il villaggio. I turisti visitano il sito e poi si dirigono&hellip;","og_url":"https:\/\/carhub.gr\/it\/noleggio-auto-ad-akrotiri-santorini\/","og_site_name":"Carhub","article_publisher":"https:\/\/www.facebook.com\/carhub.gr\/","article_modified_time":"2026-01-09T11:38:07+00:00","og_image":[{"width":300,"height":290,"url":"https:\/\/carhub.gr\/wp-content\/uploads\/2026\/01\/26857025_10156378774085649_98441017_n-300x290-1.jpg","type":"image\/jpeg"}],"twitter_card":"summary_large_image","twitter_misc":{"Tempo di lettura stimato":"2 minuti"},"schema":{"@context":"https:\/\/schema.org","@graph":[{"@type":"WebPage","@id":"https:\/\/carhub.gr\/it\/noleggio-auto-ad-akrotiri-santorini\/","url":"https:\/\/carhub.gr\/it\/noleggio-auto-ad-akrotiri-santorini\/","name":"Noleggio Auto ad Akrotiri Santorini - Carhub","isPartOf":{"@id":"https:\/\/carhub.gr\/it\/#website"},"primaryImageOfPage":{"@id":"https:\/\/carhub.gr\/it\/noleggio-auto-ad-akrotiri-santorini\/#primaryimage"},"image":{"@id":"https:\/\/carhub.gr\/it\/noleggio-auto-ad-akrotiri-santorini\/#primaryimage"},"thumbnailUrl":"https:\/\/carhub.gr\/wp-content\/uploads\/2026\/01\/26857025_10156378774085649_98441017_n-300x290-1.jpg","datePublished":"2026-01-09T11:18:37+00:00","dateModified":"2026-01-09T11:38:07+00:00","breadcrumb":{"@id":"https:\/\/carhub.gr\/it\/noleggio-auto-ad-akrotiri-santorini\/#breadcrumb"},"inLanguage":"it-IT","potentialAction":[{"@type":"ReadAction","target":["https:\/\/carhub.gr\/it\/noleggio-auto-ad-akrotiri-santorini\/"]}]},{"@type":"ImageObject","inLanguage":"it-IT","@id":"https:\/\/carhub.gr\/it\/noleggio-auto-ad-akrotiri-santorini\/#primaryimage","url":"https:\/\/carhub.gr\/wp-content\/uploads\/2026\/01\/26857025_10156378774085649_98441017_n-300x290-1.jpg","contentUrl":"https:\/\/carhub.gr\/wp-content\/uploads\/2026\/01\/26857025_10156378774085649_98441017_n-300x290-1.jpg"},{"@type":"BreadcrumbList","@id":"https:\/\/carhub.gr\/it\/noleggio-auto-ad-akrotiri-santorini\/#breadcrumb","itemListElement":[{"@type":"ListItem","position":1,"name":"Home","item":"https:\/\/carhub.gr\/it\/"},{"@type":"ListItem","position":2,"name":"Noleggio Auto ad Akrotiri Santorini"}]},{"@type":"WebSite","@id":"https:\/\/carhub.gr\/it\/#website","url":"https:\/\/carhub.gr\/it\/","name":"Carhub","description":"Rent a car Santorini - Santorini Car Hire","publisher":{"@id":"https:\/\/carhub.gr\/it\/#organization"},"alternateName":"RENT A CAR SANTORINI - SANTORINI CAR RENTAL","potentialAction":[{"@type":"SearchAction","target":{"@type":"EntryPoint","urlTemplate":"https:\/\/carhub.gr\/it\/?s={search_term_string}"},"query-input":{"@type":"PropertyValueSpecification","valueRequired":true,"valueName":"search_term_string"}}],"inLanguage":"it-IT"},{"@type":"Organization","@id":"https:\/\/carhub.gr\/it\/#organization","name":"Carhub","url":"https:\/\/carhub.gr\/it\/","logo":{"@type":"ImageObject","inLanguage":"it-IT","@id":"https:\/\/carhub.gr\/it\/#\/schema\/logo\/image\/","url":"https:\/\/carhub.gr\/wp-content\/uploads\/2025\/12\/logo-carhub-1.png","contentUrl":"https:\/\/carhub.gr\/wp-content\/uploads\/2025\/12\/logo-carhub-1.png","width":182,"height":53,"caption":"Carhub"},"image":{"@id":"https:\/\/carhub.gr\/it\/#\/schema\/logo\/image\/"},"sameAs":["https:\/\/www.facebook.com\/carhub.gr\/"]}]}},"_links":{"self":[{"href":"https:\/\/carhub.gr\/it\/wp-json\/wp\/v2\/pages\/2973","targetHints":{"allow":["GET"]}}],"collection":[{"href":"https:\/\/carhub.gr\/it\/wp-json\/wp\/v2\/pages"}],"about":[{"href":"https:\/\/carhub.gr\/it\/wp-json\/wp\/v2\/types\/page"}],"author":[{"embeddable":true,"href":"https:\/\/carhub.gr\/it\/wp-json\/wp\/v2\/users\/2"}],"replies":[{"embeddable":true,"href":"https:\/\/carhub.gr\/it\/wp-json\/wp\/v2\/comments?post=2973"}],"version-history":[{"count":1,"href":"https:\/\/carhub.gr\/it\/wp-json\/wp\/v2\/pages\/2973\/revisions"}],"predecessor-version":[{"id":2979,"href":"https:\/\/carhub.gr\/it\/wp-json\/wp\/v2\/pages\/2973\/revisions\/2979"}],"wp:attachment":[{"href":"https:\/\/carhub.gr\/it\/wp-json\/wp\/v2\/media?parent=2973"}],"curies":[{"name":"wp","href":"https:\/\/api.w.org\/{rel}","templated":true}]}}