{"id":2928,"date":"2026-01-09T13:01:17","date_gmt":"2026-01-09T11:01:17","guid":{"rendered":"https:\/\/carhub.gr\/rental-cars-oia-santorini\/"},"modified":"2026-01-09T13:06:23","modified_gmt":"2026-01-09T11:06:23","slug":"noleggio-auto-a-oia-santorini","status":"publish","type":"page","link":"https:\/\/carhub.gr\/it\/noleggio-auto-a-oia-santorini\/","title":{"rendered":"Noleggio Auto a Oia Santorini"},"content":{"rendered":"<div class=\"wpb-content-wrapper\">[vc_row][vc_column][vc_column_text css=&#8221;&#8221;]\n<h1 class=\"western\" style=\"text-align: center;\">Noleggio Auto a Oia Santorini<\/h1>\n<figure id=\"attachment_2919\" aria-describedby=\"caption-attachment-2919\" style=\"width: 244px\" class=\"wp-caption aligncenter\"><a href=\"https:\/\/www.tripadvisor.com\/Tourism-g482941-Oia_Santorini_Cyclades_South_Aegean-Vacations.html\" target=\"_blank\" rel=\"noopener noreferrer\"><img loading=\"lazy\" decoding=\"async\" class=\"wp-image-2919 size-full\" src=\"https:\/\/carhub.gr\/wp-content\/uploads\/2026\/01\/30740029_10156651300655649_3487170955069882368_n-244x300-1.jpg\" alt=\"\" width=\"244\" height=\"300\" \/><\/a><figcaption id=\"caption-attachment-2919\" class=\"wp-caption-text\">Noleggio Auto a Oia Santorini<\/figcaption><\/figure>\n<p style=\"text-align: center;\"><span style=\"color: #000000;\"><span style=\"font-family: Arial, sans-serif;\"><span style=\"font-size: small;\"><a href=\"https:\/\/www.tripadvisor.com\/Tourism-g482941-Oia_Santorini_Cyclades_South_Aegean-Vacations.html\" target=\"_blank\" rel=\"noopener noreferrer\">Oia<\/a>, pronunciata Ia, \u00e8 il villaggio pi\u00f9 famoso di Santorini. Conosciuto in tutto il mondo per la sua atmosfera tranquilla e per i suoi tramonti spettacolari, \u00e8 senza dubbio il villaggio pi\u00f9 bello e pittoresco dell\u2019isola. Il villaggio \u00e8 situato sulla cima di un\u2019imponente scogliera e offre una vista mozzafiato sui vulcani di Palea e Nea Kameni e sull\u2019isola di Thirassia. Oia si trova nel nord dell\u2019isola, a 11 km da Fira. \u00c8 un villaggio tradizionale con case affascinanti in stradine strette, chiese dalle cupole blu e verande baciate dal sole. Le sue strade sono ricche di negozi turistici, taverne, caff\u00e8 e altre attivit\u00e0 commerciali.<\/span><\/span><\/span><\/p>\n<p style=\"text-align: center;\"><span style=\"color: #000000;\"><span style=\"font-family: Arial, sans-serif;\"><span style=\"font-size: small;\"> Oia \u00e8 molto pi\u00f9 tranquilla rispetto a Fira e la zona pi\u00f9 affollata \u00e8 la via pedonale principale che attraversa il villaggio per tutta la sua lunghezza. All\u2019ingresso del paese si trova un parcheggio dove i visitatori possono lasciare il proprio veicolo e godersi lunghe passeggiate lungo i sentieri pittoreschi. Il vulcano da qui \u00e8 meno imponente, ma offre comunque panorami davvero splendidi. <\/span><\/span><\/span><span style=\"color: #000000;\"><span style=\"font-family: Arial, sans-serif;\"><span style=\"font-size: small;\"><span style=\"font-family: Arial, Helvetica, sans-serif;\">Oia dispone inoltre di un piccolo porto, Ammoudi, raggiungibile scendendo circa 300 gradini. Da l\u00ec, piccole imbarcazioni possono portarvi all\u2019isola di Thirassia. Anche la spiaggia di Armenis si trova in questa zona. Le taverne di Oia offrono ai visitatori gustosi piatti a base di pesce fresco. <\/span><\/span><\/span><\/span><\/p>\n<h3 style=\"text-align: center;\">Noleggio auto a Santorini a Oia \u2013 Affitta un\u2019auto a Santorini \u2013 Autonoleggio al porto e all\u2019aeroporto<\/h3>\n<p style=\"text-align: center;\"><span style=\"color: #000000;\"><span style=\"font-family: Arial, sans-serif;\"><span style=\"font-size: small;\">Possiamo consegnare la vostra <strong><b><a href=\"http:\/\/carhub.gr\/\">auto a noleggio a Santorini<\/a> a Oia<\/b><\/strong>, se il vostro hotel si trova nella zona. I taxi per Oia sono piuttosto costosi e gli autobus solitamente affollati; pertanto, se avete deciso di <strong><b>noleggiare un\u2019auto<\/b><\/strong> durante il vostro soggiorno <strong><b>a Santorini<\/b><\/strong>, vi consigliamo vivamente di ritirarla e riconsegnarla al porto o all\u2019aeroporto per risparmiare sui costi di trasferimento. Infine, contattateci per maggiori dettagli sulla consegna o restituzione della vostra <em>auto a noleggio a Santorini<\/em> a <em>Oia<\/em>.<\/span><\/span><\/span><\/p>\n[\/vc_column_text][\/vc_column][\/vc_row]\n<\/div>","protected":false},"excerpt":{"rendered":"<p>[vc_row][vc_column][vc_column_text css=&#8221;&#8221;] Noleggio Auto a Oia Santorini Oia, pronunciata Ia, \u00e8 il villaggio pi\u00f9 famoso di Santorini. Conosciuto in tutto il mondo per la sua atmosfera tranquilla e per i suoi tramonti spettacolari, \u00e8 senza dubbio il villaggio pi\u00f9 bello e pittoresco dell\u2019isola. Il villaggio \u00e8 situato sulla cima di un\u2019imponente scogliera e offre una&hellip;<\/p>\n","protected":false},"author":2,"featured_media":0,"parent":0,"menu_order":0,"comment_status":"closed","ping_status":"closed","template":"templates\/no-sidebar.php","meta":{"footnotes":""},"class_list":["post-2928","page","type-page","status-publish","hentry","entry","no-media"],"yoast_head":"<!-- This site is optimized with the Yoast SEO plugin v27.2 - https:\/\/yoast.com\/product\/yoast-seo-wordpress\/ -->\n<title>Noleggio Auto a Oia Santorini - Carhub<\/title>\n<meta name=\"robots\" content=\"index, follow, max-snippet:-1, max-image-preview:large, max-video-preview:-1\" \/>\n<link rel=\"canonical\" href=\"https:\/\/carhub.gr\/it\/noleggio-auto-a-oia-santorini\/\" \/>\n<meta property=\"og:locale\" content=\"it_IT\" \/>\n<meta property=\"og:type\" content=\"article\" \/>\n<meta property=\"og:title\" content=\"Noleggio Auto a Oia Santorini - Carhub\" \/>\n<meta property=\"og:description\" content=\"[vc_row][vc_column][vc_column_text css=&#8221;&#8221;] Noleggio Auto a Oia Santorini Oia, pronunciata Ia, \u00e8 il villaggio pi\u00f9 famoso di Santorini. Conosciuto in tutto il mondo per la sua atmosfera tranquilla e per i suoi tramonti spettacolari, \u00e8 senza dubbio il villaggio pi\u00f9 bello e pittoresco dell\u2019isola. Il villaggio \u00e8 situato sulla cima di un\u2019imponente scogliera e offre una&hellip;\" \/>\n<meta property=\"og:url\" content=\"https:\/\/carhub.gr\/it\/noleggio-auto-a-oia-santorini\/\" \/>\n<meta property=\"og:site_name\" content=\"Carhub\" \/>\n<meta property=\"article:publisher\" content=\"https:\/\/www.facebook.com\/carhub.gr\/\" \/>\n<meta property=\"article:modified_time\" content=\"2026-01-09T11:06:23+00:00\" \/>\n<meta property=\"og:image\" content=\"https:\/\/carhub.gr\/wp-content\/uploads\/2026\/01\/30740029_10156651300655649_3487170955069882368_n-244x300-1.jpg\" \/>\n\t<meta property=\"og:image:width\" content=\"244\" \/>\n\t<meta property=\"og:image:height\" content=\"300\" \/>\n\t<meta property=\"og:image:type\" content=\"image\/jpeg\" \/>\n<meta name=\"twitter:card\" content=\"summary_large_image\" \/>\n<meta name=\"twitter:label1\" content=\"Tempo di lettura stimato\" \/>\n\t<meta name=\"twitter:data1\" content=\"2 minuti\" \/>\n<script type=\"application\/ld+json\" class=\"yoast-schema-graph\">{\"@context\":\"https:\/\/schema.org\",\"@graph\":[{\"@type\":\"WebPage\",\"@id\":\"https:\/\/carhub.gr\/it\/noleggio-auto-a-oia-santorini\/\",\"url\":\"https:\/\/carhub.gr\/it\/noleggio-auto-a-oia-santorini\/\",\"name\":\"Noleggio Auto a Oia Santorini - Carhub\",\"isPartOf\":{\"@id\":\"https:\/\/carhub.gr\/it\/#website\"},\"primaryImageOfPage\":{\"@id\":\"https:\/\/carhub.gr\/it\/noleggio-auto-a-oia-santorini\/#primaryimage\"},\"image\":{\"@id\":\"https:\/\/carhub.gr\/it\/noleggio-auto-a-oia-santorini\/#primaryimage\"},\"thumbnailUrl\":\"https:\/\/carhub.gr\/wp-content\/uploads\/2026\/01\/30740029_10156651300655649_3487170955069882368_n-244x300-1.jpg\",\"datePublished\":\"2026-01-09T11:01:17+00:00\",\"dateModified\":\"2026-01-09T11:06:23+00:00\",\"breadcrumb\":{\"@id\":\"https:\/\/carhub.gr\/it\/noleggio-auto-a-oia-santorini\/#breadcrumb\"},\"inLanguage\":\"it-IT\",\"potentialAction\":[{\"@type\":\"ReadAction\",\"target\":[\"https:\/\/carhub.gr\/it\/noleggio-auto-a-oia-santorini\/\"]}]},{\"@type\":\"ImageObject\",\"inLanguage\":\"it-IT\",\"@id\":\"https:\/\/carhub.gr\/it\/noleggio-auto-a-oia-santorini\/#primaryimage\",\"url\":\"https:\/\/carhub.gr\/wp-content\/uploads\/2026\/01\/30740029_10156651300655649_3487170955069882368_n-244x300-1.jpg\",\"contentUrl\":\"https:\/\/carhub.gr\/wp-content\/uploads\/2026\/01\/30740029_10156651300655649_3487170955069882368_n-244x300-1.jpg\"},{\"@type\":\"BreadcrumbList\",\"@id\":\"https:\/\/carhub.gr\/it\/noleggio-auto-a-oia-santorini\/#breadcrumb\",\"itemListElement\":[{\"@type\":\"ListItem\",\"position\":1,\"name\":\"Home\",\"item\":\"https:\/\/carhub.gr\/it\/\"},{\"@type\":\"ListItem\",\"position\":2,\"name\":\"Noleggio Auto a Oia Santorini\"}]},{\"@type\":\"WebSite\",\"@id\":\"https:\/\/carhub.gr\/it\/#website\",\"url\":\"https:\/\/carhub.gr\/it\/\",\"name\":\"Carhub\",\"description\":\"Rent a car Santorini - Santorini Car Hire\",\"publisher\":{\"@id\":\"https:\/\/carhub.gr\/it\/#organization\"},\"alternateName\":\"RENT A CAR SANTORINI - SANTORINI CAR RENTAL\",\"potentialAction\":[{\"@type\":\"SearchAction\",\"target\":{\"@type\":\"EntryPoint\",\"urlTemplate\":\"https:\/\/carhub.gr\/it\/?s={search_term_string}\"},\"query-input\":{\"@type\":\"PropertyValueSpecification\",\"valueRequired\":true,\"valueName\":\"search_term_string\"}}],\"inLanguage\":\"it-IT\"},{\"@type\":\"Organization\",\"@id\":\"https:\/\/carhub.gr\/it\/#organization\",\"name\":\"Carhub\",\"url\":\"https:\/\/carhub.gr\/it\/\",\"logo\":{\"@type\":\"ImageObject\",\"inLanguage\":\"it-IT\",\"@id\":\"https:\/\/carhub.gr\/it\/#\/schema\/logo\/image\/\",\"url\":\"https:\/\/carhub.gr\/wp-content\/uploads\/2025\/12\/logo-carhub-1.png\",\"contentUrl\":\"https:\/\/carhub.gr\/wp-content\/uploads\/2025\/12\/logo-carhub-1.png\",\"width\":182,\"height\":53,\"caption\":\"Carhub\"},\"image\":{\"@id\":\"https:\/\/carhub.gr\/it\/#\/schema\/logo\/image\/\"},\"sameAs\":[\"https:\/\/www.facebook.com\/carhub.gr\/\"]}]}<\/script>\n<!-- \/ Yoast SEO plugin. -->","yoast_head_json":{"title":"Noleggio Auto a Oia Santorini - Carhub","robots":{"index":"index","follow":"follow","max-snippet":"max-snippet:-1","max-image-preview":"max-image-preview:large","max-video-preview":"max-video-preview:-1"},"canonical":"https:\/\/carhub.gr\/it\/noleggio-auto-a-oia-santorini\/","og_locale":"it_IT","og_type":"article","og_title":"Noleggio Auto a Oia Santorini - Carhub","og_description":"[vc_row][vc_column][vc_column_text css=&#8221;&#8221;] Noleggio Auto a Oia Santorini Oia, pronunciata Ia, \u00e8 il villaggio pi\u00f9 famoso di Santorini. Conosciuto in tutto il mondo per la sua atmosfera tranquilla e per i suoi tramonti spettacolari, \u00e8 senza dubbio il villaggio pi\u00f9 bello e pittoresco dell\u2019isola. Il villaggio \u00e8 situato sulla cima di un\u2019imponente scogliera e offre una&hellip;","og_url":"https:\/\/carhub.gr\/it\/noleggio-auto-a-oia-santorini\/","og_site_name":"Carhub","article_publisher":"https:\/\/www.facebook.com\/carhub.gr\/","article_modified_time":"2026-01-09T11:06:23+00:00","og_image":[{"width":244,"height":300,"url":"https:\/\/carhub.gr\/wp-content\/uploads\/2026\/01\/30740029_10156651300655649_3487170955069882368_n-244x300-1.jpg","type":"image\/jpeg"}],"twitter_card":"summary_large_image","twitter_misc":{"Tempo di lettura stimato":"2 minuti"},"schema":{"@context":"https:\/\/schema.org","@graph":[{"@type":"WebPage","@id":"https:\/\/carhub.gr\/it\/noleggio-auto-a-oia-santorini\/","url":"https:\/\/carhub.gr\/it\/noleggio-auto-a-oia-santorini\/","name":"Noleggio Auto a Oia Santorini - Carhub","isPartOf":{"@id":"https:\/\/carhub.gr\/it\/#website"},"primaryImageOfPage":{"@id":"https:\/\/carhub.gr\/it\/noleggio-auto-a-oia-santorini\/#primaryimage"},"image":{"@id":"https:\/\/carhub.gr\/it\/noleggio-auto-a-oia-santorini\/#primaryimage"},"thumbnailUrl":"https:\/\/carhub.gr\/wp-content\/uploads\/2026\/01\/30740029_10156651300655649_3487170955069882368_n-244x300-1.jpg","datePublished":"2026-01-09T11:01:17+00:00","dateModified":"2026-01-09T11:06:23+00:00","breadcrumb":{"@id":"https:\/\/carhub.gr\/it\/noleggio-auto-a-oia-santorini\/#breadcrumb"},"inLanguage":"it-IT","potentialAction":[{"@type":"ReadAction","target":["https:\/\/carhub.gr\/it\/noleggio-auto-a-oia-santorini\/"]}]},{"@type":"ImageObject","inLanguage":"it-IT","@id":"https:\/\/carhub.gr\/it\/noleggio-auto-a-oia-santorini\/#primaryimage","url":"https:\/\/carhub.gr\/wp-content\/uploads\/2026\/01\/30740029_10156651300655649_3487170955069882368_n-244x300-1.jpg","contentUrl":"https:\/\/carhub.gr\/wp-content\/uploads\/2026\/01\/30740029_10156651300655649_3487170955069882368_n-244x300-1.jpg"},{"@type":"BreadcrumbList","@id":"https:\/\/carhub.gr\/it\/noleggio-auto-a-oia-santorini\/#breadcrumb","itemListElement":[{"@type":"ListItem","position":1,"name":"Home","item":"https:\/\/carhub.gr\/it\/"},{"@type":"ListItem","position":2,"name":"Noleggio Auto a Oia Santorini"}]},{"@type":"WebSite","@id":"https:\/\/carhub.gr\/it\/#website","url":"https:\/\/carhub.gr\/it\/","name":"Carhub","description":"Rent a car Santorini - Santorini Car Hire","publisher":{"@id":"https:\/\/carhub.gr\/it\/#organization"},"alternateName":"RENT A CAR SANTORINI - SANTORINI CAR RENTAL","potentialAction":[{"@type":"SearchAction","target":{"@type":"EntryPoint","urlTemplate":"https:\/\/carhub.gr\/it\/?s={search_term_string}"},"query-input":{"@type":"PropertyValueSpecification","valueRequired":true,"valueName":"search_term_string"}}],"inLanguage":"it-IT"},{"@type":"Organization","@id":"https:\/\/carhub.gr\/it\/#organization","name":"Carhub","url":"https:\/\/carhub.gr\/it\/","logo":{"@type":"ImageObject","inLanguage":"it-IT","@id":"https:\/\/carhub.gr\/it\/#\/schema\/logo\/image\/","url":"https:\/\/carhub.gr\/wp-content\/uploads\/2025\/12\/logo-carhub-1.png","contentUrl":"https:\/\/carhub.gr\/wp-content\/uploads\/2025\/12\/logo-carhub-1.png","width":182,"height":53,"caption":"Carhub"},"image":{"@id":"https:\/\/carhub.gr\/it\/#\/schema\/logo\/image\/"},"sameAs":["https:\/\/www.facebook.com\/carhub.gr\/"]}]}},"_links":{"self":[{"href":"https:\/\/carhub.gr\/it\/wp-json\/wp\/v2\/pages\/2928","targetHints":{"allow":["GET"]}}],"collection":[{"href":"https:\/\/carhub.gr\/it\/wp-json\/wp\/v2\/pages"}],"about":[{"href":"https:\/\/carhub.gr\/it\/wp-json\/wp\/v2\/types\/page"}],"author":[{"embeddable":true,"href":"https:\/\/carhub.gr\/it\/wp-json\/wp\/v2\/users\/2"}],"replies":[{"embeddable":true,"href":"https:\/\/carhub.gr\/it\/wp-json\/wp\/v2\/comments?post=2928"}],"version-history":[{"count":1,"href":"https:\/\/carhub.gr\/it\/wp-json\/wp\/v2\/pages\/2928\/revisions"}],"predecessor-version":[{"id":2935,"href":"https:\/\/carhub.gr\/it\/wp-json\/wp\/v2\/pages\/2928\/revisions\/2935"}],"wp:attachment":[{"href":"https:\/\/carhub.gr\/it\/wp-json\/wp\/v2\/media?parent=2928"}],"curies":[{"name":"wp","href":"https:\/\/api.w.org\/{rel}","templated":true}]}}