{"id":2906,"date":"2026-01-08T22:51:21","date_gmt":"2026-01-08T20:51:21","guid":{"rendered":"https:\/\/carhub.gr\/rental-car-santorini-fira\/"},"modified":"2026-01-08T22:57:43","modified_gmt":"2026-01-08T20:57:43","slug":"noleggio-auto-santorini-fira","status":"publish","type":"page","link":"https:\/\/carhub.gr\/it\/noleggio-auto-santorini-fira\/","title":{"rendered":"Noleggio Auto Santorini Fira \u2013 Affitta un\u2019Auto a Santorini Fira \u2013 Autonoleggio Santorini Fira"},"content":{"rendered":"<div class=\"wpb-content-wrapper\">[vc_row][vc_column][vc_column_text css=&#8221;&#8221;]\n<h1 style=\"text-align: center;\">Noleggio Auto Santorini Fira \u2013 Affitta un\u2019Auto a Santorini Fira \u2013 Autonoleggio Santorini Fira<\/h1>\n<figure id=\"attachment_2898\" aria-describedby=\"caption-attachment-2898\" style=\"width: 300px\" class=\"wp-caption aligncenter\"><img loading=\"lazy\" decoding=\"async\" class=\"wp-image-2898 size-full\" src=\"https:\/\/carhub.gr\/wp-content\/uploads\/2026\/01\/26637940_10156338224780649_1530645417_n-300x300-1.jpg\" alt=\"\" width=\"300\" height=\"300\" srcset=\"https:\/\/carhub.gr\/wp-content\/uploads\/2026\/01\/26637940_10156338224780649_1530645417_n-300x300-1.jpg 300w, https:\/\/carhub.gr\/wp-content\/uploads\/2026\/01\/26637940_10156338224780649_1530645417_n-300x300-1-150x150.jpg 150w\" sizes=\"auto, (max-width: 300px) 100vw, 300px\" \/><figcaption id=\"caption-attachment-2898\" class=\"wp-caption-text\">(Noleggio Auto Santorini Fira \u2013 Affitta un\u2019Auto a Santorini Fira \u2013 Autonoleggio Santorini)<\/figcaption><\/figure>\n<p style=\"text-align: center;\" align=\"CENTER\"><span style=\"color: #000000;\"><span style=\"font-family: Arial, sans-serif;\"><span style=\"font-size: small;\">Prima di tutto,<\/span><\/span><\/span> <a href=\"https:\/\/www.greektravel.com\/greekislands\/santorini\/fira\/index.htm\" target=\"_blank\" rel=\"noopener noreferrer\">Fira<\/a><span style=\"color: #000000;\"><span style=\"font-family: Arial, sans-serif;\"><span style=\"font-size: small;\"> \u00e8 la splendida capitale di Santorini. Si trova sul versante occidentale dell\u2019isola. Dal lato della caldera si gode una delle viste pi\u00f9 belle dell\u2019isola. Il livello di attivit\u00e0 \u00e8 tale da tenervi occupati per ore. Ci sono caff\u00e8, bar e ristoranti, tutti con vista, alcuni con pi\u00f9 livelli di terrazze e balconi per sfruttare al meglio lo spazio disponibile e il fatto che, quando diverse navi da crociera sono attraccate sotto la citt\u00e0, il centro si riempie di turisti. Anche solo camminare per strada diventa faticoso. I caff\u00e8 si riempiono di turisti. Centinaia di persone.<\/span><\/span><\/span><\/p>\n<p align=\"CENTER\"><span style=\"color: #000000;\"><span style=\"font-family: Arial, sans-serif;\"><span style=\"font-size: small;\">Migliaia, persino. Come in \u201cLeiningen contro le formiche\u201d, invadono la citt\u00e0 consumando tutto ci\u00f2 che vedono, fermandosi solo per scattare foto di s\u00e9 stessi con il panorama alle spalle. Soprattutto per\u00f2 le navi arrivano e partono, e quando partono portano via con s\u00e9 la folla, e Fira pu\u00f2 diventare davvero un luogo molto piacevole.<\/span><\/span><\/span><\/p>\n<h2 align=\"CENTER\">Noleggio Auto Santorini Fira \u2013 Affitta un\u2019Auto a Santorini Fira \u2013 Autonoleggio Santorini Fira<\/h2>\n<p align=\"CENTER\"><span style=\"color: #000000;\"><span style=\"font-family: Arial, sans-serif;\"><span style=\"font-size: small;\">Inoltre, da Fira, per visitare gli altri villaggi, \u00e8 un\u2019ottima idea <\/span><\/span> <strong><span style=\"font-family: Arial, sans-serif;\"><span style=\"font-size: small;\"><b>noleggiare un\u2019auto<\/b><\/span><\/span><\/strong><span style=\"font-family: Arial, sans-serif;\"><span style=\"font-size: small;\">. Con la vostra <\/span><\/span><strong><span style=\"font-family: Arial, sans-serif;\"><span style=\"font-size: small;\"><b>auto a noleggio a Santorini<\/b><\/span><\/span><\/strong><span style=\"font-family: Arial, sans-serif;\"><span style=\"font-size: small;\"> potrete spostarvi ovunque ed esplorare l\u2019intera isola. Rispetto ad altre soluzioni, il <\/span><\/span><strong><span style=\"font-family: Arial, sans-serif;\"><span style=\"font-size: small;\"><b>noleggio auto a Santorini<\/b><\/span><\/span><\/strong><span style=\"font-family: Arial, sans-serif;\"><span style=\"font-size: small;\"> \u00e8 piuttosto conveniente, senza contare il tempo che risparmierete. Prenotate la vostra auto a noleggio a Santorini da <a href=\"http:\/\/carhub.gr\/\">Carhub<\/a><\/span><\/span><span style=\"font-family: Arial, sans-serif;\"><span style=\"font-size: small;\"> oppure chiamateci semplicemente. Vi consegneremo l\u2019auto di vostra scelta senza alcun costo aggiuntivo. Auto automatiche, utilitarie, cabrio, classe economica, minibus, jeep aperte o auto familiari: c\u2019\u00e8 un modello per ogni esigenza. Il nostro staff consegner\u00e0 la vostra auto a noleggio in qualsiasi hotel, in qualsiasi momento, nella zona di Fira o <a href=\"http:\/\/carhub.gr\/rental-car-santorini-airport\/\" target=\"_blank\" rel=\"noopener noreferrer\">ovunque<\/a> a Santorini senza costi aggiuntivi. Non pensarci oltre, prenota un\u2019auto con la societ\u00e0 di autonoleggio Carhub.<\/span><\/span><\/span><\/p>\n<p>&nbsp;<\/p>\n[\/vc_column_text][\/vc_column][\/vc_row]\n<\/div>","protected":false},"excerpt":{"rendered":"<p>[vc_row][vc_column][vc_column_text css=&#8221;&#8221;] Noleggio Auto Santorini Fira \u2013 Affitta un\u2019Auto a Santorini Fira \u2013 Autonoleggio Santorini Fira Prima di tutto, Fira \u00e8 la splendida capitale di Santorini. Si trova sul versante occidentale dell\u2019isola. Dal lato della caldera si gode una delle viste pi\u00f9 belle dell\u2019isola. Il livello di attivit\u00e0 \u00e8 tale da tenervi occupati per ore.&hellip;<\/p>\n","protected":false},"author":2,"featured_media":0,"parent":0,"menu_order":0,"comment_status":"closed","ping_status":"closed","template":"templates\/no-sidebar.php","meta":{"footnotes":""},"class_list":["post-2906","page","type-page","status-publish","hentry","entry","no-media"],"yoast_head":"<!-- This site is optimized with the Yoast SEO plugin v27.2 - https:\/\/yoast.com\/product\/yoast-seo-wordpress\/ -->\n<title>Noleggio Auto Santorini Fira \u2013 Affitta un\u2019Auto a Santorini Fira \u2013 Autonoleggio Santorini Fira - Carhub<\/title>\n<meta name=\"robots\" content=\"index, follow, max-snippet:-1, max-image-preview:large, max-video-preview:-1\" \/>\n<link rel=\"canonical\" href=\"https:\/\/carhub.gr\/it\/noleggio-auto-santorini-fira\/\" \/>\n<meta property=\"og:locale\" content=\"it_IT\" \/>\n<meta property=\"og:type\" content=\"article\" \/>\n<meta property=\"og:title\" content=\"Noleggio Auto Santorini Fira \u2013 Affitta un\u2019Auto a Santorini Fira \u2013 Autonoleggio Santorini Fira - Carhub\" \/>\n<meta property=\"og:description\" content=\"[vc_row][vc_column][vc_column_text css=&#8221;&#8221;] Noleggio Auto Santorini Fira \u2013 Affitta un\u2019Auto a Santorini Fira \u2013 Autonoleggio Santorini Fira Prima di tutto, Fira \u00e8 la splendida capitale di Santorini. Si trova sul versante occidentale dell\u2019isola. Dal lato della caldera si gode una delle viste pi\u00f9 belle dell\u2019isola. Il livello di attivit\u00e0 \u00e8 tale da tenervi occupati per ore.&hellip;\" \/>\n<meta property=\"og:url\" content=\"https:\/\/carhub.gr\/it\/noleggio-auto-santorini-fira\/\" \/>\n<meta property=\"og:site_name\" content=\"Carhub\" \/>\n<meta property=\"article:publisher\" content=\"https:\/\/www.facebook.com\/carhub.gr\/\" \/>\n<meta property=\"article:modified_time\" content=\"2026-01-08T20:57:43+00:00\" \/>\n<meta property=\"og:image\" content=\"https:\/\/carhub.gr\/wp-content\/uploads\/2026\/01\/26637940_10156338224780649_1530645417_n-300x300-1.jpg\" \/>\n\t<meta property=\"og:image:width\" content=\"300\" \/>\n\t<meta property=\"og:image:height\" content=\"300\" \/>\n\t<meta property=\"og:image:type\" content=\"image\/jpeg\" \/>\n<meta name=\"twitter:card\" content=\"summary_large_image\" \/>\n<meta name=\"twitter:label1\" content=\"Tempo di lettura stimato\" \/>\n\t<meta name=\"twitter:data1\" content=\"2 minuti\" \/>\n<script type=\"application\/ld+json\" class=\"yoast-schema-graph\">{\"@context\":\"https:\/\/schema.org\",\"@graph\":[{\"@type\":\"WebPage\",\"@id\":\"https:\/\/carhub.gr\/it\/noleggio-auto-santorini-fira\/\",\"url\":\"https:\/\/carhub.gr\/it\/noleggio-auto-santorini-fira\/\",\"name\":\"Noleggio Auto Santorini Fira \u2013 Affitta un\u2019Auto a Santorini Fira \u2013 Autonoleggio Santorini Fira - Carhub\",\"isPartOf\":{\"@id\":\"https:\/\/carhub.gr\/it\/#website\"},\"primaryImageOfPage\":{\"@id\":\"https:\/\/carhub.gr\/it\/noleggio-auto-santorini-fira\/#primaryimage\"},\"image\":{\"@id\":\"https:\/\/carhub.gr\/it\/noleggio-auto-santorini-fira\/#primaryimage\"},\"thumbnailUrl\":\"https:\/\/carhub.gr\/wp-content\/uploads\/2026\/01\/26637940_10156338224780649_1530645417_n-300x300-1.jpg\",\"datePublished\":\"2026-01-08T20:51:21+00:00\",\"dateModified\":\"2026-01-08T20:57:43+00:00\",\"breadcrumb\":{\"@id\":\"https:\/\/carhub.gr\/it\/noleggio-auto-santorini-fira\/#breadcrumb\"},\"inLanguage\":\"it-IT\",\"potentialAction\":[{\"@type\":\"ReadAction\",\"target\":[\"https:\/\/carhub.gr\/it\/noleggio-auto-santorini-fira\/\"]}]},{\"@type\":\"ImageObject\",\"inLanguage\":\"it-IT\",\"@id\":\"https:\/\/carhub.gr\/it\/noleggio-auto-santorini-fira\/#primaryimage\",\"url\":\"https:\/\/carhub.gr\/wp-content\/uploads\/2026\/01\/26637940_10156338224780649_1530645417_n-300x300-1.jpg\",\"contentUrl\":\"https:\/\/carhub.gr\/wp-content\/uploads\/2026\/01\/26637940_10156338224780649_1530645417_n-300x300-1.jpg\"},{\"@type\":\"BreadcrumbList\",\"@id\":\"https:\/\/carhub.gr\/it\/noleggio-auto-santorini-fira\/#breadcrumb\",\"itemListElement\":[{\"@type\":\"ListItem\",\"position\":1,\"name\":\"Home\",\"item\":\"https:\/\/carhub.gr\/it\/\"},{\"@type\":\"ListItem\",\"position\":2,\"name\":\"Noleggio Auto Santorini Fira \u2013 Affitta un\u2019Auto a Santorini Fira \u2013 Autonoleggio Santorini Fira\"}]},{\"@type\":\"WebSite\",\"@id\":\"https:\/\/carhub.gr\/it\/#website\",\"url\":\"https:\/\/carhub.gr\/it\/\",\"name\":\"Carhub\",\"description\":\"Rent a car Santorini - Santorini Car Hire\",\"publisher\":{\"@id\":\"https:\/\/carhub.gr\/it\/#organization\"},\"alternateName\":\"RENT A CAR SANTORINI - SANTORINI CAR RENTAL\",\"potentialAction\":[{\"@type\":\"SearchAction\",\"target\":{\"@type\":\"EntryPoint\",\"urlTemplate\":\"https:\/\/carhub.gr\/it\/?s={search_term_string}\"},\"query-input\":{\"@type\":\"PropertyValueSpecification\",\"valueRequired\":true,\"valueName\":\"search_term_string\"}}],\"inLanguage\":\"it-IT\"},{\"@type\":\"Organization\",\"@id\":\"https:\/\/carhub.gr\/it\/#organization\",\"name\":\"Carhub\",\"url\":\"https:\/\/carhub.gr\/it\/\",\"logo\":{\"@type\":\"ImageObject\",\"inLanguage\":\"it-IT\",\"@id\":\"https:\/\/carhub.gr\/it\/#\/schema\/logo\/image\/\",\"url\":\"https:\/\/carhub.gr\/wp-content\/uploads\/2025\/12\/logo-carhub-1.png\",\"contentUrl\":\"https:\/\/carhub.gr\/wp-content\/uploads\/2025\/12\/logo-carhub-1.png\",\"width\":182,\"height\":53,\"caption\":\"Carhub\"},\"image\":{\"@id\":\"https:\/\/carhub.gr\/it\/#\/schema\/logo\/image\/\"},\"sameAs\":[\"https:\/\/www.facebook.com\/carhub.gr\/\"]}]}<\/script>\n<!-- \/ Yoast SEO plugin. -->","yoast_head_json":{"title":"Noleggio Auto Santorini Fira \u2013 Affitta un\u2019Auto a Santorini Fira \u2013 Autonoleggio Santorini Fira - Carhub","robots":{"index":"index","follow":"follow","max-snippet":"max-snippet:-1","max-image-preview":"max-image-preview:large","max-video-preview":"max-video-preview:-1"},"canonical":"https:\/\/carhub.gr\/it\/noleggio-auto-santorini-fira\/","og_locale":"it_IT","og_type":"article","og_title":"Noleggio Auto Santorini Fira \u2013 Affitta un\u2019Auto a Santorini Fira \u2013 Autonoleggio Santorini Fira - Carhub","og_description":"[vc_row][vc_column][vc_column_text css=&#8221;&#8221;] Noleggio Auto Santorini Fira \u2013 Affitta un\u2019Auto a Santorini Fira \u2013 Autonoleggio Santorini Fira Prima di tutto, Fira \u00e8 la splendida capitale di Santorini. Si trova sul versante occidentale dell\u2019isola. Dal lato della caldera si gode una delle viste pi\u00f9 belle dell\u2019isola. Il livello di attivit\u00e0 \u00e8 tale da tenervi occupati per ore.&hellip;","og_url":"https:\/\/carhub.gr\/it\/noleggio-auto-santorini-fira\/","og_site_name":"Carhub","article_publisher":"https:\/\/www.facebook.com\/carhub.gr\/","article_modified_time":"2026-01-08T20:57:43+00:00","og_image":[{"width":300,"height":300,"url":"https:\/\/carhub.gr\/wp-content\/uploads\/2026\/01\/26637940_10156338224780649_1530645417_n-300x300-1.jpg","type":"image\/jpeg"}],"twitter_card":"summary_large_image","twitter_misc":{"Tempo di lettura stimato":"2 minuti"},"schema":{"@context":"https:\/\/schema.org","@graph":[{"@type":"WebPage","@id":"https:\/\/carhub.gr\/it\/noleggio-auto-santorini-fira\/","url":"https:\/\/carhub.gr\/it\/noleggio-auto-santorini-fira\/","name":"Noleggio Auto Santorini Fira \u2013 Affitta un\u2019Auto a Santorini Fira \u2013 Autonoleggio Santorini Fira - Carhub","isPartOf":{"@id":"https:\/\/carhub.gr\/it\/#website"},"primaryImageOfPage":{"@id":"https:\/\/carhub.gr\/it\/noleggio-auto-santorini-fira\/#primaryimage"},"image":{"@id":"https:\/\/carhub.gr\/it\/noleggio-auto-santorini-fira\/#primaryimage"},"thumbnailUrl":"https:\/\/carhub.gr\/wp-content\/uploads\/2026\/01\/26637940_10156338224780649_1530645417_n-300x300-1.jpg","datePublished":"2026-01-08T20:51:21+00:00","dateModified":"2026-01-08T20:57:43+00:00","breadcrumb":{"@id":"https:\/\/carhub.gr\/it\/noleggio-auto-santorini-fira\/#breadcrumb"},"inLanguage":"it-IT","potentialAction":[{"@type":"ReadAction","target":["https:\/\/carhub.gr\/it\/noleggio-auto-santorini-fira\/"]}]},{"@type":"ImageObject","inLanguage":"it-IT","@id":"https:\/\/carhub.gr\/it\/noleggio-auto-santorini-fira\/#primaryimage","url":"https:\/\/carhub.gr\/wp-content\/uploads\/2026\/01\/26637940_10156338224780649_1530645417_n-300x300-1.jpg","contentUrl":"https:\/\/carhub.gr\/wp-content\/uploads\/2026\/01\/26637940_10156338224780649_1530645417_n-300x300-1.jpg"},{"@type":"BreadcrumbList","@id":"https:\/\/carhub.gr\/it\/noleggio-auto-santorini-fira\/#breadcrumb","itemListElement":[{"@type":"ListItem","position":1,"name":"Home","item":"https:\/\/carhub.gr\/it\/"},{"@type":"ListItem","position":2,"name":"Noleggio Auto Santorini Fira \u2013 Affitta un\u2019Auto a Santorini Fira \u2013 Autonoleggio Santorini Fira"}]},{"@type":"WebSite","@id":"https:\/\/carhub.gr\/it\/#website","url":"https:\/\/carhub.gr\/it\/","name":"Carhub","description":"Rent a car Santorini - Santorini Car Hire","publisher":{"@id":"https:\/\/carhub.gr\/it\/#organization"},"alternateName":"RENT A CAR SANTORINI - SANTORINI CAR RENTAL","potentialAction":[{"@type":"SearchAction","target":{"@type":"EntryPoint","urlTemplate":"https:\/\/carhub.gr\/it\/?s={search_term_string}"},"query-input":{"@type":"PropertyValueSpecification","valueRequired":true,"valueName":"search_term_string"}}],"inLanguage":"it-IT"},{"@type":"Organization","@id":"https:\/\/carhub.gr\/it\/#organization","name":"Carhub","url":"https:\/\/carhub.gr\/it\/","logo":{"@type":"ImageObject","inLanguage":"it-IT","@id":"https:\/\/carhub.gr\/it\/#\/schema\/logo\/image\/","url":"https:\/\/carhub.gr\/wp-content\/uploads\/2025\/12\/logo-carhub-1.png","contentUrl":"https:\/\/carhub.gr\/wp-content\/uploads\/2025\/12\/logo-carhub-1.png","width":182,"height":53,"caption":"Carhub"},"image":{"@id":"https:\/\/carhub.gr\/it\/#\/schema\/logo\/image\/"},"sameAs":["https:\/\/www.facebook.com\/carhub.gr\/"]}]}},"_links":{"self":[{"href":"https:\/\/carhub.gr\/it\/wp-json\/wp\/v2\/pages\/2906","targetHints":{"allow":["GET"]}}],"collection":[{"href":"https:\/\/carhub.gr\/it\/wp-json\/wp\/v2\/pages"}],"about":[{"href":"https:\/\/carhub.gr\/it\/wp-json\/wp\/v2\/types\/page"}],"author":[{"embeddable":true,"href":"https:\/\/carhub.gr\/it\/wp-json\/wp\/v2\/users\/2"}],"replies":[{"embeddable":true,"href":"https:\/\/carhub.gr\/it\/wp-json\/wp\/v2\/comments?post=2906"}],"version-history":[{"count":1,"href":"https:\/\/carhub.gr\/it\/wp-json\/wp\/v2\/pages\/2906\/revisions"}],"predecessor-version":[{"id":2914,"href":"https:\/\/carhub.gr\/it\/wp-json\/wp\/v2\/pages\/2906\/revisions\/2914"}],"wp:attachment":[{"href":"https:\/\/carhub.gr\/it\/wp-json\/wp\/v2\/media?parent=2906"}],"curies":[{"name":"wp","href":"https:\/\/api.w.org\/{rel}","templated":true}]}}