{"id":2856,"date":"2026-01-07T13:18:49","date_gmt":"2026-01-07T11:18:49","guid":{"rendered":"https:\/\/carhub.gr\/santorini-airport-car-rental\/"},"modified":"2026-01-07T17:37:21","modified_gmt":"2026-01-07T15:37:21","slug":"noleggio-auto-aeroporto-santorini","status":"publish","type":"page","link":"https:\/\/carhub.gr\/it\/noleggio-auto-aeroporto-santorini\/","title":{"rendered":"Noleggio Auto Aeroporto di Santorini"},"content":{"rendered":"<div class=\"wpb-content-wrapper\">[vc_row][vc_column][vc_column_text css=&#8221;&#8221;]\n<h1 class=\"western\" style=\"text-align: center;\"><span style=\"color: #000000;\"><span style=\"font-family: 'Source Sans Pro', Arial, sans-serif;\"><span style=\"font-size: xx-large;\">Noleggio Auto Aeroporto di Santorini<br \/>\n<\/span><\/span><\/span><\/h1>\n<p style=\"text-align: center;\"><a href=\"https:\/\/www.jtr-airport.gr\/en\" target=\"_blank\" rel=\"noopener noreferrer\"><img loading=\"lazy\" decoding=\"async\" class=\"alignnone size-full wp-image-2866\" src=\"https:\/\/carhub.gr\/wp-content\/uploads\/2026\/01\/29196307_10156551096235649_8670063567753445376_n-244x300-1.jpg\" alt=\"\" width=\"244\" height=\"300\" \/><\/a><\/p>\n<p style=\"text-align: center;\"><a href=\"https:\/\/www.jtr-airport.gr\/en\" target=\"_blank\" rel=\"noopener noreferrer\">Aeroporto Internazionale di Santorini (JTR)<\/a><span style=\"color: #222222;\"><span style=\"font-family: sans-serif;\"><span style=\"font-size: small;\">\u00e8 un aeroporto situato a nord del villaggio di Kamari. L\u2019aeroporto serve sia come aeroporto militare che civile. <\/span><\/span><\/span><span style=\"color: #000000;\"><span style=\"font-family: Arial, sans-serif;\"><span style=\"font-size: small;\">Per raggiungere il vostro hotel dall\u2019<strong>Aeroporto di Santorini <\/strong>e iniziare le vostre vacanze sull\u2019isola di Santorini, la soluzione migliore ed economica \u00e8<\/span><\/span><\/span><strong><span style=\"color: #000000;\"><span style=\"font-family: sans-serif;\"><span style=\"font-size: small;\"> noleggiare un\u2019auto all\u2019Aeroporto di Santorini<\/span><\/span><\/span><\/strong><b> <\/b><span style=\"color: #000000;\"><span style=\"font-family: Arial, sans-serif;\"><span style=\"font-size: small;\">con <a href=\"http:\/\/carhub.gr\/#reservation\" target=\"_blank\" rel=\"noopener noreferrer\">Carhub<\/a><\/span><\/span><\/span><span style=\"color: #000000;\"><span style=\"font-family: Arial, sans-serif;\"><span style=\"font-size: small;\">. <\/span><\/span><\/span><strong><span style=\"color: #000000;\"><span style=\"font-family: Arial, sans-serif;\"><span style=\"font-size: small;\"><b>Noleggio auto<\/b><\/span><\/span><\/span><\/strong><b> <\/b><span style=\"color: #000000;\"><span style=\"font-family: Arial, sans-serif;\"><span style=\"font-size: small;\">\u00e8<\/span><\/span><\/span> <span style=\"color: #000000;\"><span style=\"font-family: sans-serif;\"><span style=\"font-size: small;\"><span style=\"font-family: Arial, sans-serif;\">semplice<\/span><\/span><\/span><\/span> <span style=\"color: #000000;\"><span style=\"font-family: Arial, sans-serif;\"><span style=\"font-size: small;\">all\u2019Aeroporto di Santorini <\/span><\/span><\/span><span style=\"color: #000000;\"><span style=\"font-family: Arial, sans-serif;\"><span style=\"font-size: small;\">, poich\u00e9 consegniamo le nostre auto l\u00ec senza alcun costo aggiuntivo. \u00c8 molto piacevole sapere che, quando arrivate, qualcuno vi aspetter\u00e0 all\u2019aeroporto di Santorini per consegnarvi la vostra<\/span><\/span><\/span> <a href=\"https:\/\/coolcars.gr\/\" target=\"_blank\" rel=\"noopener noreferrer\"><strong><span style=\"color: #000000;\"><span style=\"font-family: Arial, sans-serif;\"><span style=\"font-size: small;\"><b>auto a noleggio a Santorini<\/b><\/span><\/span><\/span><\/strong><\/a><span style=\"color: #000000;\"><span style=\"font-family: Arial, sans-serif;\"><span style=\"font-size: small;\">.<\/span><\/span><\/span><\/p>\n<h2 style=\"text-align: center;\">Noleggio Auto Aeroporto di Santorini &#8211; Noleggio Auto all\u2019Aeroporto di Santorini<\/h2>\n<p style=\"text-align: center;\"><span style=\"color: #000000;\"><span style=\"font-family: Arial, sans-serif;\"><span style=\"font-size: small;\">Non c\u2019\u00e8 bisogno di aspettare l\u2019autobus per sempre, n\u00e9 di pagare un taxi o un trasferimento privato. La vostra auto sar\u00e0 pronta al vostro arrivo, cos\u00ec potrete iniziare le vacanze nel modo migliore.<br \/>\nUn <\/span><\/span><\/span> <strong><span style=\"color: #000000;\"><span style=\"font-family: Arial, sans-serif;\"><span style=\"font-size: small;\"><b>noleggio auto a Santorini<\/b><\/span><\/span><\/span><\/strong> <span style=\"color: #000000;\"><span style=\"font-family: Arial, sans-serif;\"><span style=\"font-size: small;\">\u00e8 necessario, indipendentemente dalla posizione del vostro hotel. Avere un\u2019auto durante le vacanze vi d\u00e0 la libert\u00e0 di andare ovunque. Potete scoprire tutte le bellezze di Santorini. Naturalmente, quando sar\u00e0 il momento di lasciare l\u2019isola, potrete restituire la vostra<\/span><\/span><\/span> <strong><span style=\"color: #000000;\"><span style=\"font-family: Arial, sans-serif;\"><span style=\"font-size: small;\"><b>auto noleggiata all\u2019aeroporto di Santorini<\/b><\/span><\/span><\/span><\/strong> <span style=\"color: #000000;\"><span style=\"font-family: Arial, sans-serif;\"><span style=\"font-size: small;\">di nuovo, se partite in aereo, al porto di Santorini se partite in barca, e se pensate che per voi sia pi\u00f9 facile restituire l\u2019auto a noleggio presso il vostro hotel, potete restituirla in qualsiasi hotel di Santorini.<\/span><\/span><\/span><\/p>\n<h2 style=\"text-align: center;\">Noleggio Auto Aeroporto di Santorini<\/h2>\n<p style=\"text-align: center;\"><span style=\"color: #000000;\"><span style=\"font-family: Arial, sans-serif;\"><span style=\"font-size: small;\"> Quindi scegliete il modello pi\u00f9 adatto alle vostre esigenze: automatico, manuale, cabrio, jeep aperta, familiare o economico. Prenotate online oppure chiamateci e il nostro staff vi incontrer\u00e0 in aeroporto. Non \u00e8 nemmeno necessario versare un deposito: potete pagare in contanti o con carta di credito quando ritirate l\u2019auto. Quando pianificate le vostre vacanze a<\/span><\/span><\/span> <strong><span style=\"color: #000000;\"><span style=\"font-family: Arial, sans-serif;\"><span style=\"font-size: small;\"><b>Santorini<\/b><\/span><\/span><\/span><\/strong> <span style=\"color: #000000;\"><span style=\"font-family: Arial, sans-serif;\"><span style=\"font-size: small;\">, il <\/span><\/span><\/span><strong><span style=\"color: #000000;\"><span style=\"font-family: Arial, sans-serif;\"><span style=\"font-size: small;\"><b>servizio di noleggio auto<\/b><\/span><\/span><\/span><\/strong> <span style=\"color: #000000;\"><span style=\"font-family: Arial, sans-serif;\"><span style=\"font-size: small;\">pu\u00f2 essere un valido aiuto per esplorare l\u2019isola e risparmiare molto tempo e denaro. Ora il<\/span><\/span><\/span> <strong><span style=\"color: #000000;\"><span style=\"font-family: Arial, sans-serif;\"><span style=\"font-size: small;\"><b>noleggio auto all\u2019aeroporto di Santorini<\/b><\/span><\/span><\/span><\/strong> <span style=\"color: #000000;\"><span style=\"font-family: Arial, sans-serif;\"><span style=\"font-size: small;\">\u00e8 pi\u00f9 semplice e migliore, grazie alla nostra offerta di consegna e ritiro gratuiti in aeroporto.<\/span><\/span><\/span><\/p>\n[\/vc_column_text][\/vc_column][\/vc_row]\n<\/div>","protected":false},"excerpt":{"rendered":"<p>[vc_row][vc_column][vc_column_text css=&#8221;&#8221;] Noleggio Auto Aeroporto di Santorini Aeroporto Internazionale di Santorini (JTR)\u00e8 un aeroporto situato a nord del villaggio di Kamari. L\u2019aeroporto serve sia come aeroporto militare che civile. Per raggiungere il vostro hotel dall\u2019Aeroporto di Santorini e iniziare le vostre vacanze sull\u2019isola di Santorini, la soluzione migliore ed economica \u00e8 noleggiare un\u2019auto all\u2019Aeroporto di&hellip;<\/p>\n","protected":false},"author":2,"featured_media":0,"parent":0,"menu_order":0,"comment_status":"closed","ping_status":"closed","template":"templates\/no-sidebar.php","meta":{"footnotes":""},"class_list":["post-2856","page","type-page","status-publish","hentry","entry","no-media"],"yoast_head":"<!-- This site is optimized with the Yoast SEO plugin v27.2 - https:\/\/yoast.com\/product\/yoast-seo-wordpress\/ -->\n<title>Noleggio Auto Aeroporto di Santorini - Carhub<\/title>\n<meta name=\"robots\" content=\"index, follow, max-snippet:-1, max-image-preview:large, max-video-preview:-1\" \/>\n<link rel=\"canonical\" href=\"https:\/\/carhub.gr\/it\/noleggio-auto-aeroporto-santorini\/\" \/>\n<meta property=\"og:locale\" content=\"it_IT\" \/>\n<meta property=\"og:type\" content=\"article\" \/>\n<meta property=\"og:title\" content=\"Noleggio Auto Aeroporto di Santorini - Carhub\" \/>\n<meta property=\"og:description\" content=\"[vc_row][vc_column][vc_column_text css=&#8221;&#8221;] Noleggio Auto Aeroporto di Santorini Aeroporto Internazionale di Santorini (JTR)\u00e8 un aeroporto situato a nord del villaggio di Kamari. L\u2019aeroporto serve sia come aeroporto militare che civile. Per raggiungere il vostro hotel dall\u2019Aeroporto di Santorini e iniziare le vostre vacanze sull\u2019isola di Santorini, la soluzione migliore ed economica \u00e8 noleggiare un\u2019auto all\u2019Aeroporto di&hellip;\" \/>\n<meta property=\"og:url\" content=\"https:\/\/carhub.gr\/it\/noleggio-auto-aeroporto-santorini\/\" \/>\n<meta property=\"og:site_name\" content=\"Carhub\" \/>\n<meta property=\"article:publisher\" content=\"https:\/\/www.facebook.com\/carhub.gr\/\" \/>\n<meta property=\"article:modified_time\" content=\"2026-01-07T15:37:21+00:00\" \/>\n<meta property=\"og:image\" content=\"https:\/\/carhub.gr\/wp-content\/uploads\/2025\/12\/pngegg-7-1.png\" \/>\n\t<meta property=\"og:image:width\" content=\"1366\" \/>\n\t<meta property=\"og:image:height\" content=\"768\" \/>\n\t<meta property=\"og:image:type\" content=\"image\/png\" \/>\n<meta name=\"twitter:card\" content=\"summary_large_image\" \/>\n<meta name=\"twitter:label1\" content=\"Tempo di lettura stimato\" \/>\n\t<meta name=\"twitter:data1\" content=\"2 minuti\" \/>\n<script type=\"application\/ld+json\" class=\"yoast-schema-graph\">{\"@context\":\"https:\/\/schema.org\",\"@graph\":[{\"@type\":\"WebPage\",\"@id\":\"https:\/\/carhub.gr\/it\/noleggio-auto-aeroporto-santorini\/\",\"url\":\"https:\/\/carhub.gr\/it\/noleggio-auto-aeroporto-santorini\/\",\"name\":\"Noleggio Auto Aeroporto di Santorini - Carhub\",\"isPartOf\":{\"@id\":\"https:\/\/carhub.gr\/it\/#website\"},\"primaryImageOfPage\":{\"@id\":\"https:\/\/carhub.gr\/it\/noleggio-auto-aeroporto-santorini\/#primaryimage\"},\"image\":{\"@id\":\"https:\/\/carhub.gr\/it\/noleggio-auto-aeroporto-santorini\/#primaryimage\"},\"thumbnailUrl\":\"https:\/\/carhub.gr\/wp-content\/uploads\/2026\/01\/29196307_10156551096235649_8670063567753445376_n-244x300-1.jpg\",\"datePublished\":\"2026-01-07T11:18:49+00:00\",\"dateModified\":\"2026-01-07T15:37:21+00:00\",\"breadcrumb\":{\"@id\":\"https:\/\/carhub.gr\/it\/noleggio-auto-aeroporto-santorini\/#breadcrumb\"},\"inLanguage\":\"it-IT\",\"potentialAction\":[{\"@type\":\"ReadAction\",\"target\":[\"https:\/\/carhub.gr\/it\/noleggio-auto-aeroporto-santorini\/\"]}]},{\"@type\":\"ImageObject\",\"inLanguage\":\"it-IT\",\"@id\":\"https:\/\/carhub.gr\/it\/noleggio-auto-aeroporto-santorini\/#primaryimage\",\"url\":\"https:\/\/carhub.gr\/wp-content\/uploads\/2026\/01\/29196307_10156551096235649_8670063567753445376_n-244x300-1.jpg\",\"contentUrl\":\"https:\/\/carhub.gr\/wp-content\/uploads\/2026\/01\/29196307_10156551096235649_8670063567753445376_n-244x300-1.jpg\"},{\"@type\":\"BreadcrumbList\",\"@id\":\"https:\/\/carhub.gr\/it\/noleggio-auto-aeroporto-santorini\/#breadcrumb\",\"itemListElement\":[{\"@type\":\"ListItem\",\"position\":1,\"name\":\"Home\",\"item\":\"https:\/\/carhub.gr\/it\/\"},{\"@type\":\"ListItem\",\"position\":2,\"name\":\"Noleggio Auto Aeroporto di Santorini\"}]},{\"@type\":\"WebSite\",\"@id\":\"https:\/\/carhub.gr\/it\/#website\",\"url\":\"https:\/\/carhub.gr\/it\/\",\"name\":\"Carhub\",\"description\":\"Rent a car Santorini - Santorini Car Hire\",\"publisher\":{\"@id\":\"https:\/\/carhub.gr\/it\/#organization\"},\"alternateName\":\"RENT A CAR SANTORINI - SANTORINI CAR RENTAL\",\"potentialAction\":[{\"@type\":\"SearchAction\",\"target\":{\"@type\":\"EntryPoint\",\"urlTemplate\":\"https:\/\/carhub.gr\/it\/?s={search_term_string}\"},\"query-input\":{\"@type\":\"PropertyValueSpecification\",\"valueRequired\":true,\"valueName\":\"search_term_string\"}}],\"inLanguage\":\"it-IT\"},{\"@type\":\"Organization\",\"@id\":\"https:\/\/carhub.gr\/it\/#organization\",\"name\":\"Carhub\",\"url\":\"https:\/\/carhub.gr\/it\/\",\"logo\":{\"@type\":\"ImageObject\",\"inLanguage\":\"it-IT\",\"@id\":\"https:\/\/carhub.gr\/it\/#\/schema\/logo\/image\/\",\"url\":\"https:\/\/carhub.gr\/wp-content\/uploads\/2025\/12\/logo-carhub-1.png\",\"contentUrl\":\"https:\/\/carhub.gr\/wp-content\/uploads\/2025\/12\/logo-carhub-1.png\",\"width\":182,\"height\":53,\"caption\":\"Carhub\"},\"image\":{\"@id\":\"https:\/\/carhub.gr\/it\/#\/schema\/logo\/image\/\"},\"sameAs\":[\"https:\/\/www.facebook.com\/carhub.gr\/\"]}]}<\/script>\n<!-- \/ Yoast SEO plugin. -->","yoast_head_json":{"title":"Noleggio Auto Aeroporto di Santorini - Carhub","robots":{"index":"index","follow":"follow","max-snippet":"max-snippet:-1","max-image-preview":"max-image-preview:large","max-video-preview":"max-video-preview:-1"},"canonical":"https:\/\/carhub.gr\/it\/noleggio-auto-aeroporto-santorini\/","og_locale":"it_IT","og_type":"article","og_title":"Noleggio Auto Aeroporto di Santorini - Carhub","og_description":"[vc_row][vc_column][vc_column_text css=&#8221;&#8221;] Noleggio Auto Aeroporto di Santorini Aeroporto Internazionale di Santorini (JTR)\u00e8 un aeroporto situato a nord del villaggio di Kamari. L\u2019aeroporto serve sia come aeroporto militare che civile. Per raggiungere il vostro hotel dall\u2019Aeroporto di Santorini e iniziare le vostre vacanze sull\u2019isola di Santorini, la soluzione migliore ed economica \u00e8 noleggiare un\u2019auto all\u2019Aeroporto di&hellip;","og_url":"https:\/\/carhub.gr\/it\/noleggio-auto-aeroporto-santorini\/","og_site_name":"Carhub","article_publisher":"https:\/\/www.facebook.com\/carhub.gr\/","article_modified_time":"2026-01-07T15:37:21+00:00","og_image":[{"width":1366,"height":768,"url":"https:\/\/carhub.gr\/wp-content\/uploads\/2025\/12\/pngegg-7-1.png","type":"image\/png"}],"twitter_card":"summary_large_image","twitter_misc":{"Tempo di lettura stimato":"2 minuti"},"schema":{"@context":"https:\/\/schema.org","@graph":[{"@type":"WebPage","@id":"https:\/\/carhub.gr\/it\/noleggio-auto-aeroporto-santorini\/","url":"https:\/\/carhub.gr\/it\/noleggio-auto-aeroporto-santorini\/","name":"Noleggio Auto Aeroporto di Santorini - Carhub","isPartOf":{"@id":"https:\/\/carhub.gr\/it\/#website"},"primaryImageOfPage":{"@id":"https:\/\/carhub.gr\/it\/noleggio-auto-aeroporto-santorini\/#primaryimage"},"image":{"@id":"https:\/\/carhub.gr\/it\/noleggio-auto-aeroporto-santorini\/#primaryimage"},"thumbnailUrl":"https:\/\/carhub.gr\/wp-content\/uploads\/2026\/01\/29196307_10156551096235649_8670063567753445376_n-244x300-1.jpg","datePublished":"2026-01-07T11:18:49+00:00","dateModified":"2026-01-07T15:37:21+00:00","breadcrumb":{"@id":"https:\/\/carhub.gr\/it\/noleggio-auto-aeroporto-santorini\/#breadcrumb"},"inLanguage":"it-IT","potentialAction":[{"@type":"ReadAction","target":["https:\/\/carhub.gr\/it\/noleggio-auto-aeroporto-santorini\/"]}]},{"@type":"ImageObject","inLanguage":"it-IT","@id":"https:\/\/carhub.gr\/it\/noleggio-auto-aeroporto-santorini\/#primaryimage","url":"https:\/\/carhub.gr\/wp-content\/uploads\/2026\/01\/29196307_10156551096235649_8670063567753445376_n-244x300-1.jpg","contentUrl":"https:\/\/carhub.gr\/wp-content\/uploads\/2026\/01\/29196307_10156551096235649_8670063567753445376_n-244x300-1.jpg"},{"@type":"BreadcrumbList","@id":"https:\/\/carhub.gr\/it\/noleggio-auto-aeroporto-santorini\/#breadcrumb","itemListElement":[{"@type":"ListItem","position":1,"name":"Home","item":"https:\/\/carhub.gr\/it\/"},{"@type":"ListItem","position":2,"name":"Noleggio Auto Aeroporto di Santorini"}]},{"@type":"WebSite","@id":"https:\/\/carhub.gr\/it\/#website","url":"https:\/\/carhub.gr\/it\/","name":"Carhub","description":"Rent a car Santorini - Santorini Car Hire","publisher":{"@id":"https:\/\/carhub.gr\/it\/#organization"},"alternateName":"RENT A CAR SANTORINI - SANTORINI CAR RENTAL","potentialAction":[{"@type":"SearchAction","target":{"@type":"EntryPoint","urlTemplate":"https:\/\/carhub.gr\/it\/?s={search_term_string}"},"query-input":{"@type":"PropertyValueSpecification","valueRequired":true,"valueName":"search_term_string"}}],"inLanguage":"it-IT"},{"@type":"Organization","@id":"https:\/\/carhub.gr\/it\/#organization","name":"Carhub","url":"https:\/\/carhub.gr\/it\/","logo":{"@type":"ImageObject","inLanguage":"it-IT","@id":"https:\/\/carhub.gr\/it\/#\/schema\/logo\/image\/","url":"https:\/\/carhub.gr\/wp-content\/uploads\/2025\/12\/logo-carhub-1.png","contentUrl":"https:\/\/carhub.gr\/wp-content\/uploads\/2025\/12\/logo-carhub-1.png","width":182,"height":53,"caption":"Carhub"},"image":{"@id":"https:\/\/carhub.gr\/it\/#\/schema\/logo\/image\/"},"sameAs":["https:\/\/www.facebook.com\/carhub.gr\/"]}]}},"_links":{"self":[{"href":"https:\/\/carhub.gr\/it\/wp-json\/wp\/v2\/pages\/2856","targetHints":{"allow":["GET"]}}],"collection":[{"href":"https:\/\/carhub.gr\/it\/wp-json\/wp\/v2\/pages"}],"about":[{"href":"https:\/\/carhub.gr\/it\/wp-json\/wp\/v2\/types\/page"}],"author":[{"embeddable":true,"href":"https:\/\/carhub.gr\/it\/wp-json\/wp\/v2\/users\/2"}],"replies":[{"embeddable":true,"href":"https:\/\/carhub.gr\/it\/wp-json\/wp\/v2\/comments?post=2856"}],"version-history":[{"count":2,"href":"https:\/\/carhub.gr\/it\/wp-json\/wp\/v2\/pages\/2856\/revisions"}],"predecessor-version":[{"id":2868,"href":"https:\/\/carhub.gr\/it\/wp-json\/wp\/v2\/pages\/2856\/revisions\/2868"}],"wp:attachment":[{"href":"https:\/\/carhub.gr\/it\/wp-json\/wp\/v2\/media?parent=2856"}],"curies":[{"name":"wp","href":"https:\/\/api.w.org\/{rel}","templated":true}]}}