{"id":2612,"date":"2025-12-30T13:06:08","date_gmt":"2025-12-30T11:06:08","guid":{"rendered":"https:\/\/carhub.gr\/rental-terms\/"},"modified":"2025-12-31T20:17:24","modified_gmt":"2025-12-31T18:17:24","slug":"rental-terms","status":"publish","type":"page","link":"https:\/\/carhub.gr\/it\/rental-terms\/","title":{"rendered":"Rental Terms"},"content":{"rendered":"<div class=\"wpb-content-wrapper\">[vc_row][vc_column][vc_column_text css=&#8221;&#8221;]\n<h1>Termini di Noleggio<\/h1>\n<p><a href=\"http:\/\/carhub.gr\/\">Carhub<\/a> Termini di Noleggio<\/p>\n<p><strong><em>Et\u00e0<\/em><\/strong><\/p>\n<p>Innanzitutto, il conducente deve avere un\u2019et\u00e0 compresa tra 23 e 70 anni ed essere in possesso di una patente di guida valida, rilasciata da almeno 4 anni.<\/p>\n<p><strong><em>Patente di guida<\/em><\/strong><\/p>\n<p>\u00c8 inoltre richiesta una patente di guida valida per tutti i conducenti indicati, con una validit\u00e0 minima di 12 mesi. Le patenti di guida stampate in un alfabeto non romano (arabo, cinese, cirillico, ecc.) devono essere accompagnate da una patente di guida internazionale. Qualsiasi patente di guida rilasciata da paesi non aderenti alla convenzione internazionale sulle patenti di guida deve essere accompagnata anche da una traduzione ufficiale.<\/p>\n<p><strong><em>Pagamento<\/em><\/strong><\/p>\n<p>Nessun deposito richiesto. \u00c8 inoltre necessaria una carta di credito o di debito personale (Visa o MasterCard, non accettiamo AmEx). I dati della carta vengono conservati nel contratto di noleggio per motivi di sicurezza in caso di danni al veicolo.<\/p>\n<p><strong><em>Ritiro del veicolo<\/em><\/strong><\/p>\n<p>Al momento del ritiro del veicolo, al noleggiatore verr\u00e0 consegnato un Contratto di Noleggio che dovr\u00e0 essere controllato e firmato. Il Contratto di Noleggio riporter\u00e0 tutti i servizi e le assicurazioni inclusi, nonch\u00e9 eventuali servizi o assicurazioni aggiuntivi richiesti dal cliente, con i relativi costi.<\/p>\n<p>\u00c8 molto importante che il noleggiatore controlli e segnali qualsiasi tipo di danno presente sul veicolo, al fine di evitare addebiti per danni causati da un precedente noleggiatore. Il noleggiatore deve firmare, al momento del ritiro e della riconsegna, un modulo sullo stato del veicolo per eventuali danni.<\/p>\n<p><strong><em>Ritiro \/ Consegna<\/em><\/strong><\/p>\n<p>Per il ritiro o la riconsegna del veicolo tra le 23:30 e le 7:00, potrebbe essere applicato un costo aggiuntivo di 20 euro per il servizio fuori orario.<\/p>\n<p><strong><em>Assicurazione<\/em><\/strong><\/p>\n<p class=\"mt-2\">L\u2019assicurazione per il noleggio auto \u00e8 essenziale e offriamo pacchetti per soddisfare le vostre esigenze durante il soggiorno sull\u2019isola di Santorini.<\/p>\n<p>I nostri veicoli sono assicurati contro il furto e i danni a terzi, ad eccezione di: a) conducente e passeggeri b) il nostro veicolo.<\/p>\n<ul>\n<li><b>CDW \u2013 Collision Damage Waiver<\/b><\/li>\n<\/ul>\n<p class=\"mt-2\">Il noleggiatore \u00e8 coperto per eventuali danni al veicolo a noleggio:<\/p>\n<ul class=\"list-disc ml-8 mt-2\">\n<li>franchigia superiore a \u20ac 500\/600 per le categorie di veicoli A, B, C (10 \u20ac \/ giorno)<\/li>\n<li>franchigia superiore a \u20ac 800\/1000 per le categorie D, SUV (10 o 12 \u20ac \/ giorno)<\/li>\n<\/ul>\n<p class=\"mt-2\">Per beneficiare della copertura, \u00e8 necessario rispettare le leggi locali sul traffico e guidare legalmente. Si prega di notare che l\u2019assicurazione non copre i danni agli pneumatici, i danni alla parte inferiore del veicolo, n\u00e9 la perdita o il furto di effetti personali.<\/p>\n<p class=\"mt-2\">Ancora una volta, per beneficiare della copertura \u00e8 necessario guidare legalmente e rispettare le norme del codice della strada. I danni agli pneumatici, i danni alla parte inferiore del veicolo e la perdita o il furto di effetti personali non sono coperti.<\/p>\n<p>I nostri programmi assicurativi vi offrono il livello di protezione pi\u00f9 adatto alle vostre esigenze, con franchigia ridotta. Prenotate oggi la vostra auto a noleggio a Santorini e godetevi la massima tranquillit\u00e0 durante i vostri viaggi.<\/p>\n<p><em><strong>Costi aggiuntivi<\/strong><\/em><br \/>\nTutti i noleggi sono calcolati sulla base di periodi di fatturazione di 24 ore. Eventuali costi aggiuntivi per uno o pi\u00f9 giorni si applicano solo quando il noleggio supera un ciclo completo di 24 ore.<\/p>\n<p><strong><em>Cancellazione<\/em><\/strong><\/p>\n<p><em>Flessibile<\/em><br \/>\nLe cancellazioni sono gratuite e possono essere effettuate via e-mail o contattando telefonicamente il team di supporto CarHub.<\/p>\n<p>&nbsp;<\/p>\n<h3><em>Termini Generali<\/em><\/h3>\n<p><strong><em>Trasporto del veicolo in traghetto<\/em><\/strong><\/p>\n<p>Trasporto del veicolo in traghetto: Vietato!<br \/>\nNel caso in cui il noleggiatore restituisca il veicolo con macchie nell\u2019abitacolo che richiedono una procedura di pulizia speciale, dovr\u00e0 sostenere i costi dei danni.<\/p>\n<p><strong><em>Estensione del noleggio<\/em><\/strong><\/p>\n<p>Se il noleggiatore desidera trattenere il veicolo oltre il periodo contrattuale, dovr\u00e0 contattarci per estendere il Contratto di Noleggio.<br \/>\nIn caso contrario, verr\u00e0 applicata una tariffa giornaliera doppia e il veicolo dovr\u00e0 essere rifornito di carburante dal cliente.<\/p>\n<p><strong><em>Multe di parcheggio \/ infrazioni stradali<\/em><\/strong><\/p>\n<p>Il noleggiatore del veicolo \u00e8 l\u2019unico responsabile di eventuali multe per infrazioni stradali e delle relative spese amministrative sostenute durante il periodo di noleggio.<\/p>\n<p><strong><em>GDPR 4624\/2019<\/em><\/strong><\/p>\n<p>Al momento della prenotazione di un\u2019auto a noleggio, il cliente riconosce, in conformit\u00e0 al GDPR 4624\/2019, che i propri dati personali possono essere condivisi con un\u2019altra azienda al fine di completare la prenotazione.[\/vc_column_text][\/vc_column][\/vc_row]\n<\/div>","protected":false},"excerpt":{"rendered":"<p>[vc_row][vc_column][vc_column_text css=&#8221;&#8221;] Termini di Noleggio Carhub Termini di Noleggio Et\u00e0 Innanzitutto, il conducente deve avere un\u2019et\u00e0 compresa tra 23 e 70 anni ed essere in possesso di una patente di guida valida, rilasciata da almeno 4 anni. Patente di guida \u00c8 inoltre richiesta una patente di guida valida per tutti i conducenti indicati, con una&hellip;<\/p>\n","protected":false},"author":2,"featured_media":0,"parent":0,"menu_order":0,"comment_status":"closed","ping_status":"closed","template":"templates\/no-sidebar.php","meta":{"footnotes":""},"class_list":["post-2612","page","type-page","status-publish","hentry","entry","no-media"],"yoast_head":"<!-- This site is optimized with the Yoast SEO plugin v27.2 - https:\/\/yoast.com\/product\/yoast-seo-wordpress\/ -->\n<title>Rental Terms - Carhub<\/title>\n<meta name=\"robots\" content=\"index, follow, max-snippet:-1, max-image-preview:large, max-video-preview:-1\" \/>\n<link rel=\"canonical\" href=\"https:\/\/carhub.gr\/it\/rental-terms\/\" \/>\n<meta property=\"og:locale\" content=\"it_IT\" \/>\n<meta property=\"og:type\" content=\"article\" \/>\n<meta property=\"og:title\" content=\"Rental Terms - Carhub\" \/>\n<meta property=\"og:description\" content=\"[vc_row][vc_column][vc_column_text css=&#8221;&#8221;] Termini di Noleggio Carhub Termini di Noleggio Et\u00e0 Innanzitutto, il conducente deve avere un\u2019et\u00e0 compresa tra 23 e 70 anni ed essere in possesso di una patente di guida valida, rilasciata da almeno 4 anni. Patente di guida \u00c8 inoltre richiesta una patente di guida valida per tutti i conducenti indicati, con una&hellip;\" \/>\n<meta property=\"og:url\" content=\"https:\/\/carhub.gr\/it\/rental-terms\/\" \/>\n<meta property=\"og:site_name\" content=\"Carhub\" \/>\n<meta property=\"article:publisher\" content=\"https:\/\/www.facebook.com\/carhub.gr\/\" \/>\n<meta property=\"article:modified_time\" content=\"2025-12-31T18:17:24+00:00\" \/>\n<meta property=\"og:image\" content=\"https:\/\/carhub.gr\/wp-content\/uploads\/2025\/12\/pngegg-7-1.png\" \/>\n\t<meta property=\"og:image:width\" content=\"1366\" \/>\n\t<meta property=\"og:image:height\" content=\"768\" \/>\n\t<meta property=\"og:image:type\" content=\"image\/png\" \/>\n<meta name=\"twitter:card\" content=\"summary_large_image\" \/>\n<meta name=\"twitter:label1\" content=\"Tempo di lettura stimato\" \/>\n\t<meta name=\"twitter:data1\" content=\"3 minuti\" \/>\n<script type=\"application\/ld+json\" class=\"yoast-schema-graph\">{\"@context\":\"https:\/\/schema.org\",\"@graph\":[{\"@type\":\"WebPage\",\"@id\":\"https:\/\/carhub.gr\/it\/rental-terms\/\",\"url\":\"https:\/\/carhub.gr\/it\/rental-terms\/\",\"name\":\"Rental Terms - Carhub\",\"isPartOf\":{\"@id\":\"https:\/\/carhub.gr\/it\/#website\"},\"datePublished\":\"2025-12-30T11:06:08+00:00\",\"dateModified\":\"2025-12-31T18:17:24+00:00\",\"breadcrumb\":{\"@id\":\"https:\/\/carhub.gr\/it\/rental-terms\/#breadcrumb\"},\"inLanguage\":\"it-IT\",\"potentialAction\":[{\"@type\":\"ReadAction\",\"target\":[\"https:\/\/carhub.gr\/it\/rental-terms\/\"]}]},{\"@type\":\"BreadcrumbList\",\"@id\":\"https:\/\/carhub.gr\/it\/rental-terms\/#breadcrumb\",\"itemListElement\":[{\"@type\":\"ListItem\",\"position\":1,\"name\":\"Home\",\"item\":\"https:\/\/carhub.gr\/it\/\"},{\"@type\":\"ListItem\",\"position\":2,\"name\":\"Rental Terms\"}]},{\"@type\":\"WebSite\",\"@id\":\"https:\/\/carhub.gr\/it\/#website\",\"url\":\"https:\/\/carhub.gr\/it\/\",\"name\":\"Carhub\",\"description\":\"Rent a car Santorini - Santorini Car Hire\",\"publisher\":{\"@id\":\"https:\/\/carhub.gr\/it\/#organization\"},\"alternateName\":\"RENT A CAR SANTORINI - SANTORINI CAR RENTAL\",\"potentialAction\":[{\"@type\":\"SearchAction\",\"target\":{\"@type\":\"EntryPoint\",\"urlTemplate\":\"https:\/\/carhub.gr\/it\/?s={search_term_string}\"},\"query-input\":{\"@type\":\"PropertyValueSpecification\",\"valueRequired\":true,\"valueName\":\"search_term_string\"}}],\"inLanguage\":\"it-IT\"},{\"@type\":\"Organization\",\"@id\":\"https:\/\/carhub.gr\/it\/#organization\",\"name\":\"Carhub\",\"url\":\"https:\/\/carhub.gr\/it\/\",\"logo\":{\"@type\":\"ImageObject\",\"inLanguage\":\"it-IT\",\"@id\":\"https:\/\/carhub.gr\/it\/#\/schema\/logo\/image\/\",\"url\":\"https:\/\/carhub.gr\/wp-content\/uploads\/2025\/12\/logo-carhub-1.png\",\"contentUrl\":\"https:\/\/carhub.gr\/wp-content\/uploads\/2025\/12\/logo-carhub-1.png\",\"width\":182,\"height\":53,\"caption\":\"Carhub\"},\"image\":{\"@id\":\"https:\/\/carhub.gr\/it\/#\/schema\/logo\/image\/\"},\"sameAs\":[\"https:\/\/www.facebook.com\/carhub.gr\/\"]}]}<\/script>\n<!-- \/ Yoast SEO plugin. -->","yoast_head_json":{"title":"Rental Terms - Carhub","robots":{"index":"index","follow":"follow","max-snippet":"max-snippet:-1","max-image-preview":"max-image-preview:large","max-video-preview":"max-video-preview:-1"},"canonical":"https:\/\/carhub.gr\/it\/rental-terms\/","og_locale":"it_IT","og_type":"article","og_title":"Rental Terms - Carhub","og_description":"[vc_row][vc_column][vc_column_text css=&#8221;&#8221;] Termini di Noleggio Carhub Termini di Noleggio Et\u00e0 Innanzitutto, il conducente deve avere un\u2019et\u00e0 compresa tra 23 e 70 anni ed essere in possesso di una patente di guida valida, rilasciata da almeno 4 anni. Patente di guida \u00c8 inoltre richiesta una patente di guida valida per tutti i conducenti indicati, con una&hellip;","og_url":"https:\/\/carhub.gr\/it\/rental-terms\/","og_site_name":"Carhub","article_publisher":"https:\/\/www.facebook.com\/carhub.gr\/","article_modified_time":"2025-12-31T18:17:24+00:00","og_image":[{"width":1366,"height":768,"url":"https:\/\/carhub.gr\/wp-content\/uploads\/2025\/12\/pngegg-7-1.png","type":"image\/png"}],"twitter_card":"summary_large_image","twitter_misc":{"Tempo di lettura stimato":"3 minuti"},"schema":{"@context":"https:\/\/schema.org","@graph":[{"@type":"WebPage","@id":"https:\/\/carhub.gr\/it\/rental-terms\/","url":"https:\/\/carhub.gr\/it\/rental-terms\/","name":"Rental Terms - Carhub","isPartOf":{"@id":"https:\/\/carhub.gr\/it\/#website"},"datePublished":"2025-12-30T11:06:08+00:00","dateModified":"2025-12-31T18:17:24+00:00","breadcrumb":{"@id":"https:\/\/carhub.gr\/it\/rental-terms\/#breadcrumb"},"inLanguage":"it-IT","potentialAction":[{"@type":"ReadAction","target":["https:\/\/carhub.gr\/it\/rental-terms\/"]}]},{"@type":"BreadcrumbList","@id":"https:\/\/carhub.gr\/it\/rental-terms\/#breadcrumb","itemListElement":[{"@type":"ListItem","position":1,"name":"Home","item":"https:\/\/carhub.gr\/it\/"},{"@type":"ListItem","position":2,"name":"Rental Terms"}]},{"@type":"WebSite","@id":"https:\/\/carhub.gr\/it\/#website","url":"https:\/\/carhub.gr\/it\/","name":"Carhub","description":"Rent a car Santorini - Santorini Car Hire","publisher":{"@id":"https:\/\/carhub.gr\/it\/#organization"},"alternateName":"RENT A CAR SANTORINI - SANTORINI CAR RENTAL","potentialAction":[{"@type":"SearchAction","target":{"@type":"EntryPoint","urlTemplate":"https:\/\/carhub.gr\/it\/?s={search_term_string}"},"query-input":{"@type":"PropertyValueSpecification","valueRequired":true,"valueName":"search_term_string"}}],"inLanguage":"it-IT"},{"@type":"Organization","@id":"https:\/\/carhub.gr\/it\/#organization","name":"Carhub","url":"https:\/\/carhub.gr\/it\/","logo":{"@type":"ImageObject","inLanguage":"it-IT","@id":"https:\/\/carhub.gr\/it\/#\/schema\/logo\/image\/","url":"https:\/\/carhub.gr\/wp-content\/uploads\/2025\/12\/logo-carhub-1.png","contentUrl":"https:\/\/carhub.gr\/wp-content\/uploads\/2025\/12\/logo-carhub-1.png","width":182,"height":53,"caption":"Carhub"},"image":{"@id":"https:\/\/carhub.gr\/it\/#\/schema\/logo\/image\/"},"sameAs":["https:\/\/www.facebook.com\/carhub.gr\/"]}]}},"_links":{"self":[{"href":"https:\/\/carhub.gr\/it\/wp-json\/wp\/v2\/pages\/2612","targetHints":{"allow":["GET"]}}],"collection":[{"href":"https:\/\/carhub.gr\/it\/wp-json\/wp\/v2\/pages"}],"about":[{"href":"https:\/\/carhub.gr\/it\/wp-json\/wp\/v2\/types\/page"}],"author":[{"embeddable":true,"href":"https:\/\/carhub.gr\/it\/wp-json\/wp\/v2\/users\/2"}],"replies":[{"embeddable":true,"href":"https:\/\/carhub.gr\/it\/wp-json\/wp\/v2\/comments?post=2612"}],"version-history":[{"count":1,"href":"https:\/\/carhub.gr\/it\/wp-json\/wp\/v2\/pages\/2612\/revisions"}],"predecessor-version":[{"id":2618,"href":"https:\/\/carhub.gr\/it\/wp-json\/wp\/v2\/pages\/2612\/revisions\/2618"}],"wp:attachment":[{"href":"https:\/\/carhub.gr\/it\/wp-json\/wp\/v2\/media?parent=2612"}],"curies":[{"name":"wp","href":"https:\/\/api.w.org\/{rel}","templated":true}]}}