{"id":3491,"date":"2026-01-15T00:48:45","date_gmt":"2026-01-14T22:48:45","guid":{"rendered":"https:\/\/carhub.gr\/santorini-volcano\/"},"modified":"2026-01-15T00:59:34","modified_gmt":"2026-01-14T22:59:34","slug":"volcan-de-santorin","status":"publish","type":"page","link":"https:\/\/carhub.gr\/fr\/volcan-de-santorin\/","title":{"rendered":"Volcan de Santorin"},"content":{"rendered":"<div class=\"wpb-content-wrapper\">[vc_row][vc_column][vc_column_text css=\u00a0\u00bb\u00a0\u00bb]\n<h1 style=\"text-align: center;\">Volcan de Santorin<\/h1>\n<figure id=\"attachment_3489\" aria-describedby=\"caption-attachment-3489\" style=\"width: 300px\" class=\"wp-caption aligncenter\"><img loading=\"lazy\" decoding=\"async\" class=\"wp-image-3489 size-full\" src=\"https:\/\/carhub.gr\/wp-content\/uploads\/2026\/01\/29019769_10156576679410649_838376255_n-300x222-1.jpg\" alt=\"volcan de Santorin\" width=\"300\" height=\"222\" \/><figcaption id=\"caption-attachment-3489\" class=\"wp-caption-text\">(image du volcan de Santorin)<\/figcaption><\/figure>\n<p><span style=\"color: #000000;\"><span style=\"font-family: Arial, sans-serif;\"><span style=\"font-size: small;\">Santorin est dot\u00e9e d\u2019une beaut\u00e9 naturelle unique et d\u2019un paysage sauvage cr\u00e9\u00e9 par les \u00e9ruptions volcaniques. Extr\u00eamement c\u00e9l\u00e8bre pour sa magnifique caldeira, l\u2019\u00eele est \u00e9galement connue pour les deux petits \u00eelots de lave noire situ\u00e9s au centre du bassin de Santorin. D\u2019un point de vue g\u00e9ographique, il s\u2019agit des \u00eelots les plus jeunes de la M\u00e9diterran\u00e9e orientale. Nea Kameni, en particulier, constitue un p\u00f4le d\u2019attraction pour les visiteurs gr\u00e2ce \u00e0 ses sources chaudes aux propri\u00e9t\u00e9s curatives. Les eaux jaun\u00e2tres contiennent une grande quantit\u00e9 de soufre et sont reconnues pour leurs vertus th\u00e9rapeutiques. Aujourd\u2019hui, Agios Nikolaos, la petite crique situ\u00e9e sur l\u2019\u00eelot de Nea Kameni, est consid\u00e9r\u00e9e comme une v\u00e9ritable source de bien-\u00eatre. Les villages de Santorin, perch\u00e9s sur de hautes falaises, offrent une vue \u00e0 couper le souffle sur la caldeira et les jeunes \u00eelots, en particulier lors du coucher du soleil aux couleurs spectaculaires.<\/span><\/span><\/span><\/p>\n<h2 style=\"text-align: center;\">Pourquoi visiter le volcan de Santorin<\/h2>\n<p><span style=\"color: #000000;\"><span style=\"font-family: Arial, sans-serif;\"><span style=\"font-size: small;\">Les visiteurs peuvent d\u00e9couvrir le volcan en participant \u00e0 l\u2019une des croisi\u00e8res quotidiennes propos\u00e9es dans chaque village. Il est possible de marcher sur les pentes solides de lave noire du volcan fumant et d\u2019explorer l\u2019ensemble de la zone, particuli\u00e8rement impressionnante. Nea Kameni est l\u2019\u00eelot central et, une fois sur son rivage, apr\u00e8s une marche d\u2019environ vingt minutes dans un paysage lunaire, les visiteurs d\u00e9couvrent le crat\u00e8re du volcan ainsi que d\u2019autres ouvertures d\u2019o\u00f9 s\u2019\u00e9chappent des vapeurs de soufre. La r\u00e9gion offre \u00e9galement une vue exceptionnelle sur les magnifiques villages suspendus aux falaises. Le plus ancien <a href=\"https:\/\/www.youtube.com\/watch?v=XHe_DOAQ2zM\" target=\"_blank\" rel=\"noopener noreferrer\">volcan<\/a>, Palea Kameni, poss\u00e8de \u00e9galement des sources chaudes.<\/span><\/span><\/span><\/p>\n<p><span style=\"color: #000000;\"><span style=\"font-family: Arial, sans-serif;\"><span style=\"font-size: small;\">Les \u00eeles de Palea et Nea Kameni, \u00eeles volcaniques, ainsi qu\u2019Aspronisi peuvent \u00eatre facilement visit\u00e9es en petits bateaux. De cette mani\u00e8re, vous pouvez marcher sur un <strong><b>volcan actif<\/b><\/strong> et profiter d\u2019une vue unique sur l\u2019<strong><b>\u00eele de Santorin<\/b><\/strong>. Consultez notre section <strong><b>tours<\/b><\/strong> pour trouver des id\u00e9es et n\u2019h\u00e9sitez pas \u00e0 nous contacter si vous avez des questions.<\/span><\/span><\/span><\/p>\n<p><span style=\"color: #000000;\"><span style=\"font-family: Arial, sans-serif;\"><span style=\"font-size: small;\">La plupart des visiteurs sont pris en charge directement depuis leur h\u00f4tel pour ces <strong><b>tours<\/b><\/strong> ou se rendent simplement au port de Santorin avec leur <a href=\"http:\/\/carhub.gr\/\"><strong><b>voiture de location<\/b><\/strong><\/a> afin de commencer la visite depuis ce point.<\/span><\/span><\/span><\/p>\n[\/vc_column_text][\/vc_column][\/vc_row]\n<\/div>","protected":false},"excerpt":{"rendered":"<p>[vc_row][vc_column][vc_column_text css=\u00a0\u00bb\u00a0\u00bb] Volcan de Santorin Santorin est dot\u00e9e d\u2019une beaut\u00e9 naturelle unique et d\u2019un paysage sauvage cr\u00e9\u00e9 par les \u00e9ruptions volcaniques. Extr\u00eamement c\u00e9l\u00e8bre pour sa magnifique caldeira, l\u2019\u00eele est \u00e9galement connue pour les deux petits \u00eelots de lave noire situ\u00e9s au centre du bassin de Santorin. D\u2019un point de vue g\u00e9ographique, il s\u2019agit des \u00eelots&hellip;<\/p>\n","protected":false},"author":2,"featured_media":0,"parent":0,"menu_order":0,"comment_status":"closed","ping_status":"closed","template":"templates\/no-sidebar.php","meta":{"footnotes":""},"class_list":["post-3491","page","type-page","status-publish","hentry","entry","no-media"],"yoast_head":"<!-- This site is optimized with the Yoast SEO plugin v27.2 - https:\/\/yoast.com\/product\/yoast-seo-wordpress\/ -->\n<title>Volcan de Santorin - Carhub<\/title>\n<meta name=\"robots\" content=\"index, follow, max-snippet:-1, max-image-preview:large, max-video-preview:-1\" \/>\n<link rel=\"canonical\" href=\"https:\/\/carhub.gr\/fr\/volcan-de-santorin\/\" \/>\n<meta property=\"og:locale\" content=\"fr_FR\" \/>\n<meta property=\"og:type\" content=\"article\" \/>\n<meta property=\"og:title\" content=\"Volcan de Santorin - Carhub\" \/>\n<meta property=\"og:description\" content=\"[vc_row][vc_column][vc_column_text css=\u00a0\u00bb\u00a0\u00bb] Volcan de Santorin Santorin est dot\u00e9e d\u2019une beaut\u00e9 naturelle unique et d\u2019un paysage sauvage cr\u00e9\u00e9 par les \u00e9ruptions volcaniques. Extr\u00eamement c\u00e9l\u00e8bre pour sa magnifique caldeira, l\u2019\u00eele est \u00e9galement connue pour les deux petits \u00eelots de lave noire situ\u00e9s au centre du bassin de Santorin. D\u2019un point de vue g\u00e9ographique, il s\u2019agit des \u00eelots&hellip;\" \/>\n<meta property=\"og:url\" content=\"https:\/\/carhub.gr\/fr\/volcan-de-santorin\/\" \/>\n<meta property=\"og:site_name\" content=\"Carhub\" \/>\n<meta property=\"article:publisher\" content=\"https:\/\/www.facebook.com\/carhub.gr\/\" \/>\n<meta property=\"article:modified_time\" content=\"2026-01-14T22:59:34+00:00\" \/>\n<meta property=\"og:image\" content=\"https:\/\/carhub.gr\/wp-content\/uploads\/2026\/01\/29019769_10156576679410649_838376255_n-300x222-1.jpg\" \/>\n\t<meta property=\"og:image:width\" content=\"300\" \/>\n\t<meta property=\"og:image:height\" content=\"222\" \/>\n\t<meta property=\"og:image:type\" content=\"image\/jpeg\" \/>\n<meta name=\"twitter:card\" content=\"summary_large_image\" \/>\n<meta name=\"twitter:label1\" content=\"Dur\u00e9e de lecture estim\u00e9e\" \/>\n\t<meta name=\"twitter:data1\" content=\"2 minutes\" \/>\n<script type=\"application\/ld+json\" class=\"yoast-schema-graph\">{\"@context\":\"https:\/\/schema.org\",\"@graph\":[{\"@type\":\"WebPage\",\"@id\":\"https:\/\/carhub.gr\/fr\/volcan-de-santorin\/\",\"url\":\"https:\/\/carhub.gr\/fr\/volcan-de-santorin\/\",\"name\":\"Volcan de Santorin - Carhub\",\"isPartOf\":{\"@id\":\"https:\/\/carhub.gr\/fr\/#website\"},\"primaryImageOfPage\":{\"@id\":\"https:\/\/carhub.gr\/fr\/volcan-de-santorin\/#primaryimage\"},\"image\":{\"@id\":\"https:\/\/carhub.gr\/fr\/volcan-de-santorin\/#primaryimage\"},\"thumbnailUrl\":\"https:\/\/carhub.gr\/wp-content\/uploads\/2026\/01\/29019769_10156576679410649_838376255_n-300x222-1.jpg\",\"datePublished\":\"2026-01-14T22:48:45+00:00\",\"dateModified\":\"2026-01-14T22:59:34+00:00\",\"breadcrumb\":{\"@id\":\"https:\/\/carhub.gr\/fr\/volcan-de-santorin\/#breadcrumb\"},\"inLanguage\":\"fr-FR\",\"potentialAction\":[{\"@type\":\"ReadAction\",\"target\":[\"https:\/\/carhub.gr\/fr\/volcan-de-santorin\/\"]}]},{\"@type\":\"ImageObject\",\"inLanguage\":\"fr-FR\",\"@id\":\"https:\/\/carhub.gr\/fr\/volcan-de-santorin\/#primaryimage\",\"url\":\"https:\/\/carhub.gr\/wp-content\/uploads\/2026\/01\/29019769_10156576679410649_838376255_n-300x222-1.jpg\",\"contentUrl\":\"https:\/\/carhub.gr\/wp-content\/uploads\/2026\/01\/29019769_10156576679410649_838376255_n-300x222-1.jpg\"},{\"@type\":\"BreadcrumbList\",\"@id\":\"https:\/\/carhub.gr\/fr\/volcan-de-santorin\/#breadcrumb\",\"itemListElement\":[{\"@type\":\"ListItem\",\"position\":1,\"name\":\"Home\",\"item\":\"https:\/\/carhub.gr\/fr\/\"},{\"@type\":\"ListItem\",\"position\":2,\"name\":\"Volcan de Santorin\"}]},{\"@type\":\"WebSite\",\"@id\":\"https:\/\/carhub.gr\/fr\/#website\",\"url\":\"https:\/\/carhub.gr\/fr\/\",\"name\":\"Carhub\",\"description\":\"Rent a car Santorini - Santorini Car Hire\",\"publisher\":{\"@id\":\"https:\/\/carhub.gr\/fr\/#organization\"},\"alternateName\":\"RENT A CAR SANTORINI - SANTORINI CAR RENTAL\",\"potentialAction\":[{\"@type\":\"SearchAction\",\"target\":{\"@type\":\"EntryPoint\",\"urlTemplate\":\"https:\/\/carhub.gr\/fr\/?s={search_term_string}\"},\"query-input\":{\"@type\":\"PropertyValueSpecification\",\"valueRequired\":true,\"valueName\":\"search_term_string\"}}],\"inLanguage\":\"fr-FR\"},{\"@type\":\"Organization\",\"@id\":\"https:\/\/carhub.gr\/fr\/#organization\",\"name\":\"Carhub\",\"url\":\"https:\/\/carhub.gr\/fr\/\",\"logo\":{\"@type\":\"ImageObject\",\"inLanguage\":\"fr-FR\",\"@id\":\"https:\/\/carhub.gr\/fr\/#\/schema\/logo\/image\/\",\"url\":\"https:\/\/carhub.gr\/wp-content\/uploads\/2025\/12\/logo-carhub-1.png\",\"contentUrl\":\"https:\/\/carhub.gr\/wp-content\/uploads\/2025\/12\/logo-carhub-1.png\",\"width\":182,\"height\":53,\"caption\":\"Carhub\"},\"image\":{\"@id\":\"https:\/\/carhub.gr\/fr\/#\/schema\/logo\/image\/\"},\"sameAs\":[\"https:\/\/www.facebook.com\/carhub.gr\/\"]}]}<\/script>\n<!-- \/ Yoast SEO plugin. -->","yoast_head_json":{"title":"Volcan de Santorin - Carhub","robots":{"index":"index","follow":"follow","max-snippet":"max-snippet:-1","max-image-preview":"max-image-preview:large","max-video-preview":"max-video-preview:-1"},"canonical":"https:\/\/carhub.gr\/fr\/volcan-de-santorin\/","og_locale":"fr_FR","og_type":"article","og_title":"Volcan de Santorin - Carhub","og_description":"[vc_row][vc_column][vc_column_text css=\u00a0\u00bb\u00a0\u00bb] Volcan de Santorin Santorin est dot\u00e9e d\u2019une beaut\u00e9 naturelle unique et d\u2019un paysage sauvage cr\u00e9\u00e9 par les \u00e9ruptions volcaniques. Extr\u00eamement c\u00e9l\u00e8bre pour sa magnifique caldeira, l\u2019\u00eele est \u00e9galement connue pour les deux petits \u00eelots de lave noire situ\u00e9s au centre du bassin de Santorin. D\u2019un point de vue g\u00e9ographique, il s\u2019agit des \u00eelots&hellip;","og_url":"https:\/\/carhub.gr\/fr\/volcan-de-santorin\/","og_site_name":"Carhub","article_publisher":"https:\/\/www.facebook.com\/carhub.gr\/","article_modified_time":"2026-01-14T22:59:34+00:00","og_image":[{"width":300,"height":222,"url":"https:\/\/carhub.gr\/wp-content\/uploads\/2026\/01\/29019769_10156576679410649_838376255_n-300x222-1.jpg","type":"image\/jpeg"}],"twitter_card":"summary_large_image","twitter_misc":{"Dur\u00e9e de lecture estim\u00e9e":"2 minutes"},"schema":{"@context":"https:\/\/schema.org","@graph":[{"@type":"WebPage","@id":"https:\/\/carhub.gr\/fr\/volcan-de-santorin\/","url":"https:\/\/carhub.gr\/fr\/volcan-de-santorin\/","name":"Volcan de Santorin - Carhub","isPartOf":{"@id":"https:\/\/carhub.gr\/fr\/#website"},"primaryImageOfPage":{"@id":"https:\/\/carhub.gr\/fr\/volcan-de-santorin\/#primaryimage"},"image":{"@id":"https:\/\/carhub.gr\/fr\/volcan-de-santorin\/#primaryimage"},"thumbnailUrl":"https:\/\/carhub.gr\/wp-content\/uploads\/2026\/01\/29019769_10156576679410649_838376255_n-300x222-1.jpg","datePublished":"2026-01-14T22:48:45+00:00","dateModified":"2026-01-14T22:59:34+00:00","breadcrumb":{"@id":"https:\/\/carhub.gr\/fr\/volcan-de-santorin\/#breadcrumb"},"inLanguage":"fr-FR","potentialAction":[{"@type":"ReadAction","target":["https:\/\/carhub.gr\/fr\/volcan-de-santorin\/"]}]},{"@type":"ImageObject","inLanguage":"fr-FR","@id":"https:\/\/carhub.gr\/fr\/volcan-de-santorin\/#primaryimage","url":"https:\/\/carhub.gr\/wp-content\/uploads\/2026\/01\/29019769_10156576679410649_838376255_n-300x222-1.jpg","contentUrl":"https:\/\/carhub.gr\/wp-content\/uploads\/2026\/01\/29019769_10156576679410649_838376255_n-300x222-1.jpg"},{"@type":"BreadcrumbList","@id":"https:\/\/carhub.gr\/fr\/volcan-de-santorin\/#breadcrumb","itemListElement":[{"@type":"ListItem","position":1,"name":"Home","item":"https:\/\/carhub.gr\/fr\/"},{"@type":"ListItem","position":2,"name":"Volcan de Santorin"}]},{"@type":"WebSite","@id":"https:\/\/carhub.gr\/fr\/#website","url":"https:\/\/carhub.gr\/fr\/","name":"Carhub","description":"Rent a car Santorini - Santorini Car Hire","publisher":{"@id":"https:\/\/carhub.gr\/fr\/#organization"},"alternateName":"RENT A CAR SANTORINI - SANTORINI CAR RENTAL","potentialAction":[{"@type":"SearchAction","target":{"@type":"EntryPoint","urlTemplate":"https:\/\/carhub.gr\/fr\/?s={search_term_string}"},"query-input":{"@type":"PropertyValueSpecification","valueRequired":true,"valueName":"search_term_string"}}],"inLanguage":"fr-FR"},{"@type":"Organization","@id":"https:\/\/carhub.gr\/fr\/#organization","name":"Carhub","url":"https:\/\/carhub.gr\/fr\/","logo":{"@type":"ImageObject","inLanguage":"fr-FR","@id":"https:\/\/carhub.gr\/fr\/#\/schema\/logo\/image\/","url":"https:\/\/carhub.gr\/wp-content\/uploads\/2025\/12\/logo-carhub-1.png","contentUrl":"https:\/\/carhub.gr\/wp-content\/uploads\/2025\/12\/logo-carhub-1.png","width":182,"height":53,"caption":"Carhub"},"image":{"@id":"https:\/\/carhub.gr\/fr\/#\/schema\/logo\/image\/"},"sameAs":["https:\/\/www.facebook.com\/carhub.gr\/"]}]}},"_links":{"self":[{"href":"https:\/\/carhub.gr\/fr\/wp-json\/wp\/v2\/pages\/3491","targetHints":{"allow":["GET"]}}],"collection":[{"href":"https:\/\/carhub.gr\/fr\/wp-json\/wp\/v2\/pages"}],"about":[{"href":"https:\/\/carhub.gr\/fr\/wp-json\/wp\/v2\/types\/page"}],"author":[{"embeddable":true,"href":"https:\/\/carhub.gr\/fr\/wp-json\/wp\/v2\/users\/2"}],"replies":[{"embeddable":true,"href":"https:\/\/carhub.gr\/fr\/wp-json\/wp\/v2\/comments?post=3491"}],"version-history":[{"count":2,"href":"https:\/\/carhub.gr\/fr\/wp-json\/wp\/v2\/pages\/3491\/revisions"}],"predecessor-version":[{"id":3502,"href":"https:\/\/carhub.gr\/fr\/wp-json\/wp\/v2\/pages\/3491\/revisions\/3502"}],"wp:attachment":[{"href":"https:\/\/carhub.gr\/fr\/wp-json\/wp\/v2\/media?parent=3491"}],"curies":[{"name":"wp","href":"https:\/\/api.w.org\/{rel}","templated":true}]}}