{"id":3439,"date":"2026-01-14T23:08:43","date_gmt":"2026-01-14T21:08:43","guid":{"rendered":"https:\/\/carhub.gr\/santorini-foods-products\/"},"modified":"2026-01-14T23:12:08","modified_gmt":"2026-01-14T21:12:08","slug":"produits-alimentaires-de-santorini","status":"publish","type":"page","link":"https:\/\/carhub.gr\/fr\/produits-alimentaires-de-santorini\/","title":{"rendered":"Produits alimentaires de Santorini"},"content":{"rendered":"<div class=\"wpb-content-wrapper\">[vc_row][vc_column][vc_column_text css=\u00a0\u00bb\u00a0\u00bb]\n<h1 class=\"western\" style=\"text-align: center;\"><span style=\"color: #000000;\"><span style=\"font-family: 'Source Sans Pro', Arial, sans-serif;\"><span style=\"font-size: xx-large;\">Produits alimentaires de Santorini<\/span><\/span><\/span><\/h1>\n<p style=\"text-align: left;\"><span style=\"color: #000000;\"><span style=\"font-family: Arial, sans-serif;\"><span style=\"font-size: small;\">Le sol volcanique unique et le climat id\u00e9al de l\u2019\u00eele favorisent la production de produits alimentaires de haute qualit\u00e9 \u00e0 Santorini. L\u2019\u00eele est \u00e9galement c\u00e9l\u00e8bre pour ses vignobles, dont l\u2019histoire se perd dans la nuit des temps. L\u2019activit\u00e9 volcanique a rendu le sol extr\u00eamement fertile. Ainsi, l\u2019agriculture de Santorini s\u2019est d\u00e9velopp\u00e9e rapidement et est devenue mondialement reconnue.<\/span><\/span><\/span><\/p>\n<h3 style=\"text-align: center;\">Kapari<\/h3>\n<figure id=\"attachment_3432\" aria-describedby=\"caption-attachment-3432\" style=\"width: 300px\" class=\"wp-caption aligncenter\"><img loading=\"lazy\" decoding=\"async\" class=\"wp-image-3432 size-full\" src=\"https:\/\/carhub.gr\/wp-content\/uploads\/2026\/01\/28534726_10156503183785649_972435265_n-300x183-1.jpg\" alt=\"produits alimentaires de Santorini\" width=\"300\" height=\"183\" \/><figcaption id=\"caption-attachment-3432\" class=\"wp-caption-text\">(Kapari)<\/figcaption><\/figure>\n<p align=\"LEFT\"><span style=\"color: #000000;\"><span style=\"font-family: Arial, sans-serif;\"><span style=\"font-size: small;\">Pour ceux qui ne savent pas ce qu\u2019est le <a href=\"https:\/\/en.wikipedia.org\/wiki\/Caper\" target=\"_blank\" rel=\"noopener noreferrer\">kapari<\/a>, il s\u2019agit de jeunes tiges de c\u00e2prier marin\u00e9es dans du vinaigre de vin rouge. Elles sont diff\u00e9rentes des boutons de c\u00e2pres marin\u00e9s, que la plupart des gens connaissent. Les boutons de c\u00e2pres sont les bourgeons marin\u00e9s de la plante. \u00c0 mon avis, le kapari a une saveur diff\u00e9rente des boutons de c\u00e2pres marin\u00e9s. Sa texture est plus charnue, car il se compose de tiges et de feuilles de c\u00e2prier, et il est \u00e9galement moins acide.<\/span><\/span><\/span><\/p>\n<h3 style=\"text-align: center;\" align=\"LEFT\"><span style=\"color: #000000;\"><span style=\"font-family: Arial, sans-serif;\"><span style=\"font-size: small;\">Tomates cerises<\/span><\/span><\/span><\/h3>\n<figure id=\"attachment_3433\" aria-describedby=\"caption-attachment-3433\" style=\"width: 300px\" class=\"wp-caption aligncenter\"><img loading=\"lazy\" decoding=\"async\" class=\"wp-image-3433 size-full\" src=\"https:\/\/carhub.gr\/wp-content\/uploads\/2026\/01\/28537922_10156503184055649_1123957049_n-300x295-1.jpg\" alt=\"produits alimentaires de Santorini\" width=\"300\" height=\"295\" \/><figcaption id=\"caption-attachment-3433\" class=\"wp-caption-text\">(tomates cerises)<\/figcaption><\/figure>\n<p style=\"text-align: left;\" align=\"LEFT\"><span style=\"color: #000000;\"><span style=\"font-family: Arial, sans-serif;\"><span style=\"font-size: small;\">Santorini n\u2019est pas seulement connue pour sa beaut\u00e9 naturelle, mais aussi pour ses tomates uniques. La c\u00e9l\u00e8bre tomate de Santorini est aussi petite qu\u2019app\u00e9tissante. Elles sont si petites que de nombreux visiteurs ont du mal \u00e0 croire qu\u2019il s\u2019agit bien de tomates et non de fruits. Les c\u00e9l\u00e8bres <a href=\"https:\/\/www.greeka.com\/cyclades\/santorini\/santorini-products\/cherry-tomatoes.html\" target=\"_blank\" rel=\"noopener noreferrer\">tomates de Santorini<\/a> sont uniques et ne poussent que dans cette r\u00e9gion du monde.<\/span><\/span><\/span><\/p>\n<h3 style=\"text-align: center;\" align=\"LEFT\">Fava<\/h3>\n<figure id=\"attachment_3434\" aria-describedby=\"caption-attachment-3434\" style=\"width: 300px\" class=\"wp-caption aligncenter\"><img loading=\"lazy\" decoding=\"async\" class=\"wp-image-3434 size-full\" src=\"https:\/\/carhub.gr\/wp-content\/uploads\/2026\/01\/28535457_10156503183360649_687496869_n-300x221-1.jpg\" alt=\"produits alimentaires de Santorini\" width=\"300\" height=\"221\" \/><figcaption id=\"caption-attachment-3434\" class=\"wp-caption-text\">(fava)<\/figcaption><\/figure>\n<p align=\"LEFT\"><span style=\"color: #000000;\"><span style=\"font-family: Arial, sans-serif;\"><span style=\"font-size: small;\">Les <a href=\"https:\/\/www.greeka.com\/cyclades\/santorini\/santorini-products\/santorini-fava.html\" target=\"_blank\" rel=\"noopener noreferrer\">f\u00e8ves de fava<\/a> comptent parmi les produits les plus traditionnels et embl\u00e9matiques de Santorini. Il s\u2019agit d\u2019un type de pois jaunes provenant du fruit Lathyrus Clymenum. Cultiv\u00e9e exclusivement \u00e0 Santorini et sur l\u2019\u00eele voisine d\u2019Anafi, cette culture est probablement rendue possible gr\u00e2ce au sol volcanique unique. Elle est consid\u00e9r\u00e9e comme le produit le plus traditionnel de l\u2019\u00eele.<\/span><\/span><\/span><\/p>\n<h3 style=\"text-align: center;\" align=\"LEFT\"><span style=\"color: #000000;\"><span style=\"font-family: Arial, sans-serif;\"><span style=\"font-size: small;\">Tomatokeftedes<\/span><\/span><\/span><\/h3>\n<figure id=\"attachment_3435\" aria-describedby=\"caption-attachment-3435\" style=\"width: 244px\" class=\"wp-caption aligncenter\"><a href=\"https:\/\/www.greeka.com\/cyclades\/santorini\/recipes\/tomatokeftedes.htm\" target=\"_blank\" rel=\"noopener noreferrer\"><img loading=\"lazy\" decoding=\"async\" class=\"wp-image-3435 size-full\" src=\"https:\/\/carhub.gr\/wp-content\/uploads\/2026\/01\/28511760_10156503184300649_487692015_n-244x300-1.jpg\" alt=\"tomatokeftedes\" width=\"244\" height=\"300\" \/><\/a><figcaption id=\"caption-attachment-3435\" class=\"wp-caption-text\">(Image des Tomatokeftedes)<\/figcaption><\/figure>\n<p align=\"LEFT\"><span style=\"color: #000000;\"><span style=\"font-family: Arial, sans-serif;\"><span style=\"font-size: small;\">Les <a href=\"https:\/\/www.greeka.com\/cyclades\/santorini\/recipes\/tomatokeftedes.htm\" target=\"_blank\" rel=\"noopener noreferrer\">tomatokeftedes<\/a> sont un plat traditionnel de Santorini. Tr\u00e8s populaires sur l\u2019\u00eele, leur pr\u00e9paration est similaire \u00e0 celle des boulettes de viande.<\/span><\/span><\/span><\/p>\n<h3 style=\"text-align: center;\" align=\"LEFT\">Sfougato<\/h3>\n<figure id=\"attachment_3436\" aria-describedby=\"caption-attachment-3436\" style=\"width: 300px\" class=\"wp-caption aligncenter\"><img loading=\"lazy\" decoding=\"async\" class=\"wp-image-3436 size-full\" src=\"https:\/\/carhub.gr\/wp-content\/uploads\/2026\/01\/28535387_10156503183575649_385992677_n-300x298-1.jpg\" alt=\"produits alimentaires de Santorini\" width=\"300\" height=\"298\" srcset=\"https:\/\/carhub.gr\/wp-content\/uploads\/2026\/01\/28535387_10156503183575649_385992677_n-300x298-1.jpg 300w, https:\/\/carhub.gr\/wp-content\/uploads\/2026\/01\/28535387_10156503183575649_385992677_n-300x298-1-150x150.jpg 150w\" sizes=\"auto, (max-width: 300px) 100vw, 300px\" \/><figcaption id=\"caption-attachment-3436\" class=\"wp-caption-text\">(Image du Sfougato)<\/figcaption><\/figure>\n<p align=\"LEFT\"><span style=\"color: #000000;\"><span style=\"font-family: Arial, sans-serif;\"><span style=\"font-size: small;\">Le <a href=\"http:\/\/bwydbydbywyd.blogspot.gr\/2017\/02\/sfougato-santorini.html\" target=\"_blank\" rel=\"noopener noreferrer\">sfougato<\/a> est une quiche grecque traditionnelle sal\u00e9e, sans p\u00e2te. Cette version \u00e0 la courgette et \u00e0 la menthe verte est typiquement santorinienne et ses saveurs rappellent imm\u00e9diatement cette magnifique \u00eele de la mer \u00c9g\u00e9e.<\/span><\/span><\/span><\/p>\n<h3 style=\"text-align: center;\" align=\"LEFT\">Meletinia<\/h3>\n<figure id=\"attachment_3437\" aria-describedby=\"caption-attachment-3437\" style=\"width: 224px\" class=\"wp-caption aligncenter\"><img loading=\"lazy\" decoding=\"async\" class=\"wp-image-3437 size-full\" src=\"https:\/\/carhub.gr\/wp-content\/uploads\/2026\/01\/28512734_10156503184080649_1338061094_n-224x300-1.jpg\" alt=\"meletinia\" width=\"224\" height=\"300\" \/><figcaption id=\"caption-attachment-3437\" class=\"wp-caption-text\">(Meletinia)<\/figcaption><\/figure>\n<p align=\"LEFT\"><span style=\"color: #000000;\"><span style=\"font-family: Arial, sans-serif;\"><span style=\"font-size: small;\">Les <a href=\"https:\/\/www.greeka.com\/cyclades\/santorini\/recipes\/melitinia-cookies.htm\" target=\"_blank\" rel=\"noopener noreferrer\">melitinia<\/a> de Santorini sont des douceurs traditionnelles pr\u00e9par\u00e9es pour les mariages, les fian\u00e7ailles et les f\u00eates. Elles sont confectionn\u00e9es \u00e0 base de fromage mitzithra non sal\u00e9 et de yaourt, et d\u00e9gagent un agr\u00e9able parfum de mastic. Vous pouvez les trouver dans les boulangeries traditionnelles de Santorini.<\/span><\/span><\/span><\/p>\n<p align=\"LEFT\">Enfin, pourquoi ne pas organiser un road trip gourmand et d\u00e9guster tous les produits alimentaires de Santorini en louant une voiture chez <a href=\"http:\/\/carhub.gr\/\">Carhub<\/a> ?<\/p>\n[\/vc_column_text][\/vc_column][\/vc_row]\n<\/div>","protected":false},"excerpt":{"rendered":"<p>[vc_row][vc_column][vc_column_text css=\u00a0\u00bb\u00a0\u00bb] Produits alimentaires de Santorini Le sol volcanique unique et le climat id\u00e9al de l\u2019\u00eele favorisent la production de produits alimentaires de haute qualit\u00e9 \u00e0 Santorini. L\u2019\u00eele est \u00e9galement c\u00e9l\u00e8bre pour ses vignobles, dont l\u2019histoire se perd dans la nuit des temps. L\u2019activit\u00e9 volcanique a rendu le sol extr\u00eamement fertile. Ainsi, l\u2019agriculture de Santorini&hellip;<\/p>\n","protected":false},"author":2,"featured_media":0,"parent":0,"menu_order":0,"comment_status":"closed","ping_status":"closed","template":"templates\/no-sidebar.php","meta":{"footnotes":""},"class_list":["post-3439","page","type-page","status-publish","hentry","entry","no-media"],"yoast_head":"<!-- This site is optimized with the Yoast SEO plugin v27.2 - https:\/\/yoast.com\/product\/yoast-seo-wordpress\/ -->\n<title>Produits alimentaires de Santorini - Carhub<\/title>\n<meta name=\"robots\" content=\"index, follow, max-snippet:-1, max-image-preview:large, max-video-preview:-1\" \/>\n<link rel=\"canonical\" href=\"https:\/\/carhub.gr\/fr\/produits-alimentaires-de-santorini\/\" \/>\n<meta property=\"og:locale\" content=\"fr_FR\" \/>\n<meta property=\"og:type\" content=\"article\" \/>\n<meta property=\"og:title\" content=\"Produits alimentaires de Santorini - Carhub\" \/>\n<meta property=\"og:description\" content=\"[vc_row][vc_column][vc_column_text css=\u00a0\u00bb\u00a0\u00bb] Produits alimentaires de Santorini Le sol volcanique unique et le climat id\u00e9al de l\u2019\u00eele favorisent la production de produits alimentaires de haute qualit\u00e9 \u00e0 Santorini. L\u2019\u00eele est \u00e9galement c\u00e9l\u00e8bre pour ses vignobles, dont l\u2019histoire se perd dans la nuit des temps. L\u2019activit\u00e9 volcanique a rendu le sol extr\u00eamement fertile. Ainsi, l\u2019agriculture de Santorini&hellip;\" \/>\n<meta property=\"og:url\" content=\"https:\/\/carhub.gr\/fr\/produits-alimentaires-de-santorini\/\" \/>\n<meta property=\"og:site_name\" content=\"Carhub\" \/>\n<meta property=\"article:publisher\" content=\"https:\/\/www.facebook.com\/carhub.gr\/\" \/>\n<meta property=\"article:modified_time\" content=\"2026-01-14T21:12:08+00:00\" \/>\n<meta property=\"og:image\" content=\"https:\/\/carhub.gr\/wp-content\/uploads\/2026\/01\/28534726_10156503183785649_972435265_n-300x183-1.jpg\" \/>\n\t<meta property=\"og:image:width\" content=\"300\" \/>\n\t<meta property=\"og:image:height\" content=\"183\" \/>\n\t<meta property=\"og:image:type\" content=\"image\/jpeg\" \/>\n<meta name=\"twitter:card\" content=\"summary_large_image\" \/>\n<meta name=\"twitter:label1\" content=\"Dur\u00e9e de lecture estim\u00e9e\" \/>\n\t<meta name=\"twitter:data1\" content=\"4 minutes\" \/>\n<script type=\"application\/ld+json\" class=\"yoast-schema-graph\">{\"@context\":\"https:\/\/schema.org\",\"@graph\":[{\"@type\":\"WebPage\",\"@id\":\"https:\/\/carhub.gr\/fr\/produits-alimentaires-de-santorini\/\",\"url\":\"https:\/\/carhub.gr\/fr\/produits-alimentaires-de-santorini\/\",\"name\":\"Produits alimentaires de Santorini - Carhub\",\"isPartOf\":{\"@id\":\"https:\/\/carhub.gr\/fr\/#website\"},\"primaryImageOfPage\":{\"@id\":\"https:\/\/carhub.gr\/fr\/produits-alimentaires-de-santorini\/#primaryimage\"},\"image\":{\"@id\":\"https:\/\/carhub.gr\/fr\/produits-alimentaires-de-santorini\/#primaryimage\"},\"thumbnailUrl\":\"https:\/\/carhub.gr\/wp-content\/uploads\/2026\/01\/28534726_10156503183785649_972435265_n-300x183-1.jpg\",\"datePublished\":\"2026-01-14T21:08:43+00:00\",\"dateModified\":\"2026-01-14T21:12:08+00:00\",\"breadcrumb\":{\"@id\":\"https:\/\/carhub.gr\/fr\/produits-alimentaires-de-santorini\/#breadcrumb\"},\"inLanguage\":\"fr-FR\",\"potentialAction\":[{\"@type\":\"ReadAction\",\"target\":[\"https:\/\/carhub.gr\/fr\/produits-alimentaires-de-santorini\/\"]}]},{\"@type\":\"ImageObject\",\"inLanguage\":\"fr-FR\",\"@id\":\"https:\/\/carhub.gr\/fr\/produits-alimentaires-de-santorini\/#primaryimage\",\"url\":\"https:\/\/carhub.gr\/wp-content\/uploads\/2026\/01\/28534726_10156503183785649_972435265_n-300x183-1.jpg\",\"contentUrl\":\"https:\/\/carhub.gr\/wp-content\/uploads\/2026\/01\/28534726_10156503183785649_972435265_n-300x183-1.jpg\"},{\"@type\":\"BreadcrumbList\",\"@id\":\"https:\/\/carhub.gr\/fr\/produits-alimentaires-de-santorini\/#breadcrumb\",\"itemListElement\":[{\"@type\":\"ListItem\",\"position\":1,\"name\":\"Home\",\"item\":\"https:\/\/carhub.gr\/fr\/\"},{\"@type\":\"ListItem\",\"position\":2,\"name\":\"Produits alimentaires de Santorini\"}]},{\"@type\":\"WebSite\",\"@id\":\"https:\/\/carhub.gr\/fr\/#website\",\"url\":\"https:\/\/carhub.gr\/fr\/\",\"name\":\"Carhub\",\"description\":\"Rent a car Santorini - Santorini Car Hire\",\"publisher\":{\"@id\":\"https:\/\/carhub.gr\/fr\/#organization\"},\"alternateName\":\"RENT A CAR SANTORINI - SANTORINI CAR RENTAL\",\"potentialAction\":[{\"@type\":\"SearchAction\",\"target\":{\"@type\":\"EntryPoint\",\"urlTemplate\":\"https:\/\/carhub.gr\/fr\/?s={search_term_string}\"},\"query-input\":{\"@type\":\"PropertyValueSpecification\",\"valueRequired\":true,\"valueName\":\"search_term_string\"}}],\"inLanguage\":\"fr-FR\"},{\"@type\":\"Organization\",\"@id\":\"https:\/\/carhub.gr\/fr\/#organization\",\"name\":\"Carhub\",\"url\":\"https:\/\/carhub.gr\/fr\/\",\"logo\":{\"@type\":\"ImageObject\",\"inLanguage\":\"fr-FR\",\"@id\":\"https:\/\/carhub.gr\/fr\/#\/schema\/logo\/image\/\",\"url\":\"https:\/\/carhub.gr\/wp-content\/uploads\/2025\/12\/logo-carhub-1.png\",\"contentUrl\":\"https:\/\/carhub.gr\/wp-content\/uploads\/2025\/12\/logo-carhub-1.png\",\"width\":182,\"height\":53,\"caption\":\"Carhub\"},\"image\":{\"@id\":\"https:\/\/carhub.gr\/fr\/#\/schema\/logo\/image\/\"},\"sameAs\":[\"https:\/\/www.facebook.com\/carhub.gr\/\"]}]}<\/script>\n<!-- \/ Yoast SEO plugin. -->","yoast_head_json":{"title":"Produits alimentaires de Santorini - Carhub","robots":{"index":"index","follow":"follow","max-snippet":"max-snippet:-1","max-image-preview":"max-image-preview:large","max-video-preview":"max-video-preview:-1"},"canonical":"https:\/\/carhub.gr\/fr\/produits-alimentaires-de-santorini\/","og_locale":"fr_FR","og_type":"article","og_title":"Produits alimentaires de Santorini - Carhub","og_description":"[vc_row][vc_column][vc_column_text css=\u00a0\u00bb\u00a0\u00bb] Produits alimentaires de Santorini Le sol volcanique unique et le climat id\u00e9al de l\u2019\u00eele favorisent la production de produits alimentaires de haute qualit\u00e9 \u00e0 Santorini. L\u2019\u00eele est \u00e9galement c\u00e9l\u00e8bre pour ses vignobles, dont l\u2019histoire se perd dans la nuit des temps. L\u2019activit\u00e9 volcanique a rendu le sol extr\u00eamement fertile. Ainsi, l\u2019agriculture de Santorini&hellip;","og_url":"https:\/\/carhub.gr\/fr\/produits-alimentaires-de-santorini\/","og_site_name":"Carhub","article_publisher":"https:\/\/www.facebook.com\/carhub.gr\/","article_modified_time":"2026-01-14T21:12:08+00:00","og_image":[{"width":300,"height":183,"url":"https:\/\/carhub.gr\/wp-content\/uploads\/2026\/01\/28534726_10156503183785649_972435265_n-300x183-1.jpg","type":"image\/jpeg"}],"twitter_card":"summary_large_image","twitter_misc":{"Dur\u00e9e de lecture estim\u00e9e":"4 minutes"},"schema":{"@context":"https:\/\/schema.org","@graph":[{"@type":"WebPage","@id":"https:\/\/carhub.gr\/fr\/produits-alimentaires-de-santorini\/","url":"https:\/\/carhub.gr\/fr\/produits-alimentaires-de-santorini\/","name":"Produits alimentaires de Santorini - Carhub","isPartOf":{"@id":"https:\/\/carhub.gr\/fr\/#website"},"primaryImageOfPage":{"@id":"https:\/\/carhub.gr\/fr\/produits-alimentaires-de-santorini\/#primaryimage"},"image":{"@id":"https:\/\/carhub.gr\/fr\/produits-alimentaires-de-santorini\/#primaryimage"},"thumbnailUrl":"https:\/\/carhub.gr\/wp-content\/uploads\/2026\/01\/28534726_10156503183785649_972435265_n-300x183-1.jpg","datePublished":"2026-01-14T21:08:43+00:00","dateModified":"2026-01-14T21:12:08+00:00","breadcrumb":{"@id":"https:\/\/carhub.gr\/fr\/produits-alimentaires-de-santorini\/#breadcrumb"},"inLanguage":"fr-FR","potentialAction":[{"@type":"ReadAction","target":["https:\/\/carhub.gr\/fr\/produits-alimentaires-de-santorini\/"]}]},{"@type":"ImageObject","inLanguage":"fr-FR","@id":"https:\/\/carhub.gr\/fr\/produits-alimentaires-de-santorini\/#primaryimage","url":"https:\/\/carhub.gr\/wp-content\/uploads\/2026\/01\/28534726_10156503183785649_972435265_n-300x183-1.jpg","contentUrl":"https:\/\/carhub.gr\/wp-content\/uploads\/2026\/01\/28534726_10156503183785649_972435265_n-300x183-1.jpg"},{"@type":"BreadcrumbList","@id":"https:\/\/carhub.gr\/fr\/produits-alimentaires-de-santorini\/#breadcrumb","itemListElement":[{"@type":"ListItem","position":1,"name":"Home","item":"https:\/\/carhub.gr\/fr\/"},{"@type":"ListItem","position":2,"name":"Produits alimentaires de Santorini"}]},{"@type":"WebSite","@id":"https:\/\/carhub.gr\/fr\/#website","url":"https:\/\/carhub.gr\/fr\/","name":"Carhub","description":"Rent a car Santorini - Santorini Car Hire","publisher":{"@id":"https:\/\/carhub.gr\/fr\/#organization"},"alternateName":"RENT A CAR SANTORINI - SANTORINI CAR RENTAL","potentialAction":[{"@type":"SearchAction","target":{"@type":"EntryPoint","urlTemplate":"https:\/\/carhub.gr\/fr\/?s={search_term_string}"},"query-input":{"@type":"PropertyValueSpecification","valueRequired":true,"valueName":"search_term_string"}}],"inLanguage":"fr-FR"},{"@type":"Organization","@id":"https:\/\/carhub.gr\/fr\/#organization","name":"Carhub","url":"https:\/\/carhub.gr\/fr\/","logo":{"@type":"ImageObject","inLanguage":"fr-FR","@id":"https:\/\/carhub.gr\/fr\/#\/schema\/logo\/image\/","url":"https:\/\/carhub.gr\/wp-content\/uploads\/2025\/12\/logo-carhub-1.png","contentUrl":"https:\/\/carhub.gr\/wp-content\/uploads\/2025\/12\/logo-carhub-1.png","width":182,"height":53,"caption":"Carhub"},"image":{"@id":"https:\/\/carhub.gr\/fr\/#\/schema\/logo\/image\/"},"sameAs":["https:\/\/www.facebook.com\/carhub.gr\/"]}]}},"_links":{"self":[{"href":"https:\/\/carhub.gr\/fr\/wp-json\/wp\/v2\/pages\/3439","targetHints":{"allow":["GET"]}}],"collection":[{"href":"https:\/\/carhub.gr\/fr\/wp-json\/wp\/v2\/pages"}],"about":[{"href":"https:\/\/carhub.gr\/fr\/wp-json\/wp\/v2\/types\/page"}],"author":[{"embeddable":true,"href":"https:\/\/carhub.gr\/fr\/wp-json\/wp\/v2\/users\/2"}],"replies":[{"embeddable":true,"href":"https:\/\/carhub.gr\/fr\/wp-json\/wp\/v2\/comments?post=3439"}],"version-history":[{"count":3,"href":"https:\/\/carhub.gr\/fr\/wp-json\/wp\/v2\/pages\/3439\/revisions"}],"predecessor-version":[{"id":3460,"href":"https:\/\/carhub.gr\/fr\/wp-json\/wp\/v2\/pages\/3439\/revisions\/3460"}],"wp:attachment":[{"href":"https:\/\/carhub.gr\/fr\/wp-json\/wp\/v2\/media?parent=3439"}],"curies":[{"name":"wp","href":"https:\/\/api.w.org\/{rel}","templated":true}]}}