{"id":3388,"date":"2026-01-14T22:25:40","date_gmt":"2026-01-14T20:25:40","guid":{"rendered":"https:\/\/carhub.gr\/santorini-volcanic-beaches\/"},"modified":"2026-01-14T22:28:46","modified_gmt":"2026-01-14T20:28:46","slug":"plages-volcaniques-de-santorini","status":"publish","type":"page","link":"https:\/\/carhub.gr\/fr\/plages-volcaniques-de-santorini\/","title":{"rendered":"Plages volcaniques de Santorini"},"content":{"rendered":"<div class=\"wpb-content-wrapper\">[vc_row][vc_column][vc_column_text css=\u00a0\u00bb\u00a0\u00bb]\n<h1 style=\"text-align: center;\">Plages volcaniques de Santorini<\/h1>\n<figure id=\"attachment_3386\" aria-describedby=\"caption-attachment-3386\" style=\"width: 300px\" class=\"wp-caption aligncenter\"><img loading=\"lazy\" decoding=\"async\" class=\"wp-image-3386 size-full\" src=\"https:\/\/carhub.gr\/wp-content\/uploads\/2026\/01\/31318159_10156669179530649_6716188983803510784_n-300x296-1.jpg\" alt=\"Plages de Santorini\" width=\"300\" height=\"296\" \/><figcaption id=\"caption-attachment-3386\" class=\"wp-caption-text\">Plages de Santorini<\/figcaption><\/figure>\n<h2 style=\"text-align: center;\">Les plus belles plages de Santorini<\/h2>\n<h3 style=\"text-align: center;\">Plage Rouge de Santorini<\/h3>\n<p style=\"text-align: left;\" align=\"LEFT\"><span style=\"font-family: Arial, sans-serif;\"><span style=\"font-size: small;\">L\u2019une des plus c\u00e9l\u00e8bres est la <a href=\"https:\/\/www.youtube.com\/watch?v=6zmb8JUTQUU\" target=\"_blank\" rel=\"noopener noreferrer\">plage Rouge d\u2019Akrotiri<\/a>. Elle est mondialement connue pour son paysage volcanique unique, ses roches rouges, son sable rouge\u00e2tre et la colline spectaculaire qui se dresse \u00e0 l\u2019arri\u00e8re.<\/span><\/span><span style=\"color: #000000;\"><span style=\"font-family: Arial, sans-serif;\"><span style=\"font-size: small;\">Situ\u00e9e pr\u00e8s d\u2019Akrotiri, elle se compose de petits galets et rochers rouges. Pour y acc\u00e9der, il faut marcher environ 15 minutes sur un petit sentier. La plage propose des parasols et des transats, ainsi que quelques petites buvettes o\u00f9 l\u2019on peut boire ou manger.<\/span><\/span><\/span><\/p>\n<h3 style=\"text-align: center;\" align=\"LEFT\">Plage Blanche de Santorini<\/h3>\n<p align=\"LEFT\"><span style=\"font-family: Arial, sans-serif;\"><span style=\"font-size: small;\">La <a href=\"https:\/\/www.youtube.com\/watch?v=sNeUYunCzbQ\" target=\"_blank\" rel=\"noopener noreferrer\">plage Blanche dans la r\u00e9gion de Vlychada<\/a> est facilement accessible en voiture et se situe sur la c\u00f4te sud de Santorini. Elle se distingue par ses impressionnantes falaises sculpt\u00e9es, qui semblent \u00eatre l\u2019\u0153uvre d\u2019un artiste mais r\u00e9sultent en r\u00e9alit\u00e9 de ph\u00e9nom\u00e8nes naturels dus au volcan, au vent et \u00e0 la mer. R\u00e9compens\u00e9e par le Pavillon Bleu, elle offre une eau profonde et d\u2019un bleu intense, du sable noir, ainsi que la pr\u00e9sence d\u2019un ma\u00eetre-nageur.<\/span><\/span><\/p>\n<h3 style=\"text-align: center;\">Plage Noire<\/h3>\n<p align=\"LEFT\"><span style=\"font-family: Arial, sans-serif;\"><span style=\"font-size: small;\"><a href=\"https:\/\/www.youtube.com\/watch?v=BCoA_dzkKiU\" target=\"_blank\" rel=\"noopener noreferrer\">La plage Noire de Kamari<\/a><\/span><\/span><span style=\"color: #000000;\"><span style=\"font-family: Arial, sans-serif;\"><span style=\"font-size: small;\"> est une station baln\u00e9aire r\u00e9put\u00e9e de Santorini, situ\u00e9e \u00e0 10 km au sud-est de Fira, la capitale de l\u2019\u00eele. Tr\u00e8s similaire au paysage de Perissa, la plage est recouverte de sable noir, tandis qu\u2019\u00e0 son extr\u00e9mit\u00e9 gauche se dresse un immense rocher appel\u00e9 Mesa Vouno, qui \u00e9merge de la mer. La r\u00e9gion est particuli\u00e8rement attractive, surtout le soir lorsque le rocher se d\u00e9tache dans l\u2019obscurit\u00e9. La plage de Kamari est enti\u00e8rement am\u00e9nag\u00e9e et propose de nombreuses installations telles que des transats, des parasols et divers sports nautiques.<\/span><\/span><\/span><\/p>\n<p align=\"LEFT\"><span style=\"color: #000000;\"><span style=\"font-family: Arial, sans-serif;\"><span style=\"font-size: small;\">La <a href=\"https:\/\/www.youtube.com\/watch?v=KkKmTby6et4\" target=\"_blank\" rel=\"noopener noreferrer\">plage Noire de Perivolos<\/a> se trouve \u00e0 proximit\u00e9 imm\u00e9diate de Perissa, \u00e0 seulement 3 km. Cette magnifique plage de Santorini est situ\u00e9e \u00e0 l\u2019extr\u00e9mit\u00e9 sud de l\u2019\u00eele et se distingue par ses eaux bleu azur scintillantes et son atmosph\u00e8re paisible. Le long du front de mer, vous trouverez de nombreuses tavernes, pubs et restaurants proposant du poisson frais et des sp\u00e9cialit\u00e9s locales.<\/span><\/span><\/span><\/p>\n<p align=\"LEFT\"><span style=\"font-family: Arial, sans-serif;\"><span style=\"font-size: small;\">Enfin, choisissez votre plage pr\u00e9f\u00e9r\u00e9e et rejoignez-la facilement en louant une voiture chez <a href=\"http:\/\/carhub.gr\/\" target=\"_blank\" rel=\"noopener noreferrer\">Carhub<\/a>.<\/span><\/span><\/p>\n[\/vc_column_text][\/vc_column][\/vc_row]\n<\/div>","protected":false},"excerpt":{"rendered":"<p>[vc_row][vc_column][vc_column_text css=\u00a0\u00bb\u00a0\u00bb] Plages volcaniques de Santorini Les plus belles plages de Santorini Plage Rouge de Santorini L\u2019une des plus c\u00e9l\u00e8bres est la plage Rouge d\u2019Akrotiri. Elle est mondialement connue pour son paysage volcanique unique, ses roches rouges, son sable rouge\u00e2tre et la colline spectaculaire qui se dresse \u00e0 l\u2019arri\u00e8re.Situ\u00e9e pr\u00e8s d\u2019Akrotiri, elle se compose de&hellip;<\/p>\n","protected":false},"author":2,"featured_media":0,"parent":0,"menu_order":0,"comment_status":"closed","ping_status":"closed","template":"templates\/no-sidebar.php","meta":{"footnotes":""},"class_list":["post-3388","page","type-page","status-publish","hentry","entry","no-media"],"yoast_head":"<!-- This site is optimized with the Yoast SEO plugin v27.2 - https:\/\/yoast.com\/product\/yoast-seo-wordpress\/ -->\n<title>Plages volcaniques de Santorini - Carhub<\/title>\n<meta name=\"robots\" content=\"index, follow, max-snippet:-1, max-image-preview:large, max-video-preview:-1\" \/>\n<link rel=\"canonical\" href=\"https:\/\/carhub.gr\/fr\/plages-volcaniques-de-santorini\/\" \/>\n<meta property=\"og:locale\" content=\"fr_FR\" \/>\n<meta property=\"og:type\" content=\"article\" \/>\n<meta property=\"og:title\" content=\"Plages volcaniques de Santorini - Carhub\" \/>\n<meta property=\"og:description\" content=\"[vc_row][vc_column][vc_column_text css=\u00a0\u00bb\u00a0\u00bb] Plages volcaniques de Santorini Les plus belles plages de Santorini Plage Rouge de Santorini L\u2019une des plus c\u00e9l\u00e8bres est la plage Rouge d\u2019Akrotiri. Elle est mondialement connue pour son paysage volcanique unique, ses roches rouges, son sable rouge\u00e2tre et la colline spectaculaire qui se dresse \u00e0 l\u2019arri\u00e8re.Situ\u00e9e pr\u00e8s d\u2019Akrotiri, elle se compose de&hellip;\" \/>\n<meta property=\"og:url\" content=\"https:\/\/carhub.gr\/fr\/plages-volcaniques-de-santorini\/\" \/>\n<meta property=\"og:site_name\" content=\"Carhub\" \/>\n<meta property=\"article:publisher\" content=\"https:\/\/www.facebook.com\/carhub.gr\/\" \/>\n<meta property=\"article:modified_time\" content=\"2026-01-14T20:28:46+00:00\" \/>\n<meta property=\"og:image\" content=\"https:\/\/carhub.gr\/wp-content\/uploads\/2026\/01\/31318159_10156669179530649_6716188983803510784_n-300x296-1.jpg\" \/>\n\t<meta property=\"og:image:width\" content=\"300\" \/>\n\t<meta property=\"og:image:height\" content=\"296\" \/>\n\t<meta property=\"og:image:type\" content=\"image\/jpeg\" \/>\n<meta name=\"twitter:card\" content=\"summary_large_image\" \/>\n<meta name=\"twitter:label1\" content=\"Dur\u00e9e de lecture estim\u00e9e\" \/>\n\t<meta name=\"twitter:data1\" content=\"2 minutes\" \/>\n<script type=\"application\/ld+json\" class=\"yoast-schema-graph\">{\"@context\":\"https:\/\/schema.org\",\"@graph\":[{\"@type\":\"WebPage\",\"@id\":\"https:\/\/carhub.gr\/fr\/plages-volcaniques-de-santorini\/\",\"url\":\"https:\/\/carhub.gr\/fr\/plages-volcaniques-de-santorini\/\",\"name\":\"Plages volcaniques de Santorini - Carhub\",\"isPartOf\":{\"@id\":\"https:\/\/carhub.gr\/fr\/#website\"},\"primaryImageOfPage\":{\"@id\":\"https:\/\/carhub.gr\/fr\/plages-volcaniques-de-santorini\/#primaryimage\"},\"image\":{\"@id\":\"https:\/\/carhub.gr\/fr\/plages-volcaniques-de-santorini\/#primaryimage\"},\"thumbnailUrl\":\"https:\/\/carhub.gr\/wp-content\/uploads\/2026\/01\/31318159_10156669179530649_6716188983803510784_n-300x296-1.jpg\",\"datePublished\":\"2026-01-14T20:25:40+00:00\",\"dateModified\":\"2026-01-14T20:28:46+00:00\",\"breadcrumb\":{\"@id\":\"https:\/\/carhub.gr\/fr\/plages-volcaniques-de-santorini\/#breadcrumb\"},\"inLanguage\":\"fr-FR\",\"potentialAction\":[{\"@type\":\"ReadAction\",\"target\":[\"https:\/\/carhub.gr\/fr\/plages-volcaniques-de-santorini\/\"]}]},{\"@type\":\"ImageObject\",\"inLanguage\":\"fr-FR\",\"@id\":\"https:\/\/carhub.gr\/fr\/plages-volcaniques-de-santorini\/#primaryimage\",\"url\":\"https:\/\/carhub.gr\/wp-content\/uploads\/2026\/01\/31318159_10156669179530649_6716188983803510784_n-300x296-1.jpg\",\"contentUrl\":\"https:\/\/carhub.gr\/wp-content\/uploads\/2026\/01\/31318159_10156669179530649_6716188983803510784_n-300x296-1.jpg\"},{\"@type\":\"BreadcrumbList\",\"@id\":\"https:\/\/carhub.gr\/fr\/plages-volcaniques-de-santorini\/#breadcrumb\",\"itemListElement\":[{\"@type\":\"ListItem\",\"position\":1,\"name\":\"Home\",\"item\":\"https:\/\/carhub.gr\/fr\/\"},{\"@type\":\"ListItem\",\"position\":2,\"name\":\"Plages volcaniques de Santorini\"}]},{\"@type\":\"WebSite\",\"@id\":\"https:\/\/carhub.gr\/fr\/#website\",\"url\":\"https:\/\/carhub.gr\/fr\/\",\"name\":\"Carhub\",\"description\":\"Rent a car Santorini - Santorini Car Hire\",\"publisher\":{\"@id\":\"https:\/\/carhub.gr\/fr\/#organization\"},\"alternateName\":\"RENT A CAR SANTORINI - SANTORINI CAR RENTAL\",\"potentialAction\":[{\"@type\":\"SearchAction\",\"target\":{\"@type\":\"EntryPoint\",\"urlTemplate\":\"https:\/\/carhub.gr\/fr\/?s={search_term_string}\"},\"query-input\":{\"@type\":\"PropertyValueSpecification\",\"valueRequired\":true,\"valueName\":\"search_term_string\"}}],\"inLanguage\":\"fr-FR\"},{\"@type\":\"Organization\",\"@id\":\"https:\/\/carhub.gr\/fr\/#organization\",\"name\":\"Carhub\",\"url\":\"https:\/\/carhub.gr\/fr\/\",\"logo\":{\"@type\":\"ImageObject\",\"inLanguage\":\"fr-FR\",\"@id\":\"https:\/\/carhub.gr\/fr\/#\/schema\/logo\/image\/\",\"url\":\"https:\/\/carhub.gr\/wp-content\/uploads\/2025\/12\/logo-carhub-1.png\",\"contentUrl\":\"https:\/\/carhub.gr\/wp-content\/uploads\/2025\/12\/logo-carhub-1.png\",\"width\":182,\"height\":53,\"caption\":\"Carhub\"},\"image\":{\"@id\":\"https:\/\/carhub.gr\/fr\/#\/schema\/logo\/image\/\"},\"sameAs\":[\"https:\/\/www.facebook.com\/carhub.gr\/\"]}]}<\/script>\n<!-- \/ Yoast SEO plugin. -->","yoast_head_json":{"title":"Plages volcaniques de Santorini - Carhub","robots":{"index":"index","follow":"follow","max-snippet":"max-snippet:-1","max-image-preview":"max-image-preview:large","max-video-preview":"max-video-preview:-1"},"canonical":"https:\/\/carhub.gr\/fr\/plages-volcaniques-de-santorini\/","og_locale":"fr_FR","og_type":"article","og_title":"Plages volcaniques de Santorini - Carhub","og_description":"[vc_row][vc_column][vc_column_text css=\u00a0\u00bb\u00a0\u00bb] Plages volcaniques de Santorini Les plus belles plages de Santorini Plage Rouge de Santorini L\u2019une des plus c\u00e9l\u00e8bres est la plage Rouge d\u2019Akrotiri. Elle est mondialement connue pour son paysage volcanique unique, ses roches rouges, son sable rouge\u00e2tre et la colline spectaculaire qui se dresse \u00e0 l\u2019arri\u00e8re.Situ\u00e9e pr\u00e8s d\u2019Akrotiri, elle se compose de&hellip;","og_url":"https:\/\/carhub.gr\/fr\/plages-volcaniques-de-santorini\/","og_site_name":"Carhub","article_publisher":"https:\/\/www.facebook.com\/carhub.gr\/","article_modified_time":"2026-01-14T20:28:46+00:00","og_image":[{"width":300,"height":296,"url":"https:\/\/carhub.gr\/wp-content\/uploads\/2026\/01\/31318159_10156669179530649_6716188983803510784_n-300x296-1.jpg","type":"image\/jpeg"}],"twitter_card":"summary_large_image","twitter_misc":{"Dur\u00e9e de lecture estim\u00e9e":"2 minutes"},"schema":{"@context":"https:\/\/schema.org","@graph":[{"@type":"WebPage","@id":"https:\/\/carhub.gr\/fr\/plages-volcaniques-de-santorini\/","url":"https:\/\/carhub.gr\/fr\/plages-volcaniques-de-santorini\/","name":"Plages volcaniques de Santorini - Carhub","isPartOf":{"@id":"https:\/\/carhub.gr\/fr\/#website"},"primaryImageOfPage":{"@id":"https:\/\/carhub.gr\/fr\/plages-volcaniques-de-santorini\/#primaryimage"},"image":{"@id":"https:\/\/carhub.gr\/fr\/plages-volcaniques-de-santorini\/#primaryimage"},"thumbnailUrl":"https:\/\/carhub.gr\/wp-content\/uploads\/2026\/01\/31318159_10156669179530649_6716188983803510784_n-300x296-1.jpg","datePublished":"2026-01-14T20:25:40+00:00","dateModified":"2026-01-14T20:28:46+00:00","breadcrumb":{"@id":"https:\/\/carhub.gr\/fr\/plages-volcaniques-de-santorini\/#breadcrumb"},"inLanguage":"fr-FR","potentialAction":[{"@type":"ReadAction","target":["https:\/\/carhub.gr\/fr\/plages-volcaniques-de-santorini\/"]}]},{"@type":"ImageObject","inLanguage":"fr-FR","@id":"https:\/\/carhub.gr\/fr\/plages-volcaniques-de-santorini\/#primaryimage","url":"https:\/\/carhub.gr\/wp-content\/uploads\/2026\/01\/31318159_10156669179530649_6716188983803510784_n-300x296-1.jpg","contentUrl":"https:\/\/carhub.gr\/wp-content\/uploads\/2026\/01\/31318159_10156669179530649_6716188983803510784_n-300x296-1.jpg"},{"@type":"BreadcrumbList","@id":"https:\/\/carhub.gr\/fr\/plages-volcaniques-de-santorini\/#breadcrumb","itemListElement":[{"@type":"ListItem","position":1,"name":"Home","item":"https:\/\/carhub.gr\/fr\/"},{"@type":"ListItem","position":2,"name":"Plages volcaniques de Santorini"}]},{"@type":"WebSite","@id":"https:\/\/carhub.gr\/fr\/#website","url":"https:\/\/carhub.gr\/fr\/","name":"Carhub","description":"Rent a car Santorini - Santorini Car Hire","publisher":{"@id":"https:\/\/carhub.gr\/fr\/#organization"},"alternateName":"RENT A CAR SANTORINI - SANTORINI CAR RENTAL","potentialAction":[{"@type":"SearchAction","target":{"@type":"EntryPoint","urlTemplate":"https:\/\/carhub.gr\/fr\/?s={search_term_string}"},"query-input":{"@type":"PropertyValueSpecification","valueRequired":true,"valueName":"search_term_string"}}],"inLanguage":"fr-FR"},{"@type":"Organization","@id":"https:\/\/carhub.gr\/fr\/#organization","name":"Carhub","url":"https:\/\/carhub.gr\/fr\/","logo":{"@type":"ImageObject","inLanguage":"fr-FR","@id":"https:\/\/carhub.gr\/fr\/#\/schema\/logo\/image\/","url":"https:\/\/carhub.gr\/wp-content\/uploads\/2025\/12\/logo-carhub-1.png","contentUrl":"https:\/\/carhub.gr\/wp-content\/uploads\/2025\/12\/logo-carhub-1.png","width":182,"height":53,"caption":"Carhub"},"image":{"@id":"https:\/\/carhub.gr\/fr\/#\/schema\/logo\/image\/"},"sameAs":["https:\/\/www.facebook.com\/carhub.gr\/"]}]}},"_links":{"self":[{"href":"https:\/\/carhub.gr\/fr\/wp-json\/wp\/v2\/pages\/3388","targetHints":{"allow":["GET"]}}],"collection":[{"href":"https:\/\/carhub.gr\/fr\/wp-json\/wp\/v2\/pages"}],"about":[{"href":"https:\/\/carhub.gr\/fr\/wp-json\/wp\/v2\/types\/page"}],"author":[{"embeddable":true,"href":"https:\/\/carhub.gr\/fr\/wp-json\/wp\/v2\/users\/2"}],"replies":[{"embeddable":true,"href":"https:\/\/carhub.gr\/fr\/wp-json\/wp\/v2\/comments?post=3388"}],"version-history":[{"count":2,"href":"https:\/\/carhub.gr\/fr\/wp-json\/wp\/v2\/pages\/3388\/revisions"}],"predecessor-version":[{"id":3399,"href":"https:\/\/carhub.gr\/fr\/wp-json\/wp\/v2\/pages\/3388\/revisions\/3399"}],"wp:attachment":[{"href":"https:\/\/carhub.gr\/fr\/wp-json\/wp\/v2\/media?parent=3388"}],"curies":[{"name":"wp","href":"https:\/\/api.w.org\/{rel}","templated":true}]}}