{"id":3345,"date":"2026-01-14T21:37:38","date_gmt":"2026-01-14T19:37:38","guid":{"rendered":"https:\/\/carhub.gr\/santorini-museums\/"},"modified":"2026-01-14T21:46:33","modified_gmt":"2026-01-14T19:46:33","slug":"musees-de-santorin","status":"publish","type":"page","link":"https:\/\/carhub.gr\/fr\/musees-de-santorin\/","title":{"rendered":"Mus\u00e9es de Santorin"},"content":{"rendered":"<div class=\"wpb-content-wrapper\">[vc_row][vc_column][vc_column_text css=\u00a0\u00bb\u00a0\u00bb]\n<h1 style=\"text-align: center;\">Mus\u00e9es de Santorin<\/h1>\n<figure id=\"attachment_3343\" aria-describedby=\"caption-attachment-3343\" style=\"width: 300px\" class=\"wp-caption aligncenter\"><img loading=\"lazy\" decoding=\"async\" class=\"wp-image-3343 size-full\" src=\"https:\/\/carhub.gr\/wp-content\/uploads\/2026\/01\/31252946_10156666116325649_3833345916127936512_n-300x298-1.jpg\" alt=\"Mus\u00e9e de Santorin\" width=\"300\" height=\"298\" srcset=\"https:\/\/carhub.gr\/wp-content\/uploads\/2026\/01\/31252946_10156666116325649_3833345916127936512_n-300x298-1.jpg 300w, https:\/\/carhub.gr\/wp-content\/uploads\/2026\/01\/31252946_10156666116325649_3833345916127936512_n-300x298-1-150x150.jpg 150w\" sizes=\"auto, (max-width: 300px) 100vw, 300px\" \/><figcaption id=\"caption-attachment-3343\" class=\"wp-caption-text\">Mus\u00e9e de Santorin<\/figcaption><\/figure>\n<h2 style=\"text-align: center;\"><strong><span style=\"color: #444444;\">Mus\u00e9e arch\u00e9ologique de Santorin, Cyclades<\/span><\/strong><\/h2>\n<p style=\"text-align: left;\"><span style=\"color: #444444;\">Situ\u00e9 \u00e9galement au centre de Fira, le <a href=\"https:\/\/en.wikipedia.org\/wiki\/Archaeological_Museum_of_Thera\" target=\"_blank\" rel=\"noopener noreferrer\">mus\u00e9e arch\u00e9ologique<\/a> pr\u00e9sente de nombreuses pi\u00e8ces r\u00e9v\u00e9lant la longue histoire de l\u2019\u00eele. Les salles du mus\u00e9e abritent des collections uniques de sculptures ainsi que des inscriptions allant de la p\u00e9riode archa\u00efque \u00e0 l\u2019\u00e9poque romaine. Les points forts du mus\u00e9e sont les r\u00e9cipients et vases en c\u00e9ramique datant des p\u00e9riodes g\u00e9om\u00e9trique et hell\u00e9nistique, provenant d\u2019Akrotiri, ainsi que des figurines en marbre.<\/span><\/p>\n<h2 style=\"text-align: center;\"><strong><span style=\"color: #444444;\">Mus\u00e9e de l\u2019Ancienne Th\u00e9ra, Santorin<\/span><\/strong><\/h2>\n<p style=\"text-align: left;\"><span style=\"color: #444444;\">Ce <a href=\"https:\/\/www.tripadvisor.com\/ShowUserReviews-g482942-d243151-r503647522-Museum_of_Prehistoric_Thera-Fira_Santorini_Cyclades_South_Aegean.html\" target=\"_blank\" rel=\"noopener noreferrer\">mus\u00e9e<\/a> est \u00e9galement impressionnant, m\u00eame vu de l\u2019ext\u00e9rieur. Il abrite une riche collection de d\u00e9couvertes issues des fouilles d\u2019Akrotiri et d\u2019autres \u00eeles des Cyclades. L\u2019ensemble de l\u2019espace est climatis\u00e9, offrant aux visiteurs une visite confortable des salles d\u2019exposition divis\u00e9es en quatre sections. La premi\u00e8re section est consacr\u00e9e \u00e0 l\u2019histoire de Fira, la deuxi\u00e8me \u00e0 la g\u00e9ologie de Fira, la troisi\u00e8me pr\u00e9sente des vestiges de l\u2019\u00e9poque n\u00e9olithique et post-cycladique, tandis que la derni\u00e8re section expose une belle collection datant de la p\u00e9riode florissante de la ville d\u2019Akrotiri.<\/span><\/p>\n<h2 style=\"text-align: center;\"><strong><span style=\"color: #444444;\">Mus\u00e9e nautique de Santorin<\/span><\/strong><\/h2>\n<p style=\"text-align: left;\"><span style=\"color: #444444;\">Le <a href=\"https:\/\/www.santonet.gr\/museums\/naval_museum.htm\" target=\"_blank\" rel=\"noopener noreferrer\">mus\u00e9e nautique<\/a>, situ\u00e9 dans le village d\u2019Oia, est install\u00e9 dans une magnifique demeure depuis 1990. Fond\u00e9 en 1956, le mus\u00e9e pr\u00e9sente l\u2019histoire maritime et les traditions de l\u2019\u00eele, principalement aux XIXe et XXe si\u00e8cles.<\/span><\/p>\n<h2 style=\"text-align: center;\"><strong><span style=\"color: #444444;\">Mus\u00e9e folklorique de Santorin<\/span><\/strong><\/h2>\n<p style=\"text-align: left;\"><span style=\"color: #444444;\">Le <a href=\"http:\/\/www.travel-to-santorini.com\/place.php?place_id=47\" target=\"_blank\" rel=\"noopener noreferrer\">mus\u00e9e folklorique<\/a> de Santorin est situ\u00e9 dans une ancienne maison troglodyte datant de 1861. Ce mus\u00e9e unique en son genre pr\u00e9sente une cave viticole traditionnelle ainsi que des objets inestimables fabriqu\u00e9s par des charpentiers et des ferblantiers locaux. Le mus\u00e9e dispose \u00e9galement d\u2019une biblioth\u00e8que bien fournie comprenant de nombreux livres et manuscrits du monde \u00e9g\u00e9en. Cette impressionnante institution est l\u2019\u0153uvre de Manolis Lignos et constitue \u00e0 bien des \u00e9gards une reproduction fid\u00e8le d\u2019un village typique de Santorin.<\/span><\/p>\n<h2 style=\"text-align: center;\"><strong><span style=\"color: #444444;\">Manoir Argyros \u00e0 Santorin<\/span><\/strong><\/h2>\n<p style=\"text-align: left;\"><span style=\"color: #444444;\">Le <a href=\"http:\/\/argyrosmansion.com\/en\/\" target=\"_blank\" rel=\"noopener noreferrer\">manoir Argyros<\/a> (Archontiko Argyrou) est une magnifique demeure traditionnelle situ\u00e9e dans le village de Messaria, au centre de l\u2019\u00eele de Santorin. Le manoir Argyros est r\u00e9put\u00e9 pour son \u00e9l\u00e9gante architecture n\u00e9oclassique. Construit en 1860, il offre aux visiteurs un aper\u00e7u de la vie \u00e0 Santorin au cours des deux derniers si\u00e8cles.<\/span><\/p>\n<h2 style=\"text-align: center;\"><strong><span style=\"color: #444444;\">Megaro Gyzi de Santorin<\/span><\/strong><\/h2>\n<p style=\"text-align: left;\"><span style=\"color: #444444;\">Le <a href=\"https:\/\/www.santorini.com\/museums\/megarogizi_museum.htm\" target=\"_blank\" rel=\"noopener noreferrer\">mus\u00e9e<\/a> de Megaro Gyzi est id\u00e9alement situ\u00e9 \u00e0 Thira, \u00e0 l\u2019arri\u00e8re de l\u2019\u00e9l\u00e9gante cath\u00e9drale catholique. Le mus\u00e9e se distingue par ses magnifiques dessins, dont certains datent du XVIe si\u00e8cle. Il pr\u00e9sente \u00e9galement des costumes originaux et des cartes historiques de l\u2019archipel des Cyclades. Un pavillon photographique exclusif expose de rares photographies de Fira, prises avant et apr\u00e8s l\u2019\u00e9ruption de 1956, offrant un aper\u00e7u fascinant de la capitale de Santorin.<\/span><\/p>\n<h2 style=\"text-align: center;\"><strong><span style=\"color: #444444;\">Mus\u00e9e des instruments de musique de Santorin<\/span><\/strong><\/h2>\n<p style=\"text-align: left;\"><span style=\"color: #444444;\">Le mus\u00e9e des instruments de musique anciens, byzantins et post-byzantins est install\u00e9 dans l\u2019ancien b\u00e2timent communautaire d\u2019Oia, un lieu central et embl\u00e9matique du village. Le mus\u00e9e abrite la collection personnelle de M. Halaris, musicien de renom. Inaugur\u00e9 r\u00e9cemment en octobre 2011, il est le fruit de nombreuses ann\u00e9es de travail.<\/span><\/p>\n<p><span style=\"color: #000000;\">Enfin, vous pouvez vous y rendre avec votre <a href=\"http:\/\/carhub.gr\/\">voiture de location<\/a> et vous garer facilement \u00e0 proximit\u00e9.<\/span>[\/vc_column_text][\/vc_column][\/vc_row]\n<\/div>","protected":false},"excerpt":{"rendered":"<p>[vc_row][vc_column][vc_column_text css=\u00a0\u00bb\u00a0\u00bb] Mus\u00e9es de Santorin Mus\u00e9e arch\u00e9ologique de Santorin, Cyclades Situ\u00e9 \u00e9galement au centre de Fira, le mus\u00e9e arch\u00e9ologique pr\u00e9sente de nombreuses pi\u00e8ces r\u00e9v\u00e9lant la longue histoire de l\u2019\u00eele. Les salles du mus\u00e9e abritent des collections uniques de sculptures ainsi que des inscriptions allant de la p\u00e9riode archa\u00efque \u00e0 l\u2019\u00e9poque romaine. Les points forts du&hellip;<\/p>\n","protected":false},"author":2,"featured_media":0,"parent":0,"menu_order":0,"comment_status":"closed","ping_status":"closed","template":"templates\/no-sidebar.php","meta":{"footnotes":""},"class_list":["post-3345","page","type-page","status-publish","hentry","entry","no-media"],"yoast_head":"<!-- This site is optimized with the Yoast SEO plugin v27.2 - https:\/\/yoast.com\/product\/yoast-seo-wordpress\/ -->\n<title>Mus\u00e9es de Santorin - Carhub<\/title>\n<meta name=\"robots\" content=\"index, follow, max-snippet:-1, max-image-preview:large, max-video-preview:-1\" \/>\n<link rel=\"canonical\" href=\"https:\/\/carhub.gr\/fr\/musees-de-santorin\/\" \/>\n<meta property=\"og:locale\" content=\"fr_FR\" \/>\n<meta property=\"og:type\" content=\"article\" \/>\n<meta property=\"og:title\" content=\"Mus\u00e9es de Santorin - Carhub\" \/>\n<meta property=\"og:description\" content=\"[vc_row][vc_column][vc_column_text css=\u00a0\u00bb\u00a0\u00bb] Mus\u00e9es de Santorin Mus\u00e9e arch\u00e9ologique de Santorin, Cyclades Situ\u00e9 \u00e9galement au centre de Fira, le mus\u00e9e arch\u00e9ologique pr\u00e9sente de nombreuses pi\u00e8ces r\u00e9v\u00e9lant la longue histoire de l\u2019\u00eele. Les salles du mus\u00e9e abritent des collections uniques de sculptures ainsi que des inscriptions allant de la p\u00e9riode archa\u00efque \u00e0 l\u2019\u00e9poque romaine. Les points forts du&hellip;\" \/>\n<meta property=\"og:url\" content=\"https:\/\/carhub.gr\/fr\/musees-de-santorin\/\" \/>\n<meta property=\"og:site_name\" content=\"Carhub\" \/>\n<meta property=\"article:publisher\" content=\"https:\/\/www.facebook.com\/carhub.gr\/\" \/>\n<meta property=\"article:modified_time\" content=\"2026-01-14T19:46:33+00:00\" \/>\n<meta property=\"og:image\" content=\"https:\/\/carhub.gr\/wp-content\/uploads\/2026\/01\/31252946_10156666116325649_3833345916127936512_n-300x298-1.jpg\" \/>\n\t<meta property=\"og:image:width\" content=\"300\" \/>\n\t<meta property=\"og:image:height\" content=\"298\" \/>\n\t<meta property=\"og:image:type\" content=\"image\/jpeg\" \/>\n<meta name=\"twitter:card\" content=\"summary_large_image\" \/>\n<meta name=\"twitter:label1\" content=\"Dur\u00e9e de lecture estim\u00e9e\" \/>\n\t<meta name=\"twitter:data1\" content=\"3 minutes\" \/>\n<script type=\"application\/ld+json\" class=\"yoast-schema-graph\">{\"@context\":\"https:\/\/schema.org\",\"@graph\":[{\"@type\":\"WebPage\",\"@id\":\"https:\/\/carhub.gr\/fr\/musees-de-santorin\/\",\"url\":\"https:\/\/carhub.gr\/fr\/musees-de-santorin\/\",\"name\":\"Mus\u00e9es de Santorin - Carhub\",\"isPartOf\":{\"@id\":\"https:\/\/carhub.gr\/fr\/#website\"},\"primaryImageOfPage\":{\"@id\":\"https:\/\/carhub.gr\/fr\/musees-de-santorin\/#primaryimage\"},\"image\":{\"@id\":\"https:\/\/carhub.gr\/fr\/musees-de-santorin\/#primaryimage\"},\"thumbnailUrl\":\"https:\/\/carhub.gr\/wp-content\/uploads\/2026\/01\/31252946_10156666116325649_3833345916127936512_n-300x298-1.jpg\",\"datePublished\":\"2026-01-14T19:37:38+00:00\",\"dateModified\":\"2026-01-14T19:46:33+00:00\",\"breadcrumb\":{\"@id\":\"https:\/\/carhub.gr\/fr\/musees-de-santorin\/#breadcrumb\"},\"inLanguage\":\"fr-FR\",\"potentialAction\":[{\"@type\":\"ReadAction\",\"target\":[\"https:\/\/carhub.gr\/fr\/musees-de-santorin\/\"]}]},{\"@type\":\"ImageObject\",\"inLanguage\":\"fr-FR\",\"@id\":\"https:\/\/carhub.gr\/fr\/musees-de-santorin\/#primaryimage\",\"url\":\"https:\/\/carhub.gr\/wp-content\/uploads\/2026\/01\/31252946_10156666116325649_3833345916127936512_n-300x298-1.jpg\",\"contentUrl\":\"https:\/\/carhub.gr\/wp-content\/uploads\/2026\/01\/31252946_10156666116325649_3833345916127936512_n-300x298-1.jpg\"},{\"@type\":\"BreadcrumbList\",\"@id\":\"https:\/\/carhub.gr\/fr\/musees-de-santorin\/#breadcrumb\",\"itemListElement\":[{\"@type\":\"ListItem\",\"position\":1,\"name\":\"Home\",\"item\":\"https:\/\/carhub.gr\/fr\/\"},{\"@type\":\"ListItem\",\"position\":2,\"name\":\"Mus\u00e9es de Santorin\"}]},{\"@type\":\"WebSite\",\"@id\":\"https:\/\/carhub.gr\/fr\/#website\",\"url\":\"https:\/\/carhub.gr\/fr\/\",\"name\":\"Carhub\",\"description\":\"Rent a car Santorini - Santorini Car Hire\",\"publisher\":{\"@id\":\"https:\/\/carhub.gr\/fr\/#organization\"},\"alternateName\":\"RENT A CAR SANTORINI - SANTORINI CAR RENTAL\",\"potentialAction\":[{\"@type\":\"SearchAction\",\"target\":{\"@type\":\"EntryPoint\",\"urlTemplate\":\"https:\/\/carhub.gr\/fr\/?s={search_term_string}\"},\"query-input\":{\"@type\":\"PropertyValueSpecification\",\"valueRequired\":true,\"valueName\":\"search_term_string\"}}],\"inLanguage\":\"fr-FR\"},{\"@type\":\"Organization\",\"@id\":\"https:\/\/carhub.gr\/fr\/#organization\",\"name\":\"Carhub\",\"url\":\"https:\/\/carhub.gr\/fr\/\",\"logo\":{\"@type\":\"ImageObject\",\"inLanguage\":\"fr-FR\",\"@id\":\"https:\/\/carhub.gr\/fr\/#\/schema\/logo\/image\/\",\"url\":\"https:\/\/carhub.gr\/wp-content\/uploads\/2025\/12\/logo-carhub-1.png\",\"contentUrl\":\"https:\/\/carhub.gr\/wp-content\/uploads\/2025\/12\/logo-carhub-1.png\",\"width\":182,\"height\":53,\"caption\":\"Carhub\"},\"image\":{\"@id\":\"https:\/\/carhub.gr\/fr\/#\/schema\/logo\/image\/\"},\"sameAs\":[\"https:\/\/www.facebook.com\/carhub.gr\/\"]}]}<\/script>\n<!-- \/ Yoast SEO plugin. -->","yoast_head_json":{"title":"Mus\u00e9es de Santorin - Carhub","robots":{"index":"index","follow":"follow","max-snippet":"max-snippet:-1","max-image-preview":"max-image-preview:large","max-video-preview":"max-video-preview:-1"},"canonical":"https:\/\/carhub.gr\/fr\/musees-de-santorin\/","og_locale":"fr_FR","og_type":"article","og_title":"Mus\u00e9es de Santorin - Carhub","og_description":"[vc_row][vc_column][vc_column_text css=\u00a0\u00bb\u00a0\u00bb] Mus\u00e9es de Santorin Mus\u00e9e arch\u00e9ologique de Santorin, Cyclades Situ\u00e9 \u00e9galement au centre de Fira, le mus\u00e9e arch\u00e9ologique pr\u00e9sente de nombreuses pi\u00e8ces r\u00e9v\u00e9lant la longue histoire de l\u2019\u00eele. Les salles du mus\u00e9e abritent des collections uniques de sculptures ainsi que des inscriptions allant de la p\u00e9riode archa\u00efque \u00e0 l\u2019\u00e9poque romaine. Les points forts du&hellip;","og_url":"https:\/\/carhub.gr\/fr\/musees-de-santorin\/","og_site_name":"Carhub","article_publisher":"https:\/\/www.facebook.com\/carhub.gr\/","article_modified_time":"2026-01-14T19:46:33+00:00","og_image":[{"width":300,"height":298,"url":"https:\/\/carhub.gr\/wp-content\/uploads\/2026\/01\/31252946_10156666116325649_3833345916127936512_n-300x298-1.jpg","type":"image\/jpeg"}],"twitter_card":"summary_large_image","twitter_misc":{"Dur\u00e9e de lecture estim\u00e9e":"3 minutes"},"schema":{"@context":"https:\/\/schema.org","@graph":[{"@type":"WebPage","@id":"https:\/\/carhub.gr\/fr\/musees-de-santorin\/","url":"https:\/\/carhub.gr\/fr\/musees-de-santorin\/","name":"Mus\u00e9es de Santorin - Carhub","isPartOf":{"@id":"https:\/\/carhub.gr\/fr\/#website"},"primaryImageOfPage":{"@id":"https:\/\/carhub.gr\/fr\/musees-de-santorin\/#primaryimage"},"image":{"@id":"https:\/\/carhub.gr\/fr\/musees-de-santorin\/#primaryimage"},"thumbnailUrl":"https:\/\/carhub.gr\/wp-content\/uploads\/2026\/01\/31252946_10156666116325649_3833345916127936512_n-300x298-1.jpg","datePublished":"2026-01-14T19:37:38+00:00","dateModified":"2026-01-14T19:46:33+00:00","breadcrumb":{"@id":"https:\/\/carhub.gr\/fr\/musees-de-santorin\/#breadcrumb"},"inLanguage":"fr-FR","potentialAction":[{"@type":"ReadAction","target":["https:\/\/carhub.gr\/fr\/musees-de-santorin\/"]}]},{"@type":"ImageObject","inLanguage":"fr-FR","@id":"https:\/\/carhub.gr\/fr\/musees-de-santorin\/#primaryimage","url":"https:\/\/carhub.gr\/wp-content\/uploads\/2026\/01\/31252946_10156666116325649_3833345916127936512_n-300x298-1.jpg","contentUrl":"https:\/\/carhub.gr\/wp-content\/uploads\/2026\/01\/31252946_10156666116325649_3833345916127936512_n-300x298-1.jpg"},{"@type":"BreadcrumbList","@id":"https:\/\/carhub.gr\/fr\/musees-de-santorin\/#breadcrumb","itemListElement":[{"@type":"ListItem","position":1,"name":"Home","item":"https:\/\/carhub.gr\/fr\/"},{"@type":"ListItem","position":2,"name":"Mus\u00e9es de Santorin"}]},{"@type":"WebSite","@id":"https:\/\/carhub.gr\/fr\/#website","url":"https:\/\/carhub.gr\/fr\/","name":"Carhub","description":"Rent a car Santorini - Santorini Car Hire","publisher":{"@id":"https:\/\/carhub.gr\/fr\/#organization"},"alternateName":"RENT A CAR SANTORINI - SANTORINI CAR RENTAL","potentialAction":[{"@type":"SearchAction","target":{"@type":"EntryPoint","urlTemplate":"https:\/\/carhub.gr\/fr\/?s={search_term_string}"},"query-input":{"@type":"PropertyValueSpecification","valueRequired":true,"valueName":"search_term_string"}}],"inLanguage":"fr-FR"},{"@type":"Organization","@id":"https:\/\/carhub.gr\/fr\/#organization","name":"Carhub","url":"https:\/\/carhub.gr\/fr\/","logo":{"@type":"ImageObject","inLanguage":"fr-FR","@id":"https:\/\/carhub.gr\/fr\/#\/schema\/logo\/image\/","url":"https:\/\/carhub.gr\/wp-content\/uploads\/2025\/12\/logo-carhub-1.png","contentUrl":"https:\/\/carhub.gr\/wp-content\/uploads\/2025\/12\/logo-carhub-1.png","width":182,"height":53,"caption":"Carhub"},"image":{"@id":"https:\/\/carhub.gr\/fr\/#\/schema\/logo\/image\/"},"sameAs":["https:\/\/www.facebook.com\/carhub.gr\/"]}]}},"_links":{"self":[{"href":"https:\/\/carhub.gr\/fr\/wp-json\/wp\/v2\/pages\/3345","targetHints":{"allow":["GET"]}}],"collection":[{"href":"https:\/\/carhub.gr\/fr\/wp-json\/wp\/v2\/pages"}],"about":[{"href":"https:\/\/carhub.gr\/fr\/wp-json\/wp\/v2\/types\/page"}],"author":[{"embeddable":true,"href":"https:\/\/carhub.gr\/fr\/wp-json\/wp\/v2\/users\/2"}],"replies":[{"embeddable":true,"href":"https:\/\/carhub.gr\/fr\/wp-json\/wp\/v2\/comments?post=3345"}],"version-history":[{"count":2,"href":"https:\/\/carhub.gr\/fr\/wp-json\/wp\/v2\/pages\/3345\/revisions"}],"predecessor-version":[{"id":3356,"href":"https:\/\/carhub.gr\/fr\/wp-json\/wp\/v2\/pages\/3345\/revisions\/3356"}],"wp:attachment":[{"href":"https:\/\/carhub.gr\/fr\/wp-json\/wp\/v2\/media?parent=3345"}],"curies":[{"name":"wp","href":"https:\/\/api.w.org\/{rel}","templated":true}]}}