{"id":3295,"date":"2026-01-10T17:10:21","date_gmt":"2026-01-10T15:10:21","guid":{"rendered":"https:\/\/carhub.gr\/map-of-santorini\/"},"modified":"2026-01-14T21:30:26","modified_gmt":"2026-01-14T19:30:26","slug":"carte-de-santorin","status":"publish","type":"page","link":"https:\/\/carhub.gr\/fr\/carte-de-santorin\/","title":{"rendered":"Carte de Santorin"},"content":{"rendered":"<div class=\"wpb-content-wrapper\">[vc_row][vc_column]<style>.vcex-heading.vcex_6a04b663a8051{font-size:36px;font-family:Roboto, sans-serif;}<\/style><h1 class=\"vcex-heading vcex-heading-plain vcex-module wpex-heading wpex-text-2xl wpex-text-center vc_custom_1768236154600 vcex_6a04b663a8051\"><span class=\"vcex-heading-inner wpex-inline-block\">Cartes et conseils utiles pour Santorin...<\/span><\/h1>[vc_media_grid element_width=\u00a0\u00bb6&Prime; gap=\u00a0\u00bb10&Prime; css=\u00a0\u00bb\u00a0\u00bb grid_id=\u00a0\u00bbvc_gid:1768236005792-fc7ed18b-b397-9&Prime; include=\u00a0\u00bb3296,3305,3306,3307&Prime;][\/vc_column][\/vc_row][vc_row full_width=\u00a0\u00bbstretch_row\u00a0\u00bb][vc_column][vc_column_text css=\u00a0\u00bb\u00a0\u00bb]\n<div style=\"max-width: 980px; margin: 0 auto; padding: 10px 0;\">\n<div style=\"text-align: center; margin: 10px 0 22px 0;\">\n<h2 style=\"margin: 0 0 8px 0; font-weight: 800; letter-spacing: -0.3px;\">CarHub vous propose \u00e9galement des itin\u00e9raires via Google Maps<\/h2>\n<p style=\"margin: 0; opacity: 0.85;\">S\u00e9lections rapides de villages, plages, couchers de soleil, domaines viticoles et restaurants \u2014 ouvrez chaque lieu directement dans Google Maps.<\/p>\n<\/div>\n<div style=\"display: flex; flex-wrap: wrap; gap: 18px; justify-content: center;\">\n<p><!-- CARD: VILLAGES --><\/p>\n<div style=\"flex: 1 1 420px; background: #fafafa; border: 1px solid #e9e9e9; border-radius: 14px; padding: 18px; box-shadow: 0 6px 18px rgba(0,0,0,0.06);\">\n<h3 style=\"margin: 0 0 12px 0; text-align: center;\">\ud83c\udfd8\ufe0f Les plus beaux villages<\/h3>\n<ul style=\"margin: 0; padding-left: 18px; line-height: 1.9;\">\n<li><strong>Oia<\/strong> \u2014 <a style=\"text-decoration: none; padding: 5px 10px; border: 1px solid #d7d7d7; border-radius: 999px; display: inline-block;\" href=\"https:\/\/goo.gl\/maps\/x8zpcc2vT4oGHyWEA\" target=\"_blank\" rel=\"noopener noreferrer\">Ouvrir la carte<\/a><\/li>\n<li><strong>Fira<\/strong> \u2014 <a style=\"text-decoration: none; padding: 5px 10px; border: 1px solid #d7d7d7; border-radius: 999px; display: inline-block;\" href=\"https:\/\/goo.gl\/maps\/pBgkJpz55gHJAh5z9\" target=\"_blank\" rel=\"noopener noreferrer\">Ouvrir la carte<\/a><\/li>\n<li><strong>Pyrgos<\/strong> \u2014 <a style=\"text-decoration: none; padding: 5px 10px; border: 1px solid #d7d7d7; border-radius: 999px; display: inline-block;\" href=\"https:\/\/goo.gl\/maps\/hn2ygqLJSYUtvKZo7\" target=\"_blank\" rel=\"noopener noreferrer\">Ouvrir la carte<\/a><\/li>\n<li><strong>Kamari<\/strong> \u2014 <a style=\"text-decoration: none; padding: 5px 10px; border: 1px solid #d7d7d7; border-radius: 999px; display: inline-block;\" href=\"https:\/\/goo.gl\/maps\/Ex2JHhT6JatPtDuf8\" target=\"_blank\" rel=\"noopener noreferrer\">Ouvrir la carte<\/a><\/li>\n<li><strong>Megalochori<\/strong> \u2014 <a style=\"text-decoration: none; padding: 5px 10px; border: 1px solid #d7d7d7; border-radius: 999px; display: inline-block;\" href=\"https:\/\/goo.gl\/maps\/RP12xHC2sVe1B7Rh7\" target=\"_blank\" rel=\"noopener noreferrer\">Ouvrir la carte<\/a><\/li>\n<li><strong>Akrotiri<\/strong> \u2014 <a style=\"text-decoration: none; padding: 5px 10px; border: 1px solid #d7d7d7; border-radius: 999px; display: inline-block;\" href=\"https:\/\/goo.gl\/maps\/BMsueZ6FbUfcsRNx7\" target=\"_blank\" rel=\"noopener noreferrer\">Ouvrir la carte<\/a><\/li>\n<\/ul>\n<\/div>\n<p><!-- CARD: BEACHES --><\/p>\n<div style=\"flex: 1 1 420px; background: #fafafa; border: 1px solid #e9e9e9; border-radius: 14px; padding: 18px; box-shadow: 0 6px 18px rgba(0,0,0,0.06);\">\n<h3 style=\"margin: 0 0 12px 0; text-align: center;\">\ud83c\udfd6\ufe0f Les plus belles plages<\/h3>\n<ul style=\"margin: 0; padding-left: 18px; line-height: 1.9;\">\n<li><strong>Perivolos<\/strong> <span style=\"opacity: 0.75;\">(sable noir)<\/span> \u2014 <a style=\"text-decoration: none; padding: 5px 10px; border: 1px solid #d7d7d7; border-radius: 999px; display: inline-block;\" href=\"https:\/\/goo.gl\/maps\/hQnUav38kLdfvVzM8\" target=\"_blank\" rel=\"noopener noreferrer\">Ouvrir la carte<\/a><\/li>\n<li><strong>Red Beach<\/strong> \u2014 <a style=\"text-decoration: none; padding: 5px 10px; border: 1px solid #d7d7d7; border-radius: 999px; display: inline-block;\" href=\"https:\/\/goo.gl\/maps\/8uHTFvruNbzJws9VA\" target=\"_blank\" rel=\"noopener noreferrer\">Ouvrir la carte<\/a><\/li>\n<li><strong>Kamari<\/strong> <span style=\"opacity: 0.75;\">(sable noir)<\/span> \u2014 <a style=\"text-decoration: none; padding: 5px 10px; border: 1px solid #d7d7d7; border-radius: 999px; display: inline-block;\" href=\"https:\/\/goo.gl\/maps\/DUDt9xEB3W9yguU87\" target=\"_blank\" rel=\"noopener noreferrer\">Ouvrir la carte<\/a><\/li>\n<li><strong>Vlychada<\/strong> <span style=\"opacity: 0.75;\">(sable blanc)<\/span> \u2014 <a style=\"text-decoration: none; padding: 5px 10px; border: 1px solid #d7d7d7; border-radius: 999px; display: inline-block;\" href=\"https:\/\/goo.gl\/maps\/hhLgnR5ebfCAPrh18\" target=\"_blank\" rel=\"noopener noreferrer\">Ouvrir la carte<\/a><\/li>\n<\/ul>\n<\/div>\n<p><!-- CARD: SUNSET --><\/p>\n<div style=\"flex: 1 1 420px; background: #fff7f2; border: 1px solid #ffe2cf; border-radius: 14px; padding: 18px; box-shadow: 0 6px 18px rgba(0,0,0,0.06);\">\n<h3 style=\"margin: 0 0 12px 0; text-align: center;\">\ud83c\udf05 Les meilleurs spots pour admirer le coucher du soleil<\/h3>\n<ul style=\"margin: 0; padding-left: 18px; line-height: 1.9;\">\n<li><strong>Ch\u00e2teau d\u2019Oia<\/strong> \u2014 <a style=\"text-decoration: none; padding: 5px 10px; border: 1px solid #f1b991; border-radius: 999px; display: inline-block; background: #ffffff;\" href=\"https:\/\/goo.gl\/maps\/e61iZerGEiMsXQzC8\" target=\"_blank\" rel=\"noopener noreferrer\">Ouvrir la carte<\/a><\/li>\n<li><strong>Phare d\u2019Akrotiri<\/strong> \u2014 <a style=\"text-decoration: none; padding: 5px 10px; border: 1px solid #f1b991; border-radius: 999px; display: inline-block; background: #ffffff;\" href=\"https:\/\/goo.gl\/maps\/9fDZLHsUGhziBmdo8\" target=\"_blank\" rel=\"noopener noreferrer\">Ouvrir la carte<\/a><\/li>\n<li><strong>Santo Winery<\/strong> \u2014 <a style=\"text-decoration: none; padding: 5px 10px; border: 1px solid #f1b991; border-radius: 999px; display: inline-block; background: #ffffff;\" href=\"https:\/\/goo.gl\/maps\/3kGBFFPgmMG9gMZ36\" target=\"_blank\" rel=\"noopener noreferrer\">Ouvrir la carte<\/a><\/li>\n<\/ul>\n<\/div>\n<p><!-- CARD: WINERIES --><\/p>\n<div style=\"flex: 1 1 420px; background: #f6f3ff; border: 1px solid #e3d9ff; border-radius: 14px; padding: 18px; box-shadow: 0 6px 18px rgba(0,0,0,0.06);\">\n<h3 style=\"margin: 0 0 12px 0; text-align: center;\">\ud83c\udf77 Les meilleurs domaines viticoles<\/h3>\n<ul style=\"margin: 0; padding-left: 18px; line-height: 1.9;\">\n<li><strong>Gavalas Winery<\/strong> \u2014 <a style=\"text-decoration: none; padding: 5px 10px; border: 1px solid #cbb8ff; border-radius: 999px; display: inline-block; background: #ffffff;\" href=\"https:\/\/goo.gl\/maps\/Tap4Bw7eFV2RsVVX7\" target=\"_blank\" rel=\"noopener noreferrer\">Ouvrir la carte<\/a><\/li>\n<li><strong>Venetsanos<\/strong> \u2014 <a style=\"text-decoration: none; padding: 5px 10px; border: 1px solid #cbb8ff; border-radius: 999px; display: inline-block; background: #ffffff;\" href=\"https:\/\/goo.gl\/maps\/NykCtxHQ93HN5mbS6\" target=\"_blank\" rel=\"noopener noreferrer\">Ouvrir la carte<\/a><\/li>\n<li><strong>Art Space<\/strong> \u2014 <a style=\"text-decoration: none; padding: 5px 10px; border: 1px solid #cbb8ff; border-radius: 999px; display: inline-block; background: #ffffff;\" href=\"https:\/\/goo.gl\/maps\/UoHHZvB7jEY4borJ7\" target=\"_blank\" rel=\"noopener noreferrer\">Ouvrir la carte<\/a><\/li>\n<li><strong>Sigalas<\/strong> \u2014 <a style=\"text-decoration: none; padding: 5px 10px; border: 1px solid #cbb8ff; border-radius: 999px; display: inline-block; background: #ffffff;\" href=\"https:\/\/goo.gl\/maps\/6qfbvwEefi1fCEvS9\" target=\"_blank\" rel=\"noopener noreferrer\">Ouvrir la carte<\/a><\/li>\n<li><strong>Santo Wines<\/strong> \u2014 <a style=\"text-decoration: none; padding: 5px 10px; border: 1px solid #cbb8ff; border-radius: 999px; display: inline-block; background: #ffffff;\" href=\"https:\/\/goo.gl\/maps\/3kGBFFPgmMG9gMZ36\" target=\"_blank\" rel=\"noopener noreferrer\">Ouvrir la carte<\/a><\/li>\n<\/ul>\n<\/div>\n<p><!-- CARD: RESTAURANTS --><\/p>\n<div style=\"flex: 1 1 860px; background: #f2fbf6; border: 1px solid #cfeedd; border-radius: 14px; padding: 18px; box-shadow: 0 6px 18px rgba(0,0,0,0.06);\">\n<h3 style=\"margin: 0 0 12px 0; text-align: center;\">\ud83c\udf7d\ufe0f Restaurants au meilleur rapport qualit\u00e9-prix<\/h3>\n<div style=\"display: flex; flex-wrap: wrap; gap: 14px; justify-content: center;\">\n<div style=\"flex: 1 1 320px;\">\n<ul style=\"margin: 0; padding-left: 18px; line-height: 1.9;\">\n<li><strong>Metaxi Mas<\/strong> \u2014 <a style=\"text-decoration: none; padding: 5px 10px; border: 1px solid #9ddfb9; border-radius: 999px; display: inline-block; background: #ffffff;\" href=\"https:\/\/goo.gl\/maps\/kxyasmFjuVkqQegDA\" target=\"_blank\" rel=\"noopener noreferrer\">Ouvrir la carte<\/a><\/li>\n<li><strong>Fratzeskos Fish Tavern<\/strong> \u2014 <a style=\"text-decoration: none; padding: 5px 10px; border: 1px solid #9ddfb9; border-radius: 999px; display: inline-block; background: #ffffff;\" href=\"https:\/\/goo.gl\/maps\/us7vmHZnFqZngdnh8\" target=\"_blank\" rel=\"noopener noreferrer\">Ouvrir la carte<\/a><\/li>\n<\/ul>\n<\/div>\n<div style=\"flex: 1 1 320px;\">\n<ul style=\"margin: 0; padding-left: 18px; line-height: 1.9;\">\n<li><strong>The Good Heart<\/strong> \u2014 <a style=\"text-decoration: none; padding: 5px 10px; border: 1px solid #9ddfb9; border-radius: 999px; display: inline-block; background: #ffffff;\" href=\"https:\/\/goo.gl\/maps\/Vn8RSFADvPLDJJQx9\" target=\"_blank\" rel=\"noopener noreferrer\">Ouvrir la carte<\/a><\/li>\n<li><strong>Raki<\/strong> \u2014 <a style=\"text-decoration: none; padding: 5px 10px; border: 1px solid #9ddfb9; border-radius: 999px; display: inline-block; background: #ffffff;\" href=\"https:\/\/goo.gl\/maps\/u3pXUKUFR8qvX31V6\" target=\"_blank\" rel=\"noopener noreferrer\">Ouvrir la carte<\/a><\/li>\n<\/ul>\n<\/div>\n<\/div>\n<\/div>\n<\/div>\n<div style=\"text-align: center; margin: 18px 0 0 0;\">\n<p style=\"margin: 0; font-style: italic; font-weight: bold;\">Nous esp\u00e9rons que ces informations vous seront utiles et que vous profiterez pleinement de votre s\u00e9jour \u00e0 Santorin.<\/p>\n<\/div>\n<\/div>\n[\/vc_column_text][\/vc_column][\/vc_row]\n<\/div>","protected":false},"excerpt":{"rendered":"<p>[vc_row][vc_column][vc_media_grid element_width=\u00a0\u00bb6&Prime; gap=\u00a0\u00bb10&Prime; css=\u00a0\u00bb\u00a0\u00bb grid_id=\u00a0\u00bbvc_gid:1768236005792-fc7ed18b-b397-9&Prime; include=\u00a0\u00bb3296,3305,3306,3307&Prime;][\/vc_column][\/vc_row][vc_row full_width=\u00a0\u00bbstretch_row\u00a0\u00bb][vc_column][vc_column_text css=\u00a0\u00bb\u00a0\u00bb] CarHub vous propose \u00e9galement des itin\u00e9raires via Google Maps S\u00e9lections rapides de villages, plages, couchers de soleil, domaines viticoles et restaurants \u2014 ouvrez chaque lieu directement dans Google Maps. \ud83c\udfd8\ufe0f Les plus beaux villages Oia \u2014 Ouvrir la carte Fira \u2014 Ouvrir la carte Pyrgos \u2014 Ouvrir&hellip;<\/p>\n","protected":false},"author":2,"featured_media":0,"parent":0,"menu_order":0,"comment_status":"closed","ping_status":"closed","template":"templates\/no-sidebar.php","meta":{"footnotes":""},"class_list":["post-3295","page","type-page","status-publish","hentry","entry","no-media"],"yoast_head":"<!-- This site is optimized with the Yoast SEO plugin v27.2 - https:\/\/yoast.com\/product\/yoast-seo-wordpress\/ -->\n<title>Carte de Santorin - Carhub<\/title>\n<meta name=\"robots\" content=\"index, follow, max-snippet:-1, max-image-preview:large, max-video-preview:-1\" \/>\n<link rel=\"canonical\" href=\"https:\/\/carhub.gr\/fr\/carte-de-santorin\/\" \/>\n<meta property=\"og:locale\" content=\"fr_FR\" \/>\n<meta property=\"og:type\" content=\"article\" \/>\n<meta property=\"og:title\" content=\"Carte de Santorin - Carhub\" \/>\n<meta property=\"og:description\" content=\"[vc_row][vc_column][vc_media_grid element_width=\u00a0\u00bb6&Prime; gap=\u00a0\u00bb10&Prime; css=\u00a0\u00bb\u00a0\u00bb grid_id=\u00a0\u00bbvc_gid:1768236005792-fc7ed18b-b397-9&Prime; include=\u00a0\u00bb3296,3305,3306,3307&Prime;][\/vc_column][\/vc_row][vc_row full_width=\u00a0\u00bbstretch_row\u00a0\u00bb][vc_column][vc_column_text css=\u00a0\u00bb\u00a0\u00bb] CarHub vous propose \u00e9galement des itin\u00e9raires via Google Maps S\u00e9lections rapides de villages, plages, couchers de soleil, domaines viticoles et restaurants \u2014 ouvrez chaque lieu directement dans Google Maps. \ud83c\udfd8\ufe0f Les plus beaux villages Oia \u2014 Ouvrir la carte Fira \u2014 Ouvrir la carte Pyrgos \u2014 Ouvrir&hellip;\" \/>\n<meta property=\"og:url\" content=\"https:\/\/carhub.gr\/fr\/carte-de-santorin\/\" \/>\n<meta property=\"og:site_name\" content=\"Carhub\" \/>\n<meta property=\"article:publisher\" content=\"https:\/\/www.facebook.com\/carhub.gr\/\" \/>\n<meta property=\"article:modified_time\" content=\"2026-01-14T19:30:26+00:00\" \/>\n<meta property=\"og:image\" content=\"https:\/\/carhub.gr\/wp-content\/uploads\/2025\/12\/pngegg-7-1.png\" \/>\n\t<meta property=\"og:image:width\" content=\"1366\" \/>\n\t<meta property=\"og:image:height\" content=\"768\" \/>\n\t<meta property=\"og:image:type\" content=\"image\/png\" \/>\n<meta name=\"twitter:card\" content=\"summary_large_image\" \/>\n<meta name=\"twitter:label1\" content=\"Dur\u00e9e de lecture estim\u00e9e\" \/>\n\t<meta name=\"twitter:data1\" content=\"1 minute\" \/>\n<script type=\"application\/ld+json\" class=\"yoast-schema-graph\">{\"@context\":\"https:\/\/schema.org\",\"@graph\":[{\"@type\":\"WebPage\",\"@id\":\"https:\/\/carhub.gr\/fr\/carte-de-santorin\/\",\"url\":\"https:\/\/carhub.gr\/fr\/carte-de-santorin\/\",\"name\":\"Carte de Santorin - Carhub\",\"isPartOf\":{\"@id\":\"https:\/\/carhub.gr\/fr\/#website\"},\"datePublished\":\"2026-01-10T15:10:21+00:00\",\"dateModified\":\"2026-01-14T19:30:26+00:00\",\"breadcrumb\":{\"@id\":\"https:\/\/carhub.gr\/fr\/carte-de-santorin\/#breadcrumb\"},\"inLanguage\":\"fr-FR\",\"potentialAction\":[{\"@type\":\"ReadAction\",\"target\":[\"https:\/\/carhub.gr\/fr\/carte-de-santorin\/\"]}]},{\"@type\":\"BreadcrumbList\",\"@id\":\"https:\/\/carhub.gr\/fr\/carte-de-santorin\/#breadcrumb\",\"itemListElement\":[{\"@type\":\"ListItem\",\"position\":1,\"name\":\"Home\",\"item\":\"https:\/\/carhub.gr\/fr\/\"},{\"@type\":\"ListItem\",\"position\":2,\"name\":\"Carte de Santorin\"}]},{\"@type\":\"WebSite\",\"@id\":\"https:\/\/carhub.gr\/fr\/#website\",\"url\":\"https:\/\/carhub.gr\/fr\/\",\"name\":\"Carhub\",\"description\":\"Rent a car Santorini - Santorini Car Hire\",\"publisher\":{\"@id\":\"https:\/\/carhub.gr\/fr\/#organization\"},\"alternateName\":\"RENT A CAR SANTORINI - SANTORINI CAR RENTAL\",\"potentialAction\":[{\"@type\":\"SearchAction\",\"target\":{\"@type\":\"EntryPoint\",\"urlTemplate\":\"https:\/\/carhub.gr\/fr\/?s={search_term_string}\"},\"query-input\":{\"@type\":\"PropertyValueSpecification\",\"valueRequired\":true,\"valueName\":\"search_term_string\"}}],\"inLanguage\":\"fr-FR\"},{\"@type\":\"Organization\",\"@id\":\"https:\/\/carhub.gr\/fr\/#organization\",\"name\":\"Carhub\",\"url\":\"https:\/\/carhub.gr\/fr\/\",\"logo\":{\"@type\":\"ImageObject\",\"inLanguage\":\"fr-FR\",\"@id\":\"https:\/\/carhub.gr\/fr\/#\/schema\/logo\/image\/\",\"url\":\"https:\/\/carhub.gr\/wp-content\/uploads\/2025\/12\/logo-carhub-1.png\",\"contentUrl\":\"https:\/\/carhub.gr\/wp-content\/uploads\/2025\/12\/logo-carhub-1.png\",\"width\":182,\"height\":53,\"caption\":\"Carhub\"},\"image\":{\"@id\":\"https:\/\/carhub.gr\/fr\/#\/schema\/logo\/image\/\"},\"sameAs\":[\"https:\/\/www.facebook.com\/carhub.gr\/\"]}]}<\/script>\n<!-- \/ Yoast SEO plugin. -->","yoast_head_json":{"title":"Carte de Santorin - Carhub","robots":{"index":"index","follow":"follow","max-snippet":"max-snippet:-1","max-image-preview":"max-image-preview:large","max-video-preview":"max-video-preview:-1"},"canonical":"https:\/\/carhub.gr\/fr\/carte-de-santorin\/","og_locale":"fr_FR","og_type":"article","og_title":"Carte de Santorin - Carhub","og_description":"[vc_row][vc_column][vc_media_grid element_width=\u00a0\u00bb6&Prime; gap=\u00a0\u00bb10&Prime; css=\u00a0\u00bb\u00a0\u00bb grid_id=\u00a0\u00bbvc_gid:1768236005792-fc7ed18b-b397-9&Prime; include=\u00a0\u00bb3296,3305,3306,3307&Prime;][\/vc_column][\/vc_row][vc_row full_width=\u00a0\u00bbstretch_row\u00a0\u00bb][vc_column][vc_column_text css=\u00a0\u00bb\u00a0\u00bb] CarHub vous propose \u00e9galement des itin\u00e9raires via Google Maps S\u00e9lections rapides de villages, plages, couchers de soleil, domaines viticoles et restaurants \u2014 ouvrez chaque lieu directement dans Google Maps. \ud83c\udfd8\ufe0f Les plus beaux villages Oia \u2014 Ouvrir la carte Fira \u2014 Ouvrir la carte Pyrgos \u2014 Ouvrir&hellip;","og_url":"https:\/\/carhub.gr\/fr\/carte-de-santorin\/","og_site_name":"Carhub","article_publisher":"https:\/\/www.facebook.com\/carhub.gr\/","article_modified_time":"2026-01-14T19:30:26+00:00","og_image":[{"width":1366,"height":768,"url":"https:\/\/carhub.gr\/wp-content\/uploads\/2025\/12\/pngegg-7-1.png","type":"image\/png"}],"twitter_card":"summary_large_image","twitter_misc":{"Dur\u00e9e de lecture estim\u00e9e":"1 minute"},"schema":{"@context":"https:\/\/schema.org","@graph":[{"@type":"WebPage","@id":"https:\/\/carhub.gr\/fr\/carte-de-santorin\/","url":"https:\/\/carhub.gr\/fr\/carte-de-santorin\/","name":"Carte de Santorin - Carhub","isPartOf":{"@id":"https:\/\/carhub.gr\/fr\/#website"},"datePublished":"2026-01-10T15:10:21+00:00","dateModified":"2026-01-14T19:30:26+00:00","breadcrumb":{"@id":"https:\/\/carhub.gr\/fr\/carte-de-santorin\/#breadcrumb"},"inLanguage":"fr-FR","potentialAction":[{"@type":"ReadAction","target":["https:\/\/carhub.gr\/fr\/carte-de-santorin\/"]}]},{"@type":"BreadcrumbList","@id":"https:\/\/carhub.gr\/fr\/carte-de-santorin\/#breadcrumb","itemListElement":[{"@type":"ListItem","position":1,"name":"Home","item":"https:\/\/carhub.gr\/fr\/"},{"@type":"ListItem","position":2,"name":"Carte de Santorin"}]},{"@type":"WebSite","@id":"https:\/\/carhub.gr\/fr\/#website","url":"https:\/\/carhub.gr\/fr\/","name":"Carhub","description":"Rent a car Santorini - Santorini Car Hire","publisher":{"@id":"https:\/\/carhub.gr\/fr\/#organization"},"alternateName":"RENT A CAR SANTORINI - SANTORINI CAR RENTAL","potentialAction":[{"@type":"SearchAction","target":{"@type":"EntryPoint","urlTemplate":"https:\/\/carhub.gr\/fr\/?s={search_term_string}"},"query-input":{"@type":"PropertyValueSpecification","valueRequired":true,"valueName":"search_term_string"}}],"inLanguage":"fr-FR"},{"@type":"Organization","@id":"https:\/\/carhub.gr\/fr\/#organization","name":"Carhub","url":"https:\/\/carhub.gr\/fr\/","logo":{"@type":"ImageObject","inLanguage":"fr-FR","@id":"https:\/\/carhub.gr\/fr\/#\/schema\/logo\/image\/","url":"https:\/\/carhub.gr\/wp-content\/uploads\/2025\/12\/logo-carhub-1.png","contentUrl":"https:\/\/carhub.gr\/wp-content\/uploads\/2025\/12\/logo-carhub-1.png","width":182,"height":53,"caption":"Carhub"},"image":{"@id":"https:\/\/carhub.gr\/fr\/#\/schema\/logo\/image\/"},"sameAs":["https:\/\/www.facebook.com\/carhub.gr\/"]}]}},"_links":{"self":[{"href":"https:\/\/carhub.gr\/fr\/wp-json\/wp\/v2\/pages\/3295","targetHints":{"allow":["GET"]}}],"collection":[{"href":"https:\/\/carhub.gr\/fr\/wp-json\/wp\/v2\/pages"}],"about":[{"href":"https:\/\/carhub.gr\/fr\/wp-json\/wp\/v2\/types\/page"}],"author":[{"embeddable":true,"href":"https:\/\/carhub.gr\/fr\/wp-json\/wp\/v2\/users\/2"}],"replies":[{"embeddable":true,"href":"https:\/\/carhub.gr\/fr\/wp-json\/wp\/v2\/comments?post=3295"}],"version-history":[{"count":5,"href":"https:\/\/carhub.gr\/fr\/wp-json\/wp\/v2\/pages\/3295\/revisions"}],"predecessor-version":[{"id":3328,"href":"https:\/\/carhub.gr\/fr\/wp-json\/wp\/v2\/pages\/3295\/revisions\/3328"}],"wp:attachment":[{"href":"https:\/\/carhub.gr\/fr\/wp-json\/wp\/v2\/media?parent=3295"}],"curies":[{"name":"wp","href":"https:\/\/api.w.org\/{rel}","templated":true}]}}