{"id":3156,"date":"2026-01-10T12:10:27","date_gmt":"2026-01-10T10:10:27","guid":{"rendered":"https:\/\/carhub.gr\/rental-car-perissa-santorini\/"},"modified":"2026-01-10T12:11:53","modified_gmt":"2026-01-10T10:11:53","slug":"location-de-voiture-perissa-santorin","status":"publish","type":"page","link":"https:\/\/carhub.gr\/fr\/location-de-voiture-perissa-santorin\/","title":{"rendered":"Location de voiture Perissa Santorin"},"content":{"rendered":"<div class=\"wpb-content-wrapper\">[vc_row][vc_column][vc_column_text css=\u00a0\u00bb\u00a0\u00bb]\n<h1 class=\"western\" style=\"text-align: center;\">Location de voiture Perissa Santorin<\/h1>\n<figure id=\"attachment_3154\" aria-describedby=\"caption-attachment-3154\" style=\"width: 258px\" class=\"wp-caption aligncenter\"><img loading=\"lazy\" decoding=\"async\" class=\"wp-image-3154 size-full\" src=\"https:\/\/carhub.gr\/wp-content\/uploads\/2026\/01\/29196687_10156551095700649_1528072101750112256_n-258x300-1.jpg\" alt=\"Location de voiture Perissa Santorin\" width=\"258\" height=\"300\" \/><figcaption id=\"caption-attachment-3154\" class=\"wp-caption-text\">Location de voiture Perissa Santorin<\/figcaption><\/figure>\n<p style=\"text-align: center;\"><span style=\"color: #000000;\"><span style=\"font-family: Arial, sans-serif;\"><span style=\"font-size: small;\">Tout d\u2019abord, <a href=\"https:\/\/www.santorini-view.com\/perissa\/\" target=\"_blank\" rel=\"noopener noreferrer\">Perissa<\/a> est un magnifique village c\u00f4tier, situ\u00e9 \u00e0 l\u2019extr\u00e9mit\u00e9 sud-est de l\u2019\u00eele, \u00e0 13 kilom\u00e8tres de la capitale. Il se trouve au pied sud de la montagne Mesa Vouno. De plus, on pense que c\u2019est \u00e0 cet endroit que se trouvait autrefois l\u2019ancienne ville d\u2019\u00c9lefsina.<\/span><\/span><\/span> <span style=\"color: #000000;\"><span style=\"font-family: 'Open Sans';\"><span style=\"font-size: small;\">La principale raison pour laquelle la plupart des visiteurs viennent \u00e0 Perissa est de profiter de sa plage exceptionnelle, caract\u00e9ris\u00e9e par des eaux profondes d\u2019un bleu intense et du sable volcanique noir. Enti\u00e8rement organis\u00e9e avec transats, parasols, bars de plage, sauveteurs et aire de jeux, elle a \u00e9galement re\u00e7u le Pavillon Bleu. Installations de sports nautiques, centres de plong\u00e9e, parc aquatique et terrain de beach-volley compl\u00e8tent l\u2019exp\u00e9rience.<\/span><\/span><\/span><\/p>\n<p style=\"text-align: center;\"><span style=\"color: #000000;\"><span style=\"font-family: 'Open Sans';\"><span style=\"font-size: small;\">La plage de Perissa est \u00e9galement reli\u00e9e \u00e0 Perivolos et vous trouverez de nombreux clubs nocturnes, restaurants, tavernes et caf\u00e9s pour des moments agr\u00e9ables de jour comme de nuit. Dans le village, vous trouverez des mini-march\u00e9s et de nombreux magasins proposant v\u00eatements, souvenirs et tout ce dont vous pourriez avoir besoin.<\/span><\/span><\/span><span style=\"color: #000000;\"><span style=\"font-family: Arial, sans-serif;\"><span style=\"font-size: small;\"> Vous ne devriez pas manquer le site arch\u00e9ologique de l\u2019ancienne ville d\u2019Akrotiri, situ\u00e9 \u00e0 seulement 8 km. Ainsi que Fira, Imerovigli et Oia ! Des lieux id\u00e9aux pour passer vos soir\u00e9es, admirer le coucher du soleil et profiter de la vue unique sur les falaises et les \u00eeles volcaniques.<\/span><\/span><\/span><\/p>\n<h2 style=\"text-align: center;\">Location de voiture Perissa Santorin<\/h2>\n<p><span style=\"color: #000000;\"><span style=\"font-family: Arial, sans-serif;\"><span style=\"font-size: small;\">Un excellent moyen de se d\u00e9placer et de d\u00e9couvrir le reste de<\/span><\/span><\/span> <strong><span style=\"color: #000000;\"><span style=\"font-family: Arial, sans-serif;\"><span style=\"font-size: small;\"><b>l\u2019\u00eele de Santorin<\/b><\/span><\/span><\/span><\/strong> <span style=\"color: #000000;\"><span style=\"font-family: Arial, sans-serif;\"><span style=\"font-size: small;\">est de <\/span><\/span><\/span><strong><span style=\"color: #000000;\"><span style=\"font-family: Arial, sans-serif;\"><span style=\"font-size: small;\"><b>louer une voiture<\/b><\/span><\/span><\/span><\/strong><span style=\"color: #000000;\"><span style=\"font-family: Arial, sans-serif;\"><span style=\"font-size: small;\"> aupr\u00e8s de la soci\u00e9t\u00e9 de location <a href=\"http:\/\/carhub.gr\/\">Carhub<\/a><\/span><\/span><\/span><span style=\"color: #000000;\"><span style=\"font-family: Arial, sans-serif;\"><span style=\"font-size: small;\">. Pour les visiteurs int\u00e9ress\u00e9s par la<\/span><\/span><\/span> <strong><span style=\"color: #000000;\"><span style=\"font-family: Arial, sans-serif;\"><span style=\"font-size: small;\"><b>location de voiture \u00e0 Perissa Santorin<\/b><\/span><\/span><\/span><\/strong><span style=\"color: #000000;\"><span style=\"font-family: Arial, sans-serif;\"><span style=\"font-size: small;\">, notre soci\u00e9t\u00e9 livre le v\u00e9hicule de votre choix directement \u00e0 votre h\u00f4tel, sans aucun frais suppl\u00e9mentaire. Ainsi, conduisez votre <\/span><\/span><\/span><strong><span style=\"color: #000000;\"><span style=\"font-family: Arial, sans-serif;\"><span style=\"font-size: small;\"><b>voiture de location \u00e0 Santorin<\/b><\/span><\/span><\/span><\/strong> <span style=\"color: #000000;\"><span style=\"font-family: Arial, sans-serif;\"><span style=\"font-size: small;\">vers tous les sites d\u2019int\u00e9r\u00eat sans perdre de temps ni d\u2019argent. Enfin, r\u00e9servez simplement votre voiture de location \u00e0 Santorin en ligne ou appelez-nous.<\/span><\/span><\/span>[\/vc_column_text][\/vc_column][\/vc_row]\n<\/div>","protected":false},"excerpt":{"rendered":"<p>[vc_row][vc_column][vc_column_text css=\u00a0\u00bb\u00a0\u00bb] Location de voiture Perissa Santorin Tout d\u2019abord, Perissa est un magnifique village c\u00f4tier, situ\u00e9 \u00e0 l\u2019extr\u00e9mit\u00e9 sud-est de l\u2019\u00eele, \u00e0 13 kilom\u00e8tres de la capitale. Il se trouve au pied sud de la montagne Mesa Vouno. De plus, on pense que c\u2019est \u00e0 cet endroit que se trouvait autrefois l\u2019ancienne ville d\u2019\u00c9lefsina. La&hellip;<\/p>\n","protected":false},"author":2,"featured_media":0,"parent":0,"menu_order":0,"comment_status":"closed","ping_status":"closed","template":"templates\/no-sidebar.php","meta":{"footnotes":""},"class_list":["post-3156","page","type-page","status-publish","hentry","entry","no-media"],"yoast_head":"<!-- This site is optimized with the Yoast SEO plugin v27.2 - https:\/\/yoast.com\/product\/yoast-seo-wordpress\/ -->\n<title>Location de voiture Perissa Santorin - Carhub<\/title>\n<meta name=\"robots\" content=\"index, follow, max-snippet:-1, max-image-preview:large, max-video-preview:-1\" \/>\n<link rel=\"canonical\" href=\"https:\/\/carhub.gr\/fr\/location-de-voiture-perissa-santorin\/\" \/>\n<meta property=\"og:locale\" content=\"fr_FR\" \/>\n<meta property=\"og:type\" content=\"article\" \/>\n<meta property=\"og:title\" content=\"Location de voiture Perissa Santorin - Carhub\" \/>\n<meta property=\"og:description\" content=\"[vc_row][vc_column][vc_column_text css=\u00a0\u00bb\u00a0\u00bb] Location de voiture Perissa Santorin Tout d\u2019abord, Perissa est un magnifique village c\u00f4tier, situ\u00e9 \u00e0 l\u2019extr\u00e9mit\u00e9 sud-est de l\u2019\u00eele, \u00e0 13 kilom\u00e8tres de la capitale. Il se trouve au pied sud de la montagne Mesa Vouno. De plus, on pense que c\u2019est \u00e0 cet endroit que se trouvait autrefois l\u2019ancienne ville d\u2019\u00c9lefsina. La&hellip;\" \/>\n<meta property=\"og:url\" content=\"https:\/\/carhub.gr\/fr\/location-de-voiture-perissa-santorin\/\" \/>\n<meta property=\"og:site_name\" content=\"Carhub\" \/>\n<meta property=\"article:publisher\" content=\"https:\/\/www.facebook.com\/carhub.gr\/\" \/>\n<meta property=\"article:modified_time\" content=\"2026-01-10T10:11:53+00:00\" \/>\n<meta property=\"og:image\" content=\"https:\/\/carhub.gr\/wp-content\/uploads\/2026\/01\/29196687_10156551095700649_1528072101750112256_n-258x300-1.jpg\" \/>\n\t<meta property=\"og:image:width\" content=\"258\" \/>\n\t<meta property=\"og:image:height\" content=\"300\" \/>\n\t<meta property=\"og:image:type\" content=\"image\/jpeg\" \/>\n<meta name=\"twitter:card\" content=\"summary_large_image\" \/>\n<meta name=\"twitter:label1\" content=\"Dur\u00e9e de lecture estim\u00e9e\" \/>\n\t<meta name=\"twitter:data1\" content=\"2 minutes\" \/>\n<script type=\"application\/ld+json\" class=\"yoast-schema-graph\">{\"@context\":\"https:\/\/schema.org\",\"@graph\":[{\"@type\":\"WebPage\",\"@id\":\"https:\/\/carhub.gr\/fr\/location-de-voiture-perissa-santorin\/\",\"url\":\"https:\/\/carhub.gr\/fr\/location-de-voiture-perissa-santorin\/\",\"name\":\"Location de voiture Perissa Santorin - Carhub\",\"isPartOf\":{\"@id\":\"https:\/\/carhub.gr\/fr\/#website\"},\"primaryImageOfPage\":{\"@id\":\"https:\/\/carhub.gr\/fr\/location-de-voiture-perissa-santorin\/#primaryimage\"},\"image\":{\"@id\":\"https:\/\/carhub.gr\/fr\/location-de-voiture-perissa-santorin\/#primaryimage\"},\"thumbnailUrl\":\"https:\/\/carhub.gr\/wp-content\/uploads\/2026\/01\/29196687_10156551095700649_1528072101750112256_n-258x300-1.jpg\",\"datePublished\":\"2026-01-10T10:10:27+00:00\",\"dateModified\":\"2026-01-10T10:11:53+00:00\",\"breadcrumb\":{\"@id\":\"https:\/\/carhub.gr\/fr\/location-de-voiture-perissa-santorin\/#breadcrumb\"},\"inLanguage\":\"fr-FR\",\"potentialAction\":[{\"@type\":\"ReadAction\",\"target\":[\"https:\/\/carhub.gr\/fr\/location-de-voiture-perissa-santorin\/\"]}]},{\"@type\":\"ImageObject\",\"inLanguage\":\"fr-FR\",\"@id\":\"https:\/\/carhub.gr\/fr\/location-de-voiture-perissa-santorin\/#primaryimage\",\"url\":\"https:\/\/carhub.gr\/wp-content\/uploads\/2026\/01\/29196687_10156551095700649_1528072101750112256_n-258x300-1.jpg\",\"contentUrl\":\"https:\/\/carhub.gr\/wp-content\/uploads\/2026\/01\/29196687_10156551095700649_1528072101750112256_n-258x300-1.jpg\"},{\"@type\":\"BreadcrumbList\",\"@id\":\"https:\/\/carhub.gr\/fr\/location-de-voiture-perissa-santorin\/#breadcrumb\",\"itemListElement\":[{\"@type\":\"ListItem\",\"position\":1,\"name\":\"Home\",\"item\":\"https:\/\/carhub.gr\/fr\/\"},{\"@type\":\"ListItem\",\"position\":2,\"name\":\"Location de voiture Perissa Santorin\"}]},{\"@type\":\"WebSite\",\"@id\":\"https:\/\/carhub.gr\/fr\/#website\",\"url\":\"https:\/\/carhub.gr\/fr\/\",\"name\":\"Carhub\",\"description\":\"Rent a car Santorini - Santorini Car Hire\",\"publisher\":{\"@id\":\"https:\/\/carhub.gr\/fr\/#organization\"},\"alternateName\":\"RENT A CAR SANTORINI - SANTORINI CAR RENTAL\",\"potentialAction\":[{\"@type\":\"SearchAction\",\"target\":{\"@type\":\"EntryPoint\",\"urlTemplate\":\"https:\/\/carhub.gr\/fr\/?s={search_term_string}\"},\"query-input\":{\"@type\":\"PropertyValueSpecification\",\"valueRequired\":true,\"valueName\":\"search_term_string\"}}],\"inLanguage\":\"fr-FR\"},{\"@type\":\"Organization\",\"@id\":\"https:\/\/carhub.gr\/fr\/#organization\",\"name\":\"Carhub\",\"url\":\"https:\/\/carhub.gr\/fr\/\",\"logo\":{\"@type\":\"ImageObject\",\"inLanguage\":\"fr-FR\",\"@id\":\"https:\/\/carhub.gr\/fr\/#\/schema\/logo\/image\/\",\"url\":\"https:\/\/carhub.gr\/wp-content\/uploads\/2025\/12\/logo-carhub-1.png\",\"contentUrl\":\"https:\/\/carhub.gr\/wp-content\/uploads\/2025\/12\/logo-carhub-1.png\",\"width\":182,\"height\":53,\"caption\":\"Carhub\"},\"image\":{\"@id\":\"https:\/\/carhub.gr\/fr\/#\/schema\/logo\/image\/\"},\"sameAs\":[\"https:\/\/www.facebook.com\/carhub.gr\/\"]}]}<\/script>\n<!-- \/ Yoast SEO plugin. -->","yoast_head_json":{"title":"Location de voiture Perissa Santorin - Carhub","robots":{"index":"index","follow":"follow","max-snippet":"max-snippet:-1","max-image-preview":"max-image-preview:large","max-video-preview":"max-video-preview:-1"},"canonical":"https:\/\/carhub.gr\/fr\/location-de-voiture-perissa-santorin\/","og_locale":"fr_FR","og_type":"article","og_title":"Location de voiture Perissa Santorin - Carhub","og_description":"[vc_row][vc_column][vc_column_text css=\u00a0\u00bb\u00a0\u00bb] Location de voiture Perissa Santorin Tout d\u2019abord, Perissa est un magnifique village c\u00f4tier, situ\u00e9 \u00e0 l\u2019extr\u00e9mit\u00e9 sud-est de l\u2019\u00eele, \u00e0 13 kilom\u00e8tres de la capitale. Il se trouve au pied sud de la montagne Mesa Vouno. De plus, on pense que c\u2019est \u00e0 cet endroit que se trouvait autrefois l\u2019ancienne ville d\u2019\u00c9lefsina. La&hellip;","og_url":"https:\/\/carhub.gr\/fr\/location-de-voiture-perissa-santorin\/","og_site_name":"Carhub","article_publisher":"https:\/\/www.facebook.com\/carhub.gr\/","article_modified_time":"2026-01-10T10:11:53+00:00","og_image":[{"width":258,"height":300,"url":"https:\/\/carhub.gr\/wp-content\/uploads\/2026\/01\/29196687_10156551095700649_1528072101750112256_n-258x300-1.jpg","type":"image\/jpeg"}],"twitter_card":"summary_large_image","twitter_misc":{"Dur\u00e9e de lecture estim\u00e9e":"2 minutes"},"schema":{"@context":"https:\/\/schema.org","@graph":[{"@type":"WebPage","@id":"https:\/\/carhub.gr\/fr\/location-de-voiture-perissa-santorin\/","url":"https:\/\/carhub.gr\/fr\/location-de-voiture-perissa-santorin\/","name":"Location de voiture Perissa Santorin - Carhub","isPartOf":{"@id":"https:\/\/carhub.gr\/fr\/#website"},"primaryImageOfPage":{"@id":"https:\/\/carhub.gr\/fr\/location-de-voiture-perissa-santorin\/#primaryimage"},"image":{"@id":"https:\/\/carhub.gr\/fr\/location-de-voiture-perissa-santorin\/#primaryimage"},"thumbnailUrl":"https:\/\/carhub.gr\/wp-content\/uploads\/2026\/01\/29196687_10156551095700649_1528072101750112256_n-258x300-1.jpg","datePublished":"2026-01-10T10:10:27+00:00","dateModified":"2026-01-10T10:11:53+00:00","breadcrumb":{"@id":"https:\/\/carhub.gr\/fr\/location-de-voiture-perissa-santorin\/#breadcrumb"},"inLanguage":"fr-FR","potentialAction":[{"@type":"ReadAction","target":["https:\/\/carhub.gr\/fr\/location-de-voiture-perissa-santorin\/"]}]},{"@type":"ImageObject","inLanguage":"fr-FR","@id":"https:\/\/carhub.gr\/fr\/location-de-voiture-perissa-santorin\/#primaryimage","url":"https:\/\/carhub.gr\/wp-content\/uploads\/2026\/01\/29196687_10156551095700649_1528072101750112256_n-258x300-1.jpg","contentUrl":"https:\/\/carhub.gr\/wp-content\/uploads\/2026\/01\/29196687_10156551095700649_1528072101750112256_n-258x300-1.jpg"},{"@type":"BreadcrumbList","@id":"https:\/\/carhub.gr\/fr\/location-de-voiture-perissa-santorin\/#breadcrumb","itemListElement":[{"@type":"ListItem","position":1,"name":"Home","item":"https:\/\/carhub.gr\/fr\/"},{"@type":"ListItem","position":2,"name":"Location de voiture Perissa Santorin"}]},{"@type":"WebSite","@id":"https:\/\/carhub.gr\/fr\/#website","url":"https:\/\/carhub.gr\/fr\/","name":"Carhub","description":"Rent a car Santorini - Santorini Car Hire","publisher":{"@id":"https:\/\/carhub.gr\/fr\/#organization"},"alternateName":"RENT A CAR SANTORINI - SANTORINI CAR RENTAL","potentialAction":[{"@type":"SearchAction","target":{"@type":"EntryPoint","urlTemplate":"https:\/\/carhub.gr\/fr\/?s={search_term_string}"},"query-input":{"@type":"PropertyValueSpecification","valueRequired":true,"valueName":"search_term_string"}}],"inLanguage":"fr-FR"},{"@type":"Organization","@id":"https:\/\/carhub.gr\/fr\/#organization","name":"Carhub","url":"https:\/\/carhub.gr\/fr\/","logo":{"@type":"ImageObject","inLanguage":"fr-FR","@id":"https:\/\/carhub.gr\/fr\/#\/schema\/logo\/image\/","url":"https:\/\/carhub.gr\/wp-content\/uploads\/2025\/12\/logo-carhub-1.png","contentUrl":"https:\/\/carhub.gr\/wp-content\/uploads\/2025\/12\/logo-carhub-1.png","width":182,"height":53,"caption":"Carhub"},"image":{"@id":"https:\/\/carhub.gr\/fr\/#\/schema\/logo\/image\/"},"sameAs":["https:\/\/www.facebook.com\/carhub.gr\/"]}]}},"_links":{"self":[{"href":"https:\/\/carhub.gr\/fr\/wp-json\/wp\/v2\/pages\/3156","targetHints":{"allow":["GET"]}}],"collection":[{"href":"https:\/\/carhub.gr\/fr\/wp-json\/wp\/v2\/pages"}],"about":[{"href":"https:\/\/carhub.gr\/fr\/wp-json\/wp\/v2\/types\/page"}],"author":[{"embeddable":true,"href":"https:\/\/carhub.gr\/fr\/wp-json\/wp\/v2\/users\/2"}],"replies":[{"embeddable":true,"href":"https:\/\/carhub.gr\/fr\/wp-json\/wp\/v2\/comments?post=3156"}],"version-history":[{"count":1,"href":"https:\/\/carhub.gr\/fr\/wp-json\/wp\/v2\/pages\/3156\/revisions"}],"predecessor-version":[{"id":3166,"href":"https:\/\/carhub.gr\/fr\/wp-json\/wp\/v2\/pages\/3156\/revisions\/3166"}],"wp:attachment":[{"href":"https:\/\/carhub.gr\/fr\/wp-json\/wp\/v2\/media?parent=3156"}],"curies":[{"name":"wp","href":"https:\/\/api.w.org\/{rel}","templated":true}]}}