{"id":3138,"date":"2026-01-10T12:03:26","date_gmt":"2026-01-10T10:03:26","guid":{"rendered":"https:\/\/carhub.gr\/rental-car-perivolos-santorini\/"},"modified":"2026-01-10T12:05:06","modified_gmt":"2026-01-10T10:05:06","slug":"location-de-voiture-a-perivolos-santorin","status":"publish","type":"page","link":"https:\/\/carhub.gr\/fr\/location-de-voiture-a-perivolos-santorin\/","title":{"rendered":"Location de voiture \u00e0 Perivolos, Santorin"},"content":{"rendered":"<div class=\"wpb-content-wrapper\">[vc_row][vc_column][vc_column_text css=\u00a0\u00bb\u00a0\u00bb]\n<h1 class=\"western\" style=\"text-align: center;\">Location de voiture \u00e0 Perivolos, Santorin<\/h1>\n<figure id=\"attachment_3136\" aria-describedby=\"caption-attachment-3136\" style=\"width: 300px\" class=\"wp-caption aligncenter\"><img loading=\"lazy\" decoding=\"async\" class=\"size-full wp-image-3136\" src=\"https:\/\/carhub.gr\/wp-content\/uploads\/2026\/01\/31131472_10156663269845649_7723170205521674240_n-300x225-1.jpg\" alt=\"Location de voiture Perivolos Santorin\" width=\"300\" height=\"225\" \/><figcaption id=\"caption-attachment-3136\" class=\"wp-caption-text\">Location de voiture Perivolos Santorin<\/figcaption><\/figure>\n<p style=\"text-align: center;\"><span style=\"color: #000000;\"><span style=\"font-family: Arial, sans-serif;\"><span style=\"font-size: small;\">Le village baln\u00e9aire de <a href=\"https:\/\/www.tripadvisor.com\/Attraction_Review-g657830-d6988148-Reviews-Perivolos_Beach-Perivolos_Santorini_Cyclades_South_Aegean.html\" target=\"_blank\" rel=\"noopener noreferrer\">Perivolos<\/a> est tr\u00e8s populaire, principalement aupr\u00e8s des jeunes, car il abrite l\u2019une des stations baln\u00e9aires les plus anim\u00e9es de l\u2019\u00eele. C\u2019est un petit village situ\u00e9 sur la c\u00f4te sud-est de Santorin, tout pr\u00e8s du village de Perissa. En r\u00e9alit\u00e9, il se trouve entre Perissa et Agios Georgios. \u00c0 Perivolos, vous pouvez profiter d\u2019agr\u00e9ables moments dans de beaux restaurants proposant des sp\u00e9cialit\u00e9s locales, dans des caf\u00e9s chaleureux et dans des bars anim\u00e9s avec une musique entra\u00eenante. On y trouve la majorit\u00e9 des beach bars de l\u2019\u00eele, o\u00f9 de nombreux \u00e9v\u00e9nements ont lieu autour de piscines \u00e9l\u00e9gantes, comme des DJ sets, des performances artistiques et d\u2019autres animations sp\u00e9ciales. De jour comme de nuit, Perivolos est plein de vie et l\u2019atmosph\u00e8re le long de la promenade est toujours vibrante et joyeuse.<\/span><\/span><\/span><\/p>\n<p style=\"text-align: center;\"><span style=\"color: #000000;\"><span style=\"font-family: Arial, sans-serif;\"><span style=\"font-size: small;\"> L\u2019attraction principale et la raison majeure de visiter Perivolos, en dehors de sa vie nocturne anim\u00e9e, est la c\u00e9l\u00e8bre <b>plage de Perivolos<\/b>, une magnifique plage longue aux eaux cristallines, recouverte de sable volcanique noir. Enti\u00e8rement organis\u00e9e, elle offre de nombreuses commodit\u00e9s telles que des transats confortables, des parasols, des douches et des ma\u00eetres-nageurs. Vous pouvez y savourer votre boisson pr\u00e9f\u00e9r\u00e9e ou d\u00e9guster un repas face \u00e0 la mer scintillante. De plus, la plage dispose d\u2019installations pour les sports nautiques, id\u00e9ales pour vivre de nouvelles exp\u00e9riences. Enfin, des terrains de beach-volley sont disponibles, o\u00f9 des tournois sont souvent organis\u00e9s et attirent de nombreux visiteurs. Il est vivement recommand\u00e9 de visiter Perivolos, o\u00f9 vous trouverez un large choix d\u2019h\u00e9bergements pour un s\u00e9jour agr\u00e9able : villas luxueuses, h\u00f4tels charmants, appartements et chambres \u00e0 louer, il y en a pour tous les go\u00fbts.<\/span><\/span><\/span><\/p>\n<h3 style=\"text-align: center;\">Location de voiture \u00e0 Perivolos, Santorin<\/h3>\n<p style=\"text-align: center;\"><span style=\"color: #000000;\"><span style=\"font-family: Arial, sans-serif;\"><span style=\"font-size: small;\">Si votre h\u00f4tel est situ\u00e9 \u00e0 <strong><b>Perivolos Beach, Santorin<\/b><\/strong>, nous pouvons y livrer votre <strong><b>voiture de location \u00e0 Santorin via <a href=\"http:\/\/carhub.gr\/\">Carhub<\/a><\/b><\/strong>, sans frais suppl\u00e9mentaires. Vous pouvez \u00e9galement retourner la <em>voiture<\/em> au m\u00eame endroit. Il vous suffit de nous en informer lors de votre r\u00e9servation par email ou par t\u00e9l\u00e9phone. Pour la zone de la plage de Perivolos, selon les disponibilit\u00e9s, nous acceptons \u00e9galement les r\u00e9servations de derni\u00e8re minute.<\/span><\/span><\/span><\/p>\n[\/vc_column_text][\/vc_column][\/vc_row]\n<\/div>","protected":false},"excerpt":{"rendered":"<p>[vc_row][vc_column][vc_column_text css=\u00a0\u00bb\u00a0\u00bb] Location de voiture \u00e0 Perivolos, Santorin Le village baln\u00e9aire de Perivolos est tr\u00e8s populaire, principalement aupr\u00e8s des jeunes, car il abrite l\u2019une des stations baln\u00e9aires les plus anim\u00e9es de l\u2019\u00eele. C\u2019est un petit village situ\u00e9 sur la c\u00f4te sud-est de Santorin, tout pr\u00e8s du village de Perissa. En r\u00e9alit\u00e9, il se trouve entre&hellip;<\/p>\n","protected":false},"author":2,"featured_media":0,"parent":0,"menu_order":0,"comment_status":"closed","ping_status":"closed","template":"templates\/no-sidebar.php","meta":{"footnotes":""},"class_list":["post-3138","page","type-page","status-publish","hentry","entry","no-media"],"yoast_head":"<!-- This site is optimized with the Yoast SEO plugin v27.2 - https:\/\/yoast.com\/product\/yoast-seo-wordpress\/ -->\n<title>Location de voiture \u00e0 Perivolos, Santorin - Carhub<\/title>\n<meta name=\"robots\" content=\"index, follow, max-snippet:-1, max-image-preview:large, max-video-preview:-1\" \/>\n<link rel=\"canonical\" href=\"https:\/\/carhub.gr\/fr\/location-de-voiture-a-perivolos-santorin\/\" \/>\n<meta property=\"og:locale\" content=\"fr_FR\" \/>\n<meta property=\"og:type\" content=\"article\" \/>\n<meta property=\"og:title\" content=\"Location de voiture \u00e0 Perivolos, Santorin - Carhub\" \/>\n<meta property=\"og:description\" content=\"[vc_row][vc_column][vc_column_text css=\u00a0\u00bb\u00a0\u00bb] Location de voiture \u00e0 Perivolos, Santorin Le village baln\u00e9aire de Perivolos est tr\u00e8s populaire, principalement aupr\u00e8s des jeunes, car il abrite l\u2019une des stations baln\u00e9aires les plus anim\u00e9es de l\u2019\u00eele. C\u2019est un petit village situ\u00e9 sur la c\u00f4te sud-est de Santorin, tout pr\u00e8s du village de Perissa. En r\u00e9alit\u00e9, il se trouve entre&hellip;\" \/>\n<meta property=\"og:url\" content=\"https:\/\/carhub.gr\/fr\/location-de-voiture-a-perivolos-santorin\/\" \/>\n<meta property=\"og:site_name\" content=\"Carhub\" \/>\n<meta property=\"article:publisher\" content=\"https:\/\/www.facebook.com\/carhub.gr\/\" \/>\n<meta property=\"article:modified_time\" content=\"2026-01-10T10:05:06+00:00\" \/>\n<meta property=\"og:image\" content=\"https:\/\/carhub.gr\/wp-content\/uploads\/2026\/01\/31131472_10156663269845649_7723170205521674240_n-300x225-1.jpg\" \/>\n\t<meta property=\"og:image:width\" content=\"300\" \/>\n\t<meta property=\"og:image:height\" content=\"225\" \/>\n\t<meta property=\"og:image:type\" content=\"image\/jpeg\" \/>\n<meta name=\"twitter:card\" content=\"summary_large_image\" \/>\n<meta name=\"twitter:label1\" content=\"Dur\u00e9e de lecture estim\u00e9e\" \/>\n\t<meta name=\"twitter:data1\" content=\"2 minutes\" \/>\n<script type=\"application\/ld+json\" class=\"yoast-schema-graph\">{\"@context\":\"https:\/\/schema.org\",\"@graph\":[{\"@type\":\"WebPage\",\"@id\":\"https:\/\/carhub.gr\/fr\/location-de-voiture-a-perivolos-santorin\/\",\"url\":\"https:\/\/carhub.gr\/fr\/location-de-voiture-a-perivolos-santorin\/\",\"name\":\"Location de voiture \u00e0 Perivolos, Santorin - Carhub\",\"isPartOf\":{\"@id\":\"https:\/\/carhub.gr\/fr\/#website\"},\"primaryImageOfPage\":{\"@id\":\"https:\/\/carhub.gr\/fr\/location-de-voiture-a-perivolos-santorin\/#primaryimage\"},\"image\":{\"@id\":\"https:\/\/carhub.gr\/fr\/location-de-voiture-a-perivolos-santorin\/#primaryimage\"},\"thumbnailUrl\":\"https:\/\/carhub.gr\/wp-content\/uploads\/2026\/01\/31131472_10156663269845649_7723170205521674240_n-300x225-1.jpg\",\"datePublished\":\"2026-01-10T10:03:26+00:00\",\"dateModified\":\"2026-01-10T10:05:06+00:00\",\"breadcrumb\":{\"@id\":\"https:\/\/carhub.gr\/fr\/location-de-voiture-a-perivolos-santorin\/#breadcrumb\"},\"inLanguage\":\"fr-FR\",\"potentialAction\":[{\"@type\":\"ReadAction\",\"target\":[\"https:\/\/carhub.gr\/fr\/location-de-voiture-a-perivolos-santorin\/\"]}]},{\"@type\":\"ImageObject\",\"inLanguage\":\"fr-FR\",\"@id\":\"https:\/\/carhub.gr\/fr\/location-de-voiture-a-perivolos-santorin\/#primaryimage\",\"url\":\"https:\/\/carhub.gr\/wp-content\/uploads\/2026\/01\/31131472_10156663269845649_7723170205521674240_n-300x225-1.jpg\",\"contentUrl\":\"https:\/\/carhub.gr\/wp-content\/uploads\/2026\/01\/31131472_10156663269845649_7723170205521674240_n-300x225-1.jpg\"},{\"@type\":\"BreadcrumbList\",\"@id\":\"https:\/\/carhub.gr\/fr\/location-de-voiture-a-perivolos-santorin\/#breadcrumb\",\"itemListElement\":[{\"@type\":\"ListItem\",\"position\":1,\"name\":\"Home\",\"item\":\"https:\/\/carhub.gr\/fr\/\"},{\"@type\":\"ListItem\",\"position\":2,\"name\":\"Location de voiture \u00e0 Perivolos, Santorin\"}]},{\"@type\":\"WebSite\",\"@id\":\"https:\/\/carhub.gr\/fr\/#website\",\"url\":\"https:\/\/carhub.gr\/fr\/\",\"name\":\"Carhub\",\"description\":\"Rent a car Santorini - Santorini Car Hire\",\"publisher\":{\"@id\":\"https:\/\/carhub.gr\/fr\/#organization\"},\"alternateName\":\"RENT A CAR SANTORINI - SANTORINI CAR RENTAL\",\"potentialAction\":[{\"@type\":\"SearchAction\",\"target\":{\"@type\":\"EntryPoint\",\"urlTemplate\":\"https:\/\/carhub.gr\/fr\/?s={search_term_string}\"},\"query-input\":{\"@type\":\"PropertyValueSpecification\",\"valueRequired\":true,\"valueName\":\"search_term_string\"}}],\"inLanguage\":\"fr-FR\"},{\"@type\":\"Organization\",\"@id\":\"https:\/\/carhub.gr\/fr\/#organization\",\"name\":\"Carhub\",\"url\":\"https:\/\/carhub.gr\/fr\/\",\"logo\":{\"@type\":\"ImageObject\",\"inLanguage\":\"fr-FR\",\"@id\":\"https:\/\/carhub.gr\/fr\/#\/schema\/logo\/image\/\",\"url\":\"https:\/\/carhub.gr\/wp-content\/uploads\/2025\/12\/logo-carhub-1.png\",\"contentUrl\":\"https:\/\/carhub.gr\/wp-content\/uploads\/2025\/12\/logo-carhub-1.png\",\"width\":182,\"height\":53,\"caption\":\"Carhub\"},\"image\":{\"@id\":\"https:\/\/carhub.gr\/fr\/#\/schema\/logo\/image\/\"},\"sameAs\":[\"https:\/\/www.facebook.com\/carhub.gr\/\"]}]}<\/script>\n<!-- \/ Yoast SEO plugin. -->","yoast_head_json":{"title":"Location de voiture \u00e0 Perivolos, Santorin - Carhub","robots":{"index":"index","follow":"follow","max-snippet":"max-snippet:-1","max-image-preview":"max-image-preview:large","max-video-preview":"max-video-preview:-1"},"canonical":"https:\/\/carhub.gr\/fr\/location-de-voiture-a-perivolos-santorin\/","og_locale":"fr_FR","og_type":"article","og_title":"Location de voiture \u00e0 Perivolos, Santorin - Carhub","og_description":"[vc_row][vc_column][vc_column_text css=\u00a0\u00bb\u00a0\u00bb] Location de voiture \u00e0 Perivolos, Santorin Le village baln\u00e9aire de Perivolos est tr\u00e8s populaire, principalement aupr\u00e8s des jeunes, car il abrite l\u2019une des stations baln\u00e9aires les plus anim\u00e9es de l\u2019\u00eele. C\u2019est un petit village situ\u00e9 sur la c\u00f4te sud-est de Santorin, tout pr\u00e8s du village de Perissa. En r\u00e9alit\u00e9, il se trouve entre&hellip;","og_url":"https:\/\/carhub.gr\/fr\/location-de-voiture-a-perivolos-santorin\/","og_site_name":"Carhub","article_publisher":"https:\/\/www.facebook.com\/carhub.gr\/","article_modified_time":"2026-01-10T10:05:06+00:00","og_image":[{"width":300,"height":225,"url":"https:\/\/carhub.gr\/wp-content\/uploads\/2026\/01\/31131472_10156663269845649_7723170205521674240_n-300x225-1.jpg","type":"image\/jpeg"}],"twitter_card":"summary_large_image","twitter_misc":{"Dur\u00e9e de lecture estim\u00e9e":"2 minutes"},"schema":{"@context":"https:\/\/schema.org","@graph":[{"@type":"WebPage","@id":"https:\/\/carhub.gr\/fr\/location-de-voiture-a-perivolos-santorin\/","url":"https:\/\/carhub.gr\/fr\/location-de-voiture-a-perivolos-santorin\/","name":"Location de voiture \u00e0 Perivolos, Santorin - Carhub","isPartOf":{"@id":"https:\/\/carhub.gr\/fr\/#website"},"primaryImageOfPage":{"@id":"https:\/\/carhub.gr\/fr\/location-de-voiture-a-perivolos-santorin\/#primaryimage"},"image":{"@id":"https:\/\/carhub.gr\/fr\/location-de-voiture-a-perivolos-santorin\/#primaryimage"},"thumbnailUrl":"https:\/\/carhub.gr\/wp-content\/uploads\/2026\/01\/31131472_10156663269845649_7723170205521674240_n-300x225-1.jpg","datePublished":"2026-01-10T10:03:26+00:00","dateModified":"2026-01-10T10:05:06+00:00","breadcrumb":{"@id":"https:\/\/carhub.gr\/fr\/location-de-voiture-a-perivolos-santorin\/#breadcrumb"},"inLanguage":"fr-FR","potentialAction":[{"@type":"ReadAction","target":["https:\/\/carhub.gr\/fr\/location-de-voiture-a-perivolos-santorin\/"]}]},{"@type":"ImageObject","inLanguage":"fr-FR","@id":"https:\/\/carhub.gr\/fr\/location-de-voiture-a-perivolos-santorin\/#primaryimage","url":"https:\/\/carhub.gr\/wp-content\/uploads\/2026\/01\/31131472_10156663269845649_7723170205521674240_n-300x225-1.jpg","contentUrl":"https:\/\/carhub.gr\/wp-content\/uploads\/2026\/01\/31131472_10156663269845649_7723170205521674240_n-300x225-1.jpg"},{"@type":"BreadcrumbList","@id":"https:\/\/carhub.gr\/fr\/location-de-voiture-a-perivolos-santorin\/#breadcrumb","itemListElement":[{"@type":"ListItem","position":1,"name":"Home","item":"https:\/\/carhub.gr\/fr\/"},{"@type":"ListItem","position":2,"name":"Location de voiture \u00e0 Perivolos, Santorin"}]},{"@type":"WebSite","@id":"https:\/\/carhub.gr\/fr\/#website","url":"https:\/\/carhub.gr\/fr\/","name":"Carhub","description":"Rent a car Santorini - Santorini Car Hire","publisher":{"@id":"https:\/\/carhub.gr\/fr\/#organization"},"alternateName":"RENT A CAR SANTORINI - SANTORINI CAR RENTAL","potentialAction":[{"@type":"SearchAction","target":{"@type":"EntryPoint","urlTemplate":"https:\/\/carhub.gr\/fr\/?s={search_term_string}"},"query-input":{"@type":"PropertyValueSpecification","valueRequired":true,"valueName":"search_term_string"}}],"inLanguage":"fr-FR"},{"@type":"Organization","@id":"https:\/\/carhub.gr\/fr\/#organization","name":"Carhub","url":"https:\/\/carhub.gr\/fr\/","logo":{"@type":"ImageObject","inLanguage":"fr-FR","@id":"https:\/\/carhub.gr\/fr\/#\/schema\/logo\/image\/","url":"https:\/\/carhub.gr\/wp-content\/uploads\/2025\/12\/logo-carhub-1.png","contentUrl":"https:\/\/carhub.gr\/wp-content\/uploads\/2025\/12\/logo-carhub-1.png","width":182,"height":53,"caption":"Carhub"},"image":{"@id":"https:\/\/carhub.gr\/fr\/#\/schema\/logo\/image\/"},"sameAs":["https:\/\/www.facebook.com\/carhub.gr\/"]}]}},"_links":{"self":[{"href":"https:\/\/carhub.gr\/fr\/wp-json\/wp\/v2\/pages\/3138","targetHints":{"allow":["GET"]}}],"collection":[{"href":"https:\/\/carhub.gr\/fr\/wp-json\/wp\/v2\/pages"}],"about":[{"href":"https:\/\/carhub.gr\/fr\/wp-json\/wp\/v2\/types\/page"}],"author":[{"embeddable":true,"href":"https:\/\/carhub.gr\/fr\/wp-json\/wp\/v2\/users\/2"}],"replies":[{"embeddable":true,"href":"https:\/\/carhub.gr\/fr\/wp-json\/wp\/v2\/comments?post=3138"}],"version-history":[{"count":1,"href":"https:\/\/carhub.gr\/fr\/wp-json\/wp\/v2\/pages\/3138\/revisions"}],"predecessor-version":[{"id":3148,"href":"https:\/\/carhub.gr\/fr\/wp-json\/wp\/v2\/pages\/3138\/revisions\/3148"}],"wp:attachment":[{"href":"https:\/\/carhub.gr\/fr\/wp-json\/wp\/v2\/media?parent=3138"}],"curies":[{"name":"wp","href":"https:\/\/api.w.org\/{rel}","templated":true}]}}