{"id":3113,"date":"2026-01-10T11:24:38","date_gmt":"2026-01-10T09:24:38","guid":{"rendered":"https:\/\/carhub.gr\/rental-car-megalochori-santorini\/"},"modified":"2026-01-10T11:33:40","modified_gmt":"2026-01-10T09:33:40","slug":"location-de-voiture-a-megalochori-santorin","status":"publish","type":"page","link":"https:\/\/carhub.gr\/fr\/location-de-voiture-a-megalochori-santorin\/","title":{"rendered":"Location de voiture \u00e0 Megalochori, Santorin"},"content":{"rendered":"<div class=\"wpb-content-wrapper\">[vc_row][vc_column][vc_column_text css=\u00a0\u00bb\u00a0\u00bb]\n<h1 class=\"western\" style=\"text-align: center;\">Location de voiture \u00e0 Megalochori, Santorin<\/h1>\n<figure id=\"attachment_3111\" aria-describedby=\"caption-attachment-3111\" style=\"width: 300px\" class=\"wp-caption aligncenter\"><img loading=\"lazy\" decoding=\"async\" class=\"size-full wp-image-3111\" src=\"https:\/\/carhub.gr\/wp-content\/uploads\/2026\/01\/31213720_10156662235745649_4065201406250844160_n-300x294-1.jpg\" alt=\"location de voiture megalochori santorin\" width=\"300\" height=\"294\" \/><figcaption id=\"caption-attachment-3111\" class=\"wp-caption-text\">location de voiture megalochori santorin<\/figcaption><\/figure>\n<p style=\"text-align: center;\"><span style=\"color: #222222;\"><span style=\"font-family: Arial, sans-serif;\"><span style=\"font-size: small;\"><b><a href=\"https:\/\/wikitravel.org\/en\/Megalochori\" target=\"_blank\" rel=\"noopener noreferrer\">Megalochori<\/a><\/b><\/span><\/span><\/span><span style=\"color: #222222;\"><span style=\"font-family: Arial, sans-serif;\"><span style=\"font-size: small;\">\u00a0est un village traditionnel tr\u00e8s calme, situ\u00e9 sur une colline orient\u00e9e \u00e0 l\u2019est, au c\u0153ur de\u00a0<\/span><\/span><\/span><a href=\"https:\/\/wikitravel.org\/en\/Santorini\"><span style=\"color: #0b0080;\"><span style=\"font-family: Arial, sans-serif;\"><span style=\"font-size: small;\">Santorin<\/span><\/span><\/span><\/a><span style=\"color: #222222;\"><span style=\"font-family: Arial, sans-serif;\"><span style=\"font-size: small;\">. Les routes se r\u00e9tr\u00e9cissent de mani\u00e8re impressionnante \u00e0 mesure que l\u2019on s\u2019approche du village, ce qui peut impressionner les passagers les plus nerveux. Il y a une place centrale avec quelques tavernes. On y trouve de nombreux lieux de d\u00e9gustation de vin et, en effet, ce village est au c\u0153ur de l\u2019industrie viticole de l\u2019\u00eele. Les vignobles entourent le village, les vignes \u00e9tant enroul\u00e9es selon la m\u00e9thode typique de Santorin.<\/span><\/span><\/span><\/p>\n<p style=\"text-align: center;\"><span style=\"color: #222222;\"><span style=\"font-family: Arial, sans-serif;\"><span style=\"font-size: small;\"> Le village pr\u00e9sente un joli m\u00e9lange de tons cr\u00e8me et blanc. Des maisons cycladiques aux portes en bois color\u00e9es et contrast\u00e9es, ainsi que plusieurs \u00e9glises blanches aux d\u00f4mes bleu vif. En approchant de la place, on aper\u00e7oit quelques clochers \u00e0 \u00e9tages au-dessus de la route. Il y a un h\u00f4tel au centre, le Vedema Resort, ainsi que quelques villas traditionnelles \u00e0 louer, dont beaucoup disposent d\u2019une piscine.<\/span><\/span><\/span><\/p>\n<h2 style=\"text-align: center;\">Location de voiture \u00e0 Megalochori, Santorin<\/h2>\n<p><span style=\"color: #000000;\"><span style=\"font-family: Arial, sans-serif;\"><span style=\"font-size: small;\">Si votre h\u00f4tel est situ\u00e9 \u00e0 Megalochori, \u00e0 Santorin, la meilleure fa\u00e7on de vous d\u00e9placer et de d\u00e9couvrir le reste de l\u2019\u00eele est de<\/span><\/span><\/span><strong><span style=\"color: #000000;\"><span style=\"font-family: Arial, sans-serif;\"><span style=\"font-size: small;\">\u00a0<\/span><\/span><\/span><\/strong><strong><span style=\"color: #000000;\"><span style=\"font-family: Arial, sans-serif;\"><span style=\"font-size: small;\"><b>louer une voiture<\/b><\/span><\/span><\/span><\/strong><span style=\"color: #000000;\"><span style=\"font-family: Arial, sans-serif;\"><span style=\"font-size: small;\">\u00a0aupr\u00e8s de\u00a0<a href=\"http:\/\/carhub.gr\/\" target=\"_blank\" rel=\"noopener noreferrer\">Carhub<\/a>. Avec une\u00a0<\/span><\/span><\/span><strong><span style=\"color: #000000;\"><span style=\"font-family: Arial, sans-serif;\"><span style=\"font-size: small;\"><b>voiture de location \u00e0 Santorin<\/b><\/span><\/span><\/span><\/strong><span style=\"color: #000000;\"><span style=\"font-family: Arial, sans-serif;\"><span style=\"font-size: small;\">\u00a0<\/span><\/span><\/span><span style=\"color: #000000;\"><span style=\"font-family: Arial, sans-serif;\"><span style=\"font-size: small;\">vous pouvez aller chaque jour aux plages, \u00e0 Fira, \u00e0 Oia et dans tous les lieux d\u2019int\u00e9r\u00eat de Santorin. Ainsi, vous pouvez profiter de l\u2019atmosph\u00e8re paisible de Megalochori et, quand vous le souhaitez, vous pouvez conduire votre\u00a0<\/span><\/span><\/span><em><span style=\"color: #000000;\"><span style=\"font-family: Arial, sans-serif;\"><span style=\"font-size: small;\">voiture de location<\/span><\/span><\/span><\/em><span style=\"color: #000000;\"><span style=\"font-family: Arial, sans-serif;\"><span style=\"font-size: small;\">\u00a0<\/span><\/span><\/span><em><span style=\"color: #000000;\"><span style=\"font-family: Arial, sans-serif;\"><span style=\"font-size: small;\">\u00e0 Santorin,<\/span><\/span><\/span><\/em><span style=\"color: #000000;\"><span style=\"font-family: Arial, sans-serif;\"><span style=\"font-size: small;\">\u00a0<\/span><\/span><\/span><span style=\"color: #000000;\"><span style=\"font-family: Arial, sans-serif;\"><span style=\"font-size: small;\">et aller dans votre restaurant pr\u00e9f\u00e9r\u00e9, dans l\u2019un des mus\u00e9es ou \u00e0 la plage. Si vous d\u00e9cidez de<\/span><\/span><\/span><strong><span style=\"color: #000000;\"><span style=\"font-family: Arial, sans-serif;\"><span style=\"font-size: small;\">\u00a0<\/span><\/span><\/span><\/strong><strong><span style=\"color: #000000;\"><span style=\"font-family: Arial, sans-serif;\"><span style=\"font-size: small;\"><b>louer une voiture<\/b><\/span><\/span><\/span><\/strong><span style=\"color: #000000;\"><span style=\"font-family: Arial, sans-serif;\"><span style=\"font-size: small;\">\u00a0<\/span><\/span><\/span><span style=\"color: #000000;\"><span style=\"font-family: Arial, sans-serif;\"><span style=\"font-size: small;\">pendant que vous \u00eates\u00a0<\/span><\/span><\/span><strong><span style=\"color: #000000;\"><span style=\"font-family: Arial, sans-serif;\"><span style=\"font-size: small;\"><b>\u00e0 Megalochori, sur l\u2019\u00eele de Santorin<\/b><\/span><\/span><\/span><\/strong><span style=\"color: #000000;\"><span style=\"font-family: Arial, sans-serif;\"><span style=\"font-size: small;\">\u00a0<\/span><\/span><\/span><span style=\"color: #000000;\"><span style=\"font-family: Arial, sans-serif;\"><span style=\"font-size: small;\">, il vous suffit de nous envoyer un email, de nous appeler ou d\u2019effectuer une r\u00e9servation en ligne, et nous livrerons gratuitement la voiture adapt\u00e9e \u00e0 vos besoins \u00e0 n\u2019importe quel h\u00f4tel de la r\u00e9gion.<\/span><\/span><\/span>[\/vc_column_text][\/vc_column][\/vc_row]\n<\/div>","protected":false},"excerpt":{"rendered":"<p>[vc_row][vc_column][vc_column_text css=\u00a0\u00bb\u00a0\u00bb] Location de voiture \u00e0 Megalochori, Santorin Megalochori\u00a0est un village traditionnel tr\u00e8s calme, situ\u00e9 sur une colline orient\u00e9e \u00e0 l\u2019est, au c\u0153ur de\u00a0Santorin. Les routes se r\u00e9tr\u00e9cissent de mani\u00e8re impressionnante \u00e0 mesure que l\u2019on s\u2019approche du village, ce qui peut impressionner les passagers les plus nerveux. Il y a une place centrale avec quelques&hellip;<\/p>\n","protected":false},"author":2,"featured_media":0,"parent":0,"menu_order":0,"comment_status":"closed","ping_status":"closed","template":"templates\/no-sidebar.php","meta":{"footnotes":""},"class_list":["post-3113","page","type-page","status-publish","hentry","entry","no-media"],"yoast_head":"<!-- This site is optimized with the Yoast SEO plugin v27.2 - https:\/\/yoast.com\/product\/yoast-seo-wordpress\/ -->\n<title>Location de voiture \u00e0 Megalochori, Santorin - Carhub<\/title>\n<meta name=\"robots\" content=\"index, follow, max-snippet:-1, max-image-preview:large, max-video-preview:-1\" \/>\n<link rel=\"canonical\" href=\"https:\/\/carhub.gr\/fr\/location-de-voiture-a-megalochori-santorin\/\" \/>\n<meta property=\"og:locale\" content=\"fr_FR\" \/>\n<meta property=\"og:type\" content=\"article\" \/>\n<meta property=\"og:title\" content=\"Location de voiture \u00e0 Megalochori, Santorin - Carhub\" \/>\n<meta property=\"og:description\" content=\"[vc_row][vc_column][vc_column_text css=\u00a0\u00bb\u00a0\u00bb] Location de voiture \u00e0 Megalochori, Santorin Megalochori\u00a0est un village traditionnel tr\u00e8s calme, situ\u00e9 sur une colline orient\u00e9e \u00e0 l\u2019est, au c\u0153ur de\u00a0Santorin. Les routes se r\u00e9tr\u00e9cissent de mani\u00e8re impressionnante \u00e0 mesure que l\u2019on s\u2019approche du village, ce qui peut impressionner les passagers les plus nerveux. Il y a une place centrale avec quelques&hellip;\" \/>\n<meta property=\"og:url\" content=\"https:\/\/carhub.gr\/fr\/location-de-voiture-a-megalochori-santorin\/\" \/>\n<meta property=\"og:site_name\" content=\"Carhub\" \/>\n<meta property=\"article:publisher\" content=\"https:\/\/www.facebook.com\/carhub.gr\/\" \/>\n<meta property=\"article:modified_time\" content=\"2026-01-10T09:33:40+00:00\" \/>\n<meta property=\"og:image\" content=\"https:\/\/carhub.gr\/wp-content\/uploads\/2026\/01\/31213720_10156662235745649_4065201406250844160_n-300x294-1.jpg\" \/>\n\t<meta property=\"og:image:width\" content=\"300\" \/>\n\t<meta property=\"og:image:height\" content=\"294\" \/>\n\t<meta property=\"og:image:type\" content=\"image\/jpeg\" \/>\n<meta name=\"twitter:card\" content=\"summary_large_image\" \/>\n<meta name=\"twitter:label1\" content=\"Dur\u00e9e de lecture estim\u00e9e\" \/>\n\t<meta name=\"twitter:data1\" content=\"2 minutes\" \/>\n<script type=\"application\/ld+json\" class=\"yoast-schema-graph\">{\"@context\":\"https:\/\/schema.org\",\"@graph\":[{\"@type\":\"WebPage\",\"@id\":\"https:\/\/carhub.gr\/fr\/location-de-voiture-a-megalochori-santorin\/\",\"url\":\"https:\/\/carhub.gr\/fr\/location-de-voiture-a-megalochori-santorin\/\",\"name\":\"Location de voiture \u00e0 Megalochori, Santorin - Carhub\",\"isPartOf\":{\"@id\":\"https:\/\/carhub.gr\/fr\/#website\"},\"primaryImageOfPage\":{\"@id\":\"https:\/\/carhub.gr\/fr\/location-de-voiture-a-megalochori-santorin\/#primaryimage\"},\"image\":{\"@id\":\"https:\/\/carhub.gr\/fr\/location-de-voiture-a-megalochori-santorin\/#primaryimage\"},\"thumbnailUrl\":\"https:\/\/carhub.gr\/wp-content\/uploads\/2026\/01\/31213720_10156662235745649_4065201406250844160_n-300x294-1.jpg\",\"datePublished\":\"2026-01-10T09:24:38+00:00\",\"dateModified\":\"2026-01-10T09:33:40+00:00\",\"breadcrumb\":{\"@id\":\"https:\/\/carhub.gr\/fr\/location-de-voiture-a-megalochori-santorin\/#breadcrumb\"},\"inLanguage\":\"fr-FR\",\"potentialAction\":[{\"@type\":\"ReadAction\",\"target\":[\"https:\/\/carhub.gr\/fr\/location-de-voiture-a-megalochori-santorin\/\"]}]},{\"@type\":\"ImageObject\",\"inLanguage\":\"fr-FR\",\"@id\":\"https:\/\/carhub.gr\/fr\/location-de-voiture-a-megalochori-santorin\/#primaryimage\",\"url\":\"https:\/\/carhub.gr\/wp-content\/uploads\/2026\/01\/31213720_10156662235745649_4065201406250844160_n-300x294-1.jpg\",\"contentUrl\":\"https:\/\/carhub.gr\/wp-content\/uploads\/2026\/01\/31213720_10156662235745649_4065201406250844160_n-300x294-1.jpg\"},{\"@type\":\"BreadcrumbList\",\"@id\":\"https:\/\/carhub.gr\/fr\/location-de-voiture-a-megalochori-santorin\/#breadcrumb\",\"itemListElement\":[{\"@type\":\"ListItem\",\"position\":1,\"name\":\"Home\",\"item\":\"https:\/\/carhub.gr\/fr\/\"},{\"@type\":\"ListItem\",\"position\":2,\"name\":\"Location de voiture \u00e0 Megalochori, Santorin\"}]},{\"@type\":\"WebSite\",\"@id\":\"https:\/\/carhub.gr\/fr\/#website\",\"url\":\"https:\/\/carhub.gr\/fr\/\",\"name\":\"Carhub\",\"description\":\"Rent a car Santorini - Santorini Car Hire\",\"publisher\":{\"@id\":\"https:\/\/carhub.gr\/fr\/#organization\"},\"alternateName\":\"RENT A CAR SANTORINI - SANTORINI CAR RENTAL\",\"potentialAction\":[{\"@type\":\"SearchAction\",\"target\":{\"@type\":\"EntryPoint\",\"urlTemplate\":\"https:\/\/carhub.gr\/fr\/?s={search_term_string}\"},\"query-input\":{\"@type\":\"PropertyValueSpecification\",\"valueRequired\":true,\"valueName\":\"search_term_string\"}}],\"inLanguage\":\"fr-FR\"},{\"@type\":\"Organization\",\"@id\":\"https:\/\/carhub.gr\/fr\/#organization\",\"name\":\"Carhub\",\"url\":\"https:\/\/carhub.gr\/fr\/\",\"logo\":{\"@type\":\"ImageObject\",\"inLanguage\":\"fr-FR\",\"@id\":\"https:\/\/carhub.gr\/fr\/#\/schema\/logo\/image\/\",\"url\":\"https:\/\/carhub.gr\/wp-content\/uploads\/2025\/12\/logo-carhub-1.png\",\"contentUrl\":\"https:\/\/carhub.gr\/wp-content\/uploads\/2025\/12\/logo-carhub-1.png\",\"width\":182,\"height\":53,\"caption\":\"Carhub\"},\"image\":{\"@id\":\"https:\/\/carhub.gr\/fr\/#\/schema\/logo\/image\/\"},\"sameAs\":[\"https:\/\/www.facebook.com\/carhub.gr\/\"]}]}<\/script>\n<!-- \/ Yoast SEO plugin. -->","yoast_head_json":{"title":"Location de voiture \u00e0 Megalochori, Santorin - Carhub","robots":{"index":"index","follow":"follow","max-snippet":"max-snippet:-1","max-image-preview":"max-image-preview:large","max-video-preview":"max-video-preview:-1"},"canonical":"https:\/\/carhub.gr\/fr\/location-de-voiture-a-megalochori-santorin\/","og_locale":"fr_FR","og_type":"article","og_title":"Location de voiture \u00e0 Megalochori, Santorin - Carhub","og_description":"[vc_row][vc_column][vc_column_text css=\u00a0\u00bb\u00a0\u00bb] Location de voiture \u00e0 Megalochori, Santorin Megalochori\u00a0est un village traditionnel tr\u00e8s calme, situ\u00e9 sur une colline orient\u00e9e \u00e0 l\u2019est, au c\u0153ur de\u00a0Santorin. Les routes se r\u00e9tr\u00e9cissent de mani\u00e8re impressionnante \u00e0 mesure que l\u2019on s\u2019approche du village, ce qui peut impressionner les passagers les plus nerveux. Il y a une place centrale avec quelques&hellip;","og_url":"https:\/\/carhub.gr\/fr\/location-de-voiture-a-megalochori-santorin\/","og_site_name":"Carhub","article_publisher":"https:\/\/www.facebook.com\/carhub.gr\/","article_modified_time":"2026-01-10T09:33:40+00:00","og_image":[{"width":300,"height":294,"url":"https:\/\/carhub.gr\/wp-content\/uploads\/2026\/01\/31213720_10156662235745649_4065201406250844160_n-300x294-1.jpg","type":"image\/jpeg"}],"twitter_card":"summary_large_image","twitter_misc":{"Dur\u00e9e de lecture estim\u00e9e":"2 minutes"},"schema":{"@context":"https:\/\/schema.org","@graph":[{"@type":"WebPage","@id":"https:\/\/carhub.gr\/fr\/location-de-voiture-a-megalochori-santorin\/","url":"https:\/\/carhub.gr\/fr\/location-de-voiture-a-megalochori-santorin\/","name":"Location de voiture \u00e0 Megalochori, Santorin - Carhub","isPartOf":{"@id":"https:\/\/carhub.gr\/fr\/#website"},"primaryImageOfPage":{"@id":"https:\/\/carhub.gr\/fr\/location-de-voiture-a-megalochori-santorin\/#primaryimage"},"image":{"@id":"https:\/\/carhub.gr\/fr\/location-de-voiture-a-megalochori-santorin\/#primaryimage"},"thumbnailUrl":"https:\/\/carhub.gr\/wp-content\/uploads\/2026\/01\/31213720_10156662235745649_4065201406250844160_n-300x294-1.jpg","datePublished":"2026-01-10T09:24:38+00:00","dateModified":"2026-01-10T09:33:40+00:00","breadcrumb":{"@id":"https:\/\/carhub.gr\/fr\/location-de-voiture-a-megalochori-santorin\/#breadcrumb"},"inLanguage":"fr-FR","potentialAction":[{"@type":"ReadAction","target":["https:\/\/carhub.gr\/fr\/location-de-voiture-a-megalochori-santorin\/"]}]},{"@type":"ImageObject","inLanguage":"fr-FR","@id":"https:\/\/carhub.gr\/fr\/location-de-voiture-a-megalochori-santorin\/#primaryimage","url":"https:\/\/carhub.gr\/wp-content\/uploads\/2026\/01\/31213720_10156662235745649_4065201406250844160_n-300x294-1.jpg","contentUrl":"https:\/\/carhub.gr\/wp-content\/uploads\/2026\/01\/31213720_10156662235745649_4065201406250844160_n-300x294-1.jpg"},{"@type":"BreadcrumbList","@id":"https:\/\/carhub.gr\/fr\/location-de-voiture-a-megalochori-santorin\/#breadcrumb","itemListElement":[{"@type":"ListItem","position":1,"name":"Home","item":"https:\/\/carhub.gr\/fr\/"},{"@type":"ListItem","position":2,"name":"Location de voiture \u00e0 Megalochori, Santorin"}]},{"@type":"WebSite","@id":"https:\/\/carhub.gr\/fr\/#website","url":"https:\/\/carhub.gr\/fr\/","name":"Carhub","description":"Rent a car Santorini - Santorini Car Hire","publisher":{"@id":"https:\/\/carhub.gr\/fr\/#organization"},"alternateName":"RENT A CAR SANTORINI - SANTORINI CAR RENTAL","potentialAction":[{"@type":"SearchAction","target":{"@type":"EntryPoint","urlTemplate":"https:\/\/carhub.gr\/fr\/?s={search_term_string}"},"query-input":{"@type":"PropertyValueSpecification","valueRequired":true,"valueName":"search_term_string"}}],"inLanguage":"fr-FR"},{"@type":"Organization","@id":"https:\/\/carhub.gr\/fr\/#organization","name":"Carhub","url":"https:\/\/carhub.gr\/fr\/","logo":{"@type":"ImageObject","inLanguage":"fr-FR","@id":"https:\/\/carhub.gr\/fr\/#\/schema\/logo\/image\/","url":"https:\/\/carhub.gr\/wp-content\/uploads\/2025\/12\/logo-carhub-1.png","contentUrl":"https:\/\/carhub.gr\/wp-content\/uploads\/2025\/12\/logo-carhub-1.png","width":182,"height":53,"caption":"Carhub"},"image":{"@id":"https:\/\/carhub.gr\/fr\/#\/schema\/logo\/image\/"},"sameAs":["https:\/\/www.facebook.com\/carhub.gr\/"]}]}},"_links":{"self":[{"href":"https:\/\/carhub.gr\/fr\/wp-json\/wp\/v2\/pages\/3113","targetHints":{"allow":["GET"]}}],"collection":[{"href":"https:\/\/carhub.gr\/fr\/wp-json\/wp\/v2\/pages"}],"about":[{"href":"https:\/\/carhub.gr\/fr\/wp-json\/wp\/v2\/types\/page"}],"author":[{"embeddable":true,"href":"https:\/\/carhub.gr\/fr\/wp-json\/wp\/v2\/users\/2"}],"replies":[{"embeddable":true,"href":"https:\/\/carhub.gr\/fr\/wp-json\/wp\/v2\/comments?post=3113"}],"version-history":[{"count":3,"href":"https:\/\/carhub.gr\/fr\/wp-json\/wp\/v2\/pages\/3113\/revisions"}],"predecessor-version":[{"id":3125,"href":"https:\/\/carhub.gr\/fr\/wp-json\/wp\/v2\/pages\/3113\/revisions\/3125"}],"wp:attachment":[{"href":"https:\/\/carhub.gr\/fr\/wp-json\/wp\/v2\/media?parent=3113"}],"curies":[{"name":"wp","href":"https:\/\/api.w.org\/{rel}","templated":true}]}}