{"id":3058,"date":"2026-01-09T17:23:56","date_gmt":"2026-01-09T15:23:56","guid":{"rendered":"https:\/\/carhub.gr\/rental-cars-imerovigli-santorini\/"},"modified":"2026-01-09T17:26:30","modified_gmt":"2026-01-09T15:26:30","slug":"location-de-voitures-imerovigli-santorin","status":"publish","type":"page","link":"https:\/\/carhub.gr\/fr\/location-de-voitures-imerovigli-santorin\/","title":{"rendered":"Location de voitures Imerovigli Santorin"},"content":{"rendered":"<div class=\"wpb-content-wrapper\">[vc_row][vc_column][vc_column_text css=\u00a0\u00bb\u00a0\u00bb]\n<h1 class=\"western\" style=\"text-align: center;\">Location de voitures Imerovigli Santorin<\/h1>\n<figure id=\"attachment_3055\" aria-describedby=\"caption-attachment-3055\" style=\"width: 300px\" class=\"wp-caption aligncenter\"><img loading=\"lazy\" decoding=\"async\" class=\"wp-image-3055 size-full\" src=\"https:\/\/carhub.gr\/wp-content\/uploads\/2026\/01\/30704289_10156650808885649_8146171741979279360_n-300x295-1.jpg\" alt=\"Location de voiture Imerovigli Santorin\" width=\"300\" height=\"295\" \/><figcaption id=\"caption-attachment-3055\" class=\"wp-caption-text\">(Image de la location de voitures \u00e0 Imerovigli, Santorin)<\/figcaption><\/figure>\n<p style=\"text-align: center;\"><span style=\"font-family: Arial, sans-serif;\"><span style=\"font-size: small;\"><span style=\"color: #444444;\">Tout d\u2019abord, <a href=\"https:\/\/www.greeka.com\/cyclades\/santorini\/santorini-villages\/santorini-imerovigli.htm\" target=\"_blank\" rel=\"noopener noreferrer\">Imerovigli<\/a> est un village pittoresque situ\u00e9 au nord de Santorin, \u00e0 seulement 2 km de la capitale, Fira. Il constitue une extension de Fira et l\u2019un des plus beaux balcons de l\u2019\u00eele. Le nom Imerovigli provient du mot \u00ab vigla \u00bb, qui signifie point d\u2019observation. Ainsi, l\u2019emplacement du village offre une vue d\u00e9gag\u00e9e sur la caldeira et, autrefois, permettait aux habitants d\u2019apercevoir l\u2019arriv\u00e9e des navires pirates. Aujourd\u2019hui, Imerovigli est l\u2019un des villages traditionnels officiellement reconnus.<\/span><\/span><\/span><span style=\"color: #000000;\"><span style=\"font-family: Arial, sans-serif;\"><span style=\"font-size: small;\"> Les h\u00f4tels et les maisons traditionnelles y sont donc nombreux.<\/span><\/span><\/span><\/p>\n<p style=\"text-align: center;\"><span style=\"color: #000000;\"><span style=\"font-family: Arial, sans-serif;\"><span style=\"font-size: small;\">On y trouve \u00e9galement de nombreuses tavernes et caf\u00e9s offrant des vues imprenables sur la caldeira. Face \u00e0 Imerovigli se dresse un \u00e9norme rocher appel\u00e9 Skaros, au sommet duquel se trouvait un ch\u00e2teau construit au XIIIe si\u00e8cle et abandonn\u00e9 au d\u00e9but des ann\u00e9es 1800. Ce ch\u00e2teau abritait tous les bureaux administratifs de l\u2019\u00eele.<\/span><\/span><\/span><span style=\"color: #000000;\"><span style=\"font-family: Arial, sans-serif;\"><span style=\"font-size: small;\">Cette partie de l\u2019\u00eele s\u2019est effondr\u00e9e apr\u00e8s un tremblement de terre et aujourd\u2019hui seule subsiste l\u2019imposante colline de Skaros. Imerovigli compte de nombreuses chapelles et \u00e9glises construites sur les rochers surplombant la mer bleue. Le village est r\u00e9put\u00e9 comme une destination romantique par excellence.<\/span><\/span><\/span><\/p>\n<h2 style=\"text-align: center;\">Location de voitures Imerovigli Santorin<\/h2>\n<p style=\"text-align: center;\"><span style=\"font-family: Arial, sans-serif;\"><span style=\"font-size: small;\"><span style=\"color: #000000;\">De plus,<\/span><strong><span style=\"color: #000000;\"> <a href=\"http:\/\/carhub.gr\/\">louer une voiture<\/a><\/span><\/strong> <span style=\"color: #000000;\">si vous s\u00e9journez dans cette r\u00e9gion est une excellente id\u00e9e, car cela vous offre la libert\u00e9 d\u2019explorer l\u2019\u00eele unique de Santorin. Vous pourrez prendre votre <\/span><strong><span style=\"color: #000000;\"><b>voiture de location \u00e0 Imerovigli, Santorin<\/b><\/span><\/strong> <span style=\"color: #000000;\">et vous rendre sur les plages de l\u2019\u00eele, aller dans votre restaurant pr\u00e9f\u00e9r\u00e9 ou visiter l\u2019un des nombreux sites arch\u00e9ologiques. Avoir votre<\/span> <em><span style=\"color: #000000;\">voiture de location \u00e0 Imerovigli, Santorin<\/span><\/em> <span style=\"color: #000000;\">est tr\u00e8s simple, car nous livrons le v\u00e9hicule de votre choix dans n\u2019importe quel h\u00f4tel de la r\u00e9gion, sans frais suppl\u00e9mentaires. Enfin, la restitution du v\u00e9hicule au m\u00eame endroit est \u00e9galement gratuite.<\/span> <\/span><\/span><\/p>\n[\/vc_column_text][\/vc_column][\/vc_row]\n<\/div>","protected":false},"excerpt":{"rendered":"<p>[vc_row][vc_column][vc_column_text css=\u00a0\u00bb\u00a0\u00bb] Location de voitures Imerovigli Santorin Tout d\u2019abord, Imerovigli est un village pittoresque situ\u00e9 au nord de Santorin, \u00e0 seulement 2 km de la capitale, Fira. Il constitue une extension de Fira et l\u2019un des plus beaux balcons de l\u2019\u00eele. Le nom Imerovigli provient du mot \u00ab vigla \u00bb, qui signifie point d\u2019observation. Ainsi,&hellip;<\/p>\n","protected":false},"author":2,"featured_media":0,"parent":0,"menu_order":0,"comment_status":"closed","ping_status":"closed","template":"templates\/no-sidebar.php","meta":{"footnotes":""},"class_list":["post-3058","page","type-page","status-publish","hentry","entry","no-media"],"yoast_head":"<!-- This site is optimized with the Yoast SEO plugin v27.2 - https:\/\/yoast.com\/product\/yoast-seo-wordpress\/ -->\n<title>Location de voitures Imerovigli Santorin - Carhub<\/title>\n<meta name=\"robots\" content=\"index, follow, max-snippet:-1, max-image-preview:large, max-video-preview:-1\" \/>\n<link rel=\"canonical\" href=\"https:\/\/carhub.gr\/fr\/location-de-voitures-imerovigli-santorin\/\" \/>\n<meta property=\"og:locale\" content=\"fr_FR\" \/>\n<meta property=\"og:type\" content=\"article\" \/>\n<meta property=\"og:title\" content=\"Location de voitures Imerovigli Santorin - Carhub\" \/>\n<meta property=\"og:description\" content=\"[vc_row][vc_column][vc_column_text css=\u00a0\u00bb\u00a0\u00bb] Location de voitures Imerovigli Santorin Tout d\u2019abord, Imerovigli est un village pittoresque situ\u00e9 au nord de Santorin, \u00e0 seulement 2 km de la capitale, Fira. Il constitue une extension de Fira et l\u2019un des plus beaux balcons de l\u2019\u00eele. Le nom Imerovigli provient du mot \u00ab vigla \u00bb, qui signifie point d\u2019observation. Ainsi,&hellip;\" \/>\n<meta property=\"og:url\" content=\"https:\/\/carhub.gr\/fr\/location-de-voitures-imerovigli-santorin\/\" \/>\n<meta property=\"og:site_name\" content=\"Carhub\" \/>\n<meta property=\"article:publisher\" content=\"https:\/\/www.facebook.com\/carhub.gr\/\" \/>\n<meta property=\"article:modified_time\" content=\"2026-01-09T15:26:30+00:00\" \/>\n<meta property=\"og:image\" content=\"https:\/\/carhub.gr\/wp-content\/uploads\/2026\/01\/30704289_10156650808885649_8146171741979279360_n-300x295-1.jpg\" \/>\n\t<meta property=\"og:image:width\" content=\"300\" \/>\n\t<meta property=\"og:image:height\" content=\"295\" \/>\n\t<meta property=\"og:image:type\" content=\"image\/jpeg\" \/>\n<meta name=\"twitter:card\" content=\"summary_large_image\" \/>\n<meta name=\"twitter:label1\" content=\"Dur\u00e9e de lecture estim\u00e9e\" \/>\n\t<meta name=\"twitter:data1\" content=\"2 minutes\" \/>\n<script type=\"application\/ld+json\" class=\"yoast-schema-graph\">{\"@context\":\"https:\/\/schema.org\",\"@graph\":[{\"@type\":\"WebPage\",\"@id\":\"https:\/\/carhub.gr\/fr\/location-de-voitures-imerovigli-santorin\/\",\"url\":\"https:\/\/carhub.gr\/fr\/location-de-voitures-imerovigli-santorin\/\",\"name\":\"Location de voitures Imerovigli Santorin - Carhub\",\"isPartOf\":{\"@id\":\"https:\/\/carhub.gr\/fr\/#website\"},\"primaryImageOfPage\":{\"@id\":\"https:\/\/carhub.gr\/fr\/location-de-voitures-imerovigli-santorin\/#primaryimage\"},\"image\":{\"@id\":\"https:\/\/carhub.gr\/fr\/location-de-voitures-imerovigli-santorin\/#primaryimage\"},\"thumbnailUrl\":\"https:\/\/carhub.gr\/wp-content\/uploads\/2026\/01\/30704289_10156650808885649_8146171741979279360_n-300x295-1.jpg\",\"datePublished\":\"2026-01-09T15:23:56+00:00\",\"dateModified\":\"2026-01-09T15:26:30+00:00\",\"breadcrumb\":{\"@id\":\"https:\/\/carhub.gr\/fr\/location-de-voitures-imerovigli-santorin\/#breadcrumb\"},\"inLanguage\":\"fr-FR\",\"potentialAction\":[{\"@type\":\"ReadAction\",\"target\":[\"https:\/\/carhub.gr\/fr\/location-de-voitures-imerovigli-santorin\/\"]}]},{\"@type\":\"ImageObject\",\"inLanguage\":\"fr-FR\",\"@id\":\"https:\/\/carhub.gr\/fr\/location-de-voitures-imerovigli-santorin\/#primaryimage\",\"url\":\"https:\/\/carhub.gr\/wp-content\/uploads\/2026\/01\/30704289_10156650808885649_8146171741979279360_n-300x295-1.jpg\",\"contentUrl\":\"https:\/\/carhub.gr\/wp-content\/uploads\/2026\/01\/30704289_10156650808885649_8146171741979279360_n-300x295-1.jpg\"},{\"@type\":\"BreadcrumbList\",\"@id\":\"https:\/\/carhub.gr\/fr\/location-de-voitures-imerovigli-santorin\/#breadcrumb\",\"itemListElement\":[{\"@type\":\"ListItem\",\"position\":1,\"name\":\"Home\",\"item\":\"https:\/\/carhub.gr\/fr\/\"},{\"@type\":\"ListItem\",\"position\":2,\"name\":\"Location de voitures Imerovigli Santorin\"}]},{\"@type\":\"WebSite\",\"@id\":\"https:\/\/carhub.gr\/fr\/#website\",\"url\":\"https:\/\/carhub.gr\/fr\/\",\"name\":\"Carhub\",\"description\":\"Rent a car Santorini - Santorini Car Hire\",\"publisher\":{\"@id\":\"https:\/\/carhub.gr\/fr\/#organization\"},\"alternateName\":\"RENT A CAR SANTORINI - SANTORINI CAR RENTAL\",\"potentialAction\":[{\"@type\":\"SearchAction\",\"target\":{\"@type\":\"EntryPoint\",\"urlTemplate\":\"https:\/\/carhub.gr\/fr\/?s={search_term_string}\"},\"query-input\":{\"@type\":\"PropertyValueSpecification\",\"valueRequired\":true,\"valueName\":\"search_term_string\"}}],\"inLanguage\":\"fr-FR\"},{\"@type\":\"Organization\",\"@id\":\"https:\/\/carhub.gr\/fr\/#organization\",\"name\":\"Carhub\",\"url\":\"https:\/\/carhub.gr\/fr\/\",\"logo\":{\"@type\":\"ImageObject\",\"inLanguage\":\"fr-FR\",\"@id\":\"https:\/\/carhub.gr\/fr\/#\/schema\/logo\/image\/\",\"url\":\"https:\/\/carhub.gr\/wp-content\/uploads\/2025\/12\/logo-carhub-1.png\",\"contentUrl\":\"https:\/\/carhub.gr\/wp-content\/uploads\/2025\/12\/logo-carhub-1.png\",\"width\":182,\"height\":53,\"caption\":\"Carhub\"},\"image\":{\"@id\":\"https:\/\/carhub.gr\/fr\/#\/schema\/logo\/image\/\"},\"sameAs\":[\"https:\/\/www.facebook.com\/carhub.gr\/\"]}]}<\/script>\n<!-- \/ Yoast SEO plugin. -->","yoast_head_json":{"title":"Location de voitures Imerovigli Santorin - Carhub","robots":{"index":"index","follow":"follow","max-snippet":"max-snippet:-1","max-image-preview":"max-image-preview:large","max-video-preview":"max-video-preview:-1"},"canonical":"https:\/\/carhub.gr\/fr\/location-de-voitures-imerovigli-santorin\/","og_locale":"fr_FR","og_type":"article","og_title":"Location de voitures Imerovigli Santorin - Carhub","og_description":"[vc_row][vc_column][vc_column_text css=\u00a0\u00bb\u00a0\u00bb] Location de voitures Imerovigli Santorin Tout d\u2019abord, Imerovigli est un village pittoresque situ\u00e9 au nord de Santorin, \u00e0 seulement 2 km de la capitale, Fira. Il constitue une extension de Fira et l\u2019un des plus beaux balcons de l\u2019\u00eele. Le nom Imerovigli provient du mot \u00ab vigla \u00bb, qui signifie point d\u2019observation. Ainsi,&hellip;","og_url":"https:\/\/carhub.gr\/fr\/location-de-voitures-imerovigli-santorin\/","og_site_name":"Carhub","article_publisher":"https:\/\/www.facebook.com\/carhub.gr\/","article_modified_time":"2026-01-09T15:26:30+00:00","og_image":[{"width":300,"height":295,"url":"https:\/\/carhub.gr\/wp-content\/uploads\/2026\/01\/30704289_10156650808885649_8146171741979279360_n-300x295-1.jpg","type":"image\/jpeg"}],"twitter_card":"summary_large_image","twitter_misc":{"Dur\u00e9e de lecture estim\u00e9e":"2 minutes"},"schema":{"@context":"https:\/\/schema.org","@graph":[{"@type":"WebPage","@id":"https:\/\/carhub.gr\/fr\/location-de-voitures-imerovigli-santorin\/","url":"https:\/\/carhub.gr\/fr\/location-de-voitures-imerovigli-santorin\/","name":"Location de voitures Imerovigli Santorin - Carhub","isPartOf":{"@id":"https:\/\/carhub.gr\/fr\/#website"},"primaryImageOfPage":{"@id":"https:\/\/carhub.gr\/fr\/location-de-voitures-imerovigli-santorin\/#primaryimage"},"image":{"@id":"https:\/\/carhub.gr\/fr\/location-de-voitures-imerovigli-santorin\/#primaryimage"},"thumbnailUrl":"https:\/\/carhub.gr\/wp-content\/uploads\/2026\/01\/30704289_10156650808885649_8146171741979279360_n-300x295-1.jpg","datePublished":"2026-01-09T15:23:56+00:00","dateModified":"2026-01-09T15:26:30+00:00","breadcrumb":{"@id":"https:\/\/carhub.gr\/fr\/location-de-voitures-imerovigli-santorin\/#breadcrumb"},"inLanguage":"fr-FR","potentialAction":[{"@type":"ReadAction","target":["https:\/\/carhub.gr\/fr\/location-de-voitures-imerovigli-santorin\/"]}]},{"@type":"ImageObject","inLanguage":"fr-FR","@id":"https:\/\/carhub.gr\/fr\/location-de-voitures-imerovigli-santorin\/#primaryimage","url":"https:\/\/carhub.gr\/wp-content\/uploads\/2026\/01\/30704289_10156650808885649_8146171741979279360_n-300x295-1.jpg","contentUrl":"https:\/\/carhub.gr\/wp-content\/uploads\/2026\/01\/30704289_10156650808885649_8146171741979279360_n-300x295-1.jpg"},{"@type":"BreadcrumbList","@id":"https:\/\/carhub.gr\/fr\/location-de-voitures-imerovigli-santorin\/#breadcrumb","itemListElement":[{"@type":"ListItem","position":1,"name":"Home","item":"https:\/\/carhub.gr\/fr\/"},{"@type":"ListItem","position":2,"name":"Location de voitures Imerovigli Santorin"}]},{"@type":"WebSite","@id":"https:\/\/carhub.gr\/fr\/#website","url":"https:\/\/carhub.gr\/fr\/","name":"Carhub","description":"Rent a car Santorini - Santorini Car Hire","publisher":{"@id":"https:\/\/carhub.gr\/fr\/#organization"},"alternateName":"RENT A CAR SANTORINI - SANTORINI CAR RENTAL","potentialAction":[{"@type":"SearchAction","target":{"@type":"EntryPoint","urlTemplate":"https:\/\/carhub.gr\/fr\/?s={search_term_string}"},"query-input":{"@type":"PropertyValueSpecification","valueRequired":true,"valueName":"search_term_string"}}],"inLanguage":"fr-FR"},{"@type":"Organization","@id":"https:\/\/carhub.gr\/fr\/#organization","name":"Carhub","url":"https:\/\/carhub.gr\/fr\/","logo":{"@type":"ImageObject","inLanguage":"fr-FR","@id":"https:\/\/carhub.gr\/fr\/#\/schema\/logo\/image\/","url":"https:\/\/carhub.gr\/wp-content\/uploads\/2025\/12\/logo-carhub-1.png","contentUrl":"https:\/\/carhub.gr\/wp-content\/uploads\/2025\/12\/logo-carhub-1.png","width":182,"height":53,"caption":"Carhub"},"image":{"@id":"https:\/\/carhub.gr\/fr\/#\/schema\/logo\/image\/"},"sameAs":["https:\/\/www.facebook.com\/carhub.gr\/"]}]}},"_links":{"self":[{"href":"https:\/\/carhub.gr\/fr\/wp-json\/wp\/v2\/pages\/3058","targetHints":{"allow":["GET"]}}],"collection":[{"href":"https:\/\/carhub.gr\/fr\/wp-json\/wp\/v2\/pages"}],"about":[{"href":"https:\/\/carhub.gr\/fr\/wp-json\/wp\/v2\/types\/page"}],"author":[{"embeddable":true,"href":"https:\/\/carhub.gr\/fr\/wp-json\/wp\/v2\/users\/2"}],"replies":[{"embeddable":true,"href":"https:\/\/carhub.gr\/fr\/wp-json\/wp\/v2\/comments?post=3058"}],"version-history":[{"count":1,"href":"https:\/\/carhub.gr\/fr\/wp-json\/wp\/v2\/pages\/3058\/revisions"}],"predecessor-version":[{"id":3068,"href":"https:\/\/carhub.gr\/fr\/wp-json\/wp\/v2\/pages\/3058\/revisions\/3068"}],"wp:attachment":[{"href":"https:\/\/carhub.gr\/fr\/wp-json\/wp\/v2\/media?parent=3058"}],"curies":[{"name":"wp","href":"https:\/\/api.w.org\/{rel}","templated":true}]}}