{"id":3038,"date":"2026-01-09T17:09:10","date_gmt":"2026-01-09T15:09:10","guid":{"rendered":"https:\/\/carhub.gr\/rental-cars-firostefani-santorini\/"},"modified":"2026-01-09T17:11:38","modified_gmt":"2026-01-09T15:11:38","slug":"location-de-voitures-firostefani-santorin","status":"publish","type":"page","link":"https:\/\/carhub.gr\/fr\/location-de-voitures-firostefani-santorin\/","title":{"rendered":"Location de voitures Firostefani Santorin"},"content":{"rendered":"<div class=\"wpb-content-wrapper\">[vc_row][vc_column][vc_column_text css=\u00a0\u00bb\u00a0\u00bb]\n<h1 class=\"western\" style=\"text-align: center;\">Location de voitures Firostefani Santorin<\/h1>\n<figure id=\"attachment_3036\" aria-describedby=\"caption-attachment-3036\" style=\"width: 209px\" class=\"wp-caption aligncenter\"><a href=\"https:\/\/www.greeka.com\/cyclades\/santorini\/santorini-villages\/santorini-firostefani.htm\" target=\"_blank\" rel=\"noopener noreferrer\"><img loading=\"lazy\" decoding=\"async\" class=\"wp-image-3036 size-full\" src=\"https:\/\/carhub.gr\/wp-content\/uploads\/2026\/01\/29244012_10156551096220649_2715891040270680064_n-209x300-1.jpg\" alt=\"Location de voitures Firostefani Santorin\" width=\"209\" height=\"300\" \/><\/a><figcaption id=\"caption-attachment-3036\" class=\"wp-caption-text\">(Image de la location de voitures \u00e0 Firostefani, Santorin)<\/figcaption><\/figure>\n<p><span style=\"font-family: Arial, sans-serif;\"><span style=\"font-size: small;\"><span style=\"color: #000000;\"><a href=\"https:\/\/www.greeka.com\/cyclades\/santorini\/santorini-villages\/santorini-firostefani.htm\" target=\"_blank\" rel=\"noopener noreferrer\">Firostefani<\/a> est consid\u00e9r\u00e9 comme un village \u00e0 part enti\u00e8re, en r\u00e9alit\u00e9 une extension de Fira, la magnifique capitale de Santorin. Le nom \u00ab Firostefani \u00bb (Fira + Stefani, qui signifie couronne en grec) provient de sa position sur la partie la plus \u00e9lev\u00e9e de Fira. Sa situation privil\u00e9gi\u00e9e sur la caldeira, dans la partie nord de l\u2019\u00eele, en fait un site remarquable.<\/span><\/span><\/span><span style=\"font-family: Arial, sans-serif;\"><span style=\"font-size: small;\"><span style=\"color: #000000;\">Depuis ce point, la \u00ab couronne \u00bb de Fira, la vue est tout simplement magnifique et offre aux visiteurs une perspective diff\u00e9rente sur le volcan. La beaut\u00e9 sauvage de la caldeira, associ\u00e9e \u00e0 la vue sur le volcan, compose un paysage saisissant.<\/span><\/span><\/span><\/p>\n<p><span style=\"font-family: Arial, sans-serif;\"><span style=\"font-size: small;\"><span style=\"color: #000000;\">Une promenade dans les ruelles \u00e9troites et pittoresques vous remplira de joie. Passez de longues heures \u00e0 admirer la vue, surtout au coucher du soleil. Bien s\u00fbr, la nuit venue, le village peut \u00e0 nouveau vous \u00e9merveiller : les lumi\u00e8res lui donnent l\u2019apparence d\u2019un tableau. Le village compte de nombreux restaurants et caf\u00e9s situ\u00e9s dans des emplacements exceptionnels. Entre les villages de Firostefani et d\u2019Imerovigli se trouve le monast\u00e8re d\u2019Agios Nikolaos.<\/span><\/span><\/span><\/p>\n<h3 style=\"text-align: center;\">Location de voitures Firostefani Santorin<\/h3>\n<p style=\"text-align: center;\"><span style=\"color: #000000;\"><span style=\"font-family: Arial, sans-serif;\"><span style=\"font-size: small;\">Enfin, faites livrer ou r\u00e9cup\u00e9rer votre<\/span><\/span><\/span><strong><span style=\"color: #000000;\"><span style=\"font-family: Arial, sans-serif;\"><span style=\"font-size: small;\"><b> <a href=\"http:\/\/carhub.gr\/\">voiture de location<\/a><\/b><\/span><\/span><\/span><\/strong> <span style=\"color: #000000;\"><span style=\"font-family: Arial, sans-serif;\"><span style=\"font-size: small;\">\u00e0 <\/span><\/span><\/span><strong><span style=\"color: #000000;\"><span style=\"font-family: Arial, sans-serif;\"><span style=\"font-size: small;\"><b>Firostefani \u00e0 Santorin<\/b><\/span><\/span><\/span><\/strong><span style=\"color: #000000;\"><span style=\"font-family: Arial, sans-serif;\"><span style=\"font-size: small;\">, sans frais suppl\u00e9mentaires. La plupart des h\u00f4tels de Firostefani sont construits sur les falaises ; ainsi, lorsque vous <\/span><\/span><\/span><strong><span style=\"color: #000000;\"><span style=\"font-family: Arial, sans-serif;\"><span style=\"font-size: small;\"><b>louez<\/b><\/span><\/span><\/span><\/strong> <span style=\"color: #000000;\"><span style=\"font-family: Arial, sans-serif;\"><span style=\"font-size: small;\">votre <\/span><\/span><\/span><strong><span style=\"color: #000000;\"><span style=\"font-family: Arial, sans-serif;\"><span style=\"font-size: small;\"><b>voiture<\/b><\/span><\/span><\/span><\/strong> <span style=\"color: #000000;\"><span style=\"font-family: Arial, sans-serif;\"><span style=\"font-size: small;\">\u00e0 <\/span><\/span><\/span><strong><span style=\"color: #000000;\"><span style=\"font-family: Arial, sans-serif;\"><span style=\"font-size: small;\"><b>Firostefani<\/b><\/span><\/span><\/span><\/strong> <span style=\"color: #000000;\"><span style=\"font-family: Arial, sans-serif;\"><span style=\"font-size: small;\">\u00e0 <\/span><\/span><\/span><strong><span style=\"color: #000000;\"><span style=\"font-family: Arial, sans-serif;\"><span style=\"font-size: small;\"><b>Santorin<\/b><\/span><\/span><\/span><\/strong><span style=\"color: #000000;\"><span style=\"font-family: Arial, sans-serif;\"><span style=\"font-size: small;\">, vous pouvez la garer dans l\u2019un des nombreux parkings gratuits, id\u00e9alement situ\u00e9s \u00e0 quelques pas seulement des h\u00f4tels de la caldeira. Notre \u00e9quipe peut \u00e9galement vous retrouver \u00e0 la r\u00e9ception de votre h\u00f4tel, si cela vous convient mieux, et vous remettre votre <\/span><\/span><\/span><em><span style=\"color: #000000;\"><span style=\"font-family: Arial, sans-serif;\"><span style=\"font-size: small;\">voiture de location<\/span><\/span><\/span><\/em><span style=\"color: #000000;\">. <\/span><span style=\"color: #000000;\"><span style=\"font-family: Arial, sans-serif;\"><span style=\"font-size: small;\">Ainsi, si vous souhaitez explorer l\u2019\u00eele, il vous suffit de nous appeler, de nous envoyer un e-mail ou de r\u00e9server via notre site web, et nous ferons livrer pour vous la voiture de votre choix \u00e0 Firostefani.<\/span><\/span><\/span><\/p>\n[\/vc_column_text][\/vc_column][\/vc_row]\n<\/div>","protected":false},"excerpt":{"rendered":"<p>[vc_row][vc_column][vc_column_text css=\u00a0\u00bb\u00a0\u00bb] Location de voitures Firostefani Santorin Firostefani est consid\u00e9r\u00e9 comme un village \u00e0 part enti\u00e8re, en r\u00e9alit\u00e9 une extension de Fira, la magnifique capitale de Santorin. Le nom \u00ab Firostefani \u00bb (Fira + Stefani, qui signifie couronne en grec) provient de sa position sur la partie la plus \u00e9lev\u00e9e de Fira. Sa situation privil\u00e9gi\u00e9e&hellip;<\/p>\n","protected":false},"author":2,"featured_media":0,"parent":0,"menu_order":0,"comment_status":"closed","ping_status":"closed","template":"templates\/no-sidebar.php","meta":{"footnotes":""},"class_list":["post-3038","page","type-page","status-publish","hentry","entry","no-media"],"yoast_head":"<!-- This site is optimized with the Yoast SEO plugin v27.2 - https:\/\/yoast.com\/product\/yoast-seo-wordpress\/ -->\n<title>Location de voitures Firostefani Santorin - Carhub<\/title>\n<meta name=\"robots\" content=\"index, follow, max-snippet:-1, max-image-preview:large, max-video-preview:-1\" \/>\n<link rel=\"canonical\" href=\"https:\/\/carhub.gr\/fr\/location-de-voitures-firostefani-santorin\/\" \/>\n<meta property=\"og:locale\" content=\"fr_FR\" \/>\n<meta property=\"og:type\" content=\"article\" \/>\n<meta property=\"og:title\" content=\"Location de voitures Firostefani Santorin - Carhub\" \/>\n<meta property=\"og:description\" content=\"[vc_row][vc_column][vc_column_text css=\u00a0\u00bb\u00a0\u00bb] Location de voitures Firostefani Santorin Firostefani est consid\u00e9r\u00e9 comme un village \u00e0 part enti\u00e8re, en r\u00e9alit\u00e9 une extension de Fira, la magnifique capitale de Santorin. Le nom \u00ab Firostefani \u00bb (Fira + Stefani, qui signifie couronne en grec) provient de sa position sur la partie la plus \u00e9lev\u00e9e de Fira. Sa situation privil\u00e9gi\u00e9e&hellip;\" \/>\n<meta property=\"og:url\" content=\"https:\/\/carhub.gr\/fr\/location-de-voitures-firostefani-santorin\/\" \/>\n<meta property=\"og:site_name\" content=\"Carhub\" \/>\n<meta property=\"article:publisher\" content=\"https:\/\/www.facebook.com\/carhub.gr\/\" \/>\n<meta property=\"article:modified_time\" content=\"2026-01-09T15:11:38+00:00\" \/>\n<meta property=\"og:image\" content=\"https:\/\/carhub.gr\/wp-content\/uploads\/2026\/01\/29244012_10156551096220649_2715891040270680064_n-209x300-1.jpg\" \/>\n\t<meta property=\"og:image:width\" content=\"209\" \/>\n\t<meta property=\"og:image:height\" content=\"300\" \/>\n\t<meta property=\"og:image:type\" content=\"image\/jpeg\" \/>\n<meta name=\"twitter:card\" content=\"summary_large_image\" \/>\n<meta name=\"twitter:label1\" content=\"Dur\u00e9e de lecture estim\u00e9e\" \/>\n\t<meta name=\"twitter:data1\" content=\"2 minutes\" \/>\n<script type=\"application\/ld+json\" class=\"yoast-schema-graph\">{\"@context\":\"https:\/\/schema.org\",\"@graph\":[{\"@type\":\"WebPage\",\"@id\":\"https:\/\/carhub.gr\/fr\/location-de-voitures-firostefani-santorin\/\",\"url\":\"https:\/\/carhub.gr\/fr\/location-de-voitures-firostefani-santorin\/\",\"name\":\"Location de voitures Firostefani Santorin - Carhub\",\"isPartOf\":{\"@id\":\"https:\/\/carhub.gr\/fr\/#website\"},\"primaryImageOfPage\":{\"@id\":\"https:\/\/carhub.gr\/fr\/location-de-voitures-firostefani-santorin\/#primaryimage\"},\"image\":{\"@id\":\"https:\/\/carhub.gr\/fr\/location-de-voitures-firostefani-santorin\/#primaryimage\"},\"thumbnailUrl\":\"https:\/\/carhub.gr\/wp-content\/uploads\/2026\/01\/29244012_10156551096220649_2715891040270680064_n-209x300-1.jpg\",\"datePublished\":\"2026-01-09T15:09:10+00:00\",\"dateModified\":\"2026-01-09T15:11:38+00:00\",\"breadcrumb\":{\"@id\":\"https:\/\/carhub.gr\/fr\/location-de-voitures-firostefani-santorin\/#breadcrumb\"},\"inLanguage\":\"fr-FR\",\"potentialAction\":[{\"@type\":\"ReadAction\",\"target\":[\"https:\/\/carhub.gr\/fr\/location-de-voitures-firostefani-santorin\/\"]}]},{\"@type\":\"ImageObject\",\"inLanguage\":\"fr-FR\",\"@id\":\"https:\/\/carhub.gr\/fr\/location-de-voitures-firostefani-santorin\/#primaryimage\",\"url\":\"https:\/\/carhub.gr\/wp-content\/uploads\/2026\/01\/29244012_10156551096220649_2715891040270680064_n-209x300-1.jpg\",\"contentUrl\":\"https:\/\/carhub.gr\/wp-content\/uploads\/2026\/01\/29244012_10156551096220649_2715891040270680064_n-209x300-1.jpg\"},{\"@type\":\"BreadcrumbList\",\"@id\":\"https:\/\/carhub.gr\/fr\/location-de-voitures-firostefani-santorin\/#breadcrumb\",\"itemListElement\":[{\"@type\":\"ListItem\",\"position\":1,\"name\":\"Home\",\"item\":\"https:\/\/carhub.gr\/fr\/\"},{\"@type\":\"ListItem\",\"position\":2,\"name\":\"Location de voitures Firostefani Santorin\"}]},{\"@type\":\"WebSite\",\"@id\":\"https:\/\/carhub.gr\/fr\/#website\",\"url\":\"https:\/\/carhub.gr\/fr\/\",\"name\":\"Carhub\",\"description\":\"Rent a car Santorini - Santorini Car Hire\",\"publisher\":{\"@id\":\"https:\/\/carhub.gr\/fr\/#organization\"},\"alternateName\":\"RENT A CAR SANTORINI - SANTORINI CAR RENTAL\",\"potentialAction\":[{\"@type\":\"SearchAction\",\"target\":{\"@type\":\"EntryPoint\",\"urlTemplate\":\"https:\/\/carhub.gr\/fr\/?s={search_term_string}\"},\"query-input\":{\"@type\":\"PropertyValueSpecification\",\"valueRequired\":true,\"valueName\":\"search_term_string\"}}],\"inLanguage\":\"fr-FR\"},{\"@type\":\"Organization\",\"@id\":\"https:\/\/carhub.gr\/fr\/#organization\",\"name\":\"Carhub\",\"url\":\"https:\/\/carhub.gr\/fr\/\",\"logo\":{\"@type\":\"ImageObject\",\"inLanguage\":\"fr-FR\",\"@id\":\"https:\/\/carhub.gr\/fr\/#\/schema\/logo\/image\/\",\"url\":\"https:\/\/carhub.gr\/wp-content\/uploads\/2025\/12\/logo-carhub-1.png\",\"contentUrl\":\"https:\/\/carhub.gr\/wp-content\/uploads\/2025\/12\/logo-carhub-1.png\",\"width\":182,\"height\":53,\"caption\":\"Carhub\"},\"image\":{\"@id\":\"https:\/\/carhub.gr\/fr\/#\/schema\/logo\/image\/\"},\"sameAs\":[\"https:\/\/www.facebook.com\/carhub.gr\/\"]}]}<\/script>\n<!-- \/ Yoast SEO plugin. -->","yoast_head_json":{"title":"Location de voitures Firostefani Santorin - Carhub","robots":{"index":"index","follow":"follow","max-snippet":"max-snippet:-1","max-image-preview":"max-image-preview:large","max-video-preview":"max-video-preview:-1"},"canonical":"https:\/\/carhub.gr\/fr\/location-de-voitures-firostefani-santorin\/","og_locale":"fr_FR","og_type":"article","og_title":"Location de voitures Firostefani Santorin - Carhub","og_description":"[vc_row][vc_column][vc_column_text css=\u00a0\u00bb\u00a0\u00bb] Location de voitures Firostefani Santorin Firostefani est consid\u00e9r\u00e9 comme un village \u00e0 part enti\u00e8re, en r\u00e9alit\u00e9 une extension de Fira, la magnifique capitale de Santorin. Le nom \u00ab Firostefani \u00bb (Fira + Stefani, qui signifie couronne en grec) provient de sa position sur la partie la plus \u00e9lev\u00e9e de Fira. Sa situation privil\u00e9gi\u00e9e&hellip;","og_url":"https:\/\/carhub.gr\/fr\/location-de-voitures-firostefani-santorin\/","og_site_name":"Carhub","article_publisher":"https:\/\/www.facebook.com\/carhub.gr\/","article_modified_time":"2026-01-09T15:11:38+00:00","og_image":[{"width":209,"height":300,"url":"https:\/\/carhub.gr\/wp-content\/uploads\/2026\/01\/29244012_10156551096220649_2715891040270680064_n-209x300-1.jpg","type":"image\/jpeg"}],"twitter_card":"summary_large_image","twitter_misc":{"Dur\u00e9e de lecture estim\u00e9e":"2 minutes"},"schema":{"@context":"https:\/\/schema.org","@graph":[{"@type":"WebPage","@id":"https:\/\/carhub.gr\/fr\/location-de-voitures-firostefani-santorin\/","url":"https:\/\/carhub.gr\/fr\/location-de-voitures-firostefani-santorin\/","name":"Location de voitures Firostefani Santorin - Carhub","isPartOf":{"@id":"https:\/\/carhub.gr\/fr\/#website"},"primaryImageOfPage":{"@id":"https:\/\/carhub.gr\/fr\/location-de-voitures-firostefani-santorin\/#primaryimage"},"image":{"@id":"https:\/\/carhub.gr\/fr\/location-de-voitures-firostefani-santorin\/#primaryimage"},"thumbnailUrl":"https:\/\/carhub.gr\/wp-content\/uploads\/2026\/01\/29244012_10156551096220649_2715891040270680064_n-209x300-1.jpg","datePublished":"2026-01-09T15:09:10+00:00","dateModified":"2026-01-09T15:11:38+00:00","breadcrumb":{"@id":"https:\/\/carhub.gr\/fr\/location-de-voitures-firostefani-santorin\/#breadcrumb"},"inLanguage":"fr-FR","potentialAction":[{"@type":"ReadAction","target":["https:\/\/carhub.gr\/fr\/location-de-voitures-firostefani-santorin\/"]}]},{"@type":"ImageObject","inLanguage":"fr-FR","@id":"https:\/\/carhub.gr\/fr\/location-de-voitures-firostefani-santorin\/#primaryimage","url":"https:\/\/carhub.gr\/wp-content\/uploads\/2026\/01\/29244012_10156551096220649_2715891040270680064_n-209x300-1.jpg","contentUrl":"https:\/\/carhub.gr\/wp-content\/uploads\/2026\/01\/29244012_10156551096220649_2715891040270680064_n-209x300-1.jpg"},{"@type":"BreadcrumbList","@id":"https:\/\/carhub.gr\/fr\/location-de-voitures-firostefani-santorin\/#breadcrumb","itemListElement":[{"@type":"ListItem","position":1,"name":"Home","item":"https:\/\/carhub.gr\/fr\/"},{"@type":"ListItem","position":2,"name":"Location de voitures Firostefani Santorin"}]},{"@type":"WebSite","@id":"https:\/\/carhub.gr\/fr\/#website","url":"https:\/\/carhub.gr\/fr\/","name":"Carhub","description":"Rent a car Santorini - Santorini Car Hire","publisher":{"@id":"https:\/\/carhub.gr\/fr\/#organization"},"alternateName":"RENT A CAR SANTORINI - SANTORINI CAR RENTAL","potentialAction":[{"@type":"SearchAction","target":{"@type":"EntryPoint","urlTemplate":"https:\/\/carhub.gr\/fr\/?s={search_term_string}"},"query-input":{"@type":"PropertyValueSpecification","valueRequired":true,"valueName":"search_term_string"}}],"inLanguage":"fr-FR"},{"@type":"Organization","@id":"https:\/\/carhub.gr\/fr\/#organization","name":"Carhub","url":"https:\/\/carhub.gr\/fr\/","logo":{"@type":"ImageObject","inLanguage":"fr-FR","@id":"https:\/\/carhub.gr\/fr\/#\/schema\/logo\/image\/","url":"https:\/\/carhub.gr\/wp-content\/uploads\/2025\/12\/logo-carhub-1.png","contentUrl":"https:\/\/carhub.gr\/wp-content\/uploads\/2025\/12\/logo-carhub-1.png","width":182,"height":53,"caption":"Carhub"},"image":{"@id":"https:\/\/carhub.gr\/fr\/#\/schema\/logo\/image\/"},"sameAs":["https:\/\/www.facebook.com\/carhub.gr\/"]}]}},"_links":{"self":[{"href":"https:\/\/carhub.gr\/fr\/wp-json\/wp\/v2\/pages\/3038","targetHints":{"allow":["GET"]}}],"collection":[{"href":"https:\/\/carhub.gr\/fr\/wp-json\/wp\/v2\/pages"}],"about":[{"href":"https:\/\/carhub.gr\/fr\/wp-json\/wp\/v2\/types\/page"}],"author":[{"embeddable":true,"href":"https:\/\/carhub.gr\/fr\/wp-json\/wp\/v2\/users\/2"}],"replies":[{"embeddable":true,"href":"https:\/\/carhub.gr\/fr\/wp-json\/wp\/v2\/comments?post=3038"}],"version-history":[{"count":1,"href":"https:\/\/carhub.gr\/fr\/wp-json\/wp\/v2\/pages\/3038\/revisions"}],"predecessor-version":[{"id":3048,"href":"https:\/\/carhub.gr\/fr\/wp-json\/wp\/v2\/pages\/3038\/revisions\/3048"}],"wp:attachment":[{"href":"https:\/\/carhub.gr\/fr\/wp-json\/wp\/v2\/media?parent=3038"}],"curies":[{"name":"wp","href":"https:\/\/api.w.org\/{rel}","templated":true}]}}