{"id":3012,"date":"2026-01-09T13:52:00","date_gmt":"2026-01-09T11:52:00","guid":{"rendered":"https:\/\/carhub.gr\/rental-cars-vlychada-santorini\/"},"modified":"2026-01-09T13:54:19","modified_gmt":"2026-01-09T11:54:19","slug":"location-de-voitures-vlychada-santorin","status":"publish","type":"page","link":"https:\/\/carhub.gr\/fr\/location-de-voitures-vlychada-santorin\/","title":{"rendered":"Location de voitures Vlychada Santorin"},"content":{"rendered":"<div class=\"wpb-content-wrapper\">[vc_row][vc_column][vc_column_text css=\u00a0\u00bb\u00a0\u00bb]\n<h1 class=\"western\" style=\"text-align: center;\">Location de voitures Vlychada Santorin<\/h1>\n<figure id=\"attachment_3009\" aria-describedby=\"caption-attachment-3009\" style=\"width: 300px\" class=\"wp-caption aligncenter\"><a href=\"https:\/\/www.tripadvisor.com\/Attraction_Review-g1188919-d6882559-Reviews-Vlychada_Beach-Vlychada_Santorini_Cyclades_South_Aegean.html\" target=\"_blank\" rel=\"noopener noreferrer\"><img loading=\"lazy\" decoding=\"async\" class=\"wp-image-3009 size-full\" src=\"https:\/\/carhub.gr\/wp-content\/uploads\/2026\/01\/31190042_10156663209975649_4265844084838498304_n-300x296-1.jpg\" alt=\"Location de voitures Vlychada Santorin\" width=\"300\" height=\"296\" \/><\/a><figcaption id=\"caption-attachment-3009\" class=\"wp-caption-text\">Location de voitures Vlychada Santorin<\/figcaption><\/figure>\n<p style=\"text-align: center;\"><span style=\"color: #000000;\"><span style=\"font-family: Arial, sans-serif;\"><span style=\"font-size: small;\"><a href=\"https:\/\/www.tripadvisor.com\/Attraction_Review-g1188919-d6882559-Reviews-Vlychada_Beach-Vlychada_Santorini_Cyclades_South_Aegean.html\" target=\"_blank\" rel=\"noopener noreferrer\">Vlychada<\/a> est une plage facilement accessible en voiture ou en bus, situ\u00e9e sur la c\u00f4te sud de Santorin, \u00e0 13 kilom\u00e8tres de Fira. Elle se distingue par ses impressionnantes falaises sculpt\u00e9es qui ressemblent \u00e0 une \u0153uvre d\u2019art. Il s\u2019agit en r\u00e9alit\u00e9 d\u2019un ph\u00e9nom\u00e8ne naturel d\u00fb au volcan, au vent et \u00e0 la mer. C\u2019est une longue plage aux eaux relativement peu profondes, avec du sable volcanique sombre et des galets, comme la plupart des plages de Santorin. Peu fr\u00e9quent\u00e9e mais bien organis\u00e9e, elle dispose de nombreux transats, de parasols en paille et d\u2019une buvette. Vous pouvez y passer de nombreuses heures de d\u00e9tente et admirer le paysage spectaculaire qui vous entoure. Rien que ce spectacle naturel vaut la visite.<\/span><\/span><\/span><\/p>\n<p style=\"text-align: center;\"><span style=\"font-family: Arial, sans-serif;\"><span style=\"font-size: small;\"><span style=\"color: #000000;\">Le centre de voile et de yachting se trouve \u00e9galement \u00e0 Vlychada, dans le petit port pittoresque situ\u00e9 pr\u00e8s de la plage. De petits yachts et bateaux y sont amarr\u00e9s. Vous pourrez d\u00e9guster des plats savoureux, notamment du poisson frais, dans les tavernes traditionnelles locales. De plus, vous pouvez visiter le Mus\u00e9e Industriel de la Tomate, une ancienne usine de transformation de tomates, et profiter d\u2019une visite guid\u00e9e pr\u00e9sentant les m\u00e9thodes traditionnelles de culture et de production de la tomate, un produit embl\u00e9matique de Santorin.<\/span><\/span><\/span><\/p>\n<h3 style=\"text-align: center;\">Location de voitures Vlychada Santorin<\/h3>\n<p style=\"text-align: center;\"><span style=\"font-family: Arial, sans-serif;\"><span style=\"font-size: small;\"><span style=\"color: #000000;\">Vous arrivez donc \u00e0 <\/span><strong><span style=\"color: #000000;\"><b>Santorin<\/b><\/span><\/strong> <span style=\"color: #000000;\">\u00e0 bord d\u2019un<\/span> <strong><span style=\"color: #000000;\"><b>voilier<\/b><\/span><\/strong><span style=\"color: #000000;\">, et vous avez besoin de <\/span><a href=\"http:\/\/carhub.gr\/\">louer une voiture<\/a> <span style=\"color: #000000;\">pour explorer l\u2019\u00eele, livr\u00e9e d\u00e8s votre arriv\u00e9e, au port de <\/span><strong><span style=\"color: #000000;\"><b>la Marina de Vlychada \u00e0 Santorin<\/b><\/span><\/strong><span style=\"color: #000000;\"> (c\u2019est l\u00e0 que la plupart des voiliers accostent). Avec nous, c\u2019est simple. Nous pouvons vous retrouver \u00e0 la <\/span><strong><span style=\"color: #000000;\"><b>Marina de Santorin<\/b><\/span><\/strong> <span style=\"color: #000000;\">et vous livrer votre <\/span> <strong><span style=\"color: #000000;\"><b>voiture de location<\/b><\/span><\/strong> <span style=\"color: #000000;\">sur place, et la r\u00e9cup\u00e9rer au m\u00eame endroit \u00e0 la fin de votre s\u00e9jour. Le tout sans frais suppl\u00e9mentaires. Nous acceptons \u00e9galement les <\/span> <strong><span style=\"color: #000000;\"><b>r\u00e9servations de derni\u00e8re minute<\/b><\/span><\/strong> <span style=\"color: #000000;\">pour votre <\/span> <strong><span style=\"color: #000000;\"><b>location de voiture \u00e0 Santorin<\/b><\/span><\/strong><span style=\"color: #000000;\">. D\u00e8s que vous nous appelez ou nous envoyez un e-mail, nous pouvons vous retrouver en 15 minutes afin que vous ne perdiez pas de temps et que vous commenciez \u00e0 profiter de Santorin !<\/span><\/span><\/span><\/p>\n[\/vc_column_text][\/vc_column][\/vc_row]\n<\/div>","protected":false},"excerpt":{"rendered":"<p>[vc_row][vc_column][vc_column_text css=\u00a0\u00bb\u00a0\u00bb] Location de voitures Vlychada Santorin Vlychada est une plage facilement accessible en voiture ou en bus, situ\u00e9e sur la c\u00f4te sud de Santorin, \u00e0 13 kilom\u00e8tres de Fira. Elle se distingue par ses impressionnantes falaises sculpt\u00e9es qui ressemblent \u00e0 une \u0153uvre d\u2019art. Il s\u2019agit en r\u00e9alit\u00e9 d\u2019un ph\u00e9nom\u00e8ne naturel d\u00fb au volcan, au&hellip;<\/p>\n","protected":false},"author":2,"featured_media":0,"parent":0,"menu_order":0,"comment_status":"closed","ping_status":"closed","template":"templates\/no-sidebar.php","meta":{"footnotes":""},"class_list":["post-3012","page","type-page","status-publish","hentry","entry","no-media"],"yoast_head":"<!-- This site is optimized with the Yoast SEO plugin v27.2 - https:\/\/yoast.com\/product\/yoast-seo-wordpress\/ -->\n<title>Location de voitures Vlychada Santorin - Carhub<\/title>\n<meta name=\"robots\" content=\"index, follow, max-snippet:-1, max-image-preview:large, max-video-preview:-1\" \/>\n<link rel=\"canonical\" href=\"https:\/\/carhub.gr\/fr\/location-de-voitures-vlychada-santorin\/\" \/>\n<meta property=\"og:locale\" content=\"fr_FR\" \/>\n<meta property=\"og:type\" content=\"article\" \/>\n<meta property=\"og:title\" content=\"Location de voitures Vlychada Santorin - Carhub\" \/>\n<meta property=\"og:description\" content=\"[vc_row][vc_column][vc_column_text css=\u00a0\u00bb\u00a0\u00bb] Location de voitures Vlychada Santorin Vlychada est une plage facilement accessible en voiture ou en bus, situ\u00e9e sur la c\u00f4te sud de Santorin, \u00e0 13 kilom\u00e8tres de Fira. Elle se distingue par ses impressionnantes falaises sculpt\u00e9es qui ressemblent \u00e0 une \u0153uvre d\u2019art. Il s\u2019agit en r\u00e9alit\u00e9 d\u2019un ph\u00e9nom\u00e8ne naturel d\u00fb au volcan, au&hellip;\" \/>\n<meta property=\"og:url\" content=\"https:\/\/carhub.gr\/fr\/location-de-voitures-vlychada-santorin\/\" \/>\n<meta property=\"og:site_name\" content=\"Carhub\" \/>\n<meta property=\"article:publisher\" content=\"https:\/\/www.facebook.com\/carhub.gr\/\" \/>\n<meta property=\"article:modified_time\" content=\"2026-01-09T11:54:19+00:00\" \/>\n<meta property=\"og:image\" content=\"https:\/\/carhub.gr\/wp-content\/uploads\/2026\/01\/31190042_10156663209975649_4265844084838498304_n-300x296-1.jpg\" \/>\n\t<meta property=\"og:image:width\" content=\"300\" \/>\n\t<meta property=\"og:image:height\" content=\"296\" \/>\n\t<meta property=\"og:image:type\" content=\"image\/jpeg\" \/>\n<meta name=\"twitter:card\" content=\"summary_large_image\" \/>\n<meta name=\"twitter:label1\" content=\"Dur\u00e9e de lecture estim\u00e9e\" \/>\n\t<meta name=\"twitter:data1\" content=\"2 minutes\" \/>\n<script type=\"application\/ld+json\" class=\"yoast-schema-graph\">{\"@context\":\"https:\/\/schema.org\",\"@graph\":[{\"@type\":\"WebPage\",\"@id\":\"https:\/\/carhub.gr\/fr\/location-de-voitures-vlychada-santorin\/\",\"url\":\"https:\/\/carhub.gr\/fr\/location-de-voitures-vlychada-santorin\/\",\"name\":\"Location de voitures Vlychada Santorin - Carhub\",\"isPartOf\":{\"@id\":\"https:\/\/carhub.gr\/fr\/#website\"},\"primaryImageOfPage\":{\"@id\":\"https:\/\/carhub.gr\/fr\/location-de-voitures-vlychada-santorin\/#primaryimage\"},\"image\":{\"@id\":\"https:\/\/carhub.gr\/fr\/location-de-voitures-vlychada-santorin\/#primaryimage\"},\"thumbnailUrl\":\"https:\/\/carhub.gr\/wp-content\/uploads\/2026\/01\/31190042_10156663209975649_4265844084838498304_n-300x296-1.jpg\",\"datePublished\":\"2026-01-09T11:52:00+00:00\",\"dateModified\":\"2026-01-09T11:54:19+00:00\",\"breadcrumb\":{\"@id\":\"https:\/\/carhub.gr\/fr\/location-de-voitures-vlychada-santorin\/#breadcrumb\"},\"inLanguage\":\"fr-FR\",\"potentialAction\":[{\"@type\":\"ReadAction\",\"target\":[\"https:\/\/carhub.gr\/fr\/location-de-voitures-vlychada-santorin\/\"]}]},{\"@type\":\"ImageObject\",\"inLanguage\":\"fr-FR\",\"@id\":\"https:\/\/carhub.gr\/fr\/location-de-voitures-vlychada-santorin\/#primaryimage\",\"url\":\"https:\/\/carhub.gr\/wp-content\/uploads\/2026\/01\/31190042_10156663209975649_4265844084838498304_n-300x296-1.jpg\",\"contentUrl\":\"https:\/\/carhub.gr\/wp-content\/uploads\/2026\/01\/31190042_10156663209975649_4265844084838498304_n-300x296-1.jpg\"},{\"@type\":\"BreadcrumbList\",\"@id\":\"https:\/\/carhub.gr\/fr\/location-de-voitures-vlychada-santorin\/#breadcrumb\",\"itemListElement\":[{\"@type\":\"ListItem\",\"position\":1,\"name\":\"Home\",\"item\":\"https:\/\/carhub.gr\/fr\/\"},{\"@type\":\"ListItem\",\"position\":2,\"name\":\"Location de voitures Vlychada Santorin\"}]},{\"@type\":\"WebSite\",\"@id\":\"https:\/\/carhub.gr\/fr\/#website\",\"url\":\"https:\/\/carhub.gr\/fr\/\",\"name\":\"Carhub\",\"description\":\"Rent a car Santorini - Santorini Car Hire\",\"publisher\":{\"@id\":\"https:\/\/carhub.gr\/fr\/#organization\"},\"alternateName\":\"RENT A CAR SANTORINI - SANTORINI CAR RENTAL\",\"potentialAction\":[{\"@type\":\"SearchAction\",\"target\":{\"@type\":\"EntryPoint\",\"urlTemplate\":\"https:\/\/carhub.gr\/fr\/?s={search_term_string}\"},\"query-input\":{\"@type\":\"PropertyValueSpecification\",\"valueRequired\":true,\"valueName\":\"search_term_string\"}}],\"inLanguage\":\"fr-FR\"},{\"@type\":\"Organization\",\"@id\":\"https:\/\/carhub.gr\/fr\/#organization\",\"name\":\"Carhub\",\"url\":\"https:\/\/carhub.gr\/fr\/\",\"logo\":{\"@type\":\"ImageObject\",\"inLanguage\":\"fr-FR\",\"@id\":\"https:\/\/carhub.gr\/fr\/#\/schema\/logo\/image\/\",\"url\":\"https:\/\/carhub.gr\/wp-content\/uploads\/2025\/12\/logo-carhub-1.png\",\"contentUrl\":\"https:\/\/carhub.gr\/wp-content\/uploads\/2025\/12\/logo-carhub-1.png\",\"width\":182,\"height\":53,\"caption\":\"Carhub\"},\"image\":{\"@id\":\"https:\/\/carhub.gr\/fr\/#\/schema\/logo\/image\/\"},\"sameAs\":[\"https:\/\/www.facebook.com\/carhub.gr\/\"]}]}<\/script>\n<!-- \/ Yoast SEO plugin. -->","yoast_head_json":{"title":"Location de voitures Vlychada Santorin - Carhub","robots":{"index":"index","follow":"follow","max-snippet":"max-snippet:-1","max-image-preview":"max-image-preview:large","max-video-preview":"max-video-preview:-1"},"canonical":"https:\/\/carhub.gr\/fr\/location-de-voitures-vlychada-santorin\/","og_locale":"fr_FR","og_type":"article","og_title":"Location de voitures Vlychada Santorin - Carhub","og_description":"[vc_row][vc_column][vc_column_text css=\u00a0\u00bb\u00a0\u00bb] Location de voitures Vlychada Santorin Vlychada est une plage facilement accessible en voiture ou en bus, situ\u00e9e sur la c\u00f4te sud de Santorin, \u00e0 13 kilom\u00e8tres de Fira. Elle se distingue par ses impressionnantes falaises sculpt\u00e9es qui ressemblent \u00e0 une \u0153uvre d\u2019art. Il s\u2019agit en r\u00e9alit\u00e9 d\u2019un ph\u00e9nom\u00e8ne naturel d\u00fb au volcan, au&hellip;","og_url":"https:\/\/carhub.gr\/fr\/location-de-voitures-vlychada-santorin\/","og_site_name":"Carhub","article_publisher":"https:\/\/www.facebook.com\/carhub.gr\/","article_modified_time":"2026-01-09T11:54:19+00:00","og_image":[{"width":300,"height":296,"url":"https:\/\/carhub.gr\/wp-content\/uploads\/2026\/01\/31190042_10156663209975649_4265844084838498304_n-300x296-1.jpg","type":"image\/jpeg"}],"twitter_card":"summary_large_image","twitter_misc":{"Dur\u00e9e de lecture estim\u00e9e":"2 minutes"},"schema":{"@context":"https:\/\/schema.org","@graph":[{"@type":"WebPage","@id":"https:\/\/carhub.gr\/fr\/location-de-voitures-vlychada-santorin\/","url":"https:\/\/carhub.gr\/fr\/location-de-voitures-vlychada-santorin\/","name":"Location de voitures Vlychada Santorin - Carhub","isPartOf":{"@id":"https:\/\/carhub.gr\/fr\/#website"},"primaryImageOfPage":{"@id":"https:\/\/carhub.gr\/fr\/location-de-voitures-vlychada-santorin\/#primaryimage"},"image":{"@id":"https:\/\/carhub.gr\/fr\/location-de-voitures-vlychada-santorin\/#primaryimage"},"thumbnailUrl":"https:\/\/carhub.gr\/wp-content\/uploads\/2026\/01\/31190042_10156663209975649_4265844084838498304_n-300x296-1.jpg","datePublished":"2026-01-09T11:52:00+00:00","dateModified":"2026-01-09T11:54:19+00:00","breadcrumb":{"@id":"https:\/\/carhub.gr\/fr\/location-de-voitures-vlychada-santorin\/#breadcrumb"},"inLanguage":"fr-FR","potentialAction":[{"@type":"ReadAction","target":["https:\/\/carhub.gr\/fr\/location-de-voitures-vlychada-santorin\/"]}]},{"@type":"ImageObject","inLanguage":"fr-FR","@id":"https:\/\/carhub.gr\/fr\/location-de-voitures-vlychada-santorin\/#primaryimage","url":"https:\/\/carhub.gr\/wp-content\/uploads\/2026\/01\/31190042_10156663209975649_4265844084838498304_n-300x296-1.jpg","contentUrl":"https:\/\/carhub.gr\/wp-content\/uploads\/2026\/01\/31190042_10156663209975649_4265844084838498304_n-300x296-1.jpg"},{"@type":"BreadcrumbList","@id":"https:\/\/carhub.gr\/fr\/location-de-voitures-vlychada-santorin\/#breadcrumb","itemListElement":[{"@type":"ListItem","position":1,"name":"Home","item":"https:\/\/carhub.gr\/fr\/"},{"@type":"ListItem","position":2,"name":"Location de voitures Vlychada Santorin"}]},{"@type":"WebSite","@id":"https:\/\/carhub.gr\/fr\/#website","url":"https:\/\/carhub.gr\/fr\/","name":"Carhub","description":"Rent a car Santorini - Santorini Car Hire","publisher":{"@id":"https:\/\/carhub.gr\/fr\/#organization"},"alternateName":"RENT A CAR SANTORINI - SANTORINI CAR RENTAL","potentialAction":[{"@type":"SearchAction","target":{"@type":"EntryPoint","urlTemplate":"https:\/\/carhub.gr\/fr\/?s={search_term_string}"},"query-input":{"@type":"PropertyValueSpecification","valueRequired":true,"valueName":"search_term_string"}}],"inLanguage":"fr-FR"},{"@type":"Organization","@id":"https:\/\/carhub.gr\/fr\/#organization","name":"Carhub","url":"https:\/\/carhub.gr\/fr\/","logo":{"@type":"ImageObject","inLanguage":"fr-FR","@id":"https:\/\/carhub.gr\/fr\/#\/schema\/logo\/image\/","url":"https:\/\/carhub.gr\/wp-content\/uploads\/2025\/12\/logo-carhub-1.png","contentUrl":"https:\/\/carhub.gr\/wp-content\/uploads\/2025\/12\/logo-carhub-1.png","width":182,"height":53,"caption":"Carhub"},"image":{"@id":"https:\/\/carhub.gr\/fr\/#\/schema\/logo\/image\/"},"sameAs":["https:\/\/www.facebook.com\/carhub.gr\/"]}]}},"_links":{"self":[{"href":"https:\/\/carhub.gr\/fr\/wp-json\/wp\/v2\/pages\/3012","targetHints":{"allow":["GET"]}}],"collection":[{"href":"https:\/\/carhub.gr\/fr\/wp-json\/wp\/v2\/pages"}],"about":[{"href":"https:\/\/carhub.gr\/fr\/wp-json\/wp\/v2\/types\/page"}],"author":[{"embeddable":true,"href":"https:\/\/carhub.gr\/fr\/wp-json\/wp\/v2\/users\/2"}],"replies":[{"embeddable":true,"href":"https:\/\/carhub.gr\/fr\/wp-json\/wp\/v2\/comments?post=3012"}],"version-history":[{"count":2,"href":"https:\/\/carhub.gr\/fr\/wp-json\/wp\/v2\/pages\/3012\/revisions"}],"predecessor-version":[{"id":3028,"href":"https:\/\/carhub.gr\/fr\/wp-json\/wp\/v2\/pages\/3012\/revisions\/3028"}],"wp:attachment":[{"href":"https:\/\/carhub.gr\/fr\/wp-json\/wp\/v2\/media?parent=3012"}],"curies":[{"name":"wp","href":"https:\/\/api.w.org\/{rel}","templated":true}]}}