{"id":2993,"date":"2026-01-09T13:41:19","date_gmt":"2026-01-09T11:41:19","guid":{"rendered":"https:\/\/carhub.gr\/rental-car-pyrgos-santorini\/"},"modified":"2026-01-09T13:43:33","modified_gmt":"2026-01-09T11:43:33","slug":"location-de-voiture-a-pyrgos-santorin","status":"publish","type":"page","link":"https:\/\/carhub.gr\/fr\/location-de-voiture-a-pyrgos-santorin\/","title":{"rendered":"Location de Voiture \u00e0 Pyrgos Santorin"},"content":{"rendered":"<div class=\"wpb-content-wrapper\">[vc_row][vc_column][vc_column_text css=\u00a0\u00bb\u00a0\u00bb]\n<h1 class=\"western\" style=\"text-align: center;\"><span style=\"color: #0076a2;\"><span style=\"font-family: 'Source Sans Pro', Arial, sans-serif;\"><span style=\"font-size: xx-large;\"><span style=\"color: #000000;\">Location de Voiture \u00e0 Pyrgos Santorin<\/span><\/span><\/span><\/span><\/h1>\n<figure id=\"attachment_2991\" aria-describedby=\"caption-attachment-2991\" style=\"width: 245px\" class=\"wp-caption aligncenter\"><img loading=\"lazy\" decoding=\"async\" class=\"wp-image-2991 size-full\" src=\"https:\/\/carhub.gr\/wp-content\/uploads\/2026\/01\/31166987_10156662206010649_5894789570913894400_n-245x300-1.jpg\" alt=\"Location de Voiture \u00e0 Pyrgos Santorin\" width=\"245\" height=\"300\" \/><figcaption id=\"caption-attachment-2991\" class=\"wp-caption-text\">Location de Voiture \u00e0 Pyrgos Santorin<\/figcaption><\/figure>\n<p style=\"text-align: center;\"><span style=\"font-family: Arial, sans-serif;\"><span style=\"font-size: small;\"><span style=\"color: #000000;\">Tout d\u2019abord, ce qui rend <a href=\"https:\/\/www.santorini-view.com\/pyrgos\/\" target=\"_blank\" rel=\"noopener noreferrer\">Pyrgos<\/a> unique, c\u2019est le fait qu\u2019il s\u2019agit du village le plus \u00e9lev\u00e9 de toute l\u2019\u00eele, offrant des vues panoramiques exceptionnelles des deux c\u00f4t\u00e9s de Santorin. Il est \u00e9galement situ\u00e9 sur la c\u00f4te ouest, \u00e0 environ 8 kilom\u00e8tres au sud-est de Fira, la capitale de Santorin. Gr\u00e2ce \u00e0 sa position privil\u00e9gi\u00e9e, il se distingue de loin. La vue depuis le sommet offre une perspective diff\u00e9rente que l\u2019on ne peut admirer qu\u2019\u00e0 Pyrgos : des vall\u00e9es verdoyantes, la mer \u00e0 perte de vue et toute l\u2019\u00eele qui se d\u00e9ploie sous vos pieds. Pyrgos reste authentique et fid\u00e8le \u00e0 l\u2019architecture cycladique. Son caract\u00e8re l\u00e9g\u00e8rement pr\u00e9serv\u00e9, avec ses ruelles \u00e9troites et sinueuses et ses maisons en pierre, le rend particuli\u00e8rement charmant.<\/span><\/span><\/span><\/p>\n<p style=\"text-align: center;\"><span style=\"font-family: Arial, sans-serif;\"><span style=\"font-size: small;\"><span style=\"color: #000000;\">Pyrgos est \u00e9galement entour\u00e9 d\u2019\u00e9glises aux d\u00f4mes bleus et de vignobles. Ici et l\u00e0, vous d\u00e9couvrirez de petites galeries et boutiques nich\u00e9es dans des coins discrets, en vous promenant dans les ruelles successives, en mont\u00e9e comme en descente. Au bas du village, vous trouverez quelques boutiques touristiques, ainsi que des mini-march\u00e9s, des restaurants accueillants, des tavernes proposant une cuisine d\u00e9licieuse et des caf\u00e9s. <\/span><\/span><\/span><span style=\"font-family: Arial, sans-serif;\"><span style=\"font-size: small;\"><span style=\"color: #000000;\">La plupart d\u2019entre eux se trouvent autour de la place principale, de forme circulaire.<\/span><\/span><\/span><\/p>\n<h2 style=\"text-align: center;\">Location de Voiture \u00e0 Pyrgos Santorin<\/h2>\n<p style=\"text-align: center;\"><span style=\"color: #000000;\"><span style=\"font-family: Arial, sans-serif;\"><span style=\"font-size: small;\">De plus, la solution la plus \u00e9conomique pour vous d\u00e9placer o\u00f9 vous le souhaitez et \u00e0 tout moment reste de <\/span><\/span><\/span><strong><span style=\"color: #000000;\"><span style=\"font-family: Arial, sans-serif;\"><span style=\"font-size: small;\"><b>louer une voiture<\/b><\/span><\/span><\/span><\/strong><span style=\"color: #000000;\"><span style=\"font-family: Arial, sans-serif;\"><span style=\"font-size: small;\"> aupr\u00e8s de <a href=\"http:\/\/carhub.gr\/\">Carhub<\/a>. Conduisez votre <\/span><\/span><\/span><strong><span style=\"color: #000000;\"><span style=\"font-family: Arial, sans-serif;\"><span style=\"font-size: small;\"><b>voiture de location \u00e0 Santorin<\/b><\/span><\/span><\/span><\/strong><span style=\"color: #000000;\"><span style=\"font-family: Arial, sans-serif;\"><span style=\"font-size: small;\"> depuis Pyrgos vers les plages, Fira, Oia, les sites arch\u00e9ologiques, les mus\u00e9es ou tout autre endroit que vous souhaitez visiter. Plus besoin d\u2019attendre le bus ni de payer un taxi. Si vous recherchez un <\/span><\/span><\/span><strong><span style=\"color: #000000;\"><span style=\"font-family: Arial, sans-serif;\"><span style=\"font-size: small;\"><b>service de location de voiture \u00e0 Santorin<\/b><\/span><\/span><\/span><\/strong><span style=\"color: #000000;\"><span style=\"font-family: Arial, sans-serif;\"><span style=\"font-size: small;\"> \u00e0 Pyrgos, nous vous facilitons la t\u00e2che, car nous pouvons livrer la <\/span><\/span><\/span><strong><span style=\"color: #000000;\"><span style=\"font-family: Arial, sans-serif;\"><span style=\"font-size: small;\"><b>voiture<\/b><\/span><\/span><\/span><\/strong><span style=\"color: #000000;\"><span style=\"font-family: Arial, sans-serif;\"><span style=\"font-size: small;\"> de votre choix dans n\u2019importe quel h\u00f4tel \u00e0 <\/span><\/span><\/span><strong><span style=\"color: #000000;\"><span style=\"font-family: Arial, sans-serif;\"><span style=\"font-size: small;\"><b>Pyrgos<\/b><\/span><\/span><\/span><\/strong><span style=\"color: #000000;\"><span style=\"font-family: Arial, sans-serif;\"><span style=\"font-size: small;\"> sans frais suppl\u00e9mentaires. Choisissez le v\u00e9hicule que vous pr\u00e9f\u00e9rez, manuel ou automatique, et commencez \u00e0 explorer l\u2019\u00eele de <\/span><\/span><\/span><strong><span style=\"color: #000000;\"><span style=\"font-family: Arial, sans-serif;\"><span style=\"font-size: small;\"><b>Santorin.<\/b><\/span><\/span><\/span><\/strong><\/p>\n[\/vc_column_text][\/vc_column][\/vc_row]\n<\/div>","protected":false},"excerpt":{"rendered":"<p>[vc_row][vc_column][vc_column_text css=\u00a0\u00bb\u00a0\u00bb] Location de Voiture \u00e0 Pyrgos Santorin Tout d\u2019abord, ce qui rend Pyrgos unique, c\u2019est le fait qu\u2019il s\u2019agit du village le plus \u00e9lev\u00e9 de toute l\u2019\u00eele, offrant des vues panoramiques exceptionnelles des deux c\u00f4t\u00e9s de Santorin. Il est \u00e9galement situ\u00e9 sur la c\u00f4te ouest, \u00e0 environ 8 kilom\u00e8tres au sud-est de Fira, la&hellip;<\/p>\n","protected":false},"author":2,"featured_media":0,"parent":0,"menu_order":0,"comment_status":"closed","ping_status":"closed","template":"templates\/no-sidebar.php","meta":{"footnotes":""},"class_list":["post-2993","page","type-page","status-publish","hentry","entry","no-media"],"yoast_head":"<!-- This site is optimized with the Yoast SEO plugin v27.2 - https:\/\/yoast.com\/product\/yoast-seo-wordpress\/ -->\n<title>Location de Voiture \u00e0 Pyrgos Santorin - Carhub<\/title>\n<meta name=\"robots\" content=\"index, follow, max-snippet:-1, max-image-preview:large, max-video-preview:-1\" \/>\n<link rel=\"canonical\" href=\"https:\/\/carhub.gr\/fr\/location-de-voiture-a-pyrgos-santorin\/\" \/>\n<meta property=\"og:locale\" content=\"fr_FR\" \/>\n<meta property=\"og:type\" content=\"article\" \/>\n<meta property=\"og:title\" content=\"Location de Voiture \u00e0 Pyrgos Santorin - Carhub\" \/>\n<meta property=\"og:description\" content=\"[vc_row][vc_column][vc_column_text css=\u00a0\u00bb\u00a0\u00bb] Location de Voiture \u00e0 Pyrgos Santorin Tout d\u2019abord, ce qui rend Pyrgos unique, c\u2019est le fait qu\u2019il s\u2019agit du village le plus \u00e9lev\u00e9 de toute l\u2019\u00eele, offrant des vues panoramiques exceptionnelles des deux c\u00f4t\u00e9s de Santorin. Il est \u00e9galement situ\u00e9 sur la c\u00f4te ouest, \u00e0 environ 8 kilom\u00e8tres au sud-est de Fira, la&hellip;\" \/>\n<meta property=\"og:url\" content=\"https:\/\/carhub.gr\/fr\/location-de-voiture-a-pyrgos-santorin\/\" \/>\n<meta property=\"og:site_name\" content=\"Carhub\" \/>\n<meta property=\"article:publisher\" content=\"https:\/\/www.facebook.com\/carhub.gr\/\" \/>\n<meta property=\"article:modified_time\" content=\"2026-01-09T11:43:33+00:00\" \/>\n<meta property=\"og:image\" content=\"https:\/\/carhub.gr\/wp-content\/uploads\/2026\/01\/31166987_10156662206010649_5894789570913894400_n-245x300-1.jpg\" \/>\n\t<meta property=\"og:image:width\" content=\"245\" \/>\n\t<meta property=\"og:image:height\" content=\"300\" \/>\n\t<meta property=\"og:image:type\" content=\"image\/jpeg\" \/>\n<meta name=\"twitter:card\" content=\"summary_large_image\" \/>\n<meta name=\"twitter:label1\" content=\"Dur\u00e9e de lecture estim\u00e9e\" \/>\n\t<meta name=\"twitter:data1\" content=\"2 minutes\" \/>\n<script type=\"application\/ld+json\" class=\"yoast-schema-graph\">{\"@context\":\"https:\/\/schema.org\",\"@graph\":[{\"@type\":\"WebPage\",\"@id\":\"https:\/\/carhub.gr\/fr\/location-de-voiture-a-pyrgos-santorin\/\",\"url\":\"https:\/\/carhub.gr\/fr\/location-de-voiture-a-pyrgos-santorin\/\",\"name\":\"Location de Voiture \u00e0 Pyrgos Santorin - Carhub\",\"isPartOf\":{\"@id\":\"https:\/\/carhub.gr\/fr\/#website\"},\"primaryImageOfPage\":{\"@id\":\"https:\/\/carhub.gr\/fr\/location-de-voiture-a-pyrgos-santorin\/#primaryimage\"},\"image\":{\"@id\":\"https:\/\/carhub.gr\/fr\/location-de-voiture-a-pyrgos-santorin\/#primaryimage\"},\"thumbnailUrl\":\"https:\/\/carhub.gr\/wp-content\/uploads\/2026\/01\/31166987_10156662206010649_5894789570913894400_n-245x300-1.jpg\",\"datePublished\":\"2026-01-09T11:41:19+00:00\",\"dateModified\":\"2026-01-09T11:43:33+00:00\",\"breadcrumb\":{\"@id\":\"https:\/\/carhub.gr\/fr\/location-de-voiture-a-pyrgos-santorin\/#breadcrumb\"},\"inLanguage\":\"fr-FR\",\"potentialAction\":[{\"@type\":\"ReadAction\",\"target\":[\"https:\/\/carhub.gr\/fr\/location-de-voiture-a-pyrgos-santorin\/\"]}]},{\"@type\":\"ImageObject\",\"inLanguage\":\"fr-FR\",\"@id\":\"https:\/\/carhub.gr\/fr\/location-de-voiture-a-pyrgos-santorin\/#primaryimage\",\"url\":\"https:\/\/carhub.gr\/wp-content\/uploads\/2026\/01\/31166987_10156662206010649_5894789570913894400_n-245x300-1.jpg\",\"contentUrl\":\"https:\/\/carhub.gr\/wp-content\/uploads\/2026\/01\/31166987_10156662206010649_5894789570913894400_n-245x300-1.jpg\"},{\"@type\":\"BreadcrumbList\",\"@id\":\"https:\/\/carhub.gr\/fr\/location-de-voiture-a-pyrgos-santorin\/#breadcrumb\",\"itemListElement\":[{\"@type\":\"ListItem\",\"position\":1,\"name\":\"Home\",\"item\":\"https:\/\/carhub.gr\/fr\/\"},{\"@type\":\"ListItem\",\"position\":2,\"name\":\"Location de Voiture \u00e0 Pyrgos Santorin\"}]},{\"@type\":\"WebSite\",\"@id\":\"https:\/\/carhub.gr\/fr\/#website\",\"url\":\"https:\/\/carhub.gr\/fr\/\",\"name\":\"Carhub\",\"description\":\"Rent a car Santorini - Santorini Car Hire\",\"publisher\":{\"@id\":\"https:\/\/carhub.gr\/fr\/#organization\"},\"alternateName\":\"RENT A CAR SANTORINI - SANTORINI CAR RENTAL\",\"potentialAction\":[{\"@type\":\"SearchAction\",\"target\":{\"@type\":\"EntryPoint\",\"urlTemplate\":\"https:\/\/carhub.gr\/fr\/?s={search_term_string}\"},\"query-input\":{\"@type\":\"PropertyValueSpecification\",\"valueRequired\":true,\"valueName\":\"search_term_string\"}}],\"inLanguage\":\"fr-FR\"},{\"@type\":\"Organization\",\"@id\":\"https:\/\/carhub.gr\/fr\/#organization\",\"name\":\"Carhub\",\"url\":\"https:\/\/carhub.gr\/fr\/\",\"logo\":{\"@type\":\"ImageObject\",\"inLanguage\":\"fr-FR\",\"@id\":\"https:\/\/carhub.gr\/fr\/#\/schema\/logo\/image\/\",\"url\":\"https:\/\/carhub.gr\/wp-content\/uploads\/2025\/12\/logo-carhub-1.png\",\"contentUrl\":\"https:\/\/carhub.gr\/wp-content\/uploads\/2025\/12\/logo-carhub-1.png\",\"width\":182,\"height\":53,\"caption\":\"Carhub\"},\"image\":{\"@id\":\"https:\/\/carhub.gr\/fr\/#\/schema\/logo\/image\/\"},\"sameAs\":[\"https:\/\/www.facebook.com\/carhub.gr\/\"]}]}<\/script>\n<!-- \/ Yoast SEO plugin. -->","yoast_head_json":{"title":"Location de Voiture \u00e0 Pyrgos Santorin - Carhub","robots":{"index":"index","follow":"follow","max-snippet":"max-snippet:-1","max-image-preview":"max-image-preview:large","max-video-preview":"max-video-preview:-1"},"canonical":"https:\/\/carhub.gr\/fr\/location-de-voiture-a-pyrgos-santorin\/","og_locale":"fr_FR","og_type":"article","og_title":"Location de Voiture \u00e0 Pyrgos Santorin - Carhub","og_description":"[vc_row][vc_column][vc_column_text css=\u00a0\u00bb\u00a0\u00bb] Location de Voiture \u00e0 Pyrgos Santorin Tout d\u2019abord, ce qui rend Pyrgos unique, c\u2019est le fait qu\u2019il s\u2019agit du village le plus \u00e9lev\u00e9 de toute l\u2019\u00eele, offrant des vues panoramiques exceptionnelles des deux c\u00f4t\u00e9s de Santorin. Il est \u00e9galement situ\u00e9 sur la c\u00f4te ouest, \u00e0 environ 8 kilom\u00e8tres au sud-est de Fira, la&hellip;","og_url":"https:\/\/carhub.gr\/fr\/location-de-voiture-a-pyrgos-santorin\/","og_site_name":"Carhub","article_publisher":"https:\/\/www.facebook.com\/carhub.gr\/","article_modified_time":"2026-01-09T11:43:33+00:00","og_image":[{"width":245,"height":300,"url":"https:\/\/carhub.gr\/wp-content\/uploads\/2026\/01\/31166987_10156662206010649_5894789570913894400_n-245x300-1.jpg","type":"image\/jpeg"}],"twitter_card":"summary_large_image","twitter_misc":{"Dur\u00e9e de lecture estim\u00e9e":"2 minutes"},"schema":{"@context":"https:\/\/schema.org","@graph":[{"@type":"WebPage","@id":"https:\/\/carhub.gr\/fr\/location-de-voiture-a-pyrgos-santorin\/","url":"https:\/\/carhub.gr\/fr\/location-de-voiture-a-pyrgos-santorin\/","name":"Location de Voiture \u00e0 Pyrgos Santorin - Carhub","isPartOf":{"@id":"https:\/\/carhub.gr\/fr\/#website"},"primaryImageOfPage":{"@id":"https:\/\/carhub.gr\/fr\/location-de-voiture-a-pyrgos-santorin\/#primaryimage"},"image":{"@id":"https:\/\/carhub.gr\/fr\/location-de-voiture-a-pyrgos-santorin\/#primaryimage"},"thumbnailUrl":"https:\/\/carhub.gr\/wp-content\/uploads\/2026\/01\/31166987_10156662206010649_5894789570913894400_n-245x300-1.jpg","datePublished":"2026-01-09T11:41:19+00:00","dateModified":"2026-01-09T11:43:33+00:00","breadcrumb":{"@id":"https:\/\/carhub.gr\/fr\/location-de-voiture-a-pyrgos-santorin\/#breadcrumb"},"inLanguage":"fr-FR","potentialAction":[{"@type":"ReadAction","target":["https:\/\/carhub.gr\/fr\/location-de-voiture-a-pyrgos-santorin\/"]}]},{"@type":"ImageObject","inLanguage":"fr-FR","@id":"https:\/\/carhub.gr\/fr\/location-de-voiture-a-pyrgos-santorin\/#primaryimage","url":"https:\/\/carhub.gr\/wp-content\/uploads\/2026\/01\/31166987_10156662206010649_5894789570913894400_n-245x300-1.jpg","contentUrl":"https:\/\/carhub.gr\/wp-content\/uploads\/2026\/01\/31166987_10156662206010649_5894789570913894400_n-245x300-1.jpg"},{"@type":"BreadcrumbList","@id":"https:\/\/carhub.gr\/fr\/location-de-voiture-a-pyrgos-santorin\/#breadcrumb","itemListElement":[{"@type":"ListItem","position":1,"name":"Home","item":"https:\/\/carhub.gr\/fr\/"},{"@type":"ListItem","position":2,"name":"Location de Voiture \u00e0 Pyrgos Santorin"}]},{"@type":"WebSite","@id":"https:\/\/carhub.gr\/fr\/#website","url":"https:\/\/carhub.gr\/fr\/","name":"Carhub","description":"Rent a car Santorini - Santorini Car Hire","publisher":{"@id":"https:\/\/carhub.gr\/fr\/#organization"},"alternateName":"RENT A CAR SANTORINI - SANTORINI CAR RENTAL","potentialAction":[{"@type":"SearchAction","target":{"@type":"EntryPoint","urlTemplate":"https:\/\/carhub.gr\/fr\/?s={search_term_string}"},"query-input":{"@type":"PropertyValueSpecification","valueRequired":true,"valueName":"search_term_string"}}],"inLanguage":"fr-FR"},{"@type":"Organization","@id":"https:\/\/carhub.gr\/fr\/#organization","name":"Carhub","url":"https:\/\/carhub.gr\/fr\/","logo":{"@type":"ImageObject","inLanguage":"fr-FR","@id":"https:\/\/carhub.gr\/fr\/#\/schema\/logo\/image\/","url":"https:\/\/carhub.gr\/wp-content\/uploads\/2025\/12\/logo-carhub-1.png","contentUrl":"https:\/\/carhub.gr\/wp-content\/uploads\/2025\/12\/logo-carhub-1.png","width":182,"height":53,"caption":"Carhub"},"image":{"@id":"https:\/\/carhub.gr\/fr\/#\/schema\/logo\/image\/"},"sameAs":["https:\/\/www.facebook.com\/carhub.gr\/"]}]}},"_links":{"self":[{"href":"https:\/\/carhub.gr\/fr\/wp-json\/wp\/v2\/pages\/2993","targetHints":{"allow":["GET"]}}],"collection":[{"href":"https:\/\/carhub.gr\/fr\/wp-json\/wp\/v2\/pages"}],"about":[{"href":"https:\/\/carhub.gr\/fr\/wp-json\/wp\/v2\/types\/page"}],"author":[{"embeddable":true,"href":"https:\/\/carhub.gr\/fr\/wp-json\/wp\/v2\/users\/2"}],"replies":[{"embeddable":true,"href":"https:\/\/carhub.gr\/fr\/wp-json\/wp\/v2\/comments?post=2993"}],"version-history":[{"count":2,"href":"https:\/\/carhub.gr\/fr\/wp-json\/wp\/v2\/pages\/2993\/revisions"}],"predecessor-version":[{"id":3004,"href":"https:\/\/carhub.gr\/fr\/wp-json\/wp\/v2\/pages\/2993\/revisions\/3004"}],"wp:attachment":[{"href":"https:\/\/carhub.gr\/fr\/wp-json\/wp\/v2\/media?parent=2993"}],"curies":[{"name":"wp","href":"https:\/\/api.w.org\/{rel}","templated":true}]}}