{"id":2967,"date":"2026-01-09T13:18:37","date_gmt":"2026-01-09T11:18:37","guid":{"rendered":"https:\/\/carhub.gr\/rental-car-akrotiri-santorini\/"},"modified":"2026-01-09T13:37:43","modified_gmt":"2026-01-09T11:37:43","slug":"location-de-voiture-a-akrotiri-santorin","status":"publish","type":"page","link":"https:\/\/carhub.gr\/fr\/location-de-voiture-a-akrotiri-santorin\/","title":{"rendered":"Location de Voiture \u00e0 Akrotiri Santorin"},"content":{"rendered":"<div class=\"wpb-content-wrapper\">[vc_row][vc_column][vc_column_text css=\u00a0\u00bb\u00a0\u00bb]\n<h1 class=\"western\" style=\"text-align: center;\">Location de Voiture \u00e0 Akrotiri Santorin<\/h1>\n<figure id=\"attachment_2965\" aria-describedby=\"caption-attachment-2965\" style=\"width: 300px\" class=\"wp-caption aligncenter\"><img loading=\"lazy\" decoding=\"async\" class=\"wp-image-2965 size-full\" src=\"https:\/\/carhub.gr\/wp-content\/uploads\/2026\/01\/26857025_10156378774085649_98441017_n-300x290-1.jpg\" alt=\"location de voiture akrotiri\" width=\"300\" height=\"290\" \/><figcaption id=\"caption-attachment-2965\" class=\"wp-caption-text\">(prenez votre voiture de location \u00e0 Akrotiri Santorin et visitez la plage de sable rouge)<\/figcaption><\/figure>\n<p style=\"text-align: center;\"><span style=\"font-family: Arial, sans-serif;\"><span style=\"font-size: small;\"><span style=\"color: #000000;\">La p\u00e9ninsule d\u2019<a href=\"https:\/\/en.wikipedia.org\/wiki\/Akrotiri_(Santorini)\" target=\"_blank\" rel=\"noopener noreferrer\">Akrotiri<\/a> est bien s\u00fbr connue pour ses c\u00e9l\u00e8bres ruines datant de la p\u00e9riode minoenne. Cependant, Akrotiri reste relativement m\u00e9connue pour plusieurs raisons. La principale est que la route menant au site arch\u00e9ologique ne traverse m\u00eame pas le village. Les touristes visitent le site puis se dirigent vers la prochaine \u00e9tape de leur itin\u00e9raire ou vers la plage. Tr\u00e8s peu s\u2019arr\u00eatent au village.<\/span><\/span><\/span><\/p>\n<p style=\"text-align: center;\"><span style=\"color: #000000; font-size: small; font-family: Arial, sans-serif;\">Ainsi, sur une \u00eele qui est probablement l\u2019une des destinations touristiques les plus populaires de Gr\u00e8ce, se trouve un village qui poss\u00e8de de nombreuses caract\u00e9ristiques d\u2019une \u00eele isol\u00e9e. Des panneaux parfois mal orthographi\u00e9s devant les restaurants annoncent moussaka, salade grecque et poisson frais.<br \/>\n<\/span><span style=\"font-family: Arial, sans-serif;\"><span style=\"font-size: small;\"><span style=\"color: #000000;\">De petits restaurants familiaux proposent une cuisine maison, m\u00ealant plats traditionnels et ce qu\u2019ils pensent que les touristes recherchent. \u00c9tant essentiellement un village agricole, vous pouvez vous attendre \u00e0 y trouver des l\u00e9gumes frais, en particulier des tomates de saison, et une viande provenant parfois de la ferme familiale. Certains h\u00f4tels sont m\u00eame construits sur des terres agricoles familiales. Ainsi, si par exemple vous demandez du lait de ch\u00e8vre frais avec votre caf\u00e9, il est fort possible que vous l\u2019obteniez.<\/span> <\/span><\/span><\/p>\n<h2 style=\"text-align: center;\">Location de Voiture \u00e0 Akrotiri Santorin<\/h2>\n<p style=\"text-align: center;\"><span style=\"color: #000000;\"><span style=\"font-family: Arial, sans-serif;\"><span style=\"font-size: small;\">Sur l\u2019\u00eele, la location de voiture \u00e0 Akrotiri Santorin peut s\u2019av\u00e9rer tr\u00e8s utile. Comme les bus ne passent pas tr\u00e8s souvent, <\/span><\/span><\/span><span style=\"color: #000000;\"><span style=\"font-family: Arial, sans-serif;\"><span style=\"font-size: small;\">louer une voiture <\/span><\/span><\/span><strong><span style=\"color: #000000;\"><span style=\"font-family: Arial, sans-serif;\"><span style=\"font-size: small;\"><b><a href=\"http:\/\/carhub.gr\/\" target=\"_blank\" rel=\"noopener noreferrer\">en louant une voiture<\/a><\/b><\/span><\/span><\/span><\/strong> <span style=\"color: #000000;\"><span style=\"font-family: Arial, sans-serif;\"><span style=\"font-size: small;\">si vous s\u00e9journez <\/span><\/span><\/span><strong><span style=\"color: #000000;\"><span style=\"font-family: Arial, sans-serif;\"><span style=\"font-size: small;\"><b>\u00e0 Akrotiri<\/b><\/span><\/span><\/span><\/strong> <span style=\"color: #000000;\"><span style=\"font-family: Arial, sans-serif;\"><span style=\"font-size: small;\">semble \u00eatre la meilleure solution pour se d\u00e9placer. Sans oublier que cela co\u00fbtera beaucoup moins cher que l\u2019utilisation de taxis. Nous pouvons livrer et r\u00e9cup\u00e9rer votre<\/span><\/span><\/span><span style=\"color: #000000;\"> voiture de location \u00e0 Akrotiri Santorin<\/span> <span style=\"color: #000000;\"><span style=\"font-family: Arial, sans-serif;\"><span style=\"font-size: small;\">dans tous les h\u00f4tels<\/span><\/span><\/span><span style=\"color: #000000;\"><span style=\"font-family: Arial, sans-serif;\"><span style=\"font-size: small;\">, sans aucun frais suppl\u00e9mentaire. Plusieurs types de voitures sont disponibles au choix : cabriolets ou non, automatiques ou manuelles, \u00e9conomiques ou de luxe, vous offrant une totale libert\u00e9 afin de ne perdre aucun temps.<\/span><\/span><\/span><\/p>\n[\/vc_column_text][\/vc_column][\/vc_row]\n<\/div>","protected":false},"excerpt":{"rendered":"<p>[vc_row][vc_column][vc_column_text css=\u00a0\u00bb\u00a0\u00bb] Location de Voiture \u00e0 Akrotiri Santorin La p\u00e9ninsule d\u2019Akrotiri est bien s\u00fbr connue pour ses c\u00e9l\u00e8bres ruines datant de la p\u00e9riode minoenne. Cependant, Akrotiri reste relativement m\u00e9connue pour plusieurs raisons. La principale est que la route menant au site arch\u00e9ologique ne traverse m\u00eame pas le village. Les touristes visitent le site puis se&hellip;<\/p>\n","protected":false},"author":2,"featured_media":0,"parent":0,"menu_order":0,"comment_status":"closed","ping_status":"closed","template":"templates\/no-sidebar.php","meta":{"footnotes":""},"class_list":["post-2967","page","type-page","status-publish","hentry","entry","no-media"],"yoast_head":"<!-- This site is optimized with the Yoast SEO plugin v27.2 - https:\/\/yoast.com\/product\/yoast-seo-wordpress\/ -->\n<title>Location de Voiture \u00e0 Akrotiri Santorin - Carhub<\/title>\n<meta name=\"robots\" content=\"index, follow, max-snippet:-1, max-image-preview:large, max-video-preview:-1\" \/>\n<link rel=\"canonical\" href=\"https:\/\/carhub.gr\/fr\/location-de-voiture-a-akrotiri-santorin\/\" \/>\n<meta property=\"og:locale\" content=\"fr_FR\" \/>\n<meta property=\"og:type\" content=\"article\" \/>\n<meta property=\"og:title\" content=\"Location de Voiture \u00e0 Akrotiri Santorin - Carhub\" \/>\n<meta property=\"og:description\" content=\"[vc_row][vc_column][vc_column_text css=\u00a0\u00bb\u00a0\u00bb] Location de Voiture \u00e0 Akrotiri Santorin La p\u00e9ninsule d\u2019Akrotiri est bien s\u00fbr connue pour ses c\u00e9l\u00e8bres ruines datant de la p\u00e9riode minoenne. Cependant, Akrotiri reste relativement m\u00e9connue pour plusieurs raisons. La principale est que la route menant au site arch\u00e9ologique ne traverse m\u00eame pas le village. Les touristes visitent le site puis se&hellip;\" \/>\n<meta property=\"og:url\" content=\"https:\/\/carhub.gr\/fr\/location-de-voiture-a-akrotiri-santorin\/\" \/>\n<meta property=\"og:site_name\" content=\"Carhub\" \/>\n<meta property=\"article:publisher\" content=\"https:\/\/www.facebook.com\/carhub.gr\/\" \/>\n<meta property=\"article:modified_time\" content=\"2026-01-09T11:37:43+00:00\" \/>\n<meta property=\"og:image\" content=\"https:\/\/carhub.gr\/wp-content\/uploads\/2026\/01\/26857025_10156378774085649_98441017_n-300x290-1.jpg\" \/>\n\t<meta property=\"og:image:width\" content=\"300\" \/>\n\t<meta property=\"og:image:height\" content=\"290\" \/>\n\t<meta property=\"og:image:type\" content=\"image\/jpeg\" \/>\n<meta name=\"twitter:card\" content=\"summary_large_image\" \/>\n<meta name=\"twitter:label1\" content=\"Dur\u00e9e de lecture estim\u00e9e\" \/>\n\t<meta name=\"twitter:data1\" content=\"2 minutes\" \/>\n<script type=\"application\/ld+json\" class=\"yoast-schema-graph\">{\"@context\":\"https:\/\/schema.org\",\"@graph\":[{\"@type\":\"WebPage\",\"@id\":\"https:\/\/carhub.gr\/fr\/location-de-voiture-a-akrotiri-santorin\/\",\"url\":\"https:\/\/carhub.gr\/fr\/location-de-voiture-a-akrotiri-santorin\/\",\"name\":\"Location de Voiture \u00e0 Akrotiri Santorin - Carhub\",\"isPartOf\":{\"@id\":\"https:\/\/carhub.gr\/fr\/#website\"},\"primaryImageOfPage\":{\"@id\":\"https:\/\/carhub.gr\/fr\/location-de-voiture-a-akrotiri-santorin\/#primaryimage\"},\"image\":{\"@id\":\"https:\/\/carhub.gr\/fr\/location-de-voiture-a-akrotiri-santorin\/#primaryimage\"},\"thumbnailUrl\":\"https:\/\/carhub.gr\/wp-content\/uploads\/2026\/01\/26857025_10156378774085649_98441017_n-300x290-1.jpg\",\"datePublished\":\"2026-01-09T11:18:37+00:00\",\"dateModified\":\"2026-01-09T11:37:43+00:00\",\"breadcrumb\":{\"@id\":\"https:\/\/carhub.gr\/fr\/location-de-voiture-a-akrotiri-santorin\/#breadcrumb\"},\"inLanguage\":\"fr-FR\",\"potentialAction\":[{\"@type\":\"ReadAction\",\"target\":[\"https:\/\/carhub.gr\/fr\/location-de-voiture-a-akrotiri-santorin\/\"]}]},{\"@type\":\"ImageObject\",\"inLanguage\":\"fr-FR\",\"@id\":\"https:\/\/carhub.gr\/fr\/location-de-voiture-a-akrotiri-santorin\/#primaryimage\",\"url\":\"https:\/\/carhub.gr\/wp-content\/uploads\/2026\/01\/26857025_10156378774085649_98441017_n-300x290-1.jpg\",\"contentUrl\":\"https:\/\/carhub.gr\/wp-content\/uploads\/2026\/01\/26857025_10156378774085649_98441017_n-300x290-1.jpg\"},{\"@type\":\"BreadcrumbList\",\"@id\":\"https:\/\/carhub.gr\/fr\/location-de-voiture-a-akrotiri-santorin\/#breadcrumb\",\"itemListElement\":[{\"@type\":\"ListItem\",\"position\":1,\"name\":\"Home\",\"item\":\"https:\/\/carhub.gr\/fr\/\"},{\"@type\":\"ListItem\",\"position\":2,\"name\":\"Location de Voiture \u00e0 Akrotiri Santorin\"}]},{\"@type\":\"WebSite\",\"@id\":\"https:\/\/carhub.gr\/fr\/#website\",\"url\":\"https:\/\/carhub.gr\/fr\/\",\"name\":\"Carhub\",\"description\":\"Rent a car Santorini - Santorini Car Hire\",\"publisher\":{\"@id\":\"https:\/\/carhub.gr\/fr\/#organization\"},\"alternateName\":\"RENT A CAR SANTORINI - SANTORINI CAR RENTAL\",\"potentialAction\":[{\"@type\":\"SearchAction\",\"target\":{\"@type\":\"EntryPoint\",\"urlTemplate\":\"https:\/\/carhub.gr\/fr\/?s={search_term_string}\"},\"query-input\":{\"@type\":\"PropertyValueSpecification\",\"valueRequired\":true,\"valueName\":\"search_term_string\"}}],\"inLanguage\":\"fr-FR\"},{\"@type\":\"Organization\",\"@id\":\"https:\/\/carhub.gr\/fr\/#organization\",\"name\":\"Carhub\",\"url\":\"https:\/\/carhub.gr\/fr\/\",\"logo\":{\"@type\":\"ImageObject\",\"inLanguage\":\"fr-FR\",\"@id\":\"https:\/\/carhub.gr\/fr\/#\/schema\/logo\/image\/\",\"url\":\"https:\/\/carhub.gr\/wp-content\/uploads\/2025\/12\/logo-carhub-1.png\",\"contentUrl\":\"https:\/\/carhub.gr\/wp-content\/uploads\/2025\/12\/logo-carhub-1.png\",\"width\":182,\"height\":53,\"caption\":\"Carhub\"},\"image\":{\"@id\":\"https:\/\/carhub.gr\/fr\/#\/schema\/logo\/image\/\"},\"sameAs\":[\"https:\/\/www.facebook.com\/carhub.gr\/\"]}]}<\/script>\n<!-- \/ Yoast SEO plugin. -->","yoast_head_json":{"title":"Location de Voiture \u00e0 Akrotiri Santorin - Carhub","robots":{"index":"index","follow":"follow","max-snippet":"max-snippet:-1","max-image-preview":"max-image-preview:large","max-video-preview":"max-video-preview:-1"},"canonical":"https:\/\/carhub.gr\/fr\/location-de-voiture-a-akrotiri-santorin\/","og_locale":"fr_FR","og_type":"article","og_title":"Location de Voiture \u00e0 Akrotiri Santorin - Carhub","og_description":"[vc_row][vc_column][vc_column_text css=\u00a0\u00bb\u00a0\u00bb] Location de Voiture \u00e0 Akrotiri Santorin La p\u00e9ninsule d\u2019Akrotiri est bien s\u00fbr connue pour ses c\u00e9l\u00e8bres ruines datant de la p\u00e9riode minoenne. Cependant, Akrotiri reste relativement m\u00e9connue pour plusieurs raisons. La principale est que la route menant au site arch\u00e9ologique ne traverse m\u00eame pas le village. Les touristes visitent le site puis se&hellip;","og_url":"https:\/\/carhub.gr\/fr\/location-de-voiture-a-akrotiri-santorin\/","og_site_name":"Carhub","article_publisher":"https:\/\/www.facebook.com\/carhub.gr\/","article_modified_time":"2026-01-09T11:37:43+00:00","og_image":[{"width":300,"height":290,"url":"https:\/\/carhub.gr\/wp-content\/uploads\/2026\/01\/26857025_10156378774085649_98441017_n-300x290-1.jpg","type":"image\/jpeg"}],"twitter_card":"summary_large_image","twitter_misc":{"Dur\u00e9e de lecture estim\u00e9e":"2 minutes"},"schema":{"@context":"https:\/\/schema.org","@graph":[{"@type":"WebPage","@id":"https:\/\/carhub.gr\/fr\/location-de-voiture-a-akrotiri-santorin\/","url":"https:\/\/carhub.gr\/fr\/location-de-voiture-a-akrotiri-santorin\/","name":"Location de Voiture \u00e0 Akrotiri Santorin - Carhub","isPartOf":{"@id":"https:\/\/carhub.gr\/fr\/#website"},"primaryImageOfPage":{"@id":"https:\/\/carhub.gr\/fr\/location-de-voiture-a-akrotiri-santorin\/#primaryimage"},"image":{"@id":"https:\/\/carhub.gr\/fr\/location-de-voiture-a-akrotiri-santorin\/#primaryimage"},"thumbnailUrl":"https:\/\/carhub.gr\/wp-content\/uploads\/2026\/01\/26857025_10156378774085649_98441017_n-300x290-1.jpg","datePublished":"2026-01-09T11:18:37+00:00","dateModified":"2026-01-09T11:37:43+00:00","breadcrumb":{"@id":"https:\/\/carhub.gr\/fr\/location-de-voiture-a-akrotiri-santorin\/#breadcrumb"},"inLanguage":"fr-FR","potentialAction":[{"@type":"ReadAction","target":["https:\/\/carhub.gr\/fr\/location-de-voiture-a-akrotiri-santorin\/"]}]},{"@type":"ImageObject","inLanguage":"fr-FR","@id":"https:\/\/carhub.gr\/fr\/location-de-voiture-a-akrotiri-santorin\/#primaryimage","url":"https:\/\/carhub.gr\/wp-content\/uploads\/2026\/01\/26857025_10156378774085649_98441017_n-300x290-1.jpg","contentUrl":"https:\/\/carhub.gr\/wp-content\/uploads\/2026\/01\/26857025_10156378774085649_98441017_n-300x290-1.jpg"},{"@type":"BreadcrumbList","@id":"https:\/\/carhub.gr\/fr\/location-de-voiture-a-akrotiri-santorin\/#breadcrumb","itemListElement":[{"@type":"ListItem","position":1,"name":"Home","item":"https:\/\/carhub.gr\/fr\/"},{"@type":"ListItem","position":2,"name":"Location de Voiture \u00e0 Akrotiri Santorin"}]},{"@type":"WebSite","@id":"https:\/\/carhub.gr\/fr\/#website","url":"https:\/\/carhub.gr\/fr\/","name":"Carhub","description":"Rent a car Santorini - Santorini Car Hire","publisher":{"@id":"https:\/\/carhub.gr\/fr\/#organization"},"alternateName":"RENT A CAR SANTORINI - SANTORINI CAR RENTAL","potentialAction":[{"@type":"SearchAction","target":{"@type":"EntryPoint","urlTemplate":"https:\/\/carhub.gr\/fr\/?s={search_term_string}"},"query-input":{"@type":"PropertyValueSpecification","valueRequired":true,"valueName":"search_term_string"}}],"inLanguage":"fr-FR"},{"@type":"Organization","@id":"https:\/\/carhub.gr\/fr\/#organization","name":"Carhub","url":"https:\/\/carhub.gr\/fr\/","logo":{"@type":"ImageObject","inLanguage":"fr-FR","@id":"https:\/\/carhub.gr\/fr\/#\/schema\/logo\/image\/","url":"https:\/\/carhub.gr\/wp-content\/uploads\/2025\/12\/logo-carhub-1.png","contentUrl":"https:\/\/carhub.gr\/wp-content\/uploads\/2025\/12\/logo-carhub-1.png","width":182,"height":53,"caption":"Carhub"},"image":{"@id":"https:\/\/carhub.gr\/fr\/#\/schema\/logo\/image\/"},"sameAs":["https:\/\/www.facebook.com\/carhub.gr\/"]}]}},"_links":{"self":[{"href":"https:\/\/carhub.gr\/fr\/wp-json\/wp\/v2\/pages\/2967","targetHints":{"allow":["GET"]}}],"collection":[{"href":"https:\/\/carhub.gr\/fr\/wp-json\/wp\/v2\/pages"}],"about":[{"href":"https:\/\/carhub.gr\/fr\/wp-json\/wp\/v2\/types\/page"}],"author":[{"embeddable":true,"href":"https:\/\/carhub.gr\/fr\/wp-json\/wp\/v2\/users\/2"}],"replies":[{"embeddable":true,"href":"https:\/\/carhub.gr\/fr\/wp-json\/wp\/v2\/comments?post=2967"}],"version-history":[{"count":1,"href":"https:\/\/carhub.gr\/fr\/wp-json\/wp\/v2\/pages\/2967\/revisions"}],"predecessor-version":[{"id":2977,"href":"https:\/\/carhub.gr\/fr\/wp-json\/wp\/v2\/pages\/2967\/revisions\/2977"}],"wp:attachment":[{"href":"https:\/\/carhub.gr\/fr\/wp-json\/wp\/v2\/media?parent=2967"}],"curies":[{"name":"wp","href":"https:\/\/api.w.org\/{rel}","templated":true}]}}