{"id":2944,"date":"2026-01-09T13:10:19","date_gmt":"2026-01-09T11:10:19","guid":{"rendered":"https:\/\/carhub.gr\/kamari-santorini-car-rental\/"},"modified":"2026-01-09T13:35:19","modified_gmt":"2026-01-09T11:35:19","slug":"location-de-voitures-a-kamari-santorin","status":"publish","type":"page","link":"https:\/\/carhub.gr\/fr\/location-de-voitures-a-kamari-santorin\/","title":{"rendered":"Location de Voitures \u00e0 Kamari Santorin"},"content":{"rendered":"<div class=\"wpb-content-wrapper\">[vc_row][vc_column][vc_column_text css=\u00a0\u00bb\u00a0\u00bb]\n<h1 class=\"western\" style=\"text-align: center;\">Location de Voitures \u00e0 Kamari Santorin<\/h1>\n<figure id=\"attachment_2939\" aria-describedby=\"caption-attachment-2939\" style=\"width: 249px\" class=\"wp-caption aligncenter\"><img loading=\"lazy\" decoding=\"async\" class=\"wp-image-2939 size-full\" src=\"https:\/\/carhub.gr\/wp-content\/uploads\/2026\/01\/27045091_10156378774420649_673530811_n-249x300-1.jpg\" alt=\"Location de Voitures \u00e0 Kamari Santorin\" width=\"249\" height=\"300\" \/><figcaption id=\"caption-attachment-2939\" class=\"wp-caption-text\">(Location de Voitures \u00e0 Kamari Santorin)<\/figcaption><\/figure>\n<p style=\"text-align: center;\"><span style=\"color: #000000;\"><span style=\"font-family: Arial, sans-serif;\"><span style=\"font-size: small;\">Tout d\u2019abord, <a href=\"https:\/\/www.santorini-view.com\/kamari\/\" target=\"_blank\" rel=\"noopener noreferrer\">Kamari<\/a> est un village baln\u00e9aire situ\u00e9 sur la c\u00f4te sud-est de Santorin, au pied nord du mont Mesa Vouno, \u00e0 quelques kilom\u00e8tres de la capitale. Vous pouvez y acc\u00e9der en louant une voiture aupr\u00e8s de <a href=\"http:\/\/carhub.gr\/\">Carhub<\/a>. Son nom provient d\u2019une petite arche, vestige d\u2019un ancien sanctuaire d\u00e9di\u00e9 \u00e0 Pos\u00e9idon, situ\u00e9e \u00e0 l\u2019extr\u00e9mit\u00e9 sud de la plage.<\/span><\/span><\/span><span style=\"font-family: Arial, sans-serif;\"><span style=\"font-size: small;\"><span style=\"color: #000000;\">Le village dispose d\u2019infrastructures modernes avec une multitude de services et abrite l\u2019a\u00e9roport de Santorin. Une longue promenade invite \u00e0 une agr\u00e9able balade, bord\u00e9e de boutiques, restaurants, tavernes et caf\u00e9s-bars o\u00f9 vous pourrez vous d\u00e9tendre et profiter de la brise marine. Vous aurez \u00e9galement l\u2019occasion d\u2019\u00e9couter de la musique grecque traditionnelle en direct. De plus, les seuls cin\u00e9mas de l\u2019\u00eele se trouvent \u00e0 Kamari, dont un charmant cin\u00e9ma en plein air entour\u00e9 d\u2019arbres.<\/span> <\/span><\/span><\/p>\n<h2 style=\"text-align: center;\">Location de Voitures \u00e0 Kamari Santorin<\/h2>\n<p style=\"text-align: center;\"><span style=\"color: #000000;\"><span style=\"font-family: Arial, sans-serif;\"><span style=\"font-size: small;\">Louer une voiture \u00e0 Santorin, compar\u00e9 aux autres moyens de transport, est plut\u00f4t \u00e9conomique et rend chaque journ\u00e9e unique. Nous pouvons livrer la <strong><b>voiture de location<\/b><\/strong> de votre choix \u2014 <strong><b>automatique<\/b><\/strong>, cabriolet, <strong><b>\u00e9conomique<\/b><\/strong> ou de luxe \u2014 \u00e0 n\u2019importe quel h\u00f4tel de la plage de Kamari, sans aucun frais suppl\u00e9mentaire. Il vous suffit de nous appeler ou de r\u00e9server votre voiture de location en ligne, et nous vous retrouverons \u00e0 la r\u00e9ception de votre h\u00f4tel. Vous pourrez restituer le v\u00e9hicule au m\u00eame endroit ou \u00e0 tout autre lieu de votre choix.<\/span><\/span><\/span><\/p>\n[\/vc_column_text][\/vc_column][\/vc_row]\n<\/div>","protected":false},"excerpt":{"rendered":"<p>[vc_row][vc_column][vc_column_text css=\u00a0\u00bb\u00a0\u00bb] Location de Voitures \u00e0 Kamari Santorin Tout d\u2019abord, Kamari est un village baln\u00e9aire situ\u00e9 sur la c\u00f4te sud-est de Santorin, au pied nord du mont Mesa Vouno, \u00e0 quelques kilom\u00e8tres de la capitale. Vous pouvez y acc\u00e9der en louant une voiture aupr\u00e8s de Carhub. Son nom provient d\u2019une petite arche, vestige d\u2019un ancien&hellip;<\/p>\n","protected":false},"author":2,"featured_media":0,"parent":0,"menu_order":0,"comment_status":"closed","ping_status":"closed","template":"templates\/no-sidebar.php","meta":{"footnotes":""},"class_list":["post-2944","page","type-page","status-publish","hentry","entry","no-media"],"yoast_head":"<!-- This site is optimized with the Yoast SEO plugin v27.2 - https:\/\/yoast.com\/product\/yoast-seo-wordpress\/ -->\n<title>Location de Voitures \u00e0 Kamari Santorin - Carhub<\/title>\n<meta name=\"robots\" content=\"index, follow, max-snippet:-1, max-image-preview:large, max-video-preview:-1\" \/>\n<link rel=\"canonical\" href=\"https:\/\/carhub.gr\/fr\/location-de-voitures-a-kamari-santorin\/\" \/>\n<meta property=\"og:locale\" content=\"fr_FR\" \/>\n<meta property=\"og:type\" content=\"article\" \/>\n<meta property=\"og:title\" content=\"Location de Voitures \u00e0 Kamari Santorin - Carhub\" \/>\n<meta property=\"og:description\" content=\"[vc_row][vc_column][vc_column_text css=\u00a0\u00bb\u00a0\u00bb] Location de Voitures \u00e0 Kamari Santorin Tout d\u2019abord, Kamari est un village baln\u00e9aire situ\u00e9 sur la c\u00f4te sud-est de Santorin, au pied nord du mont Mesa Vouno, \u00e0 quelques kilom\u00e8tres de la capitale. Vous pouvez y acc\u00e9der en louant une voiture aupr\u00e8s de Carhub. Son nom provient d\u2019une petite arche, vestige d\u2019un ancien&hellip;\" \/>\n<meta property=\"og:url\" content=\"https:\/\/carhub.gr\/fr\/location-de-voitures-a-kamari-santorin\/\" \/>\n<meta property=\"og:site_name\" content=\"Carhub\" \/>\n<meta property=\"article:publisher\" content=\"https:\/\/www.facebook.com\/carhub.gr\/\" \/>\n<meta property=\"article:modified_time\" content=\"2026-01-09T11:35:19+00:00\" \/>\n<meta property=\"og:image\" content=\"https:\/\/carhub.gr\/wp-content\/uploads\/2026\/01\/27045091_10156378774420649_673530811_n-249x300-1.jpg\" \/>\n\t<meta property=\"og:image:width\" content=\"249\" \/>\n\t<meta property=\"og:image:height\" content=\"300\" \/>\n\t<meta property=\"og:image:type\" content=\"image\/jpeg\" \/>\n<meta name=\"twitter:card\" content=\"summary_large_image\" \/>\n<meta name=\"twitter:label1\" content=\"Dur\u00e9e de lecture estim\u00e9e\" \/>\n\t<meta name=\"twitter:data1\" content=\"2 minutes\" \/>\n<script type=\"application\/ld+json\" class=\"yoast-schema-graph\">{\"@context\":\"https:\/\/schema.org\",\"@graph\":[{\"@type\":\"WebPage\",\"@id\":\"https:\/\/carhub.gr\/fr\/location-de-voitures-a-kamari-santorin\/\",\"url\":\"https:\/\/carhub.gr\/fr\/location-de-voitures-a-kamari-santorin\/\",\"name\":\"Location de Voitures \u00e0 Kamari Santorin - Carhub\",\"isPartOf\":{\"@id\":\"https:\/\/carhub.gr\/fr\/#website\"},\"primaryImageOfPage\":{\"@id\":\"https:\/\/carhub.gr\/fr\/location-de-voitures-a-kamari-santorin\/#primaryimage\"},\"image\":{\"@id\":\"https:\/\/carhub.gr\/fr\/location-de-voitures-a-kamari-santorin\/#primaryimage\"},\"thumbnailUrl\":\"https:\/\/carhub.gr\/wp-content\/uploads\/2026\/01\/27045091_10156378774420649_673530811_n-249x300-1.jpg\",\"datePublished\":\"2026-01-09T11:10:19+00:00\",\"dateModified\":\"2026-01-09T11:35:19+00:00\",\"breadcrumb\":{\"@id\":\"https:\/\/carhub.gr\/fr\/location-de-voitures-a-kamari-santorin\/#breadcrumb\"},\"inLanguage\":\"fr-FR\",\"potentialAction\":[{\"@type\":\"ReadAction\",\"target\":[\"https:\/\/carhub.gr\/fr\/location-de-voitures-a-kamari-santorin\/\"]}]},{\"@type\":\"ImageObject\",\"inLanguage\":\"fr-FR\",\"@id\":\"https:\/\/carhub.gr\/fr\/location-de-voitures-a-kamari-santorin\/#primaryimage\",\"url\":\"https:\/\/carhub.gr\/wp-content\/uploads\/2026\/01\/27045091_10156378774420649_673530811_n-249x300-1.jpg\",\"contentUrl\":\"https:\/\/carhub.gr\/wp-content\/uploads\/2026\/01\/27045091_10156378774420649_673530811_n-249x300-1.jpg\"},{\"@type\":\"BreadcrumbList\",\"@id\":\"https:\/\/carhub.gr\/fr\/location-de-voitures-a-kamari-santorin\/#breadcrumb\",\"itemListElement\":[{\"@type\":\"ListItem\",\"position\":1,\"name\":\"Home\",\"item\":\"https:\/\/carhub.gr\/fr\/\"},{\"@type\":\"ListItem\",\"position\":2,\"name\":\"Location de Voitures \u00e0 Kamari Santorin\"}]},{\"@type\":\"WebSite\",\"@id\":\"https:\/\/carhub.gr\/fr\/#website\",\"url\":\"https:\/\/carhub.gr\/fr\/\",\"name\":\"Carhub\",\"description\":\"Rent a car Santorini - Santorini Car Hire\",\"publisher\":{\"@id\":\"https:\/\/carhub.gr\/fr\/#organization\"},\"alternateName\":\"RENT A CAR SANTORINI - SANTORINI CAR RENTAL\",\"potentialAction\":[{\"@type\":\"SearchAction\",\"target\":{\"@type\":\"EntryPoint\",\"urlTemplate\":\"https:\/\/carhub.gr\/fr\/?s={search_term_string}\"},\"query-input\":{\"@type\":\"PropertyValueSpecification\",\"valueRequired\":true,\"valueName\":\"search_term_string\"}}],\"inLanguage\":\"fr-FR\"},{\"@type\":\"Organization\",\"@id\":\"https:\/\/carhub.gr\/fr\/#organization\",\"name\":\"Carhub\",\"url\":\"https:\/\/carhub.gr\/fr\/\",\"logo\":{\"@type\":\"ImageObject\",\"inLanguage\":\"fr-FR\",\"@id\":\"https:\/\/carhub.gr\/fr\/#\/schema\/logo\/image\/\",\"url\":\"https:\/\/carhub.gr\/wp-content\/uploads\/2025\/12\/logo-carhub-1.png\",\"contentUrl\":\"https:\/\/carhub.gr\/wp-content\/uploads\/2025\/12\/logo-carhub-1.png\",\"width\":182,\"height\":53,\"caption\":\"Carhub\"},\"image\":{\"@id\":\"https:\/\/carhub.gr\/fr\/#\/schema\/logo\/image\/\"},\"sameAs\":[\"https:\/\/www.facebook.com\/carhub.gr\/\"]}]}<\/script>\n<!-- \/ Yoast SEO plugin. -->","yoast_head_json":{"title":"Location de Voitures \u00e0 Kamari Santorin - Carhub","robots":{"index":"index","follow":"follow","max-snippet":"max-snippet:-1","max-image-preview":"max-image-preview:large","max-video-preview":"max-video-preview:-1"},"canonical":"https:\/\/carhub.gr\/fr\/location-de-voitures-a-kamari-santorin\/","og_locale":"fr_FR","og_type":"article","og_title":"Location de Voitures \u00e0 Kamari Santorin - Carhub","og_description":"[vc_row][vc_column][vc_column_text css=\u00a0\u00bb\u00a0\u00bb] Location de Voitures \u00e0 Kamari Santorin Tout d\u2019abord, Kamari est un village baln\u00e9aire situ\u00e9 sur la c\u00f4te sud-est de Santorin, au pied nord du mont Mesa Vouno, \u00e0 quelques kilom\u00e8tres de la capitale. Vous pouvez y acc\u00e9der en louant une voiture aupr\u00e8s de Carhub. Son nom provient d\u2019une petite arche, vestige d\u2019un ancien&hellip;","og_url":"https:\/\/carhub.gr\/fr\/location-de-voitures-a-kamari-santorin\/","og_site_name":"Carhub","article_publisher":"https:\/\/www.facebook.com\/carhub.gr\/","article_modified_time":"2026-01-09T11:35:19+00:00","og_image":[{"width":249,"height":300,"url":"https:\/\/carhub.gr\/wp-content\/uploads\/2026\/01\/27045091_10156378774420649_673530811_n-249x300-1.jpg","type":"image\/jpeg"}],"twitter_card":"summary_large_image","twitter_misc":{"Dur\u00e9e de lecture estim\u00e9e":"2 minutes"},"schema":{"@context":"https:\/\/schema.org","@graph":[{"@type":"WebPage","@id":"https:\/\/carhub.gr\/fr\/location-de-voitures-a-kamari-santorin\/","url":"https:\/\/carhub.gr\/fr\/location-de-voitures-a-kamari-santorin\/","name":"Location de Voitures \u00e0 Kamari Santorin - Carhub","isPartOf":{"@id":"https:\/\/carhub.gr\/fr\/#website"},"primaryImageOfPage":{"@id":"https:\/\/carhub.gr\/fr\/location-de-voitures-a-kamari-santorin\/#primaryimage"},"image":{"@id":"https:\/\/carhub.gr\/fr\/location-de-voitures-a-kamari-santorin\/#primaryimage"},"thumbnailUrl":"https:\/\/carhub.gr\/wp-content\/uploads\/2026\/01\/27045091_10156378774420649_673530811_n-249x300-1.jpg","datePublished":"2026-01-09T11:10:19+00:00","dateModified":"2026-01-09T11:35:19+00:00","breadcrumb":{"@id":"https:\/\/carhub.gr\/fr\/location-de-voitures-a-kamari-santorin\/#breadcrumb"},"inLanguage":"fr-FR","potentialAction":[{"@type":"ReadAction","target":["https:\/\/carhub.gr\/fr\/location-de-voitures-a-kamari-santorin\/"]}]},{"@type":"ImageObject","inLanguage":"fr-FR","@id":"https:\/\/carhub.gr\/fr\/location-de-voitures-a-kamari-santorin\/#primaryimage","url":"https:\/\/carhub.gr\/wp-content\/uploads\/2026\/01\/27045091_10156378774420649_673530811_n-249x300-1.jpg","contentUrl":"https:\/\/carhub.gr\/wp-content\/uploads\/2026\/01\/27045091_10156378774420649_673530811_n-249x300-1.jpg"},{"@type":"BreadcrumbList","@id":"https:\/\/carhub.gr\/fr\/location-de-voitures-a-kamari-santorin\/#breadcrumb","itemListElement":[{"@type":"ListItem","position":1,"name":"Home","item":"https:\/\/carhub.gr\/fr\/"},{"@type":"ListItem","position":2,"name":"Location de Voitures \u00e0 Kamari Santorin"}]},{"@type":"WebSite","@id":"https:\/\/carhub.gr\/fr\/#website","url":"https:\/\/carhub.gr\/fr\/","name":"Carhub","description":"Rent a car Santorini - Santorini Car Hire","publisher":{"@id":"https:\/\/carhub.gr\/fr\/#organization"},"alternateName":"RENT A CAR SANTORINI - SANTORINI CAR RENTAL","potentialAction":[{"@type":"SearchAction","target":{"@type":"EntryPoint","urlTemplate":"https:\/\/carhub.gr\/fr\/?s={search_term_string}"},"query-input":{"@type":"PropertyValueSpecification","valueRequired":true,"valueName":"search_term_string"}}],"inLanguage":"fr-FR"},{"@type":"Organization","@id":"https:\/\/carhub.gr\/fr\/#organization","name":"Carhub","url":"https:\/\/carhub.gr\/fr\/","logo":{"@type":"ImageObject","inLanguage":"fr-FR","@id":"https:\/\/carhub.gr\/fr\/#\/schema\/logo\/image\/","url":"https:\/\/carhub.gr\/wp-content\/uploads\/2025\/12\/logo-carhub-1.png","contentUrl":"https:\/\/carhub.gr\/wp-content\/uploads\/2025\/12\/logo-carhub-1.png","width":182,"height":53,"caption":"Carhub"},"image":{"@id":"https:\/\/carhub.gr\/fr\/#\/schema\/logo\/image\/"},"sameAs":["https:\/\/www.facebook.com\/carhub.gr\/"]}]}},"_links":{"self":[{"href":"https:\/\/carhub.gr\/fr\/wp-json\/wp\/v2\/pages\/2944","targetHints":{"allow":["GET"]}}],"collection":[{"href":"https:\/\/carhub.gr\/fr\/wp-json\/wp\/v2\/pages"}],"about":[{"href":"https:\/\/carhub.gr\/fr\/wp-json\/wp\/v2\/types\/page"}],"author":[{"embeddable":true,"href":"https:\/\/carhub.gr\/fr\/wp-json\/wp\/v2\/users\/2"}],"replies":[{"embeddable":true,"href":"https:\/\/carhub.gr\/fr\/wp-json\/wp\/v2\/comments?post=2944"}],"version-history":[{"count":2,"href":"https:\/\/carhub.gr\/fr\/wp-json\/wp\/v2\/pages\/2944\/revisions"}],"predecessor-version":[{"id":2957,"href":"https:\/\/carhub.gr\/fr\/wp-json\/wp\/v2\/pages\/2944\/revisions\/2957"}],"wp:attachment":[{"href":"https:\/\/carhub.gr\/fr\/wp-json\/wp\/v2\/media?parent=2944"}],"curies":[{"name":"wp","href":"https:\/\/api.w.org\/{rel}","templated":true}]}}