{"id":2922,"date":"2026-01-09T13:01:17","date_gmt":"2026-01-09T11:01:17","guid":{"rendered":"https:\/\/carhub.gr\/rental-cars-oia-santorini\/"},"modified":"2026-01-09T13:03:46","modified_gmt":"2026-01-09T11:03:46","slug":"location-de-voiture-a-oia-santorin","status":"publish","type":"page","link":"https:\/\/carhub.gr\/fr\/location-de-voiture-a-oia-santorin\/","title":{"rendered":"Location de Voiture \u00e0 Oia Santorin"},"content":{"rendered":"<div class=\"wpb-content-wrapper\">[vc_row][vc_column][vc_column_text css=\u00a0\u00bb\u00a0\u00bb]\n<h1 class=\"western\" style=\"text-align: center;\">Location de Voiture \u00e0 Oia Santorin<\/h1>\n<figure id=\"attachment_2919\" aria-describedby=\"caption-attachment-2919\" style=\"width: 244px\" class=\"wp-caption aligncenter\"><a href=\"https:\/\/www.tripadvisor.com\/Tourism-g482941-Oia_Santorini_Cyclades_South_Aegean-Vacations.html\" target=\"_blank\" rel=\"noopener noreferrer\"><img loading=\"lazy\" decoding=\"async\" class=\"wp-image-2919 size-full\" src=\"https:\/\/carhub.gr\/wp-content\/uploads\/2026\/01\/30740029_10156651300655649_3487170955069882368_n-244x300-1.jpg\" alt=\"\" width=\"244\" height=\"300\" \/><\/a><figcaption id=\"caption-attachment-2919\" class=\"wp-caption-text\">Location de Voiture \u00e0 Oia Santorin<\/figcaption><\/figure>\n<p style=\"text-align: center;\"><span style=\"color: #000000;\"><span style=\"font-family: Arial, sans-serif;\"><span style=\"font-size: small;\"><a href=\"https:\/\/www.tripadvisor.com\/Tourism-g482941-Oia_Santorini_Cyclades_South_Aegean-Vacations.html\" target=\"_blank\" rel=\"noopener noreferrer\">Oia<\/a>, prononc\u00e9 Ia, est le village le plus c\u00e9l\u00e8bre de Santorin. Connu dans le monde entier pour son atmosph\u00e8re paisible et ses couchers de soleil spectaculaires, c\u2019est sans aucun doute le village le plus beau et le plus pittoresque de l\u2019\u00eele. Le village est situ\u00e9 au sommet d\u2019une impressionnante falaise et offre une vue spectaculaire sur le volcan de Palea et Nea Kameni ainsi que sur l\u2019\u00eele de Thirassia. Oia se trouve au nord de l\u2019\u00eele, \u00e0 11 km de Fira. C\u2019est un village traditionnel avec de charmantes maisons dans des ruelles \u00e9troites, des \u00e9glises aux d\u00f4mes bleus et des terrasses baign\u00e9es de soleil. Ses rues comptent de nombreuses boutiques touristiques, tavernes, caf\u00e9s et autres commerces.<\/span><\/span><\/span><\/p>\n<p style=\"text-align: center;\"><span style=\"color: #000000;\"><span style=\"font-family: Arial, sans-serif;\"><span style=\"font-size: small;\"> Oia est beaucoup plus calme que Fira et la zone la plus anim\u00e9e est la rue pi\u00e9tonne principale qui la traverse sur toute sa longueur. \u00c0 l\u2019entr\u00e9e du village se trouve un parking o\u00f9 les visiteurs peuvent laisser leur v\u00e9hicule et profiter de longues promenades sur les chemins pittoresques. Le volcan est ici moins imposant, mais la vue reste absolument magnifique. <\/span><\/span><\/span><span style=\"color: #000000;\"><span style=\"font-family: Arial, sans-serif;\"><span style=\"font-size: small;\"><span style=\"font-family: Arial, Helvetica, sans-serif;\">Oia poss\u00e8de \u00e9galement un petit port, Ammoudi, accessible par un escalier d\u2019environ 300 marches menant vers le bas. De l\u00e0, de petits bateaux peuvent vous emmener en face, vers l\u2019\u00eele de Thirassia. La plage d\u2019Armenis se situe \u00e9galement \u00e0 cet endroit. Les tavernes d\u2019Oia proposent aux visiteurs de d\u00e9licieux plats \u00e0 base de poisson frais. <\/span><\/span><\/span><\/span><\/p>\n<h3 style=\"text-align: center;\">Location de voiture \u00e0 Santorin \u00e0 Oia \u2013 Louer une voiture \u00e0 Santorin \u2013 Location de voitures au port et \u00e0 l\u2019a\u00e9roport<\/h3>\n<p style=\"text-align: center;\"><span style=\"color: #000000;\"><span style=\"font-family: Arial, sans-serif;\"><span style=\"font-size: small;\">Nous pouvons livrer votre <strong><b><a href=\"http:\/\/carhub.gr\/\">voiture de location \u00e0 Santorin<\/a> \u00e0 Oia<\/b><\/strong>, si votre h\u00f4tel se situe dans la r\u00e9gion. Les taxis pour Oia sont assez chers et les bus sont g\u00e9n\u00e9ralement bond\u00e9s. Nous vous recommandons vivement, si vous avez d\u00e9cid\u00e9 de <strong><b>louer une voiture<\/b><\/strong> pour votre s\u00e9jour <strong><b>\u00e0 Santorin<\/b><\/strong>, de la faire livrer et restituer au port ou \u00e0 l\u2019a\u00e9roport afin d\u2019\u00e9conomiser sur les frais de transfert. Enfin, veuillez nous contacter pour plus de d\u00e9tails concernant la livraison ou la restitution de votre <em>voiture de location \u00e0 Santorin<\/em> \u00e0 <em>Oia<\/em>.<\/span><\/span><\/span><\/p>\n[\/vc_column_text][\/vc_column][\/vc_row]\n<\/div>","protected":false},"excerpt":{"rendered":"<p>[vc_row][vc_column][vc_column_text css=\u00a0\u00bb\u00a0\u00bb] Location de Voiture \u00e0 Oia Santorin Oia, prononc\u00e9 Ia, est le village le plus c\u00e9l\u00e8bre de Santorin. Connu dans le monde entier pour son atmosph\u00e8re paisible et ses couchers de soleil spectaculaires, c\u2019est sans aucun doute le village le plus beau et le plus pittoresque de l\u2019\u00eele. Le village est situ\u00e9 au sommet&hellip;<\/p>\n","protected":false},"author":2,"featured_media":0,"parent":0,"menu_order":0,"comment_status":"closed","ping_status":"closed","template":"templates\/no-sidebar.php","meta":{"footnotes":""},"class_list":["post-2922","page","type-page","status-publish","hentry","entry","no-media"],"yoast_head":"<!-- This site is optimized with the Yoast SEO plugin v27.2 - https:\/\/yoast.com\/product\/yoast-seo-wordpress\/ -->\n<title>Location de Voiture \u00e0 Oia Santorin - Carhub<\/title>\n<meta name=\"robots\" content=\"index, follow, max-snippet:-1, max-image-preview:large, max-video-preview:-1\" \/>\n<link rel=\"canonical\" href=\"https:\/\/carhub.gr\/fr\/location-de-voiture-a-oia-santorin\/\" \/>\n<meta property=\"og:locale\" content=\"fr_FR\" \/>\n<meta property=\"og:type\" content=\"article\" \/>\n<meta property=\"og:title\" content=\"Location de Voiture \u00e0 Oia Santorin - Carhub\" \/>\n<meta property=\"og:description\" content=\"[vc_row][vc_column][vc_column_text css=\u00a0\u00bb\u00a0\u00bb] Location de Voiture \u00e0 Oia Santorin Oia, prononc\u00e9 Ia, est le village le plus c\u00e9l\u00e8bre de Santorin. Connu dans le monde entier pour son atmosph\u00e8re paisible et ses couchers de soleil spectaculaires, c\u2019est sans aucun doute le village le plus beau et le plus pittoresque de l\u2019\u00eele. Le village est situ\u00e9 au sommet&hellip;\" \/>\n<meta property=\"og:url\" content=\"https:\/\/carhub.gr\/fr\/location-de-voiture-a-oia-santorin\/\" \/>\n<meta property=\"og:site_name\" content=\"Carhub\" \/>\n<meta property=\"article:publisher\" content=\"https:\/\/www.facebook.com\/carhub.gr\/\" \/>\n<meta property=\"article:modified_time\" content=\"2026-01-09T11:03:46+00:00\" \/>\n<meta property=\"og:image\" content=\"https:\/\/carhub.gr\/wp-content\/uploads\/2026\/01\/30740029_10156651300655649_3487170955069882368_n-244x300-1.jpg\" \/>\n\t<meta property=\"og:image:width\" content=\"244\" \/>\n\t<meta property=\"og:image:height\" content=\"300\" \/>\n\t<meta property=\"og:image:type\" content=\"image\/jpeg\" \/>\n<meta name=\"twitter:card\" content=\"summary_large_image\" \/>\n<meta name=\"twitter:label1\" content=\"Dur\u00e9e de lecture estim\u00e9e\" \/>\n\t<meta name=\"twitter:data1\" content=\"2 minutes\" \/>\n<script type=\"application\/ld+json\" class=\"yoast-schema-graph\">{\"@context\":\"https:\/\/schema.org\",\"@graph\":[{\"@type\":\"WebPage\",\"@id\":\"https:\/\/carhub.gr\/fr\/location-de-voiture-a-oia-santorin\/\",\"url\":\"https:\/\/carhub.gr\/fr\/location-de-voiture-a-oia-santorin\/\",\"name\":\"Location de Voiture \u00e0 Oia Santorin - Carhub\",\"isPartOf\":{\"@id\":\"https:\/\/carhub.gr\/fr\/#website\"},\"primaryImageOfPage\":{\"@id\":\"https:\/\/carhub.gr\/fr\/location-de-voiture-a-oia-santorin\/#primaryimage\"},\"image\":{\"@id\":\"https:\/\/carhub.gr\/fr\/location-de-voiture-a-oia-santorin\/#primaryimage\"},\"thumbnailUrl\":\"https:\/\/carhub.gr\/wp-content\/uploads\/2026\/01\/30740029_10156651300655649_3487170955069882368_n-244x300-1.jpg\",\"datePublished\":\"2026-01-09T11:01:17+00:00\",\"dateModified\":\"2026-01-09T11:03:46+00:00\",\"breadcrumb\":{\"@id\":\"https:\/\/carhub.gr\/fr\/location-de-voiture-a-oia-santorin\/#breadcrumb\"},\"inLanguage\":\"fr-FR\",\"potentialAction\":[{\"@type\":\"ReadAction\",\"target\":[\"https:\/\/carhub.gr\/fr\/location-de-voiture-a-oia-santorin\/\"]}]},{\"@type\":\"ImageObject\",\"inLanguage\":\"fr-FR\",\"@id\":\"https:\/\/carhub.gr\/fr\/location-de-voiture-a-oia-santorin\/#primaryimage\",\"url\":\"https:\/\/carhub.gr\/wp-content\/uploads\/2026\/01\/30740029_10156651300655649_3487170955069882368_n-244x300-1.jpg\",\"contentUrl\":\"https:\/\/carhub.gr\/wp-content\/uploads\/2026\/01\/30740029_10156651300655649_3487170955069882368_n-244x300-1.jpg\"},{\"@type\":\"BreadcrumbList\",\"@id\":\"https:\/\/carhub.gr\/fr\/location-de-voiture-a-oia-santorin\/#breadcrumb\",\"itemListElement\":[{\"@type\":\"ListItem\",\"position\":1,\"name\":\"Home\",\"item\":\"https:\/\/carhub.gr\/fr\/\"},{\"@type\":\"ListItem\",\"position\":2,\"name\":\"Location de Voiture \u00e0 Oia Santorin\"}]},{\"@type\":\"WebSite\",\"@id\":\"https:\/\/carhub.gr\/fr\/#website\",\"url\":\"https:\/\/carhub.gr\/fr\/\",\"name\":\"Carhub\",\"description\":\"Rent a car Santorini - Santorini Car Hire\",\"publisher\":{\"@id\":\"https:\/\/carhub.gr\/fr\/#organization\"},\"alternateName\":\"RENT A CAR SANTORINI - SANTORINI CAR RENTAL\",\"potentialAction\":[{\"@type\":\"SearchAction\",\"target\":{\"@type\":\"EntryPoint\",\"urlTemplate\":\"https:\/\/carhub.gr\/fr\/?s={search_term_string}\"},\"query-input\":{\"@type\":\"PropertyValueSpecification\",\"valueRequired\":true,\"valueName\":\"search_term_string\"}}],\"inLanguage\":\"fr-FR\"},{\"@type\":\"Organization\",\"@id\":\"https:\/\/carhub.gr\/fr\/#organization\",\"name\":\"Carhub\",\"url\":\"https:\/\/carhub.gr\/fr\/\",\"logo\":{\"@type\":\"ImageObject\",\"inLanguage\":\"fr-FR\",\"@id\":\"https:\/\/carhub.gr\/fr\/#\/schema\/logo\/image\/\",\"url\":\"https:\/\/carhub.gr\/wp-content\/uploads\/2025\/12\/logo-carhub-1.png\",\"contentUrl\":\"https:\/\/carhub.gr\/wp-content\/uploads\/2025\/12\/logo-carhub-1.png\",\"width\":182,\"height\":53,\"caption\":\"Carhub\"},\"image\":{\"@id\":\"https:\/\/carhub.gr\/fr\/#\/schema\/logo\/image\/\"},\"sameAs\":[\"https:\/\/www.facebook.com\/carhub.gr\/\"]}]}<\/script>\n<!-- \/ Yoast SEO plugin. -->","yoast_head_json":{"title":"Location de Voiture \u00e0 Oia Santorin - Carhub","robots":{"index":"index","follow":"follow","max-snippet":"max-snippet:-1","max-image-preview":"max-image-preview:large","max-video-preview":"max-video-preview:-1"},"canonical":"https:\/\/carhub.gr\/fr\/location-de-voiture-a-oia-santorin\/","og_locale":"fr_FR","og_type":"article","og_title":"Location de Voiture \u00e0 Oia Santorin - Carhub","og_description":"[vc_row][vc_column][vc_column_text css=\u00a0\u00bb\u00a0\u00bb] Location de Voiture \u00e0 Oia Santorin Oia, prononc\u00e9 Ia, est le village le plus c\u00e9l\u00e8bre de Santorin. Connu dans le monde entier pour son atmosph\u00e8re paisible et ses couchers de soleil spectaculaires, c\u2019est sans aucun doute le village le plus beau et le plus pittoresque de l\u2019\u00eele. Le village est situ\u00e9 au sommet&hellip;","og_url":"https:\/\/carhub.gr\/fr\/location-de-voiture-a-oia-santorin\/","og_site_name":"Carhub","article_publisher":"https:\/\/www.facebook.com\/carhub.gr\/","article_modified_time":"2026-01-09T11:03:46+00:00","og_image":[{"width":244,"height":300,"url":"https:\/\/carhub.gr\/wp-content\/uploads\/2026\/01\/30740029_10156651300655649_3487170955069882368_n-244x300-1.jpg","type":"image\/jpeg"}],"twitter_card":"summary_large_image","twitter_misc":{"Dur\u00e9e de lecture estim\u00e9e":"2 minutes"},"schema":{"@context":"https:\/\/schema.org","@graph":[{"@type":"WebPage","@id":"https:\/\/carhub.gr\/fr\/location-de-voiture-a-oia-santorin\/","url":"https:\/\/carhub.gr\/fr\/location-de-voiture-a-oia-santorin\/","name":"Location de Voiture \u00e0 Oia Santorin - Carhub","isPartOf":{"@id":"https:\/\/carhub.gr\/fr\/#website"},"primaryImageOfPage":{"@id":"https:\/\/carhub.gr\/fr\/location-de-voiture-a-oia-santorin\/#primaryimage"},"image":{"@id":"https:\/\/carhub.gr\/fr\/location-de-voiture-a-oia-santorin\/#primaryimage"},"thumbnailUrl":"https:\/\/carhub.gr\/wp-content\/uploads\/2026\/01\/30740029_10156651300655649_3487170955069882368_n-244x300-1.jpg","datePublished":"2026-01-09T11:01:17+00:00","dateModified":"2026-01-09T11:03:46+00:00","breadcrumb":{"@id":"https:\/\/carhub.gr\/fr\/location-de-voiture-a-oia-santorin\/#breadcrumb"},"inLanguage":"fr-FR","potentialAction":[{"@type":"ReadAction","target":["https:\/\/carhub.gr\/fr\/location-de-voiture-a-oia-santorin\/"]}]},{"@type":"ImageObject","inLanguage":"fr-FR","@id":"https:\/\/carhub.gr\/fr\/location-de-voiture-a-oia-santorin\/#primaryimage","url":"https:\/\/carhub.gr\/wp-content\/uploads\/2026\/01\/30740029_10156651300655649_3487170955069882368_n-244x300-1.jpg","contentUrl":"https:\/\/carhub.gr\/wp-content\/uploads\/2026\/01\/30740029_10156651300655649_3487170955069882368_n-244x300-1.jpg"},{"@type":"BreadcrumbList","@id":"https:\/\/carhub.gr\/fr\/location-de-voiture-a-oia-santorin\/#breadcrumb","itemListElement":[{"@type":"ListItem","position":1,"name":"Home","item":"https:\/\/carhub.gr\/fr\/"},{"@type":"ListItem","position":2,"name":"Location de Voiture \u00e0 Oia Santorin"}]},{"@type":"WebSite","@id":"https:\/\/carhub.gr\/fr\/#website","url":"https:\/\/carhub.gr\/fr\/","name":"Carhub","description":"Rent a car Santorini - Santorini Car Hire","publisher":{"@id":"https:\/\/carhub.gr\/fr\/#organization"},"alternateName":"RENT A CAR SANTORINI - SANTORINI CAR RENTAL","potentialAction":[{"@type":"SearchAction","target":{"@type":"EntryPoint","urlTemplate":"https:\/\/carhub.gr\/fr\/?s={search_term_string}"},"query-input":{"@type":"PropertyValueSpecification","valueRequired":true,"valueName":"search_term_string"}}],"inLanguage":"fr-FR"},{"@type":"Organization","@id":"https:\/\/carhub.gr\/fr\/#organization","name":"Carhub","url":"https:\/\/carhub.gr\/fr\/","logo":{"@type":"ImageObject","inLanguage":"fr-FR","@id":"https:\/\/carhub.gr\/fr\/#\/schema\/logo\/image\/","url":"https:\/\/carhub.gr\/wp-content\/uploads\/2025\/12\/logo-carhub-1.png","contentUrl":"https:\/\/carhub.gr\/wp-content\/uploads\/2025\/12\/logo-carhub-1.png","width":182,"height":53,"caption":"Carhub"},"image":{"@id":"https:\/\/carhub.gr\/fr\/#\/schema\/logo\/image\/"},"sameAs":["https:\/\/www.facebook.com\/carhub.gr\/"]}]}},"_links":{"self":[{"href":"https:\/\/carhub.gr\/fr\/wp-json\/wp\/v2\/pages\/2922","targetHints":{"allow":["GET"]}}],"collection":[{"href":"https:\/\/carhub.gr\/fr\/wp-json\/wp\/v2\/pages"}],"about":[{"href":"https:\/\/carhub.gr\/fr\/wp-json\/wp\/v2\/types\/page"}],"author":[{"embeddable":true,"href":"https:\/\/carhub.gr\/fr\/wp-json\/wp\/v2\/users\/2"}],"replies":[{"embeddable":true,"href":"https:\/\/carhub.gr\/fr\/wp-json\/wp\/v2\/comments?post=2922"}],"version-history":[{"count":1,"href":"https:\/\/carhub.gr\/fr\/wp-json\/wp\/v2\/pages\/2922\/revisions"}],"predecessor-version":[{"id":2932,"href":"https:\/\/carhub.gr\/fr\/wp-json\/wp\/v2\/pages\/2922\/revisions\/2932"}],"wp:attachment":[{"href":"https:\/\/carhub.gr\/fr\/wp-json\/wp\/v2\/media?parent=2922"}],"curies":[{"name":"wp","href":"https:\/\/api.w.org\/{rel}","templated":true}]}}