{"id":2900,"date":"2026-01-08T22:51:21","date_gmt":"2026-01-08T20:51:21","guid":{"rendered":"https:\/\/carhub.gr\/rental-car-santorini-fira\/"},"modified":"2026-01-08T22:54:33","modified_gmt":"2026-01-08T20:54:33","slug":"location-de-voiture-a-santorin-fira","status":"publish","type":"page","link":"https:\/\/carhub.gr\/fr\/location-de-voiture-a-santorin-fira\/","title":{"rendered":"Location de Voiture \u00e0 Santorin Fira &#8211; Louer une Voiture \u00e0 Santorin Fira &#8211; Location Auto Santorin Fira"},"content":{"rendered":"<div class=\"wpb-content-wrapper\">[vc_row][vc_column][vc_column_text css=\u00a0\u00bb\u00a0\u00bb]\n<h1 style=\"text-align: center;\">Location de Voiture \u00e0 Santorin Fira &#8211; Louer une Voiture \u00e0 Santorin Fira &#8211; Location Auto Santorin Fira<\/h1>\n<figure id=\"attachment_794\" aria-describedby=\"caption-attachment-794\" style=\"width: 300px\" class=\"wp-caption aligncenter\"><img loading=\"lazy\" decoding=\"async\" class=\"wp-image-794 size-medium\" src=\"http:\/\/carhub.gr\/wp-content\/uploads\/2018\/04\/26637940_10156338224780649_1530645417_n-300x300.jpg\" alt=\"Location de Voiture \u00e0 Santorin Fira - Louer une Voiture \u00e0 Santorin Fira - Location Auto Santorin\" width=\"300\" height=\"300\" \/><figcaption id=\"caption-attachment-794\" class=\"wp-caption-text\">(Location de Voiture \u00e0 Santorin Fira &#8211; Louer une Voiture \u00e0 Santorin Fira &#8211; Location Auto Santorin)<\/figcaption><\/figure>\n<p align=\"CENTER\"><span style=\"color: #000000;\"><span style=\"font-family: Arial, sans-serif;\"><span style=\"font-size: small;\">Tout d\u2019abord,<\/span><\/span><\/span> <a href=\"https:\/\/www.greektravel.com\/greekislands\/santorini\/fira\/index.htm\" target=\"_blank\" rel=\"noopener noreferrer\">Fira<\/a><span style=\"color: #000000;\"><span style=\"font-family: Arial, sans-serif;\"><span style=\"font-size: small;\"> est la magnifique capitale de Santorin. Elle est situ\u00e9e \u00e0 l\u2019extr\u00e9mit\u00e9 ouest de l\u2019\u00eele. Du c\u00f4t\u00e9 de la caldeira, vous b\u00e9n\u00e9ficiez de l\u2019une des plus belles vues de l\u2019\u00eele. Le niveau d\u2019activit\u00e9 est suffisant pour vous divertir pendant des heures. On y trouve des caf\u00e9s, des bars et des restaurants, tous avec vue, et certains avec plusieurs niveaux de terrasses et de balcons afin de tirer le meilleur parti de l\u2019espace et du fait que, lorsque plusieurs bateaux de croisi\u00e8re sont amarr\u00e9s en contrebas, la ville est envahie par les touristes. Se promener simplement dans la rue devient laborieux. Les caf\u00e9s se remplissent de touristes. Des centaines.<\/span><\/span><\/span><\/p>\n<p align=\"CENTER\"><span style=\"color: #000000;\"><span style=\"font-family: Arial, sans-serif;\"><span style=\"font-size: small;\">Des milliers m\u00eame. Comme dans \u00ab Leiningen contre les fourmis \u00bb, ils se d\u00e9cha\u00eenent dans la ville en consommant tout ce qui se trouve sur leur passage, ne s\u2019arr\u00eatant que pour se prendre en photo avec la vue derri\u00e8re eux. Mais surtout, les bateaux arrivent et repartent, et lorsqu\u2019ils repartent, ils emportent la foule avec eux, et Fira peut alors redevenir un endroit vraiment agr\u00e9able.<\/span><\/span><\/span><\/p>\n<h2 align=\"CENTER\">Location de Voiture \u00e0 Santorin Fira &#8211; Louer une Voiture \u00e0 Santorin Fira &#8211; Location Auto Santorin Fira<\/h2>\n<p align=\"CENTER\"><span style=\"color: #000000;\"><span style=\"font-family: Arial, sans-serif;\"><span style=\"font-size: small;\">De plus, depuis Fira, pour visiter les autres villages, il est fortement conseill\u00e9 <\/span><\/span> <strong><span style=\"font-family: Arial, sans-serif;\"><span style=\"font-size: small;\"><b>de louer une voiture<\/b><\/span><\/span><\/strong><span style=\"font-family: Arial, sans-serif;\"><span style=\"font-size: small;\">. Avec votre <\/span><\/span><strong><span style=\"font-family: Arial, sans-serif;\"><span style=\"font-size: small;\"><b>voiture de location \u00e0 Santorin<\/b><\/span><\/span><\/strong><span style=\"font-family: Arial, sans-serif;\"><span style=\"font-size: small;\">, vous pouvez vous d\u00e9placer partout et explorer toute l\u2019\u00eele. Compar\u00e9e \u00e0 d\u2019autres solutions, la <\/span><\/span><strong><span style=\"font-family: Arial, sans-serif;\"><span style=\"font-size: small;\"><b>location de voiture \u00e0 Santorin<\/b><\/span><\/span><\/strong><span style=\"font-family: Arial, sans-serif;\"><span style=\"font-size: small;\"> est plut\u00f4t \u00e9conomique, sans parler du temps que vous gagnez. R\u00e9servez votre voiture de location \u00e0 Santorin aupr\u00e8s de <a href=\"http:\/\/carhub.gr\/\">Carhub<\/a><\/span><\/span><span style=\"font-family: Arial, sans-serif;\"><span style=\"font-size: small;\"> ou appelez-nous simplement. Nous vous livrerons le v\u00e9hicule de votre choix sans aucun frais suppl\u00e9mentaire. Voitures automatiques, petites voitures, cabriolets, cat\u00e9gorie \u00e9conomique, minibus, jeeps ouvertes ou voitures familiales : il existe un mod\u00e8le pour chaque besoin. Notre \u00e9quipe livrera votre voiture de location \u00e0 n\u2019importe quel h\u00f4tel, \u00e0 tout moment, dans la r\u00e9gion de Fira ou <a href=\"http:\/\/carhub.gr\/rental-car-santorini-airport\/\" target=\"_blank\" rel=\"noopener noreferrer\">partout<\/a> \u00e0 Santorin, sans frais additionnels. N\u2019y pensez plus, r\u00e9servez une voiture aupr\u00e8s de la soci\u00e9t\u00e9 de location Carhub.<\/span><\/span><\/span><\/p>\n<p>&nbsp;<\/p>\n<p>&nbsp;<\/p>\n[\/vc_column_text][\/vc_column][\/vc_row]\n<\/div>","protected":false},"excerpt":{"rendered":"<p>[vc_row][vc_column][vc_column_text css=\u00a0\u00bb\u00a0\u00bb] Location de Voiture \u00e0 Santorin Fira &#8211; Louer une Voiture \u00e0 Santorin Fira &#8211; Location Auto Santorin Fira Tout d\u2019abord, Fira est la magnifique capitale de Santorin. Elle est situ\u00e9e \u00e0 l\u2019extr\u00e9mit\u00e9 ouest de l\u2019\u00eele. Du c\u00f4t\u00e9 de la caldeira, vous b\u00e9n\u00e9ficiez de l\u2019une des plus belles vues de l\u2019\u00eele. Le niveau d\u2019activit\u00e9&hellip;<\/p>\n","protected":false},"author":2,"featured_media":0,"parent":0,"menu_order":0,"comment_status":"closed","ping_status":"closed","template":"templates\/no-sidebar.php","meta":{"footnotes":""},"class_list":["post-2900","page","type-page","status-publish","hentry","entry","no-media"],"yoast_head":"<!-- This site is optimized with the Yoast SEO plugin v27.2 - https:\/\/yoast.com\/product\/yoast-seo-wordpress\/ -->\n<title>Location de Voiture \u00e0 Santorin Fira - Louer une Voiture \u00e0 Santorin Fira - Location Auto Santorin Fira - Carhub<\/title>\n<meta name=\"robots\" content=\"index, follow, max-snippet:-1, max-image-preview:large, max-video-preview:-1\" \/>\n<link rel=\"canonical\" href=\"https:\/\/carhub.gr\/fr\/location-de-voiture-a-santorin-fira\/\" \/>\n<meta property=\"og:locale\" content=\"fr_FR\" \/>\n<meta property=\"og:type\" content=\"article\" \/>\n<meta property=\"og:title\" content=\"Location de Voiture \u00e0 Santorin Fira - Louer une Voiture \u00e0 Santorin Fira - Location Auto Santorin Fira - Carhub\" \/>\n<meta property=\"og:description\" content=\"[vc_row][vc_column][vc_column_text css=\u00a0\u00bb\u00a0\u00bb] Location de Voiture \u00e0 Santorin Fira &#8211; Louer une Voiture \u00e0 Santorin Fira &#8211; Location Auto Santorin Fira Tout d\u2019abord, Fira est la magnifique capitale de Santorin. Elle est situ\u00e9e \u00e0 l\u2019extr\u00e9mit\u00e9 ouest de l\u2019\u00eele. Du c\u00f4t\u00e9 de la caldeira, vous b\u00e9n\u00e9ficiez de l\u2019une des plus belles vues de l\u2019\u00eele. Le niveau d\u2019activit\u00e9&hellip;\" \/>\n<meta property=\"og:url\" content=\"https:\/\/carhub.gr\/fr\/location-de-voiture-a-santorin-fira\/\" \/>\n<meta property=\"og:site_name\" content=\"Carhub\" \/>\n<meta property=\"article:publisher\" content=\"https:\/\/www.facebook.com\/carhub.gr\/\" \/>\n<meta property=\"article:modified_time\" content=\"2026-01-08T20:54:33+00:00\" \/>\n<meta property=\"og:image\" content=\"https:\/\/carhub.gr\/wp-content\/uploads\/2025\/12\/pngegg-7-1.png\" \/>\n\t<meta property=\"og:image:width\" content=\"1366\" \/>\n\t<meta property=\"og:image:height\" content=\"768\" \/>\n\t<meta property=\"og:image:type\" content=\"image\/png\" \/>\n<meta name=\"twitter:card\" content=\"summary_large_image\" \/>\n<meta name=\"twitter:label1\" content=\"Dur\u00e9e de lecture estim\u00e9e\" \/>\n\t<meta name=\"twitter:data1\" content=\"2 minutes\" \/>\n<script type=\"application\/ld+json\" class=\"yoast-schema-graph\">{\"@context\":\"https:\/\/schema.org\",\"@graph\":[{\"@type\":\"WebPage\",\"@id\":\"https:\/\/carhub.gr\/fr\/location-de-voiture-a-santorin-fira\/\",\"url\":\"https:\/\/carhub.gr\/fr\/location-de-voiture-a-santorin-fira\/\",\"name\":\"Location de Voiture \u00e0 Santorin Fira - Louer une Voiture \u00e0 Santorin Fira - Location Auto Santorin Fira - Carhub\",\"isPartOf\":{\"@id\":\"https:\/\/carhub.gr\/fr\/#website\"},\"primaryImageOfPage\":{\"@id\":\"https:\/\/carhub.gr\/fr\/location-de-voiture-a-santorin-fira\/#primaryimage\"},\"image\":{\"@id\":\"https:\/\/carhub.gr\/fr\/location-de-voiture-a-santorin-fira\/#primaryimage\"},\"thumbnailUrl\":\"http:\/\/carhub.gr\/wp-content\/uploads\/2018\/04\/26637940_10156338224780649_1530645417_n-300x300.jpg\",\"datePublished\":\"2026-01-08T20:51:21+00:00\",\"dateModified\":\"2026-01-08T20:54:33+00:00\",\"breadcrumb\":{\"@id\":\"https:\/\/carhub.gr\/fr\/location-de-voiture-a-santorin-fira\/#breadcrumb\"},\"inLanguage\":\"fr-FR\",\"potentialAction\":[{\"@type\":\"ReadAction\",\"target\":[\"https:\/\/carhub.gr\/fr\/location-de-voiture-a-santorin-fira\/\"]}]},{\"@type\":\"ImageObject\",\"inLanguage\":\"fr-FR\",\"@id\":\"https:\/\/carhub.gr\/fr\/location-de-voiture-a-santorin-fira\/#primaryimage\",\"url\":\"http:\/\/carhub.gr\/wp-content\/uploads\/2018\/04\/26637940_10156338224780649_1530645417_n-300x300.jpg\",\"contentUrl\":\"http:\/\/carhub.gr\/wp-content\/uploads\/2018\/04\/26637940_10156338224780649_1530645417_n-300x300.jpg\"},{\"@type\":\"BreadcrumbList\",\"@id\":\"https:\/\/carhub.gr\/fr\/location-de-voiture-a-santorin-fira\/#breadcrumb\",\"itemListElement\":[{\"@type\":\"ListItem\",\"position\":1,\"name\":\"Home\",\"item\":\"https:\/\/carhub.gr\/fr\/\"},{\"@type\":\"ListItem\",\"position\":2,\"name\":\"Location de Voiture \u00e0 Santorin Fira &#8211; Louer une Voiture \u00e0 Santorin Fira &#8211; Location Auto Santorin Fira\"}]},{\"@type\":\"WebSite\",\"@id\":\"https:\/\/carhub.gr\/fr\/#website\",\"url\":\"https:\/\/carhub.gr\/fr\/\",\"name\":\"Carhub\",\"description\":\"Rent a car Santorini - Santorini Car Hire\",\"publisher\":{\"@id\":\"https:\/\/carhub.gr\/fr\/#organization\"},\"alternateName\":\"RENT A CAR SANTORINI - SANTORINI CAR RENTAL\",\"potentialAction\":[{\"@type\":\"SearchAction\",\"target\":{\"@type\":\"EntryPoint\",\"urlTemplate\":\"https:\/\/carhub.gr\/fr\/?s={search_term_string}\"},\"query-input\":{\"@type\":\"PropertyValueSpecification\",\"valueRequired\":true,\"valueName\":\"search_term_string\"}}],\"inLanguage\":\"fr-FR\"},{\"@type\":\"Organization\",\"@id\":\"https:\/\/carhub.gr\/fr\/#organization\",\"name\":\"Carhub\",\"url\":\"https:\/\/carhub.gr\/fr\/\",\"logo\":{\"@type\":\"ImageObject\",\"inLanguage\":\"fr-FR\",\"@id\":\"https:\/\/carhub.gr\/fr\/#\/schema\/logo\/image\/\",\"url\":\"https:\/\/carhub.gr\/wp-content\/uploads\/2025\/12\/logo-carhub-1.png\",\"contentUrl\":\"https:\/\/carhub.gr\/wp-content\/uploads\/2025\/12\/logo-carhub-1.png\",\"width\":182,\"height\":53,\"caption\":\"Carhub\"},\"image\":{\"@id\":\"https:\/\/carhub.gr\/fr\/#\/schema\/logo\/image\/\"},\"sameAs\":[\"https:\/\/www.facebook.com\/carhub.gr\/\"]}]}<\/script>\n<!-- \/ Yoast SEO plugin. -->","yoast_head_json":{"title":"Location de Voiture \u00e0 Santorin Fira - Louer une Voiture \u00e0 Santorin Fira - Location Auto Santorin Fira - Carhub","robots":{"index":"index","follow":"follow","max-snippet":"max-snippet:-1","max-image-preview":"max-image-preview:large","max-video-preview":"max-video-preview:-1"},"canonical":"https:\/\/carhub.gr\/fr\/location-de-voiture-a-santorin-fira\/","og_locale":"fr_FR","og_type":"article","og_title":"Location de Voiture \u00e0 Santorin Fira - Louer une Voiture \u00e0 Santorin Fira - Location Auto Santorin Fira - Carhub","og_description":"[vc_row][vc_column][vc_column_text css=\u00a0\u00bb\u00a0\u00bb] Location de Voiture \u00e0 Santorin Fira &#8211; Louer une Voiture \u00e0 Santorin Fira &#8211; Location Auto Santorin Fira Tout d\u2019abord, Fira est la magnifique capitale de Santorin. Elle est situ\u00e9e \u00e0 l\u2019extr\u00e9mit\u00e9 ouest de l\u2019\u00eele. Du c\u00f4t\u00e9 de la caldeira, vous b\u00e9n\u00e9ficiez de l\u2019une des plus belles vues de l\u2019\u00eele. Le niveau d\u2019activit\u00e9&hellip;","og_url":"https:\/\/carhub.gr\/fr\/location-de-voiture-a-santorin-fira\/","og_site_name":"Carhub","article_publisher":"https:\/\/www.facebook.com\/carhub.gr\/","article_modified_time":"2026-01-08T20:54:33+00:00","og_image":[{"width":1366,"height":768,"url":"https:\/\/carhub.gr\/wp-content\/uploads\/2025\/12\/pngegg-7-1.png","type":"image\/png"}],"twitter_card":"summary_large_image","twitter_misc":{"Dur\u00e9e de lecture estim\u00e9e":"2 minutes"},"schema":{"@context":"https:\/\/schema.org","@graph":[{"@type":"WebPage","@id":"https:\/\/carhub.gr\/fr\/location-de-voiture-a-santorin-fira\/","url":"https:\/\/carhub.gr\/fr\/location-de-voiture-a-santorin-fira\/","name":"Location de Voiture \u00e0 Santorin Fira - Louer une Voiture \u00e0 Santorin Fira - Location Auto Santorin Fira - Carhub","isPartOf":{"@id":"https:\/\/carhub.gr\/fr\/#website"},"primaryImageOfPage":{"@id":"https:\/\/carhub.gr\/fr\/location-de-voiture-a-santorin-fira\/#primaryimage"},"image":{"@id":"https:\/\/carhub.gr\/fr\/location-de-voiture-a-santorin-fira\/#primaryimage"},"thumbnailUrl":"http:\/\/carhub.gr\/wp-content\/uploads\/2018\/04\/26637940_10156338224780649_1530645417_n-300x300.jpg","datePublished":"2026-01-08T20:51:21+00:00","dateModified":"2026-01-08T20:54:33+00:00","breadcrumb":{"@id":"https:\/\/carhub.gr\/fr\/location-de-voiture-a-santorin-fira\/#breadcrumb"},"inLanguage":"fr-FR","potentialAction":[{"@type":"ReadAction","target":["https:\/\/carhub.gr\/fr\/location-de-voiture-a-santorin-fira\/"]}]},{"@type":"ImageObject","inLanguage":"fr-FR","@id":"https:\/\/carhub.gr\/fr\/location-de-voiture-a-santorin-fira\/#primaryimage","url":"http:\/\/carhub.gr\/wp-content\/uploads\/2018\/04\/26637940_10156338224780649_1530645417_n-300x300.jpg","contentUrl":"http:\/\/carhub.gr\/wp-content\/uploads\/2018\/04\/26637940_10156338224780649_1530645417_n-300x300.jpg"},{"@type":"BreadcrumbList","@id":"https:\/\/carhub.gr\/fr\/location-de-voiture-a-santorin-fira\/#breadcrumb","itemListElement":[{"@type":"ListItem","position":1,"name":"Home","item":"https:\/\/carhub.gr\/fr\/"},{"@type":"ListItem","position":2,"name":"Location de Voiture \u00e0 Santorin Fira &#8211; Louer une Voiture \u00e0 Santorin Fira &#8211; Location Auto Santorin Fira"}]},{"@type":"WebSite","@id":"https:\/\/carhub.gr\/fr\/#website","url":"https:\/\/carhub.gr\/fr\/","name":"Carhub","description":"Rent a car Santorini - Santorini Car Hire","publisher":{"@id":"https:\/\/carhub.gr\/fr\/#organization"},"alternateName":"RENT A CAR SANTORINI - SANTORINI CAR RENTAL","potentialAction":[{"@type":"SearchAction","target":{"@type":"EntryPoint","urlTemplate":"https:\/\/carhub.gr\/fr\/?s={search_term_string}"},"query-input":{"@type":"PropertyValueSpecification","valueRequired":true,"valueName":"search_term_string"}}],"inLanguage":"fr-FR"},{"@type":"Organization","@id":"https:\/\/carhub.gr\/fr\/#organization","name":"Carhub","url":"https:\/\/carhub.gr\/fr\/","logo":{"@type":"ImageObject","inLanguage":"fr-FR","@id":"https:\/\/carhub.gr\/fr\/#\/schema\/logo\/image\/","url":"https:\/\/carhub.gr\/wp-content\/uploads\/2025\/12\/logo-carhub-1.png","contentUrl":"https:\/\/carhub.gr\/wp-content\/uploads\/2025\/12\/logo-carhub-1.png","width":182,"height":53,"caption":"Carhub"},"image":{"@id":"https:\/\/carhub.gr\/fr\/#\/schema\/logo\/image\/"},"sameAs":["https:\/\/www.facebook.com\/carhub.gr\/"]}]}},"_links":{"self":[{"href":"https:\/\/carhub.gr\/fr\/wp-json\/wp\/v2\/pages\/2900","targetHints":{"allow":["GET"]}}],"collection":[{"href":"https:\/\/carhub.gr\/fr\/wp-json\/wp\/v2\/pages"}],"about":[{"href":"https:\/\/carhub.gr\/fr\/wp-json\/wp\/v2\/types\/page"}],"author":[{"embeddable":true,"href":"https:\/\/carhub.gr\/fr\/wp-json\/wp\/v2\/users\/2"}],"replies":[{"embeddable":true,"href":"https:\/\/carhub.gr\/fr\/wp-json\/wp\/v2\/comments?post=2900"}],"version-history":[{"count":2,"href":"https:\/\/carhub.gr\/fr\/wp-json\/wp\/v2\/pages\/2900\/revisions"}],"predecessor-version":[{"id":2911,"href":"https:\/\/carhub.gr\/fr\/wp-json\/wp\/v2\/pages\/2900\/revisions\/2911"}],"wp:attachment":[{"href":"https:\/\/carhub.gr\/fr\/wp-json\/wp\/v2\/media?parent=2900"}],"curies":[{"name":"wp","href":"https:\/\/api.w.org\/{rel}","templated":true}]}}