{"id":2878,"date":"2026-01-08T11:56:23","date_gmt":"2026-01-08T09:56:23","guid":{"rendered":"https:\/\/carhub.gr\/santorini-port-car-rental\/"},"modified":"2026-01-08T15:08:07","modified_gmt":"2026-01-08T13:08:07","slug":"location-de-voiture-au-port-de-santorin","status":"publish","type":"page","link":"https:\/\/carhub.gr\/fr\/location-de-voiture-au-port-de-santorin\/","title":{"rendered":"Location de Voiture au Port de Santorin"},"content":{"rendered":"<div class=\"wpb-content-wrapper\">[vc_row][vc_column][vc_column_text css=\u00a0\u00bb\u00a0\u00bb]\n<h1 class=\"western\" style=\"text-align: center;\">Location de Voiture au Port de Santorin<\/h1>\n<p style=\"text-align: center;\"><span style=\"color: #000000;\"><span style=\"font-family: Arial, sans-serif;\"><span style=\"font-size: small;\"><img loading=\"lazy\" decoding=\"async\" class=\"alignnone size-medium wp-image-2875\" src=\"https:\/\/carhub.gr\/wp-content\/uploads\/2026\/01\/26913651_10156357242220649_486002190_n-768x757-1-300x296.jpg\" alt=\"\" width=\"300\" height=\"296\" srcset=\"https:\/\/carhub.gr\/wp-content\/uploads\/2026\/01\/26913651_10156357242220649_486002190_n-768x757-1-300x296.jpg 300w, https:\/\/carhub.gr\/wp-content\/uploads\/2026\/01\/26913651_10156357242220649_486002190_n-768x757-1.jpg 768w\" sizes=\"auto, (max-width: 300px) 100vw, 300px\" \/><\/span><\/span><\/span><\/p>\n<p style=\"text-align: center;\"><span style=\"color: #000000;\"><span style=\"font-family: Arial, sans-serif;\"><span style=\"font-size: small;\">Le <a href=\"https:\/\/www.santorini-port.com\/\" target=\"_blank\" rel=\"noopener noreferrer\">port<\/a> porte le code ATI et dispose d\u2019un seul terminal passagers. Le port comprend 3 rampes o\u00f9 les bateaux peuvent accoster ainsi que 3 points pour les p\u00e9troliers. La plupart du temps, des taxis attendent les touristes \u00e0 leur arriv\u00e9e au port. Cependant, en haute saison, il peut \u00eatre difficile de trouver un taxi disponible. Les touristes peuvent \u00e9galement utiliser le bus public, mais il se peut qu\u2019ils n\u2019aient pas la chance de trouver une place assise. Une autre option consiste \u00e0 louer une voiture aupr\u00e8s de <a href=\"https:\/\/carhub.gr\/\" target=\"_blank\" rel=\"noopener noreferrer\">Carhub<\/a> pour rejoindre votre h\u00f4tel.<\/span><\/span><\/span><\/p>\n<h2 style=\"text-align: center;\">Location de Voiture au Port de Santorin &#8211; Louer une Voiture au Port de Santorin &#8211; Location Auto Port de Santorin<\/h2>\n<p style=\"text-align: center;\"><span style=\"color: #000000;\"> <span style=\"font-family: Arial, sans-serif;\"><span style=\"font-size: small;\">Si vous r\u00e9servez votre <\/span><\/span><strong><span style=\"font-family: Arial, sans-serif;\"><span style=\"font-size: small;\"><b>voiture de location en ligne<\/b><\/span><\/span><\/strong><span style=\"font-family: Arial, sans-serif;\"><span style=\"font-size: small;\">, nous vous attendrons<\/span><\/span> <strong><span style=\"font-family: Arial, sans-serif;\"><span style=\"font-size: small;\"><b>au <\/b><\/span><\/span><\/strong><strong><span style=\"font-family: Arial, sans-serif;\"><span style=\"font-size: small;\"><b>port<\/b><\/span><\/span><\/strong> <span style=\"font-family: Arial, sans-serif;\"><span style=\"font-size: small;\">\u00e0 votre arriv\u00e9e et nous vous livrerons le v\u00e9hicule de votre choix. C\u2019est aussi simple que cela. Sans aucun frais suppl\u00e9mentaire, vous pouvez faire livrer votre <\/span><\/span><strong><span style=\"font-family: Arial, sans-serif;\"><span style=\"font-size: small;\"><b>voiture de location<\/b><\/span><\/span><\/strong> <span style=\"font-family: Arial, sans-serif;\"><span style=\"font-size: small;\">d\u00e8s votre d\u00e9barquement au <\/span><\/span><strong><span style=\"font-family: Arial, sans-serif;\"><span style=\"font-size: small;\"><b>port<\/b><\/span><\/span><\/strong><span style=\"font-family: Arial, sans-serif;\"><span style=\"font-size: small;\">. Ainsi, vos vacances \u00e0 Santorin commencent de la meilleure fa\u00e7on possible, sans perdre de temps ni d\u00e9penser trop d\u2019argent en taxis ou en transferts de derni\u00e8re minute. Nous vous conseillons de ne pas attendre la derni\u00e8re minute pour effectuer votre r\u00e9servation de location de voiture au port de Santorin. En r\u00e9servant \u00e0 l\u2019avance, la voiture vous attendra sans aucun retard, au <\/span><\/span><strong><span style=\"font-family: Arial, sans-serif;\"><span style=\"font-size: small;\"><b>port d\u2019Athinios, Santorin<\/b><\/span><\/span><\/strong><span style=\"font-family: Arial, sans-serif;\"><span style=\"font-size: small;\">, d\u00e8s votre arriv\u00e9e. Placez vos bagages dans la voiture et commencez vos vacances \u00e0 Santorin sans souci. Au port d\u2019Athinios de Santorin, nous livrons toutes nos <\/span><\/span><strong><span style=\"font-family: Arial, sans-serif;\"><span style=\"font-size: small;\"><b>voitures de location neuves<\/b><\/span><\/span><\/strong> <span style=\"font-family: Arial, sans-serif;\"><span style=\"font-size: small;\">gratuitement. Apr\u00e8s r\u00e9ception de votre r\u00e9servation, nous vous attendrons avec une pancarte \u00e0 votre nom. R\u00e9servez donc votre voiture de location \u00e0 Santorin en ligne, ou appelez-nous simplement pour b\u00e9n\u00e9ficier de tarifs avantageux et d\u2019un excellent service. N\u2019y pensez plus, louez simplement une voiture aupr\u00e8s de la soci\u00e9t\u00e9 de location Carhub.<\/span><\/span><\/span><\/p>\n[\/vc_column_text][\/vc_column][\/vc_row]\n<\/div>","protected":false},"excerpt":{"rendered":"<p>[vc_row][vc_column][vc_column_text css=\u00a0\u00bb\u00a0\u00bb] Location de Voiture au Port de Santorin Le port porte le code ATI et dispose d\u2019un seul terminal passagers. Le port comprend 3 rampes o\u00f9 les bateaux peuvent accoster ainsi que 3 points pour les p\u00e9troliers. La plupart du temps, des taxis attendent les touristes \u00e0 leur arriv\u00e9e au port. Cependant, en haute&hellip;<\/p>\n","protected":false},"author":2,"featured_media":0,"parent":0,"menu_order":0,"comment_status":"closed","ping_status":"closed","template":"templates\/no-sidebar.php","meta":{"footnotes":""},"class_list":["post-2878","page","type-page","status-publish","hentry","entry","no-media"],"yoast_head":"<!-- This site is optimized with the Yoast SEO plugin v27.2 - https:\/\/yoast.com\/product\/yoast-seo-wordpress\/ -->\n<title>Location de Voiture au Port de Santorin - Carhub<\/title>\n<meta name=\"robots\" content=\"index, follow, max-snippet:-1, max-image-preview:large, max-video-preview:-1\" \/>\n<link rel=\"canonical\" href=\"https:\/\/carhub.gr\/fr\/location-de-voiture-au-port-de-santorin\/\" \/>\n<meta property=\"og:locale\" content=\"fr_FR\" \/>\n<meta property=\"og:type\" content=\"article\" \/>\n<meta property=\"og:title\" content=\"Location de Voiture au Port de Santorin - Carhub\" \/>\n<meta property=\"og:description\" content=\"[vc_row][vc_column][vc_column_text css=\u00a0\u00bb\u00a0\u00bb] Location de Voiture au Port de Santorin Le port porte le code ATI et dispose d\u2019un seul terminal passagers. Le port comprend 3 rampes o\u00f9 les bateaux peuvent accoster ainsi que 3 points pour les p\u00e9troliers. La plupart du temps, des taxis attendent les touristes \u00e0 leur arriv\u00e9e au port. Cependant, en haute&hellip;\" \/>\n<meta property=\"og:url\" content=\"https:\/\/carhub.gr\/fr\/location-de-voiture-au-port-de-santorin\/\" \/>\n<meta property=\"og:site_name\" content=\"Carhub\" \/>\n<meta property=\"article:publisher\" content=\"https:\/\/www.facebook.com\/carhub.gr\/\" \/>\n<meta property=\"article:modified_time\" content=\"2026-01-08T13:08:07+00:00\" \/>\n<meta property=\"og:image\" content=\"https:\/\/carhub.gr\/wp-content\/uploads\/2026\/01\/26913651_10156357242220649_486002190_n-768x757-1.jpg\" \/>\n\t<meta property=\"og:image:width\" content=\"768\" \/>\n\t<meta property=\"og:image:height\" content=\"757\" \/>\n\t<meta property=\"og:image:type\" content=\"image\/jpeg\" \/>\n<meta name=\"twitter:card\" content=\"summary_large_image\" \/>\n<meta name=\"twitter:label1\" content=\"Dur\u00e9e de lecture estim\u00e9e\" \/>\n\t<meta name=\"twitter:data1\" content=\"2 minutes\" \/>\n<script type=\"application\/ld+json\" class=\"yoast-schema-graph\">{\"@context\":\"https:\/\/schema.org\",\"@graph\":[{\"@type\":\"WebPage\",\"@id\":\"https:\/\/carhub.gr\/fr\/location-de-voiture-au-port-de-santorin\/\",\"url\":\"https:\/\/carhub.gr\/fr\/location-de-voiture-au-port-de-santorin\/\",\"name\":\"Location de Voiture au Port de Santorin - Carhub\",\"isPartOf\":{\"@id\":\"https:\/\/carhub.gr\/fr\/#website\"},\"primaryImageOfPage\":{\"@id\":\"https:\/\/carhub.gr\/fr\/location-de-voiture-au-port-de-santorin\/#primaryimage\"},\"image\":{\"@id\":\"https:\/\/carhub.gr\/fr\/location-de-voiture-au-port-de-santorin\/#primaryimage\"},\"thumbnailUrl\":\"https:\/\/carhub.gr\/wp-content\/uploads\/2026\/01\/26913651_10156357242220649_486002190_n-768x757-1-300x296.jpg\",\"datePublished\":\"2026-01-08T09:56:23+00:00\",\"dateModified\":\"2026-01-08T13:08:07+00:00\",\"breadcrumb\":{\"@id\":\"https:\/\/carhub.gr\/fr\/location-de-voiture-au-port-de-santorin\/#breadcrumb\"},\"inLanguage\":\"fr-FR\",\"potentialAction\":[{\"@type\":\"ReadAction\",\"target\":[\"https:\/\/carhub.gr\/fr\/location-de-voiture-au-port-de-santorin\/\"]}]},{\"@type\":\"ImageObject\",\"inLanguage\":\"fr-FR\",\"@id\":\"https:\/\/carhub.gr\/fr\/location-de-voiture-au-port-de-santorin\/#primaryimage\",\"url\":\"https:\/\/carhub.gr\/wp-content\/uploads\/2026\/01\/26913651_10156357242220649_486002190_n-768x757-1-300x296.jpg\",\"contentUrl\":\"https:\/\/carhub.gr\/wp-content\/uploads\/2026\/01\/26913651_10156357242220649_486002190_n-768x757-1-300x296.jpg\"},{\"@type\":\"BreadcrumbList\",\"@id\":\"https:\/\/carhub.gr\/fr\/location-de-voiture-au-port-de-santorin\/#breadcrumb\",\"itemListElement\":[{\"@type\":\"ListItem\",\"position\":1,\"name\":\"Home\",\"item\":\"https:\/\/carhub.gr\/fr\/\"},{\"@type\":\"ListItem\",\"position\":2,\"name\":\"Location de Voiture au Port de Santorin\"}]},{\"@type\":\"WebSite\",\"@id\":\"https:\/\/carhub.gr\/fr\/#website\",\"url\":\"https:\/\/carhub.gr\/fr\/\",\"name\":\"Carhub\",\"description\":\"Rent a car Santorini - Santorini Car Hire\",\"publisher\":{\"@id\":\"https:\/\/carhub.gr\/fr\/#organization\"},\"alternateName\":\"RENT A CAR SANTORINI - SANTORINI CAR RENTAL\",\"potentialAction\":[{\"@type\":\"SearchAction\",\"target\":{\"@type\":\"EntryPoint\",\"urlTemplate\":\"https:\/\/carhub.gr\/fr\/?s={search_term_string}\"},\"query-input\":{\"@type\":\"PropertyValueSpecification\",\"valueRequired\":true,\"valueName\":\"search_term_string\"}}],\"inLanguage\":\"fr-FR\"},{\"@type\":\"Organization\",\"@id\":\"https:\/\/carhub.gr\/fr\/#organization\",\"name\":\"Carhub\",\"url\":\"https:\/\/carhub.gr\/fr\/\",\"logo\":{\"@type\":\"ImageObject\",\"inLanguage\":\"fr-FR\",\"@id\":\"https:\/\/carhub.gr\/fr\/#\/schema\/logo\/image\/\",\"url\":\"https:\/\/carhub.gr\/wp-content\/uploads\/2025\/12\/logo-carhub-1.png\",\"contentUrl\":\"https:\/\/carhub.gr\/wp-content\/uploads\/2025\/12\/logo-carhub-1.png\",\"width\":182,\"height\":53,\"caption\":\"Carhub\"},\"image\":{\"@id\":\"https:\/\/carhub.gr\/fr\/#\/schema\/logo\/image\/\"},\"sameAs\":[\"https:\/\/www.facebook.com\/carhub.gr\/\"]}]}<\/script>\n<!-- \/ Yoast SEO plugin. -->","yoast_head_json":{"title":"Location de Voiture au Port de Santorin - Carhub","robots":{"index":"index","follow":"follow","max-snippet":"max-snippet:-1","max-image-preview":"max-image-preview:large","max-video-preview":"max-video-preview:-1"},"canonical":"https:\/\/carhub.gr\/fr\/location-de-voiture-au-port-de-santorin\/","og_locale":"fr_FR","og_type":"article","og_title":"Location de Voiture au Port de Santorin - Carhub","og_description":"[vc_row][vc_column][vc_column_text css=\u00a0\u00bb\u00a0\u00bb] Location de Voiture au Port de Santorin Le port porte le code ATI et dispose d\u2019un seul terminal passagers. Le port comprend 3 rampes o\u00f9 les bateaux peuvent accoster ainsi que 3 points pour les p\u00e9troliers. La plupart du temps, des taxis attendent les touristes \u00e0 leur arriv\u00e9e au port. Cependant, en haute&hellip;","og_url":"https:\/\/carhub.gr\/fr\/location-de-voiture-au-port-de-santorin\/","og_site_name":"Carhub","article_publisher":"https:\/\/www.facebook.com\/carhub.gr\/","article_modified_time":"2026-01-08T13:08:07+00:00","og_image":[{"width":768,"height":757,"url":"https:\/\/carhub.gr\/wp-content\/uploads\/2026\/01\/26913651_10156357242220649_486002190_n-768x757-1.jpg","type":"image\/jpeg"}],"twitter_card":"summary_large_image","twitter_misc":{"Dur\u00e9e de lecture estim\u00e9e":"2 minutes"},"schema":{"@context":"https:\/\/schema.org","@graph":[{"@type":"WebPage","@id":"https:\/\/carhub.gr\/fr\/location-de-voiture-au-port-de-santorin\/","url":"https:\/\/carhub.gr\/fr\/location-de-voiture-au-port-de-santorin\/","name":"Location de Voiture au Port de Santorin - Carhub","isPartOf":{"@id":"https:\/\/carhub.gr\/fr\/#website"},"primaryImageOfPage":{"@id":"https:\/\/carhub.gr\/fr\/location-de-voiture-au-port-de-santorin\/#primaryimage"},"image":{"@id":"https:\/\/carhub.gr\/fr\/location-de-voiture-au-port-de-santorin\/#primaryimage"},"thumbnailUrl":"https:\/\/carhub.gr\/wp-content\/uploads\/2026\/01\/26913651_10156357242220649_486002190_n-768x757-1-300x296.jpg","datePublished":"2026-01-08T09:56:23+00:00","dateModified":"2026-01-08T13:08:07+00:00","breadcrumb":{"@id":"https:\/\/carhub.gr\/fr\/location-de-voiture-au-port-de-santorin\/#breadcrumb"},"inLanguage":"fr-FR","potentialAction":[{"@type":"ReadAction","target":["https:\/\/carhub.gr\/fr\/location-de-voiture-au-port-de-santorin\/"]}]},{"@type":"ImageObject","inLanguage":"fr-FR","@id":"https:\/\/carhub.gr\/fr\/location-de-voiture-au-port-de-santorin\/#primaryimage","url":"https:\/\/carhub.gr\/wp-content\/uploads\/2026\/01\/26913651_10156357242220649_486002190_n-768x757-1-300x296.jpg","contentUrl":"https:\/\/carhub.gr\/wp-content\/uploads\/2026\/01\/26913651_10156357242220649_486002190_n-768x757-1-300x296.jpg"},{"@type":"BreadcrumbList","@id":"https:\/\/carhub.gr\/fr\/location-de-voiture-au-port-de-santorin\/#breadcrumb","itemListElement":[{"@type":"ListItem","position":1,"name":"Home","item":"https:\/\/carhub.gr\/fr\/"},{"@type":"ListItem","position":2,"name":"Location de Voiture au Port de Santorin"}]},{"@type":"WebSite","@id":"https:\/\/carhub.gr\/fr\/#website","url":"https:\/\/carhub.gr\/fr\/","name":"Carhub","description":"Rent a car Santorini - Santorini Car Hire","publisher":{"@id":"https:\/\/carhub.gr\/fr\/#organization"},"alternateName":"RENT A CAR SANTORINI - SANTORINI CAR RENTAL","potentialAction":[{"@type":"SearchAction","target":{"@type":"EntryPoint","urlTemplate":"https:\/\/carhub.gr\/fr\/?s={search_term_string}"},"query-input":{"@type":"PropertyValueSpecification","valueRequired":true,"valueName":"search_term_string"}}],"inLanguage":"fr-FR"},{"@type":"Organization","@id":"https:\/\/carhub.gr\/fr\/#organization","name":"Carhub","url":"https:\/\/carhub.gr\/fr\/","logo":{"@type":"ImageObject","inLanguage":"fr-FR","@id":"https:\/\/carhub.gr\/fr\/#\/schema\/logo\/image\/","url":"https:\/\/carhub.gr\/wp-content\/uploads\/2025\/12\/logo-carhub-1.png","contentUrl":"https:\/\/carhub.gr\/wp-content\/uploads\/2025\/12\/logo-carhub-1.png","width":182,"height":53,"caption":"Carhub"},"image":{"@id":"https:\/\/carhub.gr\/fr\/#\/schema\/logo\/image\/"},"sameAs":["https:\/\/www.facebook.com\/carhub.gr\/"]}]}},"_links":{"self":[{"href":"https:\/\/carhub.gr\/fr\/wp-json\/wp\/v2\/pages\/2878","targetHints":{"allow":["GET"]}}],"collection":[{"href":"https:\/\/carhub.gr\/fr\/wp-json\/wp\/v2\/pages"}],"about":[{"href":"https:\/\/carhub.gr\/fr\/wp-json\/wp\/v2\/types\/page"}],"author":[{"embeddable":true,"href":"https:\/\/carhub.gr\/fr\/wp-json\/wp\/v2\/users\/2"}],"replies":[{"embeddable":true,"href":"https:\/\/carhub.gr\/fr\/wp-json\/wp\/v2\/comments?post=2878"}],"version-history":[{"count":1,"href":"https:\/\/carhub.gr\/fr\/wp-json\/wp\/v2\/pages\/2878\/revisions"}],"predecessor-version":[{"id":2888,"href":"https:\/\/carhub.gr\/fr\/wp-json\/wp\/v2\/pages\/2878\/revisions\/2888"}],"wp:attachment":[{"href":"https:\/\/carhub.gr\/fr\/wp-json\/wp\/v2\/media?parent=2878"}],"curies":[{"name":"wp","href":"https:\/\/api.w.org\/{rel}","templated":true}]}}