{"id":2850,"date":"2026-01-07T13:18:49","date_gmt":"2026-01-07T11:18:49","guid":{"rendered":"https:\/\/carhub.gr\/santorini-airport-car-rental\/"},"modified":"2026-01-07T15:18:39","modified_gmt":"2026-01-07T13:18:39","slug":"location-de-voiture-aeroport-de-santorin","status":"publish","type":"page","link":"https:\/\/carhub.gr\/fr\/location-de-voiture-aeroport-de-santorin\/","title":{"rendered":"Location de voiture \u00e0 l&rsquo;a\u00e9roport de Santorin"},"content":{"rendered":"<div class=\"wpb-content-wrapper\">[vc_row][vc_column][vc_column_text css=\u00a0\u00bb\u00a0\u00bb]\n<h1 style=\"text-align: center;\">Location voiture Santorin Aeroport<\/h1>\n<p><img loading=\"lazy\" decoding=\"async\" class=\"size-full wp-image-2851 aligncenter\" src=\"https:\/\/carhub.gr\/wp-content\/uploads\/2026\/01\/29196307_10156551096235649_8670063567753445376_n-244x300-1.jpg\" alt=\"\" width=\"244\" height=\"300\" \/><\/p>\n<p><a href=\"https:\/\/www.jtr-airport.gr\/en\" target=\"_blank\" rel=\"noopener noreferrer\">L&rsquo;a\u00e9roport international de Santorin<\/a> (JTR) est un a\u00e9roport situ\u00e9 au nord du village de Kamari. L\u2019a\u00e9roport sert \u00e0 la fois d\u2019a\u00e9roport militaire et d\u2019a\u00e9roport civil. Pour vous rendre de l\u2019a\u00e9roport de Santorin \u00e0 votre h\u00f4tel et commencer vos vacances sur l\u2019\u00eele de Santorin, la solution la plus \u00e9conomique et la plus \u00e9conomique est de louer une voiture \u00e0 l\u2019a\u00e9roport de Santorin au d\u00e9part de <a href=\"https:\/\/carhub.gr\/fr\/\" target=\"_blank\" rel=\"noopener noreferrer\">Carhub<\/a>. Il est facile de louer une voiture \u00e0 l\u2019a\u00e9roport de Santorin, car nous y livrons nos voitures sans aucun co\u00fbt suppl\u00e9mentaire. C\u2019est tr\u00e8s agr\u00e9able de savoir que lors de votre arriv\u00e9e. Une personne vous attendra \u00e0 l\u2019a\u00e9roport de Santorin pour livrer vo<span style=\"color: #333333;\">tre <a style=\"color: #333333;\" href=\"https:\/\/coolcars.gr\/fr\/\" target=\"_blank\" rel=\"noopener noreferrer\">voiture de location \u00e0 Santorin<\/a><\/span>.<\/p>\n<h2 style=\"text-align: center;\">Pourquoi louer une voiture<\/h2>\n<p>Pas besoin d&rsquo;attendre le bus pour toujours, pas besoin de payer un taxi ou un transfert priv\u00e9. Votre voiture sera pr\u00eate \u00e0 votre arriv\u00e9e afin que vous puissiez commencer vos vacances de la meilleure fa\u00e7on.<br \/>\nUne voiture de location \u00e0 Santorin est n\u00e9cessaire, quel que soit l&#8217;emplacement de votre h\u00f4tel. Avoir une voiture pendant les vacances vous donne la libert\u00e9 d&rsquo;aller n&rsquo;importe o\u00f9. Vous pouvez d\u00e9couvrir toutes les beaut\u00e9s de Santorin. Bien s\u00fbr, au moment de partir de l&rsquo;\u00eele, vous pouvez rendre votre voiture de location \u00e0 l&rsquo;a\u00e9roport de Santorin, si vous prenez l&rsquo;avion, au port de Santorin si vous partez en bateau et si vous pensez qu&rsquo;il est plus facile pour vous de rendre votre location. Voiture \u00e0 votre h\u00f4tel, vous pouvez rendre votre voiture \u00e0 n\u2019importe quel h\u00f4tel \u00e0 Santorin.<\/p>\n<h2 style=\"text-align: center;\">Louer une voiture a\u00e9roport de Santorin<\/h2>\n<p>Alors choisissez le mod\u00e8le qui correspond \u00e0 vos besoins: automatique, manuel, convertible, jeep ouverte, famille ou \u00e9conomie. R\u00e9servez en ligne ou appelez-nous et notre personnel vous rencontrera \u00e0 l&rsquo;a\u00e9roport. Vous n\u2019avez m\u00eame pas \u00e0 payer d\u2019acompte. Vous pouvez payer en esp\u00e8ces ou par carte de cr\u00e9dit lorsque vous r\u00e9cup\u00e9rez votre voiture de location. Lors de la planification de vos vacances sur l&rsquo;\u00eele de Santorin, le service de location de voiture peut \u00eatre un outil utile pour explorer l&rsquo;\u00eele et \u00e9conomiser beaucoup de temps et d&rsquo;argent. D\u00e9sormais, le service de location de voitures \u00e0 l&rsquo;a\u00e9roport de Santorin est plus facile et am\u00e9lior\u00e9 gr\u00e2ce \u00e0 notre offre gratuite de livraison et de collecte \u00e0 l&rsquo;a\u00e9roport.[\/vc_column_text][\/vc_column][\/vc_row]\n<\/div>","protected":false},"excerpt":{"rendered":"<p>[vc_row][vc_column][vc_column_text css=\u00a0\u00bb\u00a0\u00bb] Location voiture Santorin Aeroport L&rsquo;a\u00e9roport international de Santorin (JTR) est un a\u00e9roport situ\u00e9 au nord du village de Kamari. L\u2019a\u00e9roport sert \u00e0 la fois d\u2019a\u00e9roport militaire et d\u2019a\u00e9roport civil. Pour vous rendre de l\u2019a\u00e9roport de Santorin \u00e0 votre h\u00f4tel et commencer vos vacances sur l\u2019\u00eele de Santorin, la solution la plus \u00e9conomique et&hellip;<\/p>\n","protected":false},"author":2,"featured_media":0,"parent":0,"menu_order":0,"comment_status":"closed","ping_status":"closed","template":"templates\/no-sidebar.php","meta":{"footnotes":""},"class_list":["post-2850","page","type-page","status-publish","hentry","entry","no-media"],"yoast_head":"<!-- This site is optimized with the Yoast SEO plugin v27.2 - https:\/\/yoast.com\/product\/yoast-seo-wordpress\/ -->\n<title>Location de voiture \u00e0 l&#039;a\u00e9roport de Santorin - Carhub<\/title>\n<meta name=\"robots\" content=\"index, follow, max-snippet:-1, max-image-preview:large, max-video-preview:-1\" \/>\n<link rel=\"canonical\" href=\"https:\/\/carhub.gr\/fr\/location-de-voiture-aeroport-de-santorin\/\" \/>\n<meta property=\"og:locale\" content=\"fr_FR\" \/>\n<meta property=\"og:type\" content=\"article\" \/>\n<meta property=\"og:title\" content=\"Location de voiture \u00e0 l&#039;a\u00e9roport de Santorin - Carhub\" \/>\n<meta property=\"og:description\" content=\"[vc_row][vc_column][vc_column_text css=\u00a0\u00bb\u00a0\u00bb] Location voiture Santorin Aeroport L&rsquo;a\u00e9roport international de Santorin (JTR) est un a\u00e9roport situ\u00e9 au nord du village de Kamari. L\u2019a\u00e9roport sert \u00e0 la fois d\u2019a\u00e9roport militaire et d\u2019a\u00e9roport civil. Pour vous rendre de l\u2019a\u00e9roport de Santorin \u00e0 votre h\u00f4tel et commencer vos vacances sur l\u2019\u00eele de Santorin, la solution la plus \u00e9conomique et&hellip;\" \/>\n<meta property=\"og:url\" content=\"https:\/\/carhub.gr\/fr\/location-de-voiture-aeroport-de-santorin\/\" \/>\n<meta property=\"og:site_name\" content=\"Carhub\" \/>\n<meta property=\"article:publisher\" content=\"https:\/\/www.facebook.com\/carhub.gr\/\" \/>\n<meta property=\"article:modified_time\" content=\"2026-01-07T13:18:39+00:00\" \/>\n<meta property=\"og:image\" content=\"https:\/\/carhub.gr\/wp-content\/uploads\/2025\/12\/pngegg-7-1.png\" \/>\n\t<meta property=\"og:image:width\" content=\"1366\" \/>\n\t<meta property=\"og:image:height\" content=\"768\" \/>\n\t<meta property=\"og:image:type\" content=\"image\/png\" \/>\n<meta name=\"twitter:card\" content=\"summary_large_image\" \/>\n<meta name=\"twitter:label1\" content=\"Dur\u00e9e de lecture estim\u00e9e\" \/>\n\t<meta name=\"twitter:data1\" content=\"2 minutes\" \/>\n<script type=\"application\/ld+json\" class=\"yoast-schema-graph\">{\"@context\":\"https:\/\/schema.org\",\"@graph\":[{\"@type\":\"WebPage\",\"@id\":\"https:\/\/carhub.gr\/fr\/location-de-voiture-aeroport-de-santorin\/\",\"url\":\"https:\/\/carhub.gr\/fr\/location-de-voiture-aeroport-de-santorin\/\",\"name\":\"Location de voiture \u00e0 l'a\u00e9roport de Santorin - Carhub\",\"isPartOf\":{\"@id\":\"https:\/\/carhub.gr\/fr\/#website\"},\"primaryImageOfPage\":{\"@id\":\"https:\/\/carhub.gr\/fr\/location-de-voiture-aeroport-de-santorin\/#primaryimage\"},\"image\":{\"@id\":\"https:\/\/carhub.gr\/fr\/location-de-voiture-aeroport-de-santorin\/#primaryimage\"},\"thumbnailUrl\":\"https:\/\/carhub.gr\/wp-content\/uploads\/2026\/01\/29196307_10156551096235649_8670063567753445376_n-244x300-1.jpg\",\"datePublished\":\"2026-01-07T11:18:49+00:00\",\"dateModified\":\"2026-01-07T13:18:39+00:00\",\"breadcrumb\":{\"@id\":\"https:\/\/carhub.gr\/fr\/location-de-voiture-aeroport-de-santorin\/#breadcrumb\"},\"inLanguage\":\"fr-FR\",\"potentialAction\":[{\"@type\":\"ReadAction\",\"target\":[\"https:\/\/carhub.gr\/fr\/location-de-voiture-aeroport-de-santorin\/\"]}]},{\"@type\":\"ImageObject\",\"inLanguage\":\"fr-FR\",\"@id\":\"https:\/\/carhub.gr\/fr\/location-de-voiture-aeroport-de-santorin\/#primaryimage\",\"url\":\"https:\/\/carhub.gr\/wp-content\/uploads\/2026\/01\/29196307_10156551096235649_8670063567753445376_n-244x300-1.jpg\",\"contentUrl\":\"https:\/\/carhub.gr\/wp-content\/uploads\/2026\/01\/29196307_10156551096235649_8670063567753445376_n-244x300-1.jpg\"},{\"@type\":\"BreadcrumbList\",\"@id\":\"https:\/\/carhub.gr\/fr\/location-de-voiture-aeroport-de-santorin\/#breadcrumb\",\"itemListElement\":[{\"@type\":\"ListItem\",\"position\":1,\"name\":\"Home\",\"item\":\"https:\/\/carhub.gr\/fr\/\"},{\"@type\":\"ListItem\",\"position\":2,\"name\":\"Location de voiture \u00e0 l&#8217;a\u00e9roport de Santorin\"}]},{\"@type\":\"WebSite\",\"@id\":\"https:\/\/carhub.gr\/fr\/#website\",\"url\":\"https:\/\/carhub.gr\/fr\/\",\"name\":\"Carhub\",\"description\":\"Rent a car Santorini - Santorini Car Hire\",\"publisher\":{\"@id\":\"https:\/\/carhub.gr\/fr\/#organization\"},\"alternateName\":\"RENT A CAR SANTORINI - SANTORINI CAR RENTAL\",\"potentialAction\":[{\"@type\":\"SearchAction\",\"target\":{\"@type\":\"EntryPoint\",\"urlTemplate\":\"https:\/\/carhub.gr\/fr\/?s={search_term_string}\"},\"query-input\":{\"@type\":\"PropertyValueSpecification\",\"valueRequired\":true,\"valueName\":\"search_term_string\"}}],\"inLanguage\":\"fr-FR\"},{\"@type\":\"Organization\",\"@id\":\"https:\/\/carhub.gr\/fr\/#organization\",\"name\":\"Carhub\",\"url\":\"https:\/\/carhub.gr\/fr\/\",\"logo\":{\"@type\":\"ImageObject\",\"inLanguage\":\"fr-FR\",\"@id\":\"https:\/\/carhub.gr\/fr\/#\/schema\/logo\/image\/\",\"url\":\"https:\/\/carhub.gr\/wp-content\/uploads\/2025\/12\/logo-carhub-1.png\",\"contentUrl\":\"https:\/\/carhub.gr\/wp-content\/uploads\/2025\/12\/logo-carhub-1.png\",\"width\":182,\"height\":53,\"caption\":\"Carhub\"},\"image\":{\"@id\":\"https:\/\/carhub.gr\/fr\/#\/schema\/logo\/image\/\"},\"sameAs\":[\"https:\/\/www.facebook.com\/carhub.gr\/\"]}]}<\/script>\n<!-- \/ Yoast SEO plugin. -->","yoast_head_json":{"title":"Location de voiture \u00e0 l'a\u00e9roport de Santorin - Carhub","robots":{"index":"index","follow":"follow","max-snippet":"max-snippet:-1","max-image-preview":"max-image-preview:large","max-video-preview":"max-video-preview:-1"},"canonical":"https:\/\/carhub.gr\/fr\/location-de-voiture-aeroport-de-santorin\/","og_locale":"fr_FR","og_type":"article","og_title":"Location de voiture \u00e0 l'a\u00e9roport de Santorin - Carhub","og_description":"[vc_row][vc_column][vc_column_text css=\u00a0\u00bb\u00a0\u00bb] Location voiture Santorin Aeroport L&rsquo;a\u00e9roport international de Santorin (JTR) est un a\u00e9roport situ\u00e9 au nord du village de Kamari. L\u2019a\u00e9roport sert \u00e0 la fois d\u2019a\u00e9roport militaire et d\u2019a\u00e9roport civil. Pour vous rendre de l\u2019a\u00e9roport de Santorin \u00e0 votre h\u00f4tel et commencer vos vacances sur l\u2019\u00eele de Santorin, la solution la plus \u00e9conomique et&hellip;","og_url":"https:\/\/carhub.gr\/fr\/location-de-voiture-aeroport-de-santorin\/","og_site_name":"Carhub","article_publisher":"https:\/\/www.facebook.com\/carhub.gr\/","article_modified_time":"2026-01-07T13:18:39+00:00","og_image":[{"width":1366,"height":768,"url":"https:\/\/carhub.gr\/wp-content\/uploads\/2025\/12\/pngegg-7-1.png","type":"image\/png"}],"twitter_card":"summary_large_image","twitter_misc":{"Dur\u00e9e de lecture estim\u00e9e":"2 minutes"},"schema":{"@context":"https:\/\/schema.org","@graph":[{"@type":"WebPage","@id":"https:\/\/carhub.gr\/fr\/location-de-voiture-aeroport-de-santorin\/","url":"https:\/\/carhub.gr\/fr\/location-de-voiture-aeroport-de-santorin\/","name":"Location de voiture \u00e0 l'a\u00e9roport de Santorin - Carhub","isPartOf":{"@id":"https:\/\/carhub.gr\/fr\/#website"},"primaryImageOfPage":{"@id":"https:\/\/carhub.gr\/fr\/location-de-voiture-aeroport-de-santorin\/#primaryimage"},"image":{"@id":"https:\/\/carhub.gr\/fr\/location-de-voiture-aeroport-de-santorin\/#primaryimage"},"thumbnailUrl":"https:\/\/carhub.gr\/wp-content\/uploads\/2026\/01\/29196307_10156551096235649_8670063567753445376_n-244x300-1.jpg","datePublished":"2026-01-07T11:18:49+00:00","dateModified":"2026-01-07T13:18:39+00:00","breadcrumb":{"@id":"https:\/\/carhub.gr\/fr\/location-de-voiture-aeroport-de-santorin\/#breadcrumb"},"inLanguage":"fr-FR","potentialAction":[{"@type":"ReadAction","target":["https:\/\/carhub.gr\/fr\/location-de-voiture-aeroport-de-santorin\/"]}]},{"@type":"ImageObject","inLanguage":"fr-FR","@id":"https:\/\/carhub.gr\/fr\/location-de-voiture-aeroport-de-santorin\/#primaryimage","url":"https:\/\/carhub.gr\/wp-content\/uploads\/2026\/01\/29196307_10156551096235649_8670063567753445376_n-244x300-1.jpg","contentUrl":"https:\/\/carhub.gr\/wp-content\/uploads\/2026\/01\/29196307_10156551096235649_8670063567753445376_n-244x300-1.jpg"},{"@type":"BreadcrumbList","@id":"https:\/\/carhub.gr\/fr\/location-de-voiture-aeroport-de-santorin\/#breadcrumb","itemListElement":[{"@type":"ListItem","position":1,"name":"Home","item":"https:\/\/carhub.gr\/fr\/"},{"@type":"ListItem","position":2,"name":"Location de voiture \u00e0 l&#8217;a\u00e9roport de Santorin"}]},{"@type":"WebSite","@id":"https:\/\/carhub.gr\/fr\/#website","url":"https:\/\/carhub.gr\/fr\/","name":"Carhub","description":"Rent a car Santorini - Santorini Car Hire","publisher":{"@id":"https:\/\/carhub.gr\/fr\/#organization"},"alternateName":"RENT A CAR SANTORINI - SANTORINI CAR RENTAL","potentialAction":[{"@type":"SearchAction","target":{"@type":"EntryPoint","urlTemplate":"https:\/\/carhub.gr\/fr\/?s={search_term_string}"},"query-input":{"@type":"PropertyValueSpecification","valueRequired":true,"valueName":"search_term_string"}}],"inLanguage":"fr-FR"},{"@type":"Organization","@id":"https:\/\/carhub.gr\/fr\/#organization","name":"Carhub","url":"https:\/\/carhub.gr\/fr\/","logo":{"@type":"ImageObject","inLanguage":"fr-FR","@id":"https:\/\/carhub.gr\/fr\/#\/schema\/logo\/image\/","url":"https:\/\/carhub.gr\/wp-content\/uploads\/2025\/12\/logo-carhub-1.png","contentUrl":"https:\/\/carhub.gr\/wp-content\/uploads\/2025\/12\/logo-carhub-1.png","width":182,"height":53,"caption":"Carhub"},"image":{"@id":"https:\/\/carhub.gr\/fr\/#\/schema\/logo\/image\/"},"sameAs":["https:\/\/www.facebook.com\/carhub.gr\/"]}]}},"_links":{"self":[{"href":"https:\/\/carhub.gr\/fr\/wp-json\/wp\/v2\/pages\/2850","targetHints":{"allow":["GET"]}}],"collection":[{"href":"https:\/\/carhub.gr\/fr\/wp-json\/wp\/v2\/pages"}],"about":[{"href":"https:\/\/carhub.gr\/fr\/wp-json\/wp\/v2\/types\/page"}],"author":[{"embeddable":true,"href":"https:\/\/carhub.gr\/fr\/wp-json\/wp\/v2\/users\/2"}],"replies":[{"embeddable":true,"href":"https:\/\/carhub.gr\/fr\/wp-json\/wp\/v2\/comments?post=2850"}],"version-history":[{"count":2,"href":"https:\/\/carhub.gr\/fr\/wp-json\/wp\/v2\/pages\/2850\/revisions"}],"predecessor-version":[{"id":2861,"href":"https:\/\/carhub.gr\/fr\/wp-json\/wp\/v2\/pages\/2850\/revisions\/2861"}],"wp:attachment":[{"href":"https:\/\/carhub.gr\/fr\/wp-json\/wp\/v2\/media?parent=2850"}],"curies":[{"name":"wp","href":"https:\/\/api.w.org\/{rel}","templated":true}]}}