{"id":2620,"date":"2025-12-10T12:50:15","date_gmt":"2025-12-10T10:50:15","guid":{"rendered":"https:\/\/carhub.gr\/contact\/"},"modified":"2026-01-23T20:37:49","modified_gmt":"2026-01-23T18:37:49","slug":"contact","status":"publish","type":"page","link":"https:\/\/carhub.gr\/fr\/contact\/","title":{"rendered":"Contact"},"content":{"rendered":"<div class=\"wpb-content-wrapper\">[vc_row remove_bottom_col_margin=\u00a0\u00bbtrue\u00a0\u00bb el_class=\u00a0\u00bbcontact-card-box\u00a0\u00bb][vc_column]<style>.vcex-heading.vcex_69d49a457432c{font-size:var(--wpex-text-2xl);font-weight:700;}<\/style><div class=\"vcex-heading vcex-heading-plain vcex-module wpex-heading wpex-text-2xl wpex-mb-20 vcex_69d49a457432c\"><span class=\"vcex-heading-inner wpex-inline-block\">CarHub \u2013 Location de voitures \u00e0 Santorini<\/span><\/div>[vc_column_text css=\u00a0\u00bb\u00a0\u00bb bottom_margin=\u00a0\u00bb40px\u00a0\u00bb]N\u2019h\u00e9sitez pas \u00e0 nous envoyer un message, \u00e0 nous appeler ou \u00e0 passer nous dire bonjour. Notre \u00e9quipe accueillante est l\u00e0 pour vous aider.[\/vc_column_text]<div class=\"vcex-grid-container vcex-module wpex-grid wpex-gap-20 wpex-grid-cols-1 wpex-lg-grid-cols-3\"><style>.vcex-icon-box.vcex_69d49a4576b8b .vcex-icon-box-heading{margin-bottom:0px;font-size:var(--wpex-text-lg);}.vcex-icon-box.vcex_69d49a4576b8b .vcex-icon-box-icon{font-size:20px;color:#ffffff;background:#454545;border-radius:50%;height:45px;}.vcex-icon-box.vcex_69d49a4576b8b .vcex-icon-box-symbol{width:45px;}<\/style><div class=\"vcex-module vcex-icon-box vcex-icon-box-one wpex-flex wpex-mb-40 wpex-text-left vcex_69d49a4576b8b\"><div class=\"vcex-icon-box-symbol vcex-icon-box-symbol--icon wpex-flex-shrink-0 wpex-mr-20\"><div class=\"vcex-icon-box-icon wpex-items-center wpex-justify-center wpex-child-inherit-color wpex-text-center wpex-leading-none wpex-flex wpex-w-100 wpex-text-1\"><span class=\"wpex-flex wpex-icon\" aria-hidden=\"true\"><svg xmlns=\"http:\/\/www.w3.org\/2000\/svg\" viewBox=\"0 0 18 32\"><path d=\"M13.714 11.429q0-1.893-1.339-3.232t-3.232-1.339-3.232 1.339-1.339 3.232 1.339 3.232 3.232 1.339 3.232-1.339 1.339-3.232zM18.286 11.429q0 1.946-0.589 3.196l-6.5 13.821q-0.286 0.589-0.848 0.929t-1.205 0.339-1.205-0.339-0.83-0.929l-6.518-13.821q-0.589-1.25-0.589-3.196 0-3.786 2.679-6.464t6.464-2.679 6.464 2.679 2.679 6.464z\"><\/path><\/svg><\/span><\/div><\/div><div class=\"vcex-icon-box-text wpex-flex-grow\"><h2 class=\"vcex-icon-box-heading wpex-heading\">Adresse<\/h2><div class=\"vcex-icon-box-content wpex-last-mb-0 wpex-clr\"><p>Port de Santorini \u2013 A\u00e9roport de Santorini<br \/>\nSantorini, Cyclades 847 00<\/p>\n<\/div><\/div><\/div><style>.vcex-icon-box.vcex_69d49a4577bbe .vcex-icon-box-heading{margin-bottom:0px;font-size:var(--wpex-text-lg);}.vcex-icon-box.vcex_69d49a4577bbe .vcex-icon-box-icon{font-size:20px;color:#ffffff;background:#454545;border-radius:50%;height:45px;}.vcex-icon-box.vcex_69d49a4577bbe .vcex-icon-box-symbol{width:45px;}<\/style><div class=\"vcex-module vcex-icon-box vcex-icon-box-one wpex-flex wpex-mb-40 wpex-text-left vcex_69d49a4577bbe\"><div class=\"vcex-icon-box-symbol vcex-icon-box-symbol--icon wpex-flex-shrink-0 wpex-mr-20\"><div class=\"vcex-icon-box-icon wpex-items-center wpex-justify-center wpex-child-inherit-color wpex-text-center wpex-leading-none wpex-flex wpex-w-100 wpex-text-1\"><span class=\"wpex-flex wpex-icon\" aria-hidden=\"true\"><svg xmlns=\"http:\/\/www.w3.org\/2000\/svg\" viewBox=\"0 0 512 512\"><path d=\"M464 256A208 208 0 1 1 48 256a208 208 0 1 1 416 0zM0 256a256 256 0 1 0 512 0A256 256 0 1 0 0 256zM232 120V256c0 8 4 15.5 10.7 20l96 64c11 7.4 25.9 4.4 33.3-6.7s4.4-25.9-6.7-33.3L280 243.2V120c0-13.3-10.7-24-24-24s-24 10.7-24 24z\"\/><\/svg><\/span><\/div><\/div><div class=\"vcex-icon-box-text wpex-flex-grow\"><h2 class=\"vcex-icon-box-heading wpex-heading\">Horaires<\/h2><div class=\"vcex-icon-box-content wpex-last-mb-0 wpex-clr\"><p>Ouvert 24 heures sur 24<\/p>\n<\/div><\/div><\/div><style>.vcex-icon-box.vcex_69d49a4578829 .vcex-icon-box-heading{margin-bottom:0px;font-size:var(--wpex-text-lg);}.vcex-icon-box.vcex_69d49a4578829 .vcex-icon-box-icon{font-size:20px;color:#ffffff;background:#424242;border-radius:50%;height:45px;}.vcex-icon-box.vcex_69d49a4578829 .vcex-icon-box-symbol{width:45px;}<\/style><a class=\"vcex-module vcex-icon-box vcex-icon-box-one vcex-icon-box-has-link wpex-inherit-color wpex-no-underline wpex-flex wpex-mb-40 wpex-text-left vcex_69d49a4578829\" href=\"tel:+306974393401\"><div class=\"vcex-icon-box-symbol vcex-icon-box-symbol--icon wpex-flex-shrink-0 wpex-mr-20\"><div class=\"vcex-icon-box-icon wpex-items-center wpex-justify-center wpex-child-inherit-color wpex-text-center wpex-leading-none wpex-flex wpex-w-100 wpex-text-1\"><span class=\"wpex-flex wpex-icon\" aria-hidden=\"true\"><svg xmlns=\"http:\/\/www.w3.org\/2000\/svg\" viewBox=\"0 0 512 512\"><path d=\"M164.9 24.6c-7.7-18.6-28-28.5-47.4-23.2l-88 24C12.1 30.2 0 46 0 64C0 311.4 200.6 512 448 512c18 0 33.8-12.1 38.6-29.5l24-88c5.3-19.4-4.6-39.7-23.2-47.4l-96-40c-16.3-6.8-35.2-2.1-46.3 11.6L304.7 368C234.3 334.7 177.3 277.7 144 207.3L193.3 167c13.7-11.2 18.4-30 11.6-46.3l-40-96z\"\/><\/svg><\/span><\/div><\/div><div class=\"vcex-icon-box-text wpex-flex-grow\"><h2 class=\"vcex-icon-box-heading wpex-heading\">Num\u00e9ro de t\u00e9l\u00e9phone<\/h2><div class=\"vcex-icon-box-content wpex-last-mb-0 wpex-clr\"><p>+30-6974393401<\/p>\n<\/div><\/div><\/a><style>.vcex-icon-box.vcex_69d49a4579796 .vcex-icon-box-heading{margin-bottom:0px;font-size:var(--wpex-text-lg);}.vcex-icon-box.vcex_69d49a4579796 .vcex-icon-box-icon{font-size:20px;color:#ffffff;background:#454545;border-radius:50%;height:45px;}.vcex-icon-box.vcex_69d49a4579796 .vcex-icon-box-symbol{width:45px;}<\/style><div class=\"vcex-module vcex-icon-box vcex-icon-box-one wpex-flex wpex-mb-40 wpex-text-left vcex_69d49a4579796\"><div class=\"vcex-icon-box-symbol vcex-icon-box-symbol--icon wpex-flex-shrink-0 wpex-mr-20\"><div class=\"vcex-icon-box-icon wpex-items-center wpex-justify-center wpex-child-inherit-color wpex-text-center wpex-leading-none wpex-flex wpex-w-100 wpex-text-1\"><span class=\"wpex-flex wpex-icon\" aria-hidden=\"true\"><svg xmlns=\"http:\/\/www.w3.org\/2000\/svg\" viewBox=\"0 0 512 512\"><path d=\"M48 64C21.5 64 0 85.5 0 112c0 15.1 7.1 29.3 19.2 38.4L236.8 313.6c11.4 8.5 27 8.5 38.4 0L492.8 150.4c12.1-9.1 19.2-23.3 19.2-38.4c0-26.5-21.5-48-48-48H48zM0 176V384c0 35.3 28.7 64 64 64H448c35.3 0 64-28.7 64-64V176L294.4 339.2c-22.8 17.1-54 17.1-76.8 0L0 176z\"\/><\/svg><\/span><\/div><\/div><div class=\"vcex-icon-box-text wpex-flex-grow\"><h2 class=\"vcex-icon-box-heading wpex-heading\">Envoyer un message<\/h2><div class=\"vcex-icon-box-content wpex-last-mb-0 wpex-clr\"><p>support@carhub.gr<\/p>\n<\/div><\/div><\/div><style>.vcex-icon-box.vcex_69d49a457a820 .vcex-icon-box-heading{margin-bottom:0px;font-size:var(--wpex-text-lg);}.vcex-icon-box.vcex_69d49a457a820 .vcex-icon-box-icon{font-size:20px;color:#ffffff;background:#26d367;border-radius:50%;height:45px;}.vcex-icon-box.vcex_69d49a457a820 .vcex-icon-box-symbol{width:45px;}<\/style><a class=\"vcex-module vcex-icon-box vcex-icon-box-one vcex-icon-box-has-link wpex-inherit-color wpex-no-underline wpex-flex wpex-mb-40 wpex-text-left vcex_69d49a457a820\" href=\"https:\/\/api.whatsapp.com\/send?phone=306974393401\"><div class=\"vcex-icon-box-symbol vcex-icon-box-symbol--icon wpex-flex-shrink-0 wpex-mr-20\"><div class=\"vcex-icon-box-icon wpex-items-center wpex-justify-center wpex-child-inherit-color wpex-text-center wpex-leading-none wpex-flex wpex-w-100 wpex-text-1\"><span class=\"wpex-flex wpex-icon\" aria-hidden=\"true\"><svg xmlns=\"http:\/\/www.w3.org\/2000\/svg\" viewBox=\"0 0 448 512\"><path d=\"M380.9 97.1C339 55.1 283.2 32 223.9 32c-122.4 0-222 99.6-222 222 0 39.1 10.2 77.3 29.6 111L0 480l117.7-30.9c32.4 17.7 68.9 27 106.1 27h.1c122.3 0 224.1-99.6 224.1-222 0-59.3-25.2-115-67.1-157zm-157 341.6c-33.2 0-65.7-8.9-94-25.7l-6.7-4-69.8 18.3L72 359.2l-4.4-7c-18.5-29.4-28.2-63.3-28.2-98.2 0-101.7 82.8-184.5 184.6-184.5 49.3 0 95.6 19.2 130.4 54.1 34.8 34.9 56.2 81.2 56.1 130.5 0 101.8-84.9 184.6-186.6 184.6zm101.2-138.2c-5.5-2.8-32.8-16.2-37.9-18-5.1-1.9-8.8-2.8-12.5 2.8-3.7 5.6-14.3 18-17.6 21.8-3.2 3.7-6.5 4.2-12 1.4-32.6-16.3-54-29.1-75.5-66-5.7-9.8 5.7-9.1 16.3-30.3 1.8-3.7 .9-6.9-.5-9.7-1.4-2.8-12.5-30.1-17.1-41.2-4.5-10.8-9.1-9.3-12.5-9.5-3.2-.2-6.9-.2-10.6-.2-3.7 0-9.7 1.4-14.8 6.9-5.1 5.6-19.4 19-19.4 46.3 0 27.3 19.9 53.7 22.6 57.4 2.8 3.7 39.1 59.7 94.8 83.8 35.2 15.2 49 16.5 66.6 13.9 10.7-1.6 32.8-13.4 37.4-26.4 4.6-13 4.6-24.1 3.2-26.4-1.3-2.5-5-3.9-10.5-6.6z\"\/><\/svg><\/span><\/div><\/div><div class=\"vcex-icon-box-text wpex-flex-grow\"><h2 class=\"vcex-icon-box-heading wpex-heading\">WhatsApp<\/h2><div class=\"vcex-icon-box-content wpex-last-mb-0 wpex-clr\"><p>Appuyez pour discuter sur WhatsApp<\/p>\n<\/div><\/div><\/a><style>.vcex-icon-box.vcex_69d49a457b3b7 .vcex-icon-box-heading{margin-bottom:0px;font-size:var(--wpex-text-lg);}.vcex-icon-box.vcex_69d49a457b3b7 .vcex-icon-box-icon{font-size:20px;color:#ffffff;background:#665cac;border-radius:50%;height:45px;}.vcex-icon-box.vcex_69d49a457b3b7 .vcex-icon-box-symbol{width:45px;}<\/style><a class=\"vcex-module vcex-icon-box vcex-icon-box-one vcex-icon-box-has-link wpex-inherit-color wpex-no-underline wpex-flex wpex-mb-40 wpex-text-left vcex_69d49a457b3b7\" href=\"https:\/\/carhub.gr\/open-viber.php\"><div class=\"vcex-icon-box-symbol vcex-icon-box-symbol--icon wpex-flex-shrink-0 wpex-mr-20\"><div class=\"vcex-icon-box-icon wpex-items-center wpex-justify-center wpex-child-inherit-color wpex-text-center wpex-leading-none wpex-flex wpex-w-100 wpex-text-1\"><span class=\"wpex-flex fa fa-brands fa-viber\" aria-hidden=\"true\"><\/span><\/div><\/div><div class=\"vcex-icon-box-text wpex-flex-grow\"><h2 class=\"vcex-icon-box-heading wpex-heading\">Viber<\/h2><div class=\"vcex-icon-box-content wpex-last-mb-0 wpex-clr\"><p>Appuyez pour discuter sur Viber<\/p>\n<\/div><\/div><\/a><\/div>[vc_gmaps link=\u00a0\u00bb#E-8_JTNDaWZyYW1lJTIwc3JjJTNEJTIyaHR0cHMlM0ElMkYlMkZ3d3cuZ29vZ2xlLmNvbSUyRm1hcHMlMkZlbWJlZCUzRnBiJTNEJTIxMW0xNCUyMTFtOCUyMTFtMyUyMTFkMTI4NDcuODU2ODk1Njg2NTk4JTIxMmQyNS40Mjk2MjY3JTIxM2QzNi4zODU4NjAxJTIxM20yJTIxMWkxMDI0JTIxMmk3NjglMjE0ZjEzLjElMjEzbTMlMjExbTIlMjExczB4MCUyNTNBMHhhNjQ3NjUwODAwMjZkZGI5JTIxMnNDYXJIdWIlMkJSZW50JTJCYSUyQkNhciUyQlNhbnRvcmluaSUyQlBvcnQlMkItJTJCU2FudG9yaW5pJTJCQ2FyJTJCUmVudGFscyUyMTVlMCUyMTNtMiUyMTFzZW4lMjEyc2dyJTIxNHYxNTY0MDA4NjM3MDc0JTIxNW0yJTIxMXNlbiUyMTJzZ3IlMjIlMjB3aWR0aCUzRCUyMjYwMCUyMiUyMGhlaWdodCUzRCUyMjQ1MCUyMiUyMGZyYW1lYm9yZGVyJTNEJTIyMCUyMiUyMHN0eWxlJTNEJTIyYm9yZGVyJTNBMCUyMiUyMGFsbG93ZnVsbHNjcmVlbiUzRSUzQyUyRmlmcmFtZSUzRQ==\u00a0\u00bb css=\u00a0\u00bb\u00a0\u00bb][\/vc_column][\/vc_row][vc_row remove_bottom_col_margin=\u00a0\u00bbtrue\u00a0\u00bb el_class=\u00a0\u00bbcontact-card-box\u00a0\u00bb][vc_column]<style>.vcex-heading.vcex_69d49a457bfdd{font-size:var(--wpex-text-2xl);font-weight:700;}<\/style><div class=\"vcex-heading vcex-heading-plain vcex-module wpex-heading wpex-text-2xl wpex-mb-20 vcex_69d49a457bfdd\"><span class=\"vcex-heading-inner wpex-inline-block\">Contactez-nous via le formulaire<\/span><\/div>[vc_column_text css=\u00a0\u00bb\u00a0\u00bb bottom_margin=\u00a0\u00bb40px\u00a0\u00bb]N\u2019h\u00e9sitez pas \u00e0 nous envoyer un message, \u00e0 nous appeler ou \u00e0 passer nous dire bonjour. Notre \u00e9quipe accueillante est l\u00e0 pour vous aider.[\/vc_column_text]<style>.vcex-contact-form.vcex_69d49a457c7d5 .vcex-contact-form__submit{background:#3b82f6;}<\/style><div class=\"vcex-contact-form vcex_69d49a457c7d5\" data-ajaxurl=\"https:\/\/carhub.gr\/wp-admin\/admin-ajax.php\" data-notice-success=\"Thank you for the message. We will respond as soon as possible.\" data-notice-error=\"The following error occurred: {{error}}\" data-nonce=\"5bb2a966bc\"><form class=\"vcex-contact-form__form\"><div class=\"vcex-contact-form__fields wpex-mb-15 wpex-flex wpex-gap-20 wpex-flex-wrap\"><div class=\"vcex-contact-form__name wpex-flex-grow\"><label class=\"vcex-contact-form__label wpex-block wpex-mb-5 wpex-font-semibold\" for=\"vcex-contact-form__69d49a457c85c-name\">Your Name<sup class=\"vcex-contact-form__required\">*<\/sup><\/label><input class=\"vcex-contact-form__input wpex-w-100\" type=\"text\" id=\"vcex-contact-form__69d49a457c85c-name\" name=\"vcex_cf_name\" required><\/div><div class=\"vcex-contact-form__email wpex-flex-grow\"><label class=\"vcex-contact-form__label wpex-block wpex-mb-5 wpex-font-semibold\" for=\"vcex-contact-form__69d49a457c85c-email\">Your Email<sup class=\"vcex-contact-form__required\">*<\/sup><\/label><input class=\"vcex-contact-form__input wpex-w-100\" type=\"email\" id=\"vcex-contact-form__69d49a457c85c-email\" name=\"vcex_cf_email\" required><\/div><\/div><div class=\"vcex-contact-form__message wpex-mb-15\"><label class=\"vcex-contact-form__label wpex-block wpex-mb-5 wpex-font-semibold\" for=\"vcex-contact-form__69d49a457c85c-message\">Message<\/label><textarea rows=\"8\" class=\"vcex-contact-form__textarea wpex-align-top wpex-w-100\" id=\"vcex-contact-form__69d49a457c85c-message\" name=\"vcex_cf_message\" required><\/textarea><\/div><div class=\"vcex-contact-form__privacy wpex-flex wpex-items-center wpex-gap-5 wpex-mb-15\"><input type=\"checkbox\" class=\"vcex-contact-form__checkbox\" id=\"vcex-contact-form__69d49a457c85c-privacy\" name=\"vcex_cf_privacy\" required><label class=\"vcex-contact-form__label wpex-block wpex-font-semibold\" for=\"vcex-contact-form__69d49a457c85c-privacy\">I agree with the <a href=\"https:\/\/carhub.gr\/?page_id=3\" target=\"_blank\" rel=\"noopener noreferrer\">Privacy Policy<\/a>.<\/label><\/div><button class=\"vcex-contact-form__submit vcex-contact-form__submit--full wpex-flex wpex-w-100 wpex-text-1em wpex-items-center wpex-gap-10 wpex-justify-center wpex-opacity-100 theme-button\"><span class=\"vcex-contact-form__submit-text\">Envoyer<\/span><span class=\"vcex-contact-form__spinner wpex-icon wpex-hidden\"><svg height=\"20\" width=\"20\" class=\"wpex-animate-spin wpex-opacity-5\" xmlns=\"http:\/\/www.w3.org\/2000\/svg\" viewBox=\"0 0 16 16\" fill=\"currentColor\"><path fill-rule=\"evenodd\" d=\"M8 3a5 5 0 1 0 4.546 2.914.5.5 0 0 1 .908-.417A6 6 0 1 1 8 2z\"\/><path d=\"M8 4.466V.534a.25.25 0 0 1 .41-.192l2.36 1.966c.12.1.12.284 0 .384L8.41 4.658A.25.25 0 0 1 8 4.466\"\/><\/svg><\/span><\/button><div class=\"vcex-contact-form__notice wpex-hidden wpex-alert wpex-mt-15 wpex-mb-0\" role=\"alert\" aria-live=\"assertive\" tabindex=\"-1\"><\/div><\/form><div class=\"vcex-contact-form__overlay wpex-hidden\"><\/div><\/div>[\/vc_column][\/vc_row]\n<\/div>","protected":false},"excerpt":{"rendered":"<p>[vc_row remove_bottom_col_margin=\u00a0\u00bbtrue\u00a0\u00bb el_class=\u00a0\u00bbcontact-card-box\u00a0\u00bb][vc_column][vc_column_text css=\u00a0\u00bb\u00a0\u00bb bottom_margin=\u00a0\u00bb40px\u00a0\u00bb]N\u2019h\u00e9sitez pas \u00e0 nous envoyer un message, \u00e0 nous appeler ou \u00e0 passer nous dire bonjour. Notre \u00e9quipe accueillante est l\u00e0 pour vous aider.[\/vc_column_text][vc_gmaps link=\u00a0\u00bb#E-8_JTNDaWZyYW1lJTIwc3JjJTNEJTIyaHR0cHMlM0ElMkYlMkZ3d3cuZ29vZ2xlLmNvbSUyRm1hcHMlMkZlbWJlZCUzRnBiJTNEJTIxMW0xNCUyMTFtOCUyMTFtMyUyMTFkMTI4NDcuODU2ODk1Njg2NTk4JTIxMmQyNS40Mjk2MjY3JTIxM2QzNi4zODU4NjAxJTIxM20yJTIxMWkxMDI0JTIxMmk3NjglMjE0ZjEzLjElMjEzbTMlMjExbTIlMjExczB4MCUyNTNBMHhhNjQ3NjUwODAwMjZkZGI5JTIxMnNDYXJIdWIlMkJSZW50JTJCYSUyQkNhciUyQlNhbnRvcmluaSUyQlBvcnQlMkItJTJCU2FudG9yaW5pJTJCQ2FyJTJCUmVudGFscyUyMTVlMCUyMTNtMiUyMTFzZW4lMjEyc2dyJTIxNHYxNTY0MDA4NjM3MDc0JTIxNW0yJTIxMXNlbiUyMTJzZ3IlMjIlMjB3aWR0aCUzRCUyMjYwMCUyMiUyMGhlaWdodCUzRCUyMjQ1MCUyMiUyMGZyYW1lYm9yZGVyJTNEJTIyMCUyMiUyMHN0eWxlJTNEJTIyYm9yZGVyJTNBMCUyMiUyMGFsbG93ZnVsbHNjcmVlbiUzRSUzQyUyRmlmcmFtZSUzRQ==\u00a0\u00bb css=\u00a0\u00bb\u00a0\u00bb][\/vc_column][\/vc_row][vc_row remove_bottom_col_margin=\u00a0\u00bbtrue\u00a0\u00bb el_class=\u00a0\u00bbcontact-card-box\u00a0\u00bb][vc_column][vc_column_text css=\u00a0\u00bb\u00a0\u00bb bottom_margin=\u00a0\u00bb40px\u00a0\u00bb]N\u2019h\u00e9sitez pas \u00e0 nous envoyer un message, \u00e0 nous appeler ou \u00e0 passer nous dire bonjour. Notre \u00e9quipe accueillante est l\u00e0 pour&hellip;<\/p>\n","protected":false},"author":2,"featured_media":0,"parent":0,"menu_order":0,"comment_status":"closed","ping_status":"closed","template":"","meta":{"footnotes":""},"class_list":["post-2620","page","type-page","status-publish","hentry","entry","no-media"],"yoast_head":"<!-- This site is optimized with the Yoast SEO plugin v27.2 - https:\/\/yoast.com\/product\/yoast-seo-wordpress\/ -->\n<title>Contact - Carhub<\/title>\n<meta name=\"robots\" content=\"index, follow, max-snippet:-1, max-image-preview:large, max-video-preview:-1\" \/>\n<link rel=\"canonical\" href=\"https:\/\/carhub.gr\/fr\/contact\/\" \/>\n<meta property=\"og:locale\" content=\"fr_FR\" \/>\n<meta property=\"og:type\" content=\"article\" \/>\n<meta property=\"og:title\" content=\"Contact - Carhub\" \/>\n<meta property=\"og:description\" content=\"[vc_row remove_bottom_col_margin=\u00a0\u00bbtrue\u00a0\u00bb el_class=\u00a0\u00bbcontact-card-box\u00a0\u00bb][vc_column][vc_column_text css=\u00a0\u00bb\u00a0\u00bb bottom_margin=\u00a0\u00bb40px\u00a0\u00bb]N\u2019h\u00e9sitez pas \u00e0 nous envoyer un message, \u00e0 nous appeler ou \u00e0 passer nous dire bonjour. Notre \u00e9quipe accueillante est l\u00e0 pour vous aider.[\/vc_column_text][vc_gmaps link=\u00a0\u00bb#E-8_JTNDaWZyYW1lJTIwc3JjJTNEJTIyaHR0cHMlM0ElMkYlMkZ3d3cuZ29vZ2xlLmNvbSUyRm1hcHMlMkZlbWJlZCUzRnBiJTNEJTIxMW0xNCUyMTFtOCUyMTFtMyUyMTFkMTI4NDcuODU2ODk1Njg2NTk4JTIxMmQyNS40Mjk2MjY3JTIxM2QzNi4zODU4NjAxJTIxM20yJTIxMWkxMDI0JTIxMmk3NjglMjE0ZjEzLjElMjEzbTMlMjExbTIlMjExczB4MCUyNTNBMHhhNjQ3NjUwODAwMjZkZGI5JTIxMnNDYXJIdWIlMkJSZW50JTJCYSUyQkNhciUyQlNhbnRvcmluaSUyQlBvcnQlMkItJTJCU2FudG9yaW5pJTJCQ2FyJTJCUmVudGFscyUyMTVlMCUyMTNtMiUyMTFzZW4lMjEyc2dyJTIxNHYxNTY0MDA4NjM3MDc0JTIxNW0yJTIxMXNlbiUyMTJzZ3IlMjIlMjB3aWR0aCUzRCUyMjYwMCUyMiUyMGhlaWdodCUzRCUyMjQ1MCUyMiUyMGZyYW1lYm9yZGVyJTNEJTIyMCUyMiUyMHN0eWxlJTNEJTIyYm9yZGVyJTNBMCUyMiUyMGFsbG93ZnVsbHNjcmVlbiUzRSUzQyUyRmlmcmFtZSUzRQ==\u00a0\u00bb css=\u00a0\u00bb\u00a0\u00bb][\/vc_column][\/vc_row][vc_row remove_bottom_col_margin=\u00a0\u00bbtrue\u00a0\u00bb el_class=\u00a0\u00bbcontact-card-box\u00a0\u00bb][vc_column][vc_column_text css=\u00a0\u00bb\u00a0\u00bb bottom_margin=\u00a0\u00bb40px\u00a0\u00bb]N\u2019h\u00e9sitez pas \u00e0 nous envoyer un message, \u00e0 nous appeler ou \u00e0 passer nous dire bonjour. Notre \u00e9quipe accueillante est l\u00e0 pour&hellip;\" \/>\n<meta property=\"og:url\" content=\"https:\/\/carhub.gr\/fr\/contact\/\" \/>\n<meta property=\"og:site_name\" content=\"Carhub\" \/>\n<meta property=\"article:publisher\" content=\"https:\/\/www.facebook.com\/carhub.gr\/\" \/>\n<meta property=\"article:modified_time\" content=\"2026-01-23T18:37:49+00:00\" \/>\n<meta property=\"og:image\" content=\"https:\/\/carhub.gr\/wp-content\/uploads\/2025\/12\/pngegg-7-1.png\" \/>\n\t<meta property=\"og:image:width\" content=\"1366\" \/>\n\t<meta property=\"og:image:height\" content=\"768\" \/>\n\t<meta property=\"og:image:type\" content=\"image\/png\" \/>\n<meta name=\"twitter:card\" content=\"summary_large_image\" \/>\n<meta name=\"twitter:label1\" content=\"Dur\u00e9e de lecture estim\u00e9e\" \/>\n\t<meta name=\"twitter:data1\" content=\"1 minute\" \/>\n<script type=\"application\/ld+json\" class=\"yoast-schema-graph\">{\"@context\":\"https:\/\/schema.org\",\"@graph\":[{\"@type\":\"WebPage\",\"@id\":\"https:\/\/carhub.gr\/fr\/contact\/\",\"url\":\"https:\/\/carhub.gr\/fr\/contact\/\",\"name\":\"Contact - Carhub\",\"isPartOf\":{\"@id\":\"https:\/\/carhub.gr\/fr\/#website\"},\"datePublished\":\"2025-12-10T10:50:15+00:00\",\"dateModified\":\"2026-01-23T18:37:49+00:00\",\"breadcrumb\":{\"@id\":\"https:\/\/carhub.gr\/fr\/contact\/#breadcrumb\"},\"inLanguage\":\"fr-FR\",\"potentialAction\":[{\"@type\":\"ReadAction\",\"target\":[\"https:\/\/carhub.gr\/fr\/contact\/\"]}]},{\"@type\":\"BreadcrumbList\",\"@id\":\"https:\/\/carhub.gr\/fr\/contact\/#breadcrumb\",\"itemListElement\":[{\"@type\":\"ListItem\",\"position\":1,\"name\":\"Home\",\"item\":\"https:\/\/carhub.gr\/fr\/\"},{\"@type\":\"ListItem\",\"position\":2,\"name\":\"Contact\"}]},{\"@type\":\"WebSite\",\"@id\":\"https:\/\/carhub.gr\/fr\/#website\",\"url\":\"https:\/\/carhub.gr\/fr\/\",\"name\":\"Carhub\",\"description\":\"Rent a car Santorini - Santorini Car Hire\",\"publisher\":{\"@id\":\"https:\/\/carhub.gr\/fr\/#organization\"},\"alternateName\":\"RENT A CAR SANTORINI - SANTORINI CAR RENTAL\",\"potentialAction\":[{\"@type\":\"SearchAction\",\"target\":{\"@type\":\"EntryPoint\",\"urlTemplate\":\"https:\/\/carhub.gr\/fr\/?s={search_term_string}\"},\"query-input\":{\"@type\":\"PropertyValueSpecification\",\"valueRequired\":true,\"valueName\":\"search_term_string\"}}],\"inLanguage\":\"fr-FR\"},{\"@type\":\"Organization\",\"@id\":\"https:\/\/carhub.gr\/fr\/#organization\",\"name\":\"Carhub\",\"url\":\"https:\/\/carhub.gr\/fr\/\",\"logo\":{\"@type\":\"ImageObject\",\"inLanguage\":\"fr-FR\",\"@id\":\"https:\/\/carhub.gr\/fr\/#\/schema\/logo\/image\/\",\"url\":\"https:\/\/carhub.gr\/wp-content\/uploads\/2025\/12\/logo-carhub-1.png\",\"contentUrl\":\"https:\/\/carhub.gr\/wp-content\/uploads\/2025\/12\/logo-carhub-1.png\",\"width\":182,\"height\":53,\"caption\":\"Carhub\"},\"image\":{\"@id\":\"https:\/\/carhub.gr\/fr\/#\/schema\/logo\/image\/\"},\"sameAs\":[\"https:\/\/www.facebook.com\/carhub.gr\/\"]}]}<\/script>\n<!-- \/ Yoast SEO plugin. -->","yoast_head_json":{"title":"Contact - Carhub","robots":{"index":"index","follow":"follow","max-snippet":"max-snippet:-1","max-image-preview":"max-image-preview:large","max-video-preview":"max-video-preview:-1"},"canonical":"https:\/\/carhub.gr\/fr\/contact\/","og_locale":"fr_FR","og_type":"article","og_title":"Contact - Carhub","og_description":"[vc_row remove_bottom_col_margin=\u00a0\u00bbtrue\u00a0\u00bb el_class=\u00a0\u00bbcontact-card-box\u00a0\u00bb][vc_column][vc_column_text css=\u00a0\u00bb\u00a0\u00bb bottom_margin=\u00a0\u00bb40px\u00a0\u00bb]N\u2019h\u00e9sitez pas \u00e0 nous envoyer un message, \u00e0 nous appeler ou \u00e0 passer nous dire bonjour. Notre \u00e9quipe accueillante est l\u00e0 pour vous aider.[\/vc_column_text][vc_gmaps link=\u00a0\u00bb#E-8_JTNDaWZyYW1lJTIwc3JjJTNEJTIyaHR0cHMlM0ElMkYlMkZ3d3cuZ29vZ2xlLmNvbSUyRm1hcHMlMkZlbWJlZCUzRnBiJTNEJTIxMW0xNCUyMTFtOCUyMTFtMyUyMTFkMTI4NDcuODU2ODk1Njg2NTk4JTIxMmQyNS40Mjk2MjY3JTIxM2QzNi4zODU4NjAxJTIxM20yJTIxMWkxMDI0JTIxMmk3NjglMjE0ZjEzLjElMjEzbTMlMjExbTIlMjExczB4MCUyNTNBMHhhNjQ3NjUwODAwMjZkZGI5JTIxMnNDYXJIdWIlMkJSZW50JTJCYSUyQkNhciUyQlNhbnRvcmluaSUyQlBvcnQlMkItJTJCU2FudG9yaW5pJTJCQ2FyJTJCUmVudGFscyUyMTVlMCUyMTNtMiUyMTFzZW4lMjEyc2dyJTIxNHYxNTY0MDA4NjM3MDc0JTIxNW0yJTIxMXNlbiUyMTJzZ3IlMjIlMjB3aWR0aCUzRCUyMjYwMCUyMiUyMGhlaWdodCUzRCUyMjQ1MCUyMiUyMGZyYW1lYm9yZGVyJTNEJTIyMCUyMiUyMHN0eWxlJTNEJTIyYm9yZGVyJTNBMCUyMiUyMGFsbG93ZnVsbHNjcmVlbiUzRSUzQyUyRmlmcmFtZSUzRQ==\u00a0\u00bb css=\u00a0\u00bb\u00a0\u00bb][\/vc_column][\/vc_row][vc_row remove_bottom_col_margin=\u00a0\u00bbtrue\u00a0\u00bb el_class=\u00a0\u00bbcontact-card-box\u00a0\u00bb][vc_column][vc_column_text css=\u00a0\u00bb\u00a0\u00bb bottom_margin=\u00a0\u00bb40px\u00a0\u00bb]N\u2019h\u00e9sitez pas \u00e0 nous envoyer un message, \u00e0 nous appeler ou \u00e0 passer nous dire bonjour. Notre \u00e9quipe accueillante est l\u00e0 pour&hellip;","og_url":"https:\/\/carhub.gr\/fr\/contact\/","og_site_name":"Carhub","article_publisher":"https:\/\/www.facebook.com\/carhub.gr\/","article_modified_time":"2026-01-23T18:37:49+00:00","og_image":[{"width":1366,"height":768,"url":"https:\/\/carhub.gr\/wp-content\/uploads\/2025\/12\/pngegg-7-1.png","type":"image\/png"}],"twitter_card":"summary_large_image","twitter_misc":{"Dur\u00e9e de lecture estim\u00e9e":"1 minute"},"schema":{"@context":"https:\/\/schema.org","@graph":[{"@type":"WebPage","@id":"https:\/\/carhub.gr\/fr\/contact\/","url":"https:\/\/carhub.gr\/fr\/contact\/","name":"Contact - Carhub","isPartOf":{"@id":"https:\/\/carhub.gr\/fr\/#website"},"datePublished":"2025-12-10T10:50:15+00:00","dateModified":"2026-01-23T18:37:49+00:00","breadcrumb":{"@id":"https:\/\/carhub.gr\/fr\/contact\/#breadcrumb"},"inLanguage":"fr-FR","potentialAction":[{"@type":"ReadAction","target":["https:\/\/carhub.gr\/fr\/contact\/"]}]},{"@type":"BreadcrumbList","@id":"https:\/\/carhub.gr\/fr\/contact\/#breadcrumb","itemListElement":[{"@type":"ListItem","position":1,"name":"Home","item":"https:\/\/carhub.gr\/fr\/"},{"@type":"ListItem","position":2,"name":"Contact"}]},{"@type":"WebSite","@id":"https:\/\/carhub.gr\/fr\/#website","url":"https:\/\/carhub.gr\/fr\/","name":"Carhub","description":"Rent a car Santorini - Santorini Car Hire","publisher":{"@id":"https:\/\/carhub.gr\/fr\/#organization"},"alternateName":"RENT A CAR SANTORINI - SANTORINI CAR RENTAL","potentialAction":[{"@type":"SearchAction","target":{"@type":"EntryPoint","urlTemplate":"https:\/\/carhub.gr\/fr\/?s={search_term_string}"},"query-input":{"@type":"PropertyValueSpecification","valueRequired":true,"valueName":"search_term_string"}}],"inLanguage":"fr-FR"},{"@type":"Organization","@id":"https:\/\/carhub.gr\/fr\/#organization","name":"Carhub","url":"https:\/\/carhub.gr\/fr\/","logo":{"@type":"ImageObject","inLanguage":"fr-FR","@id":"https:\/\/carhub.gr\/fr\/#\/schema\/logo\/image\/","url":"https:\/\/carhub.gr\/wp-content\/uploads\/2025\/12\/logo-carhub-1.png","contentUrl":"https:\/\/carhub.gr\/wp-content\/uploads\/2025\/12\/logo-carhub-1.png","width":182,"height":53,"caption":"Carhub"},"image":{"@id":"https:\/\/carhub.gr\/fr\/#\/schema\/logo\/image\/"},"sameAs":["https:\/\/www.facebook.com\/carhub.gr\/"]}]}},"_links":{"self":[{"href":"https:\/\/carhub.gr\/fr\/wp-json\/wp\/v2\/pages\/2620","targetHints":{"allow":["GET"]}}],"collection":[{"href":"https:\/\/carhub.gr\/fr\/wp-json\/wp\/v2\/pages"}],"about":[{"href":"https:\/\/carhub.gr\/fr\/wp-json\/wp\/v2\/types\/page"}],"author":[{"embeddable":true,"href":"https:\/\/carhub.gr\/fr\/wp-json\/wp\/v2\/users\/2"}],"replies":[{"embeddable":true,"href":"https:\/\/carhub.gr\/fr\/wp-json\/wp\/v2\/comments?post=2620"}],"version-history":[{"count":2,"href":"https:\/\/carhub.gr\/fr\/wp-json\/wp\/v2\/pages\/2620\/revisions"}],"predecessor-version":[{"id":3593,"href":"https:\/\/carhub.gr\/fr\/wp-json\/wp\/v2\/pages\/2620\/revisions\/3593"}],"wp:attachment":[{"href":"https:\/\/carhub.gr\/fr\/wp-json\/wp\/v2\/media?parent=2620"}],"curies":[{"name":"wp","href":"https:\/\/api.w.org\/{rel}","templated":true}]}}