{"id":2609,"date":"2025-12-30T13:06:08","date_gmt":"2025-12-30T11:06:08","guid":{"rendered":"https:\/\/carhub.gr\/rental-terms\/"},"modified":"2025-12-31T20:12:02","modified_gmt":"2025-12-31T18:12:02","slug":"rental-terms","status":"publish","type":"page","link":"https:\/\/carhub.gr\/fr\/rental-terms\/","title":{"rendered":"Rental Terms"},"content":{"rendered":"<div class=\"wpb-content-wrapper\">[vc_row][vc_column][vc_column_text css=\u00a0\u00bb\u00a0\u00bb]\n<h1>Conditions de location<\/h1>\n<p><a href=\"http:\/\/carhub.gr\/\">Carhub<\/a> Conditions de location<\/p>\n<p><strong><em>\u00c2ge<\/em><\/strong><\/p>\n<p>Tout d\u2019abord, le conducteur doit \u00eatre \u00e2g\u00e9 de 23 \u00e0 70 ans et \u00eatre titulaire d\u2019un permis de conduire valide d\u00e9livr\u00e9 depuis au moins 4 ans.<\/p>\n<p><strong><em>Permis de conduire<\/em><\/strong><\/p>\n<p>Un permis de conduire valide est \u00e9galement requis pour tous les conducteurs d\u00e9sign\u00e9s, valable depuis au moins 12 mois. Les permis de conduire imprim\u00e9s dans un alphabet non latin (arabe, chinois, cyrillique, etc.) doivent \u00eatre accompagn\u00e9s d\u2019un permis de conduire international. Tout permis de conduire d\u00e9livr\u00e9 par un pays ne faisant pas partie de la convention internationale sur le permis de conduire doit \u00e9galement \u00eatre accompagn\u00e9 d\u2019une traduction officielle.<\/p>\n<p><strong><em>Paiement<\/em><\/strong><\/p>\n<p>Aucun d\u00e9p\u00f4t requis. Une carte de cr\u00e9dit ou de d\u00e9bit personnelle est n\u00e9cessaire (Visa ou MasterCard, AmEx non accept\u00e9e). Les informations de la carte sont conserv\u00e9es sur le contrat de location \u00e0 des fins de s\u00e9curit\u00e9 en cas de dommages au v\u00e9hicule.<\/p>\n<p><strong><em>Prise en charge du v\u00e9hicule<\/em><\/strong><\/p>\n<p>Lors de la prise en charge du v\u00e9hicule, le locataire recevra un contrat de location qu\u2019il devra v\u00e9rifier et signer. Le contrat de location indiquera tous les services et assurances inclus, ainsi que tout service ou assurance suppl\u00e9mentaire demand\u00e9 par le locataire, avec les frais correspondants.<\/p>\n<p>Il est tr\u00e8s important que le locataire v\u00e9rifie et signale tout dommage existant sur le v\u00e9hicule afin d\u2019\u00e9viter toute facturation pour des dommages caus\u00e9s par un pr\u00e9c\u00e9dent locataire. Le locataire doit signer, lors de la prise en charge et de la restitution, un formulaire d\u2019\u00e9tat du v\u00e9hicule mentionnant tout dommage.<\/p>\n<p><strong><em>Collecte \/ Livraison<\/em><\/strong><\/p>\n<p>Pour toute prise en charge ou restitution du v\u00e9hicule entre 23h30 et 7h00, des frais suppl\u00e9mentaires de 20 \u20ac peuvent s\u2019appliquer en raison du service hors horaires.<\/p>\n<p><strong><em>Assurance<\/em><\/strong><\/p>\n<p class=\"mt-2\">L\u2019assurance location de voiture est essentielle et nous proposons des formules adapt\u00e9es \u00e0 vos besoins pendant votre s\u00e9jour sur l\u2019\u00eele de Santorin.<\/p>\n<p>Nos v\u00e9hicules sont assur\u00e9s contre le vol et les dommages caus\u00e9s \u00e0 des tiers, \u00e0 l\u2019exception de : a) le conducteur et les passagers b) notre propre v\u00e9hicule.<\/p>\n<ul>\n<li><b>CDW \u2013 Collision Damage Waiver<\/b><\/li>\n<\/ul>\n<p class=\"mt-2\">Le locataire est couvert pour tout dommage caus\u00e9 au v\u00e9hicule de location :<\/p>\n<ul class=\"list-disc ml-8 mt-2\">\n<li>franchise sup\u00e9rieure \u00e0 500\/600 \u20ac pour les cat\u00e9gories A, B, C (10 \u20ac \/ jour)<\/li>\n<li>franchise sup\u00e9rieure \u00e0 800\/1000 \u20ac pour les cat\u00e9gories D, SUV (10 ou 12 \u20ac \/ jour)<\/li>\n<\/ul>\n<p class=\"mt-2\">Pour b\u00e9n\u00e9ficier de la couverture, vous devez respecter le code de la route local et conduire l\u00e9galement. Veuillez noter que l\u2019assurance ne couvre pas les dommages aux pneus, les dommages au dessous du v\u00e9hicule ni la perte ou le vol d\u2019effets personnels.<\/p>\n<p class=\"mt-2\">Encore une fois, pour b\u00e9n\u00e9ficier de la couverture, vous devez conduire l\u00e9galement et respecter le code de la route local. Les dommages aux pneus, les dommages au dessous du v\u00e9hicule et la perte ou le vol d\u2019effets personnels ne sont pas couverts.<\/p>\n<p>Nos programmes d\u2019assurance vous offrent le niveau de protection le mieux adapt\u00e9 \u00e0 vos besoins, avec une franchise r\u00e9duite. R\u00e9servez votre voiture de location \u00e0 Santorin d\u00e8s aujourd\u2019hui et profitez d\u2019une tranquillit\u00e9 d\u2019esprit totale pendant vos d\u00e9placements.<\/p>\n<p><em><strong>Frais suppl\u00e9mentaires<\/strong><\/em><br \/>\nToutes les locations sont factur\u00e9es sur la base de p\u00e9riodes de 24 heures. Des frais suppl\u00e9mentaires pour un ou plusieurs jours ne s\u2019appliquent que si la dur\u00e9e de location d\u00e9passe un cycle complet de 24 heures.<\/p>\n<p><strong><em>Annulation<\/em><\/strong><\/p>\n<p><em>Flexible<\/em><br \/>\nLes annulations sont gratuites et peuvent \u00eatre effectu\u00e9es par e-mail ou en contactant l\u2019\u00e9quipe d\u2019assistance CarHub.<\/p>\n<p>&nbsp;<\/p>\n<h3><em>Conditions g\u00e9n\u00e9rales<\/em><\/h3>\n<p><strong><em>Transport du v\u00e9hicule par ferry<\/em><\/strong><\/p>\n<p>Transport du v\u00e9hicule par ferry : interdit !<br \/>\nSi le locataire restitue le v\u00e9hicule avec des taches dans l\u2019habitacle n\u00e9cessitant un nettoyage sp\u00e9cial, il devra payer les frais correspondants.<\/p>\n<p><strong><em>Prolongation de la location<\/em><\/strong><\/p>\n<p>Si le locataire souhaite conserver le v\u00e9hicule au-del\u00e0 de la p\u00e9riode contractuelle, il devra nous contacter afin de prolonger son contrat de location.<br \/>\nDans le cas contraire, le tarif journalier sera factur\u00e9 au double et le v\u00e9hicule devra \u00eatre ravitaill\u00e9 en carburant par le client.<\/p>\n<p><strong><em>Amendes de stationnement \/ infractions routi\u00e8res<\/em><\/strong><\/p>\n<p>Le locataire du v\u00e9hicule est seul responsable de toutes les amendes pour infractions routi\u00e8res et des frais administratifs associ\u00e9s encourus pendant la p\u00e9riode de location.<\/p>\n<p><strong><em>RGPD 4624\/2019<\/em><\/strong><\/p>\n<p>Lors de la r\u00e9servation d\u2019un v\u00e9hicule de location, le client reconna\u00eet, conform\u00e9ment au RGPD 4624\/2019, que ses donn\u00e9es personnelles peuvent \u00eatre partag\u00e9es avec une autre entreprise afin de finaliser sa r\u00e9servation.[\/vc_column_text][\/vc_column][\/vc_row]\n<\/div>","protected":false},"excerpt":{"rendered":"<p>[vc_row][vc_column][vc_column_text css=\u00a0\u00bb\u00a0\u00bb] Conditions de location Carhub Conditions de location \u00c2ge Tout d\u2019abord, le conducteur doit \u00eatre \u00e2g\u00e9 de 23 \u00e0 70 ans et \u00eatre titulaire d\u2019un permis de conduire valide d\u00e9livr\u00e9 depuis au moins 4 ans. Permis de conduire Un permis de conduire valide est \u00e9galement requis pour tous les conducteurs d\u00e9sign\u00e9s, valable depuis au&hellip;<\/p>\n","protected":false},"author":2,"featured_media":0,"parent":0,"menu_order":0,"comment_status":"closed","ping_status":"closed","template":"templates\/no-sidebar.php","meta":{"footnotes":""},"class_list":["post-2609","page","type-page","status-publish","hentry","entry","no-media"],"yoast_head":"<!-- This site is optimized with the Yoast SEO plugin v27.2 - https:\/\/yoast.com\/product\/yoast-seo-wordpress\/ -->\n<title>Rental Terms - Carhub<\/title>\n<meta name=\"robots\" content=\"index, follow, max-snippet:-1, max-image-preview:large, max-video-preview:-1\" \/>\n<link rel=\"canonical\" href=\"https:\/\/carhub.gr\/fr\/rental-terms\/\" \/>\n<meta property=\"og:locale\" content=\"fr_FR\" \/>\n<meta property=\"og:type\" content=\"article\" \/>\n<meta property=\"og:title\" content=\"Rental Terms - Carhub\" \/>\n<meta property=\"og:description\" content=\"[vc_row][vc_column][vc_column_text css=\u00a0\u00bb\u00a0\u00bb] Conditions de location Carhub Conditions de location \u00c2ge Tout d\u2019abord, le conducteur doit \u00eatre \u00e2g\u00e9 de 23 \u00e0 70 ans et \u00eatre titulaire d\u2019un permis de conduire valide d\u00e9livr\u00e9 depuis au moins 4 ans. Permis de conduire Un permis de conduire valide est \u00e9galement requis pour tous les conducteurs d\u00e9sign\u00e9s, valable depuis au&hellip;\" \/>\n<meta property=\"og:url\" content=\"https:\/\/carhub.gr\/fr\/rental-terms\/\" \/>\n<meta property=\"og:site_name\" content=\"Carhub\" \/>\n<meta property=\"article:publisher\" content=\"https:\/\/www.facebook.com\/carhub.gr\/\" \/>\n<meta property=\"article:modified_time\" content=\"2025-12-31T18:12:02+00:00\" \/>\n<meta property=\"og:image\" content=\"https:\/\/carhub.gr\/wp-content\/uploads\/2025\/12\/pngegg-7-1.png\" \/>\n\t<meta property=\"og:image:width\" content=\"1366\" \/>\n\t<meta property=\"og:image:height\" content=\"768\" \/>\n\t<meta property=\"og:image:type\" content=\"image\/png\" \/>\n<meta name=\"twitter:card\" content=\"summary_large_image\" \/>\n<meta name=\"twitter:label1\" content=\"Dur\u00e9e de lecture estim\u00e9e\" \/>\n\t<meta name=\"twitter:data1\" content=\"4 minutes\" \/>\n<script type=\"application\/ld+json\" class=\"yoast-schema-graph\">{\"@context\":\"https:\/\/schema.org\",\"@graph\":[{\"@type\":\"WebPage\",\"@id\":\"https:\/\/carhub.gr\/fr\/rental-terms\/\",\"url\":\"https:\/\/carhub.gr\/fr\/rental-terms\/\",\"name\":\"Rental Terms - Carhub\",\"isPartOf\":{\"@id\":\"https:\/\/carhub.gr\/fr\/#website\"},\"datePublished\":\"2025-12-30T11:06:08+00:00\",\"dateModified\":\"2025-12-31T18:12:02+00:00\",\"breadcrumb\":{\"@id\":\"https:\/\/carhub.gr\/fr\/rental-terms\/#breadcrumb\"},\"inLanguage\":\"fr-FR\",\"potentialAction\":[{\"@type\":\"ReadAction\",\"target\":[\"https:\/\/carhub.gr\/fr\/rental-terms\/\"]}]},{\"@type\":\"BreadcrumbList\",\"@id\":\"https:\/\/carhub.gr\/fr\/rental-terms\/#breadcrumb\",\"itemListElement\":[{\"@type\":\"ListItem\",\"position\":1,\"name\":\"Home\",\"item\":\"https:\/\/carhub.gr\/fr\/\"},{\"@type\":\"ListItem\",\"position\":2,\"name\":\"Rental Terms\"}]},{\"@type\":\"WebSite\",\"@id\":\"https:\/\/carhub.gr\/fr\/#website\",\"url\":\"https:\/\/carhub.gr\/fr\/\",\"name\":\"Carhub\",\"description\":\"Rent a car Santorini - Santorini Car Hire\",\"publisher\":{\"@id\":\"https:\/\/carhub.gr\/fr\/#organization\"},\"alternateName\":\"RENT A CAR SANTORINI - SANTORINI CAR RENTAL\",\"potentialAction\":[{\"@type\":\"SearchAction\",\"target\":{\"@type\":\"EntryPoint\",\"urlTemplate\":\"https:\/\/carhub.gr\/fr\/?s={search_term_string}\"},\"query-input\":{\"@type\":\"PropertyValueSpecification\",\"valueRequired\":true,\"valueName\":\"search_term_string\"}}],\"inLanguage\":\"fr-FR\"},{\"@type\":\"Organization\",\"@id\":\"https:\/\/carhub.gr\/fr\/#organization\",\"name\":\"Carhub\",\"url\":\"https:\/\/carhub.gr\/fr\/\",\"logo\":{\"@type\":\"ImageObject\",\"inLanguage\":\"fr-FR\",\"@id\":\"https:\/\/carhub.gr\/fr\/#\/schema\/logo\/image\/\",\"url\":\"https:\/\/carhub.gr\/wp-content\/uploads\/2025\/12\/logo-carhub-1.png\",\"contentUrl\":\"https:\/\/carhub.gr\/wp-content\/uploads\/2025\/12\/logo-carhub-1.png\",\"width\":182,\"height\":53,\"caption\":\"Carhub\"},\"image\":{\"@id\":\"https:\/\/carhub.gr\/fr\/#\/schema\/logo\/image\/\"},\"sameAs\":[\"https:\/\/www.facebook.com\/carhub.gr\/\"]}]}<\/script>\n<!-- \/ Yoast SEO plugin. -->","yoast_head_json":{"title":"Rental Terms - Carhub","robots":{"index":"index","follow":"follow","max-snippet":"max-snippet:-1","max-image-preview":"max-image-preview:large","max-video-preview":"max-video-preview:-1"},"canonical":"https:\/\/carhub.gr\/fr\/rental-terms\/","og_locale":"fr_FR","og_type":"article","og_title":"Rental Terms - Carhub","og_description":"[vc_row][vc_column][vc_column_text css=\u00a0\u00bb\u00a0\u00bb] Conditions de location Carhub Conditions de location \u00c2ge Tout d\u2019abord, le conducteur doit \u00eatre \u00e2g\u00e9 de 23 \u00e0 70 ans et \u00eatre titulaire d\u2019un permis de conduire valide d\u00e9livr\u00e9 depuis au moins 4 ans. Permis de conduire Un permis de conduire valide est \u00e9galement requis pour tous les conducteurs d\u00e9sign\u00e9s, valable depuis au&hellip;","og_url":"https:\/\/carhub.gr\/fr\/rental-terms\/","og_site_name":"Carhub","article_publisher":"https:\/\/www.facebook.com\/carhub.gr\/","article_modified_time":"2025-12-31T18:12:02+00:00","og_image":[{"width":1366,"height":768,"url":"https:\/\/carhub.gr\/wp-content\/uploads\/2025\/12\/pngegg-7-1.png","type":"image\/png"}],"twitter_card":"summary_large_image","twitter_misc":{"Dur\u00e9e de lecture estim\u00e9e":"4 minutes"},"schema":{"@context":"https:\/\/schema.org","@graph":[{"@type":"WebPage","@id":"https:\/\/carhub.gr\/fr\/rental-terms\/","url":"https:\/\/carhub.gr\/fr\/rental-terms\/","name":"Rental Terms - Carhub","isPartOf":{"@id":"https:\/\/carhub.gr\/fr\/#website"},"datePublished":"2025-12-30T11:06:08+00:00","dateModified":"2025-12-31T18:12:02+00:00","breadcrumb":{"@id":"https:\/\/carhub.gr\/fr\/rental-terms\/#breadcrumb"},"inLanguage":"fr-FR","potentialAction":[{"@type":"ReadAction","target":["https:\/\/carhub.gr\/fr\/rental-terms\/"]}]},{"@type":"BreadcrumbList","@id":"https:\/\/carhub.gr\/fr\/rental-terms\/#breadcrumb","itemListElement":[{"@type":"ListItem","position":1,"name":"Home","item":"https:\/\/carhub.gr\/fr\/"},{"@type":"ListItem","position":2,"name":"Rental Terms"}]},{"@type":"WebSite","@id":"https:\/\/carhub.gr\/fr\/#website","url":"https:\/\/carhub.gr\/fr\/","name":"Carhub","description":"Rent a car Santorini - Santorini Car Hire","publisher":{"@id":"https:\/\/carhub.gr\/fr\/#organization"},"alternateName":"RENT A CAR SANTORINI - SANTORINI CAR RENTAL","potentialAction":[{"@type":"SearchAction","target":{"@type":"EntryPoint","urlTemplate":"https:\/\/carhub.gr\/fr\/?s={search_term_string}"},"query-input":{"@type":"PropertyValueSpecification","valueRequired":true,"valueName":"search_term_string"}}],"inLanguage":"fr-FR"},{"@type":"Organization","@id":"https:\/\/carhub.gr\/fr\/#organization","name":"Carhub","url":"https:\/\/carhub.gr\/fr\/","logo":{"@type":"ImageObject","inLanguage":"fr-FR","@id":"https:\/\/carhub.gr\/fr\/#\/schema\/logo\/image\/","url":"https:\/\/carhub.gr\/wp-content\/uploads\/2025\/12\/logo-carhub-1.png","contentUrl":"https:\/\/carhub.gr\/wp-content\/uploads\/2025\/12\/logo-carhub-1.png","width":182,"height":53,"caption":"Carhub"},"image":{"@id":"https:\/\/carhub.gr\/fr\/#\/schema\/logo\/image\/"},"sameAs":["https:\/\/www.facebook.com\/carhub.gr\/"]}]}},"_links":{"self":[{"href":"https:\/\/carhub.gr\/fr\/wp-json\/wp\/v2\/pages\/2609","targetHints":{"allow":["GET"]}}],"collection":[{"href":"https:\/\/carhub.gr\/fr\/wp-json\/wp\/v2\/pages"}],"about":[{"href":"https:\/\/carhub.gr\/fr\/wp-json\/wp\/v2\/types\/page"}],"author":[{"embeddable":true,"href":"https:\/\/carhub.gr\/fr\/wp-json\/wp\/v2\/users\/2"}],"replies":[{"embeddable":true,"href":"https:\/\/carhub.gr\/fr\/wp-json\/wp\/v2\/comments?post=2609"}],"version-history":[{"count":2,"href":"https:\/\/carhub.gr\/fr\/wp-json\/wp\/v2\/pages\/2609\/revisions"}],"predecessor-version":[{"id":2615,"href":"https:\/\/carhub.gr\/fr\/wp-json\/wp\/v2\/pages\/2609\/revisions\/2615"}],"wp:attachment":[{"href":"https:\/\/carhub.gr\/fr\/wp-json\/wp\/v2\/media?parent=2609"}],"curies":[{"name":"wp","href":"https:\/\/api.w.org\/{rel}","templated":true}]}}