{"id":3499,"date":"2026-01-15T00:48:45","date_gmt":"2026-01-14T22:48:45","guid":{"rendered":"https:\/\/carhub.gr\/santorini-volcano\/"},"modified":"2026-01-15T01:04:43","modified_gmt":"2026-01-14T23:04:43","slug":"volcan-de-santorini","status":"publish","type":"page","link":"https:\/\/carhub.gr\/es\/volcan-de-santorini\/","title":{"rendered":"Volc\u00e1n de Santorini"},"content":{"rendered":"<div class=\"wpb-content-wrapper\">[vc_row][vc_column][vc_column_text css=\u00bb\u00bb]\n<h1 style=\"text-align: center;\">Volc\u00e1n de Santorini<\/h1>\n<figure id=\"attachment_3489\" aria-describedby=\"caption-attachment-3489\" style=\"width: 300px\" class=\"wp-caption aligncenter\"><img loading=\"lazy\" decoding=\"async\" class=\"wp-image-3489 size-full\" src=\"https:\/\/carhub.gr\/wp-content\/uploads\/2026\/01\/29019769_10156576679410649_838376255_n-300x222-1.jpg\" alt=\"volc\u00e1n de Santorini\" width=\"300\" height=\"222\" \/><figcaption id=\"caption-attachment-3489\" class=\"wp-caption-text\">(imagen del volc\u00e1n de Santorini)<\/figcaption><\/figure>\n<p><span style=\"color: #000000;\"><span style=\"font-family: Arial, sans-serif;\"><span style=\"font-size: small;\">Santorini est\u00e1 dotada de una belleza natural \u00fanica y de un paisaje salvaje creado por las erupciones volc\u00e1nicas. La isla es extremadamente famosa por su magn\u00edfica caldera y tambi\u00e9n es conocida por los dos peque\u00f1os islotes de lava negra situados en el centro de la cuenca de Santorini. Desde el punto de vista geogr\u00e1fico, se trata de los islotes m\u00e1s j\u00f3venes del Mediterr\u00e1neo oriental. Nea Kameni, en particular, es un gran punto de atracci\u00f3n para los visitantes gracias a sus fuentes termales con propiedades curativas. Las aguas amarillentas contienen una gran cantidad de azufre y se caracterizan por sus propiedades terap\u00e9uticas. Hoy en d\u00eda, Agios Nikolaos, la peque\u00f1a cala situada en el islote de Nea Kameni, se considera una verdadera fuente de bienestar. Los pueblos de Santorini, situados en lo alto de los acantilados, ofrecen una vista impresionante de la caldera y de los islotes j\u00f3venes, especialmente durante la puesta de sol de colores espectaculares.<\/span><\/span><\/span><\/p>\n<h2 style=\"text-align: center;\">Por qu\u00e9 visitar el volc\u00e1n de Santorini<\/h2>\n<p><span style=\"color: #000000;\"><span style=\"font-family: Arial, sans-serif;\"><span style=\"font-size: small;\">Los visitantes pueden conocer el volc\u00e1n participando en uno de los cruceros diarios anunciados en cada pueblo. Es posible caminar sobre las s\u00f3lidas laderas de lava negra del volc\u00e1n humeante y explorar toda la zona, que resulta realmente impresionante. Nea Kameni es el islote central y, una vez en su orilla, tras una caminata de unos veinte minutos por un paisaje lunar, los visitantes descubren el cr\u00e1ter del volc\u00e1n y otras aberturas de las que emanan vapores de azufre. La zona tambi\u00e9n ofrece una vista extraordinaria de los hermosos pueblos suspendidos en los acantilados. El <a href=\"https:\/\/www.youtube.com\/watch?v=XHe_DOAQ2zM\" target=\"_blank\" rel=\"noopener noreferrer\">volc\u00e1n<\/a> m\u00e1s antiguo, Palea Kameni, tambi\u00e9n cuenta con fuentes termales.<\/span><\/span><\/span><\/p>\n<p><span style=\"color: #000000;\"><span style=\"font-family: Arial, sans-serif;\"><span style=\"font-size: small;\">Las islas de Palea y Nea Kameni, las islas volc\u00e1nicas, as\u00ed como Aspronisi, pueden visitarse f\u00e1cilmente en peque\u00f1as embarcaciones. De este modo, se puede caminar sobre un <strong><b>volc\u00e1n activo<\/b><\/strong> y disfrutar de una vista \u00fanica de la <strong><b>isla de Santorini<\/b><\/strong>. Consulte nuestra secci\u00f3n de <strong><b>tours<\/b><\/strong> para obtener ideas y no dude en ponerse en contacto con nosotros si tiene alguna pregunta.<\/span><\/span><\/span><\/p>\n<p><span style=\"color: #000000;\"><span style=\"font-family: Arial, sans-serif;\"><span style=\"font-size: small;\">La mayor\u00eda de las personas son recogidas directamente en sus hoteles para estos <strong><b>tours<\/b><\/strong> o simplemente se dirigen al puerto de Santorini con su <a href=\"http:\/\/carhub.gr\/\"><strong><b>coche de alquiler<\/b><\/strong><\/a> y comienzan desde all\u00ed.<\/span><\/span><\/span><\/p>\n[\/vc_column_text][\/vc_column][\/vc_row]\n<\/div>","protected":false},"excerpt":{"rendered":"<p>[vc_row][vc_column][vc_column_text css=\u00bb\u00bb] Volc\u00e1n de Santorini Santorini est\u00e1 dotada de una belleza natural \u00fanica y de un paisaje salvaje creado por las erupciones volc\u00e1nicas. La isla es extremadamente famosa por su magn\u00edfica caldera y tambi\u00e9n es conocida por los dos peque\u00f1os islotes de lava negra situados en el centro de la cuenca de Santorini. Desde el&hellip;<\/p>\n","protected":false},"author":2,"featured_media":0,"parent":0,"menu_order":0,"comment_status":"closed","ping_status":"closed","template":"templates\/no-sidebar.php","meta":{"footnotes":""},"class_list":["post-3499","page","type-page","status-publish","hentry","entry","no-media"],"yoast_head":"<!-- This site is optimized with the Yoast SEO plugin v27.2 - https:\/\/yoast.com\/product\/yoast-seo-wordpress\/ -->\n<title>Volc\u00e1n de Santorini - Carhub<\/title>\n<meta name=\"robots\" content=\"index, follow, max-snippet:-1, max-image-preview:large, max-video-preview:-1\" \/>\n<link rel=\"canonical\" href=\"https:\/\/carhub.gr\/es\/volcan-de-santorini\/\" \/>\n<meta property=\"og:locale\" content=\"es_ES\" \/>\n<meta property=\"og:type\" content=\"article\" \/>\n<meta property=\"og:title\" content=\"Volc\u00e1n de Santorini - Carhub\" \/>\n<meta property=\"og:description\" content=\"[vc_row][vc_column][vc_column_text css=\u00bb\u00bb] Volc\u00e1n de Santorini Santorini est\u00e1 dotada de una belleza natural \u00fanica y de un paisaje salvaje creado por las erupciones volc\u00e1nicas. La isla es extremadamente famosa por su magn\u00edfica caldera y tambi\u00e9n es conocida por los dos peque\u00f1os islotes de lava negra situados en el centro de la cuenca de Santorini. Desde el&hellip;\" \/>\n<meta property=\"og:url\" content=\"https:\/\/carhub.gr\/es\/volcan-de-santorini\/\" \/>\n<meta property=\"og:site_name\" content=\"Carhub\" \/>\n<meta property=\"article:publisher\" content=\"https:\/\/www.facebook.com\/carhub.gr\/\" \/>\n<meta property=\"article:modified_time\" content=\"2026-01-14T23:04:43+00:00\" \/>\n<meta property=\"og:image\" content=\"https:\/\/carhub.gr\/wp-content\/uploads\/2026\/01\/29019769_10156576679410649_838376255_n-300x222-1.jpg\" \/>\n\t<meta property=\"og:image:width\" content=\"300\" \/>\n\t<meta property=\"og:image:height\" content=\"222\" \/>\n\t<meta property=\"og:image:type\" content=\"image\/jpeg\" \/>\n<meta name=\"twitter:card\" content=\"summary_large_image\" \/>\n<meta name=\"twitter:label1\" content=\"Tiempo de lectura\" \/>\n\t<meta name=\"twitter:data1\" content=\"2 minutos\" \/>\n<script type=\"application\/ld+json\" class=\"yoast-schema-graph\">{\"@context\":\"https:\/\/schema.org\",\"@graph\":[{\"@type\":\"WebPage\",\"@id\":\"https:\/\/carhub.gr\/es\/volcan-de-santorini\/\",\"url\":\"https:\/\/carhub.gr\/es\/volcan-de-santorini\/\",\"name\":\"Volc\u00e1n de Santorini - Carhub\",\"isPartOf\":{\"@id\":\"https:\/\/carhub.gr\/es\/#website\"},\"primaryImageOfPage\":{\"@id\":\"https:\/\/carhub.gr\/es\/volcan-de-santorini\/#primaryimage\"},\"image\":{\"@id\":\"https:\/\/carhub.gr\/es\/volcan-de-santorini\/#primaryimage\"},\"thumbnailUrl\":\"https:\/\/carhub.gr\/wp-content\/uploads\/2026\/01\/29019769_10156576679410649_838376255_n-300x222-1.jpg\",\"datePublished\":\"2026-01-14T22:48:45+00:00\",\"dateModified\":\"2026-01-14T23:04:43+00:00\",\"breadcrumb\":{\"@id\":\"https:\/\/carhub.gr\/es\/volcan-de-santorini\/#breadcrumb\"},\"inLanguage\":\"es\",\"potentialAction\":[{\"@type\":\"ReadAction\",\"target\":[\"https:\/\/carhub.gr\/es\/volcan-de-santorini\/\"]}]},{\"@type\":\"ImageObject\",\"inLanguage\":\"es\",\"@id\":\"https:\/\/carhub.gr\/es\/volcan-de-santorini\/#primaryimage\",\"url\":\"https:\/\/carhub.gr\/wp-content\/uploads\/2026\/01\/29019769_10156576679410649_838376255_n-300x222-1.jpg\",\"contentUrl\":\"https:\/\/carhub.gr\/wp-content\/uploads\/2026\/01\/29019769_10156576679410649_838376255_n-300x222-1.jpg\"},{\"@type\":\"BreadcrumbList\",\"@id\":\"https:\/\/carhub.gr\/es\/volcan-de-santorini\/#breadcrumb\",\"itemListElement\":[{\"@type\":\"ListItem\",\"position\":1,\"name\":\"Home\",\"item\":\"https:\/\/carhub.gr\/es\/\"},{\"@type\":\"ListItem\",\"position\":2,\"name\":\"Volc\u00e1n de Santorini\"}]},{\"@type\":\"WebSite\",\"@id\":\"https:\/\/carhub.gr\/es\/#website\",\"url\":\"https:\/\/carhub.gr\/es\/\",\"name\":\"Carhub\",\"description\":\"Rent a car Santorini - Santorini Car Hire\",\"publisher\":{\"@id\":\"https:\/\/carhub.gr\/es\/#organization\"},\"alternateName\":\"RENT A CAR SANTORINI - SANTORINI CAR RENTAL\",\"potentialAction\":[{\"@type\":\"SearchAction\",\"target\":{\"@type\":\"EntryPoint\",\"urlTemplate\":\"https:\/\/carhub.gr\/es\/?s={search_term_string}\"},\"query-input\":{\"@type\":\"PropertyValueSpecification\",\"valueRequired\":true,\"valueName\":\"search_term_string\"}}],\"inLanguage\":\"es\"},{\"@type\":\"Organization\",\"@id\":\"https:\/\/carhub.gr\/es\/#organization\",\"name\":\"Carhub\",\"url\":\"https:\/\/carhub.gr\/es\/\",\"logo\":{\"@type\":\"ImageObject\",\"inLanguage\":\"es\",\"@id\":\"https:\/\/carhub.gr\/es\/#\/schema\/logo\/image\/\",\"url\":\"https:\/\/carhub.gr\/wp-content\/uploads\/2025\/12\/logo-carhub-1.png\",\"contentUrl\":\"https:\/\/carhub.gr\/wp-content\/uploads\/2025\/12\/logo-carhub-1.png\",\"width\":182,\"height\":53,\"caption\":\"Carhub\"},\"image\":{\"@id\":\"https:\/\/carhub.gr\/es\/#\/schema\/logo\/image\/\"},\"sameAs\":[\"https:\/\/www.facebook.com\/carhub.gr\/\"]}]}<\/script>\n<!-- \/ Yoast SEO plugin. -->","yoast_head_json":{"title":"Volc\u00e1n de Santorini - Carhub","robots":{"index":"index","follow":"follow","max-snippet":"max-snippet:-1","max-image-preview":"max-image-preview:large","max-video-preview":"max-video-preview:-1"},"canonical":"https:\/\/carhub.gr\/es\/volcan-de-santorini\/","og_locale":"es_ES","og_type":"article","og_title":"Volc\u00e1n de Santorini - Carhub","og_description":"[vc_row][vc_column][vc_column_text css=\u00bb\u00bb] Volc\u00e1n de Santorini Santorini est\u00e1 dotada de una belleza natural \u00fanica y de un paisaje salvaje creado por las erupciones volc\u00e1nicas. La isla es extremadamente famosa por su magn\u00edfica caldera y tambi\u00e9n es conocida por los dos peque\u00f1os islotes de lava negra situados en el centro de la cuenca de Santorini. Desde el&hellip;","og_url":"https:\/\/carhub.gr\/es\/volcan-de-santorini\/","og_site_name":"Carhub","article_publisher":"https:\/\/www.facebook.com\/carhub.gr\/","article_modified_time":"2026-01-14T23:04:43+00:00","og_image":[{"width":300,"height":222,"url":"https:\/\/carhub.gr\/wp-content\/uploads\/2026\/01\/29019769_10156576679410649_838376255_n-300x222-1.jpg","type":"image\/jpeg"}],"twitter_card":"summary_large_image","twitter_misc":{"Tiempo de lectura":"2 minutos"},"schema":{"@context":"https:\/\/schema.org","@graph":[{"@type":"WebPage","@id":"https:\/\/carhub.gr\/es\/volcan-de-santorini\/","url":"https:\/\/carhub.gr\/es\/volcan-de-santorini\/","name":"Volc\u00e1n de Santorini - Carhub","isPartOf":{"@id":"https:\/\/carhub.gr\/es\/#website"},"primaryImageOfPage":{"@id":"https:\/\/carhub.gr\/es\/volcan-de-santorini\/#primaryimage"},"image":{"@id":"https:\/\/carhub.gr\/es\/volcan-de-santorini\/#primaryimage"},"thumbnailUrl":"https:\/\/carhub.gr\/wp-content\/uploads\/2026\/01\/29019769_10156576679410649_838376255_n-300x222-1.jpg","datePublished":"2026-01-14T22:48:45+00:00","dateModified":"2026-01-14T23:04:43+00:00","breadcrumb":{"@id":"https:\/\/carhub.gr\/es\/volcan-de-santorini\/#breadcrumb"},"inLanguage":"es","potentialAction":[{"@type":"ReadAction","target":["https:\/\/carhub.gr\/es\/volcan-de-santorini\/"]}]},{"@type":"ImageObject","inLanguage":"es","@id":"https:\/\/carhub.gr\/es\/volcan-de-santorini\/#primaryimage","url":"https:\/\/carhub.gr\/wp-content\/uploads\/2026\/01\/29019769_10156576679410649_838376255_n-300x222-1.jpg","contentUrl":"https:\/\/carhub.gr\/wp-content\/uploads\/2026\/01\/29019769_10156576679410649_838376255_n-300x222-1.jpg"},{"@type":"BreadcrumbList","@id":"https:\/\/carhub.gr\/es\/volcan-de-santorini\/#breadcrumb","itemListElement":[{"@type":"ListItem","position":1,"name":"Home","item":"https:\/\/carhub.gr\/es\/"},{"@type":"ListItem","position":2,"name":"Volc\u00e1n de Santorini"}]},{"@type":"WebSite","@id":"https:\/\/carhub.gr\/es\/#website","url":"https:\/\/carhub.gr\/es\/","name":"Carhub","description":"Rent a car Santorini - Santorini Car Hire","publisher":{"@id":"https:\/\/carhub.gr\/es\/#organization"},"alternateName":"RENT A CAR SANTORINI - SANTORINI CAR RENTAL","potentialAction":[{"@type":"SearchAction","target":{"@type":"EntryPoint","urlTemplate":"https:\/\/carhub.gr\/es\/?s={search_term_string}"},"query-input":{"@type":"PropertyValueSpecification","valueRequired":true,"valueName":"search_term_string"}}],"inLanguage":"es"},{"@type":"Organization","@id":"https:\/\/carhub.gr\/es\/#organization","name":"Carhub","url":"https:\/\/carhub.gr\/es\/","logo":{"@type":"ImageObject","inLanguage":"es","@id":"https:\/\/carhub.gr\/es\/#\/schema\/logo\/image\/","url":"https:\/\/carhub.gr\/wp-content\/uploads\/2025\/12\/logo-carhub-1.png","contentUrl":"https:\/\/carhub.gr\/wp-content\/uploads\/2025\/12\/logo-carhub-1.png","width":182,"height":53,"caption":"Carhub"},"image":{"@id":"https:\/\/carhub.gr\/es\/#\/schema\/logo\/image\/"},"sameAs":["https:\/\/www.facebook.com\/carhub.gr\/"]}]}},"_links":{"self":[{"href":"https:\/\/carhub.gr\/es\/wp-json\/wp\/v2\/pages\/3499","targetHints":{"allow":["GET"]}}],"collection":[{"href":"https:\/\/carhub.gr\/es\/wp-json\/wp\/v2\/pages"}],"about":[{"href":"https:\/\/carhub.gr\/es\/wp-json\/wp\/v2\/types\/page"}],"author":[{"embeddable":true,"href":"https:\/\/carhub.gr\/es\/wp-json\/wp\/v2\/users\/2"}],"replies":[{"embeddable":true,"href":"https:\/\/carhub.gr\/es\/wp-json\/wp\/v2\/comments?post=3499"}],"version-history":[{"count":1,"href":"https:\/\/carhub.gr\/es\/wp-json\/wp\/v2\/pages\/3499\/revisions"}],"predecessor-version":[{"id":3507,"href":"https:\/\/carhub.gr\/es\/wp-json\/wp\/v2\/pages\/3499\/revisions\/3507"}],"wp:attachment":[{"href":"https:\/\/carhub.gr\/es\/wp-json\/wp\/v2\/media?parent=3499"}],"curies":[{"name":"wp","href":"https:\/\/api.w.org\/{rel}","templated":true}]}}