{"id":3396,"date":"2026-01-14T22:25:40","date_gmt":"2026-01-14T20:25:40","guid":{"rendered":"https:\/\/carhub.gr\/santorini-volcanic-beaches\/"},"modified":"2026-01-14T22:34:59","modified_gmt":"2026-01-14T20:34:59","slug":"playas-volcanicas-de-santorini","status":"publish","type":"page","link":"https:\/\/carhub.gr\/es\/playas-volcanicas-de-santorini\/","title":{"rendered":"Playas volc\u00e1nicas de Santorini"},"content":{"rendered":"<div class=\"wpb-content-wrapper\">[vc_row][vc_column][vc_column_text css=\u00bb\u00bb]\n<h1 style=\"text-align: center;\">Playas volc\u00e1nicas de Santorini<\/h1>\n<figure id=\"attachment_3386\" aria-describedby=\"caption-attachment-3386\" style=\"width: 300px\" class=\"wp-caption aligncenter\"><img loading=\"lazy\" decoding=\"async\" class=\"wp-image-3386 size-full\" src=\"https:\/\/carhub.gr\/wp-content\/uploads\/2026\/01\/31318159_10156669179530649_6716188983803510784_n-300x296-1.jpg\" alt=\"Playas de Santorini\" width=\"300\" height=\"296\" \/><figcaption id=\"caption-attachment-3386\" class=\"wp-caption-text\">Playas de Santorini<\/figcaption><\/figure>\n<h2 style=\"text-align: center;\">Las mejores playas de Santorini<\/h2>\n<h3 style=\"text-align: center;\">Playa Roja de Santorini<\/h3>\n<p style=\"text-align: left;\" align=\"LEFT\"><span style=\"font-family: Arial, sans-serif;\"><span style=\"font-size: small;\">Una de las m\u00e1s famosas es la <a href=\"https:\/\/www.youtube.com\/watch?v=6zmb8JUTQUU\" target=\"_blank\" rel=\"noopener noreferrer\">Playa Roja de Akrotiri<\/a>. Es conocida por su espectacular paisaje volc\u00e1nico, con rocas rojas, arena rojiza y la colina que se alza detr\u00e1s de la playa.<\/span><\/span><span style=\"color: #000000;\"><span style=\"font-family: Arial, sans-serif;\"><span style=\"font-size: small;\">Situada cerca de Akrotiri, cuenta con peque\u00f1as rocas y guijarros rojos. Para llegar es necesario caminar unos 15 minutos por un sendero estrecho. Ofrece sombrillas y tumbonas, as\u00ed como algunos peque\u00f1os locales donde se puede tomar algo o comer.<\/span><\/span><\/span><\/p>\n<h3 style=\"text-align: center;\" align=\"LEFT\">Playa Blanca de Santorini<\/h3>\n<p align=\"LEFT\"><span style=\"font-family: Arial, sans-serif;\"><span style=\"font-size: small;\">La <a href=\"https:\/\/www.youtube.com\/watch?v=sNeUYunCzbQ\" target=\"_blank\" rel=\"noopener noreferrer\">Playa Blanca en la zona de Vlychada<\/a> es f\u00e1cilmente accesible en coche y se encuentra en la costa sur de Santorini. Destaca por sus impresionantes acantilados esculpidos, que parecen obras de un escultor pero que en realidad son el resultado de procesos naturales debidos al volc\u00e1n, al viento y al mar. Galardonada con la Bandera Azul, ofrece aguas profundas y de intenso color azul, arena negra y servicio de socorrista.<\/span><\/span><\/p>\n<h3 style=\"text-align: center;\">Playa Negra<\/h3>\n<p align=\"LEFT\"><span style=\"font-family: Arial, sans-serif;\"><span style=\"font-size: small;\"><a href=\"https:\/\/www.youtube.com\/watch?v=BCoA_dzkKiU\" target=\"_blank\" rel=\"noopener noreferrer\">La Playa Negra de Kamari<\/a><\/span><\/span><span style=\"color: #000000;\"><span style=\"font-family: Arial, sans-serif;\"><span style=\"font-size: small;\"> es una conocida zona tur\u00edstica de Santorini, situada a 10 km al sureste de Fira, la capital de la isla. Muy similar al paisaje de Perissa, la playa est\u00e1 cubierta de arena negra, mientras que en el lado izquierdo se eleva una enorme roca llamada Mesa Vouno que emerge del mar. La zona es especialmente atractiva, sobre todo por la noche, cuando la roca destaca en la oscuridad. La playa de Kamari est\u00e1 completamente organizada y ofrece una amplia gama de servicios como tumbonas, sombrillas y diversos deportes acu\u00e1ticos.<\/span><\/span><\/span><\/p>\n<p align=\"LEFT\"><span style=\"color: #000000;\"><span style=\"font-family: Arial, sans-serif;\"><span style=\"font-size: small;\">La <a href=\"https:\/\/www.youtube.com\/watch?v=KkKmTby6et4\" target=\"_blank\" rel=\"noopener noreferrer\">Playa Negra de Perivolos<\/a> se encuentra muy cerca de Perissa, a solo 3 km de distancia. Esta hermosa playa de Santorini est\u00e1 situada en el extremo sur de la isla y se distingue por sus aguas azul intenso y su ambiente tranquilo. A lo largo de la playa hay numerosas tabernas, bares y restaurantes que sirven pescado fresco y especialidades locales.<\/span><\/span><\/span><\/p>\n<p align=\"LEFT\"><span style=\"font-family: Arial, sans-serif;\"><span style=\"font-size: small;\">Por \u00faltimo, elija su playa favorita y llegue c\u00f3modamente alquilando un coche en <a href=\"http:\/\/carhub.gr\/\" target=\"_blank\" rel=\"noopener noreferrer\">Carhub<\/a>.<\/span><\/span><\/p>\n[\/vc_column_text][\/vc_column][\/vc_row]\n<\/div>","protected":false},"excerpt":{"rendered":"<p>[vc_row][vc_column][vc_column_text css=\u00bb\u00bb] Playas volc\u00e1nicas de Santorini Las mejores playas de Santorini Playa Roja de Santorini Una de las m\u00e1s famosas es la Playa Roja de Akrotiri. Es conocida por su espectacular paisaje volc\u00e1nico, con rocas rojas, arena rojiza y la colina que se alza detr\u00e1s de la playa.Situada cerca de Akrotiri, cuenta con peque\u00f1as rocas&hellip;<\/p>\n","protected":false},"author":2,"featured_media":0,"parent":0,"menu_order":0,"comment_status":"closed","ping_status":"closed","template":"templates\/no-sidebar.php","meta":{"footnotes":""},"class_list":["post-3396","page","type-page","status-publish","hentry","entry","no-media"],"yoast_head":"<!-- This site is optimized with the Yoast SEO plugin v27.2 - https:\/\/yoast.com\/product\/yoast-seo-wordpress\/ -->\n<title>Playas volc\u00e1nicas de Santorini - Carhub<\/title>\n<meta name=\"robots\" content=\"index, follow, max-snippet:-1, max-image-preview:large, max-video-preview:-1\" \/>\n<link rel=\"canonical\" href=\"https:\/\/carhub.gr\/es\/playas-volcanicas-de-santorini\/\" \/>\n<meta property=\"og:locale\" content=\"es_ES\" \/>\n<meta property=\"og:type\" content=\"article\" \/>\n<meta property=\"og:title\" content=\"Playas volc\u00e1nicas de Santorini - Carhub\" \/>\n<meta property=\"og:description\" content=\"[vc_row][vc_column][vc_column_text css=\u00bb\u00bb] Playas volc\u00e1nicas de Santorini Las mejores playas de Santorini Playa Roja de Santorini Una de las m\u00e1s famosas es la Playa Roja de Akrotiri. Es conocida por su espectacular paisaje volc\u00e1nico, con rocas rojas, arena rojiza y la colina que se alza detr\u00e1s de la playa.Situada cerca de Akrotiri, cuenta con peque\u00f1as rocas&hellip;\" \/>\n<meta property=\"og:url\" content=\"https:\/\/carhub.gr\/es\/playas-volcanicas-de-santorini\/\" \/>\n<meta property=\"og:site_name\" content=\"Carhub\" \/>\n<meta property=\"article:publisher\" content=\"https:\/\/www.facebook.com\/carhub.gr\/\" \/>\n<meta property=\"article:modified_time\" content=\"2026-01-14T20:34:59+00:00\" \/>\n<meta property=\"og:image\" content=\"https:\/\/carhub.gr\/wp-content\/uploads\/2026\/01\/31318159_10156669179530649_6716188983803510784_n-300x296-1.jpg\" \/>\n\t<meta property=\"og:image:width\" content=\"300\" \/>\n\t<meta property=\"og:image:height\" content=\"296\" \/>\n\t<meta property=\"og:image:type\" content=\"image\/jpeg\" \/>\n<meta name=\"twitter:card\" content=\"summary_large_image\" \/>\n<meta name=\"twitter:label1\" content=\"Tiempo de lectura\" \/>\n\t<meta name=\"twitter:data1\" content=\"2 minutos\" \/>\n<script type=\"application\/ld+json\" class=\"yoast-schema-graph\">{\"@context\":\"https:\/\/schema.org\",\"@graph\":[{\"@type\":\"WebPage\",\"@id\":\"https:\/\/carhub.gr\/es\/playas-volcanicas-de-santorini\/\",\"url\":\"https:\/\/carhub.gr\/es\/playas-volcanicas-de-santorini\/\",\"name\":\"Playas volc\u00e1nicas de Santorini - Carhub\",\"isPartOf\":{\"@id\":\"https:\/\/carhub.gr\/es\/#website\"},\"primaryImageOfPage\":{\"@id\":\"https:\/\/carhub.gr\/es\/playas-volcanicas-de-santorini\/#primaryimage\"},\"image\":{\"@id\":\"https:\/\/carhub.gr\/es\/playas-volcanicas-de-santorini\/#primaryimage\"},\"thumbnailUrl\":\"https:\/\/carhub.gr\/wp-content\/uploads\/2026\/01\/31318159_10156669179530649_6716188983803510784_n-300x296-1.jpg\",\"datePublished\":\"2026-01-14T20:25:40+00:00\",\"dateModified\":\"2026-01-14T20:34:59+00:00\",\"breadcrumb\":{\"@id\":\"https:\/\/carhub.gr\/es\/playas-volcanicas-de-santorini\/#breadcrumb\"},\"inLanguage\":\"es\",\"potentialAction\":[{\"@type\":\"ReadAction\",\"target\":[\"https:\/\/carhub.gr\/es\/playas-volcanicas-de-santorini\/\"]}]},{\"@type\":\"ImageObject\",\"inLanguage\":\"es\",\"@id\":\"https:\/\/carhub.gr\/es\/playas-volcanicas-de-santorini\/#primaryimage\",\"url\":\"https:\/\/carhub.gr\/wp-content\/uploads\/2026\/01\/31318159_10156669179530649_6716188983803510784_n-300x296-1.jpg\",\"contentUrl\":\"https:\/\/carhub.gr\/wp-content\/uploads\/2026\/01\/31318159_10156669179530649_6716188983803510784_n-300x296-1.jpg\"},{\"@type\":\"BreadcrumbList\",\"@id\":\"https:\/\/carhub.gr\/es\/playas-volcanicas-de-santorini\/#breadcrumb\",\"itemListElement\":[{\"@type\":\"ListItem\",\"position\":1,\"name\":\"Home\",\"item\":\"https:\/\/carhub.gr\/es\/\"},{\"@type\":\"ListItem\",\"position\":2,\"name\":\"Playas volc\u00e1nicas de Santorini\"}]},{\"@type\":\"WebSite\",\"@id\":\"https:\/\/carhub.gr\/es\/#website\",\"url\":\"https:\/\/carhub.gr\/es\/\",\"name\":\"Carhub\",\"description\":\"Rent a car Santorini - Santorini Car Hire\",\"publisher\":{\"@id\":\"https:\/\/carhub.gr\/es\/#organization\"},\"alternateName\":\"RENT A CAR SANTORINI - SANTORINI CAR RENTAL\",\"potentialAction\":[{\"@type\":\"SearchAction\",\"target\":{\"@type\":\"EntryPoint\",\"urlTemplate\":\"https:\/\/carhub.gr\/es\/?s={search_term_string}\"},\"query-input\":{\"@type\":\"PropertyValueSpecification\",\"valueRequired\":true,\"valueName\":\"search_term_string\"}}],\"inLanguage\":\"es\"},{\"@type\":\"Organization\",\"@id\":\"https:\/\/carhub.gr\/es\/#organization\",\"name\":\"Carhub\",\"url\":\"https:\/\/carhub.gr\/es\/\",\"logo\":{\"@type\":\"ImageObject\",\"inLanguage\":\"es\",\"@id\":\"https:\/\/carhub.gr\/es\/#\/schema\/logo\/image\/\",\"url\":\"https:\/\/carhub.gr\/wp-content\/uploads\/2025\/12\/logo-carhub-1.png\",\"contentUrl\":\"https:\/\/carhub.gr\/wp-content\/uploads\/2025\/12\/logo-carhub-1.png\",\"width\":182,\"height\":53,\"caption\":\"Carhub\"},\"image\":{\"@id\":\"https:\/\/carhub.gr\/es\/#\/schema\/logo\/image\/\"},\"sameAs\":[\"https:\/\/www.facebook.com\/carhub.gr\/\"]}]}<\/script>\n<!-- \/ Yoast SEO plugin. -->","yoast_head_json":{"title":"Playas volc\u00e1nicas de Santorini - Carhub","robots":{"index":"index","follow":"follow","max-snippet":"max-snippet:-1","max-image-preview":"max-image-preview:large","max-video-preview":"max-video-preview:-1"},"canonical":"https:\/\/carhub.gr\/es\/playas-volcanicas-de-santorini\/","og_locale":"es_ES","og_type":"article","og_title":"Playas volc\u00e1nicas de Santorini - Carhub","og_description":"[vc_row][vc_column][vc_column_text css=\u00bb\u00bb] Playas volc\u00e1nicas de Santorini Las mejores playas de Santorini Playa Roja de Santorini Una de las m\u00e1s famosas es la Playa Roja de Akrotiri. Es conocida por su espectacular paisaje volc\u00e1nico, con rocas rojas, arena rojiza y la colina que se alza detr\u00e1s de la playa.Situada cerca de Akrotiri, cuenta con peque\u00f1as rocas&hellip;","og_url":"https:\/\/carhub.gr\/es\/playas-volcanicas-de-santorini\/","og_site_name":"Carhub","article_publisher":"https:\/\/www.facebook.com\/carhub.gr\/","article_modified_time":"2026-01-14T20:34:59+00:00","og_image":[{"width":300,"height":296,"url":"https:\/\/carhub.gr\/wp-content\/uploads\/2026\/01\/31318159_10156669179530649_6716188983803510784_n-300x296-1.jpg","type":"image\/jpeg"}],"twitter_card":"summary_large_image","twitter_misc":{"Tiempo de lectura":"2 minutos"},"schema":{"@context":"https:\/\/schema.org","@graph":[{"@type":"WebPage","@id":"https:\/\/carhub.gr\/es\/playas-volcanicas-de-santorini\/","url":"https:\/\/carhub.gr\/es\/playas-volcanicas-de-santorini\/","name":"Playas volc\u00e1nicas de Santorini - Carhub","isPartOf":{"@id":"https:\/\/carhub.gr\/es\/#website"},"primaryImageOfPage":{"@id":"https:\/\/carhub.gr\/es\/playas-volcanicas-de-santorini\/#primaryimage"},"image":{"@id":"https:\/\/carhub.gr\/es\/playas-volcanicas-de-santorini\/#primaryimage"},"thumbnailUrl":"https:\/\/carhub.gr\/wp-content\/uploads\/2026\/01\/31318159_10156669179530649_6716188983803510784_n-300x296-1.jpg","datePublished":"2026-01-14T20:25:40+00:00","dateModified":"2026-01-14T20:34:59+00:00","breadcrumb":{"@id":"https:\/\/carhub.gr\/es\/playas-volcanicas-de-santorini\/#breadcrumb"},"inLanguage":"es","potentialAction":[{"@type":"ReadAction","target":["https:\/\/carhub.gr\/es\/playas-volcanicas-de-santorini\/"]}]},{"@type":"ImageObject","inLanguage":"es","@id":"https:\/\/carhub.gr\/es\/playas-volcanicas-de-santorini\/#primaryimage","url":"https:\/\/carhub.gr\/wp-content\/uploads\/2026\/01\/31318159_10156669179530649_6716188983803510784_n-300x296-1.jpg","contentUrl":"https:\/\/carhub.gr\/wp-content\/uploads\/2026\/01\/31318159_10156669179530649_6716188983803510784_n-300x296-1.jpg"},{"@type":"BreadcrumbList","@id":"https:\/\/carhub.gr\/es\/playas-volcanicas-de-santorini\/#breadcrumb","itemListElement":[{"@type":"ListItem","position":1,"name":"Home","item":"https:\/\/carhub.gr\/es\/"},{"@type":"ListItem","position":2,"name":"Playas volc\u00e1nicas de Santorini"}]},{"@type":"WebSite","@id":"https:\/\/carhub.gr\/es\/#website","url":"https:\/\/carhub.gr\/es\/","name":"Carhub","description":"Rent a car Santorini - Santorini Car Hire","publisher":{"@id":"https:\/\/carhub.gr\/es\/#organization"},"alternateName":"RENT A CAR SANTORINI - SANTORINI CAR RENTAL","potentialAction":[{"@type":"SearchAction","target":{"@type":"EntryPoint","urlTemplate":"https:\/\/carhub.gr\/es\/?s={search_term_string}"},"query-input":{"@type":"PropertyValueSpecification","valueRequired":true,"valueName":"search_term_string"}}],"inLanguage":"es"},{"@type":"Organization","@id":"https:\/\/carhub.gr\/es\/#organization","name":"Carhub","url":"https:\/\/carhub.gr\/es\/","logo":{"@type":"ImageObject","inLanguage":"es","@id":"https:\/\/carhub.gr\/es\/#\/schema\/logo\/image\/","url":"https:\/\/carhub.gr\/wp-content\/uploads\/2025\/12\/logo-carhub-1.png","contentUrl":"https:\/\/carhub.gr\/wp-content\/uploads\/2025\/12\/logo-carhub-1.png","width":182,"height":53,"caption":"Carhub"},"image":{"@id":"https:\/\/carhub.gr\/es\/#\/schema\/logo\/image\/"},"sameAs":["https:\/\/www.facebook.com\/carhub.gr\/"]}]}},"_links":{"self":[{"href":"https:\/\/carhub.gr\/es\/wp-json\/wp\/v2\/pages\/3396","targetHints":{"allow":["GET"]}}],"collection":[{"href":"https:\/\/carhub.gr\/es\/wp-json\/wp\/v2\/pages"}],"about":[{"href":"https:\/\/carhub.gr\/es\/wp-json\/wp\/v2\/types\/page"}],"author":[{"embeddable":true,"href":"https:\/\/carhub.gr\/es\/wp-json\/wp\/v2\/users\/2"}],"replies":[{"embeddable":true,"href":"https:\/\/carhub.gr\/es\/wp-json\/wp\/v2\/comments?post=3396"}],"version-history":[{"count":2,"href":"https:\/\/carhub.gr\/es\/wp-json\/wp\/v2\/pages\/3396\/revisions"}],"predecessor-version":[{"id":3405,"href":"https:\/\/carhub.gr\/es\/wp-json\/wp\/v2\/pages\/3396\/revisions\/3405"}],"wp:attachment":[{"href":"https:\/\/carhub.gr\/es\/wp-json\/wp\/v2\/media?parent=3396"}],"curies":[{"name":"wp","href":"https:\/\/api.w.org\/{rel}","templated":true}]}}