{"id":3375,"date":"2026-01-14T22:04:27","date_gmt":"2026-01-14T20:04:27","guid":{"rendered":"https:\/\/carhub.gr\/santorini-akrotiri-excavations\/"},"modified":"2026-01-14T22:16:36","modified_gmt":"2026-01-14T20:16:36","slug":"excavaciones-de-akrotiri-en-santorini","status":"publish","type":"page","link":"https:\/\/carhub.gr\/es\/excavaciones-de-akrotiri-en-santorini\/","title":{"rendered":"Excavaciones de Akrotiri en Santorini"},"content":{"rendered":"<div class=\"wpb-content-wrapper\">[vc_row][vc_column][vc_column_text css=\u00bb\u00bb]\n<h1 class=\"western\" style=\"text-align: center;\"><span style=\"color: #000000;\"><span style=\"font-family: 'Source Sans Pro', Arial, sans-serif;\"><span style=\"font-size: xx-large;\">Excavaciones de Akrotiri en Santorini<\/span><\/span><\/span><\/h1>\n<figure id=\"attachment_3365\" aria-describedby=\"caption-attachment-3365\" style=\"width: 244px\" class=\"wp-caption aligncenter\"><img loading=\"lazy\" decoding=\"async\" class=\"wp-image-3365 size-full\" src=\"https:\/\/carhub.gr\/wp-content\/uploads\/2026\/01\/31357663_10156675050120649_51096396991823872_n-244x300-1.jpg\" alt=\"excavaciones de Akrotiri en Santorini\" width=\"244\" height=\"300\" \/><figcaption id=\"caption-attachment-3365\" class=\"wp-caption-text\">(Una imagen de las excavaciones de Akrotiri en Santorini)<\/figcaption><\/figure>\n<p style=\"text-align: left;\"><span style=\"color: #000000;\"><span style=\"font-family: Arial, sans-serif;\"><span style=\"font-size: small;\">El sitio <a href=\"https:\/\/www.youtube.com\/watch?v=PVSeiKEG2Wk&amp;t=1262s\" target=\"_blank\" rel=\"noopener noreferrer\">arqueol\u00f3gico<\/a> m\u00e1s famoso de Santorini \u2014y uno de los m\u00e1s importantes del mar Egeo\u2014 es Akrotiri, junto con los hallazgos de las excavaciones que comenzaron en 1967.<\/span><\/span><\/span><\/p>\n<p style=\"text-align: left;\">Las excavaciones de Akrotiri (promontorio) se encuentran en la parte suroeste de la isla, a 15 km de Fira. Se trata de un verdadero promontorio, con abruptos acantilados que se extienden aproximadamente cinco kil\u00f3metros al oeste del punto m\u00e1s meridional de Santorini.<\/p>\n<p style=\"text-align: left;\">Por lo tanto, tras varios a\u00f1os, el sitio arqueol\u00f3gico volvi\u00f3 a abrirse al p\u00fablico en abril de 2012, una vez instalada la nueva cubierta.<\/p>\n<h2 style=\"text-align: center;\">La gran excavaci\u00f3n<\/h2>\n<p style=\"text-align: left;\">Las primeras evidencias de asentamiento en Akrotiri se remontan al Neol\u00edtico tard\u00edo. Durante la Edad del Bronce Antiguo existi\u00f3 all\u00ed un asentamiento que se expandi\u00f3 a\u00fan m\u00e1s en la Edad del Bronce Media y Tard\u00eda, hasta convertirse en uno de los principales centros urbanos del mar Egeo.<\/p>\n<p style=\"text-align: left;\">Con una extensi\u00f3n de unas 50 hect\u00e1reas, el asentamiento contaba con una infraestructura muy bien planificada y un elaborado sistema de alcantarillado. Los productos importados hallados en el interior de los edificios demuestran el alto nivel de desarrollo de Akrotiri. Manten\u00eda fuertes v\u00ednculos con la Creta minoica y realizaba intercambios comerciales con la Grecia continental, el Dodecaneso, Chipre, Siria y Egipto.<\/p>\n<p style=\"text-align: left;\">Como resultado, el crecimiento de la ciudad termin\u00f3 de forma abrupta a finales del siglo XVII a. C., cuando sus habitantes la abandonaron debido a potentes sacudidas s\u00edsmicas precursoras. Posteriormente, el volc\u00e1n entr\u00f3 en erupci\u00f3n y el material volc\u00e1nico cubri\u00f3 la ciudad y el resto de la isla, preservando los edificios y su contenido hasta nuestros d\u00edas.<\/p>\n<p style=\"text-align: left;\">El profesor Spyridon Marinatos inici\u00f3 excavaciones sistem\u00e1ticas en Akrotiri en 1967, con el objetivo de demostrar una antigua teor\u00eda suya seg\u00fan la cual la erupci\u00f3n del volc\u00e1n provoc\u00f3 el colapso de la civilizaci\u00f3n minoica en Creta.<\/p>\n<p style=\"text-align: left;\">Tras la muerte de Marinatos en 1974, las excavaciones continuaron bajo la direcci\u00f3n del profesor Christos Doumas.<\/p>\n<p style=\"text-align: left;\">Aproveche su estancia en Santorini y visite las excavaciones para descubrir un monumento hist\u00f3rico \u00fanico.<\/p>\n<p style=\"text-align: left;\"><span style=\"color: #000000;\"><span style=\"font-family: Arial, sans-serif;\"><span style=\"font-size: small;\">Adem\u00e1s, puede llegar a las excavaciones de Akrotiri en Santorini con su <a href=\"http:\/\/carhub.gr\/\"><strong><b>coche de alquiler<\/b><\/strong><\/a> y dejarlo en el aparcamiento situado justo al lado de la entrada. Tambi\u00e9n puede utilizar el transporte p\u00fablico o un traslado privado. No dude en ponerse en contacto con nosotros si necesita m\u00e1s informaci\u00f3n o tiene alguna pregunta.<\/span><\/span><\/span><\/p>\n[\/vc_column_text][\/vc_column][\/vc_row]\n<\/div>","protected":false},"excerpt":{"rendered":"<p>[vc_row][vc_column][vc_column_text css=\u00bb\u00bb] Excavaciones de Akrotiri en Santorini El sitio arqueol\u00f3gico m\u00e1s famoso de Santorini \u2014y uno de los m\u00e1s importantes del mar Egeo\u2014 es Akrotiri, junto con los hallazgos de las excavaciones que comenzaron en 1967. Las excavaciones de Akrotiri (promontorio) se encuentran en la parte suroeste de la isla, a 15 km de Fira.&hellip;<\/p>\n","protected":false},"author":2,"featured_media":0,"parent":0,"menu_order":0,"comment_status":"closed","ping_status":"closed","template":"templates\/no-sidebar.php","meta":{"footnotes":""},"class_list":["post-3375","page","type-page","status-publish","hentry","entry","no-media"],"yoast_head":"<!-- This site is optimized with the Yoast SEO plugin v27.2 - https:\/\/yoast.com\/product\/yoast-seo-wordpress\/ -->\n<title>Excavaciones de Akrotiri en Santorini - Carhub<\/title>\n<meta name=\"robots\" content=\"index, follow, max-snippet:-1, max-image-preview:large, max-video-preview:-1\" \/>\n<link rel=\"canonical\" href=\"https:\/\/carhub.gr\/es\/excavaciones-de-akrotiri-en-santorini\/\" \/>\n<meta property=\"og:locale\" content=\"es_ES\" \/>\n<meta property=\"og:type\" content=\"article\" \/>\n<meta property=\"og:title\" content=\"Excavaciones de Akrotiri en Santorini - Carhub\" \/>\n<meta property=\"og:description\" content=\"[vc_row][vc_column][vc_column_text css=\u00bb\u00bb] Excavaciones de Akrotiri en Santorini El sitio arqueol\u00f3gico m\u00e1s famoso de Santorini \u2014y uno de los m\u00e1s importantes del mar Egeo\u2014 es Akrotiri, junto con los hallazgos de las excavaciones que comenzaron en 1967. Las excavaciones de Akrotiri (promontorio) se encuentran en la parte suroeste de la isla, a 15 km de Fira.&hellip;\" \/>\n<meta property=\"og:url\" content=\"https:\/\/carhub.gr\/es\/excavaciones-de-akrotiri-en-santorini\/\" \/>\n<meta property=\"og:site_name\" content=\"Carhub\" \/>\n<meta property=\"article:publisher\" content=\"https:\/\/www.facebook.com\/carhub.gr\/\" \/>\n<meta property=\"article:modified_time\" content=\"2026-01-14T20:16:36+00:00\" \/>\n<meta property=\"og:image\" content=\"https:\/\/carhub.gr\/wp-content\/uploads\/2026\/01\/31357663_10156675050120649_51096396991823872_n-244x300-1.jpg\" \/>\n\t<meta property=\"og:image:width\" content=\"244\" \/>\n\t<meta property=\"og:image:height\" content=\"300\" \/>\n\t<meta property=\"og:image:type\" content=\"image\/jpeg\" \/>\n<meta name=\"twitter:card\" content=\"summary_large_image\" \/>\n<meta name=\"twitter:label1\" content=\"Tiempo de lectura\" \/>\n\t<meta name=\"twitter:data1\" content=\"2 minutos\" \/>\n<script type=\"application\/ld+json\" class=\"yoast-schema-graph\">{\"@context\":\"https:\/\/schema.org\",\"@graph\":[{\"@type\":\"WebPage\",\"@id\":\"https:\/\/carhub.gr\/es\/excavaciones-de-akrotiri-en-santorini\/\",\"url\":\"https:\/\/carhub.gr\/es\/excavaciones-de-akrotiri-en-santorini\/\",\"name\":\"Excavaciones de Akrotiri en Santorini - Carhub\",\"isPartOf\":{\"@id\":\"https:\/\/carhub.gr\/es\/#website\"},\"primaryImageOfPage\":{\"@id\":\"https:\/\/carhub.gr\/es\/excavaciones-de-akrotiri-en-santorini\/#primaryimage\"},\"image\":{\"@id\":\"https:\/\/carhub.gr\/es\/excavaciones-de-akrotiri-en-santorini\/#primaryimage\"},\"thumbnailUrl\":\"https:\/\/carhub.gr\/wp-content\/uploads\/2026\/01\/31357663_10156675050120649_51096396991823872_n-244x300-1.jpg\",\"datePublished\":\"2026-01-14T20:04:27+00:00\",\"dateModified\":\"2026-01-14T20:16:36+00:00\",\"breadcrumb\":{\"@id\":\"https:\/\/carhub.gr\/es\/excavaciones-de-akrotiri-en-santorini\/#breadcrumb\"},\"inLanguage\":\"es\",\"potentialAction\":[{\"@type\":\"ReadAction\",\"target\":[\"https:\/\/carhub.gr\/es\/excavaciones-de-akrotiri-en-santorini\/\"]}]},{\"@type\":\"ImageObject\",\"inLanguage\":\"es\",\"@id\":\"https:\/\/carhub.gr\/es\/excavaciones-de-akrotiri-en-santorini\/#primaryimage\",\"url\":\"https:\/\/carhub.gr\/wp-content\/uploads\/2026\/01\/31357663_10156675050120649_51096396991823872_n-244x300-1.jpg\",\"contentUrl\":\"https:\/\/carhub.gr\/wp-content\/uploads\/2026\/01\/31357663_10156675050120649_51096396991823872_n-244x300-1.jpg\"},{\"@type\":\"BreadcrumbList\",\"@id\":\"https:\/\/carhub.gr\/es\/excavaciones-de-akrotiri-en-santorini\/#breadcrumb\",\"itemListElement\":[{\"@type\":\"ListItem\",\"position\":1,\"name\":\"Home\",\"item\":\"https:\/\/carhub.gr\/es\/\"},{\"@type\":\"ListItem\",\"position\":2,\"name\":\"Excavaciones de Akrotiri en Santorini\"}]},{\"@type\":\"WebSite\",\"@id\":\"https:\/\/carhub.gr\/es\/#website\",\"url\":\"https:\/\/carhub.gr\/es\/\",\"name\":\"Carhub\",\"description\":\"Rent a car Santorini - Santorini Car Hire\",\"publisher\":{\"@id\":\"https:\/\/carhub.gr\/es\/#organization\"},\"alternateName\":\"RENT A CAR SANTORINI - SANTORINI CAR RENTAL\",\"potentialAction\":[{\"@type\":\"SearchAction\",\"target\":{\"@type\":\"EntryPoint\",\"urlTemplate\":\"https:\/\/carhub.gr\/es\/?s={search_term_string}\"},\"query-input\":{\"@type\":\"PropertyValueSpecification\",\"valueRequired\":true,\"valueName\":\"search_term_string\"}}],\"inLanguage\":\"es\"},{\"@type\":\"Organization\",\"@id\":\"https:\/\/carhub.gr\/es\/#organization\",\"name\":\"Carhub\",\"url\":\"https:\/\/carhub.gr\/es\/\",\"logo\":{\"@type\":\"ImageObject\",\"inLanguage\":\"es\",\"@id\":\"https:\/\/carhub.gr\/es\/#\/schema\/logo\/image\/\",\"url\":\"https:\/\/carhub.gr\/wp-content\/uploads\/2025\/12\/logo-carhub-1.png\",\"contentUrl\":\"https:\/\/carhub.gr\/wp-content\/uploads\/2025\/12\/logo-carhub-1.png\",\"width\":182,\"height\":53,\"caption\":\"Carhub\"},\"image\":{\"@id\":\"https:\/\/carhub.gr\/es\/#\/schema\/logo\/image\/\"},\"sameAs\":[\"https:\/\/www.facebook.com\/carhub.gr\/\"]}]}<\/script>\n<!-- \/ Yoast SEO plugin. -->","yoast_head_json":{"title":"Excavaciones de Akrotiri en Santorini - Carhub","robots":{"index":"index","follow":"follow","max-snippet":"max-snippet:-1","max-image-preview":"max-image-preview:large","max-video-preview":"max-video-preview:-1"},"canonical":"https:\/\/carhub.gr\/es\/excavaciones-de-akrotiri-en-santorini\/","og_locale":"es_ES","og_type":"article","og_title":"Excavaciones de Akrotiri en Santorini - Carhub","og_description":"[vc_row][vc_column][vc_column_text css=\u00bb\u00bb] Excavaciones de Akrotiri en Santorini El sitio arqueol\u00f3gico m\u00e1s famoso de Santorini \u2014y uno de los m\u00e1s importantes del mar Egeo\u2014 es Akrotiri, junto con los hallazgos de las excavaciones que comenzaron en 1967. Las excavaciones de Akrotiri (promontorio) se encuentran en la parte suroeste de la isla, a 15 km de Fira.&hellip;","og_url":"https:\/\/carhub.gr\/es\/excavaciones-de-akrotiri-en-santorini\/","og_site_name":"Carhub","article_publisher":"https:\/\/www.facebook.com\/carhub.gr\/","article_modified_time":"2026-01-14T20:16:36+00:00","og_image":[{"width":244,"height":300,"url":"https:\/\/carhub.gr\/wp-content\/uploads\/2026\/01\/31357663_10156675050120649_51096396991823872_n-244x300-1.jpg","type":"image\/jpeg"}],"twitter_card":"summary_large_image","twitter_misc":{"Tiempo de lectura":"2 minutos"},"schema":{"@context":"https:\/\/schema.org","@graph":[{"@type":"WebPage","@id":"https:\/\/carhub.gr\/es\/excavaciones-de-akrotiri-en-santorini\/","url":"https:\/\/carhub.gr\/es\/excavaciones-de-akrotiri-en-santorini\/","name":"Excavaciones de Akrotiri en Santorini - Carhub","isPartOf":{"@id":"https:\/\/carhub.gr\/es\/#website"},"primaryImageOfPage":{"@id":"https:\/\/carhub.gr\/es\/excavaciones-de-akrotiri-en-santorini\/#primaryimage"},"image":{"@id":"https:\/\/carhub.gr\/es\/excavaciones-de-akrotiri-en-santorini\/#primaryimage"},"thumbnailUrl":"https:\/\/carhub.gr\/wp-content\/uploads\/2026\/01\/31357663_10156675050120649_51096396991823872_n-244x300-1.jpg","datePublished":"2026-01-14T20:04:27+00:00","dateModified":"2026-01-14T20:16:36+00:00","breadcrumb":{"@id":"https:\/\/carhub.gr\/es\/excavaciones-de-akrotiri-en-santorini\/#breadcrumb"},"inLanguage":"es","potentialAction":[{"@type":"ReadAction","target":["https:\/\/carhub.gr\/es\/excavaciones-de-akrotiri-en-santorini\/"]}]},{"@type":"ImageObject","inLanguage":"es","@id":"https:\/\/carhub.gr\/es\/excavaciones-de-akrotiri-en-santorini\/#primaryimage","url":"https:\/\/carhub.gr\/wp-content\/uploads\/2026\/01\/31357663_10156675050120649_51096396991823872_n-244x300-1.jpg","contentUrl":"https:\/\/carhub.gr\/wp-content\/uploads\/2026\/01\/31357663_10156675050120649_51096396991823872_n-244x300-1.jpg"},{"@type":"BreadcrumbList","@id":"https:\/\/carhub.gr\/es\/excavaciones-de-akrotiri-en-santorini\/#breadcrumb","itemListElement":[{"@type":"ListItem","position":1,"name":"Home","item":"https:\/\/carhub.gr\/es\/"},{"@type":"ListItem","position":2,"name":"Excavaciones de Akrotiri en Santorini"}]},{"@type":"WebSite","@id":"https:\/\/carhub.gr\/es\/#website","url":"https:\/\/carhub.gr\/es\/","name":"Carhub","description":"Rent a car Santorini - Santorini Car Hire","publisher":{"@id":"https:\/\/carhub.gr\/es\/#organization"},"alternateName":"RENT A CAR SANTORINI - SANTORINI CAR RENTAL","potentialAction":[{"@type":"SearchAction","target":{"@type":"EntryPoint","urlTemplate":"https:\/\/carhub.gr\/es\/?s={search_term_string}"},"query-input":{"@type":"PropertyValueSpecification","valueRequired":true,"valueName":"search_term_string"}}],"inLanguage":"es"},{"@type":"Organization","@id":"https:\/\/carhub.gr\/es\/#organization","name":"Carhub","url":"https:\/\/carhub.gr\/es\/","logo":{"@type":"ImageObject","inLanguage":"es","@id":"https:\/\/carhub.gr\/es\/#\/schema\/logo\/image\/","url":"https:\/\/carhub.gr\/wp-content\/uploads\/2025\/12\/logo-carhub-1.png","contentUrl":"https:\/\/carhub.gr\/wp-content\/uploads\/2025\/12\/logo-carhub-1.png","width":182,"height":53,"caption":"Carhub"},"image":{"@id":"https:\/\/carhub.gr\/es\/#\/schema\/logo\/image\/"},"sameAs":["https:\/\/www.facebook.com\/carhub.gr\/"]}]}},"_links":{"self":[{"href":"https:\/\/carhub.gr\/es\/wp-json\/wp\/v2\/pages\/3375","targetHints":{"allow":["GET"]}}],"collection":[{"href":"https:\/\/carhub.gr\/es\/wp-json\/wp\/v2\/pages"}],"about":[{"href":"https:\/\/carhub.gr\/es\/wp-json\/wp\/v2\/types\/page"}],"author":[{"embeddable":true,"href":"https:\/\/carhub.gr\/es\/wp-json\/wp\/v2\/users\/2"}],"replies":[{"embeddable":true,"href":"https:\/\/carhub.gr\/es\/wp-json\/wp\/v2\/comments?post=3375"}],"version-history":[{"count":1,"href":"https:\/\/carhub.gr\/es\/wp-json\/wp\/v2\/pages\/3375\/revisions"}],"predecessor-version":[{"id":3381,"href":"https:\/\/carhub.gr\/es\/wp-json\/wp\/v2\/pages\/3375\/revisions\/3381"}],"wp:attachment":[{"href":"https:\/\/carhub.gr\/es\/wp-json\/wp\/v2\/media?parent=3375"}],"curies":[{"name":"wp","href":"https:\/\/api.w.org\/{rel}","templated":true}]}}