{"id":3353,"date":"2026-01-14T21:37:38","date_gmt":"2026-01-14T19:37:38","guid":{"rendered":"https:\/\/carhub.gr\/santorini-museums\/"},"modified":"2026-01-14T21:58:43","modified_gmt":"2026-01-14T19:58:43","slug":"museos-de-santorini","status":"publish","type":"page","link":"https:\/\/carhub.gr\/es\/museos-de-santorini\/","title":{"rendered":"Museos de Santorini"},"content":{"rendered":"<div class=\"wpb-content-wrapper\">[vc_row][vc_column][vc_column_text css=\u00bb\u00bb]\n<h1 style=\"text-align: center;\">Museos de Santorini<\/h1>\n<figure id=\"attachment_3343\" aria-describedby=\"caption-attachment-3343\" style=\"width: 300px\" class=\"wp-caption aligncenter\"><img loading=\"lazy\" decoding=\"async\" class=\"wp-image-3343 size-full\" src=\"https:\/\/carhub.gr\/wp-content\/uploads\/2026\/01\/31252946_10156666116325649_3833345916127936512_n-300x298-1.jpg\" alt=\"Museo de Santorini\" width=\"300\" height=\"298\" srcset=\"https:\/\/carhub.gr\/wp-content\/uploads\/2026\/01\/31252946_10156666116325649_3833345916127936512_n-300x298-1.jpg 300w, https:\/\/carhub.gr\/wp-content\/uploads\/2026\/01\/31252946_10156666116325649_3833345916127936512_n-300x298-1-150x150.jpg 150w\" sizes=\"auto, (max-width: 300px) 100vw, 300px\" \/><figcaption id=\"caption-attachment-3343\" class=\"wp-caption-text\">Museo de Santorini<\/figcaption><\/figure>\n<h2 style=\"text-align: center;\"><strong><span style=\"color: #444444;\">Museo Arqueol\u00f3gico de Santorini, C\u00edcladas<\/span><\/strong><\/h2>\n<p style=\"text-align: left;\"><span style=\"color: #444444;\">Situado en el centro de Fira, el <a href=\"https:\/\/en.wikipedia.org\/wiki\/Archaeological_Museum_of_Thera\" target=\"_blank\" rel=\"noopener noreferrer\">Museo Arqueol\u00f3gico<\/a> exhibe numerosos hallazgos que revelan la larga historia de la isla. Las salas del museo albergan colecciones \u00fanicas de esculturas e inscripciones que abarcan desde el per\u00edodo arcaico hasta la \u00e9poca romana. Entre los principales atractivos se encuentran los recipientes y vasijas de cer\u00e1mica de las \u00e9pocas geom\u00e9trica y helen\u00edstica procedentes de Akrotiri, as\u00ed como figurillas de m\u00e1rmol.<\/span><\/p>\n<h2 style=\"text-align: center;\"><strong><span style=\"color: #444444;\">Museo de la Antigua Thera, Santorini<\/span><\/strong><\/h2>\n<p style=\"text-align: left;\"><span style=\"color: #444444;\">Este <a href=\"https:\/\/www.tripadvisor.com\/ShowUserReviews-g482942-d243151-r503647522-Museum_of_Prehistoric_Thera-Fira_Santorini_Cyclades_South_Aegean.html\" target=\"_blank\" rel=\"noopener noreferrer\">museo<\/a> resulta impresionante incluso desde el exterior. Alberga una rica colecci\u00f3n de hallazgos procedentes de las excavaciones de Akrotiri y de otras islas de las C\u00edcladas. Todo el recinto est\u00e1 climatizado y ofrece a los visitantes un recorrido c\u00f3modo por las salas de exposici\u00f3n, divididas en cuatro secciones. La primera secci\u00f3n se refiere a la historia de Fira, la segunda a la geolog\u00eda de Fira, la tercera incluye hallazgos del per\u00edodo neol\u00edtico y postcicl\u00e1dico, y la \u00faltima secci\u00f3n presenta una magn\u00edfica colecci\u00f3n de la \u00e9poca de mayor esplendor de la ciudad de Akrotiri.<\/span><\/p>\n<h2 style=\"text-align: center;\"><strong><span style=\"color: #444444;\">Museo N\u00e1utico de Santorini<\/span><\/strong><\/h2>\n<p style=\"text-align: left;\"><span style=\"color: #444444;\">El <a href=\"https:\/\/www.santonet.gr\/museums\/naval_museum.htm\" target=\"_blank\" rel=\"noopener noreferrer\">Museo N\u00e1utico<\/a>, ubicado en el pueblo de Oia, se encuentra alojado en una hermosa mansi\u00f3n desde 1990. Fundado en 1956, el museo presenta la historia mar\u00edtima y las tradiciones de la isla, principalmente durante los siglos XIX y XX.<\/span><\/p>\n<h2 style=\"text-align: center;\"><strong><span style=\"color: #444444;\">Museo del Folclore de Santorini<\/span><\/strong><\/h2>\n<p style=\"text-align: left;\"><span style=\"color: #444444;\">El <a href=\"http:\/\/www.travel-to-santorini.com\/place.php?place_id=47\" target=\"_blank\" rel=\"noopener noreferrer\">Museo del Folclore<\/a> de Santorini se encuentra en una antigua casa cueva que data de 1861. Este museo \u00fanico muestra una bodega tradicional completamente conservada, junto con valiosas piezas elaboradas por carpinteros y hojalateros locales. El museo tambi\u00e9n cuenta con una biblioteca bien surtida con numerosos libros y manuscritos del mundo egeo. Este impresionante museo es la obra de Manolis Lignos y representa en muchos aspectos una fiel reproducci\u00f3n de un t\u00edpico pueblo de Santorini.<\/span><\/p>\n<h2 style=\"text-align: center;\"><strong><span style=\"color: #444444;\">Mansi\u00f3n Argyros en Santorini<\/span><\/strong><\/h2>\n<p style=\"text-align: left;\"><span style=\"color: #444444;\">La <a href=\"http:\/\/argyrosmansion.com\/en\/\" target=\"_blank\" rel=\"noopener noreferrer\">Mansi\u00f3n Argyros<\/a> (Archontiko Argyrou) es una magn\u00edfica residencia tradicional situada en el pueblo de Messaria, en el centro de la isla de Santorini. La Mansi\u00f3n Argyros es conocida por su elegante arquitectura neocl\u00e1sica. Construida en 1860, ofrece a los visitantes una visi\u00f3n de la vida en Santorini a lo largo de los \u00faltimos dos siglos.<\/span><\/p>\n<h2 style=\"text-align: center;\"><strong><span style=\"color: #444444;\">Megaro Gyzi de Santorini<\/span><\/strong><\/h2>\n<p style=\"text-align: left;\"><span style=\"color: #444444;\">El <a href=\"https:\/\/www.santorini.com\/museums\/megarogizi_museum.htm\" target=\"_blank\" rel=\"noopener noreferrer\">Museo<\/a> Megaro Gyzi est\u00e1 idealmente situado en Thira, en la parte trasera de la elegante catedral cat\u00f3lica. Destaca por sus exquisitos dibujos, algunos de los cuales datan del siglo XVI. Tambi\u00e9n se exhiben trajes originales y mapas hist\u00f3ricos del archipi\u00e9lago de las C\u00edcladas. Un pabell\u00f3n fotogr\u00e1fico exclusivo muestra raras fotograf\u00edas de Fira, tomadas antes y despu\u00e9s de la erupci\u00f3n de 1956, que ofrecen una visi\u00f3n fascinante de la capital de Santorini.<\/span><\/p>\n<h2 style=\"text-align: center;\"><strong><span style=\"color: #444444;\">Museo de Instrumentos Musicales de Santorini<\/span><\/strong><\/h2>\n<p style=\"text-align: left;\"><span style=\"color: #444444;\">El Museo de instrumentos musicales antiguos, bizantinos y post-bizantinos se encuentra en el antiguo edificio comunitario de Oia, un lugar central y caracter\u00edstico del pueblo. El museo alberga la colecci\u00f3n personal del se\u00f1or Halaris, un destacado m\u00fasico. Inaugurado en octubre de 2011, es el resultado de muchos a\u00f1os de trabajo.<\/span><\/p>\n<p><span style=\"color: #000000;\">Por \u00faltimo, pueden llegar f\u00e1cilmente con su <a href=\"http:\/\/carhub.gr\/\">coche de alquiler<\/a> y aparcar c\u00f3modamente muy cerca.<\/span>[\/vc_column_text][\/vc_column][\/vc_row]\n<\/div>","protected":false},"excerpt":{"rendered":"<p>[vc_row][vc_column][vc_column_text css=\u00bb\u00bb] Museos de Santorini Museo Arqueol\u00f3gico de Santorini, C\u00edcladas Situado en el centro de Fira, el Museo Arqueol\u00f3gico exhibe numerosos hallazgos que revelan la larga historia de la isla. Las salas del museo albergan colecciones \u00fanicas de esculturas e inscripciones que abarcan desde el per\u00edodo arcaico hasta la \u00e9poca romana. Entre los principales atractivos&hellip;<\/p>\n","protected":false},"author":2,"featured_media":0,"parent":0,"menu_order":0,"comment_status":"closed","ping_status":"closed","template":"templates\/no-sidebar.php","meta":{"footnotes":""},"class_list":["post-3353","page","type-page","status-publish","hentry","entry","no-media"],"yoast_head":"<!-- This site is optimized with the Yoast SEO plugin v27.2 - https:\/\/yoast.com\/product\/yoast-seo-wordpress\/ -->\n<title>Museos de Santorini - Carhub<\/title>\n<meta name=\"robots\" content=\"index, follow, max-snippet:-1, max-image-preview:large, max-video-preview:-1\" \/>\n<link rel=\"canonical\" href=\"https:\/\/carhub.gr\/es\/museos-de-santorini\/\" \/>\n<meta property=\"og:locale\" content=\"es_ES\" \/>\n<meta property=\"og:type\" content=\"article\" \/>\n<meta property=\"og:title\" content=\"Museos de Santorini - Carhub\" \/>\n<meta property=\"og:description\" content=\"[vc_row][vc_column][vc_column_text css=\u00bb\u00bb] Museos de Santorini Museo Arqueol\u00f3gico de Santorini, C\u00edcladas Situado en el centro de Fira, el Museo Arqueol\u00f3gico exhibe numerosos hallazgos que revelan la larga historia de la isla. Las salas del museo albergan colecciones \u00fanicas de esculturas e inscripciones que abarcan desde el per\u00edodo arcaico hasta la \u00e9poca romana. Entre los principales atractivos&hellip;\" \/>\n<meta property=\"og:url\" content=\"https:\/\/carhub.gr\/es\/museos-de-santorini\/\" \/>\n<meta property=\"og:site_name\" content=\"Carhub\" \/>\n<meta property=\"article:publisher\" content=\"https:\/\/www.facebook.com\/carhub.gr\/\" \/>\n<meta property=\"article:modified_time\" content=\"2026-01-14T19:58:43+00:00\" \/>\n<meta property=\"og:image\" content=\"https:\/\/carhub.gr\/wp-content\/uploads\/2026\/01\/31252946_10156666116325649_3833345916127936512_n-300x298-1.jpg\" \/>\n\t<meta property=\"og:image:width\" content=\"300\" \/>\n\t<meta property=\"og:image:height\" content=\"298\" \/>\n\t<meta property=\"og:image:type\" content=\"image\/jpeg\" \/>\n<meta name=\"twitter:card\" content=\"summary_large_image\" \/>\n<meta name=\"twitter:label1\" content=\"Tiempo de lectura\" \/>\n\t<meta name=\"twitter:data1\" content=\"3 minutos\" \/>\n<script type=\"application\/ld+json\" class=\"yoast-schema-graph\">{\"@context\":\"https:\/\/schema.org\",\"@graph\":[{\"@type\":\"WebPage\",\"@id\":\"https:\/\/carhub.gr\/es\/museos-de-santorini\/\",\"url\":\"https:\/\/carhub.gr\/es\/museos-de-santorini\/\",\"name\":\"Museos de Santorini - Carhub\",\"isPartOf\":{\"@id\":\"https:\/\/carhub.gr\/es\/#website\"},\"primaryImageOfPage\":{\"@id\":\"https:\/\/carhub.gr\/es\/museos-de-santorini\/#primaryimage\"},\"image\":{\"@id\":\"https:\/\/carhub.gr\/es\/museos-de-santorini\/#primaryimage\"},\"thumbnailUrl\":\"https:\/\/carhub.gr\/wp-content\/uploads\/2026\/01\/31252946_10156666116325649_3833345916127936512_n-300x298-1.jpg\",\"datePublished\":\"2026-01-14T19:37:38+00:00\",\"dateModified\":\"2026-01-14T19:58:43+00:00\",\"breadcrumb\":{\"@id\":\"https:\/\/carhub.gr\/es\/museos-de-santorini\/#breadcrumb\"},\"inLanguage\":\"es\",\"potentialAction\":[{\"@type\":\"ReadAction\",\"target\":[\"https:\/\/carhub.gr\/es\/museos-de-santorini\/\"]}]},{\"@type\":\"ImageObject\",\"inLanguage\":\"es\",\"@id\":\"https:\/\/carhub.gr\/es\/museos-de-santorini\/#primaryimage\",\"url\":\"https:\/\/carhub.gr\/wp-content\/uploads\/2026\/01\/31252946_10156666116325649_3833345916127936512_n-300x298-1.jpg\",\"contentUrl\":\"https:\/\/carhub.gr\/wp-content\/uploads\/2026\/01\/31252946_10156666116325649_3833345916127936512_n-300x298-1.jpg\"},{\"@type\":\"BreadcrumbList\",\"@id\":\"https:\/\/carhub.gr\/es\/museos-de-santorini\/#breadcrumb\",\"itemListElement\":[{\"@type\":\"ListItem\",\"position\":1,\"name\":\"Home\",\"item\":\"https:\/\/carhub.gr\/es\/\"},{\"@type\":\"ListItem\",\"position\":2,\"name\":\"Museos de Santorini\"}]},{\"@type\":\"WebSite\",\"@id\":\"https:\/\/carhub.gr\/es\/#website\",\"url\":\"https:\/\/carhub.gr\/es\/\",\"name\":\"Carhub\",\"description\":\"Rent a car Santorini - Santorini Car Hire\",\"publisher\":{\"@id\":\"https:\/\/carhub.gr\/es\/#organization\"},\"alternateName\":\"RENT A CAR SANTORINI - SANTORINI CAR RENTAL\",\"potentialAction\":[{\"@type\":\"SearchAction\",\"target\":{\"@type\":\"EntryPoint\",\"urlTemplate\":\"https:\/\/carhub.gr\/es\/?s={search_term_string}\"},\"query-input\":{\"@type\":\"PropertyValueSpecification\",\"valueRequired\":true,\"valueName\":\"search_term_string\"}}],\"inLanguage\":\"es\"},{\"@type\":\"Organization\",\"@id\":\"https:\/\/carhub.gr\/es\/#organization\",\"name\":\"Carhub\",\"url\":\"https:\/\/carhub.gr\/es\/\",\"logo\":{\"@type\":\"ImageObject\",\"inLanguage\":\"es\",\"@id\":\"https:\/\/carhub.gr\/es\/#\/schema\/logo\/image\/\",\"url\":\"https:\/\/carhub.gr\/wp-content\/uploads\/2025\/12\/logo-carhub-1.png\",\"contentUrl\":\"https:\/\/carhub.gr\/wp-content\/uploads\/2025\/12\/logo-carhub-1.png\",\"width\":182,\"height\":53,\"caption\":\"Carhub\"},\"image\":{\"@id\":\"https:\/\/carhub.gr\/es\/#\/schema\/logo\/image\/\"},\"sameAs\":[\"https:\/\/www.facebook.com\/carhub.gr\/\"]}]}<\/script>\n<!-- \/ Yoast SEO plugin. -->","yoast_head_json":{"title":"Museos de Santorini - Carhub","robots":{"index":"index","follow":"follow","max-snippet":"max-snippet:-1","max-image-preview":"max-image-preview:large","max-video-preview":"max-video-preview:-1"},"canonical":"https:\/\/carhub.gr\/es\/museos-de-santorini\/","og_locale":"es_ES","og_type":"article","og_title":"Museos de Santorini - Carhub","og_description":"[vc_row][vc_column][vc_column_text css=\u00bb\u00bb] Museos de Santorini Museo Arqueol\u00f3gico de Santorini, C\u00edcladas Situado en el centro de Fira, el Museo Arqueol\u00f3gico exhibe numerosos hallazgos que revelan la larga historia de la isla. Las salas del museo albergan colecciones \u00fanicas de esculturas e inscripciones que abarcan desde el per\u00edodo arcaico hasta la \u00e9poca romana. Entre los principales atractivos&hellip;","og_url":"https:\/\/carhub.gr\/es\/museos-de-santorini\/","og_site_name":"Carhub","article_publisher":"https:\/\/www.facebook.com\/carhub.gr\/","article_modified_time":"2026-01-14T19:58:43+00:00","og_image":[{"width":300,"height":298,"url":"https:\/\/carhub.gr\/wp-content\/uploads\/2026\/01\/31252946_10156666116325649_3833345916127936512_n-300x298-1.jpg","type":"image\/jpeg"}],"twitter_card":"summary_large_image","twitter_misc":{"Tiempo de lectura":"3 minutos"},"schema":{"@context":"https:\/\/schema.org","@graph":[{"@type":"WebPage","@id":"https:\/\/carhub.gr\/es\/museos-de-santorini\/","url":"https:\/\/carhub.gr\/es\/museos-de-santorini\/","name":"Museos de Santorini - Carhub","isPartOf":{"@id":"https:\/\/carhub.gr\/es\/#website"},"primaryImageOfPage":{"@id":"https:\/\/carhub.gr\/es\/museos-de-santorini\/#primaryimage"},"image":{"@id":"https:\/\/carhub.gr\/es\/museos-de-santorini\/#primaryimage"},"thumbnailUrl":"https:\/\/carhub.gr\/wp-content\/uploads\/2026\/01\/31252946_10156666116325649_3833345916127936512_n-300x298-1.jpg","datePublished":"2026-01-14T19:37:38+00:00","dateModified":"2026-01-14T19:58:43+00:00","breadcrumb":{"@id":"https:\/\/carhub.gr\/es\/museos-de-santorini\/#breadcrumb"},"inLanguage":"es","potentialAction":[{"@type":"ReadAction","target":["https:\/\/carhub.gr\/es\/museos-de-santorini\/"]}]},{"@type":"ImageObject","inLanguage":"es","@id":"https:\/\/carhub.gr\/es\/museos-de-santorini\/#primaryimage","url":"https:\/\/carhub.gr\/wp-content\/uploads\/2026\/01\/31252946_10156666116325649_3833345916127936512_n-300x298-1.jpg","contentUrl":"https:\/\/carhub.gr\/wp-content\/uploads\/2026\/01\/31252946_10156666116325649_3833345916127936512_n-300x298-1.jpg"},{"@type":"BreadcrumbList","@id":"https:\/\/carhub.gr\/es\/museos-de-santorini\/#breadcrumb","itemListElement":[{"@type":"ListItem","position":1,"name":"Home","item":"https:\/\/carhub.gr\/es\/"},{"@type":"ListItem","position":2,"name":"Museos de Santorini"}]},{"@type":"WebSite","@id":"https:\/\/carhub.gr\/es\/#website","url":"https:\/\/carhub.gr\/es\/","name":"Carhub","description":"Rent a car Santorini - Santorini Car Hire","publisher":{"@id":"https:\/\/carhub.gr\/es\/#organization"},"alternateName":"RENT A CAR SANTORINI - SANTORINI CAR RENTAL","potentialAction":[{"@type":"SearchAction","target":{"@type":"EntryPoint","urlTemplate":"https:\/\/carhub.gr\/es\/?s={search_term_string}"},"query-input":{"@type":"PropertyValueSpecification","valueRequired":true,"valueName":"search_term_string"}}],"inLanguage":"es"},{"@type":"Organization","@id":"https:\/\/carhub.gr\/es\/#organization","name":"Carhub","url":"https:\/\/carhub.gr\/es\/","logo":{"@type":"ImageObject","inLanguage":"es","@id":"https:\/\/carhub.gr\/es\/#\/schema\/logo\/image\/","url":"https:\/\/carhub.gr\/wp-content\/uploads\/2025\/12\/logo-carhub-1.png","contentUrl":"https:\/\/carhub.gr\/wp-content\/uploads\/2025\/12\/logo-carhub-1.png","width":182,"height":53,"caption":"Carhub"},"image":{"@id":"https:\/\/carhub.gr\/es\/#\/schema\/logo\/image\/"},"sameAs":["https:\/\/www.facebook.com\/carhub.gr\/"]}]}},"_links":{"self":[{"href":"https:\/\/carhub.gr\/es\/wp-json\/wp\/v2\/pages\/3353","targetHints":{"allow":["GET"]}}],"collection":[{"href":"https:\/\/carhub.gr\/es\/wp-json\/wp\/v2\/pages"}],"about":[{"href":"https:\/\/carhub.gr\/es\/wp-json\/wp\/v2\/types\/page"}],"author":[{"embeddable":true,"href":"https:\/\/carhub.gr\/es\/wp-json\/wp\/v2\/users\/2"}],"replies":[{"embeddable":true,"href":"https:\/\/carhub.gr\/es\/wp-json\/wp\/v2\/comments?post=3353"}],"version-history":[{"count":2,"href":"https:\/\/carhub.gr\/es\/wp-json\/wp\/v2\/pages\/3353\/revisions"}],"predecessor-version":[{"id":3361,"href":"https:\/\/carhub.gr\/es\/wp-json\/wp\/v2\/pages\/3353\/revisions\/3361"}],"wp:attachment":[{"href":"https:\/\/carhub.gr\/es\/wp-json\/wp\/v2\/media?parent=3353"}],"curies":[{"name":"wp","href":"https:\/\/api.w.org\/{rel}","templated":true}]}}