{"id":3164,"date":"2026-01-10T12:10:27","date_gmt":"2026-01-10T10:10:27","guid":{"rendered":"https:\/\/carhub.gr\/rental-car-perissa-santorini\/"},"modified":"2026-01-10T12:13:29","modified_gmt":"2026-01-10T10:13:29","slug":"alquiler-de-coches-perissa-santorini","status":"publish","type":"page","link":"https:\/\/carhub.gr\/es\/alquiler-de-coches-perissa-santorini\/","title":{"rendered":"Alquiler de coches Perissa Santorini"},"content":{"rendered":"<div class=\"wpb-content-wrapper\">[vc_row][vc_column][vc_column_text css=\u00bb\u00bb]\n<h1 class=\"western\" style=\"text-align: center;\">Alquiler de coches Perissa Santorini<\/h1>\n<figure id=\"attachment_3154\" aria-describedby=\"caption-attachment-3154\" style=\"width: 258px\" class=\"wp-caption aligncenter\"><img loading=\"lazy\" decoding=\"async\" class=\"wp-image-3154 size-full\" src=\"https:\/\/carhub.gr\/wp-content\/uploads\/2026\/01\/29196687_10156551095700649_1528072101750112256_n-258x300-1.jpg\" alt=\"Alquiler de coches Perissa Santorini\" width=\"258\" height=\"300\" \/><figcaption id=\"caption-attachment-3154\" class=\"wp-caption-text\">Alquiler de coches Perissa Santorini<\/figcaption><\/figure>\n<p style=\"text-align: center;\"><span style=\"color: #000000;\"><span style=\"font-family: Arial, sans-serif;\"><span style=\"font-size: small;\">En primer lugar, <a href=\"https:\/\/www.santorini-view.com\/perissa\/\" target=\"_blank\" rel=\"noopener noreferrer\">Perissa<\/a> es un hermoso pueblo costero, situado en el extremo sureste de la isla, a 13 kil\u00f3metros de la capital. Se encuentra en la base sur de la monta\u00f1a Mesa Vouno. Adem\u00e1s, se cree que aqu\u00ed se encontraba antiguamente la ciudad de Elefsina.<\/span><\/span><\/span> <span style=\"color: #000000;\"><span style=\"font-family: 'Open Sans';\"><span style=\"font-size: small;\">La raz\u00f3n principal por la que la mayor\u00eda de los visitantes acuden a Perissa es para disfrutar de su extraordinaria playa, caracterizada por aguas profundas de color azul oscuro y arena volc\u00e1nica negra. Totalmente organizada con tumbonas, sombrillas, bares de playa, socorristas y un parque infantil, ha sido galardonada con la Bandera Azul. Instalaciones para deportes acu\u00e1ticos, centros de buceo, parque acu\u00e1tico y una zona de v\u00f3ley playa completan la experiencia.<\/span><\/span><\/span><\/p>\n<p style=\"text-align: center;\"><span style=\"color: #000000;\"><span style=\"font-family: 'Open Sans';\"><span style=\"font-size: small;\">La playa de Perissa tambi\u00e9n est\u00e1 conectada con Perivolos y ofrece una gran variedad de discotecas, restaurantes, tabernas y cafeter\u00edas para disfrutar tanto de d\u00eda como de noche. En el pueblo encontrar\u00e1 minimercados y muchas otras tiendas con ropa, recuerdos y todo lo que pueda necesitar.<\/span><\/span><\/span><span style=\"color: #000000;\"><span style=\"font-family: Arial, sans-serif;\"><span style=\"font-size: small;\"> No debe perderse el yacimiento arqueol\u00f3gico de la antigua ciudad de Akrotiri, situado a solo 8 km. As\u00ed como Fira, Imerovigli y Oia, lugares ideales para pasar algunas tardes, disfrutar del atardecer y contemplar la vista \u00fanica de los acantilados y las islas volc\u00e1nicas.<\/span><\/span><\/span><\/p>\n<h2 style=\"text-align: center;\">Alquiler de coches Perissa Santorini<\/h2>\n<p><span style=\"color: #000000;\"><span style=\"font-family: Arial, sans-serif;\"><span style=\"font-size: small;\">Una forma perfecta de desplazarse por el resto de<\/span><\/span><\/span> <strong><span style=\"color: #000000;\"><span style=\"font-family: Arial, sans-serif;\"><span style=\"font-size: small;\"><b>la isla de Santorini<\/b><\/span><\/span><\/span><\/strong> <span style=\"color: #000000;\"><span style=\"font-family: Arial, sans-serif;\"><span style=\"font-size: small;\">es <\/span><\/span><\/span><strong><span style=\"color: #000000;\"><span style=\"font-family: Arial, sans-serif;\"><span style=\"font-size: small;\"><b>alquilar un coche<\/b><\/span><\/span><\/span><\/strong><span style=\"color: #000000;\"><span style=\"font-family: Arial, sans-serif;\"><span style=\"font-size: small;\"> con la empresa de alquiler <a href=\"http:\/\/carhub.gr\/\">Carhub<\/a><\/span><\/span><\/span><span style=\"color: #000000;\"><span style=\"font-family: Arial, sans-serif;\"><span style=\"font-size: small;\">. Para los visitantes interesados en el<\/span><\/span><\/span> <strong><span style=\"color: #000000;\"><span style=\"font-family: Arial, sans-serif;\"><span style=\"font-size: small;\"><b>alquiler de coches en Perissa Santorini<\/b><\/span><\/span><\/span><\/strong><span style=\"color: #000000;\"><span style=\"font-family: Arial, sans-serif;\"><span style=\"font-size: small;\">, nuestra empresa entrega cualquier veh\u00edculo que elija directamente en su hotel, sin ning\u00fan cargo adicional. As\u00ed podr\u00e1 conducir su <\/span><\/span><\/span><strong><span style=\"color: #000000;\"><span style=\"font-family: Arial, sans-serif;\"><span style=\"font-size: small;\"><b>coche de alquiler en Santorini<\/b><\/span><\/span><\/span><\/strong> <span style=\"color: #000000;\"><span style=\"font-family: Arial, sans-serif;\"><span style=\"font-size: small;\">a todos los lugares de inter\u00e9s, sin perder tiempo ni dinero. Finalmente, solo tiene que reservar su coche de alquiler en Santorini online o llamarnos.<\/span><\/span><\/span>[\/vc_column_text][\/vc_column][\/vc_row]\n<\/div>","protected":false},"excerpt":{"rendered":"<p>[vc_row][vc_column][vc_column_text css=\u00bb\u00bb] Alquiler de coches Perissa Santorini En primer lugar, Perissa es un hermoso pueblo costero, situado en el extremo sureste de la isla, a 13 kil\u00f3metros de la capital. Se encuentra en la base sur de la monta\u00f1a Mesa Vouno. Adem\u00e1s, se cree que aqu\u00ed se encontraba antiguamente la ciudad de Elefsina. La raz\u00f3n&hellip;<\/p>\n","protected":false},"author":2,"featured_media":0,"parent":0,"menu_order":0,"comment_status":"closed","ping_status":"closed","template":"templates\/no-sidebar.php","meta":{"footnotes":""},"class_list":["post-3164","page","type-page","status-publish","hentry","entry","no-media"],"yoast_head":"<!-- This site is optimized with the Yoast SEO plugin v27.2 - https:\/\/yoast.com\/product\/yoast-seo-wordpress\/ -->\n<title>Alquiler de coches Perissa Santorini - Carhub<\/title>\n<meta name=\"robots\" content=\"index, follow, max-snippet:-1, max-image-preview:large, max-video-preview:-1\" \/>\n<link rel=\"canonical\" href=\"https:\/\/carhub.gr\/es\/alquiler-de-coches-perissa-santorini\/\" \/>\n<meta property=\"og:locale\" content=\"es_ES\" \/>\n<meta property=\"og:type\" content=\"article\" \/>\n<meta property=\"og:title\" content=\"Alquiler de coches Perissa Santorini - Carhub\" \/>\n<meta property=\"og:description\" content=\"[vc_row][vc_column][vc_column_text css=\u00bb\u00bb] Alquiler de coches Perissa Santorini En primer lugar, Perissa es un hermoso pueblo costero, situado en el extremo sureste de la isla, a 13 kil\u00f3metros de la capital. Se encuentra en la base sur de la monta\u00f1a Mesa Vouno. Adem\u00e1s, se cree que aqu\u00ed se encontraba antiguamente la ciudad de Elefsina. La raz\u00f3n&hellip;\" \/>\n<meta property=\"og:url\" content=\"https:\/\/carhub.gr\/es\/alquiler-de-coches-perissa-santorini\/\" \/>\n<meta property=\"og:site_name\" content=\"Carhub\" \/>\n<meta property=\"article:publisher\" content=\"https:\/\/www.facebook.com\/carhub.gr\/\" \/>\n<meta property=\"article:modified_time\" content=\"2026-01-10T10:13:29+00:00\" \/>\n<meta property=\"og:image\" content=\"https:\/\/carhub.gr\/wp-content\/uploads\/2026\/01\/29196687_10156551095700649_1528072101750112256_n-258x300-1.jpg\" \/>\n\t<meta property=\"og:image:width\" content=\"258\" \/>\n\t<meta property=\"og:image:height\" content=\"300\" \/>\n\t<meta property=\"og:image:type\" content=\"image\/jpeg\" \/>\n<meta name=\"twitter:card\" content=\"summary_large_image\" \/>\n<meta name=\"twitter:label1\" content=\"Tiempo de lectura\" \/>\n\t<meta name=\"twitter:data1\" content=\"2 minutos\" \/>\n<script type=\"application\/ld+json\" class=\"yoast-schema-graph\">{\"@context\":\"https:\/\/schema.org\",\"@graph\":[{\"@type\":\"WebPage\",\"@id\":\"https:\/\/carhub.gr\/es\/alquiler-de-coches-perissa-santorini\/\",\"url\":\"https:\/\/carhub.gr\/es\/alquiler-de-coches-perissa-santorini\/\",\"name\":\"Alquiler de coches Perissa Santorini - Carhub\",\"isPartOf\":{\"@id\":\"https:\/\/carhub.gr\/es\/#website\"},\"primaryImageOfPage\":{\"@id\":\"https:\/\/carhub.gr\/es\/alquiler-de-coches-perissa-santorini\/#primaryimage\"},\"image\":{\"@id\":\"https:\/\/carhub.gr\/es\/alquiler-de-coches-perissa-santorini\/#primaryimage\"},\"thumbnailUrl\":\"https:\/\/carhub.gr\/wp-content\/uploads\/2026\/01\/29196687_10156551095700649_1528072101750112256_n-258x300-1.jpg\",\"datePublished\":\"2026-01-10T10:10:27+00:00\",\"dateModified\":\"2026-01-10T10:13:29+00:00\",\"breadcrumb\":{\"@id\":\"https:\/\/carhub.gr\/es\/alquiler-de-coches-perissa-santorini\/#breadcrumb\"},\"inLanguage\":\"es\",\"potentialAction\":[{\"@type\":\"ReadAction\",\"target\":[\"https:\/\/carhub.gr\/es\/alquiler-de-coches-perissa-santorini\/\"]}]},{\"@type\":\"ImageObject\",\"inLanguage\":\"es\",\"@id\":\"https:\/\/carhub.gr\/es\/alquiler-de-coches-perissa-santorini\/#primaryimage\",\"url\":\"https:\/\/carhub.gr\/wp-content\/uploads\/2026\/01\/29196687_10156551095700649_1528072101750112256_n-258x300-1.jpg\",\"contentUrl\":\"https:\/\/carhub.gr\/wp-content\/uploads\/2026\/01\/29196687_10156551095700649_1528072101750112256_n-258x300-1.jpg\"},{\"@type\":\"BreadcrumbList\",\"@id\":\"https:\/\/carhub.gr\/es\/alquiler-de-coches-perissa-santorini\/#breadcrumb\",\"itemListElement\":[{\"@type\":\"ListItem\",\"position\":1,\"name\":\"Home\",\"item\":\"https:\/\/carhub.gr\/es\/\"},{\"@type\":\"ListItem\",\"position\":2,\"name\":\"Alquiler de coches Perissa Santorini\"}]},{\"@type\":\"WebSite\",\"@id\":\"https:\/\/carhub.gr\/es\/#website\",\"url\":\"https:\/\/carhub.gr\/es\/\",\"name\":\"Carhub\",\"description\":\"Rent a car Santorini - Santorini Car Hire\",\"publisher\":{\"@id\":\"https:\/\/carhub.gr\/es\/#organization\"},\"alternateName\":\"RENT A CAR SANTORINI - SANTORINI CAR RENTAL\",\"potentialAction\":[{\"@type\":\"SearchAction\",\"target\":{\"@type\":\"EntryPoint\",\"urlTemplate\":\"https:\/\/carhub.gr\/es\/?s={search_term_string}\"},\"query-input\":{\"@type\":\"PropertyValueSpecification\",\"valueRequired\":true,\"valueName\":\"search_term_string\"}}],\"inLanguage\":\"es\"},{\"@type\":\"Organization\",\"@id\":\"https:\/\/carhub.gr\/es\/#organization\",\"name\":\"Carhub\",\"url\":\"https:\/\/carhub.gr\/es\/\",\"logo\":{\"@type\":\"ImageObject\",\"inLanguage\":\"es\",\"@id\":\"https:\/\/carhub.gr\/es\/#\/schema\/logo\/image\/\",\"url\":\"https:\/\/carhub.gr\/wp-content\/uploads\/2025\/12\/logo-carhub-1.png\",\"contentUrl\":\"https:\/\/carhub.gr\/wp-content\/uploads\/2025\/12\/logo-carhub-1.png\",\"width\":182,\"height\":53,\"caption\":\"Carhub\"},\"image\":{\"@id\":\"https:\/\/carhub.gr\/es\/#\/schema\/logo\/image\/\"},\"sameAs\":[\"https:\/\/www.facebook.com\/carhub.gr\/\"]}]}<\/script>\n<!-- \/ Yoast SEO plugin. -->","yoast_head_json":{"title":"Alquiler de coches Perissa Santorini - Carhub","robots":{"index":"index","follow":"follow","max-snippet":"max-snippet:-1","max-image-preview":"max-image-preview:large","max-video-preview":"max-video-preview:-1"},"canonical":"https:\/\/carhub.gr\/es\/alquiler-de-coches-perissa-santorini\/","og_locale":"es_ES","og_type":"article","og_title":"Alquiler de coches Perissa Santorini - Carhub","og_description":"[vc_row][vc_column][vc_column_text css=\u00bb\u00bb] Alquiler de coches Perissa Santorini En primer lugar, Perissa es un hermoso pueblo costero, situado en el extremo sureste de la isla, a 13 kil\u00f3metros de la capital. Se encuentra en la base sur de la monta\u00f1a Mesa Vouno. Adem\u00e1s, se cree que aqu\u00ed se encontraba antiguamente la ciudad de Elefsina. La raz\u00f3n&hellip;","og_url":"https:\/\/carhub.gr\/es\/alquiler-de-coches-perissa-santorini\/","og_site_name":"Carhub","article_publisher":"https:\/\/www.facebook.com\/carhub.gr\/","article_modified_time":"2026-01-10T10:13:29+00:00","og_image":[{"width":258,"height":300,"url":"https:\/\/carhub.gr\/wp-content\/uploads\/2026\/01\/29196687_10156551095700649_1528072101750112256_n-258x300-1.jpg","type":"image\/jpeg"}],"twitter_card":"summary_large_image","twitter_misc":{"Tiempo de lectura":"2 minutos"},"schema":{"@context":"https:\/\/schema.org","@graph":[{"@type":"WebPage","@id":"https:\/\/carhub.gr\/es\/alquiler-de-coches-perissa-santorini\/","url":"https:\/\/carhub.gr\/es\/alquiler-de-coches-perissa-santorini\/","name":"Alquiler de coches Perissa Santorini - Carhub","isPartOf":{"@id":"https:\/\/carhub.gr\/es\/#website"},"primaryImageOfPage":{"@id":"https:\/\/carhub.gr\/es\/alquiler-de-coches-perissa-santorini\/#primaryimage"},"image":{"@id":"https:\/\/carhub.gr\/es\/alquiler-de-coches-perissa-santorini\/#primaryimage"},"thumbnailUrl":"https:\/\/carhub.gr\/wp-content\/uploads\/2026\/01\/29196687_10156551095700649_1528072101750112256_n-258x300-1.jpg","datePublished":"2026-01-10T10:10:27+00:00","dateModified":"2026-01-10T10:13:29+00:00","breadcrumb":{"@id":"https:\/\/carhub.gr\/es\/alquiler-de-coches-perissa-santorini\/#breadcrumb"},"inLanguage":"es","potentialAction":[{"@type":"ReadAction","target":["https:\/\/carhub.gr\/es\/alquiler-de-coches-perissa-santorini\/"]}]},{"@type":"ImageObject","inLanguage":"es","@id":"https:\/\/carhub.gr\/es\/alquiler-de-coches-perissa-santorini\/#primaryimage","url":"https:\/\/carhub.gr\/wp-content\/uploads\/2026\/01\/29196687_10156551095700649_1528072101750112256_n-258x300-1.jpg","contentUrl":"https:\/\/carhub.gr\/wp-content\/uploads\/2026\/01\/29196687_10156551095700649_1528072101750112256_n-258x300-1.jpg"},{"@type":"BreadcrumbList","@id":"https:\/\/carhub.gr\/es\/alquiler-de-coches-perissa-santorini\/#breadcrumb","itemListElement":[{"@type":"ListItem","position":1,"name":"Home","item":"https:\/\/carhub.gr\/es\/"},{"@type":"ListItem","position":2,"name":"Alquiler de coches Perissa Santorini"}]},{"@type":"WebSite","@id":"https:\/\/carhub.gr\/es\/#website","url":"https:\/\/carhub.gr\/es\/","name":"Carhub","description":"Rent a car Santorini - Santorini Car Hire","publisher":{"@id":"https:\/\/carhub.gr\/es\/#organization"},"alternateName":"RENT A CAR SANTORINI - SANTORINI CAR RENTAL","potentialAction":[{"@type":"SearchAction","target":{"@type":"EntryPoint","urlTemplate":"https:\/\/carhub.gr\/es\/?s={search_term_string}"},"query-input":{"@type":"PropertyValueSpecification","valueRequired":true,"valueName":"search_term_string"}}],"inLanguage":"es"},{"@type":"Organization","@id":"https:\/\/carhub.gr\/es\/#organization","name":"Carhub","url":"https:\/\/carhub.gr\/es\/","logo":{"@type":"ImageObject","inLanguage":"es","@id":"https:\/\/carhub.gr\/es\/#\/schema\/logo\/image\/","url":"https:\/\/carhub.gr\/wp-content\/uploads\/2025\/12\/logo-carhub-1.png","contentUrl":"https:\/\/carhub.gr\/wp-content\/uploads\/2025\/12\/logo-carhub-1.png","width":182,"height":53,"caption":"Carhub"},"image":{"@id":"https:\/\/carhub.gr\/es\/#\/schema\/logo\/image\/"},"sameAs":["https:\/\/www.facebook.com\/carhub.gr\/"]}]}},"_links":{"self":[{"href":"https:\/\/carhub.gr\/es\/wp-json\/wp\/v2\/pages\/3164","targetHints":{"allow":["GET"]}}],"collection":[{"href":"https:\/\/carhub.gr\/es\/wp-json\/wp\/v2\/pages"}],"about":[{"href":"https:\/\/carhub.gr\/es\/wp-json\/wp\/v2\/types\/page"}],"author":[{"embeddable":true,"href":"https:\/\/carhub.gr\/es\/wp-json\/wp\/v2\/users\/2"}],"replies":[{"embeddable":true,"href":"https:\/\/carhub.gr\/es\/wp-json\/wp\/v2\/comments?post=3164"}],"version-history":[{"count":1,"href":"https:\/\/carhub.gr\/es\/wp-json\/wp\/v2\/pages\/3164\/revisions"}],"predecessor-version":[{"id":3168,"href":"https:\/\/carhub.gr\/es\/wp-json\/wp\/v2\/pages\/3164\/revisions\/3168"}],"wp:attachment":[{"href":"https:\/\/carhub.gr\/es\/wp-json\/wp\/v2\/media?parent=3164"}],"curies":[{"name":"wp","href":"https:\/\/api.w.org\/{rel}","templated":true}]}}