{"id":3146,"date":"2026-01-10T12:03:26","date_gmt":"2026-01-10T10:03:26","guid":{"rendered":"https:\/\/carhub.gr\/rental-car-perivolos-santorini\/"},"modified":"2026-01-10T12:05:44","modified_gmt":"2026-01-10T10:05:44","slug":"alquiler-de-coches-en-perivolos-santorini","status":"publish","type":"page","link":"https:\/\/carhub.gr\/es\/alquiler-de-coches-en-perivolos-santorini\/","title":{"rendered":"Alquiler de coches en Perivolos, Santorini"},"content":{"rendered":"<div class=\"wpb-content-wrapper\">[vc_row][vc_column][vc_column_text css=\u00bb\u00bb]\n<h1 class=\"western\" style=\"text-align: center;\">Alquiler de coches en Perivolos, Santorini<\/h1>\n<figure id=\"attachment_3136\" aria-describedby=\"caption-attachment-3136\" style=\"width: 300px\" class=\"wp-caption aligncenter\"><img loading=\"lazy\" decoding=\"async\" class=\"size-full wp-image-3136\" src=\"https:\/\/carhub.gr\/wp-content\/uploads\/2026\/01\/31131472_10156663269845649_7723170205521674240_n-300x225-1.jpg\" alt=\"Alquiler de coches Perivolos Santorini\" width=\"300\" height=\"225\" \/><figcaption id=\"caption-attachment-3136\" class=\"wp-caption-text\">Alquiler de coches Perivolos Santorini<\/figcaption><\/figure>\n<p style=\"text-align: center;\"><span style=\"color: #000000;\"><span style=\"font-family: Arial, sans-serif;\"><span style=\"font-size: small;\">El pueblo costero de <a href=\"https:\/\/www.tripadvisor.com\/Attraction_Review-g657830-d6988148-Reviews-Perivolos_Beach-Perivolos_Santorini_Cyclades_South_Aegean.html\" target=\"_blank\" rel=\"noopener noreferrer\">Perivolos<\/a> es muy popular, principalmente entre los j\u00f3venes, ya que alberga uno de los resorts de playa m\u00e1s animados de la isla. Es un peque\u00f1o pueblo situado en la costa sureste de Santorini, muy cerca del pueblo de Perissa. En realidad, se encuentra entre Perissa y Agios Georgios. En Perivolos puedes disfrutar de agradables momentos en excelentes restaurantes que ofrecen especialidades locales, acogedores caf\u00e9s y bares animados con m\u00fasica vibrante. Aqu\u00ed se concentran la mayor\u00eda de los beach bars de la isla, donde se celebran numerosos eventos alrededor de elegantes piscinas, como sesiones de DJ, actuaciones y otros eventos especiales. De d\u00eda y de noche, Perivolos est\u00e1 lleno de vida y el ambiente del hermoso paseo mar\u00edtimo es siempre din\u00e1mico y alegre.<\/span><\/span><\/span><\/p>\n<p style=\"text-align: center;\"><span style=\"color: #000000;\"><span style=\"font-family: Arial, sans-serif;\"><span style=\"font-size: small;\"> La principal atracci\u00f3n y raz\u00f3n para visitar Perivolos, adem\u00e1s de su animada vida nocturna, es la famosa <b>Playa de Perivolos<\/b>, una maravillosa playa larga con aguas cristalinas, cubierta de arena volc\u00e1nica negra. Totalmente organizada, ofrece una gran variedad de servicios, como c\u00f3modas tumbonas, sombrillas, duchas y socorristas. Puedes disfrutar de tu bebida favorita o comer frente al mar resplandeciente. Adem\u00e1s, la playa cuenta con instalaciones para deportes acu\u00e1ticos que te permitir\u00e1n vivir nuevas experiencias. Por \u00faltimo, hay canchas de v\u00f3ley playa donde se organizan torneos con frecuencia y atraen a muchos visitantes. Es totalmente recomendable visitar Perivolos, donde encontrar\u00e1s una amplia variedad de opciones de alojamiento para una estancia agradable: villas de lujo, encantadores hoteles, apartamentos y habitaciones en alquiler, algo para todos.<\/span><\/span><\/span><\/p>\n<h3 style=\"text-align: center;\">Alquiler de coches en Perivolos, Santorini<\/h3>\n<p style=\"text-align: center;\"><span style=\"color: #000000;\"><span style=\"font-family: Arial, sans-serif;\"><span style=\"font-size: small;\">Si tu hotel est\u00e1 ubicado en <strong><b>la playa de Perivolos, Santorini<\/b><\/strong>, podemos entregar all\u00ed tu <strong><b>coche de alquiler en Santorini a trav\u00e9s de <a href=\"http:\/\/carhub.gr\/\">Carhub<\/a><\/b><\/strong>, sin ning\u00fan cargo adicional. Tambi\u00e9n puedes devolver el <em>coche<\/em> en el mismo lugar. Solo tienes que informarnos al realizar tu reserva por correo electr\u00f3nico o por tel\u00e9fono. Para la zona de la playa de Perivolos, seg\u00fan disponibilidad, tambi\u00e9n aceptamos reservas de \u00faltima hora.<\/span><\/span><\/span><\/p>\n[\/vc_column_text][\/vc_column][\/vc_row]\n<\/div>","protected":false},"excerpt":{"rendered":"<p>[vc_row][vc_column][vc_column_text css=\u00bb\u00bb] Alquiler de coches en Perivolos, Santorini El pueblo costero de Perivolos es muy popular, principalmente entre los j\u00f3venes, ya que alberga uno de los resorts de playa m\u00e1s animados de la isla. Es un peque\u00f1o pueblo situado en la costa sureste de Santorini, muy cerca del pueblo de Perissa. En realidad, se encuentra&hellip;<\/p>\n","protected":false},"author":2,"featured_media":0,"parent":0,"menu_order":0,"comment_status":"closed","ping_status":"closed","template":"templates\/no-sidebar.php","meta":{"footnotes":""},"class_list":["post-3146","page","type-page","status-publish","hentry","entry","no-media"],"yoast_head":"<!-- This site is optimized with the Yoast SEO plugin v27.2 - https:\/\/yoast.com\/product\/yoast-seo-wordpress\/ -->\n<title>Alquiler de coches en Perivolos, Santorini - Carhub<\/title>\n<meta name=\"robots\" content=\"index, follow, max-snippet:-1, max-image-preview:large, max-video-preview:-1\" \/>\n<link rel=\"canonical\" href=\"https:\/\/carhub.gr\/es\/alquiler-de-coches-en-perivolos-santorini\/\" \/>\n<meta property=\"og:locale\" content=\"es_ES\" \/>\n<meta property=\"og:type\" content=\"article\" \/>\n<meta property=\"og:title\" content=\"Alquiler de coches en Perivolos, Santorini - Carhub\" \/>\n<meta property=\"og:description\" content=\"[vc_row][vc_column][vc_column_text css=\u00bb\u00bb] Alquiler de coches en Perivolos, Santorini El pueblo costero de Perivolos es muy popular, principalmente entre los j\u00f3venes, ya que alberga uno de los resorts de playa m\u00e1s animados de la isla. Es un peque\u00f1o pueblo situado en la costa sureste de Santorini, muy cerca del pueblo de Perissa. En realidad, se encuentra&hellip;\" \/>\n<meta property=\"og:url\" content=\"https:\/\/carhub.gr\/es\/alquiler-de-coches-en-perivolos-santorini\/\" \/>\n<meta property=\"og:site_name\" content=\"Carhub\" \/>\n<meta property=\"article:publisher\" content=\"https:\/\/www.facebook.com\/carhub.gr\/\" \/>\n<meta property=\"article:modified_time\" content=\"2026-01-10T10:05:44+00:00\" \/>\n<meta property=\"og:image\" content=\"https:\/\/carhub.gr\/wp-content\/uploads\/2026\/01\/31131472_10156663269845649_7723170205521674240_n-300x225-1.jpg\" \/>\n\t<meta property=\"og:image:width\" content=\"300\" \/>\n\t<meta property=\"og:image:height\" content=\"225\" \/>\n\t<meta property=\"og:image:type\" content=\"image\/jpeg\" \/>\n<meta name=\"twitter:card\" content=\"summary_large_image\" \/>\n<meta name=\"twitter:label1\" content=\"Tiempo de lectura\" \/>\n\t<meta name=\"twitter:data1\" content=\"2 minutos\" \/>\n<script type=\"application\/ld+json\" class=\"yoast-schema-graph\">{\"@context\":\"https:\/\/schema.org\",\"@graph\":[{\"@type\":\"WebPage\",\"@id\":\"https:\/\/carhub.gr\/es\/alquiler-de-coches-en-perivolos-santorini\/\",\"url\":\"https:\/\/carhub.gr\/es\/alquiler-de-coches-en-perivolos-santorini\/\",\"name\":\"Alquiler de coches en Perivolos, Santorini - Carhub\",\"isPartOf\":{\"@id\":\"https:\/\/carhub.gr\/es\/#website\"},\"primaryImageOfPage\":{\"@id\":\"https:\/\/carhub.gr\/es\/alquiler-de-coches-en-perivolos-santorini\/#primaryimage\"},\"image\":{\"@id\":\"https:\/\/carhub.gr\/es\/alquiler-de-coches-en-perivolos-santorini\/#primaryimage\"},\"thumbnailUrl\":\"https:\/\/carhub.gr\/wp-content\/uploads\/2026\/01\/31131472_10156663269845649_7723170205521674240_n-300x225-1.jpg\",\"datePublished\":\"2026-01-10T10:03:26+00:00\",\"dateModified\":\"2026-01-10T10:05:44+00:00\",\"breadcrumb\":{\"@id\":\"https:\/\/carhub.gr\/es\/alquiler-de-coches-en-perivolos-santorini\/#breadcrumb\"},\"inLanguage\":\"es\",\"potentialAction\":[{\"@type\":\"ReadAction\",\"target\":[\"https:\/\/carhub.gr\/es\/alquiler-de-coches-en-perivolos-santorini\/\"]}]},{\"@type\":\"ImageObject\",\"inLanguage\":\"es\",\"@id\":\"https:\/\/carhub.gr\/es\/alquiler-de-coches-en-perivolos-santorini\/#primaryimage\",\"url\":\"https:\/\/carhub.gr\/wp-content\/uploads\/2026\/01\/31131472_10156663269845649_7723170205521674240_n-300x225-1.jpg\",\"contentUrl\":\"https:\/\/carhub.gr\/wp-content\/uploads\/2026\/01\/31131472_10156663269845649_7723170205521674240_n-300x225-1.jpg\"},{\"@type\":\"BreadcrumbList\",\"@id\":\"https:\/\/carhub.gr\/es\/alquiler-de-coches-en-perivolos-santorini\/#breadcrumb\",\"itemListElement\":[{\"@type\":\"ListItem\",\"position\":1,\"name\":\"Home\",\"item\":\"https:\/\/carhub.gr\/es\/\"},{\"@type\":\"ListItem\",\"position\":2,\"name\":\"Alquiler de coches en Perivolos, Santorini\"}]},{\"@type\":\"WebSite\",\"@id\":\"https:\/\/carhub.gr\/es\/#website\",\"url\":\"https:\/\/carhub.gr\/es\/\",\"name\":\"Carhub\",\"description\":\"Rent a car Santorini - Santorini Car Hire\",\"publisher\":{\"@id\":\"https:\/\/carhub.gr\/es\/#organization\"},\"alternateName\":\"RENT A CAR SANTORINI - SANTORINI CAR RENTAL\",\"potentialAction\":[{\"@type\":\"SearchAction\",\"target\":{\"@type\":\"EntryPoint\",\"urlTemplate\":\"https:\/\/carhub.gr\/es\/?s={search_term_string}\"},\"query-input\":{\"@type\":\"PropertyValueSpecification\",\"valueRequired\":true,\"valueName\":\"search_term_string\"}}],\"inLanguage\":\"es\"},{\"@type\":\"Organization\",\"@id\":\"https:\/\/carhub.gr\/es\/#organization\",\"name\":\"Carhub\",\"url\":\"https:\/\/carhub.gr\/es\/\",\"logo\":{\"@type\":\"ImageObject\",\"inLanguage\":\"es\",\"@id\":\"https:\/\/carhub.gr\/es\/#\/schema\/logo\/image\/\",\"url\":\"https:\/\/carhub.gr\/wp-content\/uploads\/2025\/12\/logo-carhub-1.png\",\"contentUrl\":\"https:\/\/carhub.gr\/wp-content\/uploads\/2025\/12\/logo-carhub-1.png\",\"width\":182,\"height\":53,\"caption\":\"Carhub\"},\"image\":{\"@id\":\"https:\/\/carhub.gr\/es\/#\/schema\/logo\/image\/\"},\"sameAs\":[\"https:\/\/www.facebook.com\/carhub.gr\/\"]}]}<\/script>\n<!-- \/ Yoast SEO plugin. -->","yoast_head_json":{"title":"Alquiler de coches en Perivolos, Santorini - Carhub","robots":{"index":"index","follow":"follow","max-snippet":"max-snippet:-1","max-image-preview":"max-image-preview:large","max-video-preview":"max-video-preview:-1"},"canonical":"https:\/\/carhub.gr\/es\/alquiler-de-coches-en-perivolos-santorini\/","og_locale":"es_ES","og_type":"article","og_title":"Alquiler de coches en Perivolos, Santorini - Carhub","og_description":"[vc_row][vc_column][vc_column_text css=\u00bb\u00bb] Alquiler de coches en Perivolos, Santorini El pueblo costero de Perivolos es muy popular, principalmente entre los j\u00f3venes, ya que alberga uno de los resorts de playa m\u00e1s animados de la isla. Es un peque\u00f1o pueblo situado en la costa sureste de Santorini, muy cerca del pueblo de Perissa. En realidad, se encuentra&hellip;","og_url":"https:\/\/carhub.gr\/es\/alquiler-de-coches-en-perivolos-santorini\/","og_site_name":"Carhub","article_publisher":"https:\/\/www.facebook.com\/carhub.gr\/","article_modified_time":"2026-01-10T10:05:44+00:00","og_image":[{"width":300,"height":225,"url":"https:\/\/carhub.gr\/wp-content\/uploads\/2026\/01\/31131472_10156663269845649_7723170205521674240_n-300x225-1.jpg","type":"image\/jpeg"}],"twitter_card":"summary_large_image","twitter_misc":{"Tiempo de lectura":"2 minutos"},"schema":{"@context":"https:\/\/schema.org","@graph":[{"@type":"WebPage","@id":"https:\/\/carhub.gr\/es\/alquiler-de-coches-en-perivolos-santorini\/","url":"https:\/\/carhub.gr\/es\/alquiler-de-coches-en-perivolos-santorini\/","name":"Alquiler de coches en Perivolos, Santorini - Carhub","isPartOf":{"@id":"https:\/\/carhub.gr\/es\/#website"},"primaryImageOfPage":{"@id":"https:\/\/carhub.gr\/es\/alquiler-de-coches-en-perivolos-santorini\/#primaryimage"},"image":{"@id":"https:\/\/carhub.gr\/es\/alquiler-de-coches-en-perivolos-santorini\/#primaryimage"},"thumbnailUrl":"https:\/\/carhub.gr\/wp-content\/uploads\/2026\/01\/31131472_10156663269845649_7723170205521674240_n-300x225-1.jpg","datePublished":"2026-01-10T10:03:26+00:00","dateModified":"2026-01-10T10:05:44+00:00","breadcrumb":{"@id":"https:\/\/carhub.gr\/es\/alquiler-de-coches-en-perivolos-santorini\/#breadcrumb"},"inLanguage":"es","potentialAction":[{"@type":"ReadAction","target":["https:\/\/carhub.gr\/es\/alquiler-de-coches-en-perivolos-santorini\/"]}]},{"@type":"ImageObject","inLanguage":"es","@id":"https:\/\/carhub.gr\/es\/alquiler-de-coches-en-perivolos-santorini\/#primaryimage","url":"https:\/\/carhub.gr\/wp-content\/uploads\/2026\/01\/31131472_10156663269845649_7723170205521674240_n-300x225-1.jpg","contentUrl":"https:\/\/carhub.gr\/wp-content\/uploads\/2026\/01\/31131472_10156663269845649_7723170205521674240_n-300x225-1.jpg"},{"@type":"BreadcrumbList","@id":"https:\/\/carhub.gr\/es\/alquiler-de-coches-en-perivolos-santorini\/#breadcrumb","itemListElement":[{"@type":"ListItem","position":1,"name":"Home","item":"https:\/\/carhub.gr\/es\/"},{"@type":"ListItem","position":2,"name":"Alquiler de coches en Perivolos, Santorini"}]},{"@type":"WebSite","@id":"https:\/\/carhub.gr\/es\/#website","url":"https:\/\/carhub.gr\/es\/","name":"Carhub","description":"Rent a car Santorini - Santorini Car Hire","publisher":{"@id":"https:\/\/carhub.gr\/es\/#organization"},"alternateName":"RENT A CAR SANTORINI - SANTORINI CAR RENTAL","potentialAction":[{"@type":"SearchAction","target":{"@type":"EntryPoint","urlTemplate":"https:\/\/carhub.gr\/es\/?s={search_term_string}"},"query-input":{"@type":"PropertyValueSpecification","valueRequired":true,"valueName":"search_term_string"}}],"inLanguage":"es"},{"@type":"Organization","@id":"https:\/\/carhub.gr\/es\/#organization","name":"Carhub","url":"https:\/\/carhub.gr\/es\/","logo":{"@type":"ImageObject","inLanguage":"es","@id":"https:\/\/carhub.gr\/es\/#\/schema\/logo\/image\/","url":"https:\/\/carhub.gr\/wp-content\/uploads\/2025\/12\/logo-carhub-1.png","contentUrl":"https:\/\/carhub.gr\/wp-content\/uploads\/2025\/12\/logo-carhub-1.png","width":182,"height":53,"caption":"Carhub"},"image":{"@id":"https:\/\/carhub.gr\/es\/#\/schema\/logo\/image\/"},"sameAs":["https:\/\/www.facebook.com\/carhub.gr\/"]}]}},"_links":{"self":[{"href":"https:\/\/carhub.gr\/es\/wp-json\/wp\/v2\/pages\/3146","targetHints":{"allow":["GET"]}}],"collection":[{"href":"https:\/\/carhub.gr\/es\/wp-json\/wp\/v2\/pages"}],"about":[{"href":"https:\/\/carhub.gr\/es\/wp-json\/wp\/v2\/types\/page"}],"author":[{"embeddable":true,"href":"https:\/\/carhub.gr\/es\/wp-json\/wp\/v2\/users\/2"}],"replies":[{"embeddable":true,"href":"https:\/\/carhub.gr\/es\/wp-json\/wp\/v2\/comments?post=3146"}],"version-history":[{"count":1,"href":"https:\/\/carhub.gr\/es\/wp-json\/wp\/v2\/pages\/3146\/revisions"}],"predecessor-version":[{"id":3149,"href":"https:\/\/carhub.gr\/es\/wp-json\/wp\/v2\/pages\/3146\/revisions\/3149"}],"wp:attachment":[{"href":"https:\/\/carhub.gr\/es\/wp-json\/wp\/v2\/media?parent=3146"}],"curies":[{"name":"wp","href":"https:\/\/api.w.org\/{rel}","templated":true}]}}