{"id":3046,"date":"2026-01-09T17:09:10","date_gmt":"2026-01-09T15:09:10","guid":{"rendered":"https:\/\/carhub.gr\/rental-cars-firostefani-santorini\/"},"modified":"2026-01-09T17:13:08","modified_gmt":"2026-01-09T15:13:08","slug":"alquiler-de-coches-firostefani-santorini","status":"publish","type":"page","link":"https:\/\/carhub.gr\/es\/alquiler-de-coches-firostefani-santorini\/","title":{"rendered":"Alquiler de coches Firostefani Santorini"},"content":{"rendered":"<div class=\"wpb-content-wrapper\">[vc_row][vc_column][vc_column_text css=\u00bb\u00bb]\n<h1 class=\"western\" style=\"text-align: center;\">Alquiler de coches Firostefani Santorini<\/h1>\n<figure id=\"attachment_3036\" aria-describedby=\"caption-attachment-3036\" style=\"width: 209px\" class=\"wp-caption aligncenter\"><a href=\"https:\/\/www.greeka.com\/cyclades\/santorini\/santorini-villages\/santorini-firostefani.htm\" target=\"_blank\" rel=\"noopener noreferrer\"><img loading=\"lazy\" decoding=\"async\" class=\"wp-image-3036 size-full\" src=\"https:\/\/carhub.gr\/wp-content\/uploads\/2026\/01\/29244012_10156551096220649_2715891040270680064_n-209x300-1.jpg\" alt=\"Alquiler de coches Firostefani Santorini\" width=\"209\" height=\"300\" \/><\/a><figcaption id=\"caption-attachment-3036\" class=\"wp-caption-text\">(Imagen de alquiler de coches en Firostefani, Santorini)<\/figcaption><\/figure>\n<p><span style=\"font-family: Arial, sans-serif;\"><span style=\"font-size: small;\"><span style=\"color: #000000;\"><a href=\"https:\/\/www.greeka.com\/cyclades\/santorini\/santorini-villages\/santorini-firostefani.htm\" target=\"_blank\" rel=\"noopener noreferrer\">Firostefani<\/a> se considera un asentamiento independiente, en realidad una extensi\u00f3n de Fira, la hermosa capital de Santorini. El nombre \u201cFirostefani\u201d (Fira + Stefani, que significa corona en griego) proviene de su ubicaci\u00f3n en la parte m\u00e1s alta de Fira. Su privilegiada posici\u00f3n sobre la caldera, en la zona norte de la isla, lo convierte en un lugar realmente destacado.<\/span><\/span><\/span><span style=\"font-family: Arial, sans-serif;\"><span style=\"font-size: small;\"><span style=\"color: #000000;\">Desde aqu\u00ed, la \u201ccorona\u201d de Fira, la vista es sencillamente magn\u00edfica y ofrece a los visitantes una perspectiva diferente del volc\u00e1n. La belleza salvaje de la caldera, junto con la vista del volc\u00e1n, crea un paisaje impresionante.<\/span><\/span><\/span><\/p>\n<p><span style=\"font-family: Arial, sans-serif;\"><span style=\"font-size: small;\"><span style=\"color: #000000;\">Un paseo por los estrechos y pintorescos senderos le llenar\u00e1 de alegr\u00eda. Pase muchas horas admirando el paisaje, especialmente durante la puesta de sol. Por supuesto, por la noche la imagen del pueblo vuelve a sorprender: las luces lo hacen parecer un cuadro. El pueblo cuenta con numerosos restaurantes y caf\u00e9s ubicados en lugares excepcionales. Entre los pueblos de Firostefani e Imerovigli se encuentra el monasterio de Agios Nikolaos.<\/span><\/span><\/span><\/p>\n<h3 style=\"text-align: center;\">Alquiler de coches Firostefani Santorini<\/h3>\n<p style=\"text-align: center;\"><span style=\"color: #000000;\"><span style=\"font-family: Arial, sans-serif;\"><span style=\"font-size: small;\">Por \u00faltimo, reciba o devuelva su<\/span><\/span><\/span><strong><span style=\"color: #000000;\"><span style=\"font-family: Arial, sans-serif;\"><span style=\"font-size: small;\"><b> <a href=\"http:\/\/carhub.gr\/\">coche de alquiler<\/a><\/b><\/span><\/span><\/span><\/strong> <span style=\"color: #000000;\"><span style=\"font-family: Arial, sans-serif;\"><span style=\"font-size: small;\">en <\/span><\/span><\/span><strong><span style=\"color: #000000;\"><span style=\"font-family: Arial, sans-serif;\"><span style=\"font-size: small;\"><b>Firostefani en Santorini<\/b><\/span><\/span><\/span><\/strong><span style=\"color: #000000;\"><span style=\"font-family: Arial, sans-serif;\"><span style=\"font-size: small;\">, sin ning\u00fan coste adicional. La mayor\u00eda de los hoteles de Firostefani est\u00e1n construidos sobre los acantilados, por lo que cuando <\/span><\/span><\/span><strong><span style=\"color: #000000;\"><span style=\"font-family: Arial, sans-serif;\"><span style=\"font-size: small;\"><b>alquila<\/b><\/span><\/span><\/span><\/strong> <span style=\"color: #000000;\"><span style=\"font-family: Arial, sans-serif;\"><span style=\"font-size: small;\">su <\/span><\/span><\/span><strong><span style=\"color: #000000;\"><span style=\"font-family: Arial, sans-serif;\"><span style=\"font-size: small;\"><b>coche<\/b><\/span><\/span><\/span><\/strong> <span style=\"color: #000000;\"><span style=\"font-family: Arial, sans-serif;\"><span style=\"font-size: small;\">en <\/span><\/span><\/span><strong><span style=\"color: #000000;\"><span style=\"font-family: Arial, sans-serif;\"><span style=\"font-size: small;\"><b>Firostefani<\/b><\/span><\/span><\/span><\/strong> <span style=\"color: #000000;\"><span style=\"font-family: Arial, sans-serif;\"><span style=\"font-size: small;\">en <\/span><\/span><\/span><strong><span style=\"color: #000000;\"><span style=\"font-family: Arial, sans-serif;\"><span style=\"font-size: small;\"><b>Santorini<\/b><\/span><\/span><\/span><\/strong><span style=\"color: #000000;\"><span style=\"font-family: Arial, sans-serif;\"><span style=\"font-size: small;\">, puede aparcarlo en una de las muchas zonas de aparcamiento gratuito, convenientemente ubicadas a pocos pasos de los hoteles de la caldera. Nuestro equipo tambi\u00e9n puede reunirse con usted en la recepci\u00f3n de su hotel, si le resulta m\u00e1s c\u00f3modo, y entregarle su <\/span><\/span><\/span><em><span style=\"color: #000000;\"><span style=\"font-family: Arial, sans-serif;\"><span style=\"font-size: small;\">coche de alquiler<\/span><\/span><\/span><\/em><span style=\"color: #000000;\">. <\/span><span style=\"color: #000000;\"><span style=\"font-family: Arial, sans-serif;\"><span style=\"font-size: small;\">As\u00ed que, si le apetece explorar la isla, solo tiene que llamarnos, enviarnos un correo electr\u00f3nico o reservar a trav\u00e9s de nuestra web, y le entregaremos el coche de su elecci\u00f3n en Firostefani.<\/span><\/span><\/span><\/p>\n[\/vc_column_text][\/vc_column][\/vc_row]\n<\/div>","protected":false},"excerpt":{"rendered":"<p>[vc_row][vc_column][vc_column_text css=\u00bb\u00bb] Alquiler de coches Firostefani Santorini Firostefani se considera un asentamiento independiente, en realidad una extensi\u00f3n de Fira, la hermosa capital de Santorini. El nombre \u201cFirostefani\u201d (Fira + Stefani, que significa corona en griego) proviene de su ubicaci\u00f3n en la parte m\u00e1s alta de Fira. Su privilegiada posici\u00f3n sobre la caldera, en la zona&hellip;<\/p>\n","protected":false},"author":2,"featured_media":0,"parent":0,"menu_order":0,"comment_status":"closed","ping_status":"closed","template":"templates\/no-sidebar.php","meta":{"footnotes":""},"class_list":["post-3046","page","type-page","status-publish","hentry","entry","no-media"],"yoast_head":"<!-- This site is optimized with the Yoast SEO plugin v27.2 - https:\/\/yoast.com\/product\/yoast-seo-wordpress\/ -->\n<title>Alquiler de coches Firostefani Santorini - Carhub<\/title>\n<meta name=\"robots\" content=\"index, follow, max-snippet:-1, max-image-preview:large, max-video-preview:-1\" \/>\n<link rel=\"canonical\" href=\"https:\/\/carhub.gr\/es\/alquiler-de-coches-firostefani-santorini\/\" \/>\n<meta property=\"og:locale\" content=\"es_ES\" \/>\n<meta property=\"og:type\" content=\"article\" \/>\n<meta property=\"og:title\" content=\"Alquiler de coches Firostefani Santorini - Carhub\" \/>\n<meta property=\"og:description\" content=\"[vc_row][vc_column][vc_column_text css=\u00bb\u00bb] Alquiler de coches Firostefani Santorini Firostefani se considera un asentamiento independiente, en realidad una extensi\u00f3n de Fira, la hermosa capital de Santorini. El nombre \u201cFirostefani\u201d (Fira + Stefani, que significa corona en griego) proviene de su ubicaci\u00f3n en la parte m\u00e1s alta de Fira. Su privilegiada posici\u00f3n sobre la caldera, en la zona&hellip;\" \/>\n<meta property=\"og:url\" content=\"https:\/\/carhub.gr\/es\/alquiler-de-coches-firostefani-santorini\/\" \/>\n<meta property=\"og:site_name\" content=\"Carhub\" \/>\n<meta property=\"article:publisher\" content=\"https:\/\/www.facebook.com\/carhub.gr\/\" \/>\n<meta property=\"article:modified_time\" content=\"2026-01-09T15:13:08+00:00\" \/>\n<meta property=\"og:image\" content=\"https:\/\/carhub.gr\/wp-content\/uploads\/2026\/01\/29244012_10156551096220649_2715891040270680064_n-209x300-1.jpg\" \/>\n\t<meta property=\"og:image:width\" content=\"209\" \/>\n\t<meta property=\"og:image:height\" content=\"300\" \/>\n\t<meta property=\"og:image:type\" content=\"image\/jpeg\" \/>\n<meta name=\"twitter:card\" content=\"summary_large_image\" \/>\n<meta name=\"twitter:label1\" content=\"Tiempo de lectura\" \/>\n\t<meta name=\"twitter:data1\" content=\"2 minutos\" \/>\n<script type=\"application\/ld+json\" class=\"yoast-schema-graph\">{\"@context\":\"https:\/\/schema.org\",\"@graph\":[{\"@type\":\"WebPage\",\"@id\":\"https:\/\/carhub.gr\/es\/alquiler-de-coches-firostefani-santorini\/\",\"url\":\"https:\/\/carhub.gr\/es\/alquiler-de-coches-firostefani-santorini\/\",\"name\":\"Alquiler de coches Firostefani Santorini - Carhub\",\"isPartOf\":{\"@id\":\"https:\/\/carhub.gr\/es\/#website\"},\"primaryImageOfPage\":{\"@id\":\"https:\/\/carhub.gr\/es\/alquiler-de-coches-firostefani-santorini\/#primaryimage\"},\"image\":{\"@id\":\"https:\/\/carhub.gr\/es\/alquiler-de-coches-firostefani-santorini\/#primaryimage\"},\"thumbnailUrl\":\"https:\/\/carhub.gr\/wp-content\/uploads\/2026\/01\/29244012_10156551096220649_2715891040270680064_n-209x300-1.jpg\",\"datePublished\":\"2026-01-09T15:09:10+00:00\",\"dateModified\":\"2026-01-09T15:13:08+00:00\",\"breadcrumb\":{\"@id\":\"https:\/\/carhub.gr\/es\/alquiler-de-coches-firostefani-santorini\/#breadcrumb\"},\"inLanguage\":\"es\",\"potentialAction\":[{\"@type\":\"ReadAction\",\"target\":[\"https:\/\/carhub.gr\/es\/alquiler-de-coches-firostefani-santorini\/\"]}]},{\"@type\":\"ImageObject\",\"inLanguage\":\"es\",\"@id\":\"https:\/\/carhub.gr\/es\/alquiler-de-coches-firostefani-santorini\/#primaryimage\",\"url\":\"https:\/\/carhub.gr\/wp-content\/uploads\/2026\/01\/29244012_10156551096220649_2715891040270680064_n-209x300-1.jpg\",\"contentUrl\":\"https:\/\/carhub.gr\/wp-content\/uploads\/2026\/01\/29244012_10156551096220649_2715891040270680064_n-209x300-1.jpg\"},{\"@type\":\"BreadcrumbList\",\"@id\":\"https:\/\/carhub.gr\/es\/alquiler-de-coches-firostefani-santorini\/#breadcrumb\",\"itemListElement\":[{\"@type\":\"ListItem\",\"position\":1,\"name\":\"Home\",\"item\":\"https:\/\/carhub.gr\/es\/\"},{\"@type\":\"ListItem\",\"position\":2,\"name\":\"Alquiler de coches Firostefani Santorini\"}]},{\"@type\":\"WebSite\",\"@id\":\"https:\/\/carhub.gr\/es\/#website\",\"url\":\"https:\/\/carhub.gr\/es\/\",\"name\":\"Carhub\",\"description\":\"Rent a car Santorini - Santorini Car Hire\",\"publisher\":{\"@id\":\"https:\/\/carhub.gr\/es\/#organization\"},\"alternateName\":\"RENT A CAR SANTORINI - SANTORINI CAR RENTAL\",\"potentialAction\":[{\"@type\":\"SearchAction\",\"target\":{\"@type\":\"EntryPoint\",\"urlTemplate\":\"https:\/\/carhub.gr\/es\/?s={search_term_string}\"},\"query-input\":{\"@type\":\"PropertyValueSpecification\",\"valueRequired\":true,\"valueName\":\"search_term_string\"}}],\"inLanguage\":\"es\"},{\"@type\":\"Organization\",\"@id\":\"https:\/\/carhub.gr\/es\/#organization\",\"name\":\"Carhub\",\"url\":\"https:\/\/carhub.gr\/es\/\",\"logo\":{\"@type\":\"ImageObject\",\"inLanguage\":\"es\",\"@id\":\"https:\/\/carhub.gr\/es\/#\/schema\/logo\/image\/\",\"url\":\"https:\/\/carhub.gr\/wp-content\/uploads\/2025\/12\/logo-carhub-1.png\",\"contentUrl\":\"https:\/\/carhub.gr\/wp-content\/uploads\/2025\/12\/logo-carhub-1.png\",\"width\":182,\"height\":53,\"caption\":\"Carhub\"},\"image\":{\"@id\":\"https:\/\/carhub.gr\/es\/#\/schema\/logo\/image\/\"},\"sameAs\":[\"https:\/\/www.facebook.com\/carhub.gr\/\"]}]}<\/script>\n<!-- \/ Yoast SEO plugin. -->","yoast_head_json":{"title":"Alquiler de coches Firostefani Santorini - Carhub","robots":{"index":"index","follow":"follow","max-snippet":"max-snippet:-1","max-image-preview":"max-image-preview:large","max-video-preview":"max-video-preview:-1"},"canonical":"https:\/\/carhub.gr\/es\/alquiler-de-coches-firostefani-santorini\/","og_locale":"es_ES","og_type":"article","og_title":"Alquiler de coches Firostefani Santorini - Carhub","og_description":"[vc_row][vc_column][vc_column_text css=\u00bb\u00bb] Alquiler de coches Firostefani Santorini Firostefani se considera un asentamiento independiente, en realidad una extensi\u00f3n de Fira, la hermosa capital de Santorini. El nombre \u201cFirostefani\u201d (Fira + Stefani, que significa corona en griego) proviene de su ubicaci\u00f3n en la parte m\u00e1s alta de Fira. Su privilegiada posici\u00f3n sobre la caldera, en la zona&hellip;","og_url":"https:\/\/carhub.gr\/es\/alquiler-de-coches-firostefani-santorini\/","og_site_name":"Carhub","article_publisher":"https:\/\/www.facebook.com\/carhub.gr\/","article_modified_time":"2026-01-09T15:13:08+00:00","og_image":[{"width":209,"height":300,"url":"https:\/\/carhub.gr\/wp-content\/uploads\/2026\/01\/29244012_10156551096220649_2715891040270680064_n-209x300-1.jpg","type":"image\/jpeg"}],"twitter_card":"summary_large_image","twitter_misc":{"Tiempo de lectura":"2 minutos"},"schema":{"@context":"https:\/\/schema.org","@graph":[{"@type":"WebPage","@id":"https:\/\/carhub.gr\/es\/alquiler-de-coches-firostefani-santorini\/","url":"https:\/\/carhub.gr\/es\/alquiler-de-coches-firostefani-santorini\/","name":"Alquiler de coches Firostefani Santorini - Carhub","isPartOf":{"@id":"https:\/\/carhub.gr\/es\/#website"},"primaryImageOfPage":{"@id":"https:\/\/carhub.gr\/es\/alquiler-de-coches-firostefani-santorini\/#primaryimage"},"image":{"@id":"https:\/\/carhub.gr\/es\/alquiler-de-coches-firostefani-santorini\/#primaryimage"},"thumbnailUrl":"https:\/\/carhub.gr\/wp-content\/uploads\/2026\/01\/29244012_10156551096220649_2715891040270680064_n-209x300-1.jpg","datePublished":"2026-01-09T15:09:10+00:00","dateModified":"2026-01-09T15:13:08+00:00","breadcrumb":{"@id":"https:\/\/carhub.gr\/es\/alquiler-de-coches-firostefani-santorini\/#breadcrumb"},"inLanguage":"es","potentialAction":[{"@type":"ReadAction","target":["https:\/\/carhub.gr\/es\/alquiler-de-coches-firostefani-santorini\/"]}]},{"@type":"ImageObject","inLanguage":"es","@id":"https:\/\/carhub.gr\/es\/alquiler-de-coches-firostefani-santorini\/#primaryimage","url":"https:\/\/carhub.gr\/wp-content\/uploads\/2026\/01\/29244012_10156551096220649_2715891040270680064_n-209x300-1.jpg","contentUrl":"https:\/\/carhub.gr\/wp-content\/uploads\/2026\/01\/29244012_10156551096220649_2715891040270680064_n-209x300-1.jpg"},{"@type":"BreadcrumbList","@id":"https:\/\/carhub.gr\/es\/alquiler-de-coches-firostefani-santorini\/#breadcrumb","itemListElement":[{"@type":"ListItem","position":1,"name":"Home","item":"https:\/\/carhub.gr\/es\/"},{"@type":"ListItem","position":2,"name":"Alquiler de coches Firostefani Santorini"}]},{"@type":"WebSite","@id":"https:\/\/carhub.gr\/es\/#website","url":"https:\/\/carhub.gr\/es\/","name":"Carhub","description":"Rent a car Santorini - Santorini Car Hire","publisher":{"@id":"https:\/\/carhub.gr\/es\/#organization"},"alternateName":"RENT A CAR SANTORINI - SANTORINI CAR RENTAL","potentialAction":[{"@type":"SearchAction","target":{"@type":"EntryPoint","urlTemplate":"https:\/\/carhub.gr\/es\/?s={search_term_string}"},"query-input":{"@type":"PropertyValueSpecification","valueRequired":true,"valueName":"search_term_string"}}],"inLanguage":"es"},{"@type":"Organization","@id":"https:\/\/carhub.gr\/es\/#organization","name":"Carhub","url":"https:\/\/carhub.gr\/es\/","logo":{"@type":"ImageObject","inLanguage":"es","@id":"https:\/\/carhub.gr\/es\/#\/schema\/logo\/image\/","url":"https:\/\/carhub.gr\/wp-content\/uploads\/2025\/12\/logo-carhub-1.png","contentUrl":"https:\/\/carhub.gr\/wp-content\/uploads\/2025\/12\/logo-carhub-1.png","width":182,"height":53,"caption":"Carhub"},"image":{"@id":"https:\/\/carhub.gr\/es\/#\/schema\/logo\/image\/"},"sameAs":["https:\/\/www.facebook.com\/carhub.gr\/"]}]}},"_links":{"self":[{"href":"https:\/\/carhub.gr\/es\/wp-json\/wp\/v2\/pages\/3046","targetHints":{"allow":["GET"]}}],"collection":[{"href":"https:\/\/carhub.gr\/es\/wp-json\/wp\/v2\/pages"}],"about":[{"href":"https:\/\/carhub.gr\/es\/wp-json\/wp\/v2\/types\/page"}],"author":[{"embeddable":true,"href":"https:\/\/carhub.gr\/es\/wp-json\/wp\/v2\/users\/2"}],"replies":[{"embeddable":true,"href":"https:\/\/carhub.gr\/es\/wp-json\/wp\/v2\/comments?post=3046"}],"version-history":[{"count":2,"href":"https:\/\/carhub.gr\/es\/wp-json\/wp\/v2\/pages\/3046\/revisions"}],"predecessor-version":[{"id":3050,"href":"https:\/\/carhub.gr\/es\/wp-json\/wp\/v2\/pages\/3046\/revisions\/3050"}],"wp:attachment":[{"href":"https:\/\/carhub.gr\/es\/wp-json\/wp\/v2\/media?parent=3046"}],"curies":[{"name":"wp","href":"https:\/\/api.w.org\/{rel}","templated":true}]}}