{"id":3001,"date":"2026-01-09T13:41:19","date_gmt":"2026-01-09T11:41:19","guid":{"rendered":"https:\/\/carhub.gr\/rental-car-pyrgos-santorini\/"},"modified":"2026-01-09T13:46:11","modified_gmt":"2026-01-09T11:46:11","slug":"alquiler-de-coches-en-pyrgos-santorini","status":"publish","type":"page","link":"https:\/\/carhub.gr\/es\/alquiler-de-coches-en-pyrgos-santorini\/","title":{"rendered":"Alquiler de Coches en Pyrgos Santorini"},"content":{"rendered":"<div class=\"wpb-content-wrapper\">[vc_row][vc_column][vc_column_text css=\u00bb\u00bb]\n<h1 class=\"western\" style=\"text-align: center;\"><span style=\"color: #0076a2;\"><span style=\"font-family: 'Source Sans Pro', Arial, sans-serif;\"><span style=\"font-size: xx-large;\"><span style=\"color: #000000;\">Alquiler de Coches en Pyrgos Santorini<\/span><\/span><\/span><\/span><\/h1>\n<figure id=\"attachment_2991\" aria-describedby=\"caption-attachment-2991\" style=\"width: 245px\" class=\"wp-caption aligncenter\"><img loading=\"lazy\" decoding=\"async\" class=\"wp-image-2991 size-full\" src=\"https:\/\/carhub.gr\/wp-content\/uploads\/2026\/01\/31166987_10156662206010649_5894789570913894400_n-245x300-1.jpg\" alt=\"Alquiler de Coches en Pyrgos Santorini\" width=\"245\" height=\"300\" \/><figcaption id=\"caption-attachment-2991\" class=\"wp-caption-text\">Alquiler de Coches en Pyrgos Santorini<\/figcaption><\/figure>\n<p style=\"text-align: center;\"><span style=\"font-family: Arial, sans-serif;\"><span style=\"font-size: small;\"><span style=\"color: #000000;\">En primer lugar, lo que hace \u00fanico a <a href=\"https:\/\/www.santorini-view.com\/pyrgos\/\" target=\"_blank\" rel=\"noopener noreferrer\">Pyrgos<\/a> es el hecho de que es el pueblo m\u00e1s alto de toda la isla, ofreciendo magn\u00edficas vistas panor\u00e1micas de ambos lados de Santorini. Tambi\u00e9n est\u00e1 situado en la costa oeste, a unos 8 kil\u00f3metros al sureste de Fira, la capital de Santorini. Gracias a su posici\u00f3n privilegiada, destaca desde lejos. La vista desde lo alto ofrece una perspectiva diferente que solo se puede admirar desde Pyrgos: valles verdes, el mar infinito y toda la isla despleg\u00e1ndose bajo sus pies. Pyrgos conserva su car\u00e1cter tradicional, acorde con la arquitectura cicl\u00e1dica. El hecho de estar ligeramente poco desarrollado, con callejones estrechos y sinuosos y casas de piedra, lo hace especialmente encantador.<\/span><\/span><\/span><\/p>\n<p style=\"text-align: center;\"><span style=\"font-family: Arial, sans-serif;\"><span style=\"font-size: small;\"><span style=\"color: #000000;\">Pyrgos tambi\u00e9n est\u00e1 rodeado de iglesias de c\u00fapulas azules y vi\u00f1edos. Aqu\u00ed y all\u00e1 encontrar\u00e1 peque\u00f1as galer\u00edas y tiendas escondidas en rincones discretos, mientras recorre los callejones sucesivos, en subida y bajada. En la parte baja del pueblo hay algunas tiendas tur\u00edsticas, as\u00ed como mini mercados, restaurantes acogedores, tabernas con deliciosa comida y cafeter\u00edas.<\/span><\/span><\/span><span style=\"font-family: Arial, sans-serif;\"><span style=\"font-size: small;\"><span style=\"color: #000000;\">La mayor\u00eda de ellos se concentran alrededor de la plaza principal, de forma circular.<\/span><\/span><\/span><\/p>\n<h2 style=\"text-align: center;\">Alquiler de Coches en Pyrgos Santorini<\/h2>\n<p style=\"text-align: center;\"><span style=\"color: #000000;\"><span style=\"font-family: Arial, sans-serif;\"><span style=\"font-size: small;\">Adem\u00e1s, la soluci\u00f3n m\u00e1s econ\u00f3mica para desplazarse a cualquier lugar y en cualquier momento es <\/span><\/span><\/span><strong><span style=\"color: #000000;\"><span style=\"font-family: Arial, sans-serif;\"><span style=\"font-size: small;\"><b>alquilar un coche<\/b><\/span><\/span><\/span><\/strong><span style=\"color: #000000;\"><span style=\"font-family: Arial, sans-serif;\"><span style=\"font-size: small;\"> con <a href=\"http:\/\/carhub.gr\/\">Carhub<\/a>. Conduzca su <\/span><\/span><\/span><strong><span style=\"color: #000000;\"><span style=\"font-family: Arial, sans-serif;\"><span style=\"font-size: small;\"><b>coche de alquiler en Santorini<\/b><\/span><\/span><\/span><\/strong><span style=\"color: #000000;\"><span style=\"font-family: Arial, sans-serif;\"><span style=\"font-size: small;\"> desde Pyrgos hasta las playas, Fira, Oia, los yacimientos arqueol\u00f3gicos, los museos o cualquier lugar que desee visitar. No es necesario esperar el autob\u00fas ni pagar un taxi. Si busca un <\/span><\/span><\/span><strong><span style=\"color: #000000;\"><span style=\"font-family: Arial, sans-serif;\"><span style=\"font-size: small;\"><b>servicio de alquiler de coches en Santorini<\/b><\/span><\/span><\/span><\/strong><span style=\"color: #000000;\"><span style=\"font-family: Arial, sans-serif;\"><span style=\"font-size: small;\"> en Pyrgos, lo hacemos f\u00e1cil, ya que podemos entregar el <\/span><\/span><\/span><strong><span style=\"color: #000000;\"><span style=\"font-family: Arial, sans-serif;\"><span style=\"font-size: small;\"><b>coche<\/b><\/span><\/span><\/span><\/strong><span style=\"color: #000000;\"><span style=\"font-family: Arial, sans-serif;\"><span style=\"font-size: small;\"> de su elecci\u00f3n en cualquier hotel de <\/span><\/span><\/span><strong><span style=\"color: #000000;\"><span style=\"font-family: Arial, sans-serif;\"><span style=\"font-size: small;\"><b>Pyrgos<\/b><\/span><\/span><\/span><\/strong><span style=\"color: #000000;\"><span style=\"font-family: Arial, sans-serif;\"><span style=\"font-size: small;\"> sin ning\u00fan coste adicional. Elija el coche que prefiera, manual o autom\u00e1tico, y comience a explorar la isla de <\/span><\/span><\/span><strong><span style=\"color: #000000;\"><span style=\"font-family: Arial, sans-serif;\"><span style=\"font-size: small;\"><b>Santorini.<\/b><\/span><\/span><\/span><\/strong><\/p>\n[\/vc_column_text][\/vc_column][\/vc_row]\n<\/div>","protected":false},"excerpt":{"rendered":"<p>[vc_row][vc_column][vc_column_text css=\u00bb\u00bb] Alquiler de Coches en Pyrgos Santorini En primer lugar, lo que hace \u00fanico a Pyrgos es el hecho de que es el pueblo m\u00e1s alto de toda la isla, ofreciendo magn\u00edficas vistas panor\u00e1micas de ambos lados de Santorini. Tambi\u00e9n est\u00e1 situado en la costa oeste, a unos 8 kil\u00f3metros al sureste de Fira,&hellip;<\/p>\n","protected":false},"author":2,"featured_media":0,"parent":0,"menu_order":0,"comment_status":"closed","ping_status":"closed","template":"templates\/no-sidebar.php","meta":{"footnotes":""},"class_list":["post-3001","page","type-page","status-publish","hentry","entry","no-media"],"yoast_head":"<!-- This site is optimized with the Yoast SEO plugin v27.2 - https:\/\/yoast.com\/product\/yoast-seo-wordpress\/ -->\n<title>Alquiler de Coches en Pyrgos Santorini - Carhub<\/title>\n<meta name=\"robots\" content=\"index, follow, max-snippet:-1, max-image-preview:large, max-video-preview:-1\" \/>\n<link rel=\"canonical\" href=\"https:\/\/carhub.gr\/es\/alquiler-de-coches-en-pyrgos-santorini\/\" \/>\n<meta property=\"og:locale\" content=\"es_ES\" \/>\n<meta property=\"og:type\" content=\"article\" \/>\n<meta property=\"og:title\" content=\"Alquiler de Coches en Pyrgos Santorini - Carhub\" \/>\n<meta property=\"og:description\" content=\"[vc_row][vc_column][vc_column_text css=\u00bb\u00bb] Alquiler de Coches en Pyrgos Santorini En primer lugar, lo que hace \u00fanico a Pyrgos es el hecho de que es el pueblo m\u00e1s alto de toda la isla, ofreciendo magn\u00edficas vistas panor\u00e1micas de ambos lados de Santorini. Tambi\u00e9n est\u00e1 situado en la costa oeste, a unos 8 kil\u00f3metros al sureste de Fira,&hellip;\" \/>\n<meta property=\"og:url\" content=\"https:\/\/carhub.gr\/es\/alquiler-de-coches-en-pyrgos-santorini\/\" \/>\n<meta property=\"og:site_name\" content=\"Carhub\" \/>\n<meta property=\"article:publisher\" content=\"https:\/\/www.facebook.com\/carhub.gr\/\" \/>\n<meta property=\"article:modified_time\" content=\"2026-01-09T11:46:11+00:00\" \/>\n<meta property=\"og:image\" content=\"https:\/\/carhub.gr\/wp-content\/uploads\/2026\/01\/31166987_10156662206010649_5894789570913894400_n-245x300-1.jpg\" \/>\n\t<meta property=\"og:image:width\" content=\"245\" \/>\n\t<meta property=\"og:image:height\" content=\"300\" \/>\n\t<meta property=\"og:image:type\" content=\"image\/jpeg\" \/>\n<meta name=\"twitter:card\" content=\"summary_large_image\" \/>\n<meta name=\"twitter:label1\" content=\"Tiempo de lectura\" \/>\n\t<meta name=\"twitter:data1\" content=\"2 minutos\" \/>\n<script type=\"application\/ld+json\" class=\"yoast-schema-graph\">{\"@context\":\"https:\/\/schema.org\",\"@graph\":[{\"@type\":\"WebPage\",\"@id\":\"https:\/\/carhub.gr\/es\/alquiler-de-coches-en-pyrgos-santorini\/\",\"url\":\"https:\/\/carhub.gr\/es\/alquiler-de-coches-en-pyrgos-santorini\/\",\"name\":\"Alquiler de Coches en Pyrgos Santorini - Carhub\",\"isPartOf\":{\"@id\":\"https:\/\/carhub.gr\/es\/#website\"},\"primaryImageOfPage\":{\"@id\":\"https:\/\/carhub.gr\/es\/alquiler-de-coches-en-pyrgos-santorini\/#primaryimage\"},\"image\":{\"@id\":\"https:\/\/carhub.gr\/es\/alquiler-de-coches-en-pyrgos-santorini\/#primaryimage\"},\"thumbnailUrl\":\"https:\/\/carhub.gr\/wp-content\/uploads\/2026\/01\/31166987_10156662206010649_5894789570913894400_n-245x300-1.jpg\",\"datePublished\":\"2026-01-09T11:41:19+00:00\",\"dateModified\":\"2026-01-09T11:46:11+00:00\",\"breadcrumb\":{\"@id\":\"https:\/\/carhub.gr\/es\/alquiler-de-coches-en-pyrgos-santorini\/#breadcrumb\"},\"inLanguage\":\"es\",\"potentialAction\":[{\"@type\":\"ReadAction\",\"target\":[\"https:\/\/carhub.gr\/es\/alquiler-de-coches-en-pyrgos-santorini\/\"]}]},{\"@type\":\"ImageObject\",\"inLanguage\":\"es\",\"@id\":\"https:\/\/carhub.gr\/es\/alquiler-de-coches-en-pyrgos-santorini\/#primaryimage\",\"url\":\"https:\/\/carhub.gr\/wp-content\/uploads\/2026\/01\/31166987_10156662206010649_5894789570913894400_n-245x300-1.jpg\",\"contentUrl\":\"https:\/\/carhub.gr\/wp-content\/uploads\/2026\/01\/31166987_10156662206010649_5894789570913894400_n-245x300-1.jpg\"},{\"@type\":\"BreadcrumbList\",\"@id\":\"https:\/\/carhub.gr\/es\/alquiler-de-coches-en-pyrgos-santorini\/#breadcrumb\",\"itemListElement\":[{\"@type\":\"ListItem\",\"position\":1,\"name\":\"Home\",\"item\":\"https:\/\/carhub.gr\/es\/\"},{\"@type\":\"ListItem\",\"position\":2,\"name\":\"Alquiler de Coches en Pyrgos Santorini\"}]},{\"@type\":\"WebSite\",\"@id\":\"https:\/\/carhub.gr\/es\/#website\",\"url\":\"https:\/\/carhub.gr\/es\/\",\"name\":\"Carhub\",\"description\":\"Rent a car Santorini - Santorini Car Hire\",\"publisher\":{\"@id\":\"https:\/\/carhub.gr\/es\/#organization\"},\"alternateName\":\"RENT A CAR SANTORINI - SANTORINI CAR RENTAL\",\"potentialAction\":[{\"@type\":\"SearchAction\",\"target\":{\"@type\":\"EntryPoint\",\"urlTemplate\":\"https:\/\/carhub.gr\/es\/?s={search_term_string}\"},\"query-input\":{\"@type\":\"PropertyValueSpecification\",\"valueRequired\":true,\"valueName\":\"search_term_string\"}}],\"inLanguage\":\"es\"},{\"@type\":\"Organization\",\"@id\":\"https:\/\/carhub.gr\/es\/#organization\",\"name\":\"Carhub\",\"url\":\"https:\/\/carhub.gr\/es\/\",\"logo\":{\"@type\":\"ImageObject\",\"inLanguage\":\"es\",\"@id\":\"https:\/\/carhub.gr\/es\/#\/schema\/logo\/image\/\",\"url\":\"https:\/\/carhub.gr\/wp-content\/uploads\/2025\/12\/logo-carhub-1.png\",\"contentUrl\":\"https:\/\/carhub.gr\/wp-content\/uploads\/2025\/12\/logo-carhub-1.png\",\"width\":182,\"height\":53,\"caption\":\"Carhub\"},\"image\":{\"@id\":\"https:\/\/carhub.gr\/es\/#\/schema\/logo\/image\/\"},\"sameAs\":[\"https:\/\/www.facebook.com\/carhub.gr\/\"]}]}<\/script>\n<!-- \/ Yoast SEO plugin. -->","yoast_head_json":{"title":"Alquiler de Coches en Pyrgos Santorini - Carhub","robots":{"index":"index","follow":"follow","max-snippet":"max-snippet:-1","max-image-preview":"max-image-preview:large","max-video-preview":"max-video-preview:-1"},"canonical":"https:\/\/carhub.gr\/es\/alquiler-de-coches-en-pyrgos-santorini\/","og_locale":"es_ES","og_type":"article","og_title":"Alquiler de Coches en Pyrgos Santorini - Carhub","og_description":"[vc_row][vc_column][vc_column_text css=\u00bb\u00bb] Alquiler de Coches en Pyrgos Santorini En primer lugar, lo que hace \u00fanico a Pyrgos es el hecho de que es el pueblo m\u00e1s alto de toda la isla, ofreciendo magn\u00edficas vistas panor\u00e1micas de ambos lados de Santorini. Tambi\u00e9n est\u00e1 situado en la costa oeste, a unos 8 kil\u00f3metros al sureste de Fira,&hellip;","og_url":"https:\/\/carhub.gr\/es\/alquiler-de-coches-en-pyrgos-santorini\/","og_site_name":"Carhub","article_publisher":"https:\/\/www.facebook.com\/carhub.gr\/","article_modified_time":"2026-01-09T11:46:11+00:00","og_image":[{"width":245,"height":300,"url":"https:\/\/carhub.gr\/wp-content\/uploads\/2026\/01\/31166987_10156662206010649_5894789570913894400_n-245x300-1.jpg","type":"image\/jpeg"}],"twitter_card":"summary_large_image","twitter_misc":{"Tiempo de lectura":"2 minutos"},"schema":{"@context":"https:\/\/schema.org","@graph":[{"@type":"WebPage","@id":"https:\/\/carhub.gr\/es\/alquiler-de-coches-en-pyrgos-santorini\/","url":"https:\/\/carhub.gr\/es\/alquiler-de-coches-en-pyrgos-santorini\/","name":"Alquiler de Coches en Pyrgos Santorini - Carhub","isPartOf":{"@id":"https:\/\/carhub.gr\/es\/#website"},"primaryImageOfPage":{"@id":"https:\/\/carhub.gr\/es\/alquiler-de-coches-en-pyrgos-santorini\/#primaryimage"},"image":{"@id":"https:\/\/carhub.gr\/es\/alquiler-de-coches-en-pyrgos-santorini\/#primaryimage"},"thumbnailUrl":"https:\/\/carhub.gr\/wp-content\/uploads\/2026\/01\/31166987_10156662206010649_5894789570913894400_n-245x300-1.jpg","datePublished":"2026-01-09T11:41:19+00:00","dateModified":"2026-01-09T11:46:11+00:00","breadcrumb":{"@id":"https:\/\/carhub.gr\/es\/alquiler-de-coches-en-pyrgos-santorini\/#breadcrumb"},"inLanguage":"es","potentialAction":[{"@type":"ReadAction","target":["https:\/\/carhub.gr\/es\/alquiler-de-coches-en-pyrgos-santorini\/"]}]},{"@type":"ImageObject","inLanguage":"es","@id":"https:\/\/carhub.gr\/es\/alquiler-de-coches-en-pyrgos-santorini\/#primaryimage","url":"https:\/\/carhub.gr\/wp-content\/uploads\/2026\/01\/31166987_10156662206010649_5894789570913894400_n-245x300-1.jpg","contentUrl":"https:\/\/carhub.gr\/wp-content\/uploads\/2026\/01\/31166987_10156662206010649_5894789570913894400_n-245x300-1.jpg"},{"@type":"BreadcrumbList","@id":"https:\/\/carhub.gr\/es\/alquiler-de-coches-en-pyrgos-santorini\/#breadcrumb","itemListElement":[{"@type":"ListItem","position":1,"name":"Home","item":"https:\/\/carhub.gr\/es\/"},{"@type":"ListItem","position":2,"name":"Alquiler de Coches en Pyrgos Santorini"}]},{"@type":"WebSite","@id":"https:\/\/carhub.gr\/es\/#website","url":"https:\/\/carhub.gr\/es\/","name":"Carhub","description":"Rent a car Santorini - Santorini Car Hire","publisher":{"@id":"https:\/\/carhub.gr\/es\/#organization"},"alternateName":"RENT A CAR SANTORINI - SANTORINI CAR RENTAL","potentialAction":[{"@type":"SearchAction","target":{"@type":"EntryPoint","urlTemplate":"https:\/\/carhub.gr\/es\/?s={search_term_string}"},"query-input":{"@type":"PropertyValueSpecification","valueRequired":true,"valueName":"search_term_string"}}],"inLanguage":"es"},{"@type":"Organization","@id":"https:\/\/carhub.gr\/es\/#organization","name":"Carhub","url":"https:\/\/carhub.gr\/es\/","logo":{"@type":"ImageObject","inLanguage":"es","@id":"https:\/\/carhub.gr\/es\/#\/schema\/logo\/image\/","url":"https:\/\/carhub.gr\/wp-content\/uploads\/2025\/12\/logo-carhub-1.png","contentUrl":"https:\/\/carhub.gr\/wp-content\/uploads\/2025\/12\/logo-carhub-1.png","width":182,"height":53,"caption":"Carhub"},"image":{"@id":"https:\/\/carhub.gr\/es\/#\/schema\/logo\/image\/"},"sameAs":["https:\/\/www.facebook.com\/carhub.gr\/"]}]}},"_links":{"self":[{"href":"https:\/\/carhub.gr\/es\/wp-json\/wp\/v2\/pages\/3001","targetHints":{"allow":["GET"]}}],"collection":[{"href":"https:\/\/carhub.gr\/es\/wp-json\/wp\/v2\/pages"}],"about":[{"href":"https:\/\/carhub.gr\/es\/wp-json\/wp\/v2\/types\/page"}],"author":[{"embeddable":true,"href":"https:\/\/carhub.gr\/es\/wp-json\/wp\/v2\/users\/2"}],"replies":[{"embeddable":true,"href":"https:\/\/carhub.gr\/es\/wp-json\/wp\/v2\/comments?post=3001"}],"version-history":[{"count":1,"href":"https:\/\/carhub.gr\/es\/wp-json\/wp\/v2\/pages\/3001\/revisions"}],"predecessor-version":[{"id":3006,"href":"https:\/\/carhub.gr\/es\/wp-json\/wp\/v2\/pages\/3001\/revisions\/3006"}],"wp:attachment":[{"href":"https:\/\/carhub.gr\/es\/wp-json\/wp\/v2\/media?parent=3001"}],"curies":[{"name":"wp","href":"https:\/\/api.w.org\/{rel}","templated":true}]}}