{"id":2975,"date":"2026-01-09T13:18:37","date_gmt":"2026-01-09T11:18:37","guid":{"rendered":"https:\/\/carhub.gr\/rental-car-akrotiri-santorini\/"},"modified":"2026-01-09T13:37:25","modified_gmt":"2026-01-09T11:37:25","slug":"alquiler-de-coche-en-akrotiri-santorini","status":"publish","type":"page","link":"https:\/\/carhub.gr\/es\/alquiler-de-coche-en-akrotiri-santorini\/","title":{"rendered":"Alquiler de Coche en Akrotiri Santorini"},"content":{"rendered":"<div class=\"wpb-content-wrapper\">[vc_row][vc_column][vc_column_text css=\u00bb\u00bb]\n<h1 class=\"western\" style=\"text-align: center;\">Alquiler de Coche en Akrotiri Santorini<\/h1>\n<figure id=\"attachment_2965\" aria-describedby=\"caption-attachment-2965\" style=\"width: 300px\" class=\"wp-caption aligncenter\"><img loading=\"lazy\" decoding=\"async\" class=\"wp-image-2965 size-full\" src=\"https:\/\/carhub.gr\/wp-content\/uploads\/2026\/01\/26857025_10156378774085649_98441017_n-300x290-1.jpg\" alt=\"alquiler de coche akrotiri\" width=\"300\" height=\"290\" \/><figcaption id=\"caption-attachment-2965\" class=\"wp-caption-text\">(alquila tu coche en Akrotiri Santorini y visita la playa de arena roja)<\/figcaption><\/figure>\n<p style=\"text-align: center;\"><span style=\"font-family: Arial, sans-serif;\"><span style=\"font-size: small;\"><span style=\"color: #000000;\">La pen\u00ednsula de <a href=\"https:\/\/en.wikipedia.org\/wiki\/Akrotiri_(Santorini)\" target=\"_blank\" rel=\"noopener noreferrer\">Akrotiri<\/a> es conocida, por supuesto, por sus famosas ruinas del per\u00edodo minoico. Sin embargo, Akrotiri no es tan conocida por varias razones. La principal es que la carretera que conduce al yacimiento arqueol\u00f3gico ni siquiera pasa por el pueblo. Los turistas visitan el sitio y luego se dirigen al siguiente punto de su itinerario o a la playa. Muy pocos se detienen en el pueblo.<\/span><\/span><\/span><\/p>\n<p style=\"text-align: center;\"><span style=\"color: #000000; font-size: small; font-family: Arial, sans-serif;\">As\u00ed, en una isla que probablemente sea uno de los destinos tur\u00edsticos m\u00e1s populares de Grecia, existe un pueblo con muchas de las cualidades de una isla remota. Carteles a veces mal escritos frente a los restaurantes anuncian musaca, ensalada griega y pescado fresco.<br \/>\n<\/span><span style=\"font-family: Arial, sans-serif;\"><span style=\"font-size: small;\"><span style=\"color: #000000;\">Peque\u00f1os restaurantes familiares ofrecen cocina casera, mezclando platos tradicionales con lo que creen que desean los turistas. Al ser un pueblo b\u00e1sicamente agr\u00edcola, es de esperar encontrar verduras frescas, especialmente tomates de temporada, y la carne puede provenir de la granja familiar. Incluso hay hoteles construidos en terrenos agr\u00edcolas familiares. As\u00ed que, por ejemplo, si pides leche de cabra fresca con tu caf\u00e9, es muy posible que realmente la consigas.<\/span> <\/span><\/span><\/p>\n<h2 style=\"text-align: center;\">Alquiler de Coche en Akrotiri Santorini<\/h2>\n<p style=\"text-align: center;\"><span style=\"color: #000000;\"><span style=\"font-family: Arial, sans-serif;\"><span style=\"font-size: small;\">En la isla, alquilar un coche en Akrotiri Santorini <\/span><\/span><\/span><span style=\"color: #000000;\"><span style=\"font-family: Arial, sans-serif;\"><span style=\"font-size: small;\">puede resultar muy \u00fatil. Como los autobuses no pasan con mucha frecuencia, <\/span><\/span><\/span><strong><span style=\"color: #000000;\"><span style=\"font-family: Arial, sans-serif;\"><span style=\"font-size: small;\"><b><a href=\"http:\/\/carhub.gr\/\" target=\"_blank\" rel=\"noopener noreferrer\">alquilar un coche<\/a><\/b><\/span><\/span><\/span><\/strong> <span style=\"color: #000000;\"><span style=\"font-family: Arial, sans-serif;\"><span style=\"font-size: small;\">si te alojas <\/span><\/span><\/span><strong><span style=\"color: #000000;\"><span style=\"font-family: Arial, sans-serif;\"><span style=\"font-size: small;\"><b>en Akrotiri<\/b><\/span><\/span><\/span><\/strong> <span style=\"color: #000000;\"><span style=\"font-family: Arial, sans-serif;\"><span style=\"font-size: small;\">parece ser la mejor soluci\u00f3n para desplazarte. Sin mencionar que costar\u00e1 mucho menos que utilizar taxis. Podemos entregar y recoger tu<\/span><\/span><\/span><span style=\"color: #000000;\"> coche de alquiler en Akrotiri Santorini<\/span> <span style=\"color: #000000;\"><span style=\"font-family: Arial, sans-serif;\"><span style=\"font-size: small;\">en todos los hoteles<\/span><\/span><\/span><span style=\"color: #000000;\"><span style=\"font-family: Arial, sans-serif;\"><span style=\"font-size: small;\">, sin ning\u00fan coste adicional. Hay varios tipos de coches disponibles para elegir: descapotables o no, autom\u00e1ticos o manuales, econ\u00f3micos o de lujo, que te ofrecen total libertad para no perder tiempo.<\/span><\/span><\/span><\/p>\n[\/vc_column_text][\/vc_column][\/vc_row]\n<\/div>","protected":false},"excerpt":{"rendered":"<p>[vc_row][vc_column][vc_column_text css=\u00bb\u00bb] Alquiler de Coche en Akrotiri Santorini La pen\u00ednsula de Akrotiri es conocida, por supuesto, por sus famosas ruinas del per\u00edodo minoico. Sin embargo, Akrotiri no es tan conocida por varias razones. La principal es que la carretera que conduce al yacimiento arqueol\u00f3gico ni siquiera pasa por el pueblo. Los turistas visitan el sitio&hellip;<\/p>\n","protected":false},"author":2,"featured_media":0,"parent":0,"menu_order":0,"comment_status":"closed","ping_status":"closed","template":"templates\/no-sidebar.php","meta":{"footnotes":""},"class_list":["post-2975","page","type-page","status-publish","hentry","entry","no-media"],"yoast_head":"<!-- This site is optimized with the Yoast SEO plugin v27.2 - https:\/\/yoast.com\/product\/yoast-seo-wordpress\/ -->\n<title>Alquiler de Coche en Akrotiri Santorini - Carhub<\/title>\n<meta name=\"robots\" content=\"index, follow, max-snippet:-1, max-image-preview:large, max-video-preview:-1\" \/>\n<link rel=\"canonical\" href=\"https:\/\/carhub.gr\/es\/alquiler-de-coche-en-akrotiri-santorini\/\" \/>\n<meta property=\"og:locale\" content=\"es_ES\" \/>\n<meta property=\"og:type\" content=\"article\" \/>\n<meta property=\"og:title\" content=\"Alquiler de Coche en Akrotiri Santorini - Carhub\" \/>\n<meta property=\"og:description\" content=\"[vc_row][vc_column][vc_column_text css=\u00bb\u00bb] Alquiler de Coche en Akrotiri Santorini La pen\u00ednsula de Akrotiri es conocida, por supuesto, por sus famosas ruinas del per\u00edodo minoico. Sin embargo, Akrotiri no es tan conocida por varias razones. La principal es que la carretera que conduce al yacimiento arqueol\u00f3gico ni siquiera pasa por el pueblo. Los turistas visitan el sitio&hellip;\" \/>\n<meta property=\"og:url\" content=\"https:\/\/carhub.gr\/es\/alquiler-de-coche-en-akrotiri-santorini\/\" \/>\n<meta property=\"og:site_name\" content=\"Carhub\" \/>\n<meta property=\"article:publisher\" content=\"https:\/\/www.facebook.com\/carhub.gr\/\" \/>\n<meta property=\"article:modified_time\" content=\"2026-01-09T11:37:25+00:00\" \/>\n<meta property=\"og:image\" content=\"https:\/\/carhub.gr\/wp-content\/uploads\/2026\/01\/26857025_10156378774085649_98441017_n-300x290-1.jpg\" \/>\n\t<meta property=\"og:image:width\" content=\"300\" \/>\n\t<meta property=\"og:image:height\" content=\"290\" \/>\n\t<meta property=\"og:image:type\" content=\"image\/jpeg\" \/>\n<meta name=\"twitter:card\" content=\"summary_large_image\" \/>\n<meta name=\"twitter:label1\" content=\"Tiempo de lectura\" \/>\n\t<meta name=\"twitter:data1\" content=\"2 minutos\" \/>\n<script type=\"application\/ld+json\" class=\"yoast-schema-graph\">{\"@context\":\"https:\/\/schema.org\",\"@graph\":[{\"@type\":\"WebPage\",\"@id\":\"https:\/\/carhub.gr\/es\/alquiler-de-coche-en-akrotiri-santorini\/\",\"url\":\"https:\/\/carhub.gr\/es\/alquiler-de-coche-en-akrotiri-santorini\/\",\"name\":\"Alquiler de Coche en Akrotiri Santorini - Carhub\",\"isPartOf\":{\"@id\":\"https:\/\/carhub.gr\/es\/#website\"},\"primaryImageOfPage\":{\"@id\":\"https:\/\/carhub.gr\/es\/alquiler-de-coche-en-akrotiri-santorini\/#primaryimage\"},\"image\":{\"@id\":\"https:\/\/carhub.gr\/es\/alquiler-de-coche-en-akrotiri-santorini\/#primaryimage\"},\"thumbnailUrl\":\"https:\/\/carhub.gr\/wp-content\/uploads\/2026\/01\/26857025_10156378774085649_98441017_n-300x290-1.jpg\",\"datePublished\":\"2026-01-09T11:18:37+00:00\",\"dateModified\":\"2026-01-09T11:37:25+00:00\",\"breadcrumb\":{\"@id\":\"https:\/\/carhub.gr\/es\/alquiler-de-coche-en-akrotiri-santorini\/#breadcrumb\"},\"inLanguage\":\"es\",\"potentialAction\":[{\"@type\":\"ReadAction\",\"target\":[\"https:\/\/carhub.gr\/es\/alquiler-de-coche-en-akrotiri-santorini\/\"]}]},{\"@type\":\"ImageObject\",\"inLanguage\":\"es\",\"@id\":\"https:\/\/carhub.gr\/es\/alquiler-de-coche-en-akrotiri-santorini\/#primaryimage\",\"url\":\"https:\/\/carhub.gr\/wp-content\/uploads\/2026\/01\/26857025_10156378774085649_98441017_n-300x290-1.jpg\",\"contentUrl\":\"https:\/\/carhub.gr\/wp-content\/uploads\/2026\/01\/26857025_10156378774085649_98441017_n-300x290-1.jpg\"},{\"@type\":\"BreadcrumbList\",\"@id\":\"https:\/\/carhub.gr\/es\/alquiler-de-coche-en-akrotiri-santorini\/#breadcrumb\",\"itemListElement\":[{\"@type\":\"ListItem\",\"position\":1,\"name\":\"Home\",\"item\":\"https:\/\/carhub.gr\/es\/\"},{\"@type\":\"ListItem\",\"position\":2,\"name\":\"Alquiler de Coche en Akrotiri Santorini\"}]},{\"@type\":\"WebSite\",\"@id\":\"https:\/\/carhub.gr\/es\/#website\",\"url\":\"https:\/\/carhub.gr\/es\/\",\"name\":\"Carhub\",\"description\":\"Rent a car Santorini - Santorini Car Hire\",\"publisher\":{\"@id\":\"https:\/\/carhub.gr\/es\/#organization\"},\"alternateName\":\"RENT A CAR SANTORINI - SANTORINI CAR RENTAL\",\"potentialAction\":[{\"@type\":\"SearchAction\",\"target\":{\"@type\":\"EntryPoint\",\"urlTemplate\":\"https:\/\/carhub.gr\/es\/?s={search_term_string}\"},\"query-input\":{\"@type\":\"PropertyValueSpecification\",\"valueRequired\":true,\"valueName\":\"search_term_string\"}}],\"inLanguage\":\"es\"},{\"@type\":\"Organization\",\"@id\":\"https:\/\/carhub.gr\/es\/#organization\",\"name\":\"Carhub\",\"url\":\"https:\/\/carhub.gr\/es\/\",\"logo\":{\"@type\":\"ImageObject\",\"inLanguage\":\"es\",\"@id\":\"https:\/\/carhub.gr\/es\/#\/schema\/logo\/image\/\",\"url\":\"https:\/\/carhub.gr\/wp-content\/uploads\/2025\/12\/logo-carhub-1.png\",\"contentUrl\":\"https:\/\/carhub.gr\/wp-content\/uploads\/2025\/12\/logo-carhub-1.png\",\"width\":182,\"height\":53,\"caption\":\"Carhub\"},\"image\":{\"@id\":\"https:\/\/carhub.gr\/es\/#\/schema\/logo\/image\/\"},\"sameAs\":[\"https:\/\/www.facebook.com\/carhub.gr\/\"]}]}<\/script>\n<!-- \/ Yoast SEO plugin. -->","yoast_head_json":{"title":"Alquiler de Coche en Akrotiri Santorini - Carhub","robots":{"index":"index","follow":"follow","max-snippet":"max-snippet:-1","max-image-preview":"max-image-preview:large","max-video-preview":"max-video-preview:-1"},"canonical":"https:\/\/carhub.gr\/es\/alquiler-de-coche-en-akrotiri-santorini\/","og_locale":"es_ES","og_type":"article","og_title":"Alquiler de Coche en Akrotiri Santorini - Carhub","og_description":"[vc_row][vc_column][vc_column_text css=\u00bb\u00bb] Alquiler de Coche en Akrotiri Santorini La pen\u00ednsula de Akrotiri es conocida, por supuesto, por sus famosas ruinas del per\u00edodo minoico. Sin embargo, Akrotiri no es tan conocida por varias razones. La principal es que la carretera que conduce al yacimiento arqueol\u00f3gico ni siquiera pasa por el pueblo. Los turistas visitan el sitio&hellip;","og_url":"https:\/\/carhub.gr\/es\/alquiler-de-coche-en-akrotiri-santorini\/","og_site_name":"Carhub","article_publisher":"https:\/\/www.facebook.com\/carhub.gr\/","article_modified_time":"2026-01-09T11:37:25+00:00","og_image":[{"width":300,"height":290,"url":"https:\/\/carhub.gr\/wp-content\/uploads\/2026\/01\/26857025_10156378774085649_98441017_n-300x290-1.jpg","type":"image\/jpeg"}],"twitter_card":"summary_large_image","twitter_misc":{"Tiempo de lectura":"2 minutos"},"schema":{"@context":"https:\/\/schema.org","@graph":[{"@type":"WebPage","@id":"https:\/\/carhub.gr\/es\/alquiler-de-coche-en-akrotiri-santorini\/","url":"https:\/\/carhub.gr\/es\/alquiler-de-coche-en-akrotiri-santorini\/","name":"Alquiler de Coche en Akrotiri Santorini - Carhub","isPartOf":{"@id":"https:\/\/carhub.gr\/es\/#website"},"primaryImageOfPage":{"@id":"https:\/\/carhub.gr\/es\/alquiler-de-coche-en-akrotiri-santorini\/#primaryimage"},"image":{"@id":"https:\/\/carhub.gr\/es\/alquiler-de-coche-en-akrotiri-santorini\/#primaryimage"},"thumbnailUrl":"https:\/\/carhub.gr\/wp-content\/uploads\/2026\/01\/26857025_10156378774085649_98441017_n-300x290-1.jpg","datePublished":"2026-01-09T11:18:37+00:00","dateModified":"2026-01-09T11:37:25+00:00","breadcrumb":{"@id":"https:\/\/carhub.gr\/es\/alquiler-de-coche-en-akrotiri-santorini\/#breadcrumb"},"inLanguage":"es","potentialAction":[{"@type":"ReadAction","target":["https:\/\/carhub.gr\/es\/alquiler-de-coche-en-akrotiri-santorini\/"]}]},{"@type":"ImageObject","inLanguage":"es","@id":"https:\/\/carhub.gr\/es\/alquiler-de-coche-en-akrotiri-santorini\/#primaryimage","url":"https:\/\/carhub.gr\/wp-content\/uploads\/2026\/01\/26857025_10156378774085649_98441017_n-300x290-1.jpg","contentUrl":"https:\/\/carhub.gr\/wp-content\/uploads\/2026\/01\/26857025_10156378774085649_98441017_n-300x290-1.jpg"},{"@type":"BreadcrumbList","@id":"https:\/\/carhub.gr\/es\/alquiler-de-coche-en-akrotiri-santorini\/#breadcrumb","itemListElement":[{"@type":"ListItem","position":1,"name":"Home","item":"https:\/\/carhub.gr\/es\/"},{"@type":"ListItem","position":2,"name":"Alquiler de Coche en Akrotiri Santorini"}]},{"@type":"WebSite","@id":"https:\/\/carhub.gr\/es\/#website","url":"https:\/\/carhub.gr\/es\/","name":"Carhub","description":"Rent a car Santorini - Santorini Car Hire","publisher":{"@id":"https:\/\/carhub.gr\/es\/#organization"},"alternateName":"RENT A CAR SANTORINI - SANTORINI CAR RENTAL","potentialAction":[{"@type":"SearchAction","target":{"@type":"EntryPoint","urlTemplate":"https:\/\/carhub.gr\/es\/?s={search_term_string}"},"query-input":{"@type":"PropertyValueSpecification","valueRequired":true,"valueName":"search_term_string"}}],"inLanguage":"es"},{"@type":"Organization","@id":"https:\/\/carhub.gr\/es\/#organization","name":"Carhub","url":"https:\/\/carhub.gr\/es\/","logo":{"@type":"ImageObject","inLanguage":"es","@id":"https:\/\/carhub.gr\/es\/#\/schema\/logo\/image\/","url":"https:\/\/carhub.gr\/wp-content\/uploads\/2025\/12\/logo-carhub-1.png","contentUrl":"https:\/\/carhub.gr\/wp-content\/uploads\/2025\/12\/logo-carhub-1.png","width":182,"height":53,"caption":"Carhub"},"image":{"@id":"https:\/\/carhub.gr\/es\/#\/schema\/logo\/image\/"},"sameAs":["https:\/\/www.facebook.com\/carhub.gr\/"]}]}},"_links":{"self":[{"href":"https:\/\/carhub.gr\/es\/wp-json\/wp\/v2\/pages\/2975","targetHints":{"allow":["GET"]}}],"collection":[{"href":"https:\/\/carhub.gr\/es\/wp-json\/wp\/v2\/pages"}],"about":[{"href":"https:\/\/carhub.gr\/es\/wp-json\/wp\/v2\/types\/page"}],"author":[{"embeddable":true,"href":"https:\/\/carhub.gr\/es\/wp-json\/wp\/v2\/users\/2"}],"replies":[{"embeddable":true,"href":"https:\/\/carhub.gr\/es\/wp-json\/wp\/v2\/comments?post=2975"}],"version-history":[{"count":1,"href":"https:\/\/carhub.gr\/es\/wp-json\/wp\/v2\/pages\/2975\/revisions"}],"predecessor-version":[{"id":2978,"href":"https:\/\/carhub.gr\/es\/wp-json\/wp\/v2\/pages\/2975\/revisions\/2978"}],"wp:attachment":[{"href":"https:\/\/carhub.gr\/es\/wp-json\/wp\/v2\/media?parent=2975"}],"curies":[{"name":"wp","href":"https:\/\/api.w.org\/{rel}","templated":true}]}}