{"id":2950,"date":"2026-01-09T13:10:19","date_gmt":"2026-01-09T11:10:19","guid":{"rendered":"https:\/\/carhub.gr\/kamari-santorini-car-rental\/"},"modified":"2026-01-09T13:36:23","modified_gmt":"2026-01-09T11:36:23","slug":"alquiler-de-coches-en-kamari-santorini","status":"publish","type":"page","link":"https:\/\/carhub.gr\/es\/alquiler-de-coches-en-kamari-santorini\/","title":{"rendered":"Alquiler de Coches en Kamari Santorini"},"content":{"rendered":"<div class=\"wpb-content-wrapper\">[vc_row][vc_column][vc_column_text css=\u00bb\u00bb]\n<h1 class=\"western\" style=\"text-align: center;\">Alquiler de Coches en Kamari Santorini<\/h1>\n<figure id=\"attachment_2939\" aria-describedby=\"caption-attachment-2939\" style=\"width: 249px\" class=\"wp-caption aligncenter\"><img loading=\"lazy\" decoding=\"async\" class=\"wp-image-2939 size-full\" src=\"https:\/\/carhub.gr\/wp-content\/uploads\/2026\/01\/27045091_10156378774420649_673530811_n-249x300-1.jpg\" alt=\"Alquiler de Coches en Kamari Santorini\" width=\"249\" height=\"300\" \/><figcaption id=\"caption-attachment-2939\" class=\"wp-caption-text\">(Alquiler de Coches en Kamari Santorini)<\/figcaption><\/figure>\n<p style=\"text-align: center;\"><span style=\"color: #000000;\"><span style=\"font-family: Arial, sans-serif;\"><span style=\"font-size: small;\">En primer lugar, <a href=\"https:\/\/www.santorini-view.com\/kamari\/\" target=\"_blank\" rel=\"noopener noreferrer\">Kamari<\/a> es un pueblo costero situado en la costa sureste de Santorini, al pie norte del monte Mesa Vouno, a pocos kil\u00f3metros de la capital. Puede acceder f\u00e1cilmente alquilando un coche en <a href=\"http:\/\/carhub.gr\/\">Carhub<\/a>. Su nombre proviene de un peque\u00f1o arco, que formaba parte de un antiguo santuario dedicado a Poseid\u00f3n, ubicado en el extremo sur de la playa.<\/span><\/span><\/span><span style=\"font-family: Arial, sans-serif;\"><span style=\"font-size: small;\"><span style=\"color: #000000;\">El pueblo cuenta con infraestructuras modernas y una gran variedad de servicios, adem\u00e1s de albergar el aeropuerto de Santorini. Hay un largo paseo mar\u00edtimo ideal para dar un agradable paseo, repleto de tiendas, restaurantes, tabernas y cafeter\u00edas donde podr\u00e1 relajarse y disfrutar de la brisa marina. Tambi\u00e9n tendr\u00e1 la oportunidad de escuchar m\u00fasica griega tradicional en directo. Adem\u00e1s, los \u00fanicos cines de la isla se encuentran en Kamari, uno de ellos un encantador cine al aire libre rodeado de \u00e1rboles.<\/span> <\/span><\/span><\/p>\n<h2 style=\"text-align: center;\">Alquiler de Coches en Kamari Santorini<\/h2>\n<p style=\"text-align: center;\"><span style=\"color: #000000;\"><span style=\"font-family: Arial, sans-serif;\"><span style=\"font-size: small;\">Alquilar un coche en Santorini, en comparaci\u00f3n con otros medios de transporte, es bastante econ\u00f3mico y hace que cada d\u00eda sea \u00fanico. Podemos entregar el <strong><b>coche de alquiler<\/b><\/strong> de su elecci\u00f3n \u2014 <strong><b>autom\u00e1tico<\/b><\/strong>, descapotable, <strong><b>econ\u00f3mico<\/b><\/strong> o de lujo \u2014 en cualquier hotel de la playa de Kamari, sin ning\u00fan coste adicional. Finalmente, solo tiene que llamarnos o reservar su coche de alquiler en l\u00ednea y nos encontraremos con usted en la recepci\u00f3n de su hotel. Podr\u00e1 devolver el coche en el mismo lugar o en cualquier otro sitio que prefiera.<\/span><\/span><\/span><\/p>\n[\/vc_column_text][\/vc_column][\/vc_row]\n<\/div>","protected":false},"excerpt":{"rendered":"<p>[vc_row][vc_column][vc_column_text css=\u00bb\u00bb] Alquiler de Coches en Kamari Santorini En primer lugar, Kamari es un pueblo costero situado en la costa sureste de Santorini, al pie norte del monte Mesa Vouno, a pocos kil\u00f3metros de la capital. Puede acceder f\u00e1cilmente alquilando un coche en Carhub. Su nombre proviene de un peque\u00f1o arco, que formaba parte de&hellip;<\/p>\n","protected":false},"author":2,"featured_media":0,"parent":0,"menu_order":0,"comment_status":"closed","ping_status":"closed","template":"templates\/no-sidebar.php","meta":{"footnotes":""},"class_list":["post-2950","page","type-page","status-publish","hentry","entry","no-media"],"yoast_head":"<!-- This site is optimized with the Yoast SEO plugin v27.2 - https:\/\/yoast.com\/product\/yoast-seo-wordpress\/ -->\n<title>Alquiler de Coches en Kamari Santorini - Carhub<\/title>\n<meta name=\"robots\" content=\"index, follow, max-snippet:-1, max-image-preview:large, max-video-preview:-1\" \/>\n<link rel=\"canonical\" href=\"https:\/\/carhub.gr\/es\/alquiler-de-coches-en-kamari-santorini\/\" \/>\n<meta property=\"og:locale\" content=\"es_ES\" \/>\n<meta property=\"og:type\" content=\"article\" \/>\n<meta property=\"og:title\" content=\"Alquiler de Coches en Kamari Santorini - Carhub\" \/>\n<meta property=\"og:description\" content=\"[vc_row][vc_column][vc_column_text css=\u00bb\u00bb] Alquiler de Coches en Kamari Santorini En primer lugar, Kamari es un pueblo costero situado en la costa sureste de Santorini, al pie norte del monte Mesa Vouno, a pocos kil\u00f3metros de la capital. Puede acceder f\u00e1cilmente alquilando un coche en Carhub. Su nombre proviene de un peque\u00f1o arco, que formaba parte de&hellip;\" \/>\n<meta property=\"og:url\" content=\"https:\/\/carhub.gr\/es\/alquiler-de-coches-en-kamari-santorini\/\" \/>\n<meta property=\"og:site_name\" content=\"Carhub\" \/>\n<meta property=\"article:publisher\" content=\"https:\/\/www.facebook.com\/carhub.gr\/\" \/>\n<meta property=\"article:modified_time\" content=\"2026-01-09T11:36:23+00:00\" \/>\n<meta property=\"og:image\" content=\"https:\/\/carhub.gr\/wp-content\/uploads\/2026\/01\/27045091_10156378774420649_673530811_n-249x300-1.jpg\" \/>\n\t<meta property=\"og:image:width\" content=\"249\" \/>\n\t<meta property=\"og:image:height\" content=\"300\" \/>\n\t<meta property=\"og:image:type\" content=\"image\/jpeg\" \/>\n<meta name=\"twitter:card\" content=\"summary_large_image\" \/>\n<meta name=\"twitter:label1\" content=\"Tiempo de lectura\" \/>\n\t<meta name=\"twitter:data1\" content=\"2 minutos\" \/>\n<script type=\"application\/ld+json\" class=\"yoast-schema-graph\">{\"@context\":\"https:\/\/schema.org\",\"@graph\":[{\"@type\":\"WebPage\",\"@id\":\"https:\/\/carhub.gr\/es\/alquiler-de-coches-en-kamari-santorini\/\",\"url\":\"https:\/\/carhub.gr\/es\/alquiler-de-coches-en-kamari-santorini\/\",\"name\":\"Alquiler de Coches en Kamari Santorini - Carhub\",\"isPartOf\":{\"@id\":\"https:\/\/carhub.gr\/es\/#website\"},\"primaryImageOfPage\":{\"@id\":\"https:\/\/carhub.gr\/es\/alquiler-de-coches-en-kamari-santorini\/#primaryimage\"},\"image\":{\"@id\":\"https:\/\/carhub.gr\/es\/alquiler-de-coches-en-kamari-santorini\/#primaryimage\"},\"thumbnailUrl\":\"https:\/\/carhub.gr\/wp-content\/uploads\/2026\/01\/27045091_10156378774420649_673530811_n-249x300-1.jpg\",\"datePublished\":\"2026-01-09T11:10:19+00:00\",\"dateModified\":\"2026-01-09T11:36:23+00:00\",\"breadcrumb\":{\"@id\":\"https:\/\/carhub.gr\/es\/alquiler-de-coches-en-kamari-santorini\/#breadcrumb\"},\"inLanguage\":\"es\",\"potentialAction\":[{\"@type\":\"ReadAction\",\"target\":[\"https:\/\/carhub.gr\/es\/alquiler-de-coches-en-kamari-santorini\/\"]}]},{\"@type\":\"ImageObject\",\"inLanguage\":\"es\",\"@id\":\"https:\/\/carhub.gr\/es\/alquiler-de-coches-en-kamari-santorini\/#primaryimage\",\"url\":\"https:\/\/carhub.gr\/wp-content\/uploads\/2026\/01\/27045091_10156378774420649_673530811_n-249x300-1.jpg\",\"contentUrl\":\"https:\/\/carhub.gr\/wp-content\/uploads\/2026\/01\/27045091_10156378774420649_673530811_n-249x300-1.jpg\"},{\"@type\":\"BreadcrumbList\",\"@id\":\"https:\/\/carhub.gr\/es\/alquiler-de-coches-en-kamari-santorini\/#breadcrumb\",\"itemListElement\":[{\"@type\":\"ListItem\",\"position\":1,\"name\":\"Home\",\"item\":\"https:\/\/carhub.gr\/es\/\"},{\"@type\":\"ListItem\",\"position\":2,\"name\":\"Alquiler de Coches en Kamari Santorini\"}]},{\"@type\":\"WebSite\",\"@id\":\"https:\/\/carhub.gr\/es\/#website\",\"url\":\"https:\/\/carhub.gr\/es\/\",\"name\":\"Carhub\",\"description\":\"Rent a car Santorini - Santorini Car Hire\",\"publisher\":{\"@id\":\"https:\/\/carhub.gr\/es\/#organization\"},\"alternateName\":\"RENT A CAR SANTORINI - SANTORINI CAR RENTAL\",\"potentialAction\":[{\"@type\":\"SearchAction\",\"target\":{\"@type\":\"EntryPoint\",\"urlTemplate\":\"https:\/\/carhub.gr\/es\/?s={search_term_string}\"},\"query-input\":{\"@type\":\"PropertyValueSpecification\",\"valueRequired\":true,\"valueName\":\"search_term_string\"}}],\"inLanguage\":\"es\"},{\"@type\":\"Organization\",\"@id\":\"https:\/\/carhub.gr\/es\/#organization\",\"name\":\"Carhub\",\"url\":\"https:\/\/carhub.gr\/es\/\",\"logo\":{\"@type\":\"ImageObject\",\"inLanguage\":\"es\",\"@id\":\"https:\/\/carhub.gr\/es\/#\/schema\/logo\/image\/\",\"url\":\"https:\/\/carhub.gr\/wp-content\/uploads\/2025\/12\/logo-carhub-1.png\",\"contentUrl\":\"https:\/\/carhub.gr\/wp-content\/uploads\/2025\/12\/logo-carhub-1.png\",\"width\":182,\"height\":53,\"caption\":\"Carhub\"},\"image\":{\"@id\":\"https:\/\/carhub.gr\/es\/#\/schema\/logo\/image\/\"},\"sameAs\":[\"https:\/\/www.facebook.com\/carhub.gr\/\"]}]}<\/script>\n<!-- \/ Yoast SEO plugin. -->","yoast_head_json":{"title":"Alquiler de Coches en Kamari Santorini - Carhub","robots":{"index":"index","follow":"follow","max-snippet":"max-snippet:-1","max-image-preview":"max-image-preview:large","max-video-preview":"max-video-preview:-1"},"canonical":"https:\/\/carhub.gr\/es\/alquiler-de-coches-en-kamari-santorini\/","og_locale":"es_ES","og_type":"article","og_title":"Alquiler de Coches en Kamari Santorini - Carhub","og_description":"[vc_row][vc_column][vc_column_text css=\u00bb\u00bb] Alquiler de Coches en Kamari Santorini En primer lugar, Kamari es un pueblo costero situado en la costa sureste de Santorini, al pie norte del monte Mesa Vouno, a pocos kil\u00f3metros de la capital. Puede acceder f\u00e1cilmente alquilando un coche en Carhub. Su nombre proviene de un peque\u00f1o arco, que formaba parte de&hellip;","og_url":"https:\/\/carhub.gr\/es\/alquiler-de-coches-en-kamari-santorini\/","og_site_name":"Carhub","article_publisher":"https:\/\/www.facebook.com\/carhub.gr\/","article_modified_time":"2026-01-09T11:36:23+00:00","og_image":[{"width":249,"height":300,"url":"https:\/\/carhub.gr\/wp-content\/uploads\/2026\/01\/27045091_10156378774420649_673530811_n-249x300-1.jpg","type":"image\/jpeg"}],"twitter_card":"summary_large_image","twitter_misc":{"Tiempo de lectura":"2 minutos"},"schema":{"@context":"https:\/\/schema.org","@graph":[{"@type":"WebPage","@id":"https:\/\/carhub.gr\/es\/alquiler-de-coches-en-kamari-santorini\/","url":"https:\/\/carhub.gr\/es\/alquiler-de-coches-en-kamari-santorini\/","name":"Alquiler de Coches en Kamari Santorini - Carhub","isPartOf":{"@id":"https:\/\/carhub.gr\/es\/#website"},"primaryImageOfPage":{"@id":"https:\/\/carhub.gr\/es\/alquiler-de-coches-en-kamari-santorini\/#primaryimage"},"image":{"@id":"https:\/\/carhub.gr\/es\/alquiler-de-coches-en-kamari-santorini\/#primaryimage"},"thumbnailUrl":"https:\/\/carhub.gr\/wp-content\/uploads\/2026\/01\/27045091_10156378774420649_673530811_n-249x300-1.jpg","datePublished":"2026-01-09T11:10:19+00:00","dateModified":"2026-01-09T11:36:23+00:00","breadcrumb":{"@id":"https:\/\/carhub.gr\/es\/alquiler-de-coches-en-kamari-santorini\/#breadcrumb"},"inLanguage":"es","potentialAction":[{"@type":"ReadAction","target":["https:\/\/carhub.gr\/es\/alquiler-de-coches-en-kamari-santorini\/"]}]},{"@type":"ImageObject","inLanguage":"es","@id":"https:\/\/carhub.gr\/es\/alquiler-de-coches-en-kamari-santorini\/#primaryimage","url":"https:\/\/carhub.gr\/wp-content\/uploads\/2026\/01\/27045091_10156378774420649_673530811_n-249x300-1.jpg","contentUrl":"https:\/\/carhub.gr\/wp-content\/uploads\/2026\/01\/27045091_10156378774420649_673530811_n-249x300-1.jpg"},{"@type":"BreadcrumbList","@id":"https:\/\/carhub.gr\/es\/alquiler-de-coches-en-kamari-santorini\/#breadcrumb","itemListElement":[{"@type":"ListItem","position":1,"name":"Home","item":"https:\/\/carhub.gr\/es\/"},{"@type":"ListItem","position":2,"name":"Alquiler de Coches en Kamari Santorini"}]},{"@type":"WebSite","@id":"https:\/\/carhub.gr\/es\/#website","url":"https:\/\/carhub.gr\/es\/","name":"Carhub","description":"Rent a car Santorini - Santorini Car Hire","publisher":{"@id":"https:\/\/carhub.gr\/es\/#organization"},"alternateName":"RENT A CAR SANTORINI - SANTORINI CAR RENTAL","potentialAction":[{"@type":"SearchAction","target":{"@type":"EntryPoint","urlTemplate":"https:\/\/carhub.gr\/es\/?s={search_term_string}"},"query-input":{"@type":"PropertyValueSpecification","valueRequired":true,"valueName":"search_term_string"}}],"inLanguage":"es"},{"@type":"Organization","@id":"https:\/\/carhub.gr\/es\/#organization","name":"Carhub","url":"https:\/\/carhub.gr\/es\/","logo":{"@type":"ImageObject","inLanguage":"es","@id":"https:\/\/carhub.gr\/es\/#\/schema\/logo\/image\/","url":"https:\/\/carhub.gr\/wp-content\/uploads\/2025\/12\/logo-carhub-1.png","contentUrl":"https:\/\/carhub.gr\/wp-content\/uploads\/2025\/12\/logo-carhub-1.png","width":182,"height":53,"caption":"Carhub"},"image":{"@id":"https:\/\/carhub.gr\/es\/#\/schema\/logo\/image\/"},"sameAs":["https:\/\/www.facebook.com\/carhub.gr\/"]}]}},"_links":{"self":[{"href":"https:\/\/carhub.gr\/es\/wp-json\/wp\/v2\/pages\/2950","targetHints":{"allow":["GET"]}}],"collection":[{"href":"https:\/\/carhub.gr\/es\/wp-json\/wp\/v2\/pages"}],"about":[{"href":"https:\/\/carhub.gr\/es\/wp-json\/wp\/v2\/types\/page"}],"author":[{"embeddable":true,"href":"https:\/\/carhub.gr\/es\/wp-json\/wp\/v2\/users\/2"}],"replies":[{"embeddable":true,"href":"https:\/\/carhub.gr\/es\/wp-json\/wp\/v2\/comments?post=2950"}],"version-history":[{"count":2,"href":"https:\/\/carhub.gr\/es\/wp-json\/wp\/v2\/pages\/2950\/revisions"}],"predecessor-version":[{"id":2958,"href":"https:\/\/carhub.gr\/es\/wp-json\/wp\/v2\/pages\/2950\/revisions\/2958"}],"wp:attachment":[{"href":"https:\/\/carhub.gr\/es\/wp-json\/wp\/v2\/media?parent=2950"}],"curies":[{"name":"wp","href":"https:\/\/api.w.org\/{rel}","templated":true}]}}