{"id":2930,"date":"2026-01-09T13:01:17","date_gmt":"2026-01-09T11:01:17","guid":{"rendered":"https:\/\/carhub.gr\/rental-cars-oia-santorini\/"},"modified":"2026-01-09T13:04:49","modified_gmt":"2026-01-09T11:04:49","slug":"alquiler-de-coches-en-oia-santorini","status":"publish","type":"page","link":"https:\/\/carhub.gr\/es\/alquiler-de-coches-en-oia-santorini\/","title":{"rendered":"Alquiler de Coches en Oia Santorini"},"content":{"rendered":"<div class=\"wpb-content-wrapper\">[vc_row][vc_column][vc_column_text css=\u00bb\u00bb]\n<h1 class=\"western\" style=\"text-align: center;\">Alquiler de Coches en Oia Santorini<\/h1>\n<figure id=\"attachment_2919\" aria-describedby=\"caption-attachment-2919\" style=\"width: 244px\" class=\"wp-caption aligncenter\"><a href=\"https:\/\/www.tripadvisor.com\/Tourism-g482941-Oia_Santorini_Cyclades_South_Aegean-Vacations.html\" target=\"_blank\" rel=\"noopener noreferrer\"><img loading=\"lazy\" decoding=\"async\" class=\"wp-image-2919 size-full\" src=\"https:\/\/carhub.gr\/wp-content\/uploads\/2026\/01\/30740029_10156651300655649_3487170955069882368_n-244x300-1.jpg\" alt=\"\" width=\"244\" height=\"300\" \/><\/a><figcaption id=\"caption-attachment-2919\" class=\"wp-caption-text\">Alquiler de Coches en Oia Santorini<\/figcaption><\/figure>\n<p style=\"text-align: center;\"><span style=\"color: #000000;\"><span style=\"font-family: Arial, sans-serif;\"><span style=\"font-size: small;\"><a href=\"https:\/\/www.tripadvisor.com\/Tourism-g482941-Oia_Santorini_Cyclades_South_Aegean-Vacations.html\" target=\"_blank\" rel=\"noopener noreferrer\">Oia<\/a>, pronunciado Ia, es el pueblo m\u00e1s famoso de Santorini. Conocido en todo el mundo por su vida tranquila y sus impresionantes puestas de sol, es sin duda el pueblo m\u00e1s bonito y pintoresco de la isla. El pueblo est\u00e1 situado en lo alto de un impresionante acantilado y ofrece una vista espectacular del volc\u00e1n de Palea y Nea Kameni y de la isla de Thirassia. Oia se encuentra en el norte de la isla, a 11 km de Fira. Es un pueblo tradicional con encantadoras casas en calles estrechas, iglesias con c\u00fapulas azules y terrazas ba\u00f1adas por el sol. Sus calles cuentan con numerosas tiendas tur\u00edsticas, tabernas, caf\u00e9s y otros comercios.<\/span><\/span><\/span><\/p>\n<p style=\"text-align: center;\"><span style=\"color: #000000;\"><span style=\"font-family: Arial, sans-serif;\"><span style=\"font-size: small;\"> Oia es mucho m\u00e1s tranquila que Fira y la zona m\u00e1s concurrida es la calle peatonal principal que recorre el pueblo a lo largo. A la entrada del pueblo hay un aparcamiento donde los visitantes pueden dejar su veh\u00edculo y disfrutar de largos paseos por los senderos pintorescos. El volc\u00e1n desde aqu\u00ed es mucho menos imponente, pero aun as\u00ed se pueden disfrutar de vistas realmente magn\u00edficas. <\/span><\/span><\/span><span style=\"color: #000000;\"><span style=\"font-family: Arial, sans-serif;\"><span style=\"font-size: small;\"><span style=\"font-family: Arial, Helvetica, sans-serif;\">Oia tambi\u00e9n cuenta con un peque\u00f1o puerto, Ammoudi, al que se accede bajando unas 300 escaleras. Desde all\u00ed, peque\u00f1as embarcaciones pueden llevarle a la isla de Thirassia. La playa de Armenis tambi\u00e9n se encuentra en esta zona. Las tabernas de Oia ofrecen a los visitantes deliciosos platos de pescado fresco. <\/span><\/span><\/span><\/span><\/p>\n<h3 style=\"text-align: center;\">Alquiler de coches en Santorini en Oia \u2013 Alquilar un coche en Santorini \u2013 Alquiler de coches en puerto y aeropuerto<\/h3>\n<p style=\"text-align: center;\"><span style=\"color: #000000;\"><span style=\"font-family: Arial, sans-serif;\"><span style=\"font-size: small;\">Podemos entregar su <strong><b><a href=\"http:\/\/carhub.gr\/\">coche de alquiler en Santorini<\/a> en Oia<\/b><\/strong>, si su hotel se encuentra en la zona. Los taxis a Oia son bastante caros y los autobuses suelen estar llenos, por lo que recomendamos encarecidamente, si ha decidido <strong><b>alquilar un coche<\/b><\/strong> durante su estancia <strong><b>en Santorini<\/b><\/strong>, que lo recoja y lo devuelva en el puerto o en el aeropuerto para ahorrar en los costes de traslado. Por \u00faltimo, p\u00f3ngase en contacto con nosotros para obtener m\u00e1s informaci\u00f3n sobre la entrega o devoluci\u00f3n de su <em>coche de alquiler en Santorini<\/em> en <em>Oia<\/em>.<\/span><\/span><\/span><\/p>\n[\/vc_column_text][\/vc_column][\/vc_row]\n<\/div>","protected":false},"excerpt":{"rendered":"<p>[vc_row][vc_column][vc_column_text css=\u00bb\u00bb] Alquiler de Coches en Oia Santorini Oia, pronunciado Ia, es el pueblo m\u00e1s famoso de Santorini. Conocido en todo el mundo por su vida tranquila y sus impresionantes puestas de sol, es sin duda el pueblo m\u00e1s bonito y pintoresco de la isla. El pueblo est\u00e1 situado en lo alto de un impresionante&hellip;<\/p>\n","protected":false},"author":2,"featured_media":0,"parent":0,"menu_order":0,"comment_status":"closed","ping_status":"closed","template":"templates\/no-sidebar.php","meta":{"footnotes":""},"class_list":["post-2930","page","type-page","status-publish","hentry","entry","no-media"],"yoast_head":"<!-- This site is optimized with the Yoast SEO plugin v27.2 - https:\/\/yoast.com\/product\/yoast-seo-wordpress\/ -->\n<title>Alquiler de Coches en Oia Santorini - Carhub<\/title>\n<meta name=\"robots\" content=\"index, follow, max-snippet:-1, max-image-preview:large, max-video-preview:-1\" \/>\n<link rel=\"canonical\" href=\"https:\/\/carhub.gr\/es\/alquiler-de-coches-en-oia-santorini\/\" \/>\n<meta property=\"og:locale\" content=\"es_ES\" \/>\n<meta property=\"og:type\" content=\"article\" \/>\n<meta property=\"og:title\" content=\"Alquiler de Coches en Oia Santorini - Carhub\" \/>\n<meta property=\"og:description\" content=\"[vc_row][vc_column][vc_column_text css=\u00bb\u00bb] Alquiler de Coches en Oia Santorini Oia, pronunciado Ia, es el pueblo m\u00e1s famoso de Santorini. Conocido en todo el mundo por su vida tranquila y sus impresionantes puestas de sol, es sin duda el pueblo m\u00e1s bonito y pintoresco de la isla. El pueblo est\u00e1 situado en lo alto de un impresionante&hellip;\" \/>\n<meta property=\"og:url\" content=\"https:\/\/carhub.gr\/es\/alquiler-de-coches-en-oia-santorini\/\" \/>\n<meta property=\"og:site_name\" content=\"Carhub\" \/>\n<meta property=\"article:publisher\" content=\"https:\/\/www.facebook.com\/carhub.gr\/\" \/>\n<meta property=\"article:modified_time\" content=\"2026-01-09T11:04:49+00:00\" \/>\n<meta property=\"og:image\" content=\"https:\/\/carhub.gr\/wp-content\/uploads\/2026\/01\/30740029_10156651300655649_3487170955069882368_n-244x300-1.jpg\" \/>\n\t<meta property=\"og:image:width\" content=\"244\" \/>\n\t<meta property=\"og:image:height\" content=\"300\" \/>\n\t<meta property=\"og:image:type\" content=\"image\/jpeg\" \/>\n<meta name=\"twitter:card\" content=\"summary_large_image\" \/>\n<meta name=\"twitter:label1\" content=\"Tiempo de lectura\" \/>\n\t<meta name=\"twitter:data1\" content=\"2 minutos\" \/>\n<script type=\"application\/ld+json\" class=\"yoast-schema-graph\">{\"@context\":\"https:\/\/schema.org\",\"@graph\":[{\"@type\":\"WebPage\",\"@id\":\"https:\/\/carhub.gr\/es\/alquiler-de-coches-en-oia-santorini\/\",\"url\":\"https:\/\/carhub.gr\/es\/alquiler-de-coches-en-oia-santorini\/\",\"name\":\"Alquiler de Coches en Oia Santorini - Carhub\",\"isPartOf\":{\"@id\":\"https:\/\/carhub.gr\/es\/#website\"},\"primaryImageOfPage\":{\"@id\":\"https:\/\/carhub.gr\/es\/alquiler-de-coches-en-oia-santorini\/#primaryimage\"},\"image\":{\"@id\":\"https:\/\/carhub.gr\/es\/alquiler-de-coches-en-oia-santorini\/#primaryimage\"},\"thumbnailUrl\":\"https:\/\/carhub.gr\/wp-content\/uploads\/2026\/01\/30740029_10156651300655649_3487170955069882368_n-244x300-1.jpg\",\"datePublished\":\"2026-01-09T11:01:17+00:00\",\"dateModified\":\"2026-01-09T11:04:49+00:00\",\"breadcrumb\":{\"@id\":\"https:\/\/carhub.gr\/es\/alquiler-de-coches-en-oia-santorini\/#breadcrumb\"},\"inLanguage\":\"es\",\"potentialAction\":[{\"@type\":\"ReadAction\",\"target\":[\"https:\/\/carhub.gr\/es\/alquiler-de-coches-en-oia-santorini\/\"]}]},{\"@type\":\"ImageObject\",\"inLanguage\":\"es\",\"@id\":\"https:\/\/carhub.gr\/es\/alquiler-de-coches-en-oia-santorini\/#primaryimage\",\"url\":\"https:\/\/carhub.gr\/wp-content\/uploads\/2026\/01\/30740029_10156651300655649_3487170955069882368_n-244x300-1.jpg\",\"contentUrl\":\"https:\/\/carhub.gr\/wp-content\/uploads\/2026\/01\/30740029_10156651300655649_3487170955069882368_n-244x300-1.jpg\"},{\"@type\":\"BreadcrumbList\",\"@id\":\"https:\/\/carhub.gr\/es\/alquiler-de-coches-en-oia-santorini\/#breadcrumb\",\"itemListElement\":[{\"@type\":\"ListItem\",\"position\":1,\"name\":\"Home\",\"item\":\"https:\/\/carhub.gr\/es\/\"},{\"@type\":\"ListItem\",\"position\":2,\"name\":\"Alquiler de Coches en Oia Santorini\"}]},{\"@type\":\"WebSite\",\"@id\":\"https:\/\/carhub.gr\/es\/#website\",\"url\":\"https:\/\/carhub.gr\/es\/\",\"name\":\"Carhub\",\"description\":\"Rent a car Santorini - Santorini Car Hire\",\"publisher\":{\"@id\":\"https:\/\/carhub.gr\/es\/#organization\"},\"alternateName\":\"RENT A CAR SANTORINI - SANTORINI CAR RENTAL\",\"potentialAction\":[{\"@type\":\"SearchAction\",\"target\":{\"@type\":\"EntryPoint\",\"urlTemplate\":\"https:\/\/carhub.gr\/es\/?s={search_term_string}\"},\"query-input\":{\"@type\":\"PropertyValueSpecification\",\"valueRequired\":true,\"valueName\":\"search_term_string\"}}],\"inLanguage\":\"es\"},{\"@type\":\"Organization\",\"@id\":\"https:\/\/carhub.gr\/es\/#organization\",\"name\":\"Carhub\",\"url\":\"https:\/\/carhub.gr\/es\/\",\"logo\":{\"@type\":\"ImageObject\",\"inLanguage\":\"es\",\"@id\":\"https:\/\/carhub.gr\/es\/#\/schema\/logo\/image\/\",\"url\":\"https:\/\/carhub.gr\/wp-content\/uploads\/2025\/12\/logo-carhub-1.png\",\"contentUrl\":\"https:\/\/carhub.gr\/wp-content\/uploads\/2025\/12\/logo-carhub-1.png\",\"width\":182,\"height\":53,\"caption\":\"Carhub\"},\"image\":{\"@id\":\"https:\/\/carhub.gr\/es\/#\/schema\/logo\/image\/\"},\"sameAs\":[\"https:\/\/www.facebook.com\/carhub.gr\/\"]}]}<\/script>\n<!-- \/ Yoast SEO plugin. -->","yoast_head_json":{"title":"Alquiler de Coches en Oia Santorini - Carhub","robots":{"index":"index","follow":"follow","max-snippet":"max-snippet:-1","max-image-preview":"max-image-preview:large","max-video-preview":"max-video-preview:-1"},"canonical":"https:\/\/carhub.gr\/es\/alquiler-de-coches-en-oia-santorini\/","og_locale":"es_ES","og_type":"article","og_title":"Alquiler de Coches en Oia Santorini - Carhub","og_description":"[vc_row][vc_column][vc_column_text css=\u00bb\u00bb] Alquiler de Coches en Oia Santorini Oia, pronunciado Ia, es el pueblo m\u00e1s famoso de Santorini. Conocido en todo el mundo por su vida tranquila y sus impresionantes puestas de sol, es sin duda el pueblo m\u00e1s bonito y pintoresco de la isla. El pueblo est\u00e1 situado en lo alto de un impresionante&hellip;","og_url":"https:\/\/carhub.gr\/es\/alquiler-de-coches-en-oia-santorini\/","og_site_name":"Carhub","article_publisher":"https:\/\/www.facebook.com\/carhub.gr\/","article_modified_time":"2026-01-09T11:04:49+00:00","og_image":[{"width":244,"height":300,"url":"https:\/\/carhub.gr\/wp-content\/uploads\/2026\/01\/30740029_10156651300655649_3487170955069882368_n-244x300-1.jpg","type":"image\/jpeg"}],"twitter_card":"summary_large_image","twitter_misc":{"Tiempo de lectura":"2 minutos"},"schema":{"@context":"https:\/\/schema.org","@graph":[{"@type":"WebPage","@id":"https:\/\/carhub.gr\/es\/alquiler-de-coches-en-oia-santorini\/","url":"https:\/\/carhub.gr\/es\/alquiler-de-coches-en-oia-santorini\/","name":"Alquiler de Coches en Oia Santorini - Carhub","isPartOf":{"@id":"https:\/\/carhub.gr\/es\/#website"},"primaryImageOfPage":{"@id":"https:\/\/carhub.gr\/es\/alquiler-de-coches-en-oia-santorini\/#primaryimage"},"image":{"@id":"https:\/\/carhub.gr\/es\/alquiler-de-coches-en-oia-santorini\/#primaryimage"},"thumbnailUrl":"https:\/\/carhub.gr\/wp-content\/uploads\/2026\/01\/30740029_10156651300655649_3487170955069882368_n-244x300-1.jpg","datePublished":"2026-01-09T11:01:17+00:00","dateModified":"2026-01-09T11:04:49+00:00","breadcrumb":{"@id":"https:\/\/carhub.gr\/es\/alquiler-de-coches-en-oia-santorini\/#breadcrumb"},"inLanguage":"es","potentialAction":[{"@type":"ReadAction","target":["https:\/\/carhub.gr\/es\/alquiler-de-coches-en-oia-santorini\/"]}]},{"@type":"ImageObject","inLanguage":"es","@id":"https:\/\/carhub.gr\/es\/alquiler-de-coches-en-oia-santorini\/#primaryimage","url":"https:\/\/carhub.gr\/wp-content\/uploads\/2026\/01\/30740029_10156651300655649_3487170955069882368_n-244x300-1.jpg","contentUrl":"https:\/\/carhub.gr\/wp-content\/uploads\/2026\/01\/30740029_10156651300655649_3487170955069882368_n-244x300-1.jpg"},{"@type":"BreadcrumbList","@id":"https:\/\/carhub.gr\/es\/alquiler-de-coches-en-oia-santorini\/#breadcrumb","itemListElement":[{"@type":"ListItem","position":1,"name":"Home","item":"https:\/\/carhub.gr\/es\/"},{"@type":"ListItem","position":2,"name":"Alquiler de Coches en Oia Santorini"}]},{"@type":"WebSite","@id":"https:\/\/carhub.gr\/es\/#website","url":"https:\/\/carhub.gr\/es\/","name":"Carhub","description":"Rent a car Santorini - Santorini Car Hire","publisher":{"@id":"https:\/\/carhub.gr\/es\/#organization"},"alternateName":"RENT A CAR SANTORINI - SANTORINI CAR RENTAL","potentialAction":[{"@type":"SearchAction","target":{"@type":"EntryPoint","urlTemplate":"https:\/\/carhub.gr\/es\/?s={search_term_string}"},"query-input":{"@type":"PropertyValueSpecification","valueRequired":true,"valueName":"search_term_string"}}],"inLanguage":"es"},{"@type":"Organization","@id":"https:\/\/carhub.gr\/es\/#organization","name":"Carhub","url":"https:\/\/carhub.gr\/es\/","logo":{"@type":"ImageObject","inLanguage":"es","@id":"https:\/\/carhub.gr\/es\/#\/schema\/logo\/image\/","url":"https:\/\/carhub.gr\/wp-content\/uploads\/2025\/12\/logo-carhub-1.png","contentUrl":"https:\/\/carhub.gr\/wp-content\/uploads\/2025\/12\/logo-carhub-1.png","width":182,"height":53,"caption":"Carhub"},"image":{"@id":"https:\/\/carhub.gr\/es\/#\/schema\/logo\/image\/"},"sameAs":["https:\/\/www.facebook.com\/carhub.gr\/"]}]}},"_links":{"self":[{"href":"https:\/\/carhub.gr\/es\/wp-json\/wp\/v2\/pages\/2930","targetHints":{"allow":["GET"]}}],"collection":[{"href":"https:\/\/carhub.gr\/es\/wp-json\/wp\/v2\/pages"}],"about":[{"href":"https:\/\/carhub.gr\/es\/wp-json\/wp\/v2\/types\/page"}],"author":[{"embeddable":true,"href":"https:\/\/carhub.gr\/es\/wp-json\/wp\/v2\/users\/2"}],"replies":[{"embeddable":true,"href":"https:\/\/carhub.gr\/es\/wp-json\/wp\/v2\/comments?post=2930"}],"version-history":[{"count":1,"href":"https:\/\/carhub.gr\/es\/wp-json\/wp\/v2\/pages\/2930\/revisions"}],"predecessor-version":[{"id":2933,"href":"https:\/\/carhub.gr\/es\/wp-json\/wp\/v2\/pages\/2930\/revisions\/2933"}],"wp:attachment":[{"href":"https:\/\/carhub.gr\/es\/wp-json\/wp\/v2\/media?parent=2930"}],"curies":[{"name":"wp","href":"https:\/\/api.w.org\/{rel}","templated":true}]}}