{"id":2908,"date":"2026-01-08T22:51:21","date_gmt":"2026-01-08T20:51:21","guid":{"rendered":"https:\/\/carhub.gr\/rental-car-santorini-fira\/"},"modified":"2026-01-08T23:00:39","modified_gmt":"2026-01-08T21:00:39","slug":"alquiler-de-coches-santorini-fira","status":"publish","type":"page","link":"https:\/\/carhub.gr\/es\/alquiler-de-coches-santorini-fira\/","title":{"rendered":"Alquiler de Coches Santorini Fira \u2013 Rent a Car Santorini Fira \u2013 Car Hire Santorini Fira"},"content":{"rendered":"<div class=\"wpb-content-wrapper\">[vc_row][vc_column][vc_column_text css=\u00bb\u00bb]\n<h1 style=\"text-align: center;\">Alquiler de Coches Santorini Fira \u2013 Rent a Car Santorini Fira \u2013 Car Hire Santorini Fira<\/h1>\n<figure id=\"attachment_2898\" aria-describedby=\"caption-attachment-2898\" style=\"width: 300px\" class=\"wp-caption aligncenter\"><img loading=\"lazy\" decoding=\"async\" class=\"wp-image-2898 size-full\" src=\"https:\/\/carhub.gr\/wp-content\/uploads\/2026\/01\/26637940_10156338224780649_1530645417_n-300x300-1.jpg\" alt=\"\" width=\"300\" height=\"300\" srcset=\"https:\/\/carhub.gr\/wp-content\/uploads\/2026\/01\/26637940_10156338224780649_1530645417_n-300x300-1.jpg 300w, https:\/\/carhub.gr\/wp-content\/uploads\/2026\/01\/26637940_10156338224780649_1530645417_n-300x300-1-150x150.jpg 150w\" sizes=\"auto, (max-width: 300px) 100vw, 300px\" \/><figcaption id=\"caption-attachment-2898\" class=\"wp-caption-text\">(Alquiler de Coches Santorini Fira \u2013 Rent a Car Santorini Fira \u2013 Car Hire Santorini)<\/figcaption><\/figure>\n<p style=\"text-align: center;\" align=\"CENTER\"><span style=\"color: #000000;\"><span style=\"font-family: Arial, sans-serif;\"><span style=\"font-size: small;\">En primer lugar,<\/span><\/span><\/span> <a href=\"https:\/\/www.greektravel.com\/greekislands\/santorini\/fira\/index.htm\" target=\"_blank\" rel=\"noopener noreferrer\">Fira<\/a><span style=\"color: #000000;\"><span style=\"font-family: Arial, sans-serif;\"><span style=\"font-size: small;\"> es la hermosa capital de Santorini. Se encuentra en el extremo occidental de la isla. Desde el lado de la caldera se obtiene una de las mejores vistas de la isla. El nivel de actividad es suficiente para mantenerte entretenido durante horas. Hay cafeter\u00edas, bares y restaurantes, todos con vistas, y algunos con varios niveles de terrazas y balcones para aprovechar al m\u00e1ximo el espacio del que disponen y el hecho de que, cuando varios cruceros est\u00e1n anclados debajo, la ciudad se llena de turistas. Simplemente caminar por la calle se vuelve laborioso. Las cafeter\u00edas se llenan de turistas. Cientos de ellos.<\/span><\/span><\/span><\/p>\n<p align=\"CENTER\"><span style=\"color: #000000;\"><span style=\"font-family: Arial, sans-serif;\"><span style=\"font-size: small;\">Miles de ellos. Como en \u201cLeiningen contra las hormigas\u201d, se desatan por la ciudad consumiendo todo lo que encuentran a su paso, deteni\u00e9ndose solo para hacerse fotos con la vista detr\u00e1s de ellos. Pero, sobre todo, los barcos llegan y se van, y cuando se van se llevan a la multitud con ellos, y Fira puede convertirse realmente en un lugar muy agradable.<\/span><\/span><\/span><\/p>\n<h2 align=\"CENTER\">Alquiler de Coches Santorini Fira \u2013 Rent a Car Santorini Fira \u2013 Car Hire Santorini Fira<\/h2>\n<p align=\"CENTER\"><span style=\"color: #000000;\"><span style=\"font-family: Arial, sans-serif;\"><span style=\"font-size: small;\">Adem\u00e1s, desde Fira, para visitar otros pueblos, ser\u00eda una buena idea <\/span><\/span> <strong><span style=\"font-family: Arial, sans-serif;\"><span style=\"font-size: small;\"><b>alquilar un coche<\/b><\/span><\/span><\/strong><span style=\"font-family: Arial, sans-serif;\"><span style=\"font-size: small;\">. Con su <\/span><\/span><strong><span style=\"font-family: Arial, sans-serif;\"><span style=\"font-size: small;\"><b>coche de alquiler en Santorini<\/b><\/span><\/span><\/strong><span style=\"font-family: Arial, sans-serif;\"><span style=\"font-size: small;\">, podr\u00e1 conducir a cualquier lugar y explorar toda la isla. En comparaci\u00f3n con otras soluciones, el <\/span><\/span><strong><span style=\"font-family: Arial, sans-serif;\"><span style=\"font-size: small;\"><b>alquiler de coches en Santorini<\/b><\/span><\/span><\/strong><span style=\"font-family: Arial, sans-serif;\"><span style=\"font-size: small;\"> es bastante econ\u00f3mico, sin mencionar el tiempo que ahorra. Reserve su coche de alquiler en Santorini con <a href=\"http:\/\/carhub.gr\/\">Carhub<\/a><\/span><\/span><span style=\"font-family: Arial, sans-serif;\"><span style=\"font-size: small;\"> o simplemente ll\u00e1menos. Le entregaremos el coche de su elecci\u00f3n sin ning\u00fan coste adicional. Coches autom\u00e1ticos, coches peque\u00f1os, descapotables, clase econ\u00f3mica, minibuses, jeeps abiertos o coches familiares: hay un modelo para cada necesidad. Nuestro personal entregar\u00e1 su coche de alquiler en cualquier hotel y en cualquier momento en la zona de Fira o <a href=\"http:\/\/carhub.gr\/rental-car-santorini-airport\/\" target=\"_blank\" rel=\"noopener noreferrer\">en cualquier lugar<\/a> de Santorini sin ning\u00fan coste adicional. No lo piense m\u00e1s, reserve un coche con la empresa de alquiler de coches Carhub.<\/span><\/span><\/span><\/p>\n<p>&nbsp;<\/p>\n[\/vc_column_text][\/vc_column][\/vc_row]\n<\/div>","protected":false},"excerpt":{"rendered":"<p>[vc_row][vc_column][vc_column_text css=\u00bb\u00bb] Alquiler de Coches Santorini Fira \u2013 Rent a Car Santorini Fira \u2013 Car Hire Santorini Fira En primer lugar, Fira es la hermosa capital de Santorini. Se encuentra en el extremo occidental de la isla. Desde el lado de la caldera se obtiene una de las mejores vistas de la isla. El nivel&hellip;<\/p>\n","protected":false},"author":2,"featured_media":0,"parent":0,"menu_order":0,"comment_status":"closed","ping_status":"closed","template":"templates\/no-sidebar.php","meta":{"footnotes":""},"class_list":["post-2908","page","type-page","status-publish","hentry","entry","no-media"],"yoast_head":"<!-- This site is optimized with the Yoast SEO plugin v27.2 - https:\/\/yoast.com\/product\/yoast-seo-wordpress\/ -->\n<title>Alquiler de Coches Santorini Fira \u2013 Rent a Car Santorini Fira \u2013 Car Hire Santorini Fira - Carhub<\/title>\n<meta name=\"robots\" content=\"index, follow, max-snippet:-1, max-image-preview:large, max-video-preview:-1\" \/>\n<link rel=\"canonical\" href=\"https:\/\/carhub.gr\/es\/alquiler-de-coches-santorini-fira\/\" \/>\n<meta property=\"og:locale\" content=\"es_ES\" \/>\n<meta property=\"og:type\" content=\"article\" \/>\n<meta property=\"og:title\" content=\"Alquiler de Coches Santorini Fira \u2013 Rent a Car Santorini Fira \u2013 Car Hire Santorini Fira - Carhub\" \/>\n<meta property=\"og:description\" content=\"[vc_row][vc_column][vc_column_text css=\u00bb\u00bb] Alquiler de Coches Santorini Fira \u2013 Rent a Car Santorini Fira \u2013 Car Hire Santorini Fira En primer lugar, Fira es la hermosa capital de Santorini. Se encuentra en el extremo occidental de la isla. Desde el lado de la caldera se obtiene una de las mejores vistas de la isla. El nivel&hellip;\" \/>\n<meta property=\"og:url\" content=\"https:\/\/carhub.gr\/es\/alquiler-de-coches-santorini-fira\/\" \/>\n<meta property=\"og:site_name\" content=\"Carhub\" \/>\n<meta property=\"article:publisher\" content=\"https:\/\/www.facebook.com\/carhub.gr\/\" \/>\n<meta property=\"article:modified_time\" content=\"2026-01-08T21:00:39+00:00\" \/>\n<meta property=\"og:image\" content=\"https:\/\/carhub.gr\/wp-content\/uploads\/2026\/01\/26637940_10156338224780649_1530645417_n-300x300-1.jpg\" \/>\n\t<meta property=\"og:image:width\" content=\"300\" \/>\n\t<meta property=\"og:image:height\" content=\"300\" \/>\n\t<meta property=\"og:image:type\" content=\"image\/jpeg\" \/>\n<meta name=\"twitter:card\" content=\"summary_large_image\" \/>\n<meta name=\"twitter:label1\" content=\"Tiempo de lectura\" \/>\n\t<meta name=\"twitter:data1\" content=\"2 minutos\" \/>\n<script type=\"application\/ld+json\" class=\"yoast-schema-graph\">{\"@context\":\"https:\/\/schema.org\",\"@graph\":[{\"@type\":\"WebPage\",\"@id\":\"https:\/\/carhub.gr\/es\/alquiler-de-coches-santorini-fira\/\",\"url\":\"https:\/\/carhub.gr\/es\/alquiler-de-coches-santorini-fira\/\",\"name\":\"Alquiler de Coches Santorini Fira \u2013 Rent a Car Santorini Fira \u2013 Car Hire Santorini Fira - Carhub\",\"isPartOf\":{\"@id\":\"https:\/\/carhub.gr\/es\/#website\"},\"primaryImageOfPage\":{\"@id\":\"https:\/\/carhub.gr\/es\/alquiler-de-coches-santorini-fira\/#primaryimage\"},\"image\":{\"@id\":\"https:\/\/carhub.gr\/es\/alquiler-de-coches-santorini-fira\/#primaryimage\"},\"thumbnailUrl\":\"https:\/\/carhub.gr\/wp-content\/uploads\/2026\/01\/26637940_10156338224780649_1530645417_n-300x300-1.jpg\",\"datePublished\":\"2026-01-08T20:51:21+00:00\",\"dateModified\":\"2026-01-08T21:00:39+00:00\",\"breadcrumb\":{\"@id\":\"https:\/\/carhub.gr\/es\/alquiler-de-coches-santorini-fira\/#breadcrumb\"},\"inLanguage\":\"es\",\"potentialAction\":[{\"@type\":\"ReadAction\",\"target\":[\"https:\/\/carhub.gr\/es\/alquiler-de-coches-santorini-fira\/\"]}]},{\"@type\":\"ImageObject\",\"inLanguage\":\"es\",\"@id\":\"https:\/\/carhub.gr\/es\/alquiler-de-coches-santorini-fira\/#primaryimage\",\"url\":\"https:\/\/carhub.gr\/wp-content\/uploads\/2026\/01\/26637940_10156338224780649_1530645417_n-300x300-1.jpg\",\"contentUrl\":\"https:\/\/carhub.gr\/wp-content\/uploads\/2026\/01\/26637940_10156338224780649_1530645417_n-300x300-1.jpg\"},{\"@type\":\"BreadcrumbList\",\"@id\":\"https:\/\/carhub.gr\/es\/alquiler-de-coches-santorini-fira\/#breadcrumb\",\"itemListElement\":[{\"@type\":\"ListItem\",\"position\":1,\"name\":\"Home\",\"item\":\"https:\/\/carhub.gr\/es\/\"},{\"@type\":\"ListItem\",\"position\":2,\"name\":\"Alquiler de Coches Santorini Fira \u2013 Rent a Car Santorini Fira \u2013 Car Hire Santorini Fira\"}]},{\"@type\":\"WebSite\",\"@id\":\"https:\/\/carhub.gr\/es\/#website\",\"url\":\"https:\/\/carhub.gr\/es\/\",\"name\":\"Carhub\",\"description\":\"Rent a car Santorini - Santorini Car Hire\",\"publisher\":{\"@id\":\"https:\/\/carhub.gr\/es\/#organization\"},\"alternateName\":\"RENT A CAR SANTORINI - SANTORINI CAR RENTAL\",\"potentialAction\":[{\"@type\":\"SearchAction\",\"target\":{\"@type\":\"EntryPoint\",\"urlTemplate\":\"https:\/\/carhub.gr\/es\/?s={search_term_string}\"},\"query-input\":{\"@type\":\"PropertyValueSpecification\",\"valueRequired\":true,\"valueName\":\"search_term_string\"}}],\"inLanguage\":\"es\"},{\"@type\":\"Organization\",\"@id\":\"https:\/\/carhub.gr\/es\/#organization\",\"name\":\"Carhub\",\"url\":\"https:\/\/carhub.gr\/es\/\",\"logo\":{\"@type\":\"ImageObject\",\"inLanguage\":\"es\",\"@id\":\"https:\/\/carhub.gr\/es\/#\/schema\/logo\/image\/\",\"url\":\"https:\/\/carhub.gr\/wp-content\/uploads\/2025\/12\/logo-carhub-1.png\",\"contentUrl\":\"https:\/\/carhub.gr\/wp-content\/uploads\/2025\/12\/logo-carhub-1.png\",\"width\":182,\"height\":53,\"caption\":\"Carhub\"},\"image\":{\"@id\":\"https:\/\/carhub.gr\/es\/#\/schema\/logo\/image\/\"},\"sameAs\":[\"https:\/\/www.facebook.com\/carhub.gr\/\"]}]}<\/script>\n<!-- \/ Yoast SEO plugin. -->","yoast_head_json":{"title":"Alquiler de Coches Santorini Fira \u2013 Rent a Car Santorini Fira \u2013 Car Hire Santorini Fira - Carhub","robots":{"index":"index","follow":"follow","max-snippet":"max-snippet:-1","max-image-preview":"max-image-preview:large","max-video-preview":"max-video-preview:-1"},"canonical":"https:\/\/carhub.gr\/es\/alquiler-de-coches-santorini-fira\/","og_locale":"es_ES","og_type":"article","og_title":"Alquiler de Coches Santorini Fira \u2013 Rent a Car Santorini Fira \u2013 Car Hire Santorini Fira - Carhub","og_description":"[vc_row][vc_column][vc_column_text css=\u00bb\u00bb] Alquiler de Coches Santorini Fira \u2013 Rent a Car Santorini Fira \u2013 Car Hire Santorini Fira En primer lugar, Fira es la hermosa capital de Santorini. Se encuentra en el extremo occidental de la isla. Desde el lado de la caldera se obtiene una de las mejores vistas de la isla. El nivel&hellip;","og_url":"https:\/\/carhub.gr\/es\/alquiler-de-coches-santorini-fira\/","og_site_name":"Carhub","article_publisher":"https:\/\/www.facebook.com\/carhub.gr\/","article_modified_time":"2026-01-08T21:00:39+00:00","og_image":[{"width":300,"height":300,"url":"https:\/\/carhub.gr\/wp-content\/uploads\/2026\/01\/26637940_10156338224780649_1530645417_n-300x300-1.jpg","type":"image\/jpeg"}],"twitter_card":"summary_large_image","twitter_misc":{"Tiempo de lectura":"2 minutos"},"schema":{"@context":"https:\/\/schema.org","@graph":[{"@type":"WebPage","@id":"https:\/\/carhub.gr\/es\/alquiler-de-coches-santorini-fira\/","url":"https:\/\/carhub.gr\/es\/alquiler-de-coches-santorini-fira\/","name":"Alquiler de Coches Santorini Fira \u2013 Rent a Car Santorini Fira \u2013 Car Hire Santorini Fira - Carhub","isPartOf":{"@id":"https:\/\/carhub.gr\/es\/#website"},"primaryImageOfPage":{"@id":"https:\/\/carhub.gr\/es\/alquiler-de-coches-santorini-fira\/#primaryimage"},"image":{"@id":"https:\/\/carhub.gr\/es\/alquiler-de-coches-santorini-fira\/#primaryimage"},"thumbnailUrl":"https:\/\/carhub.gr\/wp-content\/uploads\/2026\/01\/26637940_10156338224780649_1530645417_n-300x300-1.jpg","datePublished":"2026-01-08T20:51:21+00:00","dateModified":"2026-01-08T21:00:39+00:00","breadcrumb":{"@id":"https:\/\/carhub.gr\/es\/alquiler-de-coches-santorini-fira\/#breadcrumb"},"inLanguage":"es","potentialAction":[{"@type":"ReadAction","target":["https:\/\/carhub.gr\/es\/alquiler-de-coches-santorini-fira\/"]}]},{"@type":"ImageObject","inLanguage":"es","@id":"https:\/\/carhub.gr\/es\/alquiler-de-coches-santorini-fira\/#primaryimage","url":"https:\/\/carhub.gr\/wp-content\/uploads\/2026\/01\/26637940_10156338224780649_1530645417_n-300x300-1.jpg","contentUrl":"https:\/\/carhub.gr\/wp-content\/uploads\/2026\/01\/26637940_10156338224780649_1530645417_n-300x300-1.jpg"},{"@type":"BreadcrumbList","@id":"https:\/\/carhub.gr\/es\/alquiler-de-coches-santorini-fira\/#breadcrumb","itemListElement":[{"@type":"ListItem","position":1,"name":"Home","item":"https:\/\/carhub.gr\/es\/"},{"@type":"ListItem","position":2,"name":"Alquiler de Coches Santorini Fira \u2013 Rent a Car Santorini Fira \u2013 Car Hire Santorini Fira"}]},{"@type":"WebSite","@id":"https:\/\/carhub.gr\/es\/#website","url":"https:\/\/carhub.gr\/es\/","name":"Carhub","description":"Rent a car Santorini - Santorini Car Hire","publisher":{"@id":"https:\/\/carhub.gr\/es\/#organization"},"alternateName":"RENT A CAR SANTORINI - SANTORINI CAR RENTAL","potentialAction":[{"@type":"SearchAction","target":{"@type":"EntryPoint","urlTemplate":"https:\/\/carhub.gr\/es\/?s={search_term_string}"},"query-input":{"@type":"PropertyValueSpecification","valueRequired":true,"valueName":"search_term_string"}}],"inLanguage":"es"},{"@type":"Organization","@id":"https:\/\/carhub.gr\/es\/#organization","name":"Carhub","url":"https:\/\/carhub.gr\/es\/","logo":{"@type":"ImageObject","inLanguage":"es","@id":"https:\/\/carhub.gr\/es\/#\/schema\/logo\/image\/","url":"https:\/\/carhub.gr\/wp-content\/uploads\/2025\/12\/logo-carhub-1.png","contentUrl":"https:\/\/carhub.gr\/wp-content\/uploads\/2025\/12\/logo-carhub-1.png","width":182,"height":53,"caption":"Carhub"},"image":{"@id":"https:\/\/carhub.gr\/es\/#\/schema\/logo\/image\/"},"sameAs":["https:\/\/www.facebook.com\/carhub.gr\/"]}]}},"_links":{"self":[{"href":"https:\/\/carhub.gr\/es\/wp-json\/wp\/v2\/pages\/2908","targetHints":{"allow":["GET"]}}],"collection":[{"href":"https:\/\/carhub.gr\/es\/wp-json\/wp\/v2\/pages"}],"about":[{"href":"https:\/\/carhub.gr\/es\/wp-json\/wp\/v2\/types\/page"}],"author":[{"embeddable":true,"href":"https:\/\/carhub.gr\/es\/wp-json\/wp\/v2\/users\/2"}],"replies":[{"embeddable":true,"href":"https:\/\/carhub.gr\/es\/wp-json\/wp\/v2\/comments?post=2908"}],"version-history":[{"count":2,"href":"https:\/\/carhub.gr\/es\/wp-json\/wp\/v2\/pages\/2908\/revisions"}],"predecessor-version":[{"id":2916,"href":"https:\/\/carhub.gr\/es\/wp-json\/wp\/v2\/pages\/2908\/revisions\/2916"}],"wp:attachment":[{"href":"https:\/\/carhub.gr\/es\/wp-json\/wp\/v2\/media?parent=2908"}],"curies":[{"name":"wp","href":"https:\/\/api.w.org\/{rel}","templated":true}]}}