{"id":2858,"date":"2026-01-07T13:18:49","date_gmt":"2026-01-07T11:18:49","guid":{"rendered":"https:\/\/carhub.gr\/santorini-airport-car-rental\/"},"modified":"2026-01-07T17:39:53","modified_gmt":"2026-01-07T15:39:53","slug":"aeropuerto-santorini","status":"publish","type":"page","link":"https:\/\/carhub.gr\/es\/aeropuerto-santorini\/","title":{"rendered":"Alquiler de Coches  Aeropuerto Santorini"},"content":{"rendered":"<div class=\"wpb-content-wrapper\">[vc_row][vc_column][vc_column_text css=\u00bb\u00bb]\n<h1 class=\"western\" style=\"text-align: center;\"><span style=\"color: #000000;\"><span style=\"font-family: 'Source Sans Pro', Arial, sans-serif;\"><span style=\"font-size: xx-large;\">Alquiler de Coches Aeropuerto de Santorini<br \/>\n<\/span><\/span><\/span><\/h1>\n<p style=\"text-align: center;\"><a href=\"https:\/\/www.jtr-airport.gr\/en\" target=\"_blank\" rel=\"noopener noreferrer\"><img loading=\"lazy\" decoding=\"async\" class=\"alignnone size-full wp-image-2869\" src=\"https:\/\/carhub.gr\/wp-content\/uploads\/2026\/01\/29196307_10156551096235649_8670063567753445376_n-244x300-1.jpg\" alt=\"\" width=\"244\" height=\"300\" \/><\/a><\/p>\n<p style=\"text-align: center;\"><a href=\"https:\/\/www.jtr-airport.gr\/en\" target=\"_blank\" rel=\"noopener noreferrer\">Aeropuerto Internacional de Santorini (JTR)<\/a><span style=\"color: #222222;\"><span style=\"font-family: sans-serif;\"><span style=\"font-size: small;\">es un aeropuerto situado al norte del pueblo de Kamari. El aeropuerto funciona tanto como aeropuerto militar como civil. <\/span><\/span><\/span><span style=\"color: #000000;\"><span style=\"font-family: Arial, sans-serif;\"><span style=\"font-size: small;\">Para llegar desde el <strong>Aeropuerto de Santorini <\/strong>a su hotel y comenzar sus vacaciones en la isla de Santorini, la mejor y m\u00e1s econ\u00f3mica soluci\u00f3n es<\/span><\/span><\/span><strong><span style=\"color: #000000;\"><span style=\"font-family: sans-serif;\"><span style=\"font-size: small;\"> alquilar un coche en el Aeropuerto de Santorini<\/span><\/span><\/span><\/strong><b> <\/b><span style=\"color: #000000;\"><span style=\"font-family: Arial, sans-serif;\"><span style=\"font-size: small;\">con <a href=\"http:\/\/carhub.gr\/#reservation\" target=\"_blank\" rel=\"noopener noreferrer\">Carhub<\/a><\/span><\/span><\/span><span style=\"color: #000000;\"><span style=\"font-family: Arial, sans-serif;\"><span style=\"font-size: small;\">. <\/span><\/span><\/span><strong><span style=\"color: #000000;\"><span style=\"font-family: Arial, sans-serif;\"><span style=\"font-size: small;\"><b>Alquiler de coches<\/b><\/span><\/span><\/span><\/strong><b> <\/b><span style=\"color: #000000;\"><span style=\"font-family: Arial, sans-serif;\"><span style=\"font-size: small;\">es<\/span><\/span><\/span> <span style=\"color: #000000;\"><span style=\"font-family: sans-serif;\"><span style=\"font-size: small;\"><span style=\"font-family: Arial, sans-serif;\">f\u00e1cil<\/span><\/span><\/span><\/span> <span style=\"color: #000000;\"><span style=\"font-family: Arial, sans-serif;\"><span style=\"font-size: small;\">en el Aeropuerto de Santorini <\/span><\/span><\/span><span style=\"color: #000000;\"><span style=\"font-family: Arial, sans-serif;\"><span style=\"font-size: small;\">, ya que entregamos nuestros coches all\u00ed sin ning\u00fan coste adicional. Es muy agradable saber que, cuando llegue, alguien le estar\u00e1 esperando en el aeropuerto de Santorini para entregarle su<\/span><\/span><\/span> <a href=\"https:\/\/coolcars.gr\/\" target=\"_blank\" rel=\"noopener noreferrer\"><strong><span style=\"color: #000000;\"><span style=\"font-family: Arial, sans-serif;\"><span style=\"font-size: small;\"><b>coche de alquiler en Santorini<\/b><\/span><\/span><\/span><\/strong><\/a><span style=\"color: #000000;\"><span style=\"font-family: Arial, sans-serif;\"><span style=\"font-size: small;\">.<\/span><\/span><\/span><\/p>\n<h2 style=\"text-align: center;\">Alquiler de Coches Aeropuerto de Santorini &#8211; Alquilar Coche Aeropuerto de Santorini<\/h2>\n<p style=\"text-align: center;\"><span style=\"color: #000000;\"><span style=\"font-family: Arial, sans-serif;\"><span style=\"font-size: small;\">No es necesario esperar el autob\u00fas durante horas ni pagar un taxi o un traslado privado. Su coche estar\u00e1 listo a su llegada, para que pueda comenzar sus vacaciones de la mejor manera.<br \/>\nUn <\/span><\/span><\/span> <strong><span style=\"color: #000000;\"><span style=\"font-family: Arial, sans-serif;\"><span style=\"font-size: small;\"><b>coche de alquiler en Santorini<\/b><\/span><\/span><\/span><\/strong> <span style=\"color: #000000;\"><span style=\"font-family: Arial, sans-serif;\"><span style=\"font-size: small;\">es necesario, independientemente de la ubicaci\u00f3n de su hotel. Tener un coche durante las vacaciones le da la libertad de ir a cualquier lugar. Puede descubrir todas las bellezas de Santorini. Por supuesto, cuando llegue el momento de salir de la isla, puede devolver su<\/span><\/span><\/span> <strong><span style=\"color: #000000;\"><span style=\"font-family: Arial, sans-serif;\"><span style=\"font-size: small;\"><b>coche alquilado en el aeropuerto de Santorini<\/b><\/span><\/span><\/span><\/strong> <span style=\"color: #000000;\"><span style=\"font-family: Arial, sans-serif;\"><span style=\"font-size: small;\">nuevamente, si sale en avi\u00f3n, en el puerto de Santorini si sale en barco, o si le resulta m\u00e1s c\u00f3modo devolver el coche de alquiler en su hotel, puede hacerlo en cualquier hotel de Santorini.<\/span><\/span><\/span><\/p>\n<h2 style=\"text-align: center;\">Alquiler de Coches Aeropuerto de Santorini<\/h2>\n<p style=\"text-align: center;\"><span style=\"color: #000000;\"><span style=\"font-family: Arial, sans-serif;\"><span style=\"font-size: small;\"> As\u00ed que elija el modelo que mejor se adapte a sus necesidades: autom\u00e1tico, manual, descapotable, jeep abierto, familiar o econ\u00f3mico. Reserve en l\u00ednea o simplemente ll\u00e1menos y nuestro personal se reunir\u00e1 con usted en el aeropuerto. Ni siquiera es necesario pagar un dep\u00f3sito: puede pagar en efectivo o con tarjeta de cr\u00e9dito cuando recoja su coche de alquiler. Al planificar sus vacaciones en<\/span><\/span><\/span> <strong><span style=\"color: #000000;\"><span style=\"font-family: Arial, sans-serif;\"><span style=\"font-size: small;\"><b>Santorini<\/b><\/span><\/span><\/span><\/strong> <span style=\"color: #000000;\"><span style=\"font-family: Arial, sans-serif;\"><span style=\"font-size: small;\">, el <\/span><\/span><\/span><strong><span style=\"color: #000000;\"><span style=\"font-family: Arial, sans-serif;\"><span style=\"font-size: small;\"><b>servicio de alquiler de coches<\/b><\/span><\/span><\/span><\/strong> <span style=\"color: #000000;\"><span style=\"font-family: Arial, sans-serif;\"><span style=\"font-size: small;\">puede ser una herramienta muy \u00fatil para explorar la isla y ahorrar mucho tiempo y dinero. Ahora el<\/span><\/span><\/span> <strong><span style=\"color: #000000;\"><span style=\"font-family: Arial, sans-serif;\"><span style=\"font-size: small;\"><b>alquiler de coches en el aeropuerto de Santorini<\/b><\/span><\/span><\/span><\/strong> <span style=\"color: #000000;\"><span style=\"font-family: Arial, sans-serif;\"><span style=\"font-size: small;\">es m\u00e1s f\u00e1cil y mejor, gracias a nuestra oferta de entrega y recogida gratuita en el aeropuerto.<\/span><\/span><\/span><\/p>\n[\/vc_column_text][\/vc_column][\/vc_row]\n<\/div>","protected":false},"excerpt":{"rendered":"<p>[vc_row][vc_column][vc_column_text css=\u00bb\u00bb] Alquiler de Coches Aeropuerto de Santorini Aeropuerto Internacional de Santorini (JTR)es un aeropuerto situado al norte del pueblo de Kamari. El aeropuerto funciona tanto como aeropuerto militar como civil. Para llegar desde el Aeropuerto de Santorini a su hotel y comenzar sus vacaciones en la isla de Santorini, la mejor y m\u00e1s econ\u00f3mica&hellip;<\/p>\n","protected":false},"author":2,"featured_media":0,"parent":0,"menu_order":0,"comment_status":"closed","ping_status":"closed","template":"templates\/no-sidebar.php","meta":{"footnotes":""},"class_list":["post-2858","page","type-page","status-publish","hentry","entry","no-media"],"yoast_head":"<!-- This site is optimized with the Yoast SEO plugin v27.2 - https:\/\/yoast.com\/product\/yoast-seo-wordpress\/ -->\n<title>Alquiler de Coches Aeropuerto Santorini - Carhub<\/title>\n<meta name=\"robots\" content=\"index, follow, max-snippet:-1, max-image-preview:large, max-video-preview:-1\" \/>\n<link rel=\"canonical\" href=\"https:\/\/carhub.gr\/es\/aeropuerto-santorini\/\" \/>\n<meta property=\"og:locale\" content=\"es_ES\" \/>\n<meta property=\"og:type\" content=\"article\" \/>\n<meta property=\"og:title\" content=\"Alquiler de Coches Aeropuerto Santorini - Carhub\" \/>\n<meta property=\"og:description\" content=\"[vc_row][vc_column][vc_column_text css=\u00bb\u00bb] Alquiler de Coches Aeropuerto de Santorini Aeropuerto Internacional de Santorini (JTR)es un aeropuerto situado al norte del pueblo de Kamari. El aeropuerto funciona tanto como aeropuerto militar como civil. Para llegar desde el Aeropuerto de Santorini a su hotel y comenzar sus vacaciones en la isla de Santorini, la mejor y m\u00e1s econ\u00f3mica&hellip;\" \/>\n<meta property=\"og:url\" content=\"https:\/\/carhub.gr\/es\/aeropuerto-santorini\/\" \/>\n<meta property=\"og:site_name\" content=\"Carhub\" \/>\n<meta property=\"article:publisher\" content=\"https:\/\/www.facebook.com\/carhub.gr\/\" \/>\n<meta property=\"article:modified_time\" content=\"2026-01-07T15:39:53+00:00\" \/>\n<meta property=\"og:image\" content=\"https:\/\/carhub.gr\/wp-content\/uploads\/2025\/12\/pngegg-7-1.png\" \/>\n\t<meta property=\"og:image:width\" content=\"1366\" \/>\n\t<meta property=\"og:image:height\" content=\"768\" \/>\n\t<meta property=\"og:image:type\" content=\"image\/png\" \/>\n<meta name=\"twitter:card\" content=\"summary_large_image\" \/>\n<meta name=\"twitter:label1\" content=\"Tiempo de lectura\" \/>\n\t<meta name=\"twitter:data1\" content=\"2 minutos\" \/>\n<script type=\"application\/ld+json\" class=\"yoast-schema-graph\">{\"@context\":\"https:\/\/schema.org\",\"@graph\":[{\"@type\":\"WebPage\",\"@id\":\"https:\/\/carhub.gr\/es\/aeropuerto-santorini\/\",\"url\":\"https:\/\/carhub.gr\/es\/aeropuerto-santorini\/\",\"name\":\"Alquiler de Coches Aeropuerto Santorini - Carhub\",\"isPartOf\":{\"@id\":\"https:\/\/carhub.gr\/es\/#website\"},\"primaryImageOfPage\":{\"@id\":\"https:\/\/carhub.gr\/es\/aeropuerto-santorini\/#primaryimage\"},\"image\":{\"@id\":\"https:\/\/carhub.gr\/es\/aeropuerto-santorini\/#primaryimage\"},\"thumbnailUrl\":\"https:\/\/carhub.gr\/wp-content\/uploads\/2026\/01\/29196307_10156551096235649_8670063567753445376_n-244x300-1.jpg\",\"datePublished\":\"2026-01-07T11:18:49+00:00\",\"dateModified\":\"2026-01-07T15:39:53+00:00\",\"breadcrumb\":{\"@id\":\"https:\/\/carhub.gr\/es\/aeropuerto-santorini\/#breadcrumb\"},\"inLanguage\":\"es\",\"potentialAction\":[{\"@type\":\"ReadAction\",\"target\":[\"https:\/\/carhub.gr\/es\/aeropuerto-santorini\/\"]}]},{\"@type\":\"ImageObject\",\"inLanguage\":\"es\",\"@id\":\"https:\/\/carhub.gr\/es\/aeropuerto-santorini\/#primaryimage\",\"url\":\"https:\/\/carhub.gr\/wp-content\/uploads\/2026\/01\/29196307_10156551096235649_8670063567753445376_n-244x300-1.jpg\",\"contentUrl\":\"https:\/\/carhub.gr\/wp-content\/uploads\/2026\/01\/29196307_10156551096235649_8670063567753445376_n-244x300-1.jpg\"},{\"@type\":\"BreadcrumbList\",\"@id\":\"https:\/\/carhub.gr\/es\/aeropuerto-santorini\/#breadcrumb\",\"itemListElement\":[{\"@type\":\"ListItem\",\"position\":1,\"name\":\"Home\",\"item\":\"https:\/\/carhub.gr\/es\/\"},{\"@type\":\"ListItem\",\"position\":2,\"name\":\"Alquiler de Coches Aeropuerto Santorini\"}]},{\"@type\":\"WebSite\",\"@id\":\"https:\/\/carhub.gr\/es\/#website\",\"url\":\"https:\/\/carhub.gr\/es\/\",\"name\":\"Carhub\",\"description\":\"Rent a car Santorini - Santorini Car Hire\",\"publisher\":{\"@id\":\"https:\/\/carhub.gr\/es\/#organization\"},\"alternateName\":\"RENT A CAR SANTORINI - SANTORINI CAR RENTAL\",\"potentialAction\":[{\"@type\":\"SearchAction\",\"target\":{\"@type\":\"EntryPoint\",\"urlTemplate\":\"https:\/\/carhub.gr\/es\/?s={search_term_string}\"},\"query-input\":{\"@type\":\"PropertyValueSpecification\",\"valueRequired\":true,\"valueName\":\"search_term_string\"}}],\"inLanguage\":\"es\"},{\"@type\":\"Organization\",\"@id\":\"https:\/\/carhub.gr\/es\/#organization\",\"name\":\"Carhub\",\"url\":\"https:\/\/carhub.gr\/es\/\",\"logo\":{\"@type\":\"ImageObject\",\"inLanguage\":\"es\",\"@id\":\"https:\/\/carhub.gr\/es\/#\/schema\/logo\/image\/\",\"url\":\"https:\/\/carhub.gr\/wp-content\/uploads\/2025\/12\/logo-carhub-1.png\",\"contentUrl\":\"https:\/\/carhub.gr\/wp-content\/uploads\/2025\/12\/logo-carhub-1.png\",\"width\":182,\"height\":53,\"caption\":\"Carhub\"},\"image\":{\"@id\":\"https:\/\/carhub.gr\/es\/#\/schema\/logo\/image\/\"},\"sameAs\":[\"https:\/\/www.facebook.com\/carhub.gr\/\"]}]}<\/script>\n<!-- \/ Yoast SEO plugin. -->","yoast_head_json":{"title":"Alquiler de Coches Aeropuerto Santorini - Carhub","robots":{"index":"index","follow":"follow","max-snippet":"max-snippet:-1","max-image-preview":"max-image-preview:large","max-video-preview":"max-video-preview:-1"},"canonical":"https:\/\/carhub.gr\/es\/aeropuerto-santorini\/","og_locale":"es_ES","og_type":"article","og_title":"Alquiler de Coches Aeropuerto Santorini - Carhub","og_description":"[vc_row][vc_column][vc_column_text css=\u00bb\u00bb] Alquiler de Coches Aeropuerto de Santorini Aeropuerto Internacional de Santorini (JTR)es un aeropuerto situado al norte del pueblo de Kamari. El aeropuerto funciona tanto como aeropuerto militar como civil. Para llegar desde el Aeropuerto de Santorini a su hotel y comenzar sus vacaciones en la isla de Santorini, la mejor y m\u00e1s econ\u00f3mica&hellip;","og_url":"https:\/\/carhub.gr\/es\/aeropuerto-santorini\/","og_site_name":"Carhub","article_publisher":"https:\/\/www.facebook.com\/carhub.gr\/","article_modified_time":"2026-01-07T15:39:53+00:00","og_image":[{"width":1366,"height":768,"url":"https:\/\/carhub.gr\/wp-content\/uploads\/2025\/12\/pngegg-7-1.png","type":"image\/png"}],"twitter_card":"summary_large_image","twitter_misc":{"Tiempo de lectura":"2 minutos"},"schema":{"@context":"https:\/\/schema.org","@graph":[{"@type":"WebPage","@id":"https:\/\/carhub.gr\/es\/aeropuerto-santorini\/","url":"https:\/\/carhub.gr\/es\/aeropuerto-santorini\/","name":"Alquiler de Coches Aeropuerto Santorini - Carhub","isPartOf":{"@id":"https:\/\/carhub.gr\/es\/#website"},"primaryImageOfPage":{"@id":"https:\/\/carhub.gr\/es\/aeropuerto-santorini\/#primaryimage"},"image":{"@id":"https:\/\/carhub.gr\/es\/aeropuerto-santorini\/#primaryimage"},"thumbnailUrl":"https:\/\/carhub.gr\/wp-content\/uploads\/2026\/01\/29196307_10156551096235649_8670063567753445376_n-244x300-1.jpg","datePublished":"2026-01-07T11:18:49+00:00","dateModified":"2026-01-07T15:39:53+00:00","breadcrumb":{"@id":"https:\/\/carhub.gr\/es\/aeropuerto-santorini\/#breadcrumb"},"inLanguage":"es","potentialAction":[{"@type":"ReadAction","target":["https:\/\/carhub.gr\/es\/aeropuerto-santorini\/"]}]},{"@type":"ImageObject","inLanguage":"es","@id":"https:\/\/carhub.gr\/es\/aeropuerto-santorini\/#primaryimage","url":"https:\/\/carhub.gr\/wp-content\/uploads\/2026\/01\/29196307_10156551096235649_8670063567753445376_n-244x300-1.jpg","contentUrl":"https:\/\/carhub.gr\/wp-content\/uploads\/2026\/01\/29196307_10156551096235649_8670063567753445376_n-244x300-1.jpg"},{"@type":"BreadcrumbList","@id":"https:\/\/carhub.gr\/es\/aeropuerto-santorini\/#breadcrumb","itemListElement":[{"@type":"ListItem","position":1,"name":"Home","item":"https:\/\/carhub.gr\/es\/"},{"@type":"ListItem","position":2,"name":"Alquiler de Coches Aeropuerto Santorini"}]},{"@type":"WebSite","@id":"https:\/\/carhub.gr\/es\/#website","url":"https:\/\/carhub.gr\/es\/","name":"Carhub","description":"Rent a car Santorini - Santorini Car Hire","publisher":{"@id":"https:\/\/carhub.gr\/es\/#organization"},"alternateName":"RENT A CAR SANTORINI - SANTORINI CAR RENTAL","potentialAction":[{"@type":"SearchAction","target":{"@type":"EntryPoint","urlTemplate":"https:\/\/carhub.gr\/es\/?s={search_term_string}"},"query-input":{"@type":"PropertyValueSpecification","valueRequired":true,"valueName":"search_term_string"}}],"inLanguage":"es"},{"@type":"Organization","@id":"https:\/\/carhub.gr\/es\/#organization","name":"Carhub","url":"https:\/\/carhub.gr\/es\/","logo":{"@type":"ImageObject","inLanguage":"es","@id":"https:\/\/carhub.gr\/es\/#\/schema\/logo\/image\/","url":"https:\/\/carhub.gr\/wp-content\/uploads\/2025\/12\/logo-carhub-1.png","contentUrl":"https:\/\/carhub.gr\/wp-content\/uploads\/2025\/12\/logo-carhub-1.png","width":182,"height":53,"caption":"Carhub"},"image":{"@id":"https:\/\/carhub.gr\/es\/#\/schema\/logo\/image\/"},"sameAs":["https:\/\/www.facebook.com\/carhub.gr\/"]}]}},"_links":{"self":[{"href":"https:\/\/carhub.gr\/es\/wp-json\/wp\/v2\/pages\/2858","targetHints":{"allow":["GET"]}}],"collection":[{"href":"https:\/\/carhub.gr\/es\/wp-json\/wp\/v2\/pages"}],"about":[{"href":"https:\/\/carhub.gr\/es\/wp-json\/wp\/v2\/types\/page"}],"author":[{"embeddable":true,"href":"https:\/\/carhub.gr\/es\/wp-json\/wp\/v2\/users\/2"}],"replies":[{"embeddable":true,"href":"https:\/\/carhub.gr\/es\/wp-json\/wp\/v2\/comments?post=2858"}],"version-history":[{"count":2,"href":"https:\/\/carhub.gr\/es\/wp-json\/wp\/v2\/pages\/2858\/revisions"}],"predecessor-version":[{"id":2871,"href":"https:\/\/carhub.gr\/es\/wp-json\/wp\/v2\/pages\/2858\/revisions\/2871"}],"wp:attachment":[{"href":"https:\/\/carhub.gr\/es\/wp-json\/wp\/v2\/media?parent=2858"}],"curies":[{"name":"wp","href":"https:\/\/api.w.org\/{rel}","templated":true}]}}