{"id":2613,"date":"2025-12-30T13:06:08","date_gmt":"2025-12-30T11:06:08","guid":{"rendered":"https:\/\/carhub.gr\/rental-terms\/"},"modified":"2025-12-31T20:18:24","modified_gmt":"2025-12-31T18:18:24","slug":"rental-terms","status":"publish","type":"page","link":"https:\/\/carhub.gr\/es\/rental-terms\/","title":{"rendered":"Rental Terms"},"content":{"rendered":"<div class=\"wpb-content-wrapper\">[vc_row][vc_column][vc_column_text css=\u00bb\u00bb]\n<h1>T\u00e9rminos de Alquiler<\/h1>\n<p><a href=\"http:\/\/carhub.gr\/\">Carhub<\/a> T\u00e9rminos de Alquiler<\/p>\n<p><strong><em>Edad<\/em><\/strong><\/p>\n<p>En primer lugar, el conductor debe tener entre 23 y 70 a\u00f1os y poseer un permiso de conducir v\u00e1lido, expedido hace al menos 4 a\u00f1os.<\/p>\n<p><strong><em>Licencia de conducir<\/em><\/strong><\/p>\n<p>Tambi\u00e9n se requiere una licencia de conducir v\u00e1lida para todos los conductores registrados, con una validez m\u00ednima de 12 meses. Las licencias de conducir impresas en un alfabeto no romano (\u00e1rabe, chino, cir\u00edlico, etc.) deben ir acompa\u00f1adas de un permiso de conducir internacional. Cualquier licencia de conducir emitida por pa\u00edses que no formen parte del convenio internacional de licencias de conducir tambi\u00e9n debe ir acompa\u00f1ada de una traducci\u00f3n oficial.<\/p>\n<p><strong><em>Pago<\/em><\/strong><\/p>\n<p>No se requiere dep\u00f3sito. Tambi\u00e9n es necesaria una tarjeta de cr\u00e9dito o d\u00e9bito personal (Visa o MasterCard, no aceptamos AmEx). Conservamos los datos de la tarjeta en el contrato de alquiler por motivos de seguridad en caso de da\u00f1os al veh\u00edculo.<\/p>\n<p><strong><em>Recogida del veh\u00edculo<\/em><\/strong><\/p>\n<p>Al recoger el veh\u00edculo, el arrendatario recibir\u00e1 un Contrato de Alquiler que deber\u00e1 revisar y firmar. El Contrato de Alquiler mostrar\u00e1 todos los servicios y seguros incluidos, as\u00ed como cualquier servicio o seguro adicional que el arrendatario pueda solicitar, junto con los cargos correspondientes.<\/p>\n<p>Es muy importante que el arrendatario revise y reporte cualquier tipo de da\u00f1o en el veh\u00edculo para evitar cargos por da\u00f1os causados por un arrendatario anterior. El arrendatario debe firmar, tanto en la recogida como en la devoluci\u00f3n, un formulario de estado del veh\u00edculo por cualquier da\u00f1o existente.<\/p>\n<p><strong><em>Recogida \/ Entrega<\/em><\/strong><\/p>\n<p>Para la recogida o devoluci\u00f3n del veh\u00edculo entre las 23:30 y las 7:00, puede aplicarse un cargo adicional de 20 euros debido al servicio fuera de horario.<\/p>\n<p><strong><em>Seguro<\/em><\/strong><\/p>\n<p class=\"mt-2\">El seguro de alquiler de coches es esencial y ofrecemos paquetes para satisfacer sus necesidades durante su estancia en la isla de Santorini.<\/p>\n<p>Nuestros veh\u00edculos est\u00e1n asegurados contra robo y da\u00f1os a terceros, excepto: a) conductor y pasajeros b) nuestro propio veh\u00edculo.<\/p>\n<ul>\n<li><b>CDW \u2013 Exenci\u00f3n de Responsabilidad por Da\u00f1os por Colisi\u00f3n<\/b><\/li>\n<\/ul>\n<p class=\"mt-2\">El arrendatario est\u00e1 cubierto por cualquier da\u00f1o al veh\u00edculo de alquiler:<\/p>\n<ul class=\"list-disc ml-8 mt-2\">\n<li>franquicia superior a \u20ac 500\/600 para las categor\u00edas de veh\u00edculos A, B, C (10 \u20ac \/ d\u00eda)<\/li>\n<li>franquicia superior a \u20ac 800\/1000 para las categor\u00edas D, SUV (10 o 12 \u20ac \/ d\u00eda)<\/li>\n<\/ul>\n<p class=\"mt-2\">Para que la cobertura sea v\u00e1lida, debe cumplir con las leyes locales de tr\u00e1fico y conducir legalmente. Tenga en cuenta que el seguro no cubre da\u00f1os en los neum\u00e1ticos, da\u00f1os en la parte inferior del veh\u00edculo ni la p\u00e9rdida o el robo de pertenencias personales.<\/p>\n<p class=\"mt-2\">Nuevamente, para que la cobertura sea v\u00e1lida, debe conducir legalmente y respetar las normas de tr\u00e1fico locales. Los da\u00f1os en los neum\u00e1ticos, los da\u00f1os en la parte inferior del veh\u00edculo y la p\u00e9rdida o el robo de pertenencias personales no est\u00e1n cubiertos.<\/p>\n<p>Nuestros programas de seguro le ofrecen el nivel de protecci\u00f3n que mejor se adapta a sus necesidades, con una franquicia reducida. Reserve hoy su coche de alquiler en la isla de Santorini y disfrute de tranquilidad durante sus viajes.<\/p>\n<p><em><strong>Cargos adicionales<\/strong><\/em><br \/>\nTodos los alquileres se cobran sobre la base de un per\u00edodo de facturaci\u00f3n de 24 horas. Solo cuando un alquiler supera un ciclo completo de 24 horas se aplicar\u00e1 un cargo adicional por d\u00eda.<\/p>\n<p><strong><em>Cancelaci\u00f3n<\/em><\/strong><\/p>\n<p><em>Flexible<\/em><br \/>\nLas cancelaciones son gratuitas y pueden realizarse por correo electr\u00f3nico o llamando al equipo de soporte de CarHub.<\/p>\n<p>&nbsp;<\/p>\n<h3><em>T\u00e9rminos Generales<\/em><\/h3>\n<p><strong><em>Transporte del veh\u00edculo en ferry<\/em><\/strong><\/p>\n<p>Transporte del veh\u00edculo en ferry: \u00a1Prohibido!<br \/>\nEn caso de que el arrendatario devuelva el veh\u00edculo con manchas en el interior que requieran un procedimiento especial de limpieza, deber\u00e1 hacerse cargo de los costes correspondientes.<\/p>\n<p><strong><em>Extensi\u00f3n del alquiler<\/em><\/strong><\/p>\n<p>Si el arrendatario desea conservar el veh\u00edculo por m\u00e1s tiempo del per\u00edodo contratado, deber\u00e1 ponerse en contacto con nosotros para extender su Contrato de Alquiler.<br \/>\nDe lo contrario, se le cobrar\u00e1 el doble de la tarifa diaria y el veh\u00edculo deber\u00e1 ser repostado por el cliente.<\/p>\n<p><strong><em>Multas de estacionamiento \/ infracciones de tr\u00e1fico<\/em><\/strong><\/p>\n<p>El arrendatario del veh\u00edculo es el \u00fanico responsable de cualquier multa por infracciones de tr\u00e1fico y de los gastos administrativos relacionados que se generen durante el per\u00edodo de alquiler.<\/p>\n<p><strong><em>GDPR 4624\/2019<\/em><\/strong><\/p>\n<p>Al realizar una reserva de un veh\u00edculo de alquiler, el cliente reconoce, de conformidad con el GDPR 4624\/2019, que sus datos personales pueden ser compartidos con otra empresa para completar su reserva.[\/vc_column_text][\/vc_column][\/vc_row]\n<\/div>","protected":false},"excerpt":{"rendered":"<p>[vc_row][vc_column][vc_column_text css=\u00bb\u00bb] T\u00e9rminos de Alquiler Carhub T\u00e9rminos de Alquiler Edad En primer lugar, el conductor debe tener entre 23 y 70 a\u00f1os y poseer un permiso de conducir v\u00e1lido, expedido hace al menos 4 a\u00f1os. Licencia de conducir Tambi\u00e9n se requiere una licencia de conducir v\u00e1lida para todos los conductores registrados, con una validez m\u00ednima&hellip;<\/p>\n","protected":false},"author":2,"featured_media":0,"parent":0,"menu_order":0,"comment_status":"closed","ping_status":"closed","template":"templates\/no-sidebar.php","meta":{"footnotes":""},"class_list":["post-2613","page","type-page","status-publish","hentry","entry","no-media"],"yoast_head":"<!-- This site is optimized with the Yoast SEO plugin v27.2 - https:\/\/yoast.com\/product\/yoast-seo-wordpress\/ -->\n<title>Rental Terms - Carhub<\/title>\n<meta name=\"robots\" content=\"index, follow, max-snippet:-1, max-image-preview:large, max-video-preview:-1\" \/>\n<link rel=\"canonical\" href=\"https:\/\/carhub.gr\/es\/rental-terms\/\" \/>\n<meta property=\"og:locale\" content=\"es_ES\" \/>\n<meta property=\"og:type\" content=\"article\" \/>\n<meta property=\"og:title\" content=\"Rental Terms - Carhub\" \/>\n<meta property=\"og:description\" content=\"[vc_row][vc_column][vc_column_text css=\u00bb\u00bb] T\u00e9rminos de Alquiler Carhub T\u00e9rminos de Alquiler Edad En primer lugar, el conductor debe tener entre 23 y 70 a\u00f1os y poseer un permiso de conducir v\u00e1lido, expedido hace al menos 4 a\u00f1os. Licencia de conducir Tambi\u00e9n se requiere una licencia de conducir v\u00e1lida para todos los conductores registrados, con una validez m\u00ednima&hellip;\" \/>\n<meta property=\"og:url\" content=\"https:\/\/carhub.gr\/es\/rental-terms\/\" \/>\n<meta property=\"og:site_name\" content=\"Carhub\" \/>\n<meta property=\"article:publisher\" content=\"https:\/\/www.facebook.com\/carhub.gr\/\" \/>\n<meta property=\"article:modified_time\" content=\"2025-12-31T18:18:24+00:00\" \/>\n<meta property=\"og:image\" content=\"https:\/\/carhub.gr\/wp-content\/uploads\/2025\/12\/pngegg-7-1.png\" \/>\n\t<meta property=\"og:image:width\" content=\"1366\" \/>\n\t<meta property=\"og:image:height\" content=\"768\" \/>\n\t<meta property=\"og:image:type\" content=\"image\/png\" \/>\n<meta name=\"twitter:card\" content=\"summary_large_image\" \/>\n<meta name=\"twitter:label1\" content=\"Tiempo de lectura\" \/>\n\t<meta name=\"twitter:data1\" content=\"4 minutos\" \/>\n<script type=\"application\/ld+json\" class=\"yoast-schema-graph\">{\"@context\":\"https:\/\/schema.org\",\"@graph\":[{\"@type\":\"WebPage\",\"@id\":\"https:\/\/carhub.gr\/es\/rental-terms\/\",\"url\":\"https:\/\/carhub.gr\/es\/rental-terms\/\",\"name\":\"Rental Terms - Carhub\",\"isPartOf\":{\"@id\":\"https:\/\/carhub.gr\/es\/#website\"},\"datePublished\":\"2025-12-30T11:06:08+00:00\",\"dateModified\":\"2025-12-31T18:18:24+00:00\",\"breadcrumb\":{\"@id\":\"https:\/\/carhub.gr\/es\/rental-terms\/#breadcrumb\"},\"inLanguage\":\"es\",\"potentialAction\":[{\"@type\":\"ReadAction\",\"target\":[\"https:\/\/carhub.gr\/es\/rental-terms\/\"]}]},{\"@type\":\"BreadcrumbList\",\"@id\":\"https:\/\/carhub.gr\/es\/rental-terms\/#breadcrumb\",\"itemListElement\":[{\"@type\":\"ListItem\",\"position\":1,\"name\":\"Home\",\"item\":\"https:\/\/carhub.gr\/es\/\"},{\"@type\":\"ListItem\",\"position\":2,\"name\":\"Rental Terms\"}]},{\"@type\":\"WebSite\",\"@id\":\"https:\/\/carhub.gr\/es\/#website\",\"url\":\"https:\/\/carhub.gr\/es\/\",\"name\":\"Carhub\",\"description\":\"Rent a car Santorini - Santorini Car Hire\",\"publisher\":{\"@id\":\"https:\/\/carhub.gr\/es\/#organization\"},\"alternateName\":\"RENT A CAR SANTORINI - SANTORINI CAR RENTAL\",\"potentialAction\":[{\"@type\":\"SearchAction\",\"target\":{\"@type\":\"EntryPoint\",\"urlTemplate\":\"https:\/\/carhub.gr\/es\/?s={search_term_string}\"},\"query-input\":{\"@type\":\"PropertyValueSpecification\",\"valueRequired\":true,\"valueName\":\"search_term_string\"}}],\"inLanguage\":\"es\"},{\"@type\":\"Organization\",\"@id\":\"https:\/\/carhub.gr\/es\/#organization\",\"name\":\"Carhub\",\"url\":\"https:\/\/carhub.gr\/es\/\",\"logo\":{\"@type\":\"ImageObject\",\"inLanguage\":\"es\",\"@id\":\"https:\/\/carhub.gr\/es\/#\/schema\/logo\/image\/\",\"url\":\"https:\/\/carhub.gr\/wp-content\/uploads\/2025\/12\/logo-carhub-1.png\",\"contentUrl\":\"https:\/\/carhub.gr\/wp-content\/uploads\/2025\/12\/logo-carhub-1.png\",\"width\":182,\"height\":53,\"caption\":\"Carhub\"},\"image\":{\"@id\":\"https:\/\/carhub.gr\/es\/#\/schema\/logo\/image\/\"},\"sameAs\":[\"https:\/\/www.facebook.com\/carhub.gr\/\"]}]}<\/script>\n<!-- \/ Yoast SEO plugin. -->","yoast_head_json":{"title":"Rental Terms - Carhub","robots":{"index":"index","follow":"follow","max-snippet":"max-snippet:-1","max-image-preview":"max-image-preview:large","max-video-preview":"max-video-preview:-1"},"canonical":"https:\/\/carhub.gr\/es\/rental-terms\/","og_locale":"es_ES","og_type":"article","og_title":"Rental Terms - Carhub","og_description":"[vc_row][vc_column][vc_column_text css=\u00bb\u00bb] T\u00e9rminos de Alquiler Carhub T\u00e9rminos de Alquiler Edad En primer lugar, el conductor debe tener entre 23 y 70 a\u00f1os y poseer un permiso de conducir v\u00e1lido, expedido hace al menos 4 a\u00f1os. Licencia de conducir Tambi\u00e9n se requiere una licencia de conducir v\u00e1lida para todos los conductores registrados, con una validez m\u00ednima&hellip;","og_url":"https:\/\/carhub.gr\/es\/rental-terms\/","og_site_name":"Carhub","article_publisher":"https:\/\/www.facebook.com\/carhub.gr\/","article_modified_time":"2025-12-31T18:18:24+00:00","og_image":[{"width":1366,"height":768,"url":"https:\/\/carhub.gr\/wp-content\/uploads\/2025\/12\/pngegg-7-1.png","type":"image\/png"}],"twitter_card":"summary_large_image","twitter_misc":{"Tiempo de lectura":"4 minutos"},"schema":{"@context":"https:\/\/schema.org","@graph":[{"@type":"WebPage","@id":"https:\/\/carhub.gr\/es\/rental-terms\/","url":"https:\/\/carhub.gr\/es\/rental-terms\/","name":"Rental Terms - Carhub","isPartOf":{"@id":"https:\/\/carhub.gr\/es\/#website"},"datePublished":"2025-12-30T11:06:08+00:00","dateModified":"2025-12-31T18:18:24+00:00","breadcrumb":{"@id":"https:\/\/carhub.gr\/es\/rental-terms\/#breadcrumb"},"inLanguage":"es","potentialAction":[{"@type":"ReadAction","target":["https:\/\/carhub.gr\/es\/rental-terms\/"]}]},{"@type":"BreadcrumbList","@id":"https:\/\/carhub.gr\/es\/rental-terms\/#breadcrumb","itemListElement":[{"@type":"ListItem","position":1,"name":"Home","item":"https:\/\/carhub.gr\/es\/"},{"@type":"ListItem","position":2,"name":"Rental Terms"}]},{"@type":"WebSite","@id":"https:\/\/carhub.gr\/es\/#website","url":"https:\/\/carhub.gr\/es\/","name":"Carhub","description":"Rent a car Santorini - Santorini Car Hire","publisher":{"@id":"https:\/\/carhub.gr\/es\/#organization"},"alternateName":"RENT A CAR SANTORINI - SANTORINI CAR RENTAL","potentialAction":[{"@type":"SearchAction","target":{"@type":"EntryPoint","urlTemplate":"https:\/\/carhub.gr\/es\/?s={search_term_string}"},"query-input":{"@type":"PropertyValueSpecification","valueRequired":true,"valueName":"search_term_string"}}],"inLanguage":"es"},{"@type":"Organization","@id":"https:\/\/carhub.gr\/es\/#organization","name":"Carhub","url":"https:\/\/carhub.gr\/es\/","logo":{"@type":"ImageObject","inLanguage":"es","@id":"https:\/\/carhub.gr\/es\/#\/schema\/logo\/image\/","url":"https:\/\/carhub.gr\/wp-content\/uploads\/2025\/12\/logo-carhub-1.png","contentUrl":"https:\/\/carhub.gr\/wp-content\/uploads\/2025\/12\/logo-carhub-1.png","width":182,"height":53,"caption":"Carhub"},"image":{"@id":"https:\/\/carhub.gr\/es\/#\/schema\/logo\/image\/"},"sameAs":["https:\/\/www.facebook.com\/carhub.gr\/"]}]}},"_links":{"self":[{"href":"https:\/\/carhub.gr\/es\/wp-json\/wp\/v2\/pages\/2613","targetHints":{"allow":["GET"]}}],"collection":[{"href":"https:\/\/carhub.gr\/es\/wp-json\/wp\/v2\/pages"}],"about":[{"href":"https:\/\/carhub.gr\/es\/wp-json\/wp\/v2\/types\/page"}],"author":[{"embeddable":true,"href":"https:\/\/carhub.gr\/es\/wp-json\/wp\/v2\/users\/2"}],"replies":[{"embeddable":true,"href":"https:\/\/carhub.gr\/es\/wp-json\/wp\/v2\/comments?post=2613"}],"version-history":[{"count":1,"href":"https:\/\/carhub.gr\/es\/wp-json\/wp\/v2\/pages\/2613\/revisions"}],"predecessor-version":[{"id":2619,"href":"https:\/\/carhub.gr\/es\/wp-json\/wp\/v2\/pages\/2613\/revisions\/2619"}],"wp:attachment":[{"href":"https:\/\/carhub.gr\/es\/wp-json\/wp\/v2\/media?parent=2613"}],"curies":[{"name":"wp","href":"https:\/\/api.w.org\/{rel}","templated":true}]}}