{"id":3441,"date":"2026-01-14T23:08:43","date_gmt":"2026-01-14T21:08:43","guid":{"rendered":"https:\/\/carhub.gr\/santorini-foods-products\/"},"modified":"2026-01-14T23:14:34","modified_gmt":"2026-01-14T21:14:34","slug":"lebensmittelprodukte-aus-santorini","status":"publish","type":"page","link":"https:\/\/carhub.gr\/de\/lebensmittelprodukte-aus-santorini\/","title":{"rendered":"Lebensmittelprodukte aus Santorini"},"content":{"rendered":"<div class=\"wpb-content-wrapper\">[vc_row][vc_column][vc_column_text css=&#8220;&#8220;]\n<h1 class=\"western\" style=\"text-align: center;\"><span style=\"color: #000000;\"><span style=\"font-family: 'Source Sans Pro', Arial, sans-serif;\"><span style=\"font-size: xx-large;\">Lebensmittelprodukte aus Santorini<\/span><\/span><\/span><\/h1>\n<p style=\"text-align: left;\"><span style=\"color: #000000;\"><span style=\"font-family: Arial, sans-serif;\"><span style=\"font-size: small;\">Der einzigartige vulkanische Boden und das ideale Klima der Insel f\u00fchren zur Herstellung hochwertiger Lebensmittelprodukte aus Santorini. Dar\u00fcber hinaus ist die Insel f\u00fcr ihre Weinberge mit einer Geschichte bekannt, die sich in den Tiefen der Zeit verliert. Die vulkanische Aktivit\u00e4t hat den Boden besonders fruchtbar gemacht. Infolgedessen entwickelte sich die Landwirtschaft auf Santorini rasch und wurde weltweit bekannt.<\/span><\/span><\/span><\/p>\n<h3 style=\"text-align: center;\">Kapari<\/h3>\n<figure id=\"attachment_3432\" aria-describedby=\"caption-attachment-3432\" style=\"width: 300px\" class=\"wp-caption aligncenter\"><img loading=\"lazy\" decoding=\"async\" class=\"wp-image-3432 size-full\" src=\"https:\/\/carhub.gr\/wp-content\/uploads\/2026\/01\/28534726_10156503183785649_972435265_n-300x183-1.jpg\" alt=\"Lebensmittelprodukte aus Santorini\" width=\"300\" height=\"183\" \/><figcaption id=\"caption-attachment-3432\" class=\"wp-caption-text\">(Kapari)<\/figcaption><\/figure>\n<p align=\"LEFT\"><span style=\"color: #000000;\"><span style=\"font-family: Arial, sans-serif;\"><span style=\"font-size: small;\">F\u00fcr diejenigen, die nicht wissen, was <a href=\"https:\/\/en.wikipedia.org\/wiki\/Caper\" target=\"_blank\" rel=\"noopener noreferrer\">Kapari<\/a> ist: Dabei handelt es sich um junge Kapernstiele, die in Rotweinessig eingelegt werden. Sie unterscheiden sich von den eingelegten Kapernknospen, die den meisten Menschen bekannt sind. Die eingelegte Kapernknospe ist \u2013 wenig \u00fcberraschend \u2013 die eingelegte Knospe der Kapernpflanze. Meiner Meinung nach \u00e4hnelt Kapari geschmacklich nicht sehr den eingelegten Kapernknospen. Die Textur ist fleischiger, da Kapari aus Stiel und Bl\u00e4ttern besteht, und au\u00dferdem ist es weniger s\u00e4uerlich.<\/span><\/span><\/span><\/p>\n<h3 style=\"text-align: center;\" align=\"LEFT\"><span style=\"color: #000000;\"><span style=\"font-family: Arial, sans-serif;\"><span style=\"font-size: small;\">Kirschtomaten<\/span><\/span><\/span><\/h3>\n<figure id=\"attachment_3433\" aria-describedby=\"caption-attachment-3433\" style=\"width: 300px\" class=\"wp-caption aligncenter\"><img loading=\"lazy\" decoding=\"async\" class=\"wp-image-3433 size-full\" src=\"https:\/\/carhub.gr\/wp-content\/uploads\/2026\/01\/28537922_10156503184055649_1123957049_n-300x295-1.jpg\" alt=\"Lebensmittelprodukte aus Santorini\" width=\"300\" height=\"295\" \/><figcaption id=\"caption-attachment-3433\" class=\"wp-caption-text\">(Kirschtomaten)<\/figcaption><\/figure>\n<p style=\"text-align: left;\" align=\"LEFT\"><span style=\"color: #000000;\"><span style=\"font-family: Arial, sans-serif;\"><span style=\"font-size: small;\">Santorini ist nicht nur f\u00fcr seine landschaftliche Sch\u00f6nheit bekannt, sondern auch f\u00fcr seine einzigartigen Tomaten. Die ber\u00fchmte Santorini-Tomate ist klein, aber \u00e4u\u00dferst schmackhaft. Sie sind so klein, dass viele Besucher der Insel kaum glauben k\u00f6nnen, dass es sich tats\u00e4chlich um Tomaten und nicht um Kirschen handelt. Die charakteristischen <a href=\"https:\/\/www.greeka.com\/cyclades\/santorini\/santorini-products\/cherry-tomatoes.html\" target=\"_blank\" rel=\"noopener noreferrer\">Tomaten aus Santorini<\/a> sind einzigartig und wachsen ausschlie\u00dflich in dieser Region der Welt.<\/span><\/span><\/span><\/p>\n<h3 style=\"text-align: center;\" align=\"LEFT\">Fava<\/h3>\n<figure id=\"attachment_3434\" aria-describedby=\"caption-attachment-3434\" style=\"width: 300px\" class=\"wp-caption aligncenter\"><img loading=\"lazy\" decoding=\"async\" class=\"wp-image-3434 size-full\" src=\"https:\/\/carhub.gr\/wp-content\/uploads\/2026\/01\/28535457_10156503183360649_687496869_n-300x221-1.jpg\" alt=\"Lebensmittelprodukte aus Santorini\" width=\"300\" height=\"221\" \/><figcaption id=\"caption-attachment-3434\" class=\"wp-caption-text\">(Fava)<\/figcaption><\/figure>\n<p align=\"LEFT\"><span style=\"color: #000000;\"><span style=\"font-family: Arial, sans-serif;\"><span style=\"font-size: small;\">Die <a href=\"https:\/\/www.greeka.com\/cyclades\/santorini\/santorini-products\/santorini-fava.html\" target=\"_blank\" rel=\"noopener noreferrer\">Fava-Bohnen<\/a> z\u00e4hlen zu den traditionellsten und besonders gesch\u00e4tzten Produkten Santorinis. Es handelt sich um eine Art gelber Erbsen, die aus der Pflanze Lathyrus Clymenum gewonnen werden. Sie werden ausschlie\u00dflich auf Santorini und der nahegelegenen Insel Anafi angebaut. Der vulkanische Boden ist vermutlich der Grund, warum dieses Produkt in ganz Griechenland nur hier kultiviert wird. Es gilt als das traditionellste Produkt der Insel.<\/span><\/span><\/span><\/p>\n<h3 style=\"text-align: center;\" align=\"LEFT\"><span style=\"color: #000000;\"><span style=\"font-family: Arial, sans-serif;\"><span style=\"font-size: small;\">Tomatokeftedes<\/span><\/span><\/span><\/h3>\n<figure id=\"attachment_3435\" aria-describedby=\"caption-attachment-3435\" style=\"width: 244px\" class=\"wp-caption aligncenter\"><a href=\"https:\/\/www.greeka.com\/cyclades\/santorini\/recipes\/tomatokeftedes.htm\" target=\"_blank\" rel=\"noopener noreferrer\"><img loading=\"lazy\" decoding=\"async\" class=\"wp-image-3435 size-full\" src=\"https:\/\/carhub.gr\/wp-content\/uploads\/2026\/01\/28511760_10156503184300649_487692015_n-244x300-1.jpg\" alt=\"tomatokeftedes\" width=\"244\" height=\"300\" \/><\/a><figcaption id=\"caption-attachment-3435\" class=\"wp-caption-text\">(Bild von Tomatokeftedes)<\/figcaption><\/figure>\n<p align=\"LEFT\"><span style=\"color: #000000;\"><span style=\"font-family: Arial, sans-serif;\"><span style=\"font-size: small;\"><a href=\"https:\/\/www.greeka.com\/cyclades\/santorini\/recipes\/tomatokeftedes.htm\" target=\"_blank\" rel=\"noopener noreferrer\">Tomatokeftedes<\/a> sind ein traditionelles Gericht aus Santorini. Sie sind eine sehr beliebte Vorspeise auf der Insel und ihre Zubereitung \u00e4hnelt der von Fleischb\u00e4llchen.<\/span><\/span><\/span><\/p>\n<h3 style=\"text-align: center;\" align=\"LEFT\">Sfougato<\/h3>\n<figure id=\"attachment_3436\" aria-describedby=\"caption-attachment-3436\" style=\"width: 300px\" class=\"wp-caption aligncenter\"><img loading=\"lazy\" decoding=\"async\" class=\"wp-image-3436 size-full\" src=\"https:\/\/carhub.gr\/wp-content\/uploads\/2026\/01\/28535387_10156503183575649_385992677_n-300x298-1.jpg\" alt=\"Lebensmittelprodukte aus Santorini\" width=\"300\" height=\"298\" srcset=\"https:\/\/carhub.gr\/wp-content\/uploads\/2026\/01\/28535387_10156503183575649_385992677_n-300x298-1.jpg 300w, https:\/\/carhub.gr\/wp-content\/uploads\/2026\/01\/28535387_10156503183575649_385992677_n-300x298-1-150x150.jpg 150w\" sizes=\"auto, (max-width: 300px) 100vw, 300px\" \/><figcaption id=\"caption-attachment-3436\" class=\"wp-caption-text\">(Bild von Sfougato)<\/figcaption><\/figure>\n<p align=\"LEFT\"><span style=\"color: #000000;\"><span style=\"font-family: Arial, sans-serif;\"><span style=\"font-size: small;\">Das <a href=\"http:\/\/bwydbydbywyd.blogspot.gr\/2017\/02\/sfougato-santorini.html\" target=\"_blank\" rel=\"noopener noreferrer\">Sfougato<\/a> ist eine traditionelle herzhafte griechische Quiche \u2013 allerdings ohne Teig. Diese Version mit Zucchini und gr\u00fcner Minze ist typisch f\u00fcr Santorini und ihre Aromen versetzen einen sofort zur\u00fcck auf diese beeindruckende Insel in der \u00c4g\u00e4is.<\/span><\/span><\/span><\/p>\n<h3 style=\"text-align: center;\" align=\"LEFT\">Meletinia<\/h3>\n<figure id=\"attachment_3437\" aria-describedby=\"caption-attachment-3437\" style=\"width: 224px\" class=\"wp-caption aligncenter\"><img loading=\"lazy\" decoding=\"async\" class=\"wp-image-3437 size-full\" src=\"https:\/\/carhub.gr\/wp-content\/uploads\/2026\/01\/28512734_10156503184080649_1338061094_n-224x300-1.jpg\" alt=\"meletinia\" width=\"224\" height=\"300\" \/><figcaption id=\"caption-attachment-3437\" class=\"wp-caption-text\">(Meletinia)<\/figcaption><\/figure>\n<p align=\"LEFT\"><span style=\"color: #000000;\"><span style=\"font-family: Arial, sans-serif;\"><span style=\"font-size: small;\">Die <a href=\"https:\/\/www.greeka.com\/cyclades\/santorini\/recipes\/melitinia-cookies.htm\" target=\"_blank\" rel=\"noopener noreferrer\">Meletinia<\/a> auf Santorini sind traditionelle S\u00fc\u00dfigkeiten, die zu Hochzeiten, Verlobungen und Festen serviert werden. Sie werden aus ungesalzenem Mizithra-K\u00e4se und Joghurt hergestellt und verstr\u00f6men einen angenehmen Duft von Mastix. Man findet sie in den traditionellen B\u00e4ckereien Santorinis.<\/span><\/span><\/span><\/p>\n<p align=\"LEFT\">Planen Sie abschlie\u00dfend eine kulinarische Rundreise und probieren Sie alle Lebensmittelprodukte aus Santorini, indem Sie ein Auto bei <a href=\"http:\/\/carhub.gr\/\">Carhub<\/a> mieten.<\/p>\n[\/vc_column_text][\/vc_column][\/vc_row]\n<\/div>","protected":false},"excerpt":{"rendered":"<p>[vc_row][vc_column][vc_column_text css=&#8220;&#8220;] Lebensmittelprodukte aus Santorini Der einzigartige vulkanische Boden und das ideale Klima der Insel f\u00fchren zur Herstellung hochwertiger Lebensmittelprodukte aus Santorini. Dar\u00fcber hinaus ist die Insel f\u00fcr ihre Weinberge mit einer Geschichte bekannt, die sich in den Tiefen der Zeit verliert. Die vulkanische Aktivit\u00e4t hat den Boden besonders fruchtbar gemacht. Infolgedessen entwickelte sich die&hellip;<\/p>\n","protected":false},"author":2,"featured_media":0,"parent":0,"menu_order":0,"comment_status":"closed","ping_status":"closed","template":"templates\/no-sidebar.php","meta":{"footnotes":""},"class_list":["post-3441","page","type-page","status-publish","hentry","entry","no-media"],"yoast_head":"<!-- This site is optimized with the Yoast SEO plugin v27.2 - https:\/\/yoast.com\/product\/yoast-seo-wordpress\/ -->\n<title>Lebensmittelprodukte aus Santorini - Carhub<\/title>\n<meta name=\"robots\" content=\"index, follow, max-snippet:-1, max-image-preview:large, max-video-preview:-1\" \/>\n<link rel=\"canonical\" href=\"https:\/\/carhub.gr\/de\/lebensmittelprodukte-aus-santorini\/\" \/>\n<meta property=\"og:locale\" content=\"de_DE\" \/>\n<meta property=\"og:type\" content=\"article\" \/>\n<meta property=\"og:title\" content=\"Lebensmittelprodukte aus Santorini - Carhub\" \/>\n<meta property=\"og:description\" content=\"[vc_row][vc_column][vc_column_text css=&#8220;&#8220;] Lebensmittelprodukte aus Santorini Der einzigartige vulkanische Boden und das ideale Klima der Insel f\u00fchren zur Herstellung hochwertiger Lebensmittelprodukte aus Santorini. Dar\u00fcber hinaus ist die Insel f\u00fcr ihre Weinberge mit einer Geschichte bekannt, die sich in den Tiefen der Zeit verliert. Die vulkanische Aktivit\u00e4t hat den Boden besonders fruchtbar gemacht. Infolgedessen entwickelte sich die&hellip;\" \/>\n<meta property=\"og:url\" content=\"https:\/\/carhub.gr\/de\/lebensmittelprodukte-aus-santorini\/\" \/>\n<meta property=\"og:site_name\" content=\"Carhub\" \/>\n<meta property=\"article:publisher\" content=\"https:\/\/www.facebook.com\/carhub.gr\/\" \/>\n<meta property=\"article:modified_time\" content=\"2026-01-14T21:14:34+00:00\" \/>\n<meta property=\"og:image\" content=\"https:\/\/carhub.gr\/wp-content\/uploads\/2026\/01\/28534726_10156503183785649_972435265_n-300x183-1.jpg\" \/>\n\t<meta property=\"og:image:width\" content=\"300\" \/>\n\t<meta property=\"og:image:height\" content=\"183\" \/>\n\t<meta property=\"og:image:type\" content=\"image\/jpeg\" \/>\n<meta name=\"twitter:card\" content=\"summary_large_image\" \/>\n<meta name=\"twitter:label1\" content=\"Gesch\u00e4tzte Lesezeit\" \/>\n\t<meta name=\"twitter:data1\" content=\"4\u00a0Minuten\" \/>\n<script type=\"application\/ld+json\" class=\"yoast-schema-graph\">{\"@context\":\"https:\/\/schema.org\",\"@graph\":[{\"@type\":\"WebPage\",\"@id\":\"https:\/\/carhub.gr\/de\/lebensmittelprodukte-aus-santorini\/\",\"url\":\"https:\/\/carhub.gr\/de\/lebensmittelprodukte-aus-santorini\/\",\"name\":\"Lebensmittelprodukte aus Santorini - Carhub\",\"isPartOf\":{\"@id\":\"https:\/\/carhub.gr\/de\/#website\"},\"primaryImageOfPage\":{\"@id\":\"https:\/\/carhub.gr\/de\/lebensmittelprodukte-aus-santorini\/#primaryimage\"},\"image\":{\"@id\":\"https:\/\/carhub.gr\/de\/lebensmittelprodukte-aus-santorini\/#primaryimage\"},\"thumbnailUrl\":\"https:\/\/carhub.gr\/wp-content\/uploads\/2026\/01\/28534726_10156503183785649_972435265_n-300x183-1.jpg\",\"datePublished\":\"2026-01-14T21:08:43+00:00\",\"dateModified\":\"2026-01-14T21:14:34+00:00\",\"breadcrumb\":{\"@id\":\"https:\/\/carhub.gr\/de\/lebensmittelprodukte-aus-santorini\/#breadcrumb\"},\"inLanguage\":\"de\",\"potentialAction\":[{\"@type\":\"ReadAction\",\"target\":[\"https:\/\/carhub.gr\/de\/lebensmittelprodukte-aus-santorini\/\"]}]},{\"@type\":\"ImageObject\",\"inLanguage\":\"de\",\"@id\":\"https:\/\/carhub.gr\/de\/lebensmittelprodukte-aus-santorini\/#primaryimage\",\"url\":\"https:\/\/carhub.gr\/wp-content\/uploads\/2026\/01\/28534726_10156503183785649_972435265_n-300x183-1.jpg\",\"contentUrl\":\"https:\/\/carhub.gr\/wp-content\/uploads\/2026\/01\/28534726_10156503183785649_972435265_n-300x183-1.jpg\"},{\"@type\":\"BreadcrumbList\",\"@id\":\"https:\/\/carhub.gr\/de\/lebensmittelprodukte-aus-santorini\/#breadcrumb\",\"itemListElement\":[{\"@type\":\"ListItem\",\"position\":1,\"name\":\"Home\",\"item\":\"https:\/\/carhub.gr\/de\/\"},{\"@type\":\"ListItem\",\"position\":2,\"name\":\"Lebensmittelprodukte aus Santorini\"}]},{\"@type\":\"WebSite\",\"@id\":\"https:\/\/carhub.gr\/de\/#website\",\"url\":\"https:\/\/carhub.gr\/de\/\",\"name\":\"Carhub\",\"description\":\"Rent a car Santorini - Santorini Car Hire\",\"publisher\":{\"@id\":\"https:\/\/carhub.gr\/de\/#organization\"},\"alternateName\":\"RENT A CAR SANTORINI - SANTORINI CAR RENTAL\",\"potentialAction\":[{\"@type\":\"SearchAction\",\"target\":{\"@type\":\"EntryPoint\",\"urlTemplate\":\"https:\/\/carhub.gr\/de\/?s={search_term_string}\"},\"query-input\":{\"@type\":\"PropertyValueSpecification\",\"valueRequired\":true,\"valueName\":\"search_term_string\"}}],\"inLanguage\":\"de\"},{\"@type\":\"Organization\",\"@id\":\"https:\/\/carhub.gr\/de\/#organization\",\"name\":\"Carhub\",\"url\":\"https:\/\/carhub.gr\/de\/\",\"logo\":{\"@type\":\"ImageObject\",\"inLanguage\":\"de\",\"@id\":\"https:\/\/carhub.gr\/de\/#\/schema\/logo\/image\/\",\"url\":\"https:\/\/carhub.gr\/wp-content\/uploads\/2025\/12\/logo-carhub-1.png\",\"contentUrl\":\"https:\/\/carhub.gr\/wp-content\/uploads\/2025\/12\/logo-carhub-1.png\",\"width\":182,\"height\":53,\"caption\":\"Carhub\"},\"image\":{\"@id\":\"https:\/\/carhub.gr\/de\/#\/schema\/logo\/image\/\"},\"sameAs\":[\"https:\/\/www.facebook.com\/carhub.gr\/\"]}]}<\/script>\n<!-- \/ Yoast SEO plugin. -->","yoast_head_json":{"title":"Lebensmittelprodukte aus Santorini - Carhub","robots":{"index":"index","follow":"follow","max-snippet":"max-snippet:-1","max-image-preview":"max-image-preview:large","max-video-preview":"max-video-preview:-1"},"canonical":"https:\/\/carhub.gr\/de\/lebensmittelprodukte-aus-santorini\/","og_locale":"de_DE","og_type":"article","og_title":"Lebensmittelprodukte aus Santorini - Carhub","og_description":"[vc_row][vc_column][vc_column_text css=&#8220;&#8220;] Lebensmittelprodukte aus Santorini Der einzigartige vulkanische Boden und das ideale Klima der Insel f\u00fchren zur Herstellung hochwertiger Lebensmittelprodukte aus Santorini. Dar\u00fcber hinaus ist die Insel f\u00fcr ihre Weinberge mit einer Geschichte bekannt, die sich in den Tiefen der Zeit verliert. Die vulkanische Aktivit\u00e4t hat den Boden besonders fruchtbar gemacht. Infolgedessen entwickelte sich die&hellip;","og_url":"https:\/\/carhub.gr\/de\/lebensmittelprodukte-aus-santorini\/","og_site_name":"Carhub","article_publisher":"https:\/\/www.facebook.com\/carhub.gr\/","article_modified_time":"2026-01-14T21:14:34+00:00","og_image":[{"width":300,"height":183,"url":"https:\/\/carhub.gr\/wp-content\/uploads\/2026\/01\/28534726_10156503183785649_972435265_n-300x183-1.jpg","type":"image\/jpeg"}],"twitter_card":"summary_large_image","twitter_misc":{"Gesch\u00e4tzte Lesezeit":"4\u00a0Minuten"},"schema":{"@context":"https:\/\/schema.org","@graph":[{"@type":"WebPage","@id":"https:\/\/carhub.gr\/de\/lebensmittelprodukte-aus-santorini\/","url":"https:\/\/carhub.gr\/de\/lebensmittelprodukte-aus-santorini\/","name":"Lebensmittelprodukte aus Santorini - Carhub","isPartOf":{"@id":"https:\/\/carhub.gr\/de\/#website"},"primaryImageOfPage":{"@id":"https:\/\/carhub.gr\/de\/lebensmittelprodukte-aus-santorini\/#primaryimage"},"image":{"@id":"https:\/\/carhub.gr\/de\/lebensmittelprodukte-aus-santorini\/#primaryimage"},"thumbnailUrl":"https:\/\/carhub.gr\/wp-content\/uploads\/2026\/01\/28534726_10156503183785649_972435265_n-300x183-1.jpg","datePublished":"2026-01-14T21:08:43+00:00","dateModified":"2026-01-14T21:14:34+00:00","breadcrumb":{"@id":"https:\/\/carhub.gr\/de\/lebensmittelprodukte-aus-santorini\/#breadcrumb"},"inLanguage":"de","potentialAction":[{"@type":"ReadAction","target":["https:\/\/carhub.gr\/de\/lebensmittelprodukte-aus-santorini\/"]}]},{"@type":"ImageObject","inLanguage":"de","@id":"https:\/\/carhub.gr\/de\/lebensmittelprodukte-aus-santorini\/#primaryimage","url":"https:\/\/carhub.gr\/wp-content\/uploads\/2026\/01\/28534726_10156503183785649_972435265_n-300x183-1.jpg","contentUrl":"https:\/\/carhub.gr\/wp-content\/uploads\/2026\/01\/28534726_10156503183785649_972435265_n-300x183-1.jpg"},{"@type":"BreadcrumbList","@id":"https:\/\/carhub.gr\/de\/lebensmittelprodukte-aus-santorini\/#breadcrumb","itemListElement":[{"@type":"ListItem","position":1,"name":"Home","item":"https:\/\/carhub.gr\/de\/"},{"@type":"ListItem","position":2,"name":"Lebensmittelprodukte aus Santorini"}]},{"@type":"WebSite","@id":"https:\/\/carhub.gr\/de\/#website","url":"https:\/\/carhub.gr\/de\/","name":"Carhub","description":"Rent a car Santorini - Santorini Car Hire","publisher":{"@id":"https:\/\/carhub.gr\/de\/#organization"},"alternateName":"RENT A CAR SANTORINI - SANTORINI CAR RENTAL","potentialAction":[{"@type":"SearchAction","target":{"@type":"EntryPoint","urlTemplate":"https:\/\/carhub.gr\/de\/?s={search_term_string}"},"query-input":{"@type":"PropertyValueSpecification","valueRequired":true,"valueName":"search_term_string"}}],"inLanguage":"de"},{"@type":"Organization","@id":"https:\/\/carhub.gr\/de\/#organization","name":"Carhub","url":"https:\/\/carhub.gr\/de\/","logo":{"@type":"ImageObject","inLanguage":"de","@id":"https:\/\/carhub.gr\/de\/#\/schema\/logo\/image\/","url":"https:\/\/carhub.gr\/wp-content\/uploads\/2025\/12\/logo-carhub-1.png","contentUrl":"https:\/\/carhub.gr\/wp-content\/uploads\/2025\/12\/logo-carhub-1.png","width":182,"height":53,"caption":"Carhub"},"image":{"@id":"https:\/\/carhub.gr\/de\/#\/schema\/logo\/image\/"},"sameAs":["https:\/\/www.facebook.com\/carhub.gr\/"]}]}},"_links":{"self":[{"href":"https:\/\/carhub.gr\/de\/wp-json\/wp\/v2\/pages\/3441","targetHints":{"allow":["GET"]}}],"collection":[{"href":"https:\/\/carhub.gr\/de\/wp-json\/wp\/v2\/pages"}],"about":[{"href":"https:\/\/carhub.gr\/de\/wp-json\/wp\/v2\/types\/page"}],"author":[{"embeddable":true,"href":"https:\/\/carhub.gr\/de\/wp-json\/wp\/v2\/users\/2"}],"replies":[{"embeddable":true,"href":"https:\/\/carhub.gr\/de\/wp-json\/wp\/v2\/comments?post=3441"}],"version-history":[{"count":3,"href":"https:\/\/carhub.gr\/de\/wp-json\/wp\/v2\/pages\/3441\/revisions"}],"predecessor-version":[{"id":3467,"href":"https:\/\/carhub.gr\/de\/wp-json\/wp\/v2\/pages\/3441\/revisions\/3467"}],"wp:attachment":[{"href":"https:\/\/carhub.gr\/de\/wp-json\/wp\/v2\/media?parent=3441"}],"curies":[{"name":"wp","href":"https:\/\/api.w.org\/{rel}","templated":true}]}}