{"id":3390,"date":"2026-01-14T22:25:40","date_gmt":"2026-01-14T20:25:40","guid":{"rendered":"https:\/\/carhub.gr\/santorini-volcanic-beaches\/"},"modified":"2026-01-14T22:33:15","modified_gmt":"2026-01-14T20:33:15","slug":"vulkanische-straende-von-santorini","status":"publish","type":"page","link":"https:\/\/carhub.gr\/de\/vulkanische-straende-von-santorini\/","title":{"rendered":"Vulkanische Str\u00e4nde von Santorini"},"content":{"rendered":"<div class=\"wpb-content-wrapper\">[vc_row][vc_column][vc_column_text css=&#8220;&#8220;]\n<h1 style=\"text-align: center;\">Vulkanische Str\u00e4nde von Santorini<\/h1>\n<figure id=\"attachment_3386\" aria-describedby=\"caption-attachment-3386\" style=\"width: 300px\" class=\"wp-caption aligncenter\"><img loading=\"lazy\" decoding=\"async\" class=\"wp-image-3386 size-full\" src=\"https:\/\/carhub.gr\/wp-content\/uploads\/2026\/01\/31318159_10156669179530649_6716188983803510784_n-300x296-1.jpg\" alt=\"Str\u00e4nde von Santorini\" width=\"300\" height=\"296\" \/><figcaption id=\"caption-attachment-3386\" class=\"wp-caption-text\">Str\u00e4nde von Santorini<\/figcaption><\/figure>\n<h2 style=\"text-align: center;\">Die sch\u00f6nsten Str\u00e4nde von Santorini<\/h2>\n<h3 style=\"text-align: center;\">Roter Strand von Santorini<\/h3>\n<p style=\"text-align: left;\" align=\"LEFT\"><span style=\"font-family: Arial, sans-serif;\"><span style=\"font-size: small;\">Einer der bekanntesten ist der <a href=\"https:\/\/www.youtube.com\/watch?v=6zmb8JUTQUU\" target=\"_blank\" rel=\"noopener noreferrer\">Rote Strand von Akrotiri<\/a>. Er ist ber\u00fchmt f\u00fcr sein einzigartiges vulkanisches Erscheinungsbild mit roten Felsen, r\u00f6tlichem Sand und dem markanten H\u00fcgel im Hintergrund.<\/span><\/span><span style=\"color: #000000;\"><span style=\"font-family: Arial, sans-serif;\"><span style=\"font-size: small;\">In der N\u00e4he von Akrotiri gelegen, besteht der Strand aus kleinen roten Steinen und Kieseln. Um ihn zu erreichen, muss man etwa 15 Minuten \u00fcber einen schmalen Pfad laufen. Es gibt Sonnenschirme und Liegen sowie einige kleine Bars, in denen Getr\u00e4nke und Snacks angeboten werden.<\/span><\/span><\/span><\/p>\n<h3 style=\"text-align: center;\" align=\"LEFT\">Wei\u00dfer Strand von Santorini<\/h3>\n<p align=\"LEFT\"><span style=\"font-family: Arial, sans-serif;\"><span style=\"font-size: small;\">Der <a href=\"https:\/\/www.youtube.com\/watch?v=sNeUYunCzbQ\" target=\"_blank\" rel=\"noopener noreferrer\">Wei\u00dfe Strand im Gebiet von Vlychada<\/a> ist mit dem Auto leicht erreichbar und liegt an der S\u00fcdk\u00fcste von Santorini. Er zeichnet sich durch beeindruckende, kunstvoll geformte Klippen aus, die wie Skulpturen wirken, jedoch das Ergebnis nat\u00fcrlicher Prozesse von Vulkan, Wind und Meer sind. Der Strand wurde mit der Blauen Flagge ausgezeichnet, bietet tiefblaues Wasser, schwarzen Sand und einen Rettungsschwimmer.<\/span><\/span><\/p>\n<h3 style=\"text-align: center;\">Schwarzer Strand<\/h3>\n<p align=\"LEFT\"><span style=\"font-family: Arial, sans-serif;\"><span style=\"font-size: small;\"><a href=\"https:\/\/www.youtube.com\/watch?v=BCoA_dzkKiU\" target=\"_blank\" rel=\"noopener noreferrer\">Der Schwarze Strand von Kamari<\/a><\/span><\/span><span style=\"color: #000000;\"><span style=\"font-family: Arial, sans-serif;\"><span style=\"font-size: small;\"> ist ein bekannter Badeort auf Santorini, etwa 10 km s\u00fcd\u00f6stlich von Fira, der Inselhauptstadt. \u00c4hnlich wie die Landschaft von Perissa ist der Strand mit schwarzem Sand bedeckt, w\u00e4hrend sich auf der linken Seite ein gewaltiger Felsen namens Mesa Vouno aus dem Meer erhebt. Die Gegend ist besonders reizvoll, vor allem abends, wenn der Felsen im Dunkeln hervorsticht. Der Strand von Kamari ist vollst\u00e4ndig organisiert und bietet zahlreiche Einrichtungen wie Liegen, Sonnenschirme und verschiedene Wassersportarten.<\/span><\/span><\/span><\/p>\n<p align=\"LEFT\"><span style=\"color: #000000;\"><span style=\"font-family: Arial, sans-serif;\"><span style=\"font-size: small;\">Der <a href=\"https:\/\/www.youtube.com\/watch?v=KkKmTby6et4\" target=\"_blank\" rel=\"noopener noreferrer\">Schwarze Strand von Perivolos<\/a> liegt in unmittelbarer N\u00e4he von Perissa, nur 3 km entfernt. Dieser wundersch\u00f6ne Strand von Santorini befindet sich am s\u00fcdlichen Ende der Insel und zeichnet sich durch sein kristallklares, azurblaues Wasser und seine ruhige Atmosph\u00e4re aus. Entlang der Strandpromenade gibt es zahlreiche Tavernen, Bars und Restaurants, die frischen Fisch und lokale Spezialit\u00e4ten servieren.<\/span><\/span><\/span><\/p>\n<p align=\"LEFT\"><span style=\"font-family: Arial, sans-serif;\"><span style=\"font-size: small;\">W\u00e4hlen Sie schlie\u00dflich Ihren Lieblingsstrand und erreichen Sie ihn bequem, indem Sie ein Auto bei <a href=\"http:\/\/carhub.gr\/\" target=\"_blank\" rel=\"noopener noreferrer\">Carhub<\/a> mieten.<\/span><\/span><\/p>\n[\/vc_column_text][\/vc_column][\/vc_row]\n<\/div>","protected":false},"excerpt":{"rendered":"<p>[vc_row][vc_column][vc_column_text css=&#8220;&#8220;] Vulkanische Str\u00e4nde von Santorini Die sch\u00f6nsten Str\u00e4nde von Santorini Roter Strand von Santorini Einer der bekanntesten ist der Rote Strand von Akrotiri. Er ist ber\u00fchmt f\u00fcr sein einzigartiges vulkanisches Erscheinungsbild mit roten Felsen, r\u00f6tlichem Sand und dem markanten H\u00fcgel im Hintergrund.In der N\u00e4he von Akrotiri gelegen, besteht der Strand aus kleinen roten Steinen&hellip;<\/p>\n","protected":false},"author":2,"featured_media":0,"parent":0,"menu_order":0,"comment_status":"closed","ping_status":"closed","template":"templates\/no-sidebar.php","meta":{"footnotes":""},"class_list":["post-3390","page","type-page","status-publish","hentry","entry","no-media"],"yoast_head":"<!-- This site is optimized with the Yoast SEO plugin v27.2 - https:\/\/yoast.com\/product\/yoast-seo-wordpress\/ -->\n<title>Vulkanische Str\u00e4nde von Santorini - Carhub<\/title>\n<meta name=\"robots\" content=\"index, follow, max-snippet:-1, max-image-preview:large, max-video-preview:-1\" \/>\n<link rel=\"canonical\" href=\"https:\/\/carhub.gr\/de\/vulkanische-straende-von-santorini\/\" \/>\n<meta property=\"og:locale\" content=\"de_DE\" \/>\n<meta property=\"og:type\" content=\"article\" \/>\n<meta property=\"og:title\" content=\"Vulkanische Str\u00e4nde von Santorini - Carhub\" \/>\n<meta property=\"og:description\" content=\"[vc_row][vc_column][vc_column_text css=&#8220;&#8220;] Vulkanische Str\u00e4nde von Santorini Die sch\u00f6nsten Str\u00e4nde von Santorini Roter Strand von Santorini Einer der bekanntesten ist der Rote Strand von Akrotiri. Er ist ber\u00fchmt f\u00fcr sein einzigartiges vulkanisches Erscheinungsbild mit roten Felsen, r\u00f6tlichem Sand und dem markanten H\u00fcgel im Hintergrund.In der N\u00e4he von Akrotiri gelegen, besteht der Strand aus kleinen roten Steinen&hellip;\" \/>\n<meta property=\"og:url\" content=\"https:\/\/carhub.gr\/de\/vulkanische-straende-von-santorini\/\" \/>\n<meta property=\"og:site_name\" content=\"Carhub\" \/>\n<meta property=\"article:publisher\" content=\"https:\/\/www.facebook.com\/carhub.gr\/\" \/>\n<meta property=\"article:modified_time\" content=\"2026-01-14T20:33:15+00:00\" \/>\n<meta property=\"og:image\" content=\"https:\/\/carhub.gr\/wp-content\/uploads\/2026\/01\/31318159_10156669179530649_6716188983803510784_n-300x296-1.jpg\" \/>\n\t<meta property=\"og:image:width\" content=\"300\" \/>\n\t<meta property=\"og:image:height\" content=\"296\" \/>\n\t<meta property=\"og:image:type\" content=\"image\/jpeg\" \/>\n<meta name=\"twitter:card\" content=\"summary_large_image\" \/>\n<meta name=\"twitter:label1\" content=\"Gesch\u00e4tzte Lesezeit\" \/>\n\t<meta name=\"twitter:data1\" content=\"2\u00a0Minuten\" \/>\n<script type=\"application\/ld+json\" class=\"yoast-schema-graph\">{\"@context\":\"https:\/\/schema.org\",\"@graph\":[{\"@type\":\"WebPage\",\"@id\":\"https:\/\/carhub.gr\/de\/vulkanische-straende-von-santorini\/\",\"url\":\"https:\/\/carhub.gr\/de\/vulkanische-straende-von-santorini\/\",\"name\":\"Vulkanische Str\u00e4nde von Santorini - Carhub\",\"isPartOf\":{\"@id\":\"https:\/\/carhub.gr\/de\/#website\"},\"primaryImageOfPage\":{\"@id\":\"https:\/\/carhub.gr\/de\/vulkanische-straende-von-santorini\/#primaryimage\"},\"image\":{\"@id\":\"https:\/\/carhub.gr\/de\/vulkanische-straende-von-santorini\/#primaryimage\"},\"thumbnailUrl\":\"https:\/\/carhub.gr\/wp-content\/uploads\/2026\/01\/31318159_10156669179530649_6716188983803510784_n-300x296-1.jpg\",\"datePublished\":\"2026-01-14T20:25:40+00:00\",\"dateModified\":\"2026-01-14T20:33:15+00:00\",\"breadcrumb\":{\"@id\":\"https:\/\/carhub.gr\/de\/vulkanische-straende-von-santorini\/#breadcrumb\"},\"inLanguage\":\"de\",\"potentialAction\":[{\"@type\":\"ReadAction\",\"target\":[\"https:\/\/carhub.gr\/de\/vulkanische-straende-von-santorini\/\"]}]},{\"@type\":\"ImageObject\",\"inLanguage\":\"de\",\"@id\":\"https:\/\/carhub.gr\/de\/vulkanische-straende-von-santorini\/#primaryimage\",\"url\":\"https:\/\/carhub.gr\/wp-content\/uploads\/2026\/01\/31318159_10156669179530649_6716188983803510784_n-300x296-1.jpg\",\"contentUrl\":\"https:\/\/carhub.gr\/wp-content\/uploads\/2026\/01\/31318159_10156669179530649_6716188983803510784_n-300x296-1.jpg\"},{\"@type\":\"BreadcrumbList\",\"@id\":\"https:\/\/carhub.gr\/de\/vulkanische-straende-von-santorini\/#breadcrumb\",\"itemListElement\":[{\"@type\":\"ListItem\",\"position\":1,\"name\":\"Home\",\"item\":\"https:\/\/carhub.gr\/de\/\"},{\"@type\":\"ListItem\",\"position\":2,\"name\":\"Vulkanische Str\u00e4nde von Santorini\"}]},{\"@type\":\"WebSite\",\"@id\":\"https:\/\/carhub.gr\/de\/#website\",\"url\":\"https:\/\/carhub.gr\/de\/\",\"name\":\"Carhub\",\"description\":\"Rent a car Santorini - Santorini Car Hire\",\"publisher\":{\"@id\":\"https:\/\/carhub.gr\/de\/#organization\"},\"alternateName\":\"RENT A CAR SANTORINI - SANTORINI CAR RENTAL\",\"potentialAction\":[{\"@type\":\"SearchAction\",\"target\":{\"@type\":\"EntryPoint\",\"urlTemplate\":\"https:\/\/carhub.gr\/de\/?s={search_term_string}\"},\"query-input\":{\"@type\":\"PropertyValueSpecification\",\"valueRequired\":true,\"valueName\":\"search_term_string\"}}],\"inLanguage\":\"de\"},{\"@type\":\"Organization\",\"@id\":\"https:\/\/carhub.gr\/de\/#organization\",\"name\":\"Carhub\",\"url\":\"https:\/\/carhub.gr\/de\/\",\"logo\":{\"@type\":\"ImageObject\",\"inLanguage\":\"de\",\"@id\":\"https:\/\/carhub.gr\/de\/#\/schema\/logo\/image\/\",\"url\":\"https:\/\/carhub.gr\/wp-content\/uploads\/2025\/12\/logo-carhub-1.png\",\"contentUrl\":\"https:\/\/carhub.gr\/wp-content\/uploads\/2025\/12\/logo-carhub-1.png\",\"width\":182,\"height\":53,\"caption\":\"Carhub\"},\"image\":{\"@id\":\"https:\/\/carhub.gr\/de\/#\/schema\/logo\/image\/\"},\"sameAs\":[\"https:\/\/www.facebook.com\/carhub.gr\/\"]}]}<\/script>\n<!-- \/ Yoast SEO plugin. -->","yoast_head_json":{"title":"Vulkanische Str\u00e4nde von Santorini - Carhub","robots":{"index":"index","follow":"follow","max-snippet":"max-snippet:-1","max-image-preview":"max-image-preview:large","max-video-preview":"max-video-preview:-1"},"canonical":"https:\/\/carhub.gr\/de\/vulkanische-straende-von-santorini\/","og_locale":"de_DE","og_type":"article","og_title":"Vulkanische Str\u00e4nde von Santorini - Carhub","og_description":"[vc_row][vc_column][vc_column_text css=&#8220;&#8220;] Vulkanische Str\u00e4nde von Santorini Die sch\u00f6nsten Str\u00e4nde von Santorini Roter Strand von Santorini Einer der bekanntesten ist der Rote Strand von Akrotiri. Er ist ber\u00fchmt f\u00fcr sein einzigartiges vulkanisches Erscheinungsbild mit roten Felsen, r\u00f6tlichem Sand und dem markanten H\u00fcgel im Hintergrund.In der N\u00e4he von Akrotiri gelegen, besteht der Strand aus kleinen roten Steinen&hellip;","og_url":"https:\/\/carhub.gr\/de\/vulkanische-straende-von-santorini\/","og_site_name":"Carhub","article_publisher":"https:\/\/www.facebook.com\/carhub.gr\/","article_modified_time":"2026-01-14T20:33:15+00:00","og_image":[{"width":300,"height":296,"url":"https:\/\/carhub.gr\/wp-content\/uploads\/2026\/01\/31318159_10156669179530649_6716188983803510784_n-300x296-1.jpg","type":"image\/jpeg"}],"twitter_card":"summary_large_image","twitter_misc":{"Gesch\u00e4tzte Lesezeit":"2\u00a0Minuten"},"schema":{"@context":"https:\/\/schema.org","@graph":[{"@type":"WebPage","@id":"https:\/\/carhub.gr\/de\/vulkanische-straende-von-santorini\/","url":"https:\/\/carhub.gr\/de\/vulkanische-straende-von-santorini\/","name":"Vulkanische Str\u00e4nde von Santorini - Carhub","isPartOf":{"@id":"https:\/\/carhub.gr\/de\/#website"},"primaryImageOfPage":{"@id":"https:\/\/carhub.gr\/de\/vulkanische-straende-von-santorini\/#primaryimage"},"image":{"@id":"https:\/\/carhub.gr\/de\/vulkanische-straende-von-santorini\/#primaryimage"},"thumbnailUrl":"https:\/\/carhub.gr\/wp-content\/uploads\/2026\/01\/31318159_10156669179530649_6716188983803510784_n-300x296-1.jpg","datePublished":"2026-01-14T20:25:40+00:00","dateModified":"2026-01-14T20:33:15+00:00","breadcrumb":{"@id":"https:\/\/carhub.gr\/de\/vulkanische-straende-von-santorini\/#breadcrumb"},"inLanguage":"de","potentialAction":[{"@type":"ReadAction","target":["https:\/\/carhub.gr\/de\/vulkanische-straende-von-santorini\/"]}]},{"@type":"ImageObject","inLanguage":"de","@id":"https:\/\/carhub.gr\/de\/vulkanische-straende-von-santorini\/#primaryimage","url":"https:\/\/carhub.gr\/wp-content\/uploads\/2026\/01\/31318159_10156669179530649_6716188983803510784_n-300x296-1.jpg","contentUrl":"https:\/\/carhub.gr\/wp-content\/uploads\/2026\/01\/31318159_10156669179530649_6716188983803510784_n-300x296-1.jpg"},{"@type":"BreadcrumbList","@id":"https:\/\/carhub.gr\/de\/vulkanische-straende-von-santorini\/#breadcrumb","itemListElement":[{"@type":"ListItem","position":1,"name":"Home","item":"https:\/\/carhub.gr\/de\/"},{"@type":"ListItem","position":2,"name":"Vulkanische Str\u00e4nde von Santorini"}]},{"@type":"WebSite","@id":"https:\/\/carhub.gr\/de\/#website","url":"https:\/\/carhub.gr\/de\/","name":"Carhub","description":"Rent a car Santorini - Santorini Car Hire","publisher":{"@id":"https:\/\/carhub.gr\/de\/#organization"},"alternateName":"RENT A CAR SANTORINI - SANTORINI CAR RENTAL","potentialAction":[{"@type":"SearchAction","target":{"@type":"EntryPoint","urlTemplate":"https:\/\/carhub.gr\/de\/?s={search_term_string}"},"query-input":{"@type":"PropertyValueSpecification","valueRequired":true,"valueName":"search_term_string"}}],"inLanguage":"de"},{"@type":"Organization","@id":"https:\/\/carhub.gr\/de\/#organization","name":"Carhub","url":"https:\/\/carhub.gr\/de\/","logo":{"@type":"ImageObject","inLanguage":"de","@id":"https:\/\/carhub.gr\/de\/#\/schema\/logo\/image\/","url":"https:\/\/carhub.gr\/wp-content\/uploads\/2025\/12\/logo-carhub-1.png","contentUrl":"https:\/\/carhub.gr\/wp-content\/uploads\/2025\/12\/logo-carhub-1.png","width":182,"height":53,"caption":"Carhub"},"image":{"@id":"https:\/\/carhub.gr\/de\/#\/schema\/logo\/image\/"},"sameAs":["https:\/\/www.facebook.com\/carhub.gr\/"]}]}},"_links":{"self":[{"href":"https:\/\/carhub.gr\/de\/wp-json\/wp\/v2\/pages\/3390","targetHints":{"allow":["GET"]}}],"collection":[{"href":"https:\/\/carhub.gr\/de\/wp-json\/wp\/v2\/pages"}],"about":[{"href":"https:\/\/carhub.gr\/de\/wp-json\/wp\/v2\/types\/page"}],"author":[{"embeddable":true,"href":"https:\/\/carhub.gr\/de\/wp-json\/wp\/v2\/users\/2"}],"replies":[{"embeddable":true,"href":"https:\/\/carhub.gr\/de\/wp-json\/wp\/v2\/comments?post=3390"}],"version-history":[{"count":2,"href":"https:\/\/carhub.gr\/de\/wp-json\/wp\/v2\/pages\/3390\/revisions"}],"predecessor-version":[{"id":3403,"href":"https:\/\/carhub.gr\/de\/wp-json\/wp\/v2\/pages\/3390\/revisions\/3403"}],"wp:attachment":[{"href":"https:\/\/carhub.gr\/de\/wp-json\/wp\/v2\/media?parent=3390"}],"curies":[{"name":"wp","href":"https:\/\/api.w.org\/{rel}","templated":true}]}}