{"id":3369,"date":"2026-01-14T22:04:27","date_gmt":"2026-01-14T20:04:27","guid":{"rendered":"https:\/\/carhub.gr\/santorini-akrotiri-excavations\/"},"modified":"2026-01-14T22:14:39","modified_gmt":"2026-01-14T20:14:39","slug":"ausgrabungen-von-akrotiri-auf-santorini","status":"publish","type":"page","link":"https:\/\/carhub.gr\/de\/ausgrabungen-von-akrotiri-auf-santorini\/","title":{"rendered":"Ausgrabungen von Akrotiri auf Santorini"},"content":{"rendered":"<div class=\"wpb-content-wrapper\">[vc_row][vc_column][vc_column_text css=&#8220;&#8220;]\n<h1 class=\"western\" style=\"text-align: center;\"><span style=\"color: #000000;\"><span style=\"font-family: 'Source Sans Pro', Arial, sans-serif;\"><span style=\"font-size: xx-large;\">Ausgrabungen von Akrotiri auf Santorini<\/span><\/span><\/span><\/h1>\n<figure id=\"attachment_3365\" aria-describedby=\"caption-attachment-3365\" style=\"width: 244px\" class=\"wp-caption aligncenter\"><img loading=\"lazy\" decoding=\"async\" class=\"wp-image-3365 size-full\" src=\"https:\/\/carhub.gr\/wp-content\/uploads\/2026\/01\/31357663_10156675050120649_51096396991823872_n-244x300-1.jpg\" alt=\"Ausgrabungen von Akrotiri auf Santorini\" width=\"244\" height=\"300\" \/><figcaption id=\"caption-attachment-3365\" class=\"wp-caption-text\">(Ein Bild der Ausgrabungen von Akrotiri auf Santorini)<\/figcaption><\/figure>\n<p style=\"text-align: left;\"><span style=\"color: #000000;\"><span style=\"font-family: Arial, sans-serif;\"><span style=\"font-size: small;\">Die bekannteste <a href=\"https:\/\/www.youtube.com\/watch?v=PVSeiKEG2Wk&amp;t=1262s\" target=\"_blank\" rel=\"noopener noreferrer\">arch\u00e4ologische<\/a> St\u00e4tte auf Santorini \u2013 und eine der bedeutendsten der \u00c4g\u00e4is \u2013 ist Akrotiri sowie die Funde aus den Ausgrabungen, die im Jahr 1967 begannen.<\/span><\/span><\/span><\/p>\n<p style=\"text-align: left;\">Die Ausgrabungen von Akrotiri (Landzunge) befinden sich im s\u00fcdwestlichen Teil der Insel, etwa 15 km von Fira entfernt. Es handelt sich um ein echtes Kap mit steilen Klippen, die sich rund f\u00fcnf Kilometer westlich des s\u00fcdlichsten Punktes von Santorini erstrecken.<\/p>\n<p style=\"text-align: left;\">Nach mehreren Jahren wurde die arch\u00e4ologische St\u00e4tte schlie\u00dflich im April 2012 wieder f\u00fcr Besucher ge\u00f6ffnet, nachdem das neue Dach fertiggestellt worden war.<\/p>\n<h2 style=\"text-align: center;\">Die gro\u00dfe Ausgrabung<\/h2>\n<p style=\"text-align: left;\">Die ersten Spuren menschlicher Besiedlung in Akrotiri reichen bis in das sp\u00e4te Neolithikum zur\u00fcck. In der fr\u00fchen Bronzezeit entstand dort eine Siedlung, die sich in der mittleren und sp\u00e4ten Bronzezeit weiter ausdehnte und zu einem der wichtigsten urbanen Zentren der \u00c4g\u00e4is wurde.<\/p>\n<p style=\"text-align: left;\">Mit einer Fl\u00e4che von etwa 50 Hektar verf\u00fcgte die Siedlung \u00fcber eine sehr gut geplante Infrastruktur sowie ein ausgekl\u00fcgeltes Abwassersystem. Importierte Produkte, die in den Geb\u00e4uden gefunden wurden, belegen den hohen Entwicklungsstand von Akrotiri. Die Stadt pflegte enge Beziehungen zur minoischen Kreta und betrieb Handel mit dem griechischen Festland, dem Dodekanes, Zypern, Syrien und \u00c4gypten.<\/p>\n<p style=\"text-align: left;\">Das Wachstum der Stadt endete abrupt gegen Ende des 17. Jahrhunderts v. Chr., als die Bewohner aufgrund starker seismischer Vorbeben die Siedlung verlie\u00dfen. Kurz darauf brach der Vulkan aus, und vulkanisches Material bedeckte die Stadt sowie den Rest der Insel und konservierte die Geb\u00e4ude und ihren Inhalt bis heute.<\/p>\n<p style=\"text-align: left;\">Professor Spyridon Marinatos begann 1967 mit systematischen Ausgrabungen in Akrotiri. Ziel war es, eine seiner \u00e4lteren Theorien zu belegen, wonach der Vulkanausbruch den Zusammenbruch der minoischen Zivilisation auf Kreta verursacht habe.<\/p>\n<p style=\"text-align: left;\">Nach dem Tod von Marinatos im Jahr 1974 wurden die Ausgrabungen unter der Leitung von Professor Christos Doumas fortgesetzt.<\/p>\n<p style=\"text-align: left;\">Nutzen Sie Ihren Aufenthalt auf Santorini und besuchen Sie die Ausgrabungen, um ein einzigartiges historisches Denkmal zu entdecken!<\/p>\n<p style=\"text-align: left;\"><span style=\"color: #000000;\"><span style=\"font-family: Arial, sans-serif;\"><span style=\"font-size: small;\">Dar\u00fcber hinaus k\u00f6nnen Sie die Ausgrabungen von Akrotiri auf Santorini bequem mit Ihrem <a href=\"http:\/\/carhub.gr\/\"><strong><b>Mietwagen<\/b><\/strong><\/a> erreichen und diesen auf dem Parkplatz direkt neben dem Eingang abstellen. Alternativ stehen \u00f6ffentliche Verkehrsmittel oder ein privater Transfer zur Verf\u00fcgung. Kontaktieren Sie uns gerne, wenn Sie weitere Informationen ben\u00f6tigen oder Fragen haben.<\/span><\/span><\/span><\/p>\n[\/vc_column_text][\/vc_column][\/vc_row]\n<\/div>","protected":false},"excerpt":{"rendered":"<p>[vc_row][vc_column][vc_column_text css=&#8220;&#8220;] Ausgrabungen von Akrotiri auf Santorini Die bekannteste arch\u00e4ologische St\u00e4tte auf Santorini \u2013 und eine der bedeutendsten der \u00c4g\u00e4is \u2013 ist Akrotiri sowie die Funde aus den Ausgrabungen, die im Jahr 1967 begannen. Die Ausgrabungen von Akrotiri (Landzunge) befinden sich im s\u00fcdwestlichen Teil der Insel, etwa 15 km von Fira entfernt. Es handelt sich&hellip;<\/p>\n","protected":false},"author":2,"featured_media":0,"parent":0,"menu_order":0,"comment_status":"closed","ping_status":"closed","template":"templates\/no-sidebar.php","meta":{"footnotes":""},"class_list":["post-3369","page","type-page","status-publish","hentry","entry","no-media"],"yoast_head":"<!-- This site is optimized with the Yoast SEO plugin v27.2 - https:\/\/yoast.com\/product\/yoast-seo-wordpress\/ -->\n<title>Ausgrabungen von Akrotiri auf Santorini - Carhub<\/title>\n<meta name=\"robots\" content=\"index, follow, max-snippet:-1, max-image-preview:large, max-video-preview:-1\" \/>\n<link rel=\"canonical\" href=\"https:\/\/carhub.gr\/de\/ausgrabungen-von-akrotiri-auf-santorini\/\" \/>\n<meta property=\"og:locale\" content=\"de_DE\" \/>\n<meta property=\"og:type\" content=\"article\" \/>\n<meta property=\"og:title\" content=\"Ausgrabungen von Akrotiri auf Santorini - Carhub\" \/>\n<meta property=\"og:description\" content=\"[vc_row][vc_column][vc_column_text css=&#8220;&#8220;] Ausgrabungen von Akrotiri auf Santorini Die bekannteste arch\u00e4ologische St\u00e4tte auf Santorini \u2013 und eine der bedeutendsten der \u00c4g\u00e4is \u2013 ist Akrotiri sowie die Funde aus den Ausgrabungen, die im Jahr 1967 begannen. Die Ausgrabungen von Akrotiri (Landzunge) befinden sich im s\u00fcdwestlichen Teil der Insel, etwa 15 km von Fira entfernt. Es handelt sich&hellip;\" \/>\n<meta property=\"og:url\" content=\"https:\/\/carhub.gr\/de\/ausgrabungen-von-akrotiri-auf-santorini\/\" \/>\n<meta property=\"og:site_name\" content=\"Carhub\" \/>\n<meta property=\"article:publisher\" content=\"https:\/\/www.facebook.com\/carhub.gr\/\" \/>\n<meta property=\"article:modified_time\" content=\"2026-01-14T20:14:39+00:00\" \/>\n<meta property=\"og:image\" content=\"https:\/\/carhub.gr\/wp-content\/uploads\/2026\/01\/31357663_10156675050120649_51096396991823872_n-244x300-1.jpg\" \/>\n\t<meta property=\"og:image:width\" content=\"244\" \/>\n\t<meta property=\"og:image:height\" content=\"300\" \/>\n\t<meta property=\"og:image:type\" content=\"image\/jpeg\" \/>\n<meta name=\"twitter:card\" content=\"summary_large_image\" \/>\n<meta name=\"twitter:label1\" content=\"Gesch\u00e4tzte Lesezeit\" \/>\n\t<meta name=\"twitter:data1\" content=\"2\u00a0Minuten\" \/>\n<script type=\"application\/ld+json\" class=\"yoast-schema-graph\">{\"@context\":\"https:\/\/schema.org\",\"@graph\":[{\"@type\":\"WebPage\",\"@id\":\"https:\/\/carhub.gr\/de\/ausgrabungen-von-akrotiri-auf-santorini\/\",\"url\":\"https:\/\/carhub.gr\/de\/ausgrabungen-von-akrotiri-auf-santorini\/\",\"name\":\"Ausgrabungen von Akrotiri auf Santorini - Carhub\",\"isPartOf\":{\"@id\":\"https:\/\/carhub.gr\/de\/#website\"},\"primaryImageOfPage\":{\"@id\":\"https:\/\/carhub.gr\/de\/ausgrabungen-von-akrotiri-auf-santorini\/#primaryimage\"},\"image\":{\"@id\":\"https:\/\/carhub.gr\/de\/ausgrabungen-von-akrotiri-auf-santorini\/#primaryimage\"},\"thumbnailUrl\":\"https:\/\/carhub.gr\/wp-content\/uploads\/2026\/01\/31357663_10156675050120649_51096396991823872_n-244x300-1.jpg\",\"datePublished\":\"2026-01-14T20:04:27+00:00\",\"dateModified\":\"2026-01-14T20:14:39+00:00\",\"breadcrumb\":{\"@id\":\"https:\/\/carhub.gr\/de\/ausgrabungen-von-akrotiri-auf-santorini\/#breadcrumb\"},\"inLanguage\":\"de\",\"potentialAction\":[{\"@type\":\"ReadAction\",\"target\":[\"https:\/\/carhub.gr\/de\/ausgrabungen-von-akrotiri-auf-santorini\/\"]}]},{\"@type\":\"ImageObject\",\"inLanguage\":\"de\",\"@id\":\"https:\/\/carhub.gr\/de\/ausgrabungen-von-akrotiri-auf-santorini\/#primaryimage\",\"url\":\"https:\/\/carhub.gr\/wp-content\/uploads\/2026\/01\/31357663_10156675050120649_51096396991823872_n-244x300-1.jpg\",\"contentUrl\":\"https:\/\/carhub.gr\/wp-content\/uploads\/2026\/01\/31357663_10156675050120649_51096396991823872_n-244x300-1.jpg\"},{\"@type\":\"BreadcrumbList\",\"@id\":\"https:\/\/carhub.gr\/de\/ausgrabungen-von-akrotiri-auf-santorini\/#breadcrumb\",\"itemListElement\":[{\"@type\":\"ListItem\",\"position\":1,\"name\":\"Home\",\"item\":\"https:\/\/carhub.gr\/de\/\"},{\"@type\":\"ListItem\",\"position\":2,\"name\":\"Ausgrabungen von Akrotiri auf Santorini\"}]},{\"@type\":\"WebSite\",\"@id\":\"https:\/\/carhub.gr\/de\/#website\",\"url\":\"https:\/\/carhub.gr\/de\/\",\"name\":\"Carhub\",\"description\":\"Rent a car Santorini - Santorini Car Hire\",\"publisher\":{\"@id\":\"https:\/\/carhub.gr\/de\/#organization\"},\"alternateName\":\"RENT A CAR SANTORINI - SANTORINI CAR RENTAL\",\"potentialAction\":[{\"@type\":\"SearchAction\",\"target\":{\"@type\":\"EntryPoint\",\"urlTemplate\":\"https:\/\/carhub.gr\/de\/?s={search_term_string}\"},\"query-input\":{\"@type\":\"PropertyValueSpecification\",\"valueRequired\":true,\"valueName\":\"search_term_string\"}}],\"inLanguage\":\"de\"},{\"@type\":\"Organization\",\"@id\":\"https:\/\/carhub.gr\/de\/#organization\",\"name\":\"Carhub\",\"url\":\"https:\/\/carhub.gr\/de\/\",\"logo\":{\"@type\":\"ImageObject\",\"inLanguage\":\"de\",\"@id\":\"https:\/\/carhub.gr\/de\/#\/schema\/logo\/image\/\",\"url\":\"https:\/\/carhub.gr\/wp-content\/uploads\/2025\/12\/logo-carhub-1.png\",\"contentUrl\":\"https:\/\/carhub.gr\/wp-content\/uploads\/2025\/12\/logo-carhub-1.png\",\"width\":182,\"height\":53,\"caption\":\"Carhub\"},\"image\":{\"@id\":\"https:\/\/carhub.gr\/de\/#\/schema\/logo\/image\/\"},\"sameAs\":[\"https:\/\/www.facebook.com\/carhub.gr\/\"]}]}<\/script>\n<!-- \/ Yoast SEO plugin. -->","yoast_head_json":{"title":"Ausgrabungen von Akrotiri auf Santorini - Carhub","robots":{"index":"index","follow":"follow","max-snippet":"max-snippet:-1","max-image-preview":"max-image-preview:large","max-video-preview":"max-video-preview:-1"},"canonical":"https:\/\/carhub.gr\/de\/ausgrabungen-von-akrotiri-auf-santorini\/","og_locale":"de_DE","og_type":"article","og_title":"Ausgrabungen von Akrotiri auf Santorini - Carhub","og_description":"[vc_row][vc_column][vc_column_text css=&#8220;&#8220;] Ausgrabungen von Akrotiri auf Santorini Die bekannteste arch\u00e4ologische St\u00e4tte auf Santorini \u2013 und eine der bedeutendsten der \u00c4g\u00e4is \u2013 ist Akrotiri sowie die Funde aus den Ausgrabungen, die im Jahr 1967 begannen. Die Ausgrabungen von Akrotiri (Landzunge) befinden sich im s\u00fcdwestlichen Teil der Insel, etwa 15 km von Fira entfernt. Es handelt sich&hellip;","og_url":"https:\/\/carhub.gr\/de\/ausgrabungen-von-akrotiri-auf-santorini\/","og_site_name":"Carhub","article_publisher":"https:\/\/www.facebook.com\/carhub.gr\/","article_modified_time":"2026-01-14T20:14:39+00:00","og_image":[{"width":244,"height":300,"url":"https:\/\/carhub.gr\/wp-content\/uploads\/2026\/01\/31357663_10156675050120649_51096396991823872_n-244x300-1.jpg","type":"image\/jpeg"}],"twitter_card":"summary_large_image","twitter_misc":{"Gesch\u00e4tzte Lesezeit":"2\u00a0Minuten"},"schema":{"@context":"https:\/\/schema.org","@graph":[{"@type":"WebPage","@id":"https:\/\/carhub.gr\/de\/ausgrabungen-von-akrotiri-auf-santorini\/","url":"https:\/\/carhub.gr\/de\/ausgrabungen-von-akrotiri-auf-santorini\/","name":"Ausgrabungen von Akrotiri auf Santorini - Carhub","isPartOf":{"@id":"https:\/\/carhub.gr\/de\/#website"},"primaryImageOfPage":{"@id":"https:\/\/carhub.gr\/de\/ausgrabungen-von-akrotiri-auf-santorini\/#primaryimage"},"image":{"@id":"https:\/\/carhub.gr\/de\/ausgrabungen-von-akrotiri-auf-santorini\/#primaryimage"},"thumbnailUrl":"https:\/\/carhub.gr\/wp-content\/uploads\/2026\/01\/31357663_10156675050120649_51096396991823872_n-244x300-1.jpg","datePublished":"2026-01-14T20:04:27+00:00","dateModified":"2026-01-14T20:14:39+00:00","breadcrumb":{"@id":"https:\/\/carhub.gr\/de\/ausgrabungen-von-akrotiri-auf-santorini\/#breadcrumb"},"inLanguage":"de","potentialAction":[{"@type":"ReadAction","target":["https:\/\/carhub.gr\/de\/ausgrabungen-von-akrotiri-auf-santorini\/"]}]},{"@type":"ImageObject","inLanguage":"de","@id":"https:\/\/carhub.gr\/de\/ausgrabungen-von-akrotiri-auf-santorini\/#primaryimage","url":"https:\/\/carhub.gr\/wp-content\/uploads\/2026\/01\/31357663_10156675050120649_51096396991823872_n-244x300-1.jpg","contentUrl":"https:\/\/carhub.gr\/wp-content\/uploads\/2026\/01\/31357663_10156675050120649_51096396991823872_n-244x300-1.jpg"},{"@type":"BreadcrumbList","@id":"https:\/\/carhub.gr\/de\/ausgrabungen-von-akrotiri-auf-santorini\/#breadcrumb","itemListElement":[{"@type":"ListItem","position":1,"name":"Home","item":"https:\/\/carhub.gr\/de\/"},{"@type":"ListItem","position":2,"name":"Ausgrabungen von Akrotiri auf Santorini"}]},{"@type":"WebSite","@id":"https:\/\/carhub.gr\/de\/#website","url":"https:\/\/carhub.gr\/de\/","name":"Carhub","description":"Rent a car Santorini - Santorini Car Hire","publisher":{"@id":"https:\/\/carhub.gr\/de\/#organization"},"alternateName":"RENT A CAR SANTORINI - SANTORINI CAR RENTAL","potentialAction":[{"@type":"SearchAction","target":{"@type":"EntryPoint","urlTemplate":"https:\/\/carhub.gr\/de\/?s={search_term_string}"},"query-input":{"@type":"PropertyValueSpecification","valueRequired":true,"valueName":"search_term_string"}}],"inLanguage":"de"},{"@type":"Organization","@id":"https:\/\/carhub.gr\/de\/#organization","name":"Carhub","url":"https:\/\/carhub.gr\/de\/","logo":{"@type":"ImageObject","inLanguage":"de","@id":"https:\/\/carhub.gr\/de\/#\/schema\/logo\/image\/","url":"https:\/\/carhub.gr\/wp-content\/uploads\/2025\/12\/logo-carhub-1.png","contentUrl":"https:\/\/carhub.gr\/wp-content\/uploads\/2025\/12\/logo-carhub-1.png","width":182,"height":53,"caption":"Carhub"},"image":{"@id":"https:\/\/carhub.gr\/de\/#\/schema\/logo\/image\/"},"sameAs":["https:\/\/www.facebook.com\/carhub.gr\/"]}]}},"_links":{"self":[{"href":"https:\/\/carhub.gr\/de\/wp-json\/wp\/v2\/pages\/3369","targetHints":{"allow":["GET"]}}],"collection":[{"href":"https:\/\/carhub.gr\/de\/wp-json\/wp\/v2\/pages"}],"about":[{"href":"https:\/\/carhub.gr\/de\/wp-json\/wp\/v2\/types\/page"}],"author":[{"embeddable":true,"href":"https:\/\/carhub.gr\/de\/wp-json\/wp\/v2\/users\/2"}],"replies":[{"embeddable":true,"href":"https:\/\/carhub.gr\/de\/wp-json\/wp\/v2\/comments?post=3369"}],"version-history":[{"count":1,"href":"https:\/\/carhub.gr\/de\/wp-json\/wp\/v2\/pages\/3369\/revisions"}],"predecessor-version":[{"id":3380,"href":"https:\/\/carhub.gr\/de\/wp-json\/wp\/v2\/pages\/3369\/revisions\/3380"}],"wp:attachment":[{"href":"https:\/\/carhub.gr\/de\/wp-json\/wp\/v2\/media?parent=3369"}],"curies":[{"name":"wp","href":"https:\/\/api.w.org\/{rel}","templated":true}]}}