{"id":3347,"date":"2026-01-14T21:37:38","date_gmt":"2026-01-14T19:37:38","guid":{"rendered":"https:\/\/carhub.gr\/santorini-museums\/"},"modified":"2026-01-14T21:52:55","modified_gmt":"2026-01-14T19:52:55","slug":"museen-von-santorini","status":"publish","type":"page","link":"https:\/\/carhub.gr\/de\/museen-von-santorini\/","title":{"rendered":"Museen von Santorini"},"content":{"rendered":"<div class=\"wpb-content-wrapper\">[vc_row][vc_column][vc_column_text css=&#8220;&#8220;]\n<h1 style=\"text-align: center;\">Museen von Santorini<\/h1>\n<figure id=\"attachment_3343\" aria-describedby=\"caption-attachment-3343\" style=\"width: 300px\" class=\"wp-caption aligncenter\"><img loading=\"lazy\" decoding=\"async\" class=\"wp-image-3343 size-full\" src=\"https:\/\/carhub.gr\/wp-content\/uploads\/2026\/01\/31252946_10156666116325649_3833345916127936512_n-300x298-1.jpg\" alt=\"Museum von Santorini\" width=\"300\" height=\"298\" srcset=\"https:\/\/carhub.gr\/wp-content\/uploads\/2026\/01\/31252946_10156666116325649_3833345916127936512_n-300x298-1.jpg 300w, https:\/\/carhub.gr\/wp-content\/uploads\/2026\/01\/31252946_10156666116325649_3833345916127936512_n-300x298-1-150x150.jpg 150w\" sizes=\"auto, (max-width: 300px) 100vw, 300px\" \/><figcaption id=\"caption-attachment-3343\" class=\"wp-caption-text\">Museum von Santorini<\/figcaption><\/figure>\n<h2 style=\"text-align: center;\"><strong><span style=\"color: #444444;\">Arch\u00e4ologisches Museum von Santorini, Kykladen<\/span><\/strong><\/h2>\n<p style=\"text-align: left;\"><span style=\"color: #444444;\">Ebenfalls im Zentrum von Fira befindet sich das <a href=\"https:\/\/en.wikipedia.org\/wiki\/Archaeological_Museum_of_Thera\" target=\"_blank\" rel=\"noopener noreferrer\">arch\u00e4ologische Museum<\/a>, das zahlreiche Exponate pr\u00e4sentiert, welche die lange Geschichte der Insel widerspiegeln. Die Museumshallen beherbergen einzigartige Sammlungen von Skulpturen sowie Inschriften aus der archaischen bis zur r\u00f6mischen Zeit. Zu den Highlights z\u00e4hlen Keramikgef\u00e4\u00dfe und Vasen aus der geometrischen und hellenistischen Epoche aus Akrotiri sowie Marmorstatuetten.<\/span><\/p>\n<h2 style=\"text-align: center;\"><strong><span style=\"color: #444444;\">Museum des antiken Thera, Santorini<\/span><\/strong><\/h2>\n<p style=\"text-align: left;\"><span style=\"color: #444444;\">Auch dieses <a href=\"https:\/\/www.tripadvisor.com\/ShowUserReviews-g482942-d243151-r503647522-Museum_of_Prehistoric_Thera-Fira_Santorini_Cyclades_South_Aegean.html\" target=\"_blank\" rel=\"noopener noreferrer\">Museum<\/a> ist bereits von au\u00dfen sehr beeindruckend. Es beherbergt eine reiche Sammlung von Funden aus den Ausgrabungen in Akrotiri und anderen Inseln der Kykladen. Der gesamte Bereich ist klimatisiert und bietet den Besuchern einen angenehmen Rundgang durch die Ausstellungshallen, die in vier Abschnitte unterteilt sind. Der erste Abschnitt bezieht sich auf die Geschichte von Fira, der zweite auf die Geologie von Fira, der dritte zeigt Funde aus der neolithischen und postkykladischen Zeit, und der letzte Abschnitt umfasst eine sch\u00f6ne Sammlung aus der Bl\u00fctezeit der Stadt Akrotiri.<\/span><\/p>\n<h2 style=\"text-align: center;\"><strong><span style=\"color: #444444;\">Nautisches Museum von Santorini<\/span><\/strong><\/h2>\n<p style=\"text-align: left;\"><span style=\"color: #444444;\">Das <a href=\"https:\/\/www.santonet.gr\/museums\/naval_museum.htm\" target=\"_blank\" rel=\"noopener noreferrer\">nautische Museum<\/a> befindet sich im Ort Oia und ist seit 1990 in einem wundersch\u00f6nen Herrenhaus untergebracht. Das 1956 gegr\u00fcndete Museum pr\u00e4sentiert die maritime Geschichte und Tradition der Insel, vor allem im 19. und 20. Jahrhundert.<\/span><\/p>\n<h2 style=\"text-align: center;\"><strong><span style=\"color: #444444;\">Volkskundemuseum von Santorini<\/span><\/strong><\/h2>\n<p style=\"text-align: left;\"><span style=\"color: #444444;\">Das <a href=\"http:\/\/www.travel-to-santorini.com\/place.php?place_id=47\" target=\"_blank\" rel=\"noopener noreferrer\">Volkskundemuseum<\/a> von Santorini befindet sich in einem alten H\u00f6hlenhaus aus dem Jahr 1861. Dieses einzigartige Museum zeigt eine traditionelle Weinkellerei sowie wertvolle Artefakte, die von einheimischen Zimmerleuten und Blechschmieden gefertigt wurden. Zudem verf\u00fcgt das Museum \u00fcber eine gut ausgestattete Bibliothek mit zahlreichen B\u00fcchern und Manuskripten aus der \u00c4g\u00e4is. Dieses beeindruckende Museum ist das Lebenswerk von Manolis Lignos und stellt in vielerlei Hinsicht eine perfekte Nachbildung eines typischen Santorini-Dorfes dar.<\/span><\/p>\n<h2 style=\"text-align: center;\"><strong><span style=\"color: #444444;\">Argyros-Herrenhaus auf Santorini<\/span><\/strong><\/h2>\n<p style=\"text-align: left;\"><span style=\"color: #444444;\">Das <a href=\"http:\/\/argyrosmansion.com\/en\/\" target=\"_blank\" rel=\"noopener noreferrer\">Argyros-Herrenhaus<\/a> (Archontiko Argyrou) ist ein wundersch\u00f6nes traditionelles Anwesen im Dorf Messaria, im Zentrum der Insel Santorini. Das Argyros-Herrenhaus ist bekannt f\u00fcr seine elegante neoklassizistische Architektur. Es wurde im Jahr 1860 erbaut und bietet den Besuchern einen Einblick in das Leben auf Santorini in den vergangenen zwei Jahrhunderten.<\/span><\/p>\n<h2 style=\"text-align: center;\"><strong><span style=\"color: #444444;\">Megaro Gyzi von Santorini<\/span><\/strong><\/h2>\n<p style=\"text-align: left;\"><span style=\"color: #444444;\">Das <a href=\"https:\/\/www.santorini.com\/museums\/megarogizi_museum.htm\" target=\"_blank\" rel=\"noopener noreferrer\">Museum<\/a> Megaro Gyzi liegt ideal in Thira, auf der R\u00fcckseite der eleganten katholischen Kathedrale. Es zeichnet sich durch exquisite Zeichnungen aus, von denen einige aus dem 16. Jahrhundert stammen. Au\u00dferdem werden originale Kost\u00fcme und historische Karten der Kykladen ausgestellt. Ein exklusiver Fotopavillon zeigt seltene Fotografien von Fira, die vor und nach dem Ausbruch von 1956 aufgenommen wurden und faszinierende Einblicke in die Hauptstadt von Santorini bieten.<\/span><\/p>\n<h2 style=\"text-align: center;\"><strong><span style=\"color: #444444;\">Museum f\u00fcr Musikinstrumente von Santorini<\/span><\/strong><\/h2>\n<p style=\"text-align: left;\"><span style=\"color: #444444;\">Das Museum f\u00fcr antike, byzantinische und postbyzantinische Musikinstrumente ist im alten Gemeindegeb\u00e4ude von Oia untergebracht, einem zentralen und charakteristischen Ort des Dorfes. Das Museum beherbergt die pers\u00f6nliche Sammlung von Herrn Halaris, einem renommierten Musiker. Es wurde im Oktober 2011 neu er\u00f6ffnet und ist das Ergebnis vieler Jahre harter Arbeit.<\/span><\/p>\n<p><span style=\"color: #000000;\">Abschlie\u00dfend k\u00f6nnen Sie mit Ihrem <a href=\"http:\/\/carhub.gr\/\">Mietwagen<\/a> anreisen und bequem ganz in der N\u00e4he parken.<\/span>[\/vc_column_text][\/vc_column][\/vc_row]\n<\/div>","protected":false},"excerpt":{"rendered":"<p>[vc_row][vc_column][vc_column_text css=&#8220;&#8220;] Museen von Santorini Arch\u00e4ologisches Museum von Santorini, Kykladen Ebenfalls im Zentrum von Fira befindet sich das arch\u00e4ologische Museum, das zahlreiche Exponate pr\u00e4sentiert, welche die lange Geschichte der Insel widerspiegeln. Die Museumshallen beherbergen einzigartige Sammlungen von Skulpturen sowie Inschriften aus der archaischen bis zur r\u00f6mischen Zeit. Zu den Highlights z\u00e4hlen Keramikgef\u00e4\u00dfe und Vasen aus&hellip;<\/p>\n","protected":false},"author":2,"featured_media":0,"parent":0,"menu_order":0,"comment_status":"closed","ping_status":"closed","template":"templates\/no-sidebar.php","meta":{"footnotes":""},"class_list":["post-3347","page","type-page","status-publish","hentry","entry","no-media"],"yoast_head":"<!-- This site is optimized with the Yoast SEO plugin v27.2 - https:\/\/yoast.com\/product\/yoast-seo-wordpress\/ -->\n<title>Museen von Santorini - Carhub<\/title>\n<meta name=\"robots\" content=\"index, follow, max-snippet:-1, max-image-preview:large, max-video-preview:-1\" \/>\n<link rel=\"canonical\" href=\"https:\/\/carhub.gr\/de\/museen-von-santorini\/\" \/>\n<meta property=\"og:locale\" content=\"de_DE\" \/>\n<meta property=\"og:type\" content=\"article\" \/>\n<meta property=\"og:title\" content=\"Museen von Santorini - Carhub\" \/>\n<meta property=\"og:description\" content=\"[vc_row][vc_column][vc_column_text css=&#8220;&#8220;] Museen von Santorini Arch\u00e4ologisches Museum von Santorini, Kykladen Ebenfalls im Zentrum von Fira befindet sich das arch\u00e4ologische Museum, das zahlreiche Exponate pr\u00e4sentiert, welche die lange Geschichte der Insel widerspiegeln. Die Museumshallen beherbergen einzigartige Sammlungen von Skulpturen sowie Inschriften aus der archaischen bis zur r\u00f6mischen Zeit. Zu den Highlights z\u00e4hlen Keramikgef\u00e4\u00dfe und Vasen aus&hellip;\" \/>\n<meta property=\"og:url\" content=\"https:\/\/carhub.gr\/de\/museen-von-santorini\/\" \/>\n<meta property=\"og:site_name\" content=\"Carhub\" \/>\n<meta property=\"article:publisher\" content=\"https:\/\/www.facebook.com\/carhub.gr\/\" \/>\n<meta property=\"article:modified_time\" content=\"2026-01-14T19:52:55+00:00\" \/>\n<meta property=\"og:image\" content=\"https:\/\/carhub.gr\/wp-content\/uploads\/2026\/01\/31252946_10156666116325649_3833345916127936512_n-300x298-1.jpg\" \/>\n\t<meta property=\"og:image:width\" content=\"300\" \/>\n\t<meta property=\"og:image:height\" content=\"298\" \/>\n\t<meta property=\"og:image:type\" content=\"image\/jpeg\" \/>\n<meta name=\"twitter:card\" content=\"summary_large_image\" \/>\n<meta name=\"twitter:label1\" content=\"Gesch\u00e4tzte Lesezeit\" \/>\n\t<meta name=\"twitter:data1\" content=\"3\u00a0Minuten\" \/>\n<script type=\"application\/ld+json\" class=\"yoast-schema-graph\">{\"@context\":\"https:\/\/schema.org\",\"@graph\":[{\"@type\":\"WebPage\",\"@id\":\"https:\/\/carhub.gr\/de\/museen-von-santorini\/\",\"url\":\"https:\/\/carhub.gr\/de\/museen-von-santorini\/\",\"name\":\"Museen von Santorini - Carhub\",\"isPartOf\":{\"@id\":\"https:\/\/carhub.gr\/de\/#website\"},\"primaryImageOfPage\":{\"@id\":\"https:\/\/carhub.gr\/de\/museen-von-santorini\/#primaryimage\"},\"image\":{\"@id\":\"https:\/\/carhub.gr\/de\/museen-von-santorini\/#primaryimage\"},\"thumbnailUrl\":\"https:\/\/carhub.gr\/wp-content\/uploads\/2026\/01\/31252946_10156666116325649_3833345916127936512_n-300x298-1.jpg\",\"datePublished\":\"2026-01-14T19:37:38+00:00\",\"dateModified\":\"2026-01-14T19:52:55+00:00\",\"breadcrumb\":{\"@id\":\"https:\/\/carhub.gr\/de\/museen-von-santorini\/#breadcrumb\"},\"inLanguage\":\"de\",\"potentialAction\":[{\"@type\":\"ReadAction\",\"target\":[\"https:\/\/carhub.gr\/de\/museen-von-santorini\/\"]}]},{\"@type\":\"ImageObject\",\"inLanguage\":\"de\",\"@id\":\"https:\/\/carhub.gr\/de\/museen-von-santorini\/#primaryimage\",\"url\":\"https:\/\/carhub.gr\/wp-content\/uploads\/2026\/01\/31252946_10156666116325649_3833345916127936512_n-300x298-1.jpg\",\"contentUrl\":\"https:\/\/carhub.gr\/wp-content\/uploads\/2026\/01\/31252946_10156666116325649_3833345916127936512_n-300x298-1.jpg\"},{\"@type\":\"BreadcrumbList\",\"@id\":\"https:\/\/carhub.gr\/de\/museen-von-santorini\/#breadcrumb\",\"itemListElement\":[{\"@type\":\"ListItem\",\"position\":1,\"name\":\"Home\",\"item\":\"https:\/\/carhub.gr\/de\/\"},{\"@type\":\"ListItem\",\"position\":2,\"name\":\"Museen von Santorini\"}]},{\"@type\":\"WebSite\",\"@id\":\"https:\/\/carhub.gr\/de\/#website\",\"url\":\"https:\/\/carhub.gr\/de\/\",\"name\":\"Carhub\",\"description\":\"Rent a car Santorini - Santorini Car Hire\",\"publisher\":{\"@id\":\"https:\/\/carhub.gr\/de\/#organization\"},\"alternateName\":\"RENT A CAR SANTORINI - SANTORINI CAR RENTAL\",\"potentialAction\":[{\"@type\":\"SearchAction\",\"target\":{\"@type\":\"EntryPoint\",\"urlTemplate\":\"https:\/\/carhub.gr\/de\/?s={search_term_string}\"},\"query-input\":{\"@type\":\"PropertyValueSpecification\",\"valueRequired\":true,\"valueName\":\"search_term_string\"}}],\"inLanguage\":\"de\"},{\"@type\":\"Organization\",\"@id\":\"https:\/\/carhub.gr\/de\/#organization\",\"name\":\"Carhub\",\"url\":\"https:\/\/carhub.gr\/de\/\",\"logo\":{\"@type\":\"ImageObject\",\"inLanguage\":\"de\",\"@id\":\"https:\/\/carhub.gr\/de\/#\/schema\/logo\/image\/\",\"url\":\"https:\/\/carhub.gr\/wp-content\/uploads\/2025\/12\/logo-carhub-1.png\",\"contentUrl\":\"https:\/\/carhub.gr\/wp-content\/uploads\/2025\/12\/logo-carhub-1.png\",\"width\":182,\"height\":53,\"caption\":\"Carhub\"},\"image\":{\"@id\":\"https:\/\/carhub.gr\/de\/#\/schema\/logo\/image\/\"},\"sameAs\":[\"https:\/\/www.facebook.com\/carhub.gr\/\"]}]}<\/script>\n<!-- \/ Yoast SEO plugin. -->","yoast_head_json":{"title":"Museen von Santorini - Carhub","robots":{"index":"index","follow":"follow","max-snippet":"max-snippet:-1","max-image-preview":"max-image-preview:large","max-video-preview":"max-video-preview:-1"},"canonical":"https:\/\/carhub.gr\/de\/museen-von-santorini\/","og_locale":"de_DE","og_type":"article","og_title":"Museen von Santorini - Carhub","og_description":"[vc_row][vc_column][vc_column_text css=&#8220;&#8220;] Museen von Santorini Arch\u00e4ologisches Museum von Santorini, Kykladen Ebenfalls im Zentrum von Fira befindet sich das arch\u00e4ologische Museum, das zahlreiche Exponate pr\u00e4sentiert, welche die lange Geschichte der Insel widerspiegeln. Die Museumshallen beherbergen einzigartige Sammlungen von Skulpturen sowie Inschriften aus der archaischen bis zur r\u00f6mischen Zeit. Zu den Highlights z\u00e4hlen Keramikgef\u00e4\u00dfe und Vasen aus&hellip;","og_url":"https:\/\/carhub.gr\/de\/museen-von-santorini\/","og_site_name":"Carhub","article_publisher":"https:\/\/www.facebook.com\/carhub.gr\/","article_modified_time":"2026-01-14T19:52:55+00:00","og_image":[{"width":300,"height":298,"url":"https:\/\/carhub.gr\/wp-content\/uploads\/2026\/01\/31252946_10156666116325649_3833345916127936512_n-300x298-1.jpg","type":"image\/jpeg"}],"twitter_card":"summary_large_image","twitter_misc":{"Gesch\u00e4tzte Lesezeit":"3\u00a0Minuten"},"schema":{"@context":"https:\/\/schema.org","@graph":[{"@type":"WebPage","@id":"https:\/\/carhub.gr\/de\/museen-von-santorini\/","url":"https:\/\/carhub.gr\/de\/museen-von-santorini\/","name":"Museen von Santorini - Carhub","isPartOf":{"@id":"https:\/\/carhub.gr\/de\/#website"},"primaryImageOfPage":{"@id":"https:\/\/carhub.gr\/de\/museen-von-santorini\/#primaryimage"},"image":{"@id":"https:\/\/carhub.gr\/de\/museen-von-santorini\/#primaryimage"},"thumbnailUrl":"https:\/\/carhub.gr\/wp-content\/uploads\/2026\/01\/31252946_10156666116325649_3833345916127936512_n-300x298-1.jpg","datePublished":"2026-01-14T19:37:38+00:00","dateModified":"2026-01-14T19:52:55+00:00","breadcrumb":{"@id":"https:\/\/carhub.gr\/de\/museen-von-santorini\/#breadcrumb"},"inLanguage":"de","potentialAction":[{"@type":"ReadAction","target":["https:\/\/carhub.gr\/de\/museen-von-santorini\/"]}]},{"@type":"ImageObject","inLanguage":"de","@id":"https:\/\/carhub.gr\/de\/museen-von-santorini\/#primaryimage","url":"https:\/\/carhub.gr\/wp-content\/uploads\/2026\/01\/31252946_10156666116325649_3833345916127936512_n-300x298-1.jpg","contentUrl":"https:\/\/carhub.gr\/wp-content\/uploads\/2026\/01\/31252946_10156666116325649_3833345916127936512_n-300x298-1.jpg"},{"@type":"BreadcrumbList","@id":"https:\/\/carhub.gr\/de\/museen-von-santorini\/#breadcrumb","itemListElement":[{"@type":"ListItem","position":1,"name":"Home","item":"https:\/\/carhub.gr\/de\/"},{"@type":"ListItem","position":2,"name":"Museen von Santorini"}]},{"@type":"WebSite","@id":"https:\/\/carhub.gr\/de\/#website","url":"https:\/\/carhub.gr\/de\/","name":"Carhub","description":"Rent a car Santorini - Santorini Car Hire","publisher":{"@id":"https:\/\/carhub.gr\/de\/#organization"},"alternateName":"RENT A CAR SANTORINI - SANTORINI CAR RENTAL","potentialAction":[{"@type":"SearchAction","target":{"@type":"EntryPoint","urlTemplate":"https:\/\/carhub.gr\/de\/?s={search_term_string}"},"query-input":{"@type":"PropertyValueSpecification","valueRequired":true,"valueName":"search_term_string"}}],"inLanguage":"de"},{"@type":"Organization","@id":"https:\/\/carhub.gr\/de\/#organization","name":"Carhub","url":"https:\/\/carhub.gr\/de\/","logo":{"@type":"ImageObject","inLanguage":"de","@id":"https:\/\/carhub.gr\/de\/#\/schema\/logo\/image\/","url":"https:\/\/carhub.gr\/wp-content\/uploads\/2025\/12\/logo-carhub-1.png","contentUrl":"https:\/\/carhub.gr\/wp-content\/uploads\/2025\/12\/logo-carhub-1.png","width":182,"height":53,"caption":"Carhub"},"image":{"@id":"https:\/\/carhub.gr\/de\/#\/schema\/logo\/image\/"},"sameAs":["https:\/\/www.facebook.com\/carhub.gr\/"]}]}},"_links":{"self":[{"href":"https:\/\/carhub.gr\/de\/wp-json\/wp\/v2\/pages\/3347","targetHints":{"allow":["GET"]}}],"collection":[{"href":"https:\/\/carhub.gr\/de\/wp-json\/wp\/v2\/pages"}],"about":[{"href":"https:\/\/carhub.gr\/de\/wp-json\/wp\/v2\/types\/page"}],"author":[{"embeddable":true,"href":"https:\/\/carhub.gr\/de\/wp-json\/wp\/v2\/users\/2"}],"replies":[{"embeddable":true,"href":"https:\/\/carhub.gr\/de\/wp-json\/wp\/v2\/comments?post=3347"}],"version-history":[{"count":2,"href":"https:\/\/carhub.gr\/de\/wp-json\/wp\/v2\/pages\/3347\/revisions"}],"predecessor-version":[{"id":3358,"href":"https:\/\/carhub.gr\/de\/wp-json\/wp\/v2\/pages\/3347\/revisions\/3358"}],"wp:attachment":[{"href":"https:\/\/carhub.gr\/de\/wp-json\/wp\/v2\/media?parent=3347"}],"curies":[{"name":"wp","href":"https:\/\/api.w.org\/{rel}","templated":true}]}}